{"id":1198,"date":"2016-04-30T15:11:37","date_gmt":"2016-04-30T13:11:37","guid":{"rendered":"http:\/\/nikkaluokta.com.loopiadns.com\/de\/?page_id=1198"},"modified":"2016-12-18T09:23:24","modified_gmt":"2016-12-18T08:23:24","slug":"kebnekaise","status":"publish","type":"page","link":"https:\/\/nikkaluokta.com\/de\/aktivitaeten\/aktivitaeten-sommer\/kebnekaise","title":{"rendered":"Kebnekaise"},"content":{"rendered":"<p><img loading=\"lazy\" decoding=\"async\" class=\"aligncenter size-full wp-image-1053\" src=\"http:\/\/nikkaluokta.com\/wp-content\/uploads\/2016\/02\/kebnekaise1.jpg\" alt=\"kebnekaise1\" width=\"1000\" height=\"562\" srcset=\"http:\/\/media.nikkaluokta.com\/2016\/02\/kebnekaise1.jpg 1000w, http:\/\/media.nikkaluokta.com\/2016\/02\/kebnekaise1-300x169.jpg 300w, http:\/\/media.nikkaluokta.com\/2016\/02\/kebnekaise1-768x432.jpg 768w\" sizes=\"auto, (max-width: 1000px) 100vw, 1000px\" \/><\/p>\n<div>\n<div>\n<p>Nikkaluokta ist der perfekte Einstiegspunkt f\u00fcr eine Wanderung zum Kebnekaise &#8211; dem h\u00f6chsten Berg Schwedens. Nur etwa 19 Kilometer trennen uns von der Kebnekaise Fj\u00e4llstation, von der aus Sie den Gipfelsturm in Angriff nehmen k\u00f6nnen.<\/p>\n<p>Von Nikkaluokta aus f\u00fchrt ein gut markierter Wanderweg direkt zur Bergstation. Etwa 6 Kilometer dieses Weges k\u00f6nnen Sie mit einem Boottransfer abk\u00fcrzen. Die Kebnekaise Fj\u00e4llstation bietet ebenfalls einen Helikopterservice.<\/p>\n<p>Der Kebnekaise mit seinen knapp \u00fcber 2.100 Metern H\u00f6he ist zwar der h\u00f6chste Berg Schwedens, jedoch auch von Menschen mit gewisser bergsteigerischer Erfahrung bezwingbar. Die sehr anstrengende, aber technisch eher einfache Wanderung auf der Westroute umfasst etwa 1.800 H\u00f6henmeter und belohnt mit grandiosen Ausblicken \u00fcber die Gipfel des Kebnekaise-Massivs bis tief nach Norwegen hinein. An der Bergstation besteht ausserdem die M\u00f6glichkeit, sich einer gef\u00fchrten Expedition \u00fcber die technisch forderndere Ostroute anzuschlie\u00dfen.<\/p>\n<p>Neben einer Besteigung des Kebnekaises laden auch kleinere Gipfel und T\u00e4ler zu Tageswanderungen ein.<\/p>\n<p>Nikkaluokta bietet Ihnen gem\u00fctliche Unterk\u00fcnfte, um vor oder nach einer Wanderung in den Bergen zu erholen und die Ruhe der Natur zu genie\u00dfen.<\/p>\n<\/div>\n<\/div>\n<p><img loading=\"lazy\" decoding=\"async\" class=\"aligncenter size-full wp-image-1093\" src=\"http:\/\/nikkaluokta.com\/wp-content\/uploads\/2016\/02\/fjaellvandra-kebnekaise10.jpg\" alt=\"fjaellvandra-kebnekaise10\" width=\"1000\" height=\"500\" srcset=\"http:\/\/media.nikkaluokta.com\/2016\/02\/fjaellvandra-kebnekaise10.jpg 1000w, http:\/\/media.nikkaluokta.com\/2016\/02\/fjaellvandra-kebnekaise10-300x150.jpg 300w, http:\/\/media.nikkaluokta.com\/2016\/02\/fjaellvandra-kebnekaise10-768x384.jpg 768w\" sizes=\"auto, (max-width: 1000px) 100vw, 1000px\" \/> <img loading=\"lazy\" decoding=\"async\" class=\"aligncenter size-full wp-image-1086\" src=\"http:\/\/nikkaluokta.com\/wp-content\/uploads\/2016\/02\/fjaellvandra-kebnekaise4.jpg\" alt=\"fjaellvandra-kebnekaise4\" width=\"1000\" height=\"667\" srcset=\"http:\/\/media.nikkaluokta.com\/2016\/02\/fjaellvandra-kebnekaise4.jpg 1000w, http:\/\/media.nikkaluokta.com\/2016\/02\/fjaellvandra-kebnekaise4-300x200.jpg 300w, http:\/\/media.nikkaluokta.com\/2016\/02\/fjaellvandra-kebnekaise4-768x512.jpg 768w\" sizes=\"auto, (max-width: 1000px) 100vw, 1000px\" \/><\/p>\n","protected":false},"excerpt":{"rendered":"<p>Nikkaluokta ist der perfekte Einstiegspunkt f\u00fcr eine Wanderung zum Kebnekaise &#8211; dem h\u00f6chsten Berg Schwedens. Nur etwa 19 Kilometer trennen uns von der Kebnekaise Fj\u00e4llstation, von der aus Sie den Gipfelsturm in Angriff nehmen k\u00f6nnen. Von Nikkaluokta aus f\u00fchrt ein gut markierter Wanderweg direkt zur Bergstation. Etwa 6 Kilometer dieses Weges k\u00f6nnen Sie mit einem<\/p>\n<a href=\"https:\/\/nikkaluokta.com\/de\/aktivitaeten\/aktivitaeten-sommer\/kebnekaise\" class=\"sohohotel-more-link\">Read More<i class=\"fa fa-angle-right\"><\/i><\/a>","protected":false},"author":1,"featured_media":0,"parent":286,"menu_order":0,"comment_status":"closed","ping_status":"closed","template":"","meta":{"footnotes":""},"class_list":["post-1198","page","type-page","status-publish","hentry"],"yoast_head":"<!-- This site is optimized with the Yoast SEO plugin v27.5 - https:\/\/yoast.com\/product\/yoast-seo-wordpress\/ -->\n<title>Kebnekaise - Nikkaluokta Sarri AB<\/title>\n<meta name=\"robots\" content=\"index, follow, max-snippet:-1, max-image-preview:large, max-video-preview:-1\" \/>\n<link rel=\"canonical\" href=\"https:\/\/nikkaluokta.com\/de\/aktivitaeten\/aktivitaeten-sommer\/kebnekaise\" \/>\n<meta property=\"og:locale\" content=\"de_DE\" \/>\n<meta property=\"og:type\" content=\"article\" \/>\n<meta property=\"og:title\" content=\"Kebnekaise - Nikkaluokta Sarri AB\" \/>\n<meta property=\"og:description\" content=\"Nikkaluokta ist der perfekte Einstiegspunkt f\u00fcr eine Wanderung zum Kebnekaise &#8211; dem h\u00f6chsten Berg Schwedens. Nur etwa 19 Kilometer trennen uns von der Kebnekaise Fj\u00e4llstation, von der aus Sie den Gipfelsturm in Angriff nehmen k\u00f6nnen. Von Nikkaluokta aus f\u00fchrt ein gut markierter Wanderweg direkt zur Bergstation. Etwa 6 Kilometer dieses Weges k\u00f6nnen Sie mit einem\" \/>\n<meta property=\"og:url\" content=\"https:\/\/nikkaluokta.com\/de\/aktivitaeten\/aktivitaeten-sommer\/kebnekaise\" \/>\n<meta property=\"og:site_name\" content=\"Nikkaluokta Sarri AB\" \/>\n<meta property=\"article:publisher\" content=\"https:\/\/www.facebook.com\/Nikkaluoktasarri\/\" \/>\n<meta property=\"article:modified_time\" content=\"2016-12-18T08:23:24+00:00\" \/>\n<meta property=\"og:image\" content=\"http:\/\/nikkaluokta.com\/wp-content\/uploads\/2016\/02\/kebnekaise1.jpg\" \/>\n<meta name=\"twitter:card\" content=\"summary_large_image\" \/>\n<meta name=\"twitter:label1\" content=\"Gesch\u00e4tzte Lesezeit\" \/>\n\t<meta name=\"twitter:data1\" content=\"1\u00a0Minute\" \/>\n<script type=\"application\/ld+json\" class=\"yoast-schema-graph\">{\"@context\":\"https:\\\/\\\/schema.org\",\"@graph\":[{\"@type\":\"WebPage\",\"@id\":\"https:\\\/\\\/nikkaluokta.com\\\/de\\\/aktivitaeten\\\/aktivitaeten-sommer\\\/kebnekaise\",\"url\":\"https:\\\/\\\/nikkaluokta.com\\\/de\\\/aktivitaeten\\\/aktivitaeten-sommer\\\/kebnekaise\",\"name\":\"Kebnekaise - Nikkaluokta Sarri AB\",\"isPartOf\":{\"@id\":\"https:\\\/\\\/nikkaluokta.com\\\/de\\\/#website\"},\"primaryImageOfPage\":{\"@id\":\"https:\\\/\\\/nikkaluokta.com\\\/de\\\/aktivitaeten\\\/aktivitaeten-sommer\\\/kebnekaise#primaryimage\"},\"image\":{\"@id\":\"https:\\\/\\\/nikkaluokta.com\\\/de\\\/aktivitaeten\\\/aktivitaeten-sommer\\\/kebnekaise#primaryimage\"},\"thumbnailUrl\":\"http:\\\/\\\/nikkaluokta.com\\\/wp-content\\\/uploads\\\/2016\\\/02\\\/kebnekaise1.jpg\",\"datePublished\":\"2016-04-30T13:11:37+00:00\",\"dateModified\":\"2016-12-18T08:23:24+00:00\",\"breadcrumb\":{\"@id\":\"https:\\\/\\\/nikkaluokta.com\\\/de\\\/aktivitaeten\\\/aktivitaeten-sommer\\\/kebnekaise#breadcrumb\"},\"inLanguage\":\"de\",\"potentialAction\":[{\"@type\":\"ReadAction\",\"target\":[\"https:\\\/\\\/nikkaluokta.com\\\/de\\\/aktivitaeten\\\/aktivitaeten-sommer\\\/kebnekaise\"]}]},{\"@type\":\"ImageObject\",\"inLanguage\":\"de\",\"@id\":\"https:\\\/\\\/nikkaluokta.com\\\/de\\\/aktivitaeten\\\/aktivitaeten-sommer\\\/kebnekaise#primaryimage\",\"url\":\"http:\\\/\\\/nikkaluokta.com\\\/wp-content\\\/uploads\\\/2016\\\/02\\\/kebnekaise1.jpg\",\"contentUrl\":\"http:\\\/\\\/nikkaluokta.com\\\/wp-content\\\/uploads\\\/2016\\\/02\\\/kebnekaise1.jpg\"},{\"@type\":\"BreadcrumbList\",\"@id\":\"https:\\\/\\\/nikkaluokta.com\\\/de\\\/aktivitaeten\\\/aktivitaeten-sommer\\\/kebnekaise#breadcrumb\",\"itemListElement\":[{\"@type\":\"ListItem\",\"position\":1,\"name\":\"Home\",\"item\":\"https:\\\/\\\/nikkaluokta.com\\\/de\"},{\"@type\":\"ListItem\",\"position\":2,\"name\":\"Aktivit\u00e4ten\",\"item\":\"https:\\\/\\\/nikkaluokta.com\\\/de\\\/aktivitaeten\"},{\"@type\":\"ListItem\",\"position\":3,\"name\":\"Sommer\",\"item\":\"https:\\\/\\\/nikkaluokta.com\\\/de\\\/aktivitaeten\\\/aktivitaeten-sommer\"},{\"@type\":\"ListItem\",\"position\":4,\"name\":\"Kebnekaise\"}]},{\"@type\":\"WebSite\",\"@id\":\"https:\\\/\\\/nikkaluokta.com\\\/de\\\/#website\",\"url\":\"https:\\\/\\\/nikkaluokta.com\\\/de\\\/\",\"name\":\"Nikkaluokta Sarri AB\",\"description\":\"Mitt i en storslagen natur\",\"publisher\":{\"@id\":\"https:\\\/\\\/nikkaluokta.com\\\/de\\\/#organization\"},\"potentialAction\":[{\"@type\":\"SearchAction\",\"target\":{\"@type\":\"EntryPoint\",\"urlTemplate\":\"https:\\\/\\\/nikkaluokta.com\\\/de\\\/?s={search_term_string}\"},\"query-input\":{\"@type\":\"PropertyValueSpecification\",\"valueRequired\":true,\"valueName\":\"search_term_string\"}}],\"inLanguage\":\"de\"},{\"@type\":\"Organization\",\"@id\":\"https:\\\/\\\/nikkaluokta.com\\\/de\\\/#organization\",\"name\":\"Nikkaluokta Sarri AB\",\"url\":\"https:\\\/\\\/nikkaluokta.com\\\/de\\\/\",\"logo\":{\"@type\":\"ImageObject\",\"inLanguage\":\"de\",\"@id\":\"https:\\\/\\\/nikkaluokta.com\\\/de\\\/#\\\/schema\\\/logo\\\/image\\\/\",\"url\":\"https:\\\/\\\/media.nikkaluokta.com\\\/2019\\\/01\\\/Nikkaluokta-transp-logo.png\",\"contentUrl\":\"https:\\\/\\\/media.nikkaluokta.com\\\/2019\\\/01\\\/Nikkaluokta-transp-logo.png\",\"width\":800,\"height\":149,\"caption\":\"Nikkaluokta Sarri AB\"},\"image\":{\"@id\":\"https:\\\/\\\/nikkaluokta.com\\\/de\\\/#\\\/schema\\\/logo\\\/image\\\/\"},\"sameAs\":[\"https:\\\/\\\/www.facebook.com\\\/Nikkaluoktasarri\\\/\",\"https:\\\/\\\/www.instagram.com\\\/nikkaluoktasarri\\\/\"]}]}<\/script>\n<!-- \/ Yoast SEO plugin. -->","yoast_head_json":{"title":"Kebnekaise - Nikkaluokta Sarri AB","robots":{"index":"index","follow":"follow","max-snippet":"max-snippet:-1","max-image-preview":"max-image-preview:large","max-video-preview":"max-video-preview:-1"},"canonical":"https:\/\/nikkaluokta.com\/de\/aktivitaeten\/aktivitaeten-sommer\/kebnekaise","og_locale":"de_DE","og_type":"article","og_title":"Kebnekaise - Nikkaluokta Sarri AB","og_description":"Nikkaluokta ist der perfekte Einstiegspunkt f\u00fcr eine Wanderung zum Kebnekaise &#8211; dem h\u00f6chsten Berg Schwedens. Nur etwa 19 Kilometer trennen uns von der Kebnekaise Fj\u00e4llstation, von der aus Sie den Gipfelsturm in Angriff nehmen k\u00f6nnen. Von Nikkaluokta aus f\u00fchrt ein gut markierter Wanderweg direkt zur Bergstation. Etwa 6 Kilometer dieses Weges k\u00f6nnen Sie mit einem","og_url":"https:\/\/nikkaluokta.com\/de\/aktivitaeten\/aktivitaeten-sommer\/kebnekaise","og_site_name":"Nikkaluokta Sarri AB","article_publisher":"https:\/\/www.facebook.com\/Nikkaluoktasarri\/","article_modified_time":"2016-12-18T08:23:24+00:00","og_image":[{"url":"http:\/\/nikkaluokta.com\/wp-content\/uploads\/2016\/02\/kebnekaise1.jpg","type":"","width":"","height":""}],"twitter_card":"summary_large_image","twitter_misc":{"Gesch\u00e4tzte Lesezeit":"1\u00a0Minute"},"schema":{"@context":"https:\/\/schema.org","@graph":[{"@type":"WebPage","@id":"https:\/\/nikkaluokta.com\/de\/aktivitaeten\/aktivitaeten-sommer\/kebnekaise","url":"https:\/\/nikkaluokta.com\/de\/aktivitaeten\/aktivitaeten-sommer\/kebnekaise","name":"Kebnekaise - Nikkaluokta Sarri AB","isPartOf":{"@id":"https:\/\/nikkaluokta.com\/de\/#website"},"primaryImageOfPage":{"@id":"https:\/\/nikkaluokta.com\/de\/aktivitaeten\/aktivitaeten-sommer\/kebnekaise#primaryimage"},"image":{"@id":"https:\/\/nikkaluokta.com\/de\/aktivitaeten\/aktivitaeten-sommer\/kebnekaise#primaryimage"},"thumbnailUrl":"http:\/\/nikkaluokta.com\/wp-content\/uploads\/2016\/02\/kebnekaise1.jpg","datePublished":"2016-04-30T13:11:37+00:00","dateModified":"2016-12-18T08:23:24+00:00","breadcrumb":{"@id":"https:\/\/nikkaluokta.com\/de\/aktivitaeten\/aktivitaeten-sommer\/kebnekaise#breadcrumb"},"inLanguage":"de","potentialAction":[{"@type":"ReadAction","target":["https:\/\/nikkaluokta.com\/de\/aktivitaeten\/aktivitaeten-sommer\/kebnekaise"]}]},{"@type":"ImageObject","inLanguage":"de","@id":"https:\/\/nikkaluokta.com\/de\/aktivitaeten\/aktivitaeten-sommer\/kebnekaise#primaryimage","url":"http:\/\/nikkaluokta.com\/wp-content\/uploads\/2016\/02\/kebnekaise1.jpg","contentUrl":"http:\/\/nikkaluokta.com\/wp-content\/uploads\/2016\/02\/kebnekaise1.jpg"},{"@type":"BreadcrumbList","@id":"https:\/\/nikkaluokta.com\/de\/aktivitaeten\/aktivitaeten-sommer\/kebnekaise#breadcrumb","itemListElement":[{"@type":"ListItem","position":1,"name":"Home","item":"https:\/\/nikkaluokta.com\/de"},{"@type":"ListItem","position":2,"name":"Aktivit\u00e4ten","item":"https:\/\/nikkaluokta.com\/de\/aktivitaeten"},{"@type":"ListItem","position":3,"name":"Sommer","item":"https:\/\/nikkaluokta.com\/de\/aktivitaeten\/aktivitaeten-sommer"},{"@type":"ListItem","position":4,"name":"Kebnekaise"}]},{"@type":"WebSite","@id":"https:\/\/nikkaluokta.com\/de\/#website","url":"https:\/\/nikkaluokta.com\/de\/","name":"Nikkaluokta Sarri AB","description":"Mitt i en storslagen natur","publisher":{"@id":"https:\/\/nikkaluokta.com\/de\/#organization"},"potentialAction":[{"@type":"SearchAction","target":{"@type":"EntryPoint","urlTemplate":"https:\/\/nikkaluokta.com\/de\/?s={search_term_string}"},"query-input":{"@type":"PropertyValueSpecification","valueRequired":true,"valueName":"search_term_string"}}],"inLanguage":"de"},{"@type":"Organization","@id":"https:\/\/nikkaluokta.com\/de\/#organization","name":"Nikkaluokta Sarri AB","url":"https:\/\/nikkaluokta.com\/de\/","logo":{"@type":"ImageObject","inLanguage":"de","@id":"https:\/\/nikkaluokta.com\/de\/#\/schema\/logo\/image\/","url":"https:\/\/media.nikkaluokta.com\/2019\/01\/Nikkaluokta-transp-logo.png","contentUrl":"https:\/\/media.nikkaluokta.com\/2019\/01\/Nikkaluokta-transp-logo.png","width":800,"height":149,"caption":"Nikkaluokta Sarri AB"},"image":{"@id":"https:\/\/nikkaluokta.com\/de\/#\/schema\/logo\/image\/"},"sameAs":["https:\/\/www.facebook.com\/Nikkaluoktasarri\/","https:\/\/www.instagram.com\/nikkaluoktasarri\/"]}]}},"_links":{"self":[{"href":"https:\/\/nikkaluokta.com\/de\/wp-json\/wp\/v2\/pages\/1198","targetHints":{"allow":["GET"]}}],"collection":[{"href":"https:\/\/nikkaluokta.com\/de\/wp-json\/wp\/v2\/pages"}],"about":[{"href":"https:\/\/nikkaluokta.com\/de\/wp-json\/wp\/v2\/types\/page"}],"author":[{"embeddable":true,"href":"https:\/\/nikkaluokta.com\/de\/wp-json\/wp\/v2\/users\/1"}],"replies":[{"embeddable":true,"href":"https:\/\/nikkaluokta.com\/de\/wp-json\/wp\/v2\/comments?post=1198"}],"version-history":[{"count":4,"href":"https:\/\/nikkaluokta.com\/de\/wp-json\/wp\/v2\/pages\/1198\/revisions"}],"predecessor-version":[{"id":1528,"href":"https:\/\/nikkaluokta.com\/de\/wp-json\/wp\/v2\/pages\/1198\/revisions\/1528"}],"up":[{"embeddable":true,"href":"https:\/\/nikkaluokta.com\/de\/wp-json\/wp\/v2\/pages\/286"}],"wp:attachment":[{"href":"https:\/\/nikkaluokta.com\/de\/wp-json\/wp\/v2\/media?parent=1198"}],"curies":[{"name":"wp","href":"https:\/\/api.w.org\/{rel}","templated":true}]}}