{"id":1203,"date":"2016-04-30T15:12:48","date_gmt":"2016-04-30T13:12:48","guid":{"rendered":"http:\/\/nikkaluokta.com.loopiadns.com\/de\/?page_id=1203"},"modified":"2016-12-18T09:23:59","modified_gmt":"2016-12-18T08:23:59","slug":"kungsleden","status":"publish","type":"page","link":"https:\/\/nikkaluokta.com\/de\/aktivitaeten\/aktivitaeten-sommer\/kungsleden","title":{"rendered":"Kungsleden"},"content":{"rendered":"<p><img loading=\"lazy\" decoding=\"async\" class=\"aligncenter size-full wp-image-1141\" src=\"http:\/\/nikkaluokta.com\/wp-content\/uploads\/2016\/02\/fjaellvandra-kungsleden.jpg\" alt=\"fjaellvandra-kungsleden\" width=\"1000\" height=\"667\" srcset=\"http:\/\/media.nikkaluokta.com\/2016\/02\/fjaellvandra-kungsleden.jpg 1000w, http:\/\/media.nikkaluokta.com\/2016\/02\/fjaellvandra-kungsleden-300x200.jpg 300w, http:\/\/media.nikkaluokta.com\/2016\/02\/fjaellvandra-kungsleden-768x512.jpg 768w\" sizes=\"auto, (max-width: 1000px) 100vw, 1000px\" \/><\/p>\n<div>\n<div>\n<p>Haben Sie schon einmal von einer Fernwanderung in der unber\u00fchrten Schwedischen Bergwelt getr\u00e4umt? Der Kungsleden ist ein Fernwanderweg, der durch einige der spektakul\u00e4rsten Landschaften f\u00fchrt.<\/p>\n<p>Ein Netz von sehr gem\u00fctlichen Bergh\u00fctten bietet Ihnen die M\u00f6glichkeit, ohne schweres Gep\u00e4ck von H\u00fctte zu H\u00fctte zu wandern und dabei die wilde Sch\u00f6nheit der Landschaft zu genie\u00dfen. Da Camping \u00fcberall auf dem Kungsleden erlaubt ist, k\u00f6nnen Sie auch eine Wanderung mit dem Zelt unternehmen.<\/p>\n<p>Eine popul\u00e4re Route des n\u00f6rdlichen Kungsledens f\u00fchrt von Abisko \u00fcber Singi und die Kebnekaise Fj\u00e4llstation bis nach Nikkaluokta &#8211; oder andersherum. In Nikkaluokta finden Sie somit den optimalen Startpunkt f\u00fcr die Trekking-Tour. Oder aber, wenn Sie von Abisko nach Nikkaluokta wandern, laden unsere gem\u00fctichen Unterk\u00fcnfte ein, sich nach ein paar anstrengenden Tagen im Fj\u00e4ll zu erholen und bei gutem Essen zu st\u00e4rken.<\/p>\n<p>Jedes Jahr im August startet der ber\u00fchmte Fj\u00e4llr\u00e4ven Classic von Nikkaluokta, der unz\u00e4hlige Wanderer aus der ganzen Welt anzieht.<\/p>\n<\/div>\n<\/div>\n<p><img loading=\"lazy\" decoding=\"async\" class=\"aligncenter size-full wp-image-1143\" src=\"http:\/\/nikkaluokta.com\/wp-content\/uploads\/2016\/02\/fjaellvandra-kungsleden3.jpg\" alt=\"fjaellvandra-kungsleden3\" width=\"1000\" height=\"500\" srcset=\"http:\/\/media.nikkaluokta.com\/2016\/02\/fjaellvandra-kungsleden3.jpg 1000w, http:\/\/media.nikkaluokta.com\/2016\/02\/fjaellvandra-kungsleden3-300x150.jpg 300w, http:\/\/media.nikkaluokta.com\/2016\/02\/fjaellvandra-kungsleden3-768x384.jpg 768w\" sizes=\"auto, (max-width: 1000px) 100vw, 1000px\" \/> <img loading=\"lazy\" decoding=\"async\" class=\"aligncenter size-full wp-image-1142\" src=\"http:\/\/nikkaluokta.com\/wp-content\/uploads\/2016\/02\/fjaellvandra-kungsleden2.jpg\" alt=\"fjaellvandra-kungsleden2\" width=\"1000\" height=\"563\" srcset=\"http:\/\/media.nikkaluokta.com\/2016\/02\/fjaellvandra-kungsleden2.jpg 1000w, http:\/\/media.nikkaluokta.com\/2016\/02\/fjaellvandra-kungsleden2-300x169.jpg 300w, http:\/\/media.nikkaluokta.com\/2016\/02\/fjaellvandra-kungsleden2-768x432.jpg 768w\" sizes=\"auto, (max-width: 1000px) 100vw, 1000px\" \/><\/p>\n","protected":false},"excerpt":{"rendered":"<p>Haben Sie schon einmal von einer Fernwanderung in der unber\u00fchrten Schwedischen Bergwelt getr\u00e4umt? Der Kungsleden ist ein Fernwanderweg, der durch einige der spektakul\u00e4rsten Landschaften f\u00fchrt. Ein Netz von sehr gem\u00fctlichen Bergh\u00fctten bietet Ihnen die M\u00f6glichkeit, ohne schweres Gep\u00e4ck von H\u00fctte zu H\u00fctte zu wandern und dabei die wilde Sch\u00f6nheit der Landschaft zu genie\u00dfen. Da Camping<\/p>\n<a href=\"https:\/\/nikkaluokta.com\/de\/aktivitaeten\/aktivitaeten-sommer\/kungsleden\" class=\"sohohotel-more-link\">Read More<i class=\"fa fa-angle-right\"><\/i><\/a>","protected":false},"author":1,"featured_media":0,"parent":286,"menu_order":0,"comment_status":"closed","ping_status":"closed","template":"","meta":{"footnotes":""},"class_list":["post-1203","page","type-page","status-publish","hentry"],"yoast_head":"<!-- This site is optimized with the Yoast SEO plugin v27.4 - https:\/\/yoast.com\/product\/yoast-seo-wordpress\/ -->\n<title>Kungsleden - Nikkaluokta Sarri AB<\/title>\n<meta name=\"robots\" content=\"index, follow, max-snippet:-1, max-image-preview:large, max-video-preview:-1\" \/>\n<link rel=\"canonical\" href=\"https:\/\/nikkaluokta.com\/de\/aktivitaeten\/aktivitaeten-sommer\/kungsleden\" \/>\n<meta property=\"og:locale\" content=\"de_DE\" \/>\n<meta property=\"og:type\" content=\"article\" \/>\n<meta property=\"og:title\" content=\"Kungsleden - Nikkaluokta Sarri AB\" \/>\n<meta property=\"og:description\" content=\"Haben Sie schon einmal von einer Fernwanderung in der unber\u00fchrten Schwedischen Bergwelt getr\u00e4umt? Der Kungsleden ist ein Fernwanderweg, der durch einige der spektakul\u00e4rsten Landschaften f\u00fchrt. Ein Netz von sehr gem\u00fctlichen Bergh\u00fctten bietet Ihnen die M\u00f6glichkeit, ohne schweres Gep\u00e4ck von H\u00fctte zu H\u00fctte zu wandern und dabei die wilde Sch\u00f6nheit der Landschaft zu genie\u00dfen. Da Camping\" \/>\n<meta property=\"og:url\" content=\"https:\/\/nikkaluokta.com\/de\/aktivitaeten\/aktivitaeten-sommer\/kungsleden\" \/>\n<meta property=\"og:site_name\" content=\"Nikkaluokta Sarri AB\" \/>\n<meta property=\"article:publisher\" content=\"https:\/\/www.facebook.com\/Nikkaluoktasarri\/\" \/>\n<meta property=\"article:modified_time\" content=\"2016-12-18T08:23:59+00:00\" \/>\n<meta property=\"og:image\" content=\"http:\/\/nikkaluokta.com\/wp-content\/uploads\/2016\/02\/fjaellvandra-kungsleden.jpg\" \/>\n<meta name=\"twitter:card\" content=\"summary_large_image\" \/>\n<meta name=\"twitter:label1\" content=\"Gesch\u00e4tzte Lesezeit\" \/>\n\t<meta name=\"twitter:data1\" content=\"1\u00a0Minute\" \/>\n<script type=\"application\/ld+json\" class=\"yoast-schema-graph\">{\"@context\":\"https:\\\/\\\/schema.org\",\"@graph\":[{\"@type\":\"WebPage\",\"@id\":\"https:\\\/\\\/nikkaluokta.com\\\/de\\\/aktivitaeten\\\/aktivitaeten-sommer\\\/kungsleden\",\"url\":\"https:\\\/\\\/nikkaluokta.com\\\/de\\\/aktivitaeten\\\/aktivitaeten-sommer\\\/kungsleden\",\"name\":\"Kungsleden - Nikkaluokta Sarri AB\",\"isPartOf\":{\"@id\":\"https:\\\/\\\/nikkaluokta.com\\\/de\\\/#website\"},\"primaryImageOfPage\":{\"@id\":\"https:\\\/\\\/nikkaluokta.com\\\/de\\\/aktivitaeten\\\/aktivitaeten-sommer\\\/kungsleden#primaryimage\"},\"image\":{\"@id\":\"https:\\\/\\\/nikkaluokta.com\\\/de\\\/aktivitaeten\\\/aktivitaeten-sommer\\\/kungsleden#primaryimage\"},\"thumbnailUrl\":\"http:\\\/\\\/nikkaluokta.com\\\/wp-content\\\/uploads\\\/2016\\\/02\\\/fjaellvandra-kungsleden.jpg\",\"datePublished\":\"2016-04-30T13:12:48+00:00\",\"dateModified\":\"2016-12-18T08:23:59+00:00\",\"breadcrumb\":{\"@id\":\"https:\\\/\\\/nikkaluokta.com\\\/de\\\/aktivitaeten\\\/aktivitaeten-sommer\\\/kungsleden#breadcrumb\"},\"inLanguage\":\"de\",\"potentialAction\":[{\"@type\":\"ReadAction\",\"target\":[\"https:\\\/\\\/nikkaluokta.com\\\/de\\\/aktivitaeten\\\/aktivitaeten-sommer\\\/kungsleden\"]}]},{\"@type\":\"ImageObject\",\"inLanguage\":\"de\",\"@id\":\"https:\\\/\\\/nikkaluokta.com\\\/de\\\/aktivitaeten\\\/aktivitaeten-sommer\\\/kungsleden#primaryimage\",\"url\":\"http:\\\/\\\/nikkaluokta.com\\\/wp-content\\\/uploads\\\/2016\\\/02\\\/fjaellvandra-kungsleden.jpg\",\"contentUrl\":\"http:\\\/\\\/nikkaluokta.com\\\/wp-content\\\/uploads\\\/2016\\\/02\\\/fjaellvandra-kungsleden.jpg\"},{\"@type\":\"BreadcrumbList\",\"@id\":\"https:\\\/\\\/nikkaluokta.com\\\/de\\\/aktivitaeten\\\/aktivitaeten-sommer\\\/kungsleden#breadcrumb\",\"itemListElement\":[{\"@type\":\"ListItem\",\"position\":1,\"name\":\"Home\",\"item\":\"https:\\\/\\\/nikkaluokta.com\\\/de\"},{\"@type\":\"ListItem\",\"position\":2,\"name\":\"Aktivit\u00e4ten\",\"item\":\"https:\\\/\\\/nikkaluokta.com\\\/de\\\/aktivitaeten\"},{\"@type\":\"ListItem\",\"position\":3,\"name\":\"Sommer\",\"item\":\"https:\\\/\\\/nikkaluokta.com\\\/de\\\/aktivitaeten\\\/aktivitaeten-sommer\"},{\"@type\":\"ListItem\",\"position\":4,\"name\":\"Kungsleden\"}]},{\"@type\":\"WebSite\",\"@id\":\"https:\\\/\\\/nikkaluokta.com\\\/de\\\/#website\",\"url\":\"https:\\\/\\\/nikkaluokta.com\\\/de\\\/\",\"name\":\"Nikkaluokta Sarri AB\",\"description\":\"Mitt i en storslagen natur\",\"publisher\":{\"@id\":\"https:\\\/\\\/nikkaluokta.com\\\/de\\\/#organization\"},\"potentialAction\":[{\"@type\":\"SearchAction\",\"target\":{\"@type\":\"EntryPoint\",\"urlTemplate\":\"https:\\\/\\\/nikkaluokta.com\\\/de\\\/?s={search_term_string}\"},\"query-input\":{\"@type\":\"PropertyValueSpecification\",\"valueRequired\":true,\"valueName\":\"search_term_string\"}}],\"inLanguage\":\"de\"},{\"@type\":\"Organization\",\"@id\":\"https:\\\/\\\/nikkaluokta.com\\\/de\\\/#organization\",\"name\":\"Nikkaluokta Sarri AB\",\"url\":\"https:\\\/\\\/nikkaluokta.com\\\/de\\\/\",\"logo\":{\"@type\":\"ImageObject\",\"inLanguage\":\"de\",\"@id\":\"https:\\\/\\\/nikkaluokta.com\\\/de\\\/#\\\/schema\\\/logo\\\/image\\\/\",\"url\":\"https:\\\/\\\/media.nikkaluokta.com\\\/2019\\\/01\\\/Nikkaluokta-transp-logo.png\",\"contentUrl\":\"https:\\\/\\\/media.nikkaluokta.com\\\/2019\\\/01\\\/Nikkaluokta-transp-logo.png\",\"width\":800,\"height\":149,\"caption\":\"Nikkaluokta Sarri AB\"},\"image\":{\"@id\":\"https:\\\/\\\/nikkaluokta.com\\\/de\\\/#\\\/schema\\\/logo\\\/image\\\/\"},\"sameAs\":[\"https:\\\/\\\/www.facebook.com\\\/Nikkaluoktasarri\\\/\",\"https:\\\/\\\/www.instagram.com\\\/nikkaluoktasarri\\\/\"]}]}<\/script>\n<!-- \/ Yoast SEO plugin. -->","yoast_head_json":{"title":"Kungsleden - Nikkaluokta Sarri AB","robots":{"index":"index","follow":"follow","max-snippet":"max-snippet:-1","max-image-preview":"max-image-preview:large","max-video-preview":"max-video-preview:-1"},"canonical":"https:\/\/nikkaluokta.com\/de\/aktivitaeten\/aktivitaeten-sommer\/kungsleden","og_locale":"de_DE","og_type":"article","og_title":"Kungsleden - Nikkaluokta Sarri AB","og_description":"Haben Sie schon einmal von einer Fernwanderung in der unber\u00fchrten Schwedischen Bergwelt getr\u00e4umt? Der Kungsleden ist ein Fernwanderweg, der durch einige der spektakul\u00e4rsten Landschaften f\u00fchrt. Ein Netz von sehr gem\u00fctlichen Bergh\u00fctten bietet Ihnen die M\u00f6glichkeit, ohne schweres Gep\u00e4ck von H\u00fctte zu H\u00fctte zu wandern und dabei die wilde Sch\u00f6nheit der Landschaft zu genie\u00dfen. Da Camping","og_url":"https:\/\/nikkaluokta.com\/de\/aktivitaeten\/aktivitaeten-sommer\/kungsleden","og_site_name":"Nikkaluokta Sarri AB","article_publisher":"https:\/\/www.facebook.com\/Nikkaluoktasarri\/","article_modified_time":"2016-12-18T08:23:59+00:00","og_image":[{"url":"http:\/\/nikkaluokta.com\/wp-content\/uploads\/2016\/02\/fjaellvandra-kungsleden.jpg","type":"","width":"","height":""}],"twitter_card":"summary_large_image","twitter_misc":{"Gesch\u00e4tzte Lesezeit":"1\u00a0Minute"},"schema":{"@context":"https:\/\/schema.org","@graph":[{"@type":"WebPage","@id":"https:\/\/nikkaluokta.com\/de\/aktivitaeten\/aktivitaeten-sommer\/kungsleden","url":"https:\/\/nikkaluokta.com\/de\/aktivitaeten\/aktivitaeten-sommer\/kungsleden","name":"Kungsleden - Nikkaluokta Sarri AB","isPartOf":{"@id":"https:\/\/nikkaluokta.com\/de\/#website"},"primaryImageOfPage":{"@id":"https:\/\/nikkaluokta.com\/de\/aktivitaeten\/aktivitaeten-sommer\/kungsleden#primaryimage"},"image":{"@id":"https:\/\/nikkaluokta.com\/de\/aktivitaeten\/aktivitaeten-sommer\/kungsleden#primaryimage"},"thumbnailUrl":"http:\/\/nikkaluokta.com\/wp-content\/uploads\/2016\/02\/fjaellvandra-kungsleden.jpg","datePublished":"2016-04-30T13:12:48+00:00","dateModified":"2016-12-18T08:23:59+00:00","breadcrumb":{"@id":"https:\/\/nikkaluokta.com\/de\/aktivitaeten\/aktivitaeten-sommer\/kungsleden#breadcrumb"},"inLanguage":"de","potentialAction":[{"@type":"ReadAction","target":["https:\/\/nikkaluokta.com\/de\/aktivitaeten\/aktivitaeten-sommer\/kungsleden"]}]},{"@type":"ImageObject","inLanguage":"de","@id":"https:\/\/nikkaluokta.com\/de\/aktivitaeten\/aktivitaeten-sommer\/kungsleden#primaryimage","url":"http:\/\/nikkaluokta.com\/wp-content\/uploads\/2016\/02\/fjaellvandra-kungsleden.jpg","contentUrl":"http:\/\/nikkaluokta.com\/wp-content\/uploads\/2016\/02\/fjaellvandra-kungsleden.jpg"},{"@type":"BreadcrumbList","@id":"https:\/\/nikkaluokta.com\/de\/aktivitaeten\/aktivitaeten-sommer\/kungsleden#breadcrumb","itemListElement":[{"@type":"ListItem","position":1,"name":"Home","item":"https:\/\/nikkaluokta.com\/de"},{"@type":"ListItem","position":2,"name":"Aktivit\u00e4ten","item":"https:\/\/nikkaluokta.com\/de\/aktivitaeten"},{"@type":"ListItem","position":3,"name":"Sommer","item":"https:\/\/nikkaluokta.com\/de\/aktivitaeten\/aktivitaeten-sommer"},{"@type":"ListItem","position":4,"name":"Kungsleden"}]},{"@type":"WebSite","@id":"https:\/\/nikkaluokta.com\/de\/#website","url":"https:\/\/nikkaluokta.com\/de\/","name":"Nikkaluokta Sarri AB","description":"Mitt i en storslagen natur","publisher":{"@id":"https:\/\/nikkaluokta.com\/de\/#organization"},"potentialAction":[{"@type":"SearchAction","target":{"@type":"EntryPoint","urlTemplate":"https:\/\/nikkaluokta.com\/de\/?s={search_term_string}"},"query-input":{"@type":"PropertyValueSpecification","valueRequired":true,"valueName":"search_term_string"}}],"inLanguage":"de"},{"@type":"Organization","@id":"https:\/\/nikkaluokta.com\/de\/#organization","name":"Nikkaluokta Sarri AB","url":"https:\/\/nikkaluokta.com\/de\/","logo":{"@type":"ImageObject","inLanguage":"de","@id":"https:\/\/nikkaluokta.com\/de\/#\/schema\/logo\/image\/","url":"https:\/\/media.nikkaluokta.com\/2019\/01\/Nikkaluokta-transp-logo.png","contentUrl":"https:\/\/media.nikkaluokta.com\/2019\/01\/Nikkaluokta-transp-logo.png","width":800,"height":149,"caption":"Nikkaluokta Sarri AB"},"image":{"@id":"https:\/\/nikkaluokta.com\/de\/#\/schema\/logo\/image\/"},"sameAs":["https:\/\/www.facebook.com\/Nikkaluoktasarri\/","https:\/\/www.instagram.com\/nikkaluoktasarri\/"]}]}},"_links":{"self":[{"href":"https:\/\/nikkaluokta.com\/de\/wp-json\/wp\/v2\/pages\/1203","targetHints":{"allow":["GET"]}}],"collection":[{"href":"https:\/\/nikkaluokta.com\/de\/wp-json\/wp\/v2\/pages"}],"about":[{"href":"https:\/\/nikkaluokta.com\/de\/wp-json\/wp\/v2\/types\/page"}],"author":[{"embeddable":true,"href":"https:\/\/nikkaluokta.com\/de\/wp-json\/wp\/v2\/users\/1"}],"replies":[{"embeddable":true,"href":"https:\/\/nikkaluokta.com\/de\/wp-json\/wp\/v2\/comments?post=1203"}],"version-history":[{"count":4,"href":"https:\/\/nikkaluokta.com\/de\/wp-json\/wp\/v2\/pages\/1203\/revisions"}],"predecessor-version":[{"id":1360,"href":"https:\/\/nikkaluokta.com\/de\/wp-json\/wp\/v2\/pages\/1203\/revisions\/1360"}],"up":[{"embeddable":true,"href":"https:\/\/nikkaluokta.com\/de\/wp-json\/wp\/v2\/pages\/286"}],"wp:attachment":[{"href":"https:\/\/nikkaluokta.com\/de\/wp-json\/wp\/v2\/media?parent=1203"}],"curies":[{"name":"wp","href":"https:\/\/api.w.org\/{rel}","templated":true}]}}