{"id":1212,"date":"2016-04-30T15:21:13","date_gmt":"2016-04-30T13:21:13","guid":{"rendered":"http:\/\/nikkaluokta.com.loopiadns.com\/de\/?page_id=1212"},"modified":"2016-12-18T09:28:05","modified_gmt":"2016-12-18T08:28:05","slug":"kebnekaise","status":"publish","type":"page","link":"https:\/\/nikkaluokta.com\/de\/aktivitaeten\/aktivitaeten-winter\/kebnekaise","title":{"rendered":"Kebnekaise"},"content":{"rendered":"<p><img loading=\"lazy\" decoding=\"async\" class=\"aligncenter size-full wp-image-1102\" src=\"http:\/\/nikkaluokta.com\/wp-content\/uploads\/2016\/02\/kebne-ladtjo.jpg\" alt=\"kebne-ladtjo\" width=\"1000\" height=\"563\" srcset=\"http:\/\/media.nikkaluokta.com\/2016\/02\/kebne-ladtjo.jpg 1000w, http:\/\/media.nikkaluokta.com\/2016\/02\/kebne-ladtjo-300x169.jpg 300w, http:\/\/media.nikkaluokta.com\/2016\/02\/kebne-ladtjo-768x432.jpg 768w\" sizes=\"auto, (max-width: 1000px) 100vw, 1000px\" \/><\/p>\n<div>\n<div>\n<p>Nicht nur im Sommer ist der Kebnekaise ein beliebter Ausflugspunkt f\u00fcr Reisende. Der h\u00f6chste Berg Schwedens wirkt anziehend und magisch &#8211; besonders in der klaren Luft des eisigen Winters.<\/p>\n<p>Im sogenannten &#8220;Fr\u00fchlingswinter&#8221;, der im M\u00e4rz beginnt, steigen die Temperaturen und die Tage sind lang genug, um gen\u00fcgend Zeit f\u00fcr Aktivit\u00e4ten im Freien zu lassen. Zu dieser Zeit \u00f6ffnet die Kebnekaise Bergstation und bietet Unterk\u00fcnfte und ein Restaurant.<\/p>\n<p>Von Nikkaluokta aus bieten sich Tagesausfl\u00fcge zum Kebnekaise an: Nutzen Sie einen unserer Schneemobil-Transporte, genie\u00dfen Sie eine w\u00e4rmende Mahlzeit in der Bergstation und fahren Sie wieder mit uns zur\u00fcck.<\/p>\n<p>Falls Sie eine Skitour auf dem Kungsleden planen, stellt die Bergstation des Kebnekaise einen guten Ausgangspunkt dar. Oder, wenn Sie Ihre Skitour dort endet, holen wir Sie auch gern dort ab.<\/p>\n<\/div>\n<\/div>\n<p><img loading=\"lazy\" decoding=\"async\" class=\"aligncenter size-full wp-image-1104\" src=\"http:\/\/nikkaluokta.com\/wp-content\/uploads\/2016\/02\/kebnekaise-fjaellstation-winter2-1.jpg\" alt=\"kebnekaise-fjaellstation-winter2\" width=\"1000\" height=\"562\" srcset=\"http:\/\/media.nikkaluokta.com\/2016\/02\/kebnekaise-fjaellstation-winter2-1.jpg 1000w, http:\/\/media.nikkaluokta.com\/2016\/02\/kebnekaise-fjaellstation-winter2-1-300x169.jpg 300w, http:\/\/media.nikkaluokta.com\/2016\/02\/kebnekaise-fjaellstation-winter2-1-768x432.jpg 768w\" sizes=\"auto, (max-width: 1000px) 100vw, 1000px\" \/> <img loading=\"lazy\" decoding=\"async\" class=\"aligncenter size-full wp-image-1103\" src=\"http:\/\/nikkaluokta.com\/wp-content\/uploads\/2016\/02\/kebnekaise-fjaellstation-winter-1.jpg\" alt=\"kebnekaise-fjaellstation-winter\" width=\"1000\" height=\"562\" srcset=\"http:\/\/media.nikkaluokta.com\/2016\/02\/kebnekaise-fjaellstation-winter-1.jpg 1000w, http:\/\/media.nikkaluokta.com\/2016\/02\/kebnekaise-fjaellstation-winter-1-300x169.jpg 300w, http:\/\/media.nikkaluokta.com\/2016\/02\/kebnekaise-fjaellstation-winter-1-768x432.jpg 768w\" sizes=\"auto, (max-width: 1000px) 100vw, 1000px\" \/><\/p>\n<p>&nbsp;<\/p>\n","protected":false},"excerpt":{"rendered":"<p>Nicht nur im Sommer ist der Kebnekaise ein beliebter Ausflugspunkt f\u00fcr Reisende. Der h\u00f6chste Berg Schwedens wirkt anziehend und magisch &#8211; besonders in der klaren Luft des eisigen Winters. Im sogenannten &#8220;Fr\u00fchlingswinter&#8221;, der im M\u00e4rz beginnt, steigen die Temperaturen und die Tage sind lang genug, um gen\u00fcgend Zeit f\u00fcr Aktivit\u00e4ten im Freien zu lassen. Zu<\/p>\n<a href=\"https:\/\/nikkaluokta.com\/de\/aktivitaeten\/aktivitaeten-winter\/kebnekaise\" class=\"sohohotel-more-link\">Read More<i class=\"fa fa-angle-right\"><\/i><\/a>","protected":false},"author":1,"featured_media":0,"parent":283,"menu_order":0,"comment_status":"closed","ping_status":"closed","template":"","meta":{"footnotes":""},"class_list":["post-1212","page","type-page","status-publish","hentry"],"yoast_head":"<!-- This site is optimized with the Yoast SEO plugin v27.4 - https:\/\/yoast.com\/product\/yoast-seo-wordpress\/ -->\n<title>Kebnekaise - Nikkaluokta Sarri AB<\/title>\n<meta name=\"robots\" content=\"index, follow, max-snippet:-1, max-image-preview:large, max-video-preview:-1\" \/>\n<link rel=\"canonical\" href=\"https:\/\/nikkaluokta.com\/de\/aktivitaeten\/aktivitaeten-winter\/kebnekaise\" \/>\n<meta property=\"og:locale\" content=\"de_DE\" \/>\n<meta property=\"og:type\" content=\"article\" \/>\n<meta property=\"og:title\" content=\"Kebnekaise - Nikkaluokta Sarri AB\" \/>\n<meta property=\"og:description\" content=\"Nicht nur im Sommer ist der Kebnekaise ein beliebter Ausflugspunkt f\u00fcr Reisende. Der h\u00f6chste Berg Schwedens wirkt anziehend und magisch &#8211; besonders in der klaren Luft des eisigen Winters. Im sogenannten &#8220;Fr\u00fchlingswinter&#8221;, der im M\u00e4rz beginnt, steigen die Temperaturen und die Tage sind lang genug, um gen\u00fcgend Zeit f\u00fcr Aktivit\u00e4ten im Freien zu lassen. Zu\" \/>\n<meta property=\"og:url\" content=\"https:\/\/nikkaluokta.com\/de\/aktivitaeten\/aktivitaeten-winter\/kebnekaise\" \/>\n<meta property=\"og:site_name\" content=\"Nikkaluokta Sarri AB\" \/>\n<meta property=\"article:publisher\" content=\"https:\/\/www.facebook.com\/Nikkaluoktasarri\/\" \/>\n<meta property=\"article:modified_time\" content=\"2016-12-18T08:28:05+00:00\" \/>\n<meta property=\"og:image\" content=\"http:\/\/nikkaluokta.com\/wp-content\/uploads\/2016\/02\/kebne-ladtjo.jpg\" \/>\n<meta name=\"twitter:card\" content=\"summary_large_image\" \/>\n<meta name=\"twitter:label1\" content=\"Gesch\u00e4tzte Lesezeit\" \/>\n\t<meta name=\"twitter:data1\" content=\"1\u00a0Minute\" \/>\n<script type=\"application\/ld+json\" class=\"yoast-schema-graph\">{\"@context\":\"https:\\\/\\\/schema.org\",\"@graph\":[{\"@type\":\"WebPage\",\"@id\":\"https:\\\/\\\/nikkaluokta.com\\\/de\\\/aktivitaeten\\\/aktivitaeten-winter\\\/kebnekaise\",\"url\":\"https:\\\/\\\/nikkaluokta.com\\\/de\\\/aktivitaeten\\\/aktivitaeten-winter\\\/kebnekaise\",\"name\":\"Kebnekaise - Nikkaluokta Sarri AB\",\"isPartOf\":{\"@id\":\"https:\\\/\\\/nikkaluokta.com\\\/de\\\/#website\"},\"primaryImageOfPage\":{\"@id\":\"https:\\\/\\\/nikkaluokta.com\\\/de\\\/aktivitaeten\\\/aktivitaeten-winter\\\/kebnekaise#primaryimage\"},\"image\":{\"@id\":\"https:\\\/\\\/nikkaluokta.com\\\/de\\\/aktivitaeten\\\/aktivitaeten-winter\\\/kebnekaise#primaryimage\"},\"thumbnailUrl\":\"http:\\\/\\\/nikkaluokta.com\\\/wp-content\\\/uploads\\\/2016\\\/02\\\/kebne-ladtjo.jpg\",\"datePublished\":\"2016-04-30T13:21:13+00:00\",\"dateModified\":\"2016-12-18T08:28:05+00:00\",\"breadcrumb\":{\"@id\":\"https:\\\/\\\/nikkaluokta.com\\\/de\\\/aktivitaeten\\\/aktivitaeten-winter\\\/kebnekaise#breadcrumb\"},\"inLanguage\":\"de\",\"potentialAction\":[{\"@type\":\"ReadAction\",\"target\":[\"https:\\\/\\\/nikkaluokta.com\\\/de\\\/aktivitaeten\\\/aktivitaeten-winter\\\/kebnekaise\"]}]},{\"@type\":\"ImageObject\",\"inLanguage\":\"de\",\"@id\":\"https:\\\/\\\/nikkaluokta.com\\\/de\\\/aktivitaeten\\\/aktivitaeten-winter\\\/kebnekaise#primaryimage\",\"url\":\"http:\\\/\\\/nikkaluokta.com\\\/wp-content\\\/uploads\\\/2016\\\/02\\\/kebne-ladtjo.jpg\",\"contentUrl\":\"http:\\\/\\\/nikkaluokta.com\\\/wp-content\\\/uploads\\\/2016\\\/02\\\/kebne-ladtjo.jpg\"},{\"@type\":\"BreadcrumbList\",\"@id\":\"https:\\\/\\\/nikkaluokta.com\\\/de\\\/aktivitaeten\\\/aktivitaeten-winter\\\/kebnekaise#breadcrumb\",\"itemListElement\":[{\"@type\":\"ListItem\",\"position\":1,\"name\":\"Home\",\"item\":\"https:\\\/\\\/nikkaluokta.com\\\/de\"},{\"@type\":\"ListItem\",\"position\":2,\"name\":\"Aktivit\u00e4ten\",\"item\":\"https:\\\/\\\/nikkaluokta.com\\\/de\\\/aktivitaeten\"},{\"@type\":\"ListItem\",\"position\":3,\"name\":\"Winter\",\"item\":\"https:\\\/\\\/nikkaluokta.com\\\/de\\\/aktivitaeten\\\/aktivitaeten-winter\"},{\"@type\":\"ListItem\",\"position\":4,\"name\":\"Kebnekaise\"}]},{\"@type\":\"WebSite\",\"@id\":\"https:\\\/\\\/nikkaluokta.com\\\/de\\\/#website\",\"url\":\"https:\\\/\\\/nikkaluokta.com\\\/de\\\/\",\"name\":\"Nikkaluokta Sarri AB\",\"description\":\"Mitt i en storslagen natur\",\"publisher\":{\"@id\":\"https:\\\/\\\/nikkaluokta.com\\\/de\\\/#organization\"},\"potentialAction\":[{\"@type\":\"SearchAction\",\"target\":{\"@type\":\"EntryPoint\",\"urlTemplate\":\"https:\\\/\\\/nikkaluokta.com\\\/de\\\/?s={search_term_string}\"},\"query-input\":{\"@type\":\"PropertyValueSpecification\",\"valueRequired\":true,\"valueName\":\"search_term_string\"}}],\"inLanguage\":\"de\"},{\"@type\":\"Organization\",\"@id\":\"https:\\\/\\\/nikkaluokta.com\\\/de\\\/#organization\",\"name\":\"Nikkaluokta Sarri AB\",\"url\":\"https:\\\/\\\/nikkaluokta.com\\\/de\\\/\",\"logo\":{\"@type\":\"ImageObject\",\"inLanguage\":\"de\",\"@id\":\"https:\\\/\\\/nikkaluokta.com\\\/de\\\/#\\\/schema\\\/logo\\\/image\\\/\",\"url\":\"https:\\\/\\\/media.nikkaluokta.com\\\/2019\\\/01\\\/Nikkaluokta-transp-logo.png\",\"contentUrl\":\"https:\\\/\\\/media.nikkaluokta.com\\\/2019\\\/01\\\/Nikkaluokta-transp-logo.png\",\"width\":800,\"height\":149,\"caption\":\"Nikkaluokta Sarri AB\"},\"image\":{\"@id\":\"https:\\\/\\\/nikkaluokta.com\\\/de\\\/#\\\/schema\\\/logo\\\/image\\\/\"},\"sameAs\":[\"https:\\\/\\\/www.facebook.com\\\/Nikkaluoktasarri\\\/\",\"https:\\\/\\\/www.instagram.com\\\/nikkaluoktasarri\\\/\"]}]}<\/script>\n<!-- \/ Yoast SEO plugin. -->","yoast_head_json":{"title":"Kebnekaise - Nikkaluokta Sarri AB","robots":{"index":"index","follow":"follow","max-snippet":"max-snippet:-1","max-image-preview":"max-image-preview:large","max-video-preview":"max-video-preview:-1"},"canonical":"https:\/\/nikkaluokta.com\/de\/aktivitaeten\/aktivitaeten-winter\/kebnekaise","og_locale":"de_DE","og_type":"article","og_title":"Kebnekaise - Nikkaluokta Sarri AB","og_description":"Nicht nur im Sommer ist der Kebnekaise ein beliebter Ausflugspunkt f\u00fcr Reisende. Der h\u00f6chste Berg Schwedens wirkt anziehend und magisch &#8211; besonders in der klaren Luft des eisigen Winters. Im sogenannten &#8220;Fr\u00fchlingswinter&#8221;, der im M\u00e4rz beginnt, steigen die Temperaturen und die Tage sind lang genug, um gen\u00fcgend Zeit f\u00fcr Aktivit\u00e4ten im Freien zu lassen. Zu","og_url":"https:\/\/nikkaluokta.com\/de\/aktivitaeten\/aktivitaeten-winter\/kebnekaise","og_site_name":"Nikkaluokta Sarri AB","article_publisher":"https:\/\/www.facebook.com\/Nikkaluoktasarri\/","article_modified_time":"2016-12-18T08:28:05+00:00","og_image":[{"url":"http:\/\/nikkaluokta.com\/wp-content\/uploads\/2016\/02\/kebne-ladtjo.jpg","type":"","width":"","height":""}],"twitter_card":"summary_large_image","twitter_misc":{"Gesch\u00e4tzte Lesezeit":"1\u00a0Minute"},"schema":{"@context":"https:\/\/schema.org","@graph":[{"@type":"WebPage","@id":"https:\/\/nikkaluokta.com\/de\/aktivitaeten\/aktivitaeten-winter\/kebnekaise","url":"https:\/\/nikkaluokta.com\/de\/aktivitaeten\/aktivitaeten-winter\/kebnekaise","name":"Kebnekaise - Nikkaluokta Sarri AB","isPartOf":{"@id":"https:\/\/nikkaluokta.com\/de\/#website"},"primaryImageOfPage":{"@id":"https:\/\/nikkaluokta.com\/de\/aktivitaeten\/aktivitaeten-winter\/kebnekaise#primaryimage"},"image":{"@id":"https:\/\/nikkaluokta.com\/de\/aktivitaeten\/aktivitaeten-winter\/kebnekaise#primaryimage"},"thumbnailUrl":"http:\/\/nikkaluokta.com\/wp-content\/uploads\/2016\/02\/kebne-ladtjo.jpg","datePublished":"2016-04-30T13:21:13+00:00","dateModified":"2016-12-18T08:28:05+00:00","breadcrumb":{"@id":"https:\/\/nikkaluokta.com\/de\/aktivitaeten\/aktivitaeten-winter\/kebnekaise#breadcrumb"},"inLanguage":"de","potentialAction":[{"@type":"ReadAction","target":["https:\/\/nikkaluokta.com\/de\/aktivitaeten\/aktivitaeten-winter\/kebnekaise"]}]},{"@type":"ImageObject","inLanguage":"de","@id":"https:\/\/nikkaluokta.com\/de\/aktivitaeten\/aktivitaeten-winter\/kebnekaise#primaryimage","url":"http:\/\/nikkaluokta.com\/wp-content\/uploads\/2016\/02\/kebne-ladtjo.jpg","contentUrl":"http:\/\/nikkaluokta.com\/wp-content\/uploads\/2016\/02\/kebne-ladtjo.jpg"},{"@type":"BreadcrumbList","@id":"https:\/\/nikkaluokta.com\/de\/aktivitaeten\/aktivitaeten-winter\/kebnekaise#breadcrumb","itemListElement":[{"@type":"ListItem","position":1,"name":"Home","item":"https:\/\/nikkaluokta.com\/de"},{"@type":"ListItem","position":2,"name":"Aktivit\u00e4ten","item":"https:\/\/nikkaluokta.com\/de\/aktivitaeten"},{"@type":"ListItem","position":3,"name":"Winter","item":"https:\/\/nikkaluokta.com\/de\/aktivitaeten\/aktivitaeten-winter"},{"@type":"ListItem","position":4,"name":"Kebnekaise"}]},{"@type":"WebSite","@id":"https:\/\/nikkaluokta.com\/de\/#website","url":"https:\/\/nikkaluokta.com\/de\/","name":"Nikkaluokta Sarri AB","description":"Mitt i en storslagen natur","publisher":{"@id":"https:\/\/nikkaluokta.com\/de\/#organization"},"potentialAction":[{"@type":"SearchAction","target":{"@type":"EntryPoint","urlTemplate":"https:\/\/nikkaluokta.com\/de\/?s={search_term_string}"},"query-input":{"@type":"PropertyValueSpecification","valueRequired":true,"valueName":"search_term_string"}}],"inLanguage":"de"},{"@type":"Organization","@id":"https:\/\/nikkaluokta.com\/de\/#organization","name":"Nikkaluokta Sarri AB","url":"https:\/\/nikkaluokta.com\/de\/","logo":{"@type":"ImageObject","inLanguage":"de","@id":"https:\/\/nikkaluokta.com\/de\/#\/schema\/logo\/image\/","url":"https:\/\/media.nikkaluokta.com\/2019\/01\/Nikkaluokta-transp-logo.png","contentUrl":"https:\/\/media.nikkaluokta.com\/2019\/01\/Nikkaluokta-transp-logo.png","width":800,"height":149,"caption":"Nikkaluokta Sarri AB"},"image":{"@id":"https:\/\/nikkaluokta.com\/de\/#\/schema\/logo\/image\/"},"sameAs":["https:\/\/www.facebook.com\/Nikkaluoktasarri\/","https:\/\/www.instagram.com\/nikkaluoktasarri\/"]}]}},"_links":{"self":[{"href":"https:\/\/nikkaluokta.com\/de\/wp-json\/wp\/v2\/pages\/1212","targetHints":{"allow":["GET"]}}],"collection":[{"href":"https:\/\/nikkaluokta.com\/de\/wp-json\/wp\/v2\/pages"}],"about":[{"href":"https:\/\/nikkaluokta.com\/de\/wp-json\/wp\/v2\/types\/page"}],"author":[{"embeddable":true,"href":"https:\/\/nikkaluokta.com\/de\/wp-json\/wp\/v2\/users\/1"}],"replies":[{"embeddable":true,"href":"https:\/\/nikkaluokta.com\/de\/wp-json\/wp\/v2\/comments?post=1212"}],"version-history":[{"count":4,"href":"https:\/\/nikkaluokta.com\/de\/wp-json\/wp\/v2\/pages\/1212\/revisions"}],"predecessor-version":[{"id":1388,"href":"https:\/\/nikkaluokta.com\/de\/wp-json\/wp\/v2\/pages\/1212\/revisions\/1388"}],"up":[{"embeddable":true,"href":"https:\/\/nikkaluokta.com\/de\/wp-json\/wp\/v2\/pages\/283"}],"wp:attachment":[{"href":"https:\/\/nikkaluokta.com\/de\/wp-json\/wp\/v2\/media?parent=1212"}],"curies":[{"name":"wp","href":"https:\/\/api.w.org\/{rel}","templated":true}]}}