{"id":1217,"date":"2016-04-30T15:22:22","date_gmt":"2016-04-30T13:22:22","guid":{"rendered":"http:\/\/nikkaluokta.com.loopiadns.com\/de\/?page_id=1217"},"modified":"2016-12-18T09:28:47","modified_gmt":"2016-12-18T08:28:47","slug":"kungsleden","status":"publish","type":"page","link":"https:\/\/nikkaluokta.com\/de\/aktivitaeten\/aktivitaeten-winter\/kungsleden","title":{"rendered":"Kungsleden"},"content":{"rendered":"<p><img loading=\"lazy\" decoding=\"async\" class=\"aligncenter size-full wp-image-1114\" src=\"http:\/\/nikkaluokta.com\/wp-content\/uploads\/2016\/02\/skidtur-kungsleden8.jpg\" alt=\"skidtur-kungsleden8\" width=\"1000\" height=\"667\" srcset=\"http:\/\/media.nikkaluokta.com\/2016\/02\/skidtur-kungsleden8.jpg 1000w, http:\/\/media.nikkaluokta.com\/2016\/02\/skidtur-kungsleden8-300x200.jpg 300w, http:\/\/media.nikkaluokta.com\/2016\/02\/skidtur-kungsleden8-768x512.jpg 768w\" sizes=\"auto, (max-width: 1000px) 100vw, 1000px\" \/><\/p>\n<div>\n<div>\n<p>Eine Skitour in den Schwedischen Bergen ist etwas ganz besonderes! Weite, weisse Landschaften, unendliche Ruhe und beeindruckende Gipfel lassen das Herz von Naturliebhabern h\u00f6her schlagen.<\/p>\n<p>Der Kungsleden ist nicht nur im Sommer f\u00fcr Trekking-Touren beliebt. Die Bergh\u00fctten \u00f6ffnen meist vor Ende Februar und bieten einfache, aber gem\u00fctliche Unterk\u00fcnfte f\u00fcr Skitourengeher im Winter an. Die Abst\u00e4nde sind so gew\u00e4hlt, dass auch durchschnittlich trainierte Skiwanderer die n\u00e4chste H\u00fctte bequem erreichen k\u00f6nnen.<\/p>\n<p>Die Route von Nikkaluokta bis nach Abisko hat eine Distanz von etwa 110 Kilometern. Bitte denken Sie bei der Tourplanung an ein bis zwei Reservetage f\u00fcr den Fall eines Wetterumschwunges.<\/p>\n<\/div>\n<\/div>\n<p><img loading=\"lazy\" decoding=\"async\" class=\"aligncenter size-full wp-image-1075\" src=\"http:\/\/nikkaluokta.com\/wp-content\/uploads\/2016\/02\/skidtur-kungsleden6.jpg\" alt=\"skidtur-kungsleden6\" width=\"1000\" height=\"562\" srcset=\"http:\/\/media.nikkaluokta.com\/2016\/02\/skidtur-kungsleden6.jpg 1000w, http:\/\/media.nikkaluokta.com\/2016\/02\/skidtur-kungsleden6-300x169.jpg 300w, http:\/\/media.nikkaluokta.com\/2016\/02\/skidtur-kungsleden6-768x432.jpg 768w\" sizes=\"auto, (max-width: 1000px) 100vw, 1000px\" \/> <img loading=\"lazy\" decoding=\"async\" class=\"aligncenter size-full wp-image-1071\" src=\"http:\/\/nikkaluokta.com\/wp-content\/uploads\/2016\/02\/skidtur-kungsleden2.jpg\" alt=\"skidtur-kungsleden2\" width=\"1000\" height=\"562\" srcset=\"http:\/\/media.nikkaluokta.com\/2016\/02\/skidtur-kungsleden2.jpg 1000w, http:\/\/media.nikkaluokta.com\/2016\/02\/skidtur-kungsleden2-300x169.jpg 300w, http:\/\/media.nikkaluokta.com\/2016\/02\/skidtur-kungsleden2-768x432.jpg 768w\" sizes=\"auto, (max-width: 1000px) 100vw, 1000px\" \/><\/p>\n","protected":false},"excerpt":{"rendered":"<p>Eine Skitour in den Schwedischen Bergen ist etwas ganz besonderes! Weite, weisse Landschaften, unendliche Ruhe und beeindruckende Gipfel lassen das Herz von Naturliebhabern h\u00f6her schlagen. Der Kungsleden ist nicht nur im Sommer f\u00fcr Trekking-Touren beliebt. Die Bergh\u00fctten \u00f6ffnen meist vor Ende Februar und bieten einfache, aber gem\u00fctliche Unterk\u00fcnfte f\u00fcr Skitourengeher im Winter an. Die Abst\u00e4nde<\/p>\n<a href=\"https:\/\/nikkaluokta.com\/de\/aktivitaeten\/aktivitaeten-winter\/kungsleden\" class=\"sohohotel-more-link\">Read More<i class=\"fa fa-angle-right\"><\/i><\/a>","protected":false},"author":1,"featured_media":0,"parent":283,"menu_order":0,"comment_status":"closed","ping_status":"closed","template":"","meta":{"footnotes":""},"class_list":["post-1217","page","type-page","status-publish","hentry"],"yoast_head":"<!-- This site is optimized with the Yoast SEO plugin v27.5 - https:\/\/yoast.com\/product\/yoast-seo-wordpress\/ -->\n<title>Kungsleden - Nikkaluokta Sarri AB<\/title>\n<meta name=\"robots\" content=\"index, follow, max-snippet:-1, max-image-preview:large, max-video-preview:-1\" \/>\n<link rel=\"canonical\" href=\"https:\/\/nikkaluokta.com\/de\/aktivitaeten\/aktivitaeten-winter\/kungsleden\" \/>\n<meta property=\"og:locale\" content=\"de_DE\" \/>\n<meta property=\"og:type\" content=\"article\" \/>\n<meta property=\"og:title\" content=\"Kungsleden - Nikkaluokta Sarri AB\" \/>\n<meta property=\"og:description\" content=\"Eine Skitour in den Schwedischen Bergen ist etwas ganz besonderes! Weite, weisse Landschaften, unendliche Ruhe und beeindruckende Gipfel lassen das Herz von Naturliebhabern h\u00f6her schlagen. Der Kungsleden ist nicht nur im Sommer f\u00fcr Trekking-Touren beliebt. Die Bergh\u00fctten \u00f6ffnen meist vor Ende Februar und bieten einfache, aber gem\u00fctliche Unterk\u00fcnfte f\u00fcr Skitourengeher im Winter an. Die Abst\u00e4nde\" \/>\n<meta property=\"og:url\" content=\"https:\/\/nikkaluokta.com\/de\/aktivitaeten\/aktivitaeten-winter\/kungsleden\" \/>\n<meta property=\"og:site_name\" content=\"Nikkaluokta Sarri AB\" \/>\n<meta property=\"article:publisher\" content=\"https:\/\/www.facebook.com\/Nikkaluoktasarri\/\" \/>\n<meta property=\"article:modified_time\" content=\"2016-12-18T08:28:47+00:00\" \/>\n<meta property=\"og:image\" content=\"http:\/\/nikkaluokta.com\/wp-content\/uploads\/2016\/02\/skidtur-kungsleden8.jpg\" \/>\n<meta name=\"twitter:card\" content=\"summary_large_image\" \/>\n<meta name=\"twitter:label1\" content=\"Gesch\u00e4tzte Lesezeit\" \/>\n\t<meta name=\"twitter:data1\" content=\"1\u00a0Minute\" \/>\n<script type=\"application\/ld+json\" class=\"yoast-schema-graph\">{\"@context\":\"https:\\\/\\\/schema.org\",\"@graph\":[{\"@type\":\"WebPage\",\"@id\":\"https:\\\/\\\/nikkaluokta.com\\\/de\\\/aktivitaeten\\\/aktivitaeten-winter\\\/kungsleden\",\"url\":\"https:\\\/\\\/nikkaluokta.com\\\/de\\\/aktivitaeten\\\/aktivitaeten-winter\\\/kungsleden\",\"name\":\"Kungsleden - Nikkaluokta Sarri AB\",\"isPartOf\":{\"@id\":\"https:\\\/\\\/nikkaluokta.com\\\/de\\\/#website\"},\"primaryImageOfPage\":{\"@id\":\"https:\\\/\\\/nikkaluokta.com\\\/de\\\/aktivitaeten\\\/aktivitaeten-winter\\\/kungsleden#primaryimage\"},\"image\":{\"@id\":\"https:\\\/\\\/nikkaluokta.com\\\/de\\\/aktivitaeten\\\/aktivitaeten-winter\\\/kungsleden#primaryimage\"},\"thumbnailUrl\":\"http:\\\/\\\/nikkaluokta.com\\\/wp-content\\\/uploads\\\/2016\\\/02\\\/skidtur-kungsleden8.jpg\",\"datePublished\":\"2016-04-30T13:22:22+00:00\",\"dateModified\":\"2016-12-18T08:28:47+00:00\",\"breadcrumb\":{\"@id\":\"https:\\\/\\\/nikkaluokta.com\\\/de\\\/aktivitaeten\\\/aktivitaeten-winter\\\/kungsleden#breadcrumb\"},\"inLanguage\":\"de\",\"potentialAction\":[{\"@type\":\"ReadAction\",\"target\":[\"https:\\\/\\\/nikkaluokta.com\\\/de\\\/aktivitaeten\\\/aktivitaeten-winter\\\/kungsleden\"]}]},{\"@type\":\"ImageObject\",\"inLanguage\":\"de\",\"@id\":\"https:\\\/\\\/nikkaluokta.com\\\/de\\\/aktivitaeten\\\/aktivitaeten-winter\\\/kungsleden#primaryimage\",\"url\":\"http:\\\/\\\/nikkaluokta.com\\\/wp-content\\\/uploads\\\/2016\\\/02\\\/skidtur-kungsleden8.jpg\",\"contentUrl\":\"http:\\\/\\\/nikkaluokta.com\\\/wp-content\\\/uploads\\\/2016\\\/02\\\/skidtur-kungsleden8.jpg\"},{\"@type\":\"BreadcrumbList\",\"@id\":\"https:\\\/\\\/nikkaluokta.com\\\/de\\\/aktivitaeten\\\/aktivitaeten-winter\\\/kungsleden#breadcrumb\",\"itemListElement\":[{\"@type\":\"ListItem\",\"position\":1,\"name\":\"Home\",\"item\":\"https:\\\/\\\/nikkaluokta.com\\\/de\"},{\"@type\":\"ListItem\",\"position\":2,\"name\":\"Aktivit\u00e4ten\",\"item\":\"https:\\\/\\\/nikkaluokta.com\\\/de\\\/aktivitaeten\"},{\"@type\":\"ListItem\",\"position\":3,\"name\":\"Winter\",\"item\":\"https:\\\/\\\/nikkaluokta.com\\\/de\\\/aktivitaeten\\\/aktivitaeten-winter\"},{\"@type\":\"ListItem\",\"position\":4,\"name\":\"Kungsleden\"}]},{\"@type\":\"WebSite\",\"@id\":\"https:\\\/\\\/nikkaluokta.com\\\/de\\\/#website\",\"url\":\"https:\\\/\\\/nikkaluokta.com\\\/de\\\/\",\"name\":\"Nikkaluokta Sarri AB\",\"description\":\"Mitt i en storslagen natur\",\"publisher\":{\"@id\":\"https:\\\/\\\/nikkaluokta.com\\\/de\\\/#organization\"},\"potentialAction\":[{\"@type\":\"SearchAction\",\"target\":{\"@type\":\"EntryPoint\",\"urlTemplate\":\"https:\\\/\\\/nikkaluokta.com\\\/de\\\/?s={search_term_string}\"},\"query-input\":{\"@type\":\"PropertyValueSpecification\",\"valueRequired\":true,\"valueName\":\"search_term_string\"}}],\"inLanguage\":\"de\"},{\"@type\":\"Organization\",\"@id\":\"https:\\\/\\\/nikkaluokta.com\\\/de\\\/#organization\",\"name\":\"Nikkaluokta Sarri AB\",\"url\":\"https:\\\/\\\/nikkaluokta.com\\\/de\\\/\",\"logo\":{\"@type\":\"ImageObject\",\"inLanguage\":\"de\",\"@id\":\"https:\\\/\\\/nikkaluokta.com\\\/de\\\/#\\\/schema\\\/logo\\\/image\\\/\",\"url\":\"https:\\\/\\\/media.nikkaluokta.com\\\/2019\\\/01\\\/Nikkaluokta-transp-logo.png\",\"contentUrl\":\"https:\\\/\\\/media.nikkaluokta.com\\\/2019\\\/01\\\/Nikkaluokta-transp-logo.png\",\"width\":800,\"height\":149,\"caption\":\"Nikkaluokta Sarri AB\"},\"image\":{\"@id\":\"https:\\\/\\\/nikkaluokta.com\\\/de\\\/#\\\/schema\\\/logo\\\/image\\\/\"},\"sameAs\":[\"https:\\\/\\\/www.facebook.com\\\/Nikkaluoktasarri\\\/\",\"https:\\\/\\\/www.instagram.com\\\/nikkaluoktasarri\\\/\"]}]}<\/script>\n<!-- \/ Yoast SEO plugin. -->","yoast_head_json":{"title":"Kungsleden - Nikkaluokta Sarri AB","robots":{"index":"index","follow":"follow","max-snippet":"max-snippet:-1","max-image-preview":"max-image-preview:large","max-video-preview":"max-video-preview:-1"},"canonical":"https:\/\/nikkaluokta.com\/de\/aktivitaeten\/aktivitaeten-winter\/kungsleden","og_locale":"de_DE","og_type":"article","og_title":"Kungsleden - Nikkaluokta Sarri AB","og_description":"Eine Skitour in den Schwedischen Bergen ist etwas ganz besonderes! Weite, weisse Landschaften, unendliche Ruhe und beeindruckende Gipfel lassen das Herz von Naturliebhabern h\u00f6her schlagen. Der Kungsleden ist nicht nur im Sommer f\u00fcr Trekking-Touren beliebt. Die Bergh\u00fctten \u00f6ffnen meist vor Ende Februar und bieten einfache, aber gem\u00fctliche Unterk\u00fcnfte f\u00fcr Skitourengeher im Winter an. Die Abst\u00e4nde","og_url":"https:\/\/nikkaluokta.com\/de\/aktivitaeten\/aktivitaeten-winter\/kungsleden","og_site_name":"Nikkaluokta Sarri AB","article_publisher":"https:\/\/www.facebook.com\/Nikkaluoktasarri\/","article_modified_time":"2016-12-18T08:28:47+00:00","og_image":[{"url":"http:\/\/nikkaluokta.com\/wp-content\/uploads\/2016\/02\/skidtur-kungsleden8.jpg","type":"","width":"","height":""}],"twitter_card":"summary_large_image","twitter_misc":{"Gesch\u00e4tzte Lesezeit":"1\u00a0Minute"},"schema":{"@context":"https:\/\/schema.org","@graph":[{"@type":"WebPage","@id":"https:\/\/nikkaluokta.com\/de\/aktivitaeten\/aktivitaeten-winter\/kungsleden","url":"https:\/\/nikkaluokta.com\/de\/aktivitaeten\/aktivitaeten-winter\/kungsleden","name":"Kungsleden - Nikkaluokta Sarri AB","isPartOf":{"@id":"https:\/\/nikkaluokta.com\/de\/#website"},"primaryImageOfPage":{"@id":"https:\/\/nikkaluokta.com\/de\/aktivitaeten\/aktivitaeten-winter\/kungsleden#primaryimage"},"image":{"@id":"https:\/\/nikkaluokta.com\/de\/aktivitaeten\/aktivitaeten-winter\/kungsleden#primaryimage"},"thumbnailUrl":"http:\/\/nikkaluokta.com\/wp-content\/uploads\/2016\/02\/skidtur-kungsleden8.jpg","datePublished":"2016-04-30T13:22:22+00:00","dateModified":"2016-12-18T08:28:47+00:00","breadcrumb":{"@id":"https:\/\/nikkaluokta.com\/de\/aktivitaeten\/aktivitaeten-winter\/kungsleden#breadcrumb"},"inLanguage":"de","potentialAction":[{"@type":"ReadAction","target":["https:\/\/nikkaluokta.com\/de\/aktivitaeten\/aktivitaeten-winter\/kungsleden"]}]},{"@type":"ImageObject","inLanguage":"de","@id":"https:\/\/nikkaluokta.com\/de\/aktivitaeten\/aktivitaeten-winter\/kungsleden#primaryimage","url":"http:\/\/nikkaluokta.com\/wp-content\/uploads\/2016\/02\/skidtur-kungsleden8.jpg","contentUrl":"http:\/\/nikkaluokta.com\/wp-content\/uploads\/2016\/02\/skidtur-kungsleden8.jpg"},{"@type":"BreadcrumbList","@id":"https:\/\/nikkaluokta.com\/de\/aktivitaeten\/aktivitaeten-winter\/kungsleden#breadcrumb","itemListElement":[{"@type":"ListItem","position":1,"name":"Home","item":"https:\/\/nikkaluokta.com\/de"},{"@type":"ListItem","position":2,"name":"Aktivit\u00e4ten","item":"https:\/\/nikkaluokta.com\/de\/aktivitaeten"},{"@type":"ListItem","position":3,"name":"Winter","item":"https:\/\/nikkaluokta.com\/de\/aktivitaeten\/aktivitaeten-winter"},{"@type":"ListItem","position":4,"name":"Kungsleden"}]},{"@type":"WebSite","@id":"https:\/\/nikkaluokta.com\/de\/#website","url":"https:\/\/nikkaluokta.com\/de\/","name":"Nikkaluokta Sarri AB","description":"Mitt i en storslagen natur","publisher":{"@id":"https:\/\/nikkaluokta.com\/de\/#organization"},"potentialAction":[{"@type":"SearchAction","target":{"@type":"EntryPoint","urlTemplate":"https:\/\/nikkaluokta.com\/de\/?s={search_term_string}"},"query-input":{"@type":"PropertyValueSpecification","valueRequired":true,"valueName":"search_term_string"}}],"inLanguage":"de"},{"@type":"Organization","@id":"https:\/\/nikkaluokta.com\/de\/#organization","name":"Nikkaluokta Sarri AB","url":"https:\/\/nikkaluokta.com\/de\/","logo":{"@type":"ImageObject","inLanguage":"de","@id":"https:\/\/nikkaluokta.com\/de\/#\/schema\/logo\/image\/","url":"https:\/\/media.nikkaluokta.com\/2019\/01\/Nikkaluokta-transp-logo.png","contentUrl":"https:\/\/media.nikkaluokta.com\/2019\/01\/Nikkaluokta-transp-logo.png","width":800,"height":149,"caption":"Nikkaluokta Sarri AB"},"image":{"@id":"https:\/\/nikkaluokta.com\/de\/#\/schema\/logo\/image\/"},"sameAs":["https:\/\/www.facebook.com\/Nikkaluoktasarri\/","https:\/\/www.instagram.com\/nikkaluoktasarri\/"]}]}},"_links":{"self":[{"href":"https:\/\/nikkaluokta.com\/de\/wp-json\/wp\/v2\/pages\/1217","targetHints":{"allow":["GET"]}}],"collection":[{"href":"https:\/\/nikkaluokta.com\/de\/wp-json\/wp\/v2\/pages"}],"about":[{"href":"https:\/\/nikkaluokta.com\/de\/wp-json\/wp\/v2\/types\/page"}],"author":[{"embeddable":true,"href":"https:\/\/nikkaluokta.com\/de\/wp-json\/wp\/v2\/users\/1"}],"replies":[{"embeddable":true,"href":"https:\/\/nikkaluokta.com\/de\/wp-json\/wp\/v2\/comments?post=1217"}],"version-history":[{"count":4,"href":"https:\/\/nikkaluokta.com\/de\/wp-json\/wp\/v2\/pages\/1217\/revisions"}],"predecessor-version":[{"id":1392,"href":"https:\/\/nikkaluokta.com\/de\/wp-json\/wp\/v2\/pages\/1217\/revisions\/1392"}],"up":[{"embeddable":true,"href":"https:\/\/nikkaluokta.com\/de\/wp-json\/wp\/v2\/pages\/283"}],"wp:attachment":[{"href":"https:\/\/nikkaluokta.com\/de\/wp-json\/wp\/v2\/media?parent=1217"}],"curies":[{"name":"wp","href":"https:\/\/api.w.org\/{rel}","templated":true}]}}