{"id":231,"date":"2014-03-27T10:57:10","date_gmt":"2014-03-27T09:57:10","guid":{"rendered":"http:\/\/nikkaluokta.com.loopiadns.com\/de\/the-weather-in-nikkaluokta"},"modified":"2016-12-18T09:20:55","modified_gmt":"2016-12-18T08:20:55","slug":"wetter-nikkaluokta","status":"publish","type":"page","link":"https:\/\/nikkaluokta.com\/de\/ueber-uns\/wetter-nikkaluokta","title":{"rendered":"Wetter in Nikkaluokta"},"content":{"rendered":"<p><em>&#8220;Alle reden \u00fcber das Wetter, aber niemand tut etwas dagegen!&#8221;<\/em><\/p>\n<p>Nikkaluokta ist stark mit der Wettervorhersage verkn\u00fcpft.<br \/>\nDank SMHI wird seit den 1950er Jahren t\u00e4glich \u00fcber das Wetter in Nikkaluokta berichtet.<\/p>\n<p>Seitdem waren einige K\u00e4lterekorde in Nikkaluokta zu vermelden!<\/p>\n<p>Leider k\u00f6nnnen wir das Wetter nicht beeinflussen, aber Sie k\u00f6nnen jederzeit die Vorhersagen pr\u00fcfen oder aber per Webcam einen Eindruck von der aktuellen Wettersituation in den Bergen gewinnen.<\/p>\n<p>Die Vorhersage wird zur Verf\u00fcgung gestellt von:<\/p>\n<p><a href=\"http:\/\/www.yr.no\/sted\/Sverige\/Norrbotten\/Nikkaluokta\/\" target=\"_blank\">Meteorologiskt Institutt<\/a><\/p>\n<p>V\u00e4gverket und Kiruna stellen ausserdem Bilder aus dem Vistas-Tal bei Nikkaluokta und den Blick von Rathaus in Kiruna nach Westen auf den Luossaj\u00e4rvi und die Berge zur Verf\u00fcgung:<\/p>\n<p>Vistasdelta<\/p>\n<p>Blick von Kiruna gen Westen zum Luossaj\u00e4rvi und auf die Berge<\/p>\n<p>Kebnekaise Bergstation<\/p>\n","protected":false},"excerpt":{"rendered":"<p>&#8220;Alle reden \u00fcber das Wetter, aber niemand tut etwas dagegen!&#8221; Nikkaluokta ist stark mit der Wettervorhersage verkn\u00fcpft. Dank SMHI wird seit den 1950er Jahren t\u00e4glich \u00fcber das Wetter in Nikkaluokta berichtet. Seitdem waren einige K\u00e4lterekorde in Nikkaluokta zu vermelden! Leider k\u00f6nnnen wir das Wetter nicht beeinflussen, aber Sie k\u00f6nnen jederzeit die Vorhersagen pr\u00fcfen oder aber<\/p>\n<a href=\"https:\/\/nikkaluokta.com\/de\/ueber-uns\/wetter-nikkaluokta\" class=\"sohohotel-more-link\">Read More<i class=\"fa fa-angle-right\"><\/i><\/a>","protected":false},"author":1,"featured_media":0,"parent":281,"menu_order":7,"comment_status":"closed","ping_status":"closed","template":"","meta":{"footnotes":""},"class_list":["post-231","page","type-page","status-publish","hentry"],"yoast_head":"<!-- This site is optimized with the Yoast SEO plugin v27.4 - https:\/\/yoast.com\/product\/yoast-seo-wordpress\/ -->\n<title>Wetter in Nikkaluokta - Nikkaluokta Sarri AB<\/title>\n<meta name=\"robots\" content=\"index, follow, max-snippet:-1, max-image-preview:large, max-video-preview:-1\" \/>\n<link rel=\"canonical\" href=\"https:\/\/nikkaluokta.com\/de\/ueber-uns\/wetter-nikkaluokta\" \/>\n<meta property=\"og:locale\" content=\"de_DE\" \/>\n<meta property=\"og:type\" content=\"article\" \/>\n<meta property=\"og:title\" content=\"Wetter in Nikkaluokta - Nikkaluokta Sarri AB\" \/>\n<meta property=\"og:description\" content=\"&#8220;Alle reden \u00fcber das Wetter, aber niemand tut etwas dagegen!&#8221; Nikkaluokta ist stark mit der Wettervorhersage verkn\u00fcpft. Dank SMHI wird seit den 1950er Jahren t\u00e4glich \u00fcber das Wetter in Nikkaluokta berichtet. Seitdem waren einige K\u00e4lterekorde in Nikkaluokta zu vermelden! Leider k\u00f6nnnen wir das Wetter nicht beeinflussen, aber Sie k\u00f6nnen jederzeit die Vorhersagen pr\u00fcfen oder aber\" \/>\n<meta property=\"og:url\" content=\"https:\/\/nikkaluokta.com\/de\/ueber-uns\/wetter-nikkaluokta\" \/>\n<meta property=\"og:site_name\" content=\"Nikkaluokta Sarri AB\" \/>\n<meta property=\"article:publisher\" content=\"https:\/\/www.facebook.com\/Nikkaluoktasarri\/\" \/>\n<meta property=\"article:modified_time\" content=\"2016-12-18T08:20:55+00:00\" \/>\n<meta property=\"og:image\" content=\"https:\/\/media.nikkaluokta.com\/2016\/02\/MG_5672.jpg\" \/>\n\t<meta property=\"og:image:width\" content=\"1000\" \/>\n\t<meta property=\"og:image:height\" content=\"562\" \/>\n\t<meta property=\"og:image:type\" content=\"image\/jpeg\" \/>\n<meta name=\"twitter:card\" content=\"summary_large_image\" \/>\n<meta name=\"twitter:label1\" content=\"Gesch\u00e4tzte Lesezeit\" \/>\n\t<meta name=\"twitter:data1\" content=\"1\u00a0Minute\" \/>\n<script type=\"application\/ld+json\" class=\"yoast-schema-graph\">{\"@context\":\"https:\\\/\\\/schema.org\",\"@graph\":[{\"@type\":\"WebPage\",\"@id\":\"https:\\\/\\\/nikkaluokta.com\\\/de\\\/ueber-uns\\\/wetter-nikkaluokta\",\"url\":\"https:\\\/\\\/nikkaluokta.com\\\/de\\\/ueber-uns\\\/wetter-nikkaluokta\",\"name\":\"Wetter in Nikkaluokta - Nikkaluokta Sarri AB\",\"isPartOf\":{\"@id\":\"https:\\\/\\\/nikkaluokta.com\\\/de\\\/#website\"},\"datePublished\":\"2014-03-27T09:57:10+00:00\",\"dateModified\":\"2016-12-18T08:20:55+00:00\",\"breadcrumb\":{\"@id\":\"https:\\\/\\\/nikkaluokta.com\\\/de\\\/ueber-uns\\\/wetter-nikkaluokta#breadcrumb\"},\"inLanguage\":\"de\",\"potentialAction\":[{\"@type\":\"ReadAction\",\"target\":[\"https:\\\/\\\/nikkaluokta.com\\\/de\\\/ueber-uns\\\/wetter-nikkaluokta\"]}]},{\"@type\":\"BreadcrumbList\",\"@id\":\"https:\\\/\\\/nikkaluokta.com\\\/de\\\/ueber-uns\\\/wetter-nikkaluokta#breadcrumb\",\"itemListElement\":[{\"@type\":\"ListItem\",\"position\":1,\"name\":\"Home\",\"item\":\"https:\\\/\\\/nikkaluokta.com\\\/de\"},{\"@type\":\"ListItem\",\"position\":2,\"name\":\"\u00dcber uns\",\"item\":\"https:\\\/\\\/nikkaluokta.com\\\/de\\\/ueber-uns\"},{\"@type\":\"ListItem\",\"position\":3,\"name\":\"Wetter in Nikkaluokta\"}]},{\"@type\":\"WebSite\",\"@id\":\"https:\\\/\\\/nikkaluokta.com\\\/de\\\/#website\",\"url\":\"https:\\\/\\\/nikkaluokta.com\\\/de\\\/\",\"name\":\"Nikkaluokta Sarri AB\",\"description\":\"Mitt i en storslagen natur\",\"publisher\":{\"@id\":\"https:\\\/\\\/nikkaluokta.com\\\/de\\\/#organization\"},\"potentialAction\":[{\"@type\":\"SearchAction\",\"target\":{\"@type\":\"EntryPoint\",\"urlTemplate\":\"https:\\\/\\\/nikkaluokta.com\\\/de\\\/?s={search_term_string}\"},\"query-input\":{\"@type\":\"PropertyValueSpecification\",\"valueRequired\":true,\"valueName\":\"search_term_string\"}}],\"inLanguage\":\"de\"},{\"@type\":\"Organization\",\"@id\":\"https:\\\/\\\/nikkaluokta.com\\\/de\\\/#organization\",\"name\":\"Nikkaluokta Sarri AB\",\"url\":\"https:\\\/\\\/nikkaluokta.com\\\/de\\\/\",\"logo\":{\"@type\":\"ImageObject\",\"inLanguage\":\"de\",\"@id\":\"https:\\\/\\\/nikkaluokta.com\\\/de\\\/#\\\/schema\\\/logo\\\/image\\\/\",\"url\":\"https:\\\/\\\/media.nikkaluokta.com\\\/2019\\\/01\\\/Nikkaluokta-transp-logo.png\",\"contentUrl\":\"https:\\\/\\\/media.nikkaluokta.com\\\/2019\\\/01\\\/Nikkaluokta-transp-logo.png\",\"width\":800,\"height\":149,\"caption\":\"Nikkaluokta Sarri AB\"},\"image\":{\"@id\":\"https:\\\/\\\/nikkaluokta.com\\\/de\\\/#\\\/schema\\\/logo\\\/image\\\/\"},\"sameAs\":[\"https:\\\/\\\/www.facebook.com\\\/Nikkaluoktasarri\\\/\",\"https:\\\/\\\/www.instagram.com\\\/nikkaluoktasarri\\\/\"]}]}<\/script>\n<!-- \/ Yoast SEO plugin. -->","yoast_head_json":{"title":"Wetter in Nikkaluokta - Nikkaluokta Sarri AB","robots":{"index":"index","follow":"follow","max-snippet":"max-snippet:-1","max-image-preview":"max-image-preview:large","max-video-preview":"max-video-preview:-1"},"canonical":"https:\/\/nikkaluokta.com\/de\/ueber-uns\/wetter-nikkaluokta","og_locale":"de_DE","og_type":"article","og_title":"Wetter in Nikkaluokta - Nikkaluokta Sarri AB","og_description":"&#8220;Alle reden \u00fcber das Wetter, aber niemand tut etwas dagegen!&#8221; Nikkaluokta ist stark mit der Wettervorhersage verkn\u00fcpft. Dank SMHI wird seit den 1950er Jahren t\u00e4glich \u00fcber das Wetter in Nikkaluokta berichtet. Seitdem waren einige K\u00e4lterekorde in Nikkaluokta zu vermelden! Leider k\u00f6nnnen wir das Wetter nicht beeinflussen, aber Sie k\u00f6nnen jederzeit die Vorhersagen pr\u00fcfen oder aber","og_url":"https:\/\/nikkaluokta.com\/de\/ueber-uns\/wetter-nikkaluokta","og_site_name":"Nikkaluokta Sarri AB","article_publisher":"https:\/\/www.facebook.com\/Nikkaluoktasarri\/","article_modified_time":"2016-12-18T08:20:55+00:00","og_image":[{"width":1000,"height":562,"url":"https:\/\/media.nikkaluokta.com\/2016\/02\/MG_5672.jpg","type":"image\/jpeg"}],"twitter_card":"summary_large_image","twitter_misc":{"Gesch\u00e4tzte Lesezeit":"1\u00a0Minute"},"schema":{"@context":"https:\/\/schema.org","@graph":[{"@type":"WebPage","@id":"https:\/\/nikkaluokta.com\/de\/ueber-uns\/wetter-nikkaluokta","url":"https:\/\/nikkaluokta.com\/de\/ueber-uns\/wetter-nikkaluokta","name":"Wetter in Nikkaluokta - Nikkaluokta Sarri AB","isPartOf":{"@id":"https:\/\/nikkaluokta.com\/de\/#website"},"datePublished":"2014-03-27T09:57:10+00:00","dateModified":"2016-12-18T08:20:55+00:00","breadcrumb":{"@id":"https:\/\/nikkaluokta.com\/de\/ueber-uns\/wetter-nikkaluokta#breadcrumb"},"inLanguage":"de","potentialAction":[{"@type":"ReadAction","target":["https:\/\/nikkaluokta.com\/de\/ueber-uns\/wetter-nikkaluokta"]}]},{"@type":"BreadcrumbList","@id":"https:\/\/nikkaluokta.com\/de\/ueber-uns\/wetter-nikkaluokta#breadcrumb","itemListElement":[{"@type":"ListItem","position":1,"name":"Home","item":"https:\/\/nikkaluokta.com\/de"},{"@type":"ListItem","position":2,"name":"\u00dcber uns","item":"https:\/\/nikkaluokta.com\/de\/ueber-uns"},{"@type":"ListItem","position":3,"name":"Wetter in Nikkaluokta"}]},{"@type":"WebSite","@id":"https:\/\/nikkaluokta.com\/de\/#website","url":"https:\/\/nikkaluokta.com\/de\/","name":"Nikkaluokta Sarri AB","description":"Mitt i en storslagen natur","publisher":{"@id":"https:\/\/nikkaluokta.com\/de\/#organization"},"potentialAction":[{"@type":"SearchAction","target":{"@type":"EntryPoint","urlTemplate":"https:\/\/nikkaluokta.com\/de\/?s={search_term_string}"},"query-input":{"@type":"PropertyValueSpecification","valueRequired":true,"valueName":"search_term_string"}}],"inLanguage":"de"},{"@type":"Organization","@id":"https:\/\/nikkaluokta.com\/de\/#organization","name":"Nikkaluokta Sarri AB","url":"https:\/\/nikkaluokta.com\/de\/","logo":{"@type":"ImageObject","inLanguage":"de","@id":"https:\/\/nikkaluokta.com\/de\/#\/schema\/logo\/image\/","url":"https:\/\/media.nikkaluokta.com\/2019\/01\/Nikkaluokta-transp-logo.png","contentUrl":"https:\/\/media.nikkaluokta.com\/2019\/01\/Nikkaluokta-transp-logo.png","width":800,"height":149,"caption":"Nikkaluokta Sarri AB"},"image":{"@id":"https:\/\/nikkaluokta.com\/de\/#\/schema\/logo\/image\/"},"sameAs":["https:\/\/www.facebook.com\/Nikkaluoktasarri\/","https:\/\/www.instagram.com\/nikkaluoktasarri\/"]}]}},"_links":{"self":[{"href":"https:\/\/nikkaluokta.com\/de\/wp-json\/wp\/v2\/pages\/231","targetHints":{"allow":["GET"]}}],"collection":[{"href":"https:\/\/nikkaluokta.com\/de\/wp-json\/wp\/v2\/pages"}],"about":[{"href":"https:\/\/nikkaluokta.com\/de\/wp-json\/wp\/v2\/types\/page"}],"author":[{"embeddable":true,"href":"https:\/\/nikkaluokta.com\/de\/wp-json\/wp\/v2\/users\/1"}],"replies":[{"embeddable":true,"href":"https:\/\/nikkaluokta.com\/de\/wp-json\/wp\/v2\/comments?post=231"}],"version-history":[{"count":2,"href":"https:\/\/nikkaluokta.com\/de\/wp-json\/wp\/v2\/pages\/231\/revisions"}],"predecessor-version":[{"id":764,"href":"https:\/\/nikkaluokta.com\/de\/wp-json\/wp\/v2\/pages\/231\/revisions\/764"}],"up":[{"embeddable":true,"href":"https:\/\/nikkaluokta.com\/de\/wp-json\/wp\/v2\/pages\/281"}],"wp:attachment":[{"href":"https:\/\/nikkaluokta.com\/de\/wp-json\/wp\/v2\/media?parent=231"}],"curies":[{"name":"wp","href":"https:\/\/api.w.org\/{rel}","templated":true}]}}