{"id":238,"date":"2014-03-27T10:52:46","date_gmt":"2014-03-27T09:52:46","guid":{"rendered":"http:\/\/nikkaluokta.com.loopiadns.com\/de\/faq"},"modified":"2023-07-21T16:51:02","modified_gmt":"2023-07-21T14:51:02","slug":"faq","status":"publish","type":"page","link":"https:\/\/nikkaluokta.com\/de\/ueber-uns\/faq","title":{"rendered":"FAQ"},"content":{"rendered":"<h2>Einige der am h\u00e4ufigsten gestellten Fragen<\/h2>\n<p><strong>Was kann man im Sommer in Nikkaluokta unternehmen?<\/strong><br \/>\nW\u00e4hrend des Sommers k\u00f6nnen Sie kurze oder auch lange Wanderungen unternehmen. Entweder entlang markierter Wege, oder einfach querfeldein. Erklimmen Sie den h\u00f6chsten H\u00fcgel im Dorf und besuchen Sie dort unsere kleine Kapelle. Erleben Sie eine Bootsfahrt mit gef\u00fchrter Fluss-Safari im Vista-Tal. Paddeln Sie selbst im Kanu, fliegen Sie im Helikopter, reiten Sie auf Islandpferden, probieren Sie eine S\u00e1mi-Fiesta. Oder testen Sie, wie gut sie mit dem Lasso sind!<\/p>\n<p><strong>Was kann man im Winter in Nikkaluokta unternehmen?<\/strong><br \/>\nIm Winter gibt es verschiedene Schneemobilspuren, welchen Sie entweder auf Ski oder mit dem Schneemobil folgen k\u00f6nnen. Sie k\u00f6nnnen sich von hier mit dem Schneemobil zur Kebnekaise Bergstation fahren lassen &#8211; es gibt mehrere Abfahrten pro Tag. In Nikkaluokta selbst k\u00f6nnen Sie sich in unserem Restaurant Sk\u00e1idi von der lokalen K\u00fcche verw\u00f6hnen lassen. Allein die Anfahrt nach Nikkaluokta mit ihren wundervollen Aussichten auf die Berge ist ein Erlebnis f\u00fcr sich. Aber geben Sie acht auf die Elche, die es im Winter hier zu hunderten gibt.<\/p>\n<p><strong>Ist es m\u00f6glich, einen Boottransfer in das Vistas-Tal zu buchen?<\/strong><br \/>\nW\u00e4hrend des Sommers bieten wir t\u00e4glich Transporte von Nikkaluokta in das untere Vistas-Tal (7 km) und in das obere Vistas-Tal (12 km) an. During the summer we have daily transport from Nikkaluokta to Lower Vistas (7km) and Upper Vistas (12km). Bitte buchen Sie im Voraus, kontaktieren Sie hierzu einfach unsere Rezeption.<\/p>\n<p><strong>Wie weit ist es zur Kebnekaise Bergstation?<\/strong><br \/>\nEs sind 19 km. Im Sommer k\u00f6nnen Sie 6 km einsparen, indem Sie das Boot \u00fcber den See Laddjuj\u00e1vri nehmen.<\/p>\n<p><strong>Gibt es ein Boot \u00fcber den Laddjuj\u00e1vri?<\/strong><br \/>\nIn der Sommersaison fahren mehrmals t\u00e4glich Boote \u00fcber den See. F\u00fcr die Abfahrtszeiten und weitere Informationen kontaktieren Sie:<br \/>\n+46 (0)980 &#8211; 550 35 Laddjuj\u00e1vri B\u00e5ttrafik <a href=\"http:\/\/www.enoks.se\" target=\"_blank\" rel=\"noopener\">www.enoks.se<\/a><\/p>\n<p><strong>Wie weit ist es zum Laddjuj\u00e1vri?<\/strong><br \/>\nEs sind ungef\u00e4hr 5,6 km und Sie ben\u00f6tigen ca. 1 &#8211; 1 1\/2 Stunden zu Fuss. Auf Ski k\u00f6nnen Sie ca. eine Stunde einplanen.<\/p>\n<p><strong>K\u00f6nnen wir unser Auto parken, wenn wir zu einer Bergtour aufbrechen?<\/strong><br \/>\nDas Langzeitparken ist geb\u00fchrenpflichtig . Bitte hinterlassen Sie bei Ankunft Ihr Fahrzeugkennzeichen an der Rezeption.<\/p>\n<p><strong>Gibt es Duschen in Nikkaluokta?<\/strong><br \/>\nDusche und Sauna gibt es im Servicegeb\u00e4ude. Eintritt in das Servicegeb\u00e4ude kostet 30 SEK.<\/p>\n<p><strong>K\u00f6nnen wir in Nikkaluokta unser Zelt aufbauen?<\/strong><br \/>\nJa. Im Preis inbegriffen ist der Zugang zum Servicegeb\u00e4ude mit Dusche, Sauna und K\u00fcche.<\/p>\n<p><strong>Kann man per Helikopter zur Kebnekaise Bergstation fliegen?<\/strong><br \/>\nVon Mittsommer bis September gibt es mehrmals t\u00e4glich Fl\u00fcge zur Bergstation. Zur Buchung und f\u00fcr mehr Informationen kontaktieren Sie bitte: Kallax Flyg +46 (0) 980-81000 or check on www.kallaxflyg.se<\/p>\n<p><strong>K\u00f6nnen wir unser Gep\u00e4ck zur Aufbewahrung abgeben?<\/strong><br \/>\nJa, wir vermieten Schliessf\u00e4cher zur Aufbewahrung.<\/p>\n","protected":false},"excerpt":{"rendered":"<p>Einige der am h\u00e4ufigsten gestellten Fragen Was kann man im Sommer in Nikkaluokta unternehmen? W\u00e4hrend des Sommers k\u00f6nnen Sie kurze oder auch lange Wanderungen unternehmen. Entweder entlang markierter Wege, oder einfach querfeldein. Erklimmen Sie den h\u00f6chsten H\u00fcgel im Dorf und besuchen Sie dort unsere kleine Kapelle. Erleben Sie eine Bootsfahrt mit gef\u00fchrter Fluss-Safari im Vista-Tal.<\/p>\n<a href=\"https:\/\/nikkaluokta.com\/de\/ueber-uns\/faq\" class=\"sohohotel-more-link\">Read More<i class=\"fa fa-angle-right\"><\/i><\/a>","protected":false},"author":1,"featured_media":0,"parent":281,"menu_order":1,"comment_status":"closed","ping_status":"closed","template":"","meta":{"footnotes":""},"class_list":["post-238","page","type-page","status-publish","hentry"],"yoast_head":"<!-- This site is optimized with the Yoast SEO plugin v27.5 - https:\/\/yoast.com\/product\/yoast-seo-wordpress\/ -->\n<title>FAQ - Nikkaluokta Sarri AB<\/title>\n<meta name=\"robots\" content=\"index, follow, max-snippet:-1, max-image-preview:large, max-video-preview:-1\" \/>\n<link rel=\"canonical\" href=\"https:\/\/nikkaluokta.com\/de\/ueber-uns\/faq\" \/>\n<meta property=\"og:locale\" content=\"de_DE\" \/>\n<meta property=\"og:type\" content=\"article\" \/>\n<meta property=\"og:title\" content=\"FAQ - Nikkaluokta Sarri AB\" \/>\n<meta property=\"og:description\" content=\"Einige der am h\u00e4ufigsten gestellten Fragen Was kann man im Sommer in Nikkaluokta unternehmen? W\u00e4hrend des Sommers k\u00f6nnen Sie kurze oder auch lange Wanderungen unternehmen. Entweder entlang markierter Wege, oder einfach querfeldein. Erklimmen Sie den h\u00f6chsten H\u00fcgel im Dorf und besuchen Sie dort unsere kleine Kapelle. Erleben Sie eine Bootsfahrt mit gef\u00fchrter Fluss-Safari im Vista-Tal.\" \/>\n<meta property=\"og:url\" content=\"https:\/\/nikkaluokta.com\/de\/ueber-uns\/faq\" \/>\n<meta property=\"og:site_name\" content=\"Nikkaluokta Sarri AB\" \/>\n<meta property=\"article:publisher\" content=\"https:\/\/www.facebook.com\/Nikkaluoktasarri\/\" \/>\n<meta property=\"article:modified_time\" content=\"2023-07-21T14:51:02+00:00\" \/>\n<meta property=\"og:image\" content=\"https:\/\/media.nikkaluokta.com\/2016\/02\/MG_5672.jpg\" \/>\n\t<meta property=\"og:image:width\" content=\"1000\" \/>\n\t<meta property=\"og:image:height\" content=\"562\" \/>\n\t<meta property=\"og:image:type\" content=\"image\/jpeg\" \/>\n<meta name=\"twitter:card\" content=\"summary_large_image\" \/>\n<meta name=\"twitter:label1\" content=\"Gesch\u00e4tzte Lesezeit\" \/>\n\t<meta name=\"twitter:data1\" content=\"3\u00a0Minuten\" \/>\n<script type=\"application\/ld+json\" class=\"yoast-schema-graph\">{\"@context\":\"https:\\\/\\\/schema.org\",\"@graph\":[{\"@type\":\"WebPage\",\"@id\":\"https:\\\/\\\/nikkaluokta.com\\\/de\\\/ueber-uns\\\/faq\",\"url\":\"https:\\\/\\\/nikkaluokta.com\\\/de\\\/ueber-uns\\\/faq\",\"name\":\"FAQ - Nikkaluokta Sarri AB\",\"isPartOf\":{\"@id\":\"https:\\\/\\\/nikkaluokta.com\\\/de\\\/#website\"},\"datePublished\":\"2014-03-27T09:52:46+00:00\",\"dateModified\":\"2023-07-21T14:51:02+00:00\",\"breadcrumb\":{\"@id\":\"https:\\\/\\\/nikkaluokta.com\\\/de\\\/ueber-uns\\\/faq#breadcrumb\"},\"inLanguage\":\"de\",\"potentialAction\":[{\"@type\":\"ReadAction\",\"target\":[\"https:\\\/\\\/nikkaluokta.com\\\/de\\\/ueber-uns\\\/faq\"]}]},{\"@type\":\"BreadcrumbList\",\"@id\":\"https:\\\/\\\/nikkaluokta.com\\\/de\\\/ueber-uns\\\/faq#breadcrumb\",\"itemListElement\":[{\"@type\":\"ListItem\",\"position\":1,\"name\":\"Home\",\"item\":\"https:\\\/\\\/nikkaluokta.com\\\/de\"},{\"@type\":\"ListItem\",\"position\":2,\"name\":\"\u00dcber uns\",\"item\":\"https:\\\/\\\/nikkaluokta.com\\\/de\\\/ueber-uns\"},{\"@type\":\"ListItem\",\"position\":3,\"name\":\"FAQ\"}]},{\"@type\":\"WebSite\",\"@id\":\"https:\\\/\\\/nikkaluokta.com\\\/de\\\/#website\",\"url\":\"https:\\\/\\\/nikkaluokta.com\\\/de\\\/\",\"name\":\"Nikkaluokta Sarri AB\",\"description\":\"Mitt i en storslagen natur\",\"publisher\":{\"@id\":\"https:\\\/\\\/nikkaluokta.com\\\/de\\\/#organization\"},\"potentialAction\":[{\"@type\":\"SearchAction\",\"target\":{\"@type\":\"EntryPoint\",\"urlTemplate\":\"https:\\\/\\\/nikkaluokta.com\\\/de\\\/?s={search_term_string}\"},\"query-input\":{\"@type\":\"PropertyValueSpecification\",\"valueRequired\":true,\"valueName\":\"search_term_string\"}}],\"inLanguage\":\"de\"},{\"@type\":\"Organization\",\"@id\":\"https:\\\/\\\/nikkaluokta.com\\\/de\\\/#organization\",\"name\":\"Nikkaluokta Sarri AB\",\"url\":\"https:\\\/\\\/nikkaluokta.com\\\/de\\\/\",\"logo\":{\"@type\":\"ImageObject\",\"inLanguage\":\"de\",\"@id\":\"https:\\\/\\\/nikkaluokta.com\\\/de\\\/#\\\/schema\\\/logo\\\/image\\\/\",\"url\":\"https:\\\/\\\/media.nikkaluokta.com\\\/2019\\\/01\\\/Nikkaluokta-transp-logo.png\",\"contentUrl\":\"https:\\\/\\\/media.nikkaluokta.com\\\/2019\\\/01\\\/Nikkaluokta-transp-logo.png\",\"width\":800,\"height\":149,\"caption\":\"Nikkaluokta Sarri AB\"},\"image\":{\"@id\":\"https:\\\/\\\/nikkaluokta.com\\\/de\\\/#\\\/schema\\\/logo\\\/image\\\/\"},\"sameAs\":[\"https:\\\/\\\/www.facebook.com\\\/Nikkaluoktasarri\\\/\",\"https:\\\/\\\/www.instagram.com\\\/nikkaluoktasarri\\\/\"]}]}<\/script>\n<!-- \/ Yoast SEO plugin. -->","yoast_head_json":{"title":"FAQ - Nikkaluokta Sarri AB","robots":{"index":"index","follow":"follow","max-snippet":"max-snippet:-1","max-image-preview":"max-image-preview:large","max-video-preview":"max-video-preview:-1"},"canonical":"https:\/\/nikkaluokta.com\/de\/ueber-uns\/faq","og_locale":"de_DE","og_type":"article","og_title":"FAQ - Nikkaluokta Sarri AB","og_description":"Einige der am h\u00e4ufigsten gestellten Fragen Was kann man im Sommer in Nikkaluokta unternehmen? W\u00e4hrend des Sommers k\u00f6nnen Sie kurze oder auch lange Wanderungen unternehmen. Entweder entlang markierter Wege, oder einfach querfeldein. Erklimmen Sie den h\u00f6chsten H\u00fcgel im Dorf und besuchen Sie dort unsere kleine Kapelle. Erleben Sie eine Bootsfahrt mit gef\u00fchrter Fluss-Safari im Vista-Tal.","og_url":"https:\/\/nikkaluokta.com\/de\/ueber-uns\/faq","og_site_name":"Nikkaluokta Sarri AB","article_publisher":"https:\/\/www.facebook.com\/Nikkaluoktasarri\/","article_modified_time":"2023-07-21T14:51:02+00:00","og_image":[{"width":1000,"height":562,"url":"https:\/\/media.nikkaluokta.com\/2016\/02\/MG_5672.jpg","type":"image\/jpeg"}],"twitter_card":"summary_large_image","twitter_misc":{"Gesch\u00e4tzte Lesezeit":"3\u00a0Minuten"},"schema":{"@context":"https:\/\/schema.org","@graph":[{"@type":"WebPage","@id":"https:\/\/nikkaluokta.com\/de\/ueber-uns\/faq","url":"https:\/\/nikkaluokta.com\/de\/ueber-uns\/faq","name":"FAQ - Nikkaluokta Sarri AB","isPartOf":{"@id":"https:\/\/nikkaluokta.com\/de\/#website"},"datePublished":"2014-03-27T09:52:46+00:00","dateModified":"2023-07-21T14:51:02+00:00","breadcrumb":{"@id":"https:\/\/nikkaluokta.com\/de\/ueber-uns\/faq#breadcrumb"},"inLanguage":"de","potentialAction":[{"@type":"ReadAction","target":["https:\/\/nikkaluokta.com\/de\/ueber-uns\/faq"]}]},{"@type":"BreadcrumbList","@id":"https:\/\/nikkaluokta.com\/de\/ueber-uns\/faq#breadcrumb","itemListElement":[{"@type":"ListItem","position":1,"name":"Home","item":"https:\/\/nikkaluokta.com\/de"},{"@type":"ListItem","position":2,"name":"\u00dcber uns","item":"https:\/\/nikkaluokta.com\/de\/ueber-uns"},{"@type":"ListItem","position":3,"name":"FAQ"}]},{"@type":"WebSite","@id":"https:\/\/nikkaluokta.com\/de\/#website","url":"https:\/\/nikkaluokta.com\/de\/","name":"Nikkaluokta Sarri AB","description":"Mitt i en storslagen natur","publisher":{"@id":"https:\/\/nikkaluokta.com\/de\/#organization"},"potentialAction":[{"@type":"SearchAction","target":{"@type":"EntryPoint","urlTemplate":"https:\/\/nikkaluokta.com\/de\/?s={search_term_string}"},"query-input":{"@type":"PropertyValueSpecification","valueRequired":true,"valueName":"search_term_string"}}],"inLanguage":"de"},{"@type":"Organization","@id":"https:\/\/nikkaluokta.com\/de\/#organization","name":"Nikkaluokta Sarri AB","url":"https:\/\/nikkaluokta.com\/de\/","logo":{"@type":"ImageObject","inLanguage":"de","@id":"https:\/\/nikkaluokta.com\/de\/#\/schema\/logo\/image\/","url":"https:\/\/media.nikkaluokta.com\/2019\/01\/Nikkaluokta-transp-logo.png","contentUrl":"https:\/\/media.nikkaluokta.com\/2019\/01\/Nikkaluokta-transp-logo.png","width":800,"height":149,"caption":"Nikkaluokta Sarri AB"},"image":{"@id":"https:\/\/nikkaluokta.com\/de\/#\/schema\/logo\/image\/"},"sameAs":["https:\/\/www.facebook.com\/Nikkaluoktasarri\/","https:\/\/www.instagram.com\/nikkaluoktasarri\/"]}]}},"_links":{"self":[{"href":"https:\/\/nikkaluokta.com\/de\/wp-json\/wp\/v2\/pages\/238","targetHints":{"allow":["GET"]}}],"collection":[{"href":"https:\/\/nikkaluokta.com\/de\/wp-json\/wp\/v2\/pages"}],"about":[{"href":"https:\/\/nikkaluokta.com\/de\/wp-json\/wp\/v2\/types\/page"}],"author":[{"embeddable":true,"href":"https:\/\/nikkaluokta.com\/de\/wp-json\/wp\/v2\/users\/1"}],"replies":[{"embeddable":true,"href":"https:\/\/nikkaluokta.com\/de\/wp-json\/wp\/v2\/comments?post=238"}],"version-history":[{"count":7,"href":"https:\/\/nikkaluokta.com\/de\/wp-json\/wp\/v2\/pages\/238\/revisions"}],"predecessor-version":[{"id":3487,"href":"https:\/\/nikkaluokta.com\/de\/wp-json\/wp\/v2\/pages\/238\/revisions\/3487"}],"up":[{"embeddable":true,"href":"https:\/\/nikkaluokta.com\/de\/wp-json\/wp\/v2\/pages\/281"}],"wp:attachment":[{"href":"https:\/\/nikkaluokta.com\/de\/wp-json\/wp\/v2\/media?parent=238"}],"curies":[{"name":"wp","href":"https:\/\/api.w.org\/{rel}","templated":true}]}}