{"id":240,"date":"2014-03-27T10:52:06","date_gmt":"2014-03-27T09:52:06","guid":{"rendered":"http:\/\/nikkaluokta.com.loopiadns.com\/de\/environment-and-quality"},"modified":"2016-12-18T09:19:05","modified_gmt":"2016-12-18T08:19:05","slug":"umwelt-qualitaet","status":"publish","type":"page","link":"https:\/\/nikkaluokta.com\/de\/ueber-uns\/umwelt-qualitaet","title":{"rendered":"Umwelt und Qualit\u00e4t"},"content":{"rendered":"<p>Langfristige und nachhaltige Entwicklung ist f\u00fcr uns S\u00e1mi selbstverst\u00e4ndlich.<\/p>\n<p>Wir besch\u00fctzen unser einzigartiges Naturerbe. Daher sind wir nach ISO 14001 ausgebildet und zertifiziert.<\/p>\n<p>Unser Zeil f\u00fcr die Umwelt ist es, unsere Siedlung und die umgebende Natur sauber und in einem unverdorbenem Zustand zu belassen. Wir setzen alles daran, dieses Bewusstsein auch den anderen Menschen und G\u00e4sten nahezubringen, so da\u00df auch sie dabei helfen, Natur und Bergwelt zu besch\u00fctzen.<\/p>\n<p>Nat\u00fcrlich belassen wir es nicht bei dem schon erreichten. Wir arbeiten best\u00e4ndig an einer weiteren Verbesserung von Qualit\u00e4t und Umweltschutz in Nikkaluokta.<\/p>\n<p>Ausserdem arbeiten wir mit VisitS\u00e1pmi zusammen und uns wurde das Qualtit\u00e4tssiegel &#8220;S\u00e1pmi Experience&#8221; verliehen. Wir achten best\u00e4ndig darauf, unsere S\u00e1mi-Grundwerte und -Ethik zu befolgen.<br \/>\n<a href=\"http:\/\/www.visitsapmi.com\/\" target=\"_blank\">Visit S\u00e1pmi<\/a><\/p>\n<p>Auch in unserem Restaurant Sk\u00e1idi haben sich unsere Qualit\u00e4tsbem\u00fchungen ausgezahlt: In Anerkennung f\u00fcr die Verwendung lokaler Produkte und die Reduzierung von Schad- und Zusatzstoffen in den verwendeten Lebensmitteln wurde uns die Auszeichnung &#8220;Slow Food S\u00e1pmi&#8221; verliehen.<br \/>\n<a href=\"http:\/\/www.slowfood.sapmi.com\/\" target=\"_blank\">Slowfood S\u00e1pmi<\/a><\/p>\n","protected":false},"excerpt":{"rendered":"<p>Langfristige und nachhaltige Entwicklung ist f\u00fcr uns S\u00e1mi selbstverst\u00e4ndlich. Wir besch\u00fctzen unser einzigartiges Naturerbe. Daher sind wir nach ISO 14001 ausgebildet und zertifiziert. Unser Zeil f\u00fcr die Umwelt ist es, unsere Siedlung und die umgebende Natur sauber und in einem unverdorbenem Zustand zu belassen. Wir setzen alles daran, dieses Bewusstsein auch den anderen Menschen und<\/p>\n<a href=\"https:\/\/nikkaluokta.com\/de\/ueber-uns\/umwelt-qualitaet\" class=\"sohohotel-more-link\">Read More<i class=\"fa fa-angle-right\"><\/i><\/a>","protected":false},"author":1,"featured_media":0,"parent":281,"menu_order":4,"comment_status":"closed","ping_status":"closed","template":"","meta":{"footnotes":""},"class_list":["post-240","page","type-page","status-publish","hentry"],"yoast_head":"<!-- This site is optimized with the Yoast SEO plugin v27.5 - https:\/\/yoast.com\/product\/yoast-seo-wordpress\/ -->\n<title>Umwelt und Qualit\u00e4t - Nikkaluokta Sarri AB<\/title>\n<meta name=\"robots\" content=\"index, follow, max-snippet:-1, max-image-preview:large, max-video-preview:-1\" \/>\n<link rel=\"canonical\" href=\"https:\/\/nikkaluokta.com\/de\/ueber-uns\/umwelt-qualitaet\" \/>\n<meta property=\"og:locale\" content=\"de_DE\" \/>\n<meta property=\"og:type\" content=\"article\" \/>\n<meta property=\"og:title\" content=\"Umwelt und Qualit\u00e4t - Nikkaluokta Sarri AB\" \/>\n<meta property=\"og:description\" content=\"Langfristige und nachhaltige Entwicklung ist f\u00fcr uns S\u00e1mi selbstverst\u00e4ndlich. Wir besch\u00fctzen unser einzigartiges Naturerbe. Daher sind wir nach ISO 14001 ausgebildet und zertifiziert. Unser Zeil f\u00fcr die Umwelt ist es, unsere Siedlung und die umgebende Natur sauber und in einem unverdorbenem Zustand zu belassen. Wir setzen alles daran, dieses Bewusstsein auch den anderen Menschen und\" \/>\n<meta property=\"og:url\" content=\"https:\/\/nikkaluokta.com\/de\/ueber-uns\/umwelt-qualitaet\" \/>\n<meta property=\"og:site_name\" content=\"Nikkaluokta Sarri AB\" \/>\n<meta property=\"article:publisher\" content=\"https:\/\/www.facebook.com\/Nikkaluoktasarri\/\" \/>\n<meta property=\"article:modified_time\" content=\"2016-12-18T08:19:05+00:00\" \/>\n<meta property=\"og:image\" content=\"https:\/\/media.nikkaluokta.com\/2016\/02\/MG_5672.jpg\" \/>\n\t<meta property=\"og:image:width\" content=\"1000\" \/>\n\t<meta property=\"og:image:height\" content=\"562\" \/>\n\t<meta property=\"og:image:type\" content=\"image\/jpeg\" \/>\n<meta name=\"twitter:card\" content=\"summary_large_image\" \/>\n<meta name=\"twitter:label1\" content=\"Gesch\u00e4tzte Lesezeit\" \/>\n\t<meta name=\"twitter:data1\" content=\"1\u00a0Minute\" \/>\n<script type=\"application\/ld+json\" class=\"yoast-schema-graph\">{\"@context\":\"https:\\\/\\\/schema.org\",\"@graph\":[{\"@type\":\"WebPage\",\"@id\":\"https:\\\/\\\/nikkaluokta.com\\\/de\\\/ueber-uns\\\/umwelt-qualitaet\",\"url\":\"https:\\\/\\\/nikkaluokta.com\\\/de\\\/ueber-uns\\\/umwelt-qualitaet\",\"name\":\"Umwelt und Qualit\u00e4t - Nikkaluokta Sarri AB\",\"isPartOf\":{\"@id\":\"https:\\\/\\\/nikkaluokta.com\\\/de\\\/#website\"},\"datePublished\":\"2014-03-27T09:52:06+00:00\",\"dateModified\":\"2016-12-18T08:19:05+00:00\",\"breadcrumb\":{\"@id\":\"https:\\\/\\\/nikkaluokta.com\\\/de\\\/ueber-uns\\\/umwelt-qualitaet#breadcrumb\"},\"inLanguage\":\"de\",\"potentialAction\":[{\"@type\":\"ReadAction\",\"target\":[\"https:\\\/\\\/nikkaluokta.com\\\/de\\\/ueber-uns\\\/umwelt-qualitaet\"]}]},{\"@type\":\"BreadcrumbList\",\"@id\":\"https:\\\/\\\/nikkaluokta.com\\\/de\\\/ueber-uns\\\/umwelt-qualitaet#breadcrumb\",\"itemListElement\":[{\"@type\":\"ListItem\",\"position\":1,\"name\":\"Home\",\"item\":\"https:\\\/\\\/nikkaluokta.com\\\/de\"},{\"@type\":\"ListItem\",\"position\":2,\"name\":\"\u00dcber uns\",\"item\":\"https:\\\/\\\/nikkaluokta.com\\\/de\\\/ueber-uns\"},{\"@type\":\"ListItem\",\"position\":3,\"name\":\"Umwelt und Qualit\u00e4t\"}]},{\"@type\":\"WebSite\",\"@id\":\"https:\\\/\\\/nikkaluokta.com\\\/de\\\/#website\",\"url\":\"https:\\\/\\\/nikkaluokta.com\\\/de\\\/\",\"name\":\"Nikkaluokta Sarri AB\",\"description\":\"Mitt i en storslagen natur\",\"publisher\":{\"@id\":\"https:\\\/\\\/nikkaluokta.com\\\/de\\\/#organization\"},\"potentialAction\":[{\"@type\":\"SearchAction\",\"target\":{\"@type\":\"EntryPoint\",\"urlTemplate\":\"https:\\\/\\\/nikkaluokta.com\\\/de\\\/?s={search_term_string}\"},\"query-input\":{\"@type\":\"PropertyValueSpecification\",\"valueRequired\":true,\"valueName\":\"search_term_string\"}}],\"inLanguage\":\"de\"},{\"@type\":\"Organization\",\"@id\":\"https:\\\/\\\/nikkaluokta.com\\\/de\\\/#organization\",\"name\":\"Nikkaluokta Sarri AB\",\"url\":\"https:\\\/\\\/nikkaluokta.com\\\/de\\\/\",\"logo\":{\"@type\":\"ImageObject\",\"inLanguage\":\"de\",\"@id\":\"https:\\\/\\\/nikkaluokta.com\\\/de\\\/#\\\/schema\\\/logo\\\/image\\\/\",\"url\":\"https:\\\/\\\/media.nikkaluokta.com\\\/2019\\\/01\\\/Nikkaluokta-transp-logo.png\",\"contentUrl\":\"https:\\\/\\\/media.nikkaluokta.com\\\/2019\\\/01\\\/Nikkaluokta-transp-logo.png\",\"width\":800,\"height\":149,\"caption\":\"Nikkaluokta Sarri AB\"},\"image\":{\"@id\":\"https:\\\/\\\/nikkaluokta.com\\\/de\\\/#\\\/schema\\\/logo\\\/image\\\/\"},\"sameAs\":[\"https:\\\/\\\/www.facebook.com\\\/Nikkaluoktasarri\\\/\",\"https:\\\/\\\/www.instagram.com\\\/nikkaluoktasarri\\\/\"]}]}<\/script>\n<!-- \/ Yoast SEO plugin. -->","yoast_head_json":{"title":"Umwelt und Qualit\u00e4t - Nikkaluokta Sarri AB","robots":{"index":"index","follow":"follow","max-snippet":"max-snippet:-1","max-image-preview":"max-image-preview:large","max-video-preview":"max-video-preview:-1"},"canonical":"https:\/\/nikkaluokta.com\/de\/ueber-uns\/umwelt-qualitaet","og_locale":"de_DE","og_type":"article","og_title":"Umwelt und Qualit\u00e4t - Nikkaluokta Sarri AB","og_description":"Langfristige und nachhaltige Entwicklung ist f\u00fcr uns S\u00e1mi selbstverst\u00e4ndlich. Wir besch\u00fctzen unser einzigartiges Naturerbe. Daher sind wir nach ISO 14001 ausgebildet und zertifiziert. Unser Zeil f\u00fcr die Umwelt ist es, unsere Siedlung und die umgebende Natur sauber und in einem unverdorbenem Zustand zu belassen. Wir setzen alles daran, dieses Bewusstsein auch den anderen Menschen und","og_url":"https:\/\/nikkaluokta.com\/de\/ueber-uns\/umwelt-qualitaet","og_site_name":"Nikkaluokta Sarri AB","article_publisher":"https:\/\/www.facebook.com\/Nikkaluoktasarri\/","article_modified_time":"2016-12-18T08:19:05+00:00","og_image":[{"width":1000,"height":562,"url":"https:\/\/media.nikkaluokta.com\/2016\/02\/MG_5672.jpg","type":"image\/jpeg"}],"twitter_card":"summary_large_image","twitter_misc":{"Gesch\u00e4tzte Lesezeit":"1\u00a0Minute"},"schema":{"@context":"https:\/\/schema.org","@graph":[{"@type":"WebPage","@id":"https:\/\/nikkaluokta.com\/de\/ueber-uns\/umwelt-qualitaet","url":"https:\/\/nikkaluokta.com\/de\/ueber-uns\/umwelt-qualitaet","name":"Umwelt und Qualit\u00e4t - Nikkaluokta Sarri AB","isPartOf":{"@id":"https:\/\/nikkaluokta.com\/de\/#website"},"datePublished":"2014-03-27T09:52:06+00:00","dateModified":"2016-12-18T08:19:05+00:00","breadcrumb":{"@id":"https:\/\/nikkaluokta.com\/de\/ueber-uns\/umwelt-qualitaet#breadcrumb"},"inLanguage":"de","potentialAction":[{"@type":"ReadAction","target":["https:\/\/nikkaluokta.com\/de\/ueber-uns\/umwelt-qualitaet"]}]},{"@type":"BreadcrumbList","@id":"https:\/\/nikkaluokta.com\/de\/ueber-uns\/umwelt-qualitaet#breadcrumb","itemListElement":[{"@type":"ListItem","position":1,"name":"Home","item":"https:\/\/nikkaluokta.com\/de"},{"@type":"ListItem","position":2,"name":"\u00dcber uns","item":"https:\/\/nikkaluokta.com\/de\/ueber-uns"},{"@type":"ListItem","position":3,"name":"Umwelt und Qualit\u00e4t"}]},{"@type":"WebSite","@id":"https:\/\/nikkaluokta.com\/de\/#website","url":"https:\/\/nikkaluokta.com\/de\/","name":"Nikkaluokta Sarri AB","description":"Mitt i en storslagen natur","publisher":{"@id":"https:\/\/nikkaluokta.com\/de\/#organization"},"potentialAction":[{"@type":"SearchAction","target":{"@type":"EntryPoint","urlTemplate":"https:\/\/nikkaluokta.com\/de\/?s={search_term_string}"},"query-input":{"@type":"PropertyValueSpecification","valueRequired":true,"valueName":"search_term_string"}}],"inLanguage":"de"},{"@type":"Organization","@id":"https:\/\/nikkaluokta.com\/de\/#organization","name":"Nikkaluokta Sarri AB","url":"https:\/\/nikkaluokta.com\/de\/","logo":{"@type":"ImageObject","inLanguage":"de","@id":"https:\/\/nikkaluokta.com\/de\/#\/schema\/logo\/image\/","url":"https:\/\/media.nikkaluokta.com\/2019\/01\/Nikkaluokta-transp-logo.png","contentUrl":"https:\/\/media.nikkaluokta.com\/2019\/01\/Nikkaluokta-transp-logo.png","width":800,"height":149,"caption":"Nikkaluokta Sarri AB"},"image":{"@id":"https:\/\/nikkaluokta.com\/de\/#\/schema\/logo\/image\/"},"sameAs":["https:\/\/www.facebook.com\/Nikkaluoktasarri\/","https:\/\/www.instagram.com\/nikkaluoktasarri\/"]}]}},"_links":{"self":[{"href":"https:\/\/nikkaluokta.com\/de\/wp-json\/wp\/v2\/pages\/240","targetHints":{"allow":["GET"]}}],"collection":[{"href":"https:\/\/nikkaluokta.com\/de\/wp-json\/wp\/v2\/pages"}],"about":[{"href":"https:\/\/nikkaluokta.com\/de\/wp-json\/wp\/v2\/types\/page"}],"author":[{"embeddable":true,"href":"https:\/\/nikkaluokta.com\/de\/wp-json\/wp\/v2\/users\/1"}],"replies":[{"embeddable":true,"href":"https:\/\/nikkaluokta.com\/de\/wp-json\/wp\/v2\/comments?post=240"}],"version-history":[{"count":4,"href":"https:\/\/nikkaluokta.com\/de\/wp-json\/wp\/v2\/pages\/240\/revisions"}],"predecessor-version":[{"id":1314,"href":"https:\/\/nikkaluokta.com\/de\/wp-json\/wp\/v2\/pages\/240\/revisions\/1314"}],"up":[{"embeddable":true,"href":"https:\/\/nikkaluokta.com\/de\/wp-json\/wp\/v2\/pages\/281"}],"wp:attachment":[{"href":"https:\/\/nikkaluokta.com\/de\/wp-json\/wp\/v2\/media?parent=240"}],"curies":[{"name":"wp","href":"https:\/\/api.w.org\/{rel}","templated":true}]}}