{"id":247,"date":"2014-03-18T18:06:29","date_gmt":"2014-03-18T17:06:29","guid":{"rendered":"http:\/\/nikkaluokta.com.loopiadns.com\/de\/mountain-hiking"},"modified":"2016-12-18T09:25:06","modified_gmt":"2016-12-18T08:25:06","slug":"bergwandern","status":"publish","type":"page","link":"https:\/\/nikkaluokta.com\/de\/aktivitaeten\/aktivitaeten-sommer\/bergwandern","title":{"rendered":"Bergwandern"},"content":{"rendered":"<h2><img loading=\"lazy\" decoding=\"async\" class=\"aligncenter size-full wp-image-1080\" src=\"http:\/\/nikkaluokta.com\/wp-content\/uploads\/2016\/02\/aelg-nikkaluokta-1.jpg\" alt=\"aelg-nikkaluokta\" width=\"1000\" height=\"562\" srcset=\"http:\/\/media.nikkaluokta.com\/2016\/02\/aelg-nikkaluokta-1.jpg 1000w, http:\/\/media.nikkaluokta.com\/2016\/02\/aelg-nikkaluokta-1-300x169.jpg 300w, http:\/\/media.nikkaluokta.com\/2016\/02\/aelg-nikkaluokta-1-768x432.jpg 768w\" sizes=\"auto, (max-width: 1000px) 100vw, 1000px\" \/><\/h2>\n<h2>Hier finden Sie eine \u00dcbersicht \u00fcber Wanderungen, die Sie auf eigene Faust unternehmen k\u00f6nnen:<\/h2>\n<h3><strong>K\u00e5ge (Gogicohkka) &#8211; Nikkaluoktas Byfj\u00e4ll (Unser Hausberg)<\/strong><\/h3>\n<p>Eine etwa dreist\u00fcndige Wanderung f\u00fchrt sie bergauf bis zur Baumgrenze und dar\u00fcber hinaus. Hier k\u00f6nnen Sie die Ver\u00e4nderung der Farben und Lichtstimmungen der Natur hautnah beobachten und den Ausblick auf drei T\u00e4ler genie\u00dfen.<\/p>\n<p>Ausgestattet mit einem Picknick-Paket k\u00f6nnen Sie einen erholsamen Tag oberhalb der Baumgrenze erleben.<\/p>\n<h3><strong>Laddjuj\u00e1vri<\/strong><\/h3>\n<p>Wandern Sie etwa 6 Kilometer durch lichten Birkenwald und erreichen Sie den Gletschersee\u00a0Laddjuj\u00e1vri. Hierf\u00fcr ben\u00f6tigen Sie etwa 1,5 Stunden. Am Ziel \u00f6ffnet sich ein beeindruckender Ausblick auf das Kebnekaisemassiv. Hier finden Sie ein &#8220;K\u00e5ta&#8221;-Caf\u00e9 und k\u00f6nnen au\u00dferdem eine Bootstour auf dem See unternehmen.<\/p>\n<h3><strong>Fanggruben<\/strong><\/h3>\n<p>Hinter der Br\u00fccke \u00fcber den Tjeurajokk finden Sie ein System von Fanggruben, in denen schon vor 1000 Jahren wilde Elche und Rentiere gefangen wurden. Dies sind arch\u00e4ologisch bedeutsame Funde, die an den samischen Lebensstil erinnern, bevor die Samen zu Rentierhirten wurden.<\/p>\n<p>Sie ben\u00f6tigen f\u00fcr die etwa 5 Kilometer ca. 1,5 Stunden, um zu den Fanggruben zu gelangen.\u00a0Falls Ihnen nach einer k\u00fcrzeren Wanderung ist, k\u00f6nnen Sie die Fanggruben auch auslassen und bereits an den Br\u00fccke umkehren, um pro Strecke nur etwa 45 Minuten zu wandern.<\/p>\n<p>An der Rezeption geben wir Ihnen gern weitere Informationen.<\/p>\n<h3><strong>Kebnekaise Bergstation<\/strong><\/h3>\n<p>Folgen Sie dem markierten Wanderweg \u00fcber 19 Kilometer von Nikkaluokta zur Kebnekaise Bergstation. Um den Weg abzuk\u00fcrzen, k\u00f6nnen etwa 6 Kilometer mit einem Boot abgek\u00fcrzt werden. Rechnen Sie mit einer Wanderzeit von etwa 4-6 Stunden.<\/p>\n<p>Von der Bergstation aus f\u00fchren markierte Wege zur S\u00fcdspitze des Kebnekaise, Schwedens h\u00f6chstem Berg. Es ist auch m\u00f6glich, per Helikopter zur Bergstation zu fliegen.<\/p>\n<h3><strong>Vistasdalen<\/strong><\/h3>\n<p>Folgen Sie dem schmalen Wanderweg durch die unber\u00fchrten Birkenw\u00e4lder in diesem wundersch\u00f6nen Tal. Sie k\u00f6nnen auch eine Bootstour \u00fcber 7 oder 12 Kilometer auf den verschlungenen Flussarmen mit seinem beeindruckenden Delta buchen.<\/p>\n<h3><strong>Der Tjuonajokk-Wanderweg<\/strong><\/h3>\n<p>Wandern Sie entlang des Weges in Richtung\u00a0Tjuonajokk und \u00fcber die\u00a0Ladtjojokk-H\u00e4ngebr\u00fccke. Sie passieren offenes Sumpfland und gehen durch lichte Bergw\u00e4lder. Genie\u00dfen Sie gro\u00dfartige Aussichten auf das Kebnekaise-Massiv. Sie ben\u00f6tigen etwa drei Stunden, um Tjuonajokk zu erreichen.<\/p>\n","protected":false},"excerpt":{"rendered":"<p>Hier finden Sie eine \u00dcbersicht \u00fcber Wanderungen, die Sie auf eigene Faust unternehmen k\u00f6nnen: K\u00e5ge (Gogicohkka) &#8211; Nikkaluoktas Byfj\u00e4ll (Unser Hausberg) Eine etwa dreist\u00fcndige Wanderung f\u00fchrt sie bergauf bis zur Baumgrenze und dar\u00fcber hinaus. Hier k\u00f6nnen Sie die Ver\u00e4nderung der Farben und Lichtstimmungen der Natur hautnah beobachten und den Ausblick auf drei T\u00e4ler genie\u00dfen. Ausgestattet<\/p>\n<a href=\"https:\/\/nikkaluokta.com\/de\/aktivitaeten\/aktivitaeten-sommer\/bergwandern\" class=\"sohohotel-more-link\">Read More<i class=\"fa fa-angle-right\"><\/i><\/a>","protected":false},"author":1,"featured_media":0,"parent":286,"menu_order":2,"comment_status":"closed","ping_status":"closed","template":"","meta":{"footnotes":""},"class_list":["post-247","page","type-page","status-publish","hentry"],"yoast_head":"<!-- This site is optimized with the Yoast SEO plugin v27.5 - https:\/\/yoast.com\/product\/yoast-seo-wordpress\/ -->\n<title>Bergwandern - Nikkaluokta Sarri AB<\/title>\n<meta name=\"robots\" content=\"index, follow, max-snippet:-1, max-image-preview:large, max-video-preview:-1\" \/>\n<link rel=\"canonical\" href=\"https:\/\/nikkaluokta.com\/de\/aktivitaeten\/aktivitaeten-sommer\/bergwandern\" \/>\n<meta property=\"og:locale\" content=\"de_DE\" \/>\n<meta property=\"og:type\" content=\"article\" \/>\n<meta property=\"og:title\" content=\"Bergwandern - Nikkaluokta Sarri AB\" \/>\n<meta property=\"og:description\" content=\"Hier finden Sie eine \u00dcbersicht \u00fcber Wanderungen, die Sie auf eigene Faust unternehmen k\u00f6nnen: K\u00e5ge (Gogicohkka) &#8211; Nikkaluoktas Byfj\u00e4ll (Unser Hausberg) Eine etwa dreist\u00fcndige Wanderung f\u00fchrt sie bergauf bis zur Baumgrenze und dar\u00fcber hinaus. Hier k\u00f6nnen Sie die Ver\u00e4nderung der Farben und Lichtstimmungen der Natur hautnah beobachten und den Ausblick auf drei T\u00e4ler genie\u00dfen. Ausgestattet\" \/>\n<meta property=\"og:url\" content=\"https:\/\/nikkaluokta.com\/de\/aktivitaeten\/aktivitaeten-sommer\/bergwandern\" \/>\n<meta property=\"og:site_name\" content=\"Nikkaluokta Sarri AB\" \/>\n<meta property=\"article:publisher\" content=\"https:\/\/www.facebook.com\/Nikkaluoktasarri\/\" \/>\n<meta property=\"article:modified_time\" content=\"2016-12-18T08:25:06+00:00\" \/>\n<meta property=\"og:image\" content=\"http:\/\/nikkaluokta.com\/wp-content\/uploads\/2016\/02\/aelg-nikkaluokta-1.jpg\" \/>\n<meta name=\"twitter:card\" content=\"summary_large_image\" \/>\n<meta name=\"twitter:label1\" content=\"Gesch\u00e4tzte Lesezeit\" \/>\n\t<meta name=\"twitter:data1\" content=\"2\u00a0Minuten\" \/>\n<script type=\"application\/ld+json\" class=\"yoast-schema-graph\">{\"@context\":\"https:\\\/\\\/schema.org\",\"@graph\":[{\"@type\":\"WebPage\",\"@id\":\"https:\\\/\\\/nikkaluokta.com\\\/de\\\/aktivitaeten\\\/aktivitaeten-sommer\\\/bergwandern\",\"url\":\"https:\\\/\\\/nikkaluokta.com\\\/de\\\/aktivitaeten\\\/aktivitaeten-sommer\\\/bergwandern\",\"name\":\"Bergwandern - Nikkaluokta Sarri AB\",\"isPartOf\":{\"@id\":\"https:\\\/\\\/nikkaluokta.com\\\/de\\\/#website\"},\"primaryImageOfPage\":{\"@id\":\"https:\\\/\\\/nikkaluokta.com\\\/de\\\/aktivitaeten\\\/aktivitaeten-sommer\\\/bergwandern#primaryimage\"},\"image\":{\"@id\":\"https:\\\/\\\/nikkaluokta.com\\\/de\\\/aktivitaeten\\\/aktivitaeten-sommer\\\/bergwandern#primaryimage\"},\"thumbnailUrl\":\"http:\\\/\\\/nikkaluokta.com\\\/wp-content\\\/uploads\\\/2016\\\/02\\\/aelg-nikkaluokta-1.jpg\",\"datePublished\":\"2014-03-18T17:06:29+00:00\",\"dateModified\":\"2016-12-18T08:25:06+00:00\",\"breadcrumb\":{\"@id\":\"https:\\\/\\\/nikkaluokta.com\\\/de\\\/aktivitaeten\\\/aktivitaeten-sommer\\\/bergwandern#breadcrumb\"},\"inLanguage\":\"de\",\"potentialAction\":[{\"@type\":\"ReadAction\",\"target\":[\"https:\\\/\\\/nikkaluokta.com\\\/de\\\/aktivitaeten\\\/aktivitaeten-sommer\\\/bergwandern\"]}]},{\"@type\":\"ImageObject\",\"inLanguage\":\"de\",\"@id\":\"https:\\\/\\\/nikkaluokta.com\\\/de\\\/aktivitaeten\\\/aktivitaeten-sommer\\\/bergwandern#primaryimage\",\"url\":\"http:\\\/\\\/nikkaluokta.com\\\/wp-content\\\/uploads\\\/2016\\\/02\\\/aelg-nikkaluokta-1.jpg\",\"contentUrl\":\"http:\\\/\\\/nikkaluokta.com\\\/wp-content\\\/uploads\\\/2016\\\/02\\\/aelg-nikkaluokta-1.jpg\"},{\"@type\":\"BreadcrumbList\",\"@id\":\"https:\\\/\\\/nikkaluokta.com\\\/de\\\/aktivitaeten\\\/aktivitaeten-sommer\\\/bergwandern#breadcrumb\",\"itemListElement\":[{\"@type\":\"ListItem\",\"position\":1,\"name\":\"Home\",\"item\":\"https:\\\/\\\/nikkaluokta.com\\\/de\"},{\"@type\":\"ListItem\",\"position\":2,\"name\":\"Aktivit\u00e4ten\",\"item\":\"https:\\\/\\\/nikkaluokta.com\\\/de\\\/aktivitaeten\"},{\"@type\":\"ListItem\",\"position\":3,\"name\":\"Sommer\",\"item\":\"https:\\\/\\\/nikkaluokta.com\\\/de\\\/aktivitaeten\\\/aktivitaeten-sommer\"},{\"@type\":\"ListItem\",\"position\":4,\"name\":\"Bergwandern\"}]},{\"@type\":\"WebSite\",\"@id\":\"https:\\\/\\\/nikkaluokta.com\\\/de\\\/#website\",\"url\":\"https:\\\/\\\/nikkaluokta.com\\\/de\\\/\",\"name\":\"Nikkaluokta Sarri AB\",\"description\":\"Mitt i en storslagen natur\",\"publisher\":{\"@id\":\"https:\\\/\\\/nikkaluokta.com\\\/de\\\/#organization\"},\"potentialAction\":[{\"@type\":\"SearchAction\",\"target\":{\"@type\":\"EntryPoint\",\"urlTemplate\":\"https:\\\/\\\/nikkaluokta.com\\\/de\\\/?s={search_term_string}\"},\"query-input\":{\"@type\":\"PropertyValueSpecification\",\"valueRequired\":true,\"valueName\":\"search_term_string\"}}],\"inLanguage\":\"de\"},{\"@type\":\"Organization\",\"@id\":\"https:\\\/\\\/nikkaluokta.com\\\/de\\\/#organization\",\"name\":\"Nikkaluokta Sarri AB\",\"url\":\"https:\\\/\\\/nikkaluokta.com\\\/de\\\/\",\"logo\":{\"@type\":\"ImageObject\",\"inLanguage\":\"de\",\"@id\":\"https:\\\/\\\/nikkaluokta.com\\\/de\\\/#\\\/schema\\\/logo\\\/image\\\/\",\"url\":\"https:\\\/\\\/media.nikkaluokta.com\\\/2019\\\/01\\\/Nikkaluokta-transp-logo.png\",\"contentUrl\":\"https:\\\/\\\/media.nikkaluokta.com\\\/2019\\\/01\\\/Nikkaluokta-transp-logo.png\",\"width\":800,\"height\":149,\"caption\":\"Nikkaluokta Sarri AB\"},\"image\":{\"@id\":\"https:\\\/\\\/nikkaluokta.com\\\/de\\\/#\\\/schema\\\/logo\\\/image\\\/\"},\"sameAs\":[\"https:\\\/\\\/www.facebook.com\\\/Nikkaluoktasarri\\\/\",\"https:\\\/\\\/www.instagram.com\\\/nikkaluoktasarri\\\/\"]}]}<\/script>\n<!-- \/ Yoast SEO plugin. -->","yoast_head_json":{"title":"Bergwandern - Nikkaluokta Sarri AB","robots":{"index":"index","follow":"follow","max-snippet":"max-snippet:-1","max-image-preview":"max-image-preview:large","max-video-preview":"max-video-preview:-1"},"canonical":"https:\/\/nikkaluokta.com\/de\/aktivitaeten\/aktivitaeten-sommer\/bergwandern","og_locale":"de_DE","og_type":"article","og_title":"Bergwandern - Nikkaluokta Sarri AB","og_description":"Hier finden Sie eine \u00dcbersicht \u00fcber Wanderungen, die Sie auf eigene Faust unternehmen k\u00f6nnen: K\u00e5ge (Gogicohkka) &#8211; Nikkaluoktas Byfj\u00e4ll (Unser Hausberg) Eine etwa dreist\u00fcndige Wanderung f\u00fchrt sie bergauf bis zur Baumgrenze und dar\u00fcber hinaus. Hier k\u00f6nnen Sie die Ver\u00e4nderung der Farben und Lichtstimmungen der Natur hautnah beobachten und den Ausblick auf drei T\u00e4ler genie\u00dfen. Ausgestattet","og_url":"https:\/\/nikkaluokta.com\/de\/aktivitaeten\/aktivitaeten-sommer\/bergwandern","og_site_name":"Nikkaluokta Sarri AB","article_publisher":"https:\/\/www.facebook.com\/Nikkaluoktasarri\/","article_modified_time":"2016-12-18T08:25:06+00:00","og_image":[{"url":"http:\/\/nikkaluokta.com\/wp-content\/uploads\/2016\/02\/aelg-nikkaluokta-1.jpg","type":"","width":"","height":""}],"twitter_card":"summary_large_image","twitter_misc":{"Gesch\u00e4tzte Lesezeit":"2\u00a0Minuten"},"schema":{"@context":"https:\/\/schema.org","@graph":[{"@type":"WebPage","@id":"https:\/\/nikkaluokta.com\/de\/aktivitaeten\/aktivitaeten-sommer\/bergwandern","url":"https:\/\/nikkaluokta.com\/de\/aktivitaeten\/aktivitaeten-sommer\/bergwandern","name":"Bergwandern - Nikkaluokta Sarri AB","isPartOf":{"@id":"https:\/\/nikkaluokta.com\/de\/#website"},"primaryImageOfPage":{"@id":"https:\/\/nikkaluokta.com\/de\/aktivitaeten\/aktivitaeten-sommer\/bergwandern#primaryimage"},"image":{"@id":"https:\/\/nikkaluokta.com\/de\/aktivitaeten\/aktivitaeten-sommer\/bergwandern#primaryimage"},"thumbnailUrl":"http:\/\/nikkaluokta.com\/wp-content\/uploads\/2016\/02\/aelg-nikkaluokta-1.jpg","datePublished":"2014-03-18T17:06:29+00:00","dateModified":"2016-12-18T08:25:06+00:00","breadcrumb":{"@id":"https:\/\/nikkaluokta.com\/de\/aktivitaeten\/aktivitaeten-sommer\/bergwandern#breadcrumb"},"inLanguage":"de","potentialAction":[{"@type":"ReadAction","target":["https:\/\/nikkaluokta.com\/de\/aktivitaeten\/aktivitaeten-sommer\/bergwandern"]}]},{"@type":"ImageObject","inLanguage":"de","@id":"https:\/\/nikkaluokta.com\/de\/aktivitaeten\/aktivitaeten-sommer\/bergwandern#primaryimage","url":"http:\/\/nikkaluokta.com\/wp-content\/uploads\/2016\/02\/aelg-nikkaluokta-1.jpg","contentUrl":"http:\/\/nikkaluokta.com\/wp-content\/uploads\/2016\/02\/aelg-nikkaluokta-1.jpg"},{"@type":"BreadcrumbList","@id":"https:\/\/nikkaluokta.com\/de\/aktivitaeten\/aktivitaeten-sommer\/bergwandern#breadcrumb","itemListElement":[{"@type":"ListItem","position":1,"name":"Home","item":"https:\/\/nikkaluokta.com\/de"},{"@type":"ListItem","position":2,"name":"Aktivit\u00e4ten","item":"https:\/\/nikkaluokta.com\/de\/aktivitaeten"},{"@type":"ListItem","position":3,"name":"Sommer","item":"https:\/\/nikkaluokta.com\/de\/aktivitaeten\/aktivitaeten-sommer"},{"@type":"ListItem","position":4,"name":"Bergwandern"}]},{"@type":"WebSite","@id":"https:\/\/nikkaluokta.com\/de\/#website","url":"https:\/\/nikkaluokta.com\/de\/","name":"Nikkaluokta Sarri AB","description":"Mitt i en storslagen natur","publisher":{"@id":"https:\/\/nikkaluokta.com\/de\/#organization"},"potentialAction":[{"@type":"SearchAction","target":{"@type":"EntryPoint","urlTemplate":"https:\/\/nikkaluokta.com\/de\/?s={search_term_string}"},"query-input":{"@type":"PropertyValueSpecification","valueRequired":true,"valueName":"search_term_string"}}],"inLanguage":"de"},{"@type":"Organization","@id":"https:\/\/nikkaluokta.com\/de\/#organization","name":"Nikkaluokta Sarri AB","url":"https:\/\/nikkaluokta.com\/de\/","logo":{"@type":"ImageObject","inLanguage":"de","@id":"https:\/\/nikkaluokta.com\/de\/#\/schema\/logo\/image\/","url":"https:\/\/media.nikkaluokta.com\/2019\/01\/Nikkaluokta-transp-logo.png","contentUrl":"https:\/\/media.nikkaluokta.com\/2019\/01\/Nikkaluokta-transp-logo.png","width":800,"height":149,"caption":"Nikkaluokta Sarri AB"},"image":{"@id":"https:\/\/nikkaluokta.com\/de\/#\/schema\/logo\/image\/"},"sameAs":["https:\/\/www.facebook.com\/Nikkaluoktasarri\/","https:\/\/www.instagram.com\/nikkaluoktasarri\/"]}]}},"_links":{"self":[{"href":"https:\/\/nikkaluokta.com\/de\/wp-json\/wp\/v2\/pages\/247","targetHints":{"allow":["GET"]}}],"collection":[{"href":"https:\/\/nikkaluokta.com\/de\/wp-json\/wp\/v2\/pages"}],"about":[{"href":"https:\/\/nikkaluokta.com\/de\/wp-json\/wp\/v2\/types\/page"}],"author":[{"embeddable":true,"href":"https:\/\/nikkaluokta.com\/de\/wp-json\/wp\/v2\/users\/1"}],"replies":[{"embeddable":true,"href":"https:\/\/nikkaluokta.com\/de\/wp-json\/wp\/v2\/comments?post=247"}],"version-history":[{"count":14,"href":"https:\/\/nikkaluokta.com\/de\/wp-json\/wp\/v2\/pages\/247\/revisions"}],"predecessor-version":[{"id":1359,"href":"https:\/\/nikkaluokta.com\/de\/wp-json\/wp\/v2\/pages\/247\/revisions\/1359"}],"up":[{"embeddable":true,"href":"https:\/\/nikkaluokta.com\/de\/wp-json\/wp\/v2\/pages\/286"}],"wp:attachment":[{"href":"https:\/\/nikkaluokta.com\/de\/wp-json\/wp\/v2\/media?parent=247"}],"curies":[{"name":"wp","href":"https:\/\/api.w.org\/{rel}","templated":true}]}}