{"id":252,"date":"2014-03-18T17:53:48","date_gmt":"2014-03-18T16:53:48","guid":{"rendered":"http:\/\/nikkaluokta.com.loopiadns.com\/de\/baptizing"},"modified":"2016-12-18T09:07:50","modified_gmt":"2016-12-18T08:07:50","slug":"taufen","status":"publish","type":"page","link":"https:\/\/nikkaluokta.com\/de\/gruppen\/taufen","title":{"rendered":"Taufen"},"content":{"rendered":"<p>\u00dcber die Jahre haben unz\u00e4hlige Familien die M\u00f6glichkeit genutzt, besondere Ereignisse in unserer herrlichen Landschaft zu feiern. Besonders Kinder genie\u00dfen die N\u00e4he zur Natur: Ob ausgelassene Spiele im Schnee im Winter oder am Fluss oder See im Sommer &#8211; die einmalige Umgebung Nikkaluoktas setzt sich in den Herzen der Kinder fest.<\/p>\n<p>Bei uns finden Sie Unterk\u00fcnfte, die Platz und Entspannung f\u00fcr die gesamte Familie bieten. Im Restaurant Sk\u00e1idi genie\u00dfen Sie frisch zubereitete, traditionelle Gerichte f\u00fcr Alt und Jung. So wie das Restaurant die Speisen serviert, serviert Ihnen die Natur innige Erlebnisse, die in Erinnerung bleiben.<\/p>\n<p>Die 1942 erbaute Samische Kapelle ist zwar klein &#8211; aber gro\u00df genug f\u00fcr bleibende Gef\u00fchle. Gemeinsam mit Ihnen organisieren wir gern einen Tag, der auf ewig in Erinnerung bleiben wird.<\/p>\n<p>F\u00fcr detaillierte Absprachen \u00fcber Taufen in der Kapelle von Nikkaluokta empfehlen wir eine Kontaktaufnahme mit der Pfarrei G\u00e4llivare oder eine Nachricht an Margareta Sarri (+46 (0) 980-550 15 oder nikka.marg@telia.com).<\/p>\n","protected":false},"excerpt":{"rendered":"<p>\u00dcber die Jahre haben unz\u00e4hlige Familien die M\u00f6glichkeit genutzt, besondere Ereignisse in unserer herrlichen Landschaft zu feiern. Besonders Kinder genie\u00dfen die N\u00e4he zur Natur: Ob ausgelassene Spiele im Schnee im Winter oder am Fluss oder See im Sommer &#8211; die einmalige Umgebung Nikkaluoktas setzt sich in den Herzen der Kinder fest. Bei uns finden Sie<\/p>\n<a href=\"https:\/\/nikkaluokta.com\/de\/gruppen\/taufen\" class=\"sohohotel-more-link\">Read More<i class=\"fa fa-angle-right\"><\/i><\/a>","protected":false},"author":1,"featured_media":0,"parent":269,"menu_order":1,"comment_status":"closed","ping_status":"closed","template":"","meta":{"footnotes":""},"class_list":["post-252","page","type-page","status-publish","hentry"],"yoast_head":"<!-- This site is optimized with the Yoast SEO plugin v27.5 - https:\/\/yoast.com\/product\/yoast-seo-wordpress\/ -->\n<title>Taufen - Nikkaluokta Sarri AB<\/title>\n<meta name=\"robots\" content=\"index, follow, max-snippet:-1, max-image-preview:large, max-video-preview:-1\" \/>\n<link rel=\"canonical\" href=\"https:\/\/nikkaluokta.com\/de\/gruppen\/taufen\" \/>\n<meta property=\"og:locale\" content=\"de_DE\" \/>\n<meta property=\"og:type\" content=\"article\" \/>\n<meta property=\"og:title\" content=\"Taufen - Nikkaluokta Sarri AB\" \/>\n<meta property=\"og:description\" content=\"\u00dcber die Jahre haben unz\u00e4hlige Familien die M\u00f6glichkeit genutzt, besondere Ereignisse in unserer herrlichen Landschaft zu feiern. Besonders Kinder genie\u00dfen die N\u00e4he zur Natur: Ob ausgelassene Spiele im Schnee im Winter oder am Fluss oder See im Sommer &#8211; die einmalige Umgebung Nikkaluoktas setzt sich in den Herzen der Kinder fest. Bei uns finden Sie\" \/>\n<meta property=\"og:url\" content=\"https:\/\/nikkaluokta.com\/de\/gruppen\/taufen\" \/>\n<meta property=\"og:site_name\" content=\"Nikkaluokta Sarri AB\" \/>\n<meta property=\"article:publisher\" content=\"https:\/\/www.facebook.com\/Nikkaluoktasarri\/\" \/>\n<meta property=\"article:modified_time\" content=\"2016-12-18T08:07:50+00:00\" \/>\n<meta property=\"og:image\" content=\"https:\/\/media.nikkaluokta.com\/2016\/02\/MG_5672.jpg\" \/>\n\t<meta property=\"og:image:width\" content=\"1000\" \/>\n\t<meta property=\"og:image:height\" content=\"562\" \/>\n\t<meta property=\"og:image:type\" content=\"image\/jpeg\" \/>\n<meta name=\"twitter:card\" content=\"summary_large_image\" \/>\n<meta name=\"twitter:label1\" content=\"Gesch\u00e4tzte Lesezeit\" \/>\n\t<meta name=\"twitter:data1\" content=\"1\u00a0Minute\" \/>\n<script type=\"application\/ld+json\" class=\"yoast-schema-graph\">{\"@context\":\"https:\\\/\\\/schema.org\",\"@graph\":[{\"@type\":\"WebPage\",\"@id\":\"https:\\\/\\\/nikkaluokta.com\\\/de\\\/gruppen\\\/taufen\",\"url\":\"https:\\\/\\\/nikkaluokta.com\\\/de\\\/gruppen\\\/taufen\",\"name\":\"Taufen - Nikkaluokta Sarri AB\",\"isPartOf\":{\"@id\":\"https:\\\/\\\/nikkaluokta.com\\\/de\\\/#website\"},\"datePublished\":\"2014-03-18T16:53:48+00:00\",\"dateModified\":\"2016-12-18T08:07:50+00:00\",\"breadcrumb\":{\"@id\":\"https:\\\/\\\/nikkaluokta.com\\\/de\\\/gruppen\\\/taufen#breadcrumb\"},\"inLanguage\":\"de\",\"potentialAction\":[{\"@type\":\"ReadAction\",\"target\":[\"https:\\\/\\\/nikkaluokta.com\\\/de\\\/gruppen\\\/taufen\"]}]},{\"@type\":\"BreadcrumbList\",\"@id\":\"https:\\\/\\\/nikkaluokta.com\\\/de\\\/gruppen\\\/taufen#breadcrumb\",\"itemListElement\":[{\"@type\":\"ListItem\",\"position\":1,\"name\":\"Home\",\"item\":\"https:\\\/\\\/nikkaluokta.com\\\/de\"},{\"@type\":\"ListItem\",\"position\":2,\"name\":\"Gruppen\",\"item\":\"https:\\\/\\\/nikkaluokta.com\\\/de\\\/gruppen\"},{\"@type\":\"ListItem\",\"position\":3,\"name\":\"Taufen\"}]},{\"@type\":\"WebSite\",\"@id\":\"https:\\\/\\\/nikkaluokta.com\\\/de\\\/#website\",\"url\":\"https:\\\/\\\/nikkaluokta.com\\\/de\\\/\",\"name\":\"Nikkaluokta Sarri AB\",\"description\":\"Mitt i en storslagen natur\",\"publisher\":{\"@id\":\"https:\\\/\\\/nikkaluokta.com\\\/de\\\/#organization\"},\"potentialAction\":[{\"@type\":\"SearchAction\",\"target\":{\"@type\":\"EntryPoint\",\"urlTemplate\":\"https:\\\/\\\/nikkaluokta.com\\\/de\\\/?s={search_term_string}\"},\"query-input\":{\"@type\":\"PropertyValueSpecification\",\"valueRequired\":true,\"valueName\":\"search_term_string\"}}],\"inLanguage\":\"de\"},{\"@type\":\"Organization\",\"@id\":\"https:\\\/\\\/nikkaluokta.com\\\/de\\\/#organization\",\"name\":\"Nikkaluokta Sarri AB\",\"url\":\"https:\\\/\\\/nikkaluokta.com\\\/de\\\/\",\"logo\":{\"@type\":\"ImageObject\",\"inLanguage\":\"de\",\"@id\":\"https:\\\/\\\/nikkaluokta.com\\\/de\\\/#\\\/schema\\\/logo\\\/image\\\/\",\"url\":\"https:\\\/\\\/media.nikkaluokta.com\\\/2019\\\/01\\\/Nikkaluokta-transp-logo.png\",\"contentUrl\":\"https:\\\/\\\/media.nikkaluokta.com\\\/2019\\\/01\\\/Nikkaluokta-transp-logo.png\",\"width\":800,\"height\":149,\"caption\":\"Nikkaluokta Sarri AB\"},\"image\":{\"@id\":\"https:\\\/\\\/nikkaluokta.com\\\/de\\\/#\\\/schema\\\/logo\\\/image\\\/\"},\"sameAs\":[\"https:\\\/\\\/www.facebook.com\\\/Nikkaluoktasarri\\\/\",\"https:\\\/\\\/www.instagram.com\\\/nikkaluoktasarri\\\/\"]}]}<\/script>\n<!-- \/ Yoast SEO plugin. -->","yoast_head_json":{"title":"Taufen - Nikkaluokta Sarri AB","robots":{"index":"index","follow":"follow","max-snippet":"max-snippet:-1","max-image-preview":"max-image-preview:large","max-video-preview":"max-video-preview:-1"},"canonical":"https:\/\/nikkaluokta.com\/de\/gruppen\/taufen","og_locale":"de_DE","og_type":"article","og_title":"Taufen - Nikkaluokta Sarri AB","og_description":"\u00dcber die Jahre haben unz\u00e4hlige Familien die M\u00f6glichkeit genutzt, besondere Ereignisse in unserer herrlichen Landschaft zu feiern. Besonders Kinder genie\u00dfen die N\u00e4he zur Natur: Ob ausgelassene Spiele im Schnee im Winter oder am Fluss oder See im Sommer &#8211; die einmalige Umgebung Nikkaluoktas setzt sich in den Herzen der Kinder fest. Bei uns finden Sie","og_url":"https:\/\/nikkaluokta.com\/de\/gruppen\/taufen","og_site_name":"Nikkaluokta Sarri AB","article_publisher":"https:\/\/www.facebook.com\/Nikkaluoktasarri\/","article_modified_time":"2016-12-18T08:07:50+00:00","og_image":[{"width":1000,"height":562,"url":"https:\/\/media.nikkaluokta.com\/2016\/02\/MG_5672.jpg","type":"image\/jpeg"}],"twitter_card":"summary_large_image","twitter_misc":{"Gesch\u00e4tzte Lesezeit":"1\u00a0Minute"},"schema":{"@context":"https:\/\/schema.org","@graph":[{"@type":"WebPage","@id":"https:\/\/nikkaluokta.com\/de\/gruppen\/taufen","url":"https:\/\/nikkaluokta.com\/de\/gruppen\/taufen","name":"Taufen - Nikkaluokta Sarri AB","isPartOf":{"@id":"https:\/\/nikkaluokta.com\/de\/#website"},"datePublished":"2014-03-18T16:53:48+00:00","dateModified":"2016-12-18T08:07:50+00:00","breadcrumb":{"@id":"https:\/\/nikkaluokta.com\/de\/gruppen\/taufen#breadcrumb"},"inLanguage":"de","potentialAction":[{"@type":"ReadAction","target":["https:\/\/nikkaluokta.com\/de\/gruppen\/taufen"]}]},{"@type":"BreadcrumbList","@id":"https:\/\/nikkaluokta.com\/de\/gruppen\/taufen#breadcrumb","itemListElement":[{"@type":"ListItem","position":1,"name":"Home","item":"https:\/\/nikkaluokta.com\/de"},{"@type":"ListItem","position":2,"name":"Gruppen","item":"https:\/\/nikkaluokta.com\/de\/gruppen"},{"@type":"ListItem","position":3,"name":"Taufen"}]},{"@type":"WebSite","@id":"https:\/\/nikkaluokta.com\/de\/#website","url":"https:\/\/nikkaluokta.com\/de\/","name":"Nikkaluokta Sarri AB","description":"Mitt i en storslagen natur","publisher":{"@id":"https:\/\/nikkaluokta.com\/de\/#organization"},"potentialAction":[{"@type":"SearchAction","target":{"@type":"EntryPoint","urlTemplate":"https:\/\/nikkaluokta.com\/de\/?s={search_term_string}"},"query-input":{"@type":"PropertyValueSpecification","valueRequired":true,"valueName":"search_term_string"}}],"inLanguage":"de"},{"@type":"Organization","@id":"https:\/\/nikkaluokta.com\/de\/#organization","name":"Nikkaluokta Sarri AB","url":"https:\/\/nikkaluokta.com\/de\/","logo":{"@type":"ImageObject","inLanguage":"de","@id":"https:\/\/nikkaluokta.com\/de\/#\/schema\/logo\/image\/","url":"https:\/\/media.nikkaluokta.com\/2019\/01\/Nikkaluokta-transp-logo.png","contentUrl":"https:\/\/media.nikkaluokta.com\/2019\/01\/Nikkaluokta-transp-logo.png","width":800,"height":149,"caption":"Nikkaluokta Sarri AB"},"image":{"@id":"https:\/\/nikkaluokta.com\/de\/#\/schema\/logo\/image\/"},"sameAs":["https:\/\/www.facebook.com\/Nikkaluoktasarri\/","https:\/\/www.instagram.com\/nikkaluoktasarri\/"]}]}},"_links":{"self":[{"href":"https:\/\/nikkaluokta.com\/de\/wp-json\/wp\/v2\/pages\/252","targetHints":{"allow":["GET"]}}],"collection":[{"href":"https:\/\/nikkaluokta.com\/de\/wp-json\/wp\/v2\/pages"}],"about":[{"href":"https:\/\/nikkaluokta.com\/de\/wp-json\/wp\/v2\/types\/page"}],"author":[{"embeddable":true,"href":"https:\/\/nikkaluokta.com\/de\/wp-json\/wp\/v2\/users\/1"}],"replies":[{"embeddable":true,"href":"https:\/\/nikkaluokta.com\/de\/wp-json\/wp\/v2\/comments?post=252"}],"version-history":[{"count":4,"href":"https:\/\/nikkaluokta.com\/de\/wp-json\/wp\/v2\/pages\/252\/revisions"}],"predecessor-version":[{"id":830,"href":"https:\/\/nikkaluokta.com\/de\/wp-json\/wp\/v2\/pages\/252\/revisions\/830"}],"up":[{"embeddable":true,"href":"https:\/\/nikkaluokta.com\/de\/wp-json\/wp\/v2\/pages\/269"}],"wp:attachment":[{"href":"https:\/\/nikkaluokta.com\/de\/wp-json\/wp\/v2\/media?parent=252"}],"curies":[{"name":"wp","href":"https:\/\/api.w.org\/{rel}","templated":true}]}}