{"id":255,"date":"2014-03-18T17:53:01","date_gmt":"2014-03-18T16:53:01","guid":{"rendered":"http:\/\/nikkaluokta.com.loopiadns.com\/de\/conference"},"modified":"2016-12-18T09:09:45","modified_gmt":"2016-12-18T08:09:45","slug":"konferenzen","status":"publish","type":"page","link":"https:\/\/nikkaluokta.com\/de\/gruppen\/konferenzen","title":{"rendered":"Konferenzen"},"content":{"rendered":"<p><img loading=\"lazy\" decoding=\"async\" class=\"aligncenter size-st_medium wp-image-1107\" src=\"http:\/\/nikkaluokta.com\/wp-content\/uploads\/2016\/02\/nikka-konferens-642x335.jpg\" alt=\"nikka-konferens\" width=\"642\" height=\"335\" \/><\/p>\n<p><strong>Meetings und Konferenzen &#8211; Individuell f\u00fcr Sie organisiert<\/strong><\/p>\n<p>Es werden die Konferenzen und Meetings als erfolgreich eingestuft, bei denen alle Teilnehmer mit Spa\u00df bei der Sache sind, sich gut aufgehoben f\u00fchlen und sich gegenseitig mit Gedanken und Energie inspirieren. Es ist unser Ziel, Ihnen genau diese Art von Konferenz zu erm\u00f6glichen.<\/p>\n<p>Wir legen Wert darauf, Ihre Veranstaltung ma\u00dfgeschneidert f\u00fcr Sie zu organisieren. Nachfolgend finden Sie zwei Vorschl\u00e4ge, die individuell an Ihre Bed\u00fcrfnisse angepasst werden k\u00f6nnen.<\/p>\n<p><strong>Effektiv und Kreativ \u00a0&#8211; Das Ein-Tages-Meeting<\/strong><\/p>\n<p>Falls Ihre Zeit begrenzt ist, Sie aber dennoch eine Auszeit ihrer \u00fcblichen Arbeitsumgebung ben\u00f6tigten, um Ergebnisse in kurzer Zeit zu erreichen &#8211; dann f\u00fchren Sie ein eint\u00e4giges Meeting in Nikkaluokta durch.<\/p>\n<p>Das Meeting-Paket beinhaltet den Meeting-Raum in der Galerie Sk\u00e1di, Kaffee, Mittag am Buffet oder ein Zwei-G\u00e4nge-Men\u00fc.<\/p>\n<p><strong>Lunch-to-Lunch-Meeting<\/strong><\/p>\n<p>Bleiben Sie \u00fcber Nacht! Reisen Sie zum Mittag an und bleiben Sie bis zum Mittag des Folgetages.<\/p>\n<p>24 Stunden bieten ausreichend Zeit f\u00fcr Meetings und Gespr\u00e4che, gegenseitiges Inspiration, delikate Speisen &#8211; und ab und zu einen Blick auf die Berge, um einen neuen Blick auf allt\u00e4gliche Probleme zu erhalten.<\/p>\n<p>Dieses Meeting-Paket umfasst ein modernes 6-Bett-Apparment, die Nutzung des Konferenzraums, Kaffee und Tee, zwei Mittagessen am Buffet, ein Drei-G\u00e4nge-Men\u00fc am Abend mit Samischen und arktischen Aromen und ein Fr\u00fchst\u00fccksbuffet.<\/p>\n","protected":false},"excerpt":{"rendered":"<p>Meetings und Konferenzen &#8211; Individuell f\u00fcr Sie organisiert Es werden die Konferenzen und Meetings als erfolgreich eingestuft, bei denen alle Teilnehmer mit Spa\u00df bei der Sache sind, sich gut aufgehoben f\u00fchlen und sich gegenseitig mit Gedanken und Energie inspirieren. Es ist unser Ziel, Ihnen genau diese Art von Konferenz zu erm\u00f6glichen. Wir legen Wert darauf,<\/p>\n<a href=\"https:\/\/nikkaluokta.com\/de\/gruppen\/konferenzen\" class=\"sohohotel-more-link\">Read More<i class=\"fa fa-angle-right\"><\/i><\/a>","protected":false},"author":1,"featured_media":0,"parent":269,"menu_order":4,"comment_status":"closed","ping_status":"closed","template":"","meta":{"footnotes":""},"class_list":["post-255","page","type-page","status-publish","hentry"],"yoast_head":"<!-- This site is optimized with the Yoast SEO plugin v27.5 - https:\/\/yoast.com\/product\/yoast-seo-wordpress\/ -->\n<title>Konferenzen - Nikkaluokta Sarri AB<\/title>\n<meta name=\"robots\" content=\"index, follow, max-snippet:-1, max-image-preview:large, max-video-preview:-1\" \/>\n<link rel=\"canonical\" href=\"https:\/\/nikkaluokta.com\/de\/gruppen\/konferenzen\" \/>\n<meta property=\"og:locale\" content=\"de_DE\" \/>\n<meta property=\"og:type\" content=\"article\" \/>\n<meta property=\"og:title\" content=\"Konferenzen - Nikkaluokta Sarri AB\" \/>\n<meta property=\"og:description\" content=\"Meetings und Konferenzen &#8211; Individuell f\u00fcr Sie organisiert Es werden die Konferenzen und Meetings als erfolgreich eingestuft, bei denen alle Teilnehmer mit Spa\u00df bei der Sache sind, sich gut aufgehoben f\u00fchlen und sich gegenseitig mit Gedanken und Energie inspirieren. Es ist unser Ziel, Ihnen genau diese Art von Konferenz zu erm\u00f6glichen. Wir legen Wert darauf,\" \/>\n<meta property=\"og:url\" content=\"https:\/\/nikkaluokta.com\/de\/gruppen\/konferenzen\" \/>\n<meta property=\"og:site_name\" content=\"Nikkaluokta Sarri AB\" \/>\n<meta property=\"article:publisher\" content=\"https:\/\/www.facebook.com\/Nikkaluoktasarri\/\" \/>\n<meta property=\"article:modified_time\" content=\"2016-12-18T08:09:45+00:00\" \/>\n<meta property=\"og:image\" content=\"http:\/\/nikkaluokta.com\/wp-content\/uploads\/2016\/02\/nikka-konferens-642x335.jpg\" \/>\n<meta name=\"twitter:card\" content=\"summary_large_image\" \/>\n<meta name=\"twitter:label1\" content=\"Gesch\u00e4tzte Lesezeit\" \/>\n\t<meta name=\"twitter:data1\" content=\"1\u00a0Minute\" \/>\n<script type=\"application\/ld+json\" class=\"yoast-schema-graph\">{\"@context\":\"https:\\\/\\\/schema.org\",\"@graph\":[{\"@type\":\"WebPage\",\"@id\":\"https:\\\/\\\/nikkaluokta.com\\\/de\\\/gruppen\\\/konferenzen\",\"url\":\"https:\\\/\\\/nikkaluokta.com\\\/de\\\/gruppen\\\/konferenzen\",\"name\":\"Konferenzen - Nikkaluokta Sarri AB\",\"isPartOf\":{\"@id\":\"https:\\\/\\\/nikkaluokta.com\\\/de\\\/#website\"},\"primaryImageOfPage\":{\"@id\":\"https:\\\/\\\/nikkaluokta.com\\\/de\\\/gruppen\\\/konferenzen#primaryimage\"},\"image\":{\"@id\":\"https:\\\/\\\/nikkaluokta.com\\\/de\\\/gruppen\\\/konferenzen#primaryimage\"},\"thumbnailUrl\":\"http:\\\/\\\/nikkaluokta.com\\\/wp-content\\\/uploads\\\/2016\\\/02\\\/nikka-konferens-642x335.jpg\",\"datePublished\":\"2014-03-18T16:53:01+00:00\",\"dateModified\":\"2016-12-18T08:09:45+00:00\",\"breadcrumb\":{\"@id\":\"https:\\\/\\\/nikkaluokta.com\\\/de\\\/gruppen\\\/konferenzen#breadcrumb\"},\"inLanguage\":\"de\",\"potentialAction\":[{\"@type\":\"ReadAction\",\"target\":[\"https:\\\/\\\/nikkaluokta.com\\\/de\\\/gruppen\\\/konferenzen\"]}]},{\"@type\":\"ImageObject\",\"inLanguage\":\"de\",\"@id\":\"https:\\\/\\\/nikkaluokta.com\\\/de\\\/gruppen\\\/konferenzen#primaryimage\",\"url\":\"http:\\\/\\\/nikkaluokta.com\\\/wp-content\\\/uploads\\\/2016\\\/02\\\/nikka-konferens-642x335.jpg\",\"contentUrl\":\"http:\\\/\\\/nikkaluokta.com\\\/wp-content\\\/uploads\\\/2016\\\/02\\\/nikka-konferens-642x335.jpg\"},{\"@type\":\"BreadcrumbList\",\"@id\":\"https:\\\/\\\/nikkaluokta.com\\\/de\\\/gruppen\\\/konferenzen#breadcrumb\",\"itemListElement\":[{\"@type\":\"ListItem\",\"position\":1,\"name\":\"Home\",\"item\":\"https:\\\/\\\/nikkaluokta.com\\\/de\"},{\"@type\":\"ListItem\",\"position\":2,\"name\":\"Gruppen\",\"item\":\"https:\\\/\\\/nikkaluokta.com\\\/de\\\/gruppen\"},{\"@type\":\"ListItem\",\"position\":3,\"name\":\"Konferenzen\"}]},{\"@type\":\"WebSite\",\"@id\":\"https:\\\/\\\/nikkaluokta.com\\\/de\\\/#website\",\"url\":\"https:\\\/\\\/nikkaluokta.com\\\/de\\\/\",\"name\":\"Nikkaluokta Sarri AB\",\"description\":\"Mitt i en storslagen natur\",\"publisher\":{\"@id\":\"https:\\\/\\\/nikkaluokta.com\\\/de\\\/#organization\"},\"potentialAction\":[{\"@type\":\"SearchAction\",\"target\":{\"@type\":\"EntryPoint\",\"urlTemplate\":\"https:\\\/\\\/nikkaluokta.com\\\/de\\\/?s={search_term_string}\"},\"query-input\":{\"@type\":\"PropertyValueSpecification\",\"valueRequired\":true,\"valueName\":\"search_term_string\"}}],\"inLanguage\":\"de\"},{\"@type\":\"Organization\",\"@id\":\"https:\\\/\\\/nikkaluokta.com\\\/de\\\/#organization\",\"name\":\"Nikkaluokta Sarri AB\",\"url\":\"https:\\\/\\\/nikkaluokta.com\\\/de\\\/\",\"logo\":{\"@type\":\"ImageObject\",\"inLanguage\":\"de\",\"@id\":\"https:\\\/\\\/nikkaluokta.com\\\/de\\\/#\\\/schema\\\/logo\\\/image\\\/\",\"url\":\"https:\\\/\\\/media.nikkaluokta.com\\\/2019\\\/01\\\/Nikkaluokta-transp-logo.png\",\"contentUrl\":\"https:\\\/\\\/media.nikkaluokta.com\\\/2019\\\/01\\\/Nikkaluokta-transp-logo.png\",\"width\":800,\"height\":149,\"caption\":\"Nikkaluokta Sarri AB\"},\"image\":{\"@id\":\"https:\\\/\\\/nikkaluokta.com\\\/de\\\/#\\\/schema\\\/logo\\\/image\\\/\"},\"sameAs\":[\"https:\\\/\\\/www.facebook.com\\\/Nikkaluoktasarri\\\/\",\"https:\\\/\\\/www.instagram.com\\\/nikkaluoktasarri\\\/\"]}]}<\/script>\n<!-- \/ Yoast SEO plugin. -->","yoast_head_json":{"title":"Konferenzen - Nikkaluokta Sarri AB","robots":{"index":"index","follow":"follow","max-snippet":"max-snippet:-1","max-image-preview":"max-image-preview:large","max-video-preview":"max-video-preview:-1"},"canonical":"https:\/\/nikkaluokta.com\/de\/gruppen\/konferenzen","og_locale":"de_DE","og_type":"article","og_title":"Konferenzen - Nikkaluokta Sarri AB","og_description":"Meetings und Konferenzen &#8211; Individuell f\u00fcr Sie organisiert Es werden die Konferenzen und Meetings als erfolgreich eingestuft, bei denen alle Teilnehmer mit Spa\u00df bei der Sache sind, sich gut aufgehoben f\u00fchlen und sich gegenseitig mit Gedanken und Energie inspirieren. Es ist unser Ziel, Ihnen genau diese Art von Konferenz zu erm\u00f6glichen. Wir legen Wert darauf,","og_url":"https:\/\/nikkaluokta.com\/de\/gruppen\/konferenzen","og_site_name":"Nikkaluokta Sarri AB","article_publisher":"https:\/\/www.facebook.com\/Nikkaluoktasarri\/","article_modified_time":"2016-12-18T08:09:45+00:00","og_image":[{"url":"http:\/\/nikkaluokta.com\/wp-content\/uploads\/2016\/02\/nikka-konferens-642x335.jpg","type":"","width":"","height":""}],"twitter_card":"summary_large_image","twitter_misc":{"Gesch\u00e4tzte Lesezeit":"1\u00a0Minute"},"schema":{"@context":"https:\/\/schema.org","@graph":[{"@type":"WebPage","@id":"https:\/\/nikkaluokta.com\/de\/gruppen\/konferenzen","url":"https:\/\/nikkaluokta.com\/de\/gruppen\/konferenzen","name":"Konferenzen - Nikkaluokta Sarri AB","isPartOf":{"@id":"https:\/\/nikkaluokta.com\/de\/#website"},"primaryImageOfPage":{"@id":"https:\/\/nikkaluokta.com\/de\/gruppen\/konferenzen#primaryimage"},"image":{"@id":"https:\/\/nikkaluokta.com\/de\/gruppen\/konferenzen#primaryimage"},"thumbnailUrl":"http:\/\/nikkaluokta.com\/wp-content\/uploads\/2016\/02\/nikka-konferens-642x335.jpg","datePublished":"2014-03-18T16:53:01+00:00","dateModified":"2016-12-18T08:09:45+00:00","breadcrumb":{"@id":"https:\/\/nikkaluokta.com\/de\/gruppen\/konferenzen#breadcrumb"},"inLanguage":"de","potentialAction":[{"@type":"ReadAction","target":["https:\/\/nikkaluokta.com\/de\/gruppen\/konferenzen"]}]},{"@type":"ImageObject","inLanguage":"de","@id":"https:\/\/nikkaluokta.com\/de\/gruppen\/konferenzen#primaryimage","url":"http:\/\/nikkaluokta.com\/wp-content\/uploads\/2016\/02\/nikka-konferens-642x335.jpg","contentUrl":"http:\/\/nikkaluokta.com\/wp-content\/uploads\/2016\/02\/nikka-konferens-642x335.jpg"},{"@type":"BreadcrumbList","@id":"https:\/\/nikkaluokta.com\/de\/gruppen\/konferenzen#breadcrumb","itemListElement":[{"@type":"ListItem","position":1,"name":"Home","item":"https:\/\/nikkaluokta.com\/de"},{"@type":"ListItem","position":2,"name":"Gruppen","item":"https:\/\/nikkaluokta.com\/de\/gruppen"},{"@type":"ListItem","position":3,"name":"Konferenzen"}]},{"@type":"WebSite","@id":"https:\/\/nikkaluokta.com\/de\/#website","url":"https:\/\/nikkaluokta.com\/de\/","name":"Nikkaluokta Sarri AB","description":"Mitt i en storslagen natur","publisher":{"@id":"https:\/\/nikkaluokta.com\/de\/#organization"},"potentialAction":[{"@type":"SearchAction","target":{"@type":"EntryPoint","urlTemplate":"https:\/\/nikkaluokta.com\/de\/?s={search_term_string}"},"query-input":{"@type":"PropertyValueSpecification","valueRequired":true,"valueName":"search_term_string"}}],"inLanguage":"de"},{"@type":"Organization","@id":"https:\/\/nikkaluokta.com\/de\/#organization","name":"Nikkaluokta Sarri AB","url":"https:\/\/nikkaluokta.com\/de\/","logo":{"@type":"ImageObject","inLanguage":"de","@id":"https:\/\/nikkaluokta.com\/de\/#\/schema\/logo\/image\/","url":"https:\/\/media.nikkaluokta.com\/2019\/01\/Nikkaluokta-transp-logo.png","contentUrl":"https:\/\/media.nikkaluokta.com\/2019\/01\/Nikkaluokta-transp-logo.png","width":800,"height":149,"caption":"Nikkaluokta Sarri AB"},"image":{"@id":"https:\/\/nikkaluokta.com\/de\/#\/schema\/logo\/image\/"},"sameAs":["https:\/\/www.facebook.com\/Nikkaluoktasarri\/","https:\/\/www.instagram.com\/nikkaluoktasarri\/"]}]}},"_links":{"self":[{"href":"https:\/\/nikkaluokta.com\/de\/wp-json\/wp\/v2\/pages\/255","targetHints":{"allow":["GET"]}}],"collection":[{"href":"https:\/\/nikkaluokta.com\/de\/wp-json\/wp\/v2\/pages"}],"about":[{"href":"https:\/\/nikkaluokta.com\/de\/wp-json\/wp\/v2\/types\/page"}],"author":[{"embeddable":true,"href":"https:\/\/nikkaluokta.com\/de\/wp-json\/wp\/v2\/users\/1"}],"replies":[{"embeddable":true,"href":"https:\/\/nikkaluokta.com\/de\/wp-json\/wp\/v2\/comments?post=255"}],"version-history":[{"count":6,"href":"https:\/\/nikkaluokta.com\/de\/wp-json\/wp\/v2\/pages\/255\/revisions"}],"predecessor-version":[{"id":1304,"href":"https:\/\/nikkaluokta.com\/de\/wp-json\/wp\/v2\/pages\/255\/revisions\/1304"}],"up":[{"embeddable":true,"href":"https:\/\/nikkaluokta.com\/de\/wp-json\/wp\/v2\/pages\/269"}],"wp:attachment":[{"href":"https:\/\/nikkaluokta.com\/de\/wp-json\/wp\/v2\/media?parent=255"}],"curies":[{"name":"wp","href":"https:\/\/api.w.org\/{rel}","templated":true}]}}