{"id":2558,"date":"2022-01-26T17:08:38","date_gmt":"2022-01-26T16:08:38","guid":{"rendered":"https:\/\/nikkaluokta.com\/?page_id=2558"},"modified":"2023-03-30T16:34:58","modified_gmt":"2023-03-30T14:34:58","slug":"appartements-mit-6-betten","status":"publish","type":"page","link":"https:\/\/nikkaluokta.com\/de\/unterkunft\/appartements-mit-6-betten","title":{"rendered":"Appartements mit 6 Betten"},"content":{"rendered":"\r\n<figure class=\"wp-block-image size-full\"><img loading=\"lazy\" decoding=\"async\" width=\"1000\" height=\"667\" class=\"wp-image-955\" src=\"http:\/\/media.nikkaluokta.com\/2016\/02\/MG_6591.jpg\" alt=\"\" srcset=\"http:\/\/media.nikkaluokta.com\/2016\/02\/MG_6591.jpg 1000w, http:\/\/media.nikkaluokta.com\/2016\/02\/MG_6591-300x200.jpg 300w, http:\/\/media.nikkaluokta.com\/2016\/02\/MG_6591-768x512.jpg 768w\" sizes=\"auto, (max-width: 1000px) 100vw, 1000px\" \/><\/figure>\r\n\r\n\r\n\r\n<figure class=\"wp-block-table is-style-stripes\"><\/figure>\r\n\r\n\r\n\r\n<p>Beaivi \u2013 die Sonne, Biegga \u2013 der Wind,<br \/>Varri \u2013 der Berg, Vaggi \u2013 das Tal<\/p>\r\n\r\n\r\n\r\n<p>Es gibt vier Appartements, jedes mit einem gro\u00dfen Hauptraum im hellen nordischen Stil. Hoher Komfort im ger\u00e4umigen Wohnraum mit integrierter K\u00fcche.<\/p>\r\n\r\n\r\n\r\n<p>Die K\u00fcche verf\u00fcgt \u00fcber zwei Kochplatten, Mikrowelle und einen kleinen K\u00fchl-\/Gefrierschrank.<\/p>\r\n\r\n\r\n\r\n<p>Weiterhin gibt es einen einen Trockenschrank und einen holzbefeuerten Kamin.<\/p>\r\n\r\n\r\n\r\n<p>Das Appartement hat 3 Schlafzimmer: Eines mit traditionellen Betten und eines mit einem (Familien-)Hochbett. Die dritte Schlafgelegenheit liegt unter dem Dach in einer offenen Galerie (\u201cLoft\u201d).<\/p>\r\n\r\n\r\n\r\n<p>Dusche und WC befinden sich in jedem Haus und au\u00dferdem besteht Zugang zum Servicegeb\u00e4ude mit Dusche und Sauna.<\/p>\r\n\r\n\r\n\r\n<p>W\u00e4hrend der Saison steht das Restaurant Sk\u00e1idi f\u00fcr Fr\u00fchst\u00fcck, Mittag- und Abendessen zur Verf\u00fcgung.<\/p>\r\n\r\n\r\n\r\n<p>Sie k\u00f6nnen entweder \u00fcber unsere Webseite online eine Buchungsanfrage stellen, oder rufen Sie uns einfach an.<\/p>\r\n\r\n\r\n\r\n<figure class=\"wp-block-gallery has-nested-images columns-1 is-cropped wp-block-gallery-1 is-layout-flex wp-block-gallery-is-layout-flex\">\r\n<figure class=\"wp-block-image size-large\"><img loading=\"lazy\" decoding=\"async\" width=\"1000\" height=\"667\" data-id=\"968\" class=\"wp-image-968\" src=\"http:\/\/media.nikkaluokta.com\/2016\/02\/MG_6610.jpg\" alt=\"\" srcset=\"http:\/\/media.nikkaluokta.com\/2016\/02\/MG_6610.jpg 1000w, http:\/\/media.nikkaluokta.com\/2016\/02\/MG_6610-300x200.jpg 300w, http:\/\/media.nikkaluokta.com\/2016\/02\/MG_6610-768x512.jpg 768w\" sizes=\"auto, (max-width: 1000px) 100vw, 1000px\" \/><\/figure>\r\n\r\n\r\n\r\n<figure class=\"wp-block-image size-large\"><img loading=\"lazy\" decoding=\"async\" width=\"1000\" height=\"667\" data-id=\"967\" class=\"wp-image-967\" src=\"http:\/\/media.nikkaluokta.com\/2016\/02\/MG_6609.jpg\" alt=\"\" srcset=\"http:\/\/media.nikkaluokta.com\/2016\/02\/MG_6609.jpg 1000w, http:\/\/media.nikkaluokta.com\/2016\/02\/MG_6609-300x200.jpg 300w, http:\/\/media.nikkaluokta.com\/2016\/02\/MG_6609-768x512.jpg 768w\" sizes=\"auto, (max-width: 1000px) 100vw, 1000px\" \/><\/figure>\r\n\r\n\r\n\r\n\r\n\r\n\r\n\r\n<figure class=\"wp-block-image size-large\"><img loading=\"lazy\" decoding=\"async\" width=\"1000\" height=\"667\" data-id=\"964\" class=\"wp-image-964\" src=\"http:\/\/media.nikkaluokta.com\/2016\/02\/MG_6604.jpg\" alt=\"\" srcset=\"http:\/\/media.nikkaluokta.com\/2016\/02\/MG_6604.jpg 1000w, http:\/\/media.nikkaluokta.com\/2016\/02\/MG_6604-300x200.jpg 300w, http:\/\/media.nikkaluokta.com\/2016\/02\/MG_6604-768x512.jpg 768w\" sizes=\"auto, (max-width: 1000px) 100vw, 1000px\" \/><\/figure>\r\n\r\n\r\n\r\n\r\n\r\n<figure class=\"wp-block-image size-large\"><img loading=\"lazy\" decoding=\"async\" width=\"675\" height=\"900\" data-id=\"962\" class=\"wp-image-962\" src=\"http:\/\/media.nikkaluokta.com\/2016\/02\/MG_6599.jpg\" alt=\"\" srcset=\"http:\/\/media.nikkaluokta.com\/2016\/02\/MG_6599.jpg 675w, http:\/\/media.nikkaluokta.com\/2016\/02\/MG_6599-225x300.jpg 225w\" sizes=\"auto, (max-width: 675px) 100vw, 675px\" \/><\/figure>\r\n\r\n\r\n\r\n<figure class=\"wp-block-image size-large\"><img loading=\"lazy\" decoding=\"async\" width=\"675\" height=\"900\" data-id=\"961\" class=\"wp-image-961\" src=\"http:\/\/media.nikkaluokta.com\/2016\/02\/MG_6598.jpg\" alt=\"\" srcset=\"http:\/\/media.nikkaluokta.com\/2016\/02\/MG_6598.jpg 675w, http:\/\/media.nikkaluokta.com\/2016\/02\/MG_6598-225x300.jpg 225w\" sizes=\"auto, (max-width: 675px) 100vw, 675px\" \/><\/figure>\r\n\r\n\r\n\r\n<figure class=\"wp-block-image size-large\"><img loading=\"lazy\" decoding=\"async\" width=\"1000\" height=\"667\" data-id=\"960\" class=\"wp-image-960\" src=\"http:\/\/media.nikkaluokta.com\/2016\/02\/MG_6596.jpg\" alt=\"\" srcset=\"http:\/\/media.nikkaluokta.com\/2016\/02\/MG_6596.jpg 1000w, http:\/\/media.nikkaluokta.com\/2016\/02\/MG_6596-300x200.jpg 300w, http:\/\/media.nikkaluokta.com\/2016\/02\/MG_6596-768x512.jpg 768w\" sizes=\"auto, (max-width: 1000px) 100vw, 1000px\" \/><\/figure>\r\n\r\n\r\n\r\n<figure class=\"wp-block-image size-large\"><img loading=\"lazy\" decoding=\"async\" width=\"1000\" height=\"667\" data-id=\"959\" class=\"wp-image-959\" src=\"http:\/\/media.nikkaluokta.com\/2016\/02\/MG_6595.jpg\" alt=\"\" srcset=\"http:\/\/media.nikkaluokta.com\/2016\/02\/MG_6595.jpg 1000w, http:\/\/media.nikkaluokta.com\/2016\/02\/MG_6595-300x200.jpg 300w, http:\/\/media.nikkaluokta.com\/2016\/02\/MG_6595-768x512.jpg 768w\" sizes=\"auto, (max-width: 1000px) 100vw, 1000px\" \/><\/figure>\r\n\r\n\r\n\r\n<figure class=\"wp-block-image size-large\"><img loading=\"lazy\" decoding=\"async\" width=\"1000\" height=\"667\" data-id=\"956\" class=\"wp-image-956\" src=\"http:\/\/media.nikkaluokta.com\/2016\/02\/MG_6592.jpg\" alt=\"\" srcset=\"http:\/\/media.nikkaluokta.com\/2016\/02\/MG_6592.jpg 1000w, http:\/\/media.nikkaluokta.com\/2016\/02\/MG_6592-300x200.jpg 300w, http:\/\/media.nikkaluokta.com\/2016\/02\/MG_6592-768x512.jpg 768w\" sizes=\"auto, (max-width: 1000px) 100vw, 1000px\" \/><\/figure>\r\n\r\n\r\n\r\n\r\n<\/figure>\r\n\r\n\r\n\r\n<p>&nbsp;<\/p>\r\n","protected":false},"excerpt":{"rendered":"<p>Beaivi \u2013 die Sonne, Biegga \u2013 der Wind,Varri \u2013 der Berg, Vaggi \u2013 das Tal Es gibt vier Appartements, jedes mit einem gro\u00dfen Hauptraum im hellen nordischen Stil. Hoher Komfort im ger\u00e4umigen Wohnraum mit integrierter K\u00fcche. Die K\u00fcche verf\u00fcgt \u00fcber zwei Kochplatten, Mikrowelle und einen kleinen K\u00fchl-\/Gefrierschrank. Weiterhin gibt es einen einen Trockenschrank und einen<\/p>\n<a href=\"https:\/\/nikkaluokta.com\/de\/unterkunft\/appartements-mit-6-betten\" class=\"sohohotel-more-link\">Read More<i class=\"fa fa-angle-right\"><\/i><\/a>","protected":false},"author":1,"featured_media":0,"parent":312,"menu_order":0,"comment_status":"closed","ping_status":"closed","template":"","meta":{"footnotes":""},"class_list":["post-2558","page","type-page","status-publish","hentry"],"yoast_head":"<!-- This site is optimized with the Yoast SEO plugin v27.4 - https:\/\/yoast.com\/product\/yoast-seo-wordpress\/ -->\n<title>Appartements mit 6 Betten - Nikkaluokta Sarri AB<\/title>\n<meta name=\"robots\" content=\"index, follow, max-snippet:-1, max-image-preview:large, max-video-preview:-1\" \/>\n<link rel=\"canonical\" href=\"https:\/\/nikkaluokta.com\/de\/unterkunft\/appartements-mit-6-betten\" \/>\n<meta property=\"og:locale\" content=\"de_DE\" \/>\n<meta property=\"og:type\" content=\"article\" \/>\n<meta property=\"og:title\" content=\"Appartements mit 6 Betten - Nikkaluokta Sarri AB\" \/>\n<meta property=\"og:description\" content=\"Beaivi \u2013 die Sonne, Biegga \u2013 der Wind,Varri \u2013 der Berg, Vaggi \u2013 das Tal Es gibt vier Appartements, jedes mit einem gro\u00dfen Hauptraum im hellen nordischen Stil. Hoher Komfort im ger\u00e4umigen Wohnraum mit integrierter K\u00fcche. Die K\u00fcche verf\u00fcgt \u00fcber zwei Kochplatten, Mikrowelle und einen kleinen K\u00fchl-\/Gefrierschrank. Weiterhin gibt es einen einen Trockenschrank und einen\" \/>\n<meta property=\"og:url\" content=\"https:\/\/nikkaluokta.com\/de\/unterkunft\/appartements-mit-6-betten\" \/>\n<meta property=\"og:site_name\" content=\"Nikkaluokta Sarri AB\" \/>\n<meta property=\"article:publisher\" content=\"https:\/\/www.facebook.com\/Nikkaluoktasarri\/\" \/>\n<meta property=\"article:modified_time\" content=\"2023-03-30T14:34:58+00:00\" \/>\n<meta property=\"og:image\" content=\"http:\/\/media.nikkaluokta.com\/2016\/02\/MG_6591.jpg\" \/>\n<meta name=\"twitter:card\" content=\"summary_large_image\" \/>\n<meta name=\"twitter:label1\" content=\"Gesch\u00e4tzte Lesezeit\" \/>\n\t<meta name=\"twitter:data1\" content=\"3\u00a0Minuten\" \/>\n<script type=\"application\/ld+json\" class=\"yoast-schema-graph\">{\"@context\":\"https:\\\/\\\/schema.org\",\"@graph\":[{\"@type\":\"WebPage\",\"@id\":\"https:\\\/\\\/nikkaluokta.com\\\/de\\\/unterkunft\\\/appartements-mit-6-betten\",\"url\":\"https:\\\/\\\/nikkaluokta.com\\\/de\\\/unterkunft\\\/appartements-mit-6-betten\",\"name\":\"Appartements mit 6 Betten - Nikkaluokta Sarri AB\",\"isPartOf\":{\"@id\":\"https:\\\/\\\/nikkaluokta.com\\\/de\\\/#website\"},\"primaryImageOfPage\":{\"@id\":\"https:\\\/\\\/nikkaluokta.com\\\/de\\\/unterkunft\\\/appartements-mit-6-betten#primaryimage\"},\"image\":{\"@id\":\"https:\\\/\\\/nikkaluokta.com\\\/de\\\/unterkunft\\\/appartements-mit-6-betten#primaryimage\"},\"thumbnailUrl\":\"http:\\\/\\\/media.nikkaluokta.com\\\/2016\\\/02\\\/MG_6591.jpg\",\"datePublished\":\"2022-01-26T16:08:38+00:00\",\"dateModified\":\"2023-03-30T14:34:58+00:00\",\"breadcrumb\":{\"@id\":\"https:\\\/\\\/nikkaluokta.com\\\/de\\\/unterkunft\\\/appartements-mit-6-betten#breadcrumb\"},\"inLanguage\":\"de\",\"potentialAction\":[{\"@type\":\"ReadAction\",\"target\":[\"https:\\\/\\\/nikkaluokta.com\\\/de\\\/unterkunft\\\/appartements-mit-6-betten\"]}]},{\"@type\":\"ImageObject\",\"inLanguage\":\"de\",\"@id\":\"https:\\\/\\\/nikkaluokta.com\\\/de\\\/unterkunft\\\/appartements-mit-6-betten#primaryimage\",\"url\":\"http:\\\/\\\/media.nikkaluokta.com\\\/2016\\\/02\\\/MG_6591.jpg\",\"contentUrl\":\"http:\\\/\\\/media.nikkaluokta.com\\\/2016\\\/02\\\/MG_6591.jpg\"},{\"@type\":\"BreadcrumbList\",\"@id\":\"https:\\\/\\\/nikkaluokta.com\\\/de\\\/unterkunft\\\/appartements-mit-6-betten#breadcrumb\",\"itemListElement\":[{\"@type\":\"ListItem\",\"position\":1,\"name\":\"Home\",\"item\":\"https:\\\/\\\/nikkaluokta.com\\\/de\"},{\"@type\":\"ListItem\",\"position\":2,\"name\":\"Unterk\u00fcnfte\",\"item\":\"https:\\\/\\\/nikkaluokta.com\\\/de\\\/unterkunft\"},{\"@type\":\"ListItem\",\"position\":3,\"name\":\"Appartements mit 6 Betten\"}]},{\"@type\":\"WebSite\",\"@id\":\"https:\\\/\\\/nikkaluokta.com\\\/de\\\/#website\",\"url\":\"https:\\\/\\\/nikkaluokta.com\\\/de\\\/\",\"name\":\"Nikkaluokta Sarri AB\",\"description\":\"Mitt i en storslagen natur\",\"publisher\":{\"@id\":\"https:\\\/\\\/nikkaluokta.com\\\/de\\\/#organization\"},\"potentialAction\":[{\"@type\":\"SearchAction\",\"target\":{\"@type\":\"EntryPoint\",\"urlTemplate\":\"https:\\\/\\\/nikkaluokta.com\\\/de\\\/?s={search_term_string}\"},\"query-input\":{\"@type\":\"PropertyValueSpecification\",\"valueRequired\":true,\"valueName\":\"search_term_string\"}}],\"inLanguage\":\"de\"},{\"@type\":\"Organization\",\"@id\":\"https:\\\/\\\/nikkaluokta.com\\\/de\\\/#organization\",\"name\":\"Nikkaluokta Sarri AB\",\"url\":\"https:\\\/\\\/nikkaluokta.com\\\/de\\\/\",\"logo\":{\"@type\":\"ImageObject\",\"inLanguage\":\"de\",\"@id\":\"https:\\\/\\\/nikkaluokta.com\\\/de\\\/#\\\/schema\\\/logo\\\/image\\\/\",\"url\":\"https:\\\/\\\/media.nikkaluokta.com\\\/2019\\\/01\\\/Nikkaluokta-transp-logo.png\",\"contentUrl\":\"https:\\\/\\\/media.nikkaluokta.com\\\/2019\\\/01\\\/Nikkaluokta-transp-logo.png\",\"width\":800,\"height\":149,\"caption\":\"Nikkaluokta Sarri AB\"},\"image\":{\"@id\":\"https:\\\/\\\/nikkaluokta.com\\\/de\\\/#\\\/schema\\\/logo\\\/image\\\/\"},\"sameAs\":[\"https:\\\/\\\/www.facebook.com\\\/Nikkaluoktasarri\\\/\",\"https:\\\/\\\/www.instagram.com\\\/nikkaluoktasarri\\\/\"]}]}<\/script>\n<!-- \/ Yoast SEO plugin. -->","yoast_head_json":{"title":"Appartements mit 6 Betten - Nikkaluokta Sarri AB","robots":{"index":"index","follow":"follow","max-snippet":"max-snippet:-1","max-image-preview":"max-image-preview:large","max-video-preview":"max-video-preview:-1"},"canonical":"https:\/\/nikkaluokta.com\/de\/unterkunft\/appartements-mit-6-betten","og_locale":"de_DE","og_type":"article","og_title":"Appartements mit 6 Betten - Nikkaluokta Sarri AB","og_description":"Beaivi \u2013 die Sonne, Biegga \u2013 der Wind,Varri \u2013 der Berg, Vaggi \u2013 das Tal Es gibt vier Appartements, jedes mit einem gro\u00dfen Hauptraum im hellen nordischen Stil. Hoher Komfort im ger\u00e4umigen Wohnraum mit integrierter K\u00fcche. Die K\u00fcche verf\u00fcgt \u00fcber zwei Kochplatten, Mikrowelle und einen kleinen K\u00fchl-\/Gefrierschrank. Weiterhin gibt es einen einen Trockenschrank und einen","og_url":"https:\/\/nikkaluokta.com\/de\/unterkunft\/appartements-mit-6-betten","og_site_name":"Nikkaluokta Sarri AB","article_publisher":"https:\/\/www.facebook.com\/Nikkaluoktasarri\/","article_modified_time":"2023-03-30T14:34:58+00:00","og_image":[{"url":"http:\/\/media.nikkaluokta.com\/2016\/02\/MG_6591.jpg","type":"","width":"","height":""}],"twitter_card":"summary_large_image","twitter_misc":{"Gesch\u00e4tzte Lesezeit":"3\u00a0Minuten"},"schema":{"@context":"https:\/\/schema.org","@graph":[{"@type":"WebPage","@id":"https:\/\/nikkaluokta.com\/de\/unterkunft\/appartements-mit-6-betten","url":"https:\/\/nikkaluokta.com\/de\/unterkunft\/appartements-mit-6-betten","name":"Appartements mit 6 Betten - Nikkaluokta Sarri AB","isPartOf":{"@id":"https:\/\/nikkaluokta.com\/de\/#website"},"primaryImageOfPage":{"@id":"https:\/\/nikkaluokta.com\/de\/unterkunft\/appartements-mit-6-betten#primaryimage"},"image":{"@id":"https:\/\/nikkaluokta.com\/de\/unterkunft\/appartements-mit-6-betten#primaryimage"},"thumbnailUrl":"http:\/\/media.nikkaluokta.com\/2016\/02\/MG_6591.jpg","datePublished":"2022-01-26T16:08:38+00:00","dateModified":"2023-03-30T14:34:58+00:00","breadcrumb":{"@id":"https:\/\/nikkaluokta.com\/de\/unterkunft\/appartements-mit-6-betten#breadcrumb"},"inLanguage":"de","potentialAction":[{"@type":"ReadAction","target":["https:\/\/nikkaluokta.com\/de\/unterkunft\/appartements-mit-6-betten"]}]},{"@type":"ImageObject","inLanguage":"de","@id":"https:\/\/nikkaluokta.com\/de\/unterkunft\/appartements-mit-6-betten#primaryimage","url":"http:\/\/media.nikkaluokta.com\/2016\/02\/MG_6591.jpg","contentUrl":"http:\/\/media.nikkaluokta.com\/2016\/02\/MG_6591.jpg"},{"@type":"BreadcrumbList","@id":"https:\/\/nikkaluokta.com\/de\/unterkunft\/appartements-mit-6-betten#breadcrumb","itemListElement":[{"@type":"ListItem","position":1,"name":"Home","item":"https:\/\/nikkaluokta.com\/de"},{"@type":"ListItem","position":2,"name":"Unterk\u00fcnfte","item":"https:\/\/nikkaluokta.com\/de\/unterkunft"},{"@type":"ListItem","position":3,"name":"Appartements mit 6 Betten"}]},{"@type":"WebSite","@id":"https:\/\/nikkaluokta.com\/de\/#website","url":"https:\/\/nikkaluokta.com\/de\/","name":"Nikkaluokta Sarri AB","description":"Mitt i en storslagen natur","publisher":{"@id":"https:\/\/nikkaluokta.com\/de\/#organization"},"potentialAction":[{"@type":"SearchAction","target":{"@type":"EntryPoint","urlTemplate":"https:\/\/nikkaluokta.com\/de\/?s={search_term_string}"},"query-input":{"@type":"PropertyValueSpecification","valueRequired":true,"valueName":"search_term_string"}}],"inLanguage":"de"},{"@type":"Organization","@id":"https:\/\/nikkaluokta.com\/de\/#organization","name":"Nikkaluokta Sarri AB","url":"https:\/\/nikkaluokta.com\/de\/","logo":{"@type":"ImageObject","inLanguage":"de","@id":"https:\/\/nikkaluokta.com\/de\/#\/schema\/logo\/image\/","url":"https:\/\/media.nikkaluokta.com\/2019\/01\/Nikkaluokta-transp-logo.png","contentUrl":"https:\/\/media.nikkaluokta.com\/2019\/01\/Nikkaluokta-transp-logo.png","width":800,"height":149,"caption":"Nikkaluokta Sarri AB"},"image":{"@id":"https:\/\/nikkaluokta.com\/de\/#\/schema\/logo\/image\/"},"sameAs":["https:\/\/www.facebook.com\/Nikkaluoktasarri\/","https:\/\/www.instagram.com\/nikkaluoktasarri\/"]}]}},"_links":{"self":[{"href":"https:\/\/nikkaluokta.com\/de\/wp-json\/wp\/v2\/pages\/2558","targetHints":{"allow":["GET"]}}],"collection":[{"href":"https:\/\/nikkaluokta.com\/de\/wp-json\/wp\/v2\/pages"}],"about":[{"href":"https:\/\/nikkaluokta.com\/de\/wp-json\/wp\/v2\/types\/page"}],"author":[{"embeddable":true,"href":"https:\/\/nikkaluokta.com\/de\/wp-json\/wp\/v2\/users\/1"}],"replies":[{"embeddable":true,"href":"https:\/\/nikkaluokta.com\/de\/wp-json\/wp\/v2\/comments?post=2558"}],"version-history":[{"count":4,"href":"https:\/\/nikkaluokta.com\/de\/wp-json\/wp\/v2\/pages\/2558\/revisions"}],"predecessor-version":[{"id":2963,"href":"https:\/\/nikkaluokta.com\/de\/wp-json\/wp\/v2\/pages\/2558\/revisions\/2963"}],"up":[{"embeddable":true,"href":"https:\/\/nikkaluokta.com\/de\/wp-json\/wp\/v2\/pages\/312"}],"wp:attachment":[{"href":"https:\/\/nikkaluokta.com\/de\/wp-json\/wp\/v2\/media?parent=2558"}],"curies":[{"name":"wp","href":"https:\/\/api.w.org\/{rel}","templated":true}]}}