{"id":2569,"date":"2022-01-26T17:19:26","date_gmt":"2022-01-26T16:19:26","guid":{"rendered":"https:\/\/nikkaluokta.com\/?page_id=2569"},"modified":"2022-01-26T17:19:27","modified_gmt":"2022-01-26T16:19:27","slug":"gemuetliche-2-4-bett-huetten","status":"publish","type":"page","link":"https:\/\/nikkaluokta.com\/de\/unterkunft\/gemuetliche-2-4-bett-huetten","title":{"rendered":"Gem\u00fctliche 2-4-Bett-H\u00fctten"},"content":{"rendered":"\n<figure class=\"wp-block-image size-full\"><a href=\"http:\/\/media.nikkaluokta.com\/2021\/02\/DSC04000.jpg\"><img loading=\"lazy\" decoding=\"async\" width=\"1000\" height=\"667\" src=\"http:\/\/media.nikkaluokta.com\/2021\/02\/DSC04000.jpg\" alt=\"\" class=\"wp-image-2339\" srcset=\"http:\/\/media.nikkaluokta.com\/2021\/02\/DSC04000.jpg 1000w, http:\/\/media.nikkaluokta.com\/2021\/02\/DSC04000-300x200.jpg 300w, http:\/\/media.nikkaluokta.com\/2021\/02\/DSC04000-768x512.jpg 768w, http:\/\/media.nikkaluokta.com\/2021\/02\/DSC04000-100x67.jpg 100w\" sizes=\"auto, (max-width: 1000px) 100vw, 1000px\" \/><\/a><\/figure>\n\n\n\n<figure class=\"wp-block-table\"><table><tbody><tr><td>Gefrierfach<\/td><td>Kochplatten<\/td><td>K\u00fchlschrank<\/td><\/tr><tr><td>Heizung<\/td><td>Flie\u00dfend Wasser<\/td><td>WC<\/td><\/tr><\/tbody><\/table><\/figure>\n\n\n\n<p>Die Namen der H\u00fctten sind: Eivor, Kristina, Sten, Anna-Nora &amp; Valter, Gertrud<\/p>\n\n\n\n<p>Wir haben vier gem\u00fctliche 4-Bett-H\u00fctten und eine mit zwei Betten.<\/p>\n\n\n\n<p>Diese H\u00fctten sind alle frisch renoviert und verf\u00fcgen \u00fcber ein kleines Bad mit WC und Waschbecken. Im Hauptraum befinden sich zwei Hochbetten und eine voll ausgestattete K\u00fcchenzeile mit kleinem K\u00fchlschrank.<\/p>\n\n\n\n<p>Die H\u00fctten wurden nach 5 besonderen Pers\u00f6nlichkeiten aus der Vergangenheit der Bergregion um Nikkaluokta benannt. Eivor Fischer, Kristina Sarri, Sten Brander, Anna-Nora &amp; Valter Schytt and Gertrud Norrby. Wenn Sie uns besuchen, werden Sie mehr \u00fcber deren Leben in den umliegenden Bergen erfahren.<\/p>\n\n\n\n<p>Es besteht Zugang zum Servicegeb\u00e4ude mit Dusche und Sauna.<\/p>\n\n\n\n<p>W\u00e4hrend der Saison steht das Restaurant Sk\u00e1idi f\u00fcr Fr\u00fchst\u00fcck, Mittag- und Abendessen zur Verf\u00fcgung.<\/p>\n\n\n\n<figure class=\"wp-block-gallery has-nested-images columns-1 is-cropped wp-block-gallery-1 is-layout-flex wp-block-gallery-is-layout-flex\">\n<figure class=\"wp-block-image size-full\"><img loading=\"lazy\" decoding=\"async\" width=\"1000\" height=\"667\" data-id=\"2333\" src=\"https:\/\/media.nikkaluokta.com\/2021\/02\/DSC04003.jpg\" alt=\"\" class=\"wp-image-2333\" srcset=\"http:\/\/media.nikkaluokta.com\/2021\/02\/DSC04003.jpg 1000w, http:\/\/media.nikkaluokta.com\/2021\/02\/DSC04003-300x200.jpg 300w, http:\/\/media.nikkaluokta.com\/2021\/02\/DSC04003-768x512.jpg 768w, http:\/\/media.nikkaluokta.com\/2021\/02\/DSC04003-100x67.jpg 100w\" sizes=\"auto, (max-width: 1000px) 100vw, 1000px\" \/><\/figure>\n\n\n\n<figure class=\"wp-block-image size-full\"><img loading=\"lazy\" decoding=\"async\" width=\"1000\" height=\"667\" data-id=\"931\" src=\"https:\/\/media.nikkaluokta.com\/2016\/02\/MG_6555.jpg\" alt=\"\" class=\"wp-image-931\" srcset=\"http:\/\/media.nikkaluokta.com\/2016\/02\/MG_6555.jpg 1000w, http:\/\/media.nikkaluokta.com\/2016\/02\/MG_6555-300x200.jpg 300w, http:\/\/media.nikkaluokta.com\/2016\/02\/MG_6555-768x512.jpg 768w\" sizes=\"auto, (max-width: 1000px) 100vw, 1000px\" \/><\/figure>\n\n\n\n<figure class=\"wp-block-image size-full\"><img loading=\"lazy\" decoding=\"async\" width=\"1000\" height=\"667\" data-id=\"2345\" src=\"https:\/\/media.nikkaluokta.com\/2021\/02\/DSC03999.jpg\" alt=\"\" class=\"wp-image-2345\" srcset=\"http:\/\/media.nikkaluokta.com\/2021\/02\/DSC03999.jpg 1000w, http:\/\/media.nikkaluokta.com\/2021\/02\/DSC03999-300x200.jpg 300w, http:\/\/media.nikkaluokta.com\/2021\/02\/DSC03999-768x512.jpg 768w, http:\/\/media.nikkaluokta.com\/2021\/02\/DSC03999-100x67.jpg 100w\" sizes=\"auto, (max-width: 1000px) 100vw, 1000px\" \/><\/figure>\n\n\n\n<figure class=\"wp-block-image size-full\"><img loading=\"lazy\" decoding=\"async\" width=\"1000\" height=\"667\" data-id=\"2327\" src=\"https:\/\/media.nikkaluokta.com\/2021\/02\/DSC04005.jpg\" alt=\"\" class=\"wp-image-2327\" srcset=\"http:\/\/media.nikkaluokta.com\/2021\/02\/DSC04005.jpg 1000w, http:\/\/media.nikkaluokta.com\/2021\/02\/DSC04005-300x200.jpg 300w, http:\/\/media.nikkaluokta.com\/2021\/02\/DSC04005-768x512.jpg 768w, http:\/\/media.nikkaluokta.com\/2021\/02\/DSC04005-100x67.jpg 100w\" sizes=\"auto, (max-width: 1000px) 100vw, 1000px\" \/><\/figure>\n\n\n\n<figure class=\"wp-block-image size-full\"><img loading=\"lazy\" decoding=\"async\" width=\"1000\" height=\"667\" data-id=\"2330\" src=\"https:\/\/media.nikkaluokta.com\/2021\/02\/DSC04004.jpg\" alt=\"\" class=\"wp-image-2330\" srcset=\"http:\/\/media.nikkaluokta.com\/2021\/02\/DSC04004.jpg 1000w, http:\/\/media.nikkaluokta.com\/2021\/02\/DSC04004-300x200.jpg 300w, http:\/\/media.nikkaluokta.com\/2021\/02\/DSC04004-768x512.jpg 768w, http:\/\/media.nikkaluokta.com\/2021\/02\/DSC04004-100x67.jpg 100w\" sizes=\"auto, (max-width: 1000px) 100vw, 1000px\" \/><\/figure>\n\n\n\n<figure class=\"wp-block-image size-full\"><img loading=\"lazy\" decoding=\"async\" width=\"1000\" height=\"667\" data-id=\"941\" src=\"https:\/\/media.nikkaluokta.com\/2016\/02\/MG_6573.jpg\" alt=\"\" class=\"wp-image-941\" srcset=\"http:\/\/media.nikkaluokta.com\/2016\/02\/MG_6573.jpg 1000w, http:\/\/media.nikkaluokta.com\/2016\/02\/MG_6573-300x200.jpg 300w, http:\/\/media.nikkaluokta.com\/2016\/02\/MG_6573-768x512.jpg 768w\" sizes=\"auto, (max-width: 1000px) 100vw, 1000px\" \/><\/figure>\n\n\n\n<figure class=\"wp-block-image size-full\"><img loading=\"lazy\" decoding=\"async\" width=\"675\" height=\"900\" data-id=\"934\" src=\"https:\/\/media.nikkaluokta.com\/2016\/02\/MG_6559.jpg\" alt=\"\" class=\"wp-image-934\" srcset=\"http:\/\/media.nikkaluokta.com\/2016\/02\/MG_6559.jpg 675w, http:\/\/media.nikkaluokta.com\/2016\/02\/MG_6559-225x300.jpg 225w\" sizes=\"auto, (max-width: 675px) 100vw, 675px\" \/><\/figure>\n\n\n\n<figure class=\"wp-block-image size-full\"><img loading=\"lazy\" decoding=\"async\" width=\"1000\" height=\"667\" data-id=\"932\" src=\"https:\/\/media.nikkaluokta.com\/2016\/02\/MG_6556.jpg\" alt=\"\" class=\"wp-image-932\" srcset=\"http:\/\/media.nikkaluokta.com\/2016\/02\/MG_6556.jpg 1000w, http:\/\/media.nikkaluokta.com\/2016\/02\/MG_6556-300x200.jpg 300w, http:\/\/media.nikkaluokta.com\/2016\/02\/MG_6556-768x512.jpg 768w\" sizes=\"auto, (max-width: 1000px) 100vw, 1000px\" \/><\/figure>\n\n\n\n<figure class=\"wp-block-image size-full\"><img loading=\"lazy\" decoding=\"async\" width=\"1000\" height=\"667\" data-id=\"930\" src=\"https:\/\/media.nikkaluokta.com\/2016\/02\/MG_6553.jpg\" alt=\"\" class=\"wp-image-930\" srcset=\"http:\/\/media.nikkaluokta.com\/2016\/02\/MG_6553.jpg 1000w, http:\/\/media.nikkaluokta.com\/2016\/02\/MG_6553-300x200.jpg 300w, http:\/\/media.nikkaluokta.com\/2016\/02\/MG_6553-768x512.jpg 768w\" sizes=\"auto, (max-width: 1000px) 100vw, 1000px\" \/><\/figure>\n<\/figure>\n","protected":false},"excerpt":{"rendered":"<p>Gefrierfach Kochplatten K\u00fchlschrank Heizung Flie\u00dfend Wasser WC Die Namen der H\u00fctten sind: Eivor, Kristina, Sten, Anna-Nora &amp; Valter, Gertrud Wir haben vier gem\u00fctliche 4-Bett-H\u00fctten und eine mit zwei Betten. Diese H\u00fctten sind alle frisch renoviert und verf\u00fcgen \u00fcber ein kleines Bad mit WC und Waschbecken. Im Hauptraum befinden sich zwei Hochbetten und eine voll ausgestattete<\/p>\n<a href=\"https:\/\/nikkaluokta.com\/de\/unterkunft\/gemuetliche-2-4-bett-huetten\" class=\"sohohotel-more-link\">Read More<i class=\"fa fa-angle-right\"><\/i><\/a>","protected":false},"author":1,"featured_media":0,"parent":312,"menu_order":1,"comment_status":"closed","ping_status":"closed","template":"","meta":{"footnotes":""},"class_list":["post-2569","page","type-page","status-publish","hentry"],"yoast_head":"<!-- This site is optimized with the Yoast SEO plugin v27.5 - https:\/\/yoast.com\/product\/yoast-seo-wordpress\/ -->\n<title>Gem\u00fctliche 2-4-Bett-H\u00fctten - Nikkaluokta Sarri AB<\/title>\n<meta name=\"robots\" content=\"index, follow, max-snippet:-1, max-image-preview:large, max-video-preview:-1\" \/>\n<link rel=\"canonical\" href=\"https:\/\/nikkaluokta.com\/de\/unterkunft\/gemuetliche-2-4-bett-huetten\" \/>\n<meta property=\"og:locale\" content=\"de_DE\" \/>\n<meta property=\"og:type\" content=\"article\" \/>\n<meta property=\"og:title\" content=\"Gem\u00fctliche 2-4-Bett-H\u00fctten - Nikkaluokta Sarri AB\" \/>\n<meta property=\"og:description\" content=\"Gefrierfach Kochplatten K\u00fchlschrank Heizung Flie\u00dfend Wasser WC Die Namen der H\u00fctten sind: Eivor, Kristina, Sten, Anna-Nora &amp; Valter, Gertrud Wir haben vier gem\u00fctliche 4-Bett-H\u00fctten und eine mit zwei Betten. Diese H\u00fctten sind alle frisch renoviert und verf\u00fcgen \u00fcber ein kleines Bad mit WC und Waschbecken. Im Hauptraum befinden sich zwei Hochbetten und eine voll ausgestattete\" \/>\n<meta property=\"og:url\" content=\"https:\/\/nikkaluokta.com\/de\/unterkunft\/gemuetliche-2-4-bett-huetten\" \/>\n<meta property=\"og:site_name\" content=\"Nikkaluokta Sarri AB\" \/>\n<meta property=\"article:publisher\" content=\"https:\/\/www.facebook.com\/Nikkaluoktasarri\/\" \/>\n<meta property=\"article:modified_time\" content=\"2022-01-26T16:19:27+00:00\" \/>\n<meta property=\"og:image\" content=\"http:\/\/media.nikkaluokta.com\/2021\/02\/DSC04000.jpg\" \/>\n<meta name=\"twitter:card\" content=\"summary_large_image\" \/>\n<meta name=\"twitter:label1\" content=\"Gesch\u00e4tzte Lesezeit\" \/>\n\t<meta name=\"twitter:data1\" content=\"3\u00a0Minuten\" \/>\n<script type=\"application\/ld+json\" class=\"yoast-schema-graph\">{\"@context\":\"https:\\\/\\\/schema.org\",\"@graph\":[{\"@type\":\"WebPage\",\"@id\":\"https:\\\/\\\/nikkaluokta.com\\\/de\\\/unterkunft\\\/gemuetliche-2-4-bett-huetten\",\"url\":\"https:\\\/\\\/nikkaluokta.com\\\/de\\\/unterkunft\\\/gemuetliche-2-4-bett-huetten\",\"name\":\"Gem\u00fctliche 2-4-Bett-H\u00fctten - Nikkaluokta Sarri AB\",\"isPartOf\":{\"@id\":\"https:\\\/\\\/nikkaluokta.com\\\/de\\\/#website\"},\"primaryImageOfPage\":{\"@id\":\"https:\\\/\\\/nikkaluokta.com\\\/de\\\/unterkunft\\\/gemuetliche-2-4-bett-huetten#primaryimage\"},\"image\":{\"@id\":\"https:\\\/\\\/nikkaluokta.com\\\/de\\\/unterkunft\\\/gemuetliche-2-4-bett-huetten#primaryimage\"},\"thumbnailUrl\":\"http:\\\/\\\/media.nikkaluokta.com\\\/2021\\\/02\\\/DSC04000.jpg\",\"datePublished\":\"2022-01-26T16:19:26+00:00\",\"dateModified\":\"2022-01-26T16:19:27+00:00\",\"breadcrumb\":{\"@id\":\"https:\\\/\\\/nikkaluokta.com\\\/de\\\/unterkunft\\\/gemuetliche-2-4-bett-huetten#breadcrumb\"},\"inLanguage\":\"de\",\"potentialAction\":[{\"@type\":\"ReadAction\",\"target\":[\"https:\\\/\\\/nikkaluokta.com\\\/de\\\/unterkunft\\\/gemuetliche-2-4-bett-huetten\"]}]},{\"@type\":\"ImageObject\",\"inLanguage\":\"de\",\"@id\":\"https:\\\/\\\/nikkaluokta.com\\\/de\\\/unterkunft\\\/gemuetliche-2-4-bett-huetten#primaryimage\",\"url\":\"http:\\\/\\\/media.nikkaluokta.com\\\/2021\\\/02\\\/DSC04000.jpg\",\"contentUrl\":\"http:\\\/\\\/media.nikkaluokta.com\\\/2021\\\/02\\\/DSC04000.jpg\"},{\"@type\":\"BreadcrumbList\",\"@id\":\"https:\\\/\\\/nikkaluokta.com\\\/de\\\/unterkunft\\\/gemuetliche-2-4-bett-huetten#breadcrumb\",\"itemListElement\":[{\"@type\":\"ListItem\",\"position\":1,\"name\":\"Home\",\"item\":\"https:\\\/\\\/nikkaluokta.com\\\/de\"},{\"@type\":\"ListItem\",\"position\":2,\"name\":\"Unterk\u00fcnfte\",\"item\":\"https:\\\/\\\/nikkaluokta.com\\\/de\\\/unterkunft\"},{\"@type\":\"ListItem\",\"position\":3,\"name\":\"Gem\u00fctliche 2-4-Bett-H\u00fctten\"}]},{\"@type\":\"WebSite\",\"@id\":\"https:\\\/\\\/nikkaluokta.com\\\/de\\\/#website\",\"url\":\"https:\\\/\\\/nikkaluokta.com\\\/de\\\/\",\"name\":\"Nikkaluokta Sarri AB\",\"description\":\"Mitt i en storslagen natur\",\"publisher\":{\"@id\":\"https:\\\/\\\/nikkaluokta.com\\\/de\\\/#organization\"},\"potentialAction\":[{\"@type\":\"SearchAction\",\"target\":{\"@type\":\"EntryPoint\",\"urlTemplate\":\"https:\\\/\\\/nikkaluokta.com\\\/de\\\/?s={search_term_string}\"},\"query-input\":{\"@type\":\"PropertyValueSpecification\",\"valueRequired\":true,\"valueName\":\"search_term_string\"}}],\"inLanguage\":\"de\"},{\"@type\":\"Organization\",\"@id\":\"https:\\\/\\\/nikkaluokta.com\\\/de\\\/#organization\",\"name\":\"Nikkaluokta Sarri AB\",\"url\":\"https:\\\/\\\/nikkaluokta.com\\\/de\\\/\",\"logo\":{\"@type\":\"ImageObject\",\"inLanguage\":\"de\",\"@id\":\"https:\\\/\\\/nikkaluokta.com\\\/de\\\/#\\\/schema\\\/logo\\\/image\\\/\",\"url\":\"https:\\\/\\\/media.nikkaluokta.com\\\/2019\\\/01\\\/Nikkaluokta-transp-logo.png\",\"contentUrl\":\"https:\\\/\\\/media.nikkaluokta.com\\\/2019\\\/01\\\/Nikkaluokta-transp-logo.png\",\"width\":800,\"height\":149,\"caption\":\"Nikkaluokta Sarri AB\"},\"image\":{\"@id\":\"https:\\\/\\\/nikkaluokta.com\\\/de\\\/#\\\/schema\\\/logo\\\/image\\\/\"},\"sameAs\":[\"https:\\\/\\\/www.facebook.com\\\/Nikkaluoktasarri\\\/\",\"https:\\\/\\\/www.instagram.com\\\/nikkaluoktasarri\\\/\"]}]}<\/script>\n<!-- \/ Yoast SEO plugin. -->","yoast_head_json":{"title":"Gem\u00fctliche 2-4-Bett-H\u00fctten - Nikkaluokta Sarri AB","robots":{"index":"index","follow":"follow","max-snippet":"max-snippet:-1","max-image-preview":"max-image-preview:large","max-video-preview":"max-video-preview:-1"},"canonical":"https:\/\/nikkaluokta.com\/de\/unterkunft\/gemuetliche-2-4-bett-huetten","og_locale":"de_DE","og_type":"article","og_title":"Gem\u00fctliche 2-4-Bett-H\u00fctten - Nikkaluokta Sarri AB","og_description":"Gefrierfach Kochplatten K\u00fchlschrank Heizung Flie\u00dfend Wasser WC Die Namen der H\u00fctten sind: Eivor, Kristina, Sten, Anna-Nora &amp; Valter, Gertrud Wir haben vier gem\u00fctliche 4-Bett-H\u00fctten und eine mit zwei Betten. Diese H\u00fctten sind alle frisch renoviert und verf\u00fcgen \u00fcber ein kleines Bad mit WC und Waschbecken. Im Hauptraum befinden sich zwei Hochbetten und eine voll ausgestattete","og_url":"https:\/\/nikkaluokta.com\/de\/unterkunft\/gemuetliche-2-4-bett-huetten","og_site_name":"Nikkaluokta Sarri AB","article_publisher":"https:\/\/www.facebook.com\/Nikkaluoktasarri\/","article_modified_time":"2022-01-26T16:19:27+00:00","og_image":[{"url":"http:\/\/media.nikkaluokta.com\/2021\/02\/DSC04000.jpg","type":"","width":"","height":""}],"twitter_card":"summary_large_image","twitter_misc":{"Gesch\u00e4tzte Lesezeit":"3\u00a0Minuten"},"schema":{"@context":"https:\/\/schema.org","@graph":[{"@type":"WebPage","@id":"https:\/\/nikkaluokta.com\/de\/unterkunft\/gemuetliche-2-4-bett-huetten","url":"https:\/\/nikkaluokta.com\/de\/unterkunft\/gemuetliche-2-4-bett-huetten","name":"Gem\u00fctliche 2-4-Bett-H\u00fctten - Nikkaluokta Sarri AB","isPartOf":{"@id":"https:\/\/nikkaluokta.com\/de\/#website"},"primaryImageOfPage":{"@id":"https:\/\/nikkaluokta.com\/de\/unterkunft\/gemuetliche-2-4-bett-huetten#primaryimage"},"image":{"@id":"https:\/\/nikkaluokta.com\/de\/unterkunft\/gemuetliche-2-4-bett-huetten#primaryimage"},"thumbnailUrl":"http:\/\/media.nikkaluokta.com\/2021\/02\/DSC04000.jpg","datePublished":"2022-01-26T16:19:26+00:00","dateModified":"2022-01-26T16:19:27+00:00","breadcrumb":{"@id":"https:\/\/nikkaluokta.com\/de\/unterkunft\/gemuetliche-2-4-bett-huetten#breadcrumb"},"inLanguage":"de","potentialAction":[{"@type":"ReadAction","target":["https:\/\/nikkaluokta.com\/de\/unterkunft\/gemuetliche-2-4-bett-huetten"]}]},{"@type":"ImageObject","inLanguage":"de","@id":"https:\/\/nikkaluokta.com\/de\/unterkunft\/gemuetliche-2-4-bett-huetten#primaryimage","url":"http:\/\/media.nikkaluokta.com\/2021\/02\/DSC04000.jpg","contentUrl":"http:\/\/media.nikkaluokta.com\/2021\/02\/DSC04000.jpg"},{"@type":"BreadcrumbList","@id":"https:\/\/nikkaluokta.com\/de\/unterkunft\/gemuetliche-2-4-bett-huetten#breadcrumb","itemListElement":[{"@type":"ListItem","position":1,"name":"Home","item":"https:\/\/nikkaluokta.com\/de"},{"@type":"ListItem","position":2,"name":"Unterk\u00fcnfte","item":"https:\/\/nikkaluokta.com\/de\/unterkunft"},{"@type":"ListItem","position":3,"name":"Gem\u00fctliche 2-4-Bett-H\u00fctten"}]},{"@type":"WebSite","@id":"https:\/\/nikkaluokta.com\/de\/#website","url":"https:\/\/nikkaluokta.com\/de\/","name":"Nikkaluokta Sarri AB","description":"Mitt i en storslagen natur","publisher":{"@id":"https:\/\/nikkaluokta.com\/de\/#organization"},"potentialAction":[{"@type":"SearchAction","target":{"@type":"EntryPoint","urlTemplate":"https:\/\/nikkaluokta.com\/de\/?s={search_term_string}"},"query-input":{"@type":"PropertyValueSpecification","valueRequired":true,"valueName":"search_term_string"}}],"inLanguage":"de"},{"@type":"Organization","@id":"https:\/\/nikkaluokta.com\/de\/#organization","name":"Nikkaluokta Sarri AB","url":"https:\/\/nikkaluokta.com\/de\/","logo":{"@type":"ImageObject","inLanguage":"de","@id":"https:\/\/nikkaluokta.com\/de\/#\/schema\/logo\/image\/","url":"https:\/\/media.nikkaluokta.com\/2019\/01\/Nikkaluokta-transp-logo.png","contentUrl":"https:\/\/media.nikkaluokta.com\/2019\/01\/Nikkaluokta-transp-logo.png","width":800,"height":149,"caption":"Nikkaluokta Sarri AB"},"image":{"@id":"https:\/\/nikkaluokta.com\/de\/#\/schema\/logo\/image\/"},"sameAs":["https:\/\/www.facebook.com\/Nikkaluoktasarri\/","https:\/\/www.instagram.com\/nikkaluoktasarri\/"]}]}},"_links":{"self":[{"href":"https:\/\/nikkaluokta.com\/de\/wp-json\/wp\/v2\/pages\/2569","targetHints":{"allow":["GET"]}}],"collection":[{"href":"https:\/\/nikkaluokta.com\/de\/wp-json\/wp\/v2\/pages"}],"about":[{"href":"https:\/\/nikkaluokta.com\/de\/wp-json\/wp\/v2\/types\/page"}],"author":[{"embeddable":true,"href":"https:\/\/nikkaluokta.com\/de\/wp-json\/wp\/v2\/users\/1"}],"replies":[{"embeddable":true,"href":"https:\/\/nikkaluokta.com\/de\/wp-json\/wp\/v2\/comments?post=2569"}],"version-history":[{"count":2,"href":"https:\/\/nikkaluokta.com\/de\/wp-json\/wp\/v2\/pages\/2569\/revisions"}],"predecessor-version":[{"id":2571,"href":"https:\/\/nikkaluokta.com\/de\/wp-json\/wp\/v2\/pages\/2569\/revisions\/2571"}],"up":[{"embeddable":true,"href":"https:\/\/nikkaluokta.com\/de\/wp-json\/wp\/v2\/pages\/312"}],"wp:attachment":[{"href":"https:\/\/nikkaluokta.com\/de\/wp-json\/wp\/v2\/media?parent=2569"}],"curies":[{"name":"wp","href":"https:\/\/api.w.org\/{rel}","templated":true}]}}