{"id":2588,"date":"2022-01-26T17:47:23","date_gmt":"2022-01-26T16:47:23","guid":{"rendered":"https:\/\/nikkaluokta.com\/?page_id=2588"},"modified":"2025-03-03T15:31:06","modified_gmt":"2025-03-03T14:31:06","slug":"kleine-2-bett-huetten","status":"publish","type":"page","link":"https:\/\/nikkaluokta.com\/de\/unterkunft\/kleine-2-bett-huetten","title":{"rendered":"Kleine 2-Bett-H\u00fctten"},"content":{"rendered":"\n<figure class=\"wp-block-image size-full\"><a href=\"http:\/\/media.nikkaluokta.com\/2016\/02\/MG_6577.jpg\"><img loading=\"lazy\" decoding=\"async\" width=\"1000\" height=\"667\" src=\"http:\/\/media.nikkaluokta.com\/2016\/02\/MG_6577.jpg\" alt=\"\" class=\"wp-image-944\" srcset=\"http:\/\/media.nikkaluokta.com\/2016\/02\/MG_6577.jpg 1000w, http:\/\/media.nikkaluokta.com\/2016\/02\/MG_6577-300x200.jpg 300w, http:\/\/media.nikkaluokta.com\/2016\/02\/MG_6577-768x512.jpg 768w\" sizes=\"auto, (max-width: 1000px) 100vw, 1000px\" \/><\/a><\/figure>\n\n\n\n<figure class=\"wp-block-table is-style-stripes\"><table><tbody><tr><td>Dusche<\/td><td>Sessel<\/td><td>Heizung<\/td><\/tr><tr><td>Flie\u00dfend Wasser<\/td><td>Wasserkocher<\/td><td>WC<\/td><\/tr><\/tbody><\/table><\/figure>\n\n\n\n<p>In Nikkaluokta haben wir drei 2-Bett-H\u00fctten.<\/p>\n\n\n\n<p>Diese bestehen aus einem Raum mit komfortablen Bett, einem Sessel, Wasserkocher, WC und Dusche. Bitte beachten Sie, dass zwei h\u00fctten \u00fcber Doppelbetten verf\u00fcgen.<\/p>\n\n\n\n<p>Gelegenheit zum Kochen besteht in der K\u00fcche im Servicegeb\u00e4ude. Dort befinden sich ebenfalls die M\u00e4nner- und die Frauensauna.<\/p>\n\n\n\n<p>W\u00e4hrend der Saison steht das Restaurant Sk\u00e1idi f\u00fcr Fr\u00fchst\u00fcck, Mittag- und Abendessen zur Verf\u00fcgung.<\/p>\n\n\n\n<figure class=\"wp-block-gallery has-nested-images columns-1 is-cropped wp-block-gallery-1 is-layout-flex wp-block-gallery-is-layout-flex\">\n<figure class=\"wp-block-image size-large\"><img loading=\"lazy\" decoding=\"async\" width=\"1000\" height=\"667\" data-id=\"943\" src=\"http:\/\/media.nikkaluokta.com\/2016\/02\/MG_6576.jpg\" alt=\"\" class=\"wp-image-943\" srcset=\"http:\/\/media.nikkaluokta.com\/2016\/02\/MG_6576.jpg 1000w, http:\/\/media.nikkaluokta.com\/2016\/02\/MG_6576-300x200.jpg 300w, http:\/\/media.nikkaluokta.com\/2016\/02\/MG_6576-768x512.jpg 768w\" sizes=\"auto, (max-width: 1000px) 100vw, 1000px\" \/><\/figure>\n\n\n\n<figure class=\"wp-block-image size-large\"><img loading=\"lazy\" decoding=\"async\" width=\"1000\" height=\"667\" data-id=\"947\" src=\"http:\/\/media.nikkaluokta.com\/2016\/02\/MG_6580.jpg\" alt=\"\" class=\"wp-image-947\" srcset=\"http:\/\/media.nikkaluokta.com\/2016\/02\/MG_6580.jpg 1000w, http:\/\/media.nikkaluokta.com\/2016\/02\/MG_6580-300x200.jpg 300w, http:\/\/media.nikkaluokta.com\/2016\/02\/MG_6580-768x512.jpg 768w\" sizes=\"auto, (max-width: 1000px) 100vw, 1000px\" \/><\/figure>\n\n\n\n<figure class=\"wp-block-image size-large\"><img loading=\"lazy\" decoding=\"async\" width=\"1000\" height=\"667\" data-id=\"946\" src=\"http:\/\/media.nikkaluokta.com\/2016\/02\/MG_6579.jpg\" alt=\"\" class=\"wp-image-946\" srcset=\"http:\/\/media.nikkaluokta.com\/2016\/02\/MG_6579.jpg 1000w, http:\/\/media.nikkaluokta.com\/2016\/02\/MG_6579-300x200.jpg 300w, http:\/\/media.nikkaluokta.com\/2016\/02\/MG_6579-768x512.jpg 768w\" sizes=\"auto, (max-width: 1000px) 100vw, 1000px\" \/><\/figure>\n\n\n\n<figure class=\"wp-block-image size-large\"><img loading=\"lazy\" decoding=\"async\" width=\"1000\" height=\"667\" data-id=\"945\" src=\"http:\/\/media.nikkaluokta.com\/2016\/02\/MG_6578.jpg\" alt=\"\" class=\"wp-image-945\" srcset=\"http:\/\/media.nikkaluokta.com\/2016\/02\/MG_6578.jpg 1000w, http:\/\/media.nikkaluokta.com\/2016\/02\/MG_6578-300x200.jpg 300w, http:\/\/media.nikkaluokta.com\/2016\/02\/MG_6578-768x512.jpg 768w\" sizes=\"auto, (max-width: 1000px) 100vw, 1000px\" \/><\/figure>\n\n\n\n<figure class=\"wp-block-image size-large\"><img loading=\"lazy\" decoding=\"async\" width=\"675\" height=\"900\" data-id=\"948\" src=\"http:\/\/media.nikkaluokta.com\/2016\/02\/MG_6582.jpg\" alt=\"\" class=\"wp-image-948\" srcset=\"http:\/\/media.nikkaluokta.com\/2016\/02\/MG_6582.jpg 675w, http:\/\/media.nikkaluokta.com\/2016\/02\/MG_6582-225x300.jpg 225w\" sizes=\"auto, (max-width: 675px) 100vw, 675px\" \/><\/figure>\n<\/figure>\n\n\n\n<p><\/p>\n","protected":false},"excerpt":{"rendered":"<p>Dusche Sessel Heizung Flie\u00dfend Wasser Wasserkocher WC In Nikkaluokta haben wir drei 2-Bett-H\u00fctten. Diese bestehen aus einem Raum mit komfortablen Bett, einem Sessel, Wasserkocher, WC und Dusche. Bitte beachten Sie, dass zwei h\u00fctten \u00fcber Doppelbetten verf\u00fcgen. Gelegenheit zum Kochen besteht in der K\u00fcche im Servicegeb\u00e4ude. Dort befinden sich ebenfalls die M\u00e4nner- und die Frauensauna. W\u00e4hrend<\/p>\n<a href=\"https:\/\/nikkaluokta.com\/de\/unterkunft\/kleine-2-bett-huetten\" class=\"sohohotel-more-link\">Read More<i class=\"fa fa-angle-right\"><\/i><\/a>","protected":false},"author":1,"featured_media":0,"parent":312,"menu_order":2,"comment_status":"closed","ping_status":"closed","template":"","meta":{"footnotes":""},"class_list":["post-2588","page","type-page","status-publish","hentry"],"yoast_head":"<!-- This site is optimized with the Yoast SEO plugin v27.4 - https:\/\/yoast.com\/product\/yoast-seo-wordpress\/ -->\n<title>Kleine 2-Bett-H\u00fctten - Nikkaluokta Sarri AB<\/title>\n<meta name=\"robots\" content=\"index, follow, max-snippet:-1, max-image-preview:large, max-video-preview:-1\" \/>\n<link rel=\"canonical\" href=\"https:\/\/nikkaluokta.com\/de\/unterkunft\/kleine-2-bett-huetten\" \/>\n<meta property=\"og:locale\" content=\"de_DE\" \/>\n<meta property=\"og:type\" content=\"article\" \/>\n<meta property=\"og:title\" content=\"Kleine 2-Bett-H\u00fctten - Nikkaluokta Sarri AB\" \/>\n<meta property=\"og:description\" content=\"Dusche Sessel Heizung Flie\u00dfend Wasser Wasserkocher WC In Nikkaluokta haben wir drei 2-Bett-H\u00fctten. Diese bestehen aus einem Raum mit komfortablen Bett, einem Sessel, Wasserkocher, WC und Dusche. Bitte beachten Sie, dass zwei h\u00fctten \u00fcber Doppelbetten verf\u00fcgen. Gelegenheit zum Kochen besteht in der K\u00fcche im Servicegeb\u00e4ude. Dort befinden sich ebenfalls die M\u00e4nner- und die Frauensauna. W\u00e4hrend\" \/>\n<meta property=\"og:url\" content=\"https:\/\/nikkaluokta.com\/de\/unterkunft\/kleine-2-bett-huetten\" \/>\n<meta property=\"og:site_name\" content=\"Nikkaluokta Sarri AB\" \/>\n<meta property=\"article:publisher\" content=\"https:\/\/www.facebook.com\/Nikkaluoktasarri\/\" \/>\n<meta property=\"article:modified_time\" content=\"2025-03-03T14:31:06+00:00\" \/>\n<meta property=\"og:image\" content=\"https:\/\/media.nikkaluokta.com\/2016\/02\/MG_6577.jpg\" \/>\n\t<meta property=\"og:image:width\" content=\"1000\" \/>\n\t<meta property=\"og:image:height\" content=\"667\" \/>\n\t<meta property=\"og:image:type\" content=\"image\/jpeg\" \/>\n<meta name=\"twitter:card\" content=\"summary_large_image\" \/>\n<meta name=\"twitter:label1\" content=\"Gesch\u00e4tzte Lesezeit\" \/>\n\t<meta name=\"twitter:data1\" content=\"2\u00a0Minuten\" \/>\n<script type=\"application\/ld+json\" class=\"yoast-schema-graph\">{\"@context\":\"https:\\\/\\\/schema.org\",\"@graph\":[{\"@type\":\"WebPage\",\"@id\":\"https:\\\/\\\/nikkaluokta.com\\\/de\\\/unterkunft\\\/kleine-2-bett-huetten\",\"url\":\"https:\\\/\\\/nikkaluokta.com\\\/de\\\/unterkunft\\\/kleine-2-bett-huetten\",\"name\":\"Kleine 2-Bett-H\u00fctten - Nikkaluokta Sarri AB\",\"isPartOf\":{\"@id\":\"https:\\\/\\\/nikkaluokta.com\\\/de\\\/#website\"},\"primaryImageOfPage\":{\"@id\":\"https:\\\/\\\/nikkaluokta.com\\\/de\\\/unterkunft\\\/kleine-2-bett-huetten#primaryimage\"},\"image\":{\"@id\":\"https:\\\/\\\/nikkaluokta.com\\\/de\\\/unterkunft\\\/kleine-2-bett-huetten#primaryimage\"},\"thumbnailUrl\":\"http:\\\/\\\/media.nikkaluokta.com\\\/2016\\\/02\\\/MG_6577.jpg\",\"datePublished\":\"2022-01-26T16:47:23+00:00\",\"dateModified\":\"2025-03-03T14:31:06+00:00\",\"breadcrumb\":{\"@id\":\"https:\\\/\\\/nikkaluokta.com\\\/de\\\/unterkunft\\\/kleine-2-bett-huetten#breadcrumb\"},\"inLanguage\":\"de\",\"potentialAction\":[{\"@type\":\"ReadAction\",\"target\":[\"https:\\\/\\\/nikkaluokta.com\\\/de\\\/unterkunft\\\/kleine-2-bett-huetten\"]}]},{\"@type\":\"ImageObject\",\"inLanguage\":\"de\",\"@id\":\"https:\\\/\\\/nikkaluokta.com\\\/de\\\/unterkunft\\\/kleine-2-bett-huetten#primaryimage\",\"url\":\"http:\\\/\\\/media.nikkaluokta.com\\\/2016\\\/02\\\/MG_6577.jpg\",\"contentUrl\":\"http:\\\/\\\/media.nikkaluokta.com\\\/2016\\\/02\\\/MG_6577.jpg\"},{\"@type\":\"BreadcrumbList\",\"@id\":\"https:\\\/\\\/nikkaluokta.com\\\/de\\\/unterkunft\\\/kleine-2-bett-huetten#breadcrumb\",\"itemListElement\":[{\"@type\":\"ListItem\",\"position\":1,\"name\":\"Home\",\"item\":\"https:\\\/\\\/nikkaluokta.com\\\/de\"},{\"@type\":\"ListItem\",\"position\":2,\"name\":\"Unterk\u00fcnfte\",\"item\":\"https:\\\/\\\/nikkaluokta.com\\\/de\\\/unterkunft\"},{\"@type\":\"ListItem\",\"position\":3,\"name\":\"Kleine 2-Bett-H\u00fctten\"}]},{\"@type\":\"WebSite\",\"@id\":\"https:\\\/\\\/nikkaluokta.com\\\/de\\\/#website\",\"url\":\"https:\\\/\\\/nikkaluokta.com\\\/de\\\/\",\"name\":\"Nikkaluokta Sarri AB\",\"description\":\"Mitt i en storslagen natur\",\"publisher\":{\"@id\":\"https:\\\/\\\/nikkaluokta.com\\\/de\\\/#organization\"},\"potentialAction\":[{\"@type\":\"SearchAction\",\"target\":{\"@type\":\"EntryPoint\",\"urlTemplate\":\"https:\\\/\\\/nikkaluokta.com\\\/de\\\/?s={search_term_string}\"},\"query-input\":{\"@type\":\"PropertyValueSpecification\",\"valueRequired\":true,\"valueName\":\"search_term_string\"}}],\"inLanguage\":\"de\"},{\"@type\":\"Organization\",\"@id\":\"https:\\\/\\\/nikkaluokta.com\\\/de\\\/#organization\",\"name\":\"Nikkaluokta Sarri AB\",\"url\":\"https:\\\/\\\/nikkaluokta.com\\\/de\\\/\",\"logo\":{\"@type\":\"ImageObject\",\"inLanguage\":\"de\",\"@id\":\"https:\\\/\\\/nikkaluokta.com\\\/de\\\/#\\\/schema\\\/logo\\\/image\\\/\",\"url\":\"https:\\\/\\\/media.nikkaluokta.com\\\/2019\\\/01\\\/Nikkaluokta-transp-logo.png\",\"contentUrl\":\"https:\\\/\\\/media.nikkaluokta.com\\\/2019\\\/01\\\/Nikkaluokta-transp-logo.png\",\"width\":800,\"height\":149,\"caption\":\"Nikkaluokta Sarri AB\"},\"image\":{\"@id\":\"https:\\\/\\\/nikkaluokta.com\\\/de\\\/#\\\/schema\\\/logo\\\/image\\\/\"},\"sameAs\":[\"https:\\\/\\\/www.facebook.com\\\/Nikkaluoktasarri\\\/\",\"https:\\\/\\\/www.instagram.com\\\/nikkaluoktasarri\\\/\"]}]}<\/script>\n<!-- \/ Yoast SEO plugin. -->","yoast_head_json":{"title":"Kleine 2-Bett-H\u00fctten - Nikkaluokta Sarri AB","robots":{"index":"index","follow":"follow","max-snippet":"max-snippet:-1","max-image-preview":"max-image-preview:large","max-video-preview":"max-video-preview:-1"},"canonical":"https:\/\/nikkaluokta.com\/de\/unterkunft\/kleine-2-bett-huetten","og_locale":"de_DE","og_type":"article","og_title":"Kleine 2-Bett-H\u00fctten - Nikkaluokta Sarri AB","og_description":"Dusche Sessel Heizung Flie\u00dfend Wasser Wasserkocher WC In Nikkaluokta haben wir drei 2-Bett-H\u00fctten. Diese bestehen aus einem Raum mit komfortablen Bett, einem Sessel, Wasserkocher, WC und Dusche. Bitte beachten Sie, dass zwei h\u00fctten \u00fcber Doppelbetten verf\u00fcgen. Gelegenheit zum Kochen besteht in der K\u00fcche im Servicegeb\u00e4ude. Dort befinden sich ebenfalls die M\u00e4nner- und die Frauensauna. W\u00e4hrend","og_url":"https:\/\/nikkaluokta.com\/de\/unterkunft\/kleine-2-bett-huetten","og_site_name":"Nikkaluokta Sarri AB","article_publisher":"https:\/\/www.facebook.com\/Nikkaluoktasarri\/","article_modified_time":"2025-03-03T14:31:06+00:00","og_image":[{"width":1000,"height":667,"url":"https:\/\/media.nikkaluokta.com\/2016\/02\/MG_6577.jpg","type":"image\/jpeg"}],"twitter_card":"summary_large_image","twitter_misc":{"Gesch\u00e4tzte Lesezeit":"2\u00a0Minuten"},"schema":{"@context":"https:\/\/schema.org","@graph":[{"@type":"WebPage","@id":"https:\/\/nikkaluokta.com\/de\/unterkunft\/kleine-2-bett-huetten","url":"https:\/\/nikkaluokta.com\/de\/unterkunft\/kleine-2-bett-huetten","name":"Kleine 2-Bett-H\u00fctten - Nikkaluokta Sarri AB","isPartOf":{"@id":"https:\/\/nikkaluokta.com\/de\/#website"},"primaryImageOfPage":{"@id":"https:\/\/nikkaluokta.com\/de\/unterkunft\/kleine-2-bett-huetten#primaryimage"},"image":{"@id":"https:\/\/nikkaluokta.com\/de\/unterkunft\/kleine-2-bett-huetten#primaryimage"},"thumbnailUrl":"http:\/\/media.nikkaluokta.com\/2016\/02\/MG_6577.jpg","datePublished":"2022-01-26T16:47:23+00:00","dateModified":"2025-03-03T14:31:06+00:00","breadcrumb":{"@id":"https:\/\/nikkaluokta.com\/de\/unterkunft\/kleine-2-bett-huetten#breadcrumb"},"inLanguage":"de","potentialAction":[{"@type":"ReadAction","target":["https:\/\/nikkaluokta.com\/de\/unterkunft\/kleine-2-bett-huetten"]}]},{"@type":"ImageObject","inLanguage":"de","@id":"https:\/\/nikkaluokta.com\/de\/unterkunft\/kleine-2-bett-huetten#primaryimage","url":"http:\/\/media.nikkaluokta.com\/2016\/02\/MG_6577.jpg","contentUrl":"http:\/\/media.nikkaluokta.com\/2016\/02\/MG_6577.jpg"},{"@type":"BreadcrumbList","@id":"https:\/\/nikkaluokta.com\/de\/unterkunft\/kleine-2-bett-huetten#breadcrumb","itemListElement":[{"@type":"ListItem","position":1,"name":"Home","item":"https:\/\/nikkaluokta.com\/de"},{"@type":"ListItem","position":2,"name":"Unterk\u00fcnfte","item":"https:\/\/nikkaluokta.com\/de\/unterkunft"},{"@type":"ListItem","position":3,"name":"Kleine 2-Bett-H\u00fctten"}]},{"@type":"WebSite","@id":"https:\/\/nikkaluokta.com\/de\/#website","url":"https:\/\/nikkaluokta.com\/de\/","name":"Nikkaluokta Sarri AB","description":"Mitt i en storslagen natur","publisher":{"@id":"https:\/\/nikkaluokta.com\/de\/#organization"},"potentialAction":[{"@type":"SearchAction","target":{"@type":"EntryPoint","urlTemplate":"https:\/\/nikkaluokta.com\/de\/?s={search_term_string}"},"query-input":{"@type":"PropertyValueSpecification","valueRequired":true,"valueName":"search_term_string"}}],"inLanguage":"de"},{"@type":"Organization","@id":"https:\/\/nikkaluokta.com\/de\/#organization","name":"Nikkaluokta Sarri AB","url":"https:\/\/nikkaluokta.com\/de\/","logo":{"@type":"ImageObject","inLanguage":"de","@id":"https:\/\/nikkaluokta.com\/de\/#\/schema\/logo\/image\/","url":"https:\/\/media.nikkaluokta.com\/2019\/01\/Nikkaluokta-transp-logo.png","contentUrl":"https:\/\/media.nikkaluokta.com\/2019\/01\/Nikkaluokta-transp-logo.png","width":800,"height":149,"caption":"Nikkaluokta Sarri AB"},"image":{"@id":"https:\/\/nikkaluokta.com\/de\/#\/schema\/logo\/image\/"},"sameAs":["https:\/\/www.facebook.com\/Nikkaluoktasarri\/","https:\/\/www.instagram.com\/nikkaluoktasarri\/"]}]}},"_links":{"self":[{"href":"https:\/\/nikkaluokta.com\/de\/wp-json\/wp\/v2\/pages\/2588","targetHints":{"allow":["GET"]}}],"collection":[{"href":"https:\/\/nikkaluokta.com\/de\/wp-json\/wp\/v2\/pages"}],"about":[{"href":"https:\/\/nikkaluokta.com\/de\/wp-json\/wp\/v2\/types\/page"}],"author":[{"embeddable":true,"href":"https:\/\/nikkaluokta.com\/de\/wp-json\/wp\/v2\/users\/1"}],"replies":[{"embeddable":true,"href":"https:\/\/nikkaluokta.com\/de\/wp-json\/wp\/v2\/comments?post=2588"}],"version-history":[{"count":4,"href":"https:\/\/nikkaluokta.com\/de\/wp-json\/wp\/v2\/pages\/2588\/revisions"}],"predecessor-version":[{"id":3862,"href":"https:\/\/nikkaluokta.com\/de\/wp-json\/wp\/v2\/pages\/2588\/revisions\/3862"}],"up":[{"embeddable":true,"href":"https:\/\/nikkaluokta.com\/de\/wp-json\/wp\/v2\/pages\/312"}],"wp:attachment":[{"href":"https:\/\/nikkaluokta.com\/de\/wp-json\/wp\/v2\/media?parent=2588"}],"curies":[{"name":"wp","href":"https:\/\/api.w.org\/{rel}","templated":true}]}}