{"id":259,"date":"2014-03-18T17:50:45","date_gmt":"2014-03-18T16:50:45","guid":{"rendered":"http:\/\/nikkaluokta.com.loopiadns.com\/de\/party"},"modified":"2016-12-18T09:09:10","modified_gmt":"2016-12-18T08:09:10","slug":"feiern","status":"publish","type":"page","link":"https:\/\/nikkaluokta.com\/de\/gruppen\/feiern","title":{"rendered":"Feiern"},"content":{"rendered":"<p><strong>Feste feiern in Nikka!<\/strong><\/p>\n<p>Verschicken Sie Einladungskarten f\u00fcr Feiern an einem ganz besonderen Ort: In arktischer Umgebung k\u00f6nnen Sie gl\u00fcckliche Erinnerung mit ihren Lieben schaffen. Nikkaluokta bietet den perfekten Rahmen, um mit Familie oder Freunden zusammen zu kommen &#8211; f\u00fcr einen Tag oder auch mehrere.<\/p>\n<p>Mit den Bergen gleich um die Ecke verbringen Sie gleichzeitig entspannte als auch aufregende Tage in der Natur. Ganz in der N\u00e4he gibt es einige interessante Orte zu besichtigen, falls Sie sich die F\u00fc\u00dfe vertreten m\u00f6chten.<\/p>\n<p>In Nikkaluokta finden Sie gem\u00fctliche Unterk\u00fcnfte, schmackhafte Speisen und gro\u00dfz\u00fcgige R\u00e4ume, die Sie f\u00fcr Ihre Veranstaltung nutzen k\u00f6nnen.<\/p>\n<p>Wir unterst\u00fctzen Sie gern bei der Planung ihrer Feier mit Vorschl\u00e4gen zu Speisen und Aktivit\u00e4ten.<\/p>\n","protected":false},"excerpt":{"rendered":"<p>Feste feiern in Nikka! Verschicken Sie Einladungskarten f\u00fcr Feiern an einem ganz besonderen Ort: In arktischer Umgebung k\u00f6nnen Sie gl\u00fcckliche Erinnerung mit ihren Lieben schaffen. Nikkaluokta bietet den perfekten Rahmen, um mit Familie oder Freunden zusammen zu kommen &#8211; f\u00fcr einen Tag oder auch mehrere. Mit den Bergen gleich um die Ecke verbringen Sie gleichzeitig<\/p>\n<a href=\"https:\/\/nikkaluokta.com\/de\/gruppen\/feiern\" class=\"sohohotel-more-link\">Read More<i class=\"fa fa-angle-right\"><\/i><\/a>","protected":false},"author":1,"featured_media":0,"parent":269,"menu_order":3,"comment_status":"closed","ping_status":"closed","template":"","meta":{"footnotes":""},"class_list":["post-259","page","type-page","status-publish","hentry"],"yoast_head":"<!-- This site is optimized with the Yoast SEO plugin v27.5 - https:\/\/yoast.com\/product\/yoast-seo-wordpress\/ -->\n<title>Feiern - Nikkaluokta Sarri AB<\/title>\n<meta name=\"robots\" content=\"index, follow, max-snippet:-1, max-image-preview:large, max-video-preview:-1\" \/>\n<link rel=\"canonical\" href=\"https:\/\/nikkaluokta.com\/de\/gruppen\/feiern\" \/>\n<meta property=\"og:locale\" content=\"de_DE\" \/>\n<meta property=\"og:type\" content=\"article\" \/>\n<meta property=\"og:title\" content=\"Feiern - Nikkaluokta Sarri AB\" \/>\n<meta property=\"og:description\" content=\"Feste feiern in Nikka! Verschicken Sie Einladungskarten f\u00fcr Feiern an einem ganz besonderen Ort: In arktischer Umgebung k\u00f6nnen Sie gl\u00fcckliche Erinnerung mit ihren Lieben schaffen. Nikkaluokta bietet den perfekten Rahmen, um mit Familie oder Freunden zusammen zu kommen &#8211; f\u00fcr einen Tag oder auch mehrere. Mit den Bergen gleich um die Ecke verbringen Sie gleichzeitig\" \/>\n<meta property=\"og:url\" content=\"https:\/\/nikkaluokta.com\/de\/gruppen\/feiern\" \/>\n<meta property=\"og:site_name\" content=\"Nikkaluokta Sarri AB\" \/>\n<meta property=\"article:publisher\" content=\"https:\/\/www.facebook.com\/Nikkaluoktasarri\/\" \/>\n<meta property=\"article:modified_time\" content=\"2016-12-18T08:09:10+00:00\" \/>\n<meta property=\"og:image\" content=\"https:\/\/media.nikkaluokta.com\/2016\/02\/MG_5672.jpg\" \/>\n\t<meta property=\"og:image:width\" content=\"1000\" \/>\n\t<meta property=\"og:image:height\" content=\"562\" \/>\n\t<meta property=\"og:image:type\" content=\"image\/jpeg\" \/>\n<meta name=\"twitter:card\" content=\"summary_large_image\" \/>\n<meta name=\"twitter:label1\" content=\"Gesch\u00e4tzte Lesezeit\" \/>\n\t<meta name=\"twitter:data1\" content=\"1\u00a0Minute\" \/>\n<script type=\"application\/ld+json\" class=\"yoast-schema-graph\">{\"@context\":\"https:\\\/\\\/schema.org\",\"@graph\":[{\"@type\":\"WebPage\",\"@id\":\"https:\\\/\\\/nikkaluokta.com\\\/de\\\/gruppen\\\/feiern\",\"url\":\"https:\\\/\\\/nikkaluokta.com\\\/de\\\/gruppen\\\/feiern\",\"name\":\"Feiern - Nikkaluokta Sarri AB\",\"isPartOf\":{\"@id\":\"https:\\\/\\\/nikkaluokta.com\\\/de\\\/#website\"},\"datePublished\":\"2014-03-18T16:50:45+00:00\",\"dateModified\":\"2016-12-18T08:09:10+00:00\",\"breadcrumb\":{\"@id\":\"https:\\\/\\\/nikkaluokta.com\\\/de\\\/gruppen\\\/feiern#breadcrumb\"},\"inLanguage\":\"de\",\"potentialAction\":[{\"@type\":\"ReadAction\",\"target\":[\"https:\\\/\\\/nikkaluokta.com\\\/de\\\/gruppen\\\/feiern\"]}]},{\"@type\":\"BreadcrumbList\",\"@id\":\"https:\\\/\\\/nikkaluokta.com\\\/de\\\/gruppen\\\/feiern#breadcrumb\",\"itemListElement\":[{\"@type\":\"ListItem\",\"position\":1,\"name\":\"Home\",\"item\":\"https:\\\/\\\/nikkaluokta.com\\\/de\"},{\"@type\":\"ListItem\",\"position\":2,\"name\":\"Gruppen\",\"item\":\"https:\\\/\\\/nikkaluokta.com\\\/de\\\/gruppen\"},{\"@type\":\"ListItem\",\"position\":3,\"name\":\"Feiern\"}]},{\"@type\":\"WebSite\",\"@id\":\"https:\\\/\\\/nikkaluokta.com\\\/de\\\/#website\",\"url\":\"https:\\\/\\\/nikkaluokta.com\\\/de\\\/\",\"name\":\"Nikkaluokta Sarri AB\",\"description\":\"Mitt i en storslagen natur\",\"publisher\":{\"@id\":\"https:\\\/\\\/nikkaluokta.com\\\/de\\\/#organization\"},\"potentialAction\":[{\"@type\":\"SearchAction\",\"target\":{\"@type\":\"EntryPoint\",\"urlTemplate\":\"https:\\\/\\\/nikkaluokta.com\\\/de\\\/?s={search_term_string}\"},\"query-input\":{\"@type\":\"PropertyValueSpecification\",\"valueRequired\":true,\"valueName\":\"search_term_string\"}}],\"inLanguage\":\"de\"},{\"@type\":\"Organization\",\"@id\":\"https:\\\/\\\/nikkaluokta.com\\\/de\\\/#organization\",\"name\":\"Nikkaluokta Sarri AB\",\"url\":\"https:\\\/\\\/nikkaluokta.com\\\/de\\\/\",\"logo\":{\"@type\":\"ImageObject\",\"inLanguage\":\"de\",\"@id\":\"https:\\\/\\\/nikkaluokta.com\\\/de\\\/#\\\/schema\\\/logo\\\/image\\\/\",\"url\":\"https:\\\/\\\/media.nikkaluokta.com\\\/2019\\\/01\\\/Nikkaluokta-transp-logo.png\",\"contentUrl\":\"https:\\\/\\\/media.nikkaluokta.com\\\/2019\\\/01\\\/Nikkaluokta-transp-logo.png\",\"width\":800,\"height\":149,\"caption\":\"Nikkaluokta Sarri AB\"},\"image\":{\"@id\":\"https:\\\/\\\/nikkaluokta.com\\\/de\\\/#\\\/schema\\\/logo\\\/image\\\/\"},\"sameAs\":[\"https:\\\/\\\/www.facebook.com\\\/Nikkaluoktasarri\\\/\",\"https:\\\/\\\/www.instagram.com\\\/nikkaluoktasarri\\\/\"]}]}<\/script>\n<!-- \/ Yoast SEO plugin. -->","yoast_head_json":{"title":"Feiern - Nikkaluokta Sarri AB","robots":{"index":"index","follow":"follow","max-snippet":"max-snippet:-1","max-image-preview":"max-image-preview:large","max-video-preview":"max-video-preview:-1"},"canonical":"https:\/\/nikkaluokta.com\/de\/gruppen\/feiern","og_locale":"de_DE","og_type":"article","og_title":"Feiern - Nikkaluokta Sarri AB","og_description":"Feste feiern in Nikka! Verschicken Sie Einladungskarten f\u00fcr Feiern an einem ganz besonderen Ort: In arktischer Umgebung k\u00f6nnen Sie gl\u00fcckliche Erinnerung mit ihren Lieben schaffen. Nikkaluokta bietet den perfekten Rahmen, um mit Familie oder Freunden zusammen zu kommen &#8211; f\u00fcr einen Tag oder auch mehrere. Mit den Bergen gleich um die Ecke verbringen Sie gleichzeitig","og_url":"https:\/\/nikkaluokta.com\/de\/gruppen\/feiern","og_site_name":"Nikkaluokta Sarri AB","article_publisher":"https:\/\/www.facebook.com\/Nikkaluoktasarri\/","article_modified_time":"2016-12-18T08:09:10+00:00","og_image":[{"width":1000,"height":562,"url":"https:\/\/media.nikkaluokta.com\/2016\/02\/MG_5672.jpg","type":"image\/jpeg"}],"twitter_card":"summary_large_image","twitter_misc":{"Gesch\u00e4tzte Lesezeit":"1\u00a0Minute"},"schema":{"@context":"https:\/\/schema.org","@graph":[{"@type":"WebPage","@id":"https:\/\/nikkaluokta.com\/de\/gruppen\/feiern","url":"https:\/\/nikkaluokta.com\/de\/gruppen\/feiern","name":"Feiern - Nikkaluokta Sarri AB","isPartOf":{"@id":"https:\/\/nikkaluokta.com\/de\/#website"},"datePublished":"2014-03-18T16:50:45+00:00","dateModified":"2016-12-18T08:09:10+00:00","breadcrumb":{"@id":"https:\/\/nikkaluokta.com\/de\/gruppen\/feiern#breadcrumb"},"inLanguage":"de","potentialAction":[{"@type":"ReadAction","target":["https:\/\/nikkaluokta.com\/de\/gruppen\/feiern"]}]},{"@type":"BreadcrumbList","@id":"https:\/\/nikkaluokta.com\/de\/gruppen\/feiern#breadcrumb","itemListElement":[{"@type":"ListItem","position":1,"name":"Home","item":"https:\/\/nikkaluokta.com\/de"},{"@type":"ListItem","position":2,"name":"Gruppen","item":"https:\/\/nikkaluokta.com\/de\/gruppen"},{"@type":"ListItem","position":3,"name":"Feiern"}]},{"@type":"WebSite","@id":"https:\/\/nikkaluokta.com\/de\/#website","url":"https:\/\/nikkaluokta.com\/de\/","name":"Nikkaluokta Sarri AB","description":"Mitt i en storslagen natur","publisher":{"@id":"https:\/\/nikkaluokta.com\/de\/#organization"},"potentialAction":[{"@type":"SearchAction","target":{"@type":"EntryPoint","urlTemplate":"https:\/\/nikkaluokta.com\/de\/?s={search_term_string}"},"query-input":{"@type":"PropertyValueSpecification","valueRequired":true,"valueName":"search_term_string"}}],"inLanguage":"de"},{"@type":"Organization","@id":"https:\/\/nikkaluokta.com\/de\/#organization","name":"Nikkaluokta Sarri AB","url":"https:\/\/nikkaluokta.com\/de\/","logo":{"@type":"ImageObject","inLanguage":"de","@id":"https:\/\/nikkaluokta.com\/de\/#\/schema\/logo\/image\/","url":"https:\/\/media.nikkaluokta.com\/2019\/01\/Nikkaluokta-transp-logo.png","contentUrl":"https:\/\/media.nikkaluokta.com\/2019\/01\/Nikkaluokta-transp-logo.png","width":800,"height":149,"caption":"Nikkaluokta Sarri AB"},"image":{"@id":"https:\/\/nikkaluokta.com\/de\/#\/schema\/logo\/image\/"},"sameAs":["https:\/\/www.facebook.com\/Nikkaluoktasarri\/","https:\/\/www.instagram.com\/nikkaluoktasarri\/"]}]}},"_links":{"self":[{"href":"https:\/\/nikkaluokta.com\/de\/wp-json\/wp\/v2\/pages\/259","targetHints":{"allow":["GET"]}}],"collection":[{"href":"https:\/\/nikkaluokta.com\/de\/wp-json\/wp\/v2\/pages"}],"about":[{"href":"https:\/\/nikkaluokta.com\/de\/wp-json\/wp\/v2\/types\/page"}],"author":[{"embeddable":true,"href":"https:\/\/nikkaluokta.com\/de\/wp-json\/wp\/v2\/users\/1"}],"replies":[{"embeddable":true,"href":"https:\/\/nikkaluokta.com\/de\/wp-json\/wp\/v2\/comments?post=259"}],"version-history":[{"count":6,"href":"https:\/\/nikkaluokta.com\/de\/wp-json\/wp\/v2\/pages\/259\/revisions"}],"predecessor-version":[{"id":1302,"href":"https:\/\/nikkaluokta.com\/de\/wp-json\/wp\/v2\/pages\/259\/revisions\/1302"}],"up":[{"embeddable":true,"href":"https:\/\/nikkaluokta.com\/de\/wp-json\/wp\/v2\/pages\/269"}],"wp:attachment":[{"href":"https:\/\/nikkaluokta.com\/de\/wp-json\/wp\/v2\/media?parent=259"}],"curies":[{"name":"wp","href":"https:\/\/api.w.org\/{rel}","templated":true}]}}