{"id":2595,"date":"2022-01-26T17:52:51","date_gmt":"2022-01-26T16:52:51","guid":{"rendered":"https:\/\/nikkaluokta.com\/?page_id=2595"},"modified":"2022-01-26T17:52:53","modified_gmt":"2022-01-26T16:52:53","slug":"berghuette-mit-4-betten","status":"publish","type":"page","link":"https:\/\/nikkaluokta.com\/de\/unterkunft\/berghuette-mit-4-betten","title":{"rendered":"Bergh\u00fctte mit 4 Betten"},"content":{"rendered":"\n<figure class=\"wp-block-image size-full\"><a href=\"http:\/\/media.nikkaluokta.com\/2021\/02\/DSC04009.jpg\"><img loading=\"lazy\" decoding=\"async\" width=\"1000\" height=\"667\" src=\"http:\/\/media.nikkaluokta.com\/2021\/02\/DSC04009.jpg\" alt=\"\" class=\"wp-image-2363\" srcset=\"http:\/\/media.nikkaluokta.com\/2021\/02\/DSC04009.jpg 1000w, http:\/\/media.nikkaluokta.com\/2021\/02\/DSC04009-300x200.jpg 300w, http:\/\/media.nikkaluokta.com\/2021\/02\/DSC04009-768x512.jpg 768w, http:\/\/media.nikkaluokta.com\/2021\/02\/DSC04009-100x67.jpg 100w\" sizes=\"auto, (max-width: 1000px) 100vw, 1000px\" \/><\/a><\/figure>\n\n\n\n<figure class=\"wp-block-table is-style-stripes\"><table><tbody><tr><td>Gefrierfach<\/td><td>Heizung<\/td><td>K\u00fchlschrank<\/td><\/tr><tr><td>Kochplatten<\/td><\/tr><\/tbody><\/table><\/figure>\n\n\n\n<p>Diese H\u00fctten sind einfach, aber gem\u00fctlich<\/p>\n\n\n\n<p>Wir haben zwei H\u00fctten dieser Art, welche ganz im Stil abgelegener Nordschwedischer Bergh\u00fctten gehalten sind.<\/p>\n\n\n\n<p>Sie bestehen aus einem Raum mit zwei Hochbetten und einer voll-ausgestatteten K\u00fcchenzeile mit kleinem K\u00fchlschrank. Wasser kann mit einem Eimer geholt werden, und der M\u00fcll wird zur Sammelstelle getragen.<\/p>\n\n\n\n<p>Es besteht weiterhin Zugang zum Servicegeb\u00e4ude mit WC, Dusche und Sauna.<\/p>\n\n\n\n<p>W\u00e4hrend der Saison steht das Restaurant Sk\u00e1idi f\u00fcr Fr\u00fchst\u00fcck, Mittag- und Abendessen zur Verf\u00fcgung.<\/p>\n\n\n\n<p>Sie k\u00f6nnen entweder \u00fcber unsere Webseite online eine Buchungsanfrage stellen, oder rufen Sie uns einfach an.<\/p>\n\n\n\n<figure class=\"wp-block-gallery has-nested-images columns-1 is-cropped wp-block-gallery-1 is-layout-flex wp-block-gallery-is-layout-flex\">\n<figure class=\"wp-block-image size-large\"><img loading=\"lazy\" decoding=\"async\" width=\"1000\" height=\"667\" data-id=\"2362\" src=\"http:\/\/media.nikkaluokta.com\/2021\/02\/DSC04007.jpg\" alt=\"\" class=\"wp-image-2362\" srcset=\"http:\/\/media.nikkaluokta.com\/2021\/02\/DSC04007.jpg 1000w, http:\/\/media.nikkaluokta.com\/2021\/02\/DSC04007-300x200.jpg 300w, http:\/\/media.nikkaluokta.com\/2021\/02\/DSC04007-768x512.jpg 768w, http:\/\/media.nikkaluokta.com\/2021\/02\/DSC04007-100x67.jpg 100w\" sizes=\"auto, (max-width: 1000px) 100vw, 1000px\" \/><\/figure>\n\n\n\n<figure class=\"wp-block-image size-large\"><img loading=\"lazy\" decoding=\"async\" width=\"1000\" height=\"667\" data-id=\"2359\" src=\"http:\/\/media.nikkaluokta.com\/2021\/02\/DSC04010.jpg\" alt=\"\" class=\"wp-image-2359\" srcset=\"http:\/\/media.nikkaluokta.com\/2021\/02\/DSC04010.jpg 1000w, http:\/\/media.nikkaluokta.com\/2021\/02\/DSC04010-300x200.jpg 300w, http:\/\/media.nikkaluokta.com\/2021\/02\/DSC04010-768x512.jpg 768w, http:\/\/media.nikkaluokta.com\/2021\/02\/DSC04010-100x67.jpg 100w\" sizes=\"auto, (max-width: 1000px) 100vw, 1000px\" \/><\/figure>\n\n\n\n<figure class=\"wp-block-image size-large\"><img loading=\"lazy\" decoding=\"async\" width=\"1000\" height=\"667\" data-id=\"2356\" src=\"http:\/\/media.nikkaluokta.com\/2021\/02\/DSC04011.jpg\" alt=\"\" class=\"wp-image-2356\" srcset=\"http:\/\/media.nikkaluokta.com\/2021\/02\/DSC04011.jpg 1000w, http:\/\/media.nikkaluokta.com\/2021\/02\/DSC04011-300x200.jpg 300w, http:\/\/media.nikkaluokta.com\/2021\/02\/DSC04011-768x512.jpg 768w, http:\/\/media.nikkaluokta.com\/2021\/02\/DSC04011-100x67.jpg 100w\" sizes=\"auto, (max-width: 1000px) 100vw, 1000px\" \/><\/figure>\n\n\n\n<figure class=\"wp-block-image size-large\"><img loading=\"lazy\" decoding=\"async\" width=\"1000\" height=\"667\" data-id=\"2353\" src=\"http:\/\/media.nikkaluokta.com\/2021\/02\/DSC04012.jpg\" alt=\"\" class=\"wp-image-2353\" srcset=\"http:\/\/media.nikkaluokta.com\/2021\/02\/DSC04012.jpg 1000w, http:\/\/media.nikkaluokta.com\/2021\/02\/DSC04012-300x200.jpg 300w, http:\/\/media.nikkaluokta.com\/2021\/02\/DSC04012-768x512.jpg 768w, http:\/\/media.nikkaluokta.com\/2021\/02\/DSC04012-100x67.jpg 100w\" sizes=\"auto, (max-width: 1000px) 100vw, 1000px\" \/><\/figure>\n<\/figure>\n","protected":false},"excerpt":{"rendered":"<p>Gefrierfach Heizung K\u00fchlschrank Kochplatten Diese H\u00fctten sind einfach, aber gem\u00fctlich Wir haben zwei H\u00fctten dieser Art, welche ganz im Stil abgelegener Nordschwedischer Bergh\u00fctten gehalten sind. Sie bestehen aus einem Raum mit zwei Hochbetten und einer voll-ausgestatteten K\u00fcchenzeile mit kleinem K\u00fchlschrank. Wasser kann mit einem Eimer geholt werden, und der M\u00fcll wird zur Sammelstelle getragen. Es<\/p>\n<a href=\"https:\/\/nikkaluokta.com\/de\/unterkunft\/berghuette-mit-4-betten\" class=\"sohohotel-more-link\">Read More<i class=\"fa fa-angle-right\"><\/i><\/a>","protected":false},"author":1,"featured_media":0,"parent":312,"menu_order":5,"comment_status":"closed","ping_status":"closed","template":"","meta":{"footnotes":""},"class_list":["post-2595","page","type-page","status-publish","hentry"],"yoast_head":"<!-- This site is optimized with the Yoast SEO plugin v27.5 - https:\/\/yoast.com\/product\/yoast-seo-wordpress\/ -->\n<title>Bergh\u00fctte mit 4 Betten - Nikkaluokta Sarri AB<\/title>\n<meta name=\"robots\" content=\"index, follow, max-snippet:-1, max-image-preview:large, max-video-preview:-1\" \/>\n<link rel=\"canonical\" href=\"https:\/\/nikkaluokta.com\/de\/unterkunft\/berghuette-mit-4-betten\" \/>\n<meta property=\"og:locale\" content=\"de_DE\" \/>\n<meta property=\"og:type\" content=\"article\" \/>\n<meta property=\"og:title\" content=\"Bergh\u00fctte mit 4 Betten - Nikkaluokta Sarri AB\" \/>\n<meta property=\"og:description\" content=\"Gefrierfach Heizung K\u00fchlschrank Kochplatten Diese H\u00fctten sind einfach, aber gem\u00fctlich Wir haben zwei H\u00fctten dieser Art, welche ganz im Stil abgelegener Nordschwedischer Bergh\u00fctten gehalten sind. Sie bestehen aus einem Raum mit zwei Hochbetten und einer voll-ausgestatteten K\u00fcchenzeile mit kleinem K\u00fchlschrank. Wasser kann mit einem Eimer geholt werden, und der M\u00fcll wird zur Sammelstelle getragen. Es\" \/>\n<meta property=\"og:url\" content=\"https:\/\/nikkaluokta.com\/de\/unterkunft\/berghuette-mit-4-betten\" \/>\n<meta property=\"og:site_name\" content=\"Nikkaluokta Sarri AB\" \/>\n<meta property=\"article:publisher\" content=\"https:\/\/www.facebook.com\/Nikkaluoktasarri\/\" \/>\n<meta property=\"article:modified_time\" content=\"2022-01-26T16:52:53+00:00\" \/>\n<meta property=\"og:image\" content=\"http:\/\/media.nikkaluokta.com\/2021\/02\/DSC04009.jpg\" \/>\n<meta name=\"twitter:card\" content=\"summary_large_image\" \/>\n<meta name=\"twitter:label1\" content=\"Gesch\u00e4tzte Lesezeit\" \/>\n\t<meta name=\"twitter:data1\" content=\"2\u00a0Minuten\" \/>\n<script type=\"application\/ld+json\" class=\"yoast-schema-graph\">{\"@context\":\"https:\\\/\\\/schema.org\",\"@graph\":[{\"@type\":\"WebPage\",\"@id\":\"https:\\\/\\\/nikkaluokta.com\\\/de\\\/unterkunft\\\/berghuette-mit-4-betten\",\"url\":\"https:\\\/\\\/nikkaluokta.com\\\/de\\\/unterkunft\\\/berghuette-mit-4-betten\",\"name\":\"Bergh\u00fctte mit 4 Betten - Nikkaluokta Sarri AB\",\"isPartOf\":{\"@id\":\"https:\\\/\\\/nikkaluokta.com\\\/de\\\/#website\"},\"primaryImageOfPage\":{\"@id\":\"https:\\\/\\\/nikkaluokta.com\\\/de\\\/unterkunft\\\/berghuette-mit-4-betten#primaryimage\"},\"image\":{\"@id\":\"https:\\\/\\\/nikkaluokta.com\\\/de\\\/unterkunft\\\/berghuette-mit-4-betten#primaryimage\"},\"thumbnailUrl\":\"http:\\\/\\\/media.nikkaluokta.com\\\/2021\\\/02\\\/DSC04009.jpg\",\"datePublished\":\"2022-01-26T16:52:51+00:00\",\"dateModified\":\"2022-01-26T16:52:53+00:00\",\"breadcrumb\":{\"@id\":\"https:\\\/\\\/nikkaluokta.com\\\/de\\\/unterkunft\\\/berghuette-mit-4-betten#breadcrumb\"},\"inLanguage\":\"de\",\"potentialAction\":[{\"@type\":\"ReadAction\",\"target\":[\"https:\\\/\\\/nikkaluokta.com\\\/de\\\/unterkunft\\\/berghuette-mit-4-betten\"]}]},{\"@type\":\"ImageObject\",\"inLanguage\":\"de\",\"@id\":\"https:\\\/\\\/nikkaluokta.com\\\/de\\\/unterkunft\\\/berghuette-mit-4-betten#primaryimage\",\"url\":\"http:\\\/\\\/media.nikkaluokta.com\\\/2021\\\/02\\\/DSC04009.jpg\",\"contentUrl\":\"http:\\\/\\\/media.nikkaluokta.com\\\/2021\\\/02\\\/DSC04009.jpg\"},{\"@type\":\"BreadcrumbList\",\"@id\":\"https:\\\/\\\/nikkaluokta.com\\\/de\\\/unterkunft\\\/berghuette-mit-4-betten#breadcrumb\",\"itemListElement\":[{\"@type\":\"ListItem\",\"position\":1,\"name\":\"Home\",\"item\":\"https:\\\/\\\/nikkaluokta.com\\\/de\"},{\"@type\":\"ListItem\",\"position\":2,\"name\":\"Unterk\u00fcnfte\",\"item\":\"https:\\\/\\\/nikkaluokta.com\\\/de\\\/unterkunft\"},{\"@type\":\"ListItem\",\"position\":3,\"name\":\"Bergh\u00fctte mit 4 Betten\"}]},{\"@type\":\"WebSite\",\"@id\":\"https:\\\/\\\/nikkaluokta.com\\\/de\\\/#website\",\"url\":\"https:\\\/\\\/nikkaluokta.com\\\/de\\\/\",\"name\":\"Nikkaluokta Sarri AB\",\"description\":\"Mitt i en storslagen natur\",\"publisher\":{\"@id\":\"https:\\\/\\\/nikkaluokta.com\\\/de\\\/#organization\"},\"potentialAction\":[{\"@type\":\"SearchAction\",\"target\":{\"@type\":\"EntryPoint\",\"urlTemplate\":\"https:\\\/\\\/nikkaluokta.com\\\/de\\\/?s={search_term_string}\"},\"query-input\":{\"@type\":\"PropertyValueSpecification\",\"valueRequired\":true,\"valueName\":\"search_term_string\"}}],\"inLanguage\":\"de\"},{\"@type\":\"Organization\",\"@id\":\"https:\\\/\\\/nikkaluokta.com\\\/de\\\/#organization\",\"name\":\"Nikkaluokta Sarri AB\",\"url\":\"https:\\\/\\\/nikkaluokta.com\\\/de\\\/\",\"logo\":{\"@type\":\"ImageObject\",\"inLanguage\":\"de\",\"@id\":\"https:\\\/\\\/nikkaluokta.com\\\/de\\\/#\\\/schema\\\/logo\\\/image\\\/\",\"url\":\"https:\\\/\\\/media.nikkaluokta.com\\\/2019\\\/01\\\/Nikkaluokta-transp-logo.png\",\"contentUrl\":\"https:\\\/\\\/media.nikkaluokta.com\\\/2019\\\/01\\\/Nikkaluokta-transp-logo.png\",\"width\":800,\"height\":149,\"caption\":\"Nikkaluokta Sarri AB\"},\"image\":{\"@id\":\"https:\\\/\\\/nikkaluokta.com\\\/de\\\/#\\\/schema\\\/logo\\\/image\\\/\"},\"sameAs\":[\"https:\\\/\\\/www.facebook.com\\\/Nikkaluoktasarri\\\/\",\"https:\\\/\\\/www.instagram.com\\\/nikkaluoktasarri\\\/\"]}]}<\/script>\n<!-- \/ Yoast SEO plugin. -->","yoast_head_json":{"title":"Bergh\u00fctte mit 4 Betten - Nikkaluokta Sarri AB","robots":{"index":"index","follow":"follow","max-snippet":"max-snippet:-1","max-image-preview":"max-image-preview:large","max-video-preview":"max-video-preview:-1"},"canonical":"https:\/\/nikkaluokta.com\/de\/unterkunft\/berghuette-mit-4-betten","og_locale":"de_DE","og_type":"article","og_title":"Bergh\u00fctte mit 4 Betten - Nikkaluokta Sarri AB","og_description":"Gefrierfach Heizung K\u00fchlschrank Kochplatten Diese H\u00fctten sind einfach, aber gem\u00fctlich Wir haben zwei H\u00fctten dieser Art, welche ganz im Stil abgelegener Nordschwedischer Bergh\u00fctten gehalten sind. Sie bestehen aus einem Raum mit zwei Hochbetten und einer voll-ausgestatteten K\u00fcchenzeile mit kleinem K\u00fchlschrank. Wasser kann mit einem Eimer geholt werden, und der M\u00fcll wird zur Sammelstelle getragen. Es","og_url":"https:\/\/nikkaluokta.com\/de\/unterkunft\/berghuette-mit-4-betten","og_site_name":"Nikkaluokta Sarri AB","article_publisher":"https:\/\/www.facebook.com\/Nikkaluoktasarri\/","article_modified_time":"2022-01-26T16:52:53+00:00","og_image":[{"url":"http:\/\/media.nikkaluokta.com\/2021\/02\/DSC04009.jpg","type":"","width":"","height":""}],"twitter_card":"summary_large_image","twitter_misc":{"Gesch\u00e4tzte Lesezeit":"2\u00a0Minuten"},"schema":{"@context":"https:\/\/schema.org","@graph":[{"@type":"WebPage","@id":"https:\/\/nikkaluokta.com\/de\/unterkunft\/berghuette-mit-4-betten","url":"https:\/\/nikkaluokta.com\/de\/unterkunft\/berghuette-mit-4-betten","name":"Bergh\u00fctte mit 4 Betten - Nikkaluokta Sarri AB","isPartOf":{"@id":"https:\/\/nikkaluokta.com\/de\/#website"},"primaryImageOfPage":{"@id":"https:\/\/nikkaluokta.com\/de\/unterkunft\/berghuette-mit-4-betten#primaryimage"},"image":{"@id":"https:\/\/nikkaluokta.com\/de\/unterkunft\/berghuette-mit-4-betten#primaryimage"},"thumbnailUrl":"http:\/\/media.nikkaluokta.com\/2021\/02\/DSC04009.jpg","datePublished":"2022-01-26T16:52:51+00:00","dateModified":"2022-01-26T16:52:53+00:00","breadcrumb":{"@id":"https:\/\/nikkaluokta.com\/de\/unterkunft\/berghuette-mit-4-betten#breadcrumb"},"inLanguage":"de","potentialAction":[{"@type":"ReadAction","target":["https:\/\/nikkaluokta.com\/de\/unterkunft\/berghuette-mit-4-betten"]}]},{"@type":"ImageObject","inLanguage":"de","@id":"https:\/\/nikkaluokta.com\/de\/unterkunft\/berghuette-mit-4-betten#primaryimage","url":"http:\/\/media.nikkaluokta.com\/2021\/02\/DSC04009.jpg","contentUrl":"http:\/\/media.nikkaluokta.com\/2021\/02\/DSC04009.jpg"},{"@type":"BreadcrumbList","@id":"https:\/\/nikkaluokta.com\/de\/unterkunft\/berghuette-mit-4-betten#breadcrumb","itemListElement":[{"@type":"ListItem","position":1,"name":"Home","item":"https:\/\/nikkaluokta.com\/de"},{"@type":"ListItem","position":2,"name":"Unterk\u00fcnfte","item":"https:\/\/nikkaluokta.com\/de\/unterkunft"},{"@type":"ListItem","position":3,"name":"Bergh\u00fctte mit 4 Betten"}]},{"@type":"WebSite","@id":"https:\/\/nikkaluokta.com\/de\/#website","url":"https:\/\/nikkaluokta.com\/de\/","name":"Nikkaluokta Sarri AB","description":"Mitt i en storslagen natur","publisher":{"@id":"https:\/\/nikkaluokta.com\/de\/#organization"},"potentialAction":[{"@type":"SearchAction","target":{"@type":"EntryPoint","urlTemplate":"https:\/\/nikkaluokta.com\/de\/?s={search_term_string}"},"query-input":{"@type":"PropertyValueSpecification","valueRequired":true,"valueName":"search_term_string"}}],"inLanguage":"de"},{"@type":"Organization","@id":"https:\/\/nikkaluokta.com\/de\/#organization","name":"Nikkaluokta Sarri AB","url":"https:\/\/nikkaluokta.com\/de\/","logo":{"@type":"ImageObject","inLanguage":"de","@id":"https:\/\/nikkaluokta.com\/de\/#\/schema\/logo\/image\/","url":"https:\/\/media.nikkaluokta.com\/2019\/01\/Nikkaluokta-transp-logo.png","contentUrl":"https:\/\/media.nikkaluokta.com\/2019\/01\/Nikkaluokta-transp-logo.png","width":800,"height":149,"caption":"Nikkaluokta Sarri AB"},"image":{"@id":"https:\/\/nikkaluokta.com\/de\/#\/schema\/logo\/image\/"},"sameAs":["https:\/\/www.facebook.com\/Nikkaluoktasarri\/","https:\/\/www.instagram.com\/nikkaluoktasarri\/"]}]}},"_links":{"self":[{"href":"https:\/\/nikkaluokta.com\/de\/wp-json\/wp\/v2\/pages\/2595","targetHints":{"allow":["GET"]}}],"collection":[{"href":"https:\/\/nikkaluokta.com\/de\/wp-json\/wp\/v2\/pages"}],"about":[{"href":"https:\/\/nikkaluokta.com\/de\/wp-json\/wp\/v2\/types\/page"}],"author":[{"embeddable":true,"href":"https:\/\/nikkaluokta.com\/de\/wp-json\/wp\/v2\/users\/1"}],"replies":[{"embeddable":true,"href":"https:\/\/nikkaluokta.com\/de\/wp-json\/wp\/v2\/comments?post=2595"}],"version-history":[{"count":1,"href":"https:\/\/nikkaluokta.com\/de\/wp-json\/wp\/v2\/pages\/2595\/revisions"}],"predecessor-version":[{"id":2596,"href":"https:\/\/nikkaluokta.com\/de\/wp-json\/wp\/v2\/pages\/2595\/revisions\/2596"}],"up":[{"embeddable":true,"href":"https:\/\/nikkaluokta.com\/de\/wp-json\/wp\/v2\/pages\/312"}],"wp:attachment":[{"href":"https:\/\/nikkaluokta.com\/de\/wp-json\/wp\/v2\/media?parent=2595"}],"curies":[{"name":"wp","href":"https:\/\/api.w.org\/{rel}","templated":true}]}}