{"id":2602,"date":"2022-01-26T17:57:25","date_gmt":"2022-01-26T16:57:25","guid":{"rendered":"https:\/\/nikkaluokta.com\/?page_id=2602"},"modified":"2024-06-29T14:30:21","modified_gmt":"2024-06-29T12:30:21","slug":"camping","status":"publish","type":"page","link":"https:\/\/nikkaluokta.com\/de\/unterkunft\/camping","title":{"rendered":"Camping mit zelt \/ Stellplatz f\u00fcr Caravan"},"content":{"rendered":"\n<figure class=\"wp-block-image size-full\"><a href=\"http:\/\/media.nikkaluokta.com\/2016\/02\/camping.jpg\"><img loading=\"lazy\" decoding=\"async\" width=\"789\" height=\"526\" src=\"http:\/\/media.nikkaluokta.com\/2016\/02\/camping.jpg\" alt=\"\" class=\"wp-image-981\" srcset=\"http:\/\/media.nikkaluokta.com\/2016\/02\/camping.jpg 789w, http:\/\/media.nikkaluokta.com\/2016\/02\/camping-300x200.jpg 300w, http:\/\/media.nikkaluokta.com\/2016\/02\/camping-768x512.jpg 768w\" sizes=\"auto, (max-width: 789px) 100vw, 789px\" \/><\/a><\/figure>\n\n\n\n<h2 class=\"wp-block-heading\" id=\"camping-mit-zelt-oder-caravan\">Camping mit Zelt oder Stellplatz f\u00fcr Caravan<\/h2>\n\n\n\n<p>\u00dcbernachten Sie in Nikkaluokta im eigenen Zelt \/ Caravan \/ Wohnwagen<\/p>\n\n\n\n<p>Gegen\u00fcber unserem Servicegeb\u00e4ude liegt ein gro\u00dfer Zeltplatz.&nbsp;Auf unserem Langzeitparkplatz gibt es Pl\u00e4tze f\u00fcr Caravans und Wohnwagen. Elektrizit\u00e4t ist optional vorhanden.<\/p>\n\n\n\n<p>Die Campinggeb\u00fchr berechtigt ebenfalls zur Nutzung des Servicegeb\u00e4udes. Dort finden Sie eine K\u00fcche, WCs, Duschen, sowie je eine M\u00e4nner- und eine Frauensauna.<br><br>Wir m\u00f6chten unsere Wohnmobilg\u00e4ste auch dar\u00fcber informieren, dass es bei uns nicht m\u00f6glich ist, die Toilette\/das Grauwasser zu entleeren.<\/p>\n","protected":false},"excerpt":{"rendered":"<p>Camping mit Zelt oder Stellplatz f\u00fcr Caravan \u00dcbernachten Sie in Nikkaluokta im eigenen Zelt \/ Caravan \/ Wohnwagen Gegen\u00fcber unserem Servicegeb\u00e4ude liegt ein gro\u00dfer Zeltplatz.&nbsp;Auf unserem Langzeitparkplatz gibt es Pl\u00e4tze f\u00fcr Caravans und Wohnwagen. Elektrizit\u00e4t ist optional vorhanden. Die Campinggeb\u00fchr berechtigt ebenfalls zur Nutzung des Servicegeb\u00e4udes. Dort finden Sie eine K\u00fcche, WCs, Duschen, sowie je<\/p>\n<a href=\"https:\/\/nikkaluokta.com\/de\/unterkunft\/camping\" class=\"sohohotel-more-link\">Read More<i class=\"fa fa-angle-right\"><\/i><\/a>","protected":false},"author":1,"featured_media":0,"parent":312,"menu_order":6,"comment_status":"closed","ping_status":"closed","template":"","meta":{"footnotes":""},"class_list":["post-2602","page","type-page","status-publish","hentry"],"yoast_head":"<!-- This site is optimized with the Yoast SEO plugin v27.4 - https:\/\/yoast.com\/product\/yoast-seo-wordpress\/ -->\n<title>Camping mit zelt \/ Stellplatz f\u00fcr Caravan - Nikkaluokta Sarri AB<\/title>\n<meta name=\"robots\" content=\"index, follow, max-snippet:-1, max-image-preview:large, max-video-preview:-1\" \/>\n<link rel=\"canonical\" href=\"https:\/\/nikkaluokta.com\/de\/unterkunft\/camping\" \/>\n<meta property=\"og:locale\" content=\"de_DE\" \/>\n<meta property=\"og:type\" content=\"article\" \/>\n<meta property=\"og:title\" content=\"Camping mit zelt \/ Stellplatz f\u00fcr Caravan - Nikkaluokta Sarri AB\" \/>\n<meta property=\"og:description\" content=\"Camping mit Zelt oder Stellplatz f\u00fcr Caravan \u00dcbernachten Sie in Nikkaluokta im eigenen Zelt \/ Caravan \/ Wohnwagen Gegen\u00fcber unserem Servicegeb\u00e4ude liegt ein gro\u00dfer Zeltplatz.&nbsp;Auf unserem Langzeitparkplatz gibt es Pl\u00e4tze f\u00fcr Caravans und Wohnwagen. Elektrizit\u00e4t ist optional vorhanden. Die Campinggeb\u00fchr berechtigt ebenfalls zur Nutzung des Servicegeb\u00e4udes. Dort finden Sie eine K\u00fcche, WCs, Duschen, sowie je\" \/>\n<meta property=\"og:url\" content=\"https:\/\/nikkaluokta.com\/de\/unterkunft\/camping\" \/>\n<meta property=\"og:site_name\" content=\"Nikkaluokta Sarri AB\" \/>\n<meta property=\"article:publisher\" content=\"https:\/\/www.facebook.com\/Nikkaluoktasarri\/\" \/>\n<meta property=\"article:modified_time\" content=\"2024-06-29T12:30:21+00:00\" \/>\n<meta property=\"og:image\" content=\"http:\/\/media.nikkaluokta.com\/2016\/02\/camping.jpg\" \/>\n<meta name=\"twitter:card\" content=\"summary_large_image\" \/>\n<meta name=\"twitter:label1\" content=\"Gesch\u00e4tzte Lesezeit\" \/>\n\t<meta name=\"twitter:data1\" content=\"1\u00a0Minute\" \/>\n<script type=\"application\/ld+json\" class=\"yoast-schema-graph\">{\"@context\":\"https:\\\/\\\/schema.org\",\"@graph\":[{\"@type\":\"WebPage\",\"@id\":\"https:\\\/\\\/nikkaluokta.com\\\/de\\\/unterkunft\\\/camping\",\"url\":\"https:\\\/\\\/nikkaluokta.com\\\/de\\\/unterkunft\\\/camping\",\"name\":\"Camping mit zelt \\\/ Stellplatz f\u00fcr Caravan - Nikkaluokta Sarri AB\",\"isPartOf\":{\"@id\":\"https:\\\/\\\/nikkaluokta.com\\\/de\\\/#website\"},\"primaryImageOfPage\":{\"@id\":\"https:\\\/\\\/nikkaluokta.com\\\/de\\\/unterkunft\\\/camping#primaryimage\"},\"image\":{\"@id\":\"https:\\\/\\\/nikkaluokta.com\\\/de\\\/unterkunft\\\/camping#primaryimage\"},\"thumbnailUrl\":\"http:\\\/\\\/media.nikkaluokta.com\\\/2016\\\/02\\\/camping.jpg\",\"datePublished\":\"2022-01-26T16:57:25+00:00\",\"dateModified\":\"2024-06-29T12:30:21+00:00\",\"breadcrumb\":{\"@id\":\"https:\\\/\\\/nikkaluokta.com\\\/de\\\/unterkunft\\\/camping#breadcrumb\"},\"inLanguage\":\"de\",\"potentialAction\":[{\"@type\":\"ReadAction\",\"target\":[\"https:\\\/\\\/nikkaluokta.com\\\/de\\\/unterkunft\\\/camping\"]}]},{\"@type\":\"ImageObject\",\"inLanguage\":\"de\",\"@id\":\"https:\\\/\\\/nikkaluokta.com\\\/de\\\/unterkunft\\\/camping#primaryimage\",\"url\":\"http:\\\/\\\/media.nikkaluokta.com\\\/2016\\\/02\\\/camping.jpg\",\"contentUrl\":\"http:\\\/\\\/media.nikkaluokta.com\\\/2016\\\/02\\\/camping.jpg\"},{\"@type\":\"BreadcrumbList\",\"@id\":\"https:\\\/\\\/nikkaluokta.com\\\/de\\\/unterkunft\\\/camping#breadcrumb\",\"itemListElement\":[{\"@type\":\"ListItem\",\"position\":1,\"name\":\"Home\",\"item\":\"https:\\\/\\\/nikkaluokta.com\\\/de\"},{\"@type\":\"ListItem\",\"position\":2,\"name\":\"Unterk\u00fcnfte\",\"item\":\"https:\\\/\\\/nikkaluokta.com\\\/de\\\/unterkunft\"},{\"@type\":\"ListItem\",\"position\":3,\"name\":\"Camping mit zelt \\\/ Stellplatz f\u00fcr Caravan\"}]},{\"@type\":\"WebSite\",\"@id\":\"https:\\\/\\\/nikkaluokta.com\\\/de\\\/#website\",\"url\":\"https:\\\/\\\/nikkaluokta.com\\\/de\\\/\",\"name\":\"Nikkaluokta Sarri AB\",\"description\":\"Mitt i en storslagen natur\",\"publisher\":{\"@id\":\"https:\\\/\\\/nikkaluokta.com\\\/de\\\/#organization\"},\"potentialAction\":[{\"@type\":\"SearchAction\",\"target\":{\"@type\":\"EntryPoint\",\"urlTemplate\":\"https:\\\/\\\/nikkaluokta.com\\\/de\\\/?s={search_term_string}\"},\"query-input\":{\"@type\":\"PropertyValueSpecification\",\"valueRequired\":true,\"valueName\":\"search_term_string\"}}],\"inLanguage\":\"de\"},{\"@type\":\"Organization\",\"@id\":\"https:\\\/\\\/nikkaluokta.com\\\/de\\\/#organization\",\"name\":\"Nikkaluokta Sarri AB\",\"url\":\"https:\\\/\\\/nikkaluokta.com\\\/de\\\/\",\"logo\":{\"@type\":\"ImageObject\",\"inLanguage\":\"de\",\"@id\":\"https:\\\/\\\/nikkaluokta.com\\\/de\\\/#\\\/schema\\\/logo\\\/image\\\/\",\"url\":\"https:\\\/\\\/media.nikkaluokta.com\\\/2019\\\/01\\\/Nikkaluokta-transp-logo.png\",\"contentUrl\":\"https:\\\/\\\/media.nikkaluokta.com\\\/2019\\\/01\\\/Nikkaluokta-transp-logo.png\",\"width\":800,\"height\":149,\"caption\":\"Nikkaluokta Sarri AB\"},\"image\":{\"@id\":\"https:\\\/\\\/nikkaluokta.com\\\/de\\\/#\\\/schema\\\/logo\\\/image\\\/\"},\"sameAs\":[\"https:\\\/\\\/www.facebook.com\\\/Nikkaluoktasarri\\\/\",\"https:\\\/\\\/www.instagram.com\\\/nikkaluoktasarri\\\/\"]}]}<\/script>\n<!-- \/ Yoast SEO plugin. -->","yoast_head_json":{"title":"Camping mit zelt \/ Stellplatz f\u00fcr Caravan - Nikkaluokta Sarri AB","robots":{"index":"index","follow":"follow","max-snippet":"max-snippet:-1","max-image-preview":"max-image-preview:large","max-video-preview":"max-video-preview:-1"},"canonical":"https:\/\/nikkaluokta.com\/de\/unterkunft\/camping","og_locale":"de_DE","og_type":"article","og_title":"Camping mit zelt \/ Stellplatz f\u00fcr Caravan - Nikkaluokta Sarri AB","og_description":"Camping mit Zelt oder Stellplatz f\u00fcr Caravan \u00dcbernachten Sie in Nikkaluokta im eigenen Zelt \/ Caravan \/ Wohnwagen Gegen\u00fcber unserem Servicegeb\u00e4ude liegt ein gro\u00dfer Zeltplatz.&nbsp;Auf unserem Langzeitparkplatz gibt es Pl\u00e4tze f\u00fcr Caravans und Wohnwagen. Elektrizit\u00e4t ist optional vorhanden. Die Campinggeb\u00fchr berechtigt ebenfalls zur Nutzung des Servicegeb\u00e4udes. Dort finden Sie eine K\u00fcche, WCs, Duschen, sowie je","og_url":"https:\/\/nikkaluokta.com\/de\/unterkunft\/camping","og_site_name":"Nikkaluokta Sarri AB","article_publisher":"https:\/\/www.facebook.com\/Nikkaluoktasarri\/","article_modified_time":"2024-06-29T12:30:21+00:00","og_image":[{"url":"http:\/\/media.nikkaluokta.com\/2016\/02\/camping.jpg","type":"","width":"","height":""}],"twitter_card":"summary_large_image","twitter_misc":{"Gesch\u00e4tzte Lesezeit":"1\u00a0Minute"},"schema":{"@context":"https:\/\/schema.org","@graph":[{"@type":"WebPage","@id":"https:\/\/nikkaluokta.com\/de\/unterkunft\/camping","url":"https:\/\/nikkaluokta.com\/de\/unterkunft\/camping","name":"Camping mit zelt \/ Stellplatz f\u00fcr Caravan - Nikkaluokta Sarri AB","isPartOf":{"@id":"https:\/\/nikkaluokta.com\/de\/#website"},"primaryImageOfPage":{"@id":"https:\/\/nikkaluokta.com\/de\/unterkunft\/camping#primaryimage"},"image":{"@id":"https:\/\/nikkaluokta.com\/de\/unterkunft\/camping#primaryimage"},"thumbnailUrl":"http:\/\/media.nikkaluokta.com\/2016\/02\/camping.jpg","datePublished":"2022-01-26T16:57:25+00:00","dateModified":"2024-06-29T12:30:21+00:00","breadcrumb":{"@id":"https:\/\/nikkaluokta.com\/de\/unterkunft\/camping#breadcrumb"},"inLanguage":"de","potentialAction":[{"@type":"ReadAction","target":["https:\/\/nikkaluokta.com\/de\/unterkunft\/camping"]}]},{"@type":"ImageObject","inLanguage":"de","@id":"https:\/\/nikkaluokta.com\/de\/unterkunft\/camping#primaryimage","url":"http:\/\/media.nikkaluokta.com\/2016\/02\/camping.jpg","contentUrl":"http:\/\/media.nikkaluokta.com\/2016\/02\/camping.jpg"},{"@type":"BreadcrumbList","@id":"https:\/\/nikkaluokta.com\/de\/unterkunft\/camping#breadcrumb","itemListElement":[{"@type":"ListItem","position":1,"name":"Home","item":"https:\/\/nikkaluokta.com\/de"},{"@type":"ListItem","position":2,"name":"Unterk\u00fcnfte","item":"https:\/\/nikkaluokta.com\/de\/unterkunft"},{"@type":"ListItem","position":3,"name":"Camping mit zelt \/ Stellplatz f\u00fcr Caravan"}]},{"@type":"WebSite","@id":"https:\/\/nikkaluokta.com\/de\/#website","url":"https:\/\/nikkaluokta.com\/de\/","name":"Nikkaluokta Sarri AB","description":"Mitt i en storslagen natur","publisher":{"@id":"https:\/\/nikkaluokta.com\/de\/#organization"},"potentialAction":[{"@type":"SearchAction","target":{"@type":"EntryPoint","urlTemplate":"https:\/\/nikkaluokta.com\/de\/?s={search_term_string}"},"query-input":{"@type":"PropertyValueSpecification","valueRequired":true,"valueName":"search_term_string"}}],"inLanguage":"de"},{"@type":"Organization","@id":"https:\/\/nikkaluokta.com\/de\/#organization","name":"Nikkaluokta Sarri AB","url":"https:\/\/nikkaluokta.com\/de\/","logo":{"@type":"ImageObject","inLanguage":"de","@id":"https:\/\/nikkaluokta.com\/de\/#\/schema\/logo\/image\/","url":"https:\/\/media.nikkaluokta.com\/2019\/01\/Nikkaluokta-transp-logo.png","contentUrl":"https:\/\/media.nikkaluokta.com\/2019\/01\/Nikkaluokta-transp-logo.png","width":800,"height":149,"caption":"Nikkaluokta Sarri AB"},"image":{"@id":"https:\/\/nikkaluokta.com\/de\/#\/schema\/logo\/image\/"},"sameAs":["https:\/\/www.facebook.com\/Nikkaluoktasarri\/","https:\/\/www.instagram.com\/nikkaluoktasarri\/"]}]}},"_links":{"self":[{"href":"https:\/\/nikkaluokta.com\/de\/wp-json\/wp\/v2\/pages\/2602","targetHints":{"allow":["GET"]}}],"collection":[{"href":"https:\/\/nikkaluokta.com\/de\/wp-json\/wp\/v2\/pages"}],"about":[{"href":"https:\/\/nikkaluokta.com\/de\/wp-json\/wp\/v2\/types\/page"}],"author":[{"embeddable":true,"href":"https:\/\/nikkaluokta.com\/de\/wp-json\/wp\/v2\/users\/1"}],"replies":[{"embeddable":true,"href":"https:\/\/nikkaluokta.com\/de\/wp-json\/wp\/v2\/comments?post=2602"}],"version-history":[{"count":3,"href":"https:\/\/nikkaluokta.com\/de\/wp-json\/wp\/v2\/pages\/2602\/revisions"}],"predecessor-version":[{"id":3710,"href":"https:\/\/nikkaluokta.com\/de\/wp-json\/wp\/v2\/pages\/2602\/revisions\/3710"}],"up":[{"embeddable":true,"href":"https:\/\/nikkaluokta.com\/de\/wp-json\/wp\/v2\/pages\/312"}],"wp:attachment":[{"href":"https:\/\/nikkaluokta.com\/de\/wp-json\/wp\/v2\/media?parent=2602"}],"curies":[{"name":"wp","href":"https:\/\/api.w.org\/{rel}","templated":true}]}}