{"id":267,"date":"2014-03-14T09:32:22","date_gmt":"2014-03-14T08:32:22","guid":{"rendered":"http:\/\/nikkaluokta.com.loopiadns.com\/de\/weddings"},"modified":"2016-12-18T09:08:34","modified_gmt":"2016-12-18T08:08:34","slug":"hochzeit","status":"publish","type":"page","link":"https:\/\/nikkaluokta.com\/de\/gruppen\/hochzeit","title":{"rendered":"Hochzeit"},"content":{"rendered":"<p>Planen Sie eine Hochzeit und wollen einen wahrhaft unvergesslichen Tag erleben? Nikkaluokta ist der Ort, an dem Ihre Tr\u00e4ume wahr werden k\u00f6nnen!<\/p>\n<p>Mit unserer unber\u00fchrten Bergwelt im Hintergrund schaffen wir den Rahmen f\u00fcr eine perfekte Hochzeit.<\/p>\n<p>Die kleine Samische Kapelle von 1942, gem\u00fctliche Unterk\u00fcnfte, Samische Delikatessen und einzigartige kulinarische Erlebnisse bieten alle Voraussetzungen f\u00fcr einen ganz besonderen Tag.<\/p>\n<p>Wir planen mit Ihnen gemeinsam den Tag so, wie Sie ihn sich w\u00fcnschen. Wir sind erfahren in der Ausrichtung von Hochzeiten und kennen die besonderen Bed\u00fcrfnisse f\u00fcr sowohl kleine als auch gro\u00dfe Gruppen.<\/p>\n<p>F\u00fcr Details \u00fcber die Trauung in der Kapelle von Nikkaluokta empfehlen wir eine Kontaktaufnahme mit der Pfarrei in G\u00e4llivare oder mit Margareta Sarri (+46 (0) 980-550 15 oder nikka.marg@telia.com).<\/p>\n","protected":false},"excerpt":{"rendered":"<p>Planen Sie eine Hochzeit und wollen einen wahrhaft unvergesslichen Tag erleben? Nikkaluokta ist der Ort, an dem Ihre Tr\u00e4ume wahr werden k\u00f6nnen! Mit unserer unber\u00fchrten Bergwelt im Hintergrund schaffen wir den Rahmen f\u00fcr eine perfekte Hochzeit. Die kleine Samische Kapelle von 1942, gem\u00fctliche Unterk\u00fcnfte, Samische Delikatessen und einzigartige kulinarische Erlebnisse bieten alle Voraussetzungen f\u00fcr einen<\/p>\n<a href=\"https:\/\/nikkaluokta.com\/de\/gruppen\/hochzeit\" class=\"sohohotel-more-link\">Read More<i class=\"fa fa-angle-right\"><\/i><\/a>","protected":false},"author":1,"featured_media":0,"parent":269,"menu_order":2,"comment_status":"closed","ping_status":"closed","template":"","meta":{"footnotes":""},"class_list":["post-267","page","type-page","status-publish","hentry"],"yoast_head":"<!-- This site is optimized with the Yoast SEO plugin v27.4 - https:\/\/yoast.com\/product\/yoast-seo-wordpress\/ -->\n<title>Hochzeit - Nikkaluokta Sarri AB<\/title>\n<meta name=\"robots\" content=\"index, follow, max-snippet:-1, max-image-preview:large, max-video-preview:-1\" \/>\n<link rel=\"canonical\" href=\"https:\/\/nikkaluokta.com\/de\/gruppen\/hochzeit\" \/>\n<meta property=\"og:locale\" content=\"de_DE\" \/>\n<meta property=\"og:type\" content=\"article\" \/>\n<meta property=\"og:title\" content=\"Hochzeit - Nikkaluokta Sarri AB\" \/>\n<meta property=\"og:description\" content=\"Planen Sie eine Hochzeit und wollen einen wahrhaft unvergesslichen Tag erleben? Nikkaluokta ist der Ort, an dem Ihre Tr\u00e4ume wahr werden k\u00f6nnen! Mit unserer unber\u00fchrten Bergwelt im Hintergrund schaffen wir den Rahmen f\u00fcr eine perfekte Hochzeit. Die kleine Samische Kapelle von 1942, gem\u00fctliche Unterk\u00fcnfte, Samische Delikatessen und einzigartige kulinarische Erlebnisse bieten alle Voraussetzungen f\u00fcr einen\" \/>\n<meta property=\"og:url\" content=\"https:\/\/nikkaluokta.com\/de\/gruppen\/hochzeit\" \/>\n<meta property=\"og:site_name\" content=\"Nikkaluokta Sarri AB\" \/>\n<meta property=\"article:publisher\" content=\"https:\/\/www.facebook.com\/Nikkaluoktasarri\/\" \/>\n<meta property=\"article:modified_time\" content=\"2016-12-18T08:08:34+00:00\" \/>\n<meta property=\"og:image\" content=\"https:\/\/media.nikkaluokta.com\/2016\/02\/MG_5672.jpg\" \/>\n\t<meta property=\"og:image:width\" content=\"1000\" \/>\n\t<meta property=\"og:image:height\" content=\"562\" \/>\n\t<meta property=\"og:image:type\" content=\"image\/jpeg\" \/>\n<meta name=\"twitter:card\" content=\"summary_large_image\" \/>\n<meta name=\"twitter:label1\" content=\"Gesch\u00e4tzte Lesezeit\" \/>\n\t<meta name=\"twitter:data1\" content=\"1\u00a0Minute\" \/>\n<script type=\"application\/ld+json\" class=\"yoast-schema-graph\">{\"@context\":\"https:\\\/\\\/schema.org\",\"@graph\":[{\"@type\":\"WebPage\",\"@id\":\"https:\\\/\\\/nikkaluokta.com\\\/de\\\/gruppen\\\/hochzeit\",\"url\":\"https:\\\/\\\/nikkaluokta.com\\\/de\\\/gruppen\\\/hochzeit\",\"name\":\"Hochzeit - Nikkaluokta Sarri AB\",\"isPartOf\":{\"@id\":\"https:\\\/\\\/nikkaluokta.com\\\/de\\\/#website\"},\"datePublished\":\"2014-03-14T08:32:22+00:00\",\"dateModified\":\"2016-12-18T08:08:34+00:00\",\"breadcrumb\":{\"@id\":\"https:\\\/\\\/nikkaluokta.com\\\/de\\\/gruppen\\\/hochzeit#breadcrumb\"},\"inLanguage\":\"de\",\"potentialAction\":[{\"@type\":\"ReadAction\",\"target\":[\"https:\\\/\\\/nikkaluokta.com\\\/de\\\/gruppen\\\/hochzeit\"]}]},{\"@type\":\"BreadcrumbList\",\"@id\":\"https:\\\/\\\/nikkaluokta.com\\\/de\\\/gruppen\\\/hochzeit#breadcrumb\",\"itemListElement\":[{\"@type\":\"ListItem\",\"position\":1,\"name\":\"Home\",\"item\":\"https:\\\/\\\/nikkaluokta.com\\\/de\"},{\"@type\":\"ListItem\",\"position\":2,\"name\":\"Gruppen\",\"item\":\"https:\\\/\\\/nikkaluokta.com\\\/de\\\/gruppen\"},{\"@type\":\"ListItem\",\"position\":3,\"name\":\"Hochzeit\"}]},{\"@type\":\"WebSite\",\"@id\":\"https:\\\/\\\/nikkaluokta.com\\\/de\\\/#website\",\"url\":\"https:\\\/\\\/nikkaluokta.com\\\/de\\\/\",\"name\":\"Nikkaluokta Sarri AB\",\"description\":\"Mitt i en storslagen natur\",\"publisher\":{\"@id\":\"https:\\\/\\\/nikkaluokta.com\\\/de\\\/#organization\"},\"potentialAction\":[{\"@type\":\"SearchAction\",\"target\":{\"@type\":\"EntryPoint\",\"urlTemplate\":\"https:\\\/\\\/nikkaluokta.com\\\/de\\\/?s={search_term_string}\"},\"query-input\":{\"@type\":\"PropertyValueSpecification\",\"valueRequired\":true,\"valueName\":\"search_term_string\"}}],\"inLanguage\":\"de\"},{\"@type\":\"Organization\",\"@id\":\"https:\\\/\\\/nikkaluokta.com\\\/de\\\/#organization\",\"name\":\"Nikkaluokta Sarri AB\",\"url\":\"https:\\\/\\\/nikkaluokta.com\\\/de\\\/\",\"logo\":{\"@type\":\"ImageObject\",\"inLanguage\":\"de\",\"@id\":\"https:\\\/\\\/nikkaluokta.com\\\/de\\\/#\\\/schema\\\/logo\\\/image\\\/\",\"url\":\"https:\\\/\\\/media.nikkaluokta.com\\\/2019\\\/01\\\/Nikkaluokta-transp-logo.png\",\"contentUrl\":\"https:\\\/\\\/media.nikkaluokta.com\\\/2019\\\/01\\\/Nikkaluokta-transp-logo.png\",\"width\":800,\"height\":149,\"caption\":\"Nikkaluokta Sarri AB\"},\"image\":{\"@id\":\"https:\\\/\\\/nikkaluokta.com\\\/de\\\/#\\\/schema\\\/logo\\\/image\\\/\"},\"sameAs\":[\"https:\\\/\\\/www.facebook.com\\\/Nikkaluoktasarri\\\/\",\"https:\\\/\\\/www.instagram.com\\\/nikkaluoktasarri\\\/\"]}]}<\/script>\n<!-- \/ Yoast SEO plugin. -->","yoast_head_json":{"title":"Hochzeit - Nikkaluokta Sarri AB","robots":{"index":"index","follow":"follow","max-snippet":"max-snippet:-1","max-image-preview":"max-image-preview:large","max-video-preview":"max-video-preview:-1"},"canonical":"https:\/\/nikkaluokta.com\/de\/gruppen\/hochzeit","og_locale":"de_DE","og_type":"article","og_title":"Hochzeit - Nikkaluokta Sarri AB","og_description":"Planen Sie eine Hochzeit und wollen einen wahrhaft unvergesslichen Tag erleben? Nikkaluokta ist der Ort, an dem Ihre Tr\u00e4ume wahr werden k\u00f6nnen! Mit unserer unber\u00fchrten Bergwelt im Hintergrund schaffen wir den Rahmen f\u00fcr eine perfekte Hochzeit. Die kleine Samische Kapelle von 1942, gem\u00fctliche Unterk\u00fcnfte, Samische Delikatessen und einzigartige kulinarische Erlebnisse bieten alle Voraussetzungen f\u00fcr einen","og_url":"https:\/\/nikkaluokta.com\/de\/gruppen\/hochzeit","og_site_name":"Nikkaluokta Sarri AB","article_publisher":"https:\/\/www.facebook.com\/Nikkaluoktasarri\/","article_modified_time":"2016-12-18T08:08:34+00:00","og_image":[{"width":1000,"height":562,"url":"https:\/\/media.nikkaluokta.com\/2016\/02\/MG_5672.jpg","type":"image\/jpeg"}],"twitter_card":"summary_large_image","twitter_misc":{"Gesch\u00e4tzte Lesezeit":"1\u00a0Minute"},"schema":{"@context":"https:\/\/schema.org","@graph":[{"@type":"WebPage","@id":"https:\/\/nikkaluokta.com\/de\/gruppen\/hochzeit","url":"https:\/\/nikkaluokta.com\/de\/gruppen\/hochzeit","name":"Hochzeit - Nikkaluokta Sarri AB","isPartOf":{"@id":"https:\/\/nikkaluokta.com\/de\/#website"},"datePublished":"2014-03-14T08:32:22+00:00","dateModified":"2016-12-18T08:08:34+00:00","breadcrumb":{"@id":"https:\/\/nikkaluokta.com\/de\/gruppen\/hochzeit#breadcrumb"},"inLanguage":"de","potentialAction":[{"@type":"ReadAction","target":["https:\/\/nikkaluokta.com\/de\/gruppen\/hochzeit"]}]},{"@type":"BreadcrumbList","@id":"https:\/\/nikkaluokta.com\/de\/gruppen\/hochzeit#breadcrumb","itemListElement":[{"@type":"ListItem","position":1,"name":"Home","item":"https:\/\/nikkaluokta.com\/de"},{"@type":"ListItem","position":2,"name":"Gruppen","item":"https:\/\/nikkaluokta.com\/de\/gruppen"},{"@type":"ListItem","position":3,"name":"Hochzeit"}]},{"@type":"WebSite","@id":"https:\/\/nikkaluokta.com\/de\/#website","url":"https:\/\/nikkaluokta.com\/de\/","name":"Nikkaluokta Sarri AB","description":"Mitt i en storslagen natur","publisher":{"@id":"https:\/\/nikkaluokta.com\/de\/#organization"},"potentialAction":[{"@type":"SearchAction","target":{"@type":"EntryPoint","urlTemplate":"https:\/\/nikkaluokta.com\/de\/?s={search_term_string}"},"query-input":{"@type":"PropertyValueSpecification","valueRequired":true,"valueName":"search_term_string"}}],"inLanguage":"de"},{"@type":"Organization","@id":"https:\/\/nikkaluokta.com\/de\/#organization","name":"Nikkaluokta Sarri AB","url":"https:\/\/nikkaluokta.com\/de\/","logo":{"@type":"ImageObject","inLanguage":"de","@id":"https:\/\/nikkaluokta.com\/de\/#\/schema\/logo\/image\/","url":"https:\/\/media.nikkaluokta.com\/2019\/01\/Nikkaluokta-transp-logo.png","contentUrl":"https:\/\/media.nikkaluokta.com\/2019\/01\/Nikkaluokta-transp-logo.png","width":800,"height":149,"caption":"Nikkaluokta Sarri AB"},"image":{"@id":"https:\/\/nikkaluokta.com\/de\/#\/schema\/logo\/image\/"},"sameAs":["https:\/\/www.facebook.com\/Nikkaluoktasarri\/","https:\/\/www.instagram.com\/nikkaluoktasarri\/"]}]}},"_links":{"self":[{"href":"https:\/\/nikkaluokta.com\/de\/wp-json\/wp\/v2\/pages\/267","targetHints":{"allow":["GET"]}}],"collection":[{"href":"https:\/\/nikkaluokta.com\/de\/wp-json\/wp\/v2\/pages"}],"about":[{"href":"https:\/\/nikkaluokta.com\/de\/wp-json\/wp\/v2\/types\/page"}],"author":[{"embeddable":true,"href":"https:\/\/nikkaluokta.com\/de\/wp-json\/wp\/v2\/users\/1"}],"replies":[{"embeddable":true,"href":"https:\/\/nikkaluokta.com\/de\/wp-json\/wp\/v2\/comments?post=267"}],"version-history":[{"count":5,"href":"https:\/\/nikkaluokta.com\/de\/wp-json\/wp\/v2\/pages\/267\/revisions"}],"predecessor-version":[{"id":1516,"href":"https:\/\/nikkaluokta.com\/de\/wp-json\/wp\/v2\/pages\/267\/revisions\/1516"}],"up":[{"embeddable":true,"href":"https:\/\/nikkaluokta.com\/de\/wp-json\/wp\/v2\/pages\/269"}],"wp:attachment":[{"href":"https:\/\/nikkaluokta.com\/de\/wp-json\/wp\/v2\/media?parent=267"}],"curies":[{"name":"wp","href":"https:\/\/api.w.org\/{rel}","templated":true}]}}