{"id":269,"date":"2014-03-14T09:32:07","date_gmt":"2014-03-14T08:32:07","guid":{"rendered":"http:\/\/nikkaluokta.com.loopiadns.com\/de\/events"},"modified":"2016-12-18T09:07:06","modified_gmt":"2016-12-18T08:07:06","slug":"gruppen","status":"publish","type":"page","link":"https:\/\/nikkaluokta.com\/de\/gruppen","title":{"rendered":"Gruppen"},"content":{"rendered":"<p>In Nikkaluokta finden Sie eine einzigartige und inspirierende Umgebung f\u00fcr Konferenzen, Hochzeiten, Taufen sowie Unternehmens- und Familienfeiern vor.<\/p>\n<p>Effektiv und kreativ &#8211; So lautet unser Motto f\u00fcr <a href=\"http:\/\/nikkaluokta.com\/de\/gruppen\/konferenzen\">Konferenzen und Treffen<\/a> in Nikkaluokta. Die inspirierende Umgebung erleichterte es, vom Alltag losgel\u00f6st weise und effektive Entscheidungen zu treffen. Das Sch\u00f6ne dabei: Die grandiose Landschaft gibt es gratis dazu!<\/p>\n<p>Ob gemeinsam mit Familie, Freunden, Kollegen oder beruflichen Netzwerken: Bei uns erhalten Sie die M\u00f6glichkeit, erinnerungsw\u00fcrdige Tage in den Bergen zu verbringen.<\/p>\n<p>Delikatessen aus Lappland im Restaurant, Abenteuer und Erlebnisse, bester Service und zuverl\u00e4ssige Gastgeber werden Ihnen au\u00dfergew\u00f6hnliche Erfahrungen bescheren.<\/p>\n<p>In Nikkaluokta endet die \u00f6ffentliche Stra\u00dfe &#8211; danach gibt es nichts als Natur. Diese besondere Lage erm\u00f6glicht es, eine besonders intensive Zeit mit der Gruppe zu verbringen. Nikkaluokta bietet sich daher auch f\u00fcr Kurs- und Trainingsveranstaltungen an.<\/p>\n<p>Au\u00dferhalb der Saisonzeiten ist es m\u00f6glich, alle R\u00e4umlichkeiten exklusiv f\u00fcr Ihre Veranstaltung zu buchen. Hierf\u00fcr stehen Ihnen alle Unterk\u00fcnfte mit 14 H\u00fctten (64 Betten), Sauna und das Servicegeb\u00e4ude sowie das Hauptgeb\u00e4ue mit Restaurant, Galerie und Besprechungsraum zur Verf\u00fcgung.<\/p>\n","protected":false},"excerpt":{"rendered":"<p>In Nikkaluokta finden Sie eine einzigartige und inspirierende Umgebung f\u00fcr Konferenzen, Hochzeiten, Taufen sowie Unternehmens- und Familienfeiern vor. Effektiv und kreativ &#8211; So lautet unser Motto f\u00fcr Konferenzen und Treffen in Nikkaluokta. Die inspirierende Umgebung erleichterte es, vom Alltag losgel\u00f6st weise und effektive Entscheidungen zu treffen. Das Sch\u00f6ne dabei: Die grandiose Landschaft gibt es gratis<\/p>\n<a href=\"https:\/\/nikkaluokta.com\/de\/gruppen\" class=\"sohohotel-more-link\">Read More<i class=\"fa fa-angle-right\"><\/i><\/a>","protected":false},"author":1,"featured_media":0,"parent":0,"menu_order":0,"comment_status":"closed","ping_status":"closed","template":"","meta":{"footnotes":""},"class_list":["post-269","page","type-page","status-publish","hentry"],"yoast_head":"<!-- This site is optimized with the Yoast SEO plugin v27.5 - https:\/\/yoast.com\/product\/yoast-seo-wordpress\/ -->\n<title>Gruppen - Nikkaluokta Sarri AB<\/title>\n<meta name=\"robots\" content=\"index, follow, max-snippet:-1, max-image-preview:large, max-video-preview:-1\" \/>\n<link rel=\"canonical\" href=\"https:\/\/nikkaluokta.com\/de\/gruppen\" \/>\n<meta property=\"og:locale\" content=\"de_DE\" \/>\n<meta property=\"og:type\" content=\"article\" \/>\n<meta property=\"og:title\" content=\"Gruppen - Nikkaluokta Sarri AB\" \/>\n<meta property=\"og:description\" content=\"In Nikkaluokta finden Sie eine einzigartige und inspirierende Umgebung f\u00fcr Konferenzen, Hochzeiten, Taufen sowie Unternehmens- und Familienfeiern vor. Effektiv und kreativ &#8211; So lautet unser Motto f\u00fcr Konferenzen und Treffen in Nikkaluokta. Die inspirierende Umgebung erleichterte es, vom Alltag losgel\u00f6st weise und effektive Entscheidungen zu treffen. Das Sch\u00f6ne dabei: Die grandiose Landschaft gibt es gratis\" \/>\n<meta property=\"og:url\" content=\"https:\/\/nikkaluokta.com\/de\/gruppen\" \/>\n<meta property=\"og:site_name\" content=\"Nikkaluokta Sarri AB\" \/>\n<meta property=\"article:publisher\" content=\"https:\/\/www.facebook.com\/Nikkaluoktasarri\/\" \/>\n<meta property=\"article:modified_time\" content=\"2016-12-18T08:07:06+00:00\" \/>\n<meta property=\"og:image\" content=\"https:\/\/media.nikkaluokta.com\/2016\/02\/MG_5672.jpg\" \/>\n\t<meta property=\"og:image:width\" content=\"1000\" \/>\n\t<meta property=\"og:image:height\" content=\"562\" \/>\n\t<meta property=\"og:image:type\" content=\"image\/jpeg\" \/>\n<meta name=\"twitter:card\" content=\"summary_large_image\" \/>\n<meta name=\"twitter:label1\" content=\"Gesch\u00e4tzte Lesezeit\" \/>\n\t<meta name=\"twitter:data1\" content=\"1\u00a0Minute\" \/>\n<script type=\"application\/ld+json\" class=\"yoast-schema-graph\">{\"@context\":\"https:\\\/\\\/schema.org\",\"@graph\":[{\"@type\":\"WebPage\",\"@id\":\"https:\\\/\\\/nikkaluokta.com\\\/de\\\/gruppen\",\"url\":\"https:\\\/\\\/nikkaluokta.com\\\/de\\\/gruppen\",\"name\":\"Gruppen - Nikkaluokta Sarri AB\",\"isPartOf\":{\"@id\":\"https:\\\/\\\/nikkaluokta.com\\\/de\\\/#website\"},\"datePublished\":\"2014-03-14T08:32:07+00:00\",\"dateModified\":\"2016-12-18T08:07:06+00:00\",\"breadcrumb\":{\"@id\":\"https:\\\/\\\/nikkaluokta.com\\\/de\\\/gruppen#breadcrumb\"},\"inLanguage\":\"de\",\"potentialAction\":[{\"@type\":\"ReadAction\",\"target\":[\"https:\\\/\\\/nikkaluokta.com\\\/de\\\/gruppen\"]}]},{\"@type\":\"BreadcrumbList\",\"@id\":\"https:\\\/\\\/nikkaluokta.com\\\/de\\\/gruppen#breadcrumb\",\"itemListElement\":[{\"@type\":\"ListItem\",\"position\":1,\"name\":\"Home\",\"item\":\"https:\\\/\\\/nikkaluokta.com\\\/de\"},{\"@type\":\"ListItem\",\"position\":2,\"name\":\"Gruppen\"}]},{\"@type\":\"WebSite\",\"@id\":\"https:\\\/\\\/nikkaluokta.com\\\/de\\\/#website\",\"url\":\"https:\\\/\\\/nikkaluokta.com\\\/de\\\/\",\"name\":\"Nikkaluokta Sarri AB\",\"description\":\"Mitt i en storslagen natur\",\"publisher\":{\"@id\":\"https:\\\/\\\/nikkaluokta.com\\\/de\\\/#organization\"},\"potentialAction\":[{\"@type\":\"SearchAction\",\"target\":{\"@type\":\"EntryPoint\",\"urlTemplate\":\"https:\\\/\\\/nikkaluokta.com\\\/de\\\/?s={search_term_string}\"},\"query-input\":{\"@type\":\"PropertyValueSpecification\",\"valueRequired\":true,\"valueName\":\"search_term_string\"}}],\"inLanguage\":\"de\"},{\"@type\":\"Organization\",\"@id\":\"https:\\\/\\\/nikkaluokta.com\\\/de\\\/#organization\",\"name\":\"Nikkaluokta Sarri AB\",\"url\":\"https:\\\/\\\/nikkaluokta.com\\\/de\\\/\",\"logo\":{\"@type\":\"ImageObject\",\"inLanguage\":\"de\",\"@id\":\"https:\\\/\\\/nikkaluokta.com\\\/de\\\/#\\\/schema\\\/logo\\\/image\\\/\",\"url\":\"https:\\\/\\\/media.nikkaluokta.com\\\/2019\\\/01\\\/Nikkaluokta-transp-logo.png\",\"contentUrl\":\"https:\\\/\\\/media.nikkaluokta.com\\\/2019\\\/01\\\/Nikkaluokta-transp-logo.png\",\"width\":800,\"height\":149,\"caption\":\"Nikkaluokta Sarri AB\"},\"image\":{\"@id\":\"https:\\\/\\\/nikkaluokta.com\\\/de\\\/#\\\/schema\\\/logo\\\/image\\\/\"},\"sameAs\":[\"https:\\\/\\\/www.facebook.com\\\/Nikkaluoktasarri\\\/\",\"https:\\\/\\\/www.instagram.com\\\/nikkaluoktasarri\\\/\"]}]}<\/script>\n<!-- \/ Yoast SEO plugin. -->","yoast_head_json":{"title":"Gruppen - Nikkaluokta Sarri AB","robots":{"index":"index","follow":"follow","max-snippet":"max-snippet:-1","max-image-preview":"max-image-preview:large","max-video-preview":"max-video-preview:-1"},"canonical":"https:\/\/nikkaluokta.com\/de\/gruppen","og_locale":"de_DE","og_type":"article","og_title":"Gruppen - Nikkaluokta Sarri AB","og_description":"In Nikkaluokta finden Sie eine einzigartige und inspirierende Umgebung f\u00fcr Konferenzen, Hochzeiten, Taufen sowie Unternehmens- und Familienfeiern vor. Effektiv und kreativ &#8211; So lautet unser Motto f\u00fcr Konferenzen und Treffen in Nikkaluokta. Die inspirierende Umgebung erleichterte es, vom Alltag losgel\u00f6st weise und effektive Entscheidungen zu treffen. Das Sch\u00f6ne dabei: Die grandiose Landschaft gibt es gratis","og_url":"https:\/\/nikkaluokta.com\/de\/gruppen","og_site_name":"Nikkaluokta Sarri AB","article_publisher":"https:\/\/www.facebook.com\/Nikkaluoktasarri\/","article_modified_time":"2016-12-18T08:07:06+00:00","og_image":[{"width":1000,"height":562,"url":"https:\/\/media.nikkaluokta.com\/2016\/02\/MG_5672.jpg","type":"image\/jpeg"}],"twitter_card":"summary_large_image","twitter_misc":{"Gesch\u00e4tzte Lesezeit":"1\u00a0Minute"},"schema":{"@context":"https:\/\/schema.org","@graph":[{"@type":"WebPage","@id":"https:\/\/nikkaluokta.com\/de\/gruppen","url":"https:\/\/nikkaluokta.com\/de\/gruppen","name":"Gruppen - Nikkaluokta Sarri AB","isPartOf":{"@id":"https:\/\/nikkaluokta.com\/de\/#website"},"datePublished":"2014-03-14T08:32:07+00:00","dateModified":"2016-12-18T08:07:06+00:00","breadcrumb":{"@id":"https:\/\/nikkaluokta.com\/de\/gruppen#breadcrumb"},"inLanguage":"de","potentialAction":[{"@type":"ReadAction","target":["https:\/\/nikkaluokta.com\/de\/gruppen"]}]},{"@type":"BreadcrumbList","@id":"https:\/\/nikkaluokta.com\/de\/gruppen#breadcrumb","itemListElement":[{"@type":"ListItem","position":1,"name":"Home","item":"https:\/\/nikkaluokta.com\/de"},{"@type":"ListItem","position":2,"name":"Gruppen"}]},{"@type":"WebSite","@id":"https:\/\/nikkaluokta.com\/de\/#website","url":"https:\/\/nikkaluokta.com\/de\/","name":"Nikkaluokta Sarri AB","description":"Mitt i en storslagen natur","publisher":{"@id":"https:\/\/nikkaluokta.com\/de\/#organization"},"potentialAction":[{"@type":"SearchAction","target":{"@type":"EntryPoint","urlTemplate":"https:\/\/nikkaluokta.com\/de\/?s={search_term_string}"},"query-input":{"@type":"PropertyValueSpecification","valueRequired":true,"valueName":"search_term_string"}}],"inLanguage":"de"},{"@type":"Organization","@id":"https:\/\/nikkaluokta.com\/de\/#organization","name":"Nikkaluokta Sarri AB","url":"https:\/\/nikkaluokta.com\/de\/","logo":{"@type":"ImageObject","inLanguage":"de","@id":"https:\/\/nikkaluokta.com\/de\/#\/schema\/logo\/image\/","url":"https:\/\/media.nikkaluokta.com\/2019\/01\/Nikkaluokta-transp-logo.png","contentUrl":"https:\/\/media.nikkaluokta.com\/2019\/01\/Nikkaluokta-transp-logo.png","width":800,"height":149,"caption":"Nikkaluokta Sarri AB"},"image":{"@id":"https:\/\/nikkaluokta.com\/de\/#\/schema\/logo\/image\/"},"sameAs":["https:\/\/www.facebook.com\/Nikkaluoktasarri\/","https:\/\/www.instagram.com\/nikkaluoktasarri\/"]}]}},"_links":{"self":[{"href":"https:\/\/nikkaluokta.com\/de\/wp-json\/wp\/v2\/pages\/269","targetHints":{"allow":["GET"]}}],"collection":[{"href":"https:\/\/nikkaluokta.com\/de\/wp-json\/wp\/v2\/pages"}],"about":[{"href":"https:\/\/nikkaluokta.com\/de\/wp-json\/wp\/v2\/types\/page"}],"author":[{"embeddable":true,"href":"https:\/\/nikkaluokta.com\/de\/wp-json\/wp\/v2\/users\/1"}],"replies":[{"embeddable":true,"href":"https:\/\/nikkaluokta.com\/de\/wp-json\/wp\/v2\/comments?post=269"}],"version-history":[{"count":8,"href":"https:\/\/nikkaluokta.com\/de\/wp-json\/wp\/v2\/pages\/269\/revisions"}],"predecessor-version":[{"id":1300,"href":"https:\/\/nikkaluokta.com\/de\/wp-json\/wp\/v2\/pages\/269\/revisions\/1300"}],"wp:attachment":[{"href":"https:\/\/nikkaluokta.com\/de\/wp-json\/wp\/v2\/media?parent=269"}],"curies":[{"name":"wp","href":"https:\/\/api.w.org\/{rel}","templated":true}]}}