{"id":274,"date":"2014-03-13T16:44:01","date_gmt":"2014-03-13T15:44:01","guid":{"rendered":"http:\/\/nikkaluokta.com.loopiadns.com\/de\/shop-gallery"},"modified":"2016-12-18T09:30:42","modified_gmt":"2016-12-18T08:30:42","slug":"shop-galerie","status":"publish","type":"page","link":"https:\/\/nikkaluokta.com\/de\/shop-galerie","title":{"rendered":"Shop &#038; Galerie"},"content":{"rendered":"<h2><img loading=\"lazy\" decoding=\"async\" class=\"aligncenter size-st_medium wp-image-1281\" src=\"http:\/\/nikkaluokta.com\/wp-content\/uploads\/2016\/04\/MG_0746-642x335.jpg\" alt=\"_MG_0746\" width=\"642\" height=\"335\" \/><\/h2>\n<h2>Shop und\u00a0Kunstgalerie Sk\u00e1idi<\/h2>\n<p>In unserem Shop erhalten Sie viele praktische Produkte, die Sie f\u00fcr\u00a0ihre Wanderungen nutzen oder einfach als Erinnerung mit nach Hause nehmen k\u00f6nnen.<\/p>\n<p>Wir bieten Ihnen Original Samische Handwerkskunst aus Holz, Rentierhorn, Leder und Textilien an. Was in fr\u00fcheren Zeiten\u00a0als Werkzeug genutzt wurde, sind jetzt exklusive Produkte und Sammlerst\u00fccke.<\/p>\n<p>Falls Sie unterwegs sind zum Wandern in die Berge, unterst\u00fctzen wir Sie mit\u00a0unserem\u00a0Sortiment an Wanderkarten, Ausr\u00fcstungsgegenst\u00e4nden, Gaskartuschen, Spiritus und einer kleinen Auswahl an Outdoor-Lebensmitteln.<\/p>\n<p>Im Obergeschoss finden Sie die\u00a0Galerie Sk\u00e1idi, in der regelm\u00e4\u00dfig verschiedene Kunstausstellungen von K\u00fcnstlern der Region durchgef\u00fchrt werden. Die Bergwelt inspiriert viele K\u00fcnstler, deren Kunst hoffentlich auch f\u00fcr Sie ansprechend ist.<\/p>\n","protected":false},"excerpt":{"rendered":"<p>Shop und\u00a0Kunstgalerie Sk\u00e1idi In unserem Shop erhalten Sie viele praktische Produkte, die Sie f\u00fcr\u00a0ihre Wanderungen nutzen oder einfach als Erinnerung mit nach Hause nehmen k\u00f6nnen. Wir bieten Ihnen Original Samische Handwerkskunst aus Holz, Rentierhorn, Leder und Textilien an. Was in fr\u00fcheren Zeiten\u00a0als Werkzeug genutzt wurde, sind jetzt exklusive Produkte und Sammlerst\u00fccke. Falls Sie unterwegs sind<\/p>\n<a href=\"https:\/\/nikkaluokta.com\/de\/shop-galerie\" class=\"sohohotel-more-link\">Read More<i class=\"fa fa-angle-right\"><\/i><\/a>","protected":false},"author":1,"featured_media":0,"parent":0,"menu_order":0,"comment_status":"closed","ping_status":"closed","template":"","meta":{"footnotes":""},"class_list":["post-274","page","type-page","status-publish","hentry"],"yoast_head":"<!-- This site is optimized with the Yoast SEO plugin v27.4 - https:\/\/yoast.com\/product\/yoast-seo-wordpress\/ -->\n<title>Shop &amp; Galerie - Nikkaluokta Sarri AB<\/title>\n<meta name=\"robots\" content=\"index, follow, max-snippet:-1, max-image-preview:large, max-video-preview:-1\" \/>\n<link rel=\"canonical\" href=\"https:\/\/nikkaluokta.com\/de\/shop-galerie\" \/>\n<meta property=\"og:locale\" content=\"de_DE\" \/>\n<meta property=\"og:type\" content=\"article\" \/>\n<meta property=\"og:title\" content=\"Shop &amp; Galerie - Nikkaluokta Sarri AB\" \/>\n<meta property=\"og:description\" content=\"Shop und\u00a0Kunstgalerie Sk\u00e1idi In unserem Shop erhalten Sie viele praktische Produkte, die Sie f\u00fcr\u00a0ihre Wanderungen nutzen oder einfach als Erinnerung mit nach Hause nehmen k\u00f6nnen. Wir bieten Ihnen Original Samische Handwerkskunst aus Holz, Rentierhorn, Leder und Textilien an. Was in fr\u00fcheren Zeiten\u00a0als Werkzeug genutzt wurde, sind jetzt exklusive Produkte und Sammlerst\u00fccke. Falls Sie unterwegs sind\" \/>\n<meta property=\"og:url\" content=\"https:\/\/nikkaluokta.com\/de\/shop-galerie\" \/>\n<meta property=\"og:site_name\" content=\"Nikkaluokta Sarri AB\" \/>\n<meta property=\"article:publisher\" content=\"https:\/\/www.facebook.com\/Nikkaluoktasarri\/\" \/>\n<meta property=\"article:modified_time\" content=\"2016-12-18T08:30:42+00:00\" \/>\n<meta property=\"og:image\" content=\"http:\/\/nikkaluokta.com\/wp-content\/uploads\/2016\/04\/MG_0746-642x335.jpg\" \/>\n<meta name=\"twitter:card\" content=\"summary_large_image\" \/>\n<meta name=\"twitter:label1\" content=\"Gesch\u00e4tzte Lesezeit\" \/>\n\t<meta name=\"twitter:data1\" content=\"1\u00a0Minute\" \/>\n<script type=\"application\/ld+json\" class=\"yoast-schema-graph\">{\"@context\":\"https:\\\/\\\/schema.org\",\"@graph\":[{\"@type\":\"WebPage\",\"@id\":\"https:\\\/\\\/nikkaluokta.com\\\/de\\\/shop-galerie\",\"url\":\"https:\\\/\\\/nikkaluokta.com\\\/de\\\/shop-galerie\",\"name\":\"Shop & Galerie - Nikkaluokta Sarri AB\",\"isPartOf\":{\"@id\":\"https:\\\/\\\/nikkaluokta.com\\\/de\\\/#website\"},\"primaryImageOfPage\":{\"@id\":\"https:\\\/\\\/nikkaluokta.com\\\/de\\\/shop-galerie#primaryimage\"},\"image\":{\"@id\":\"https:\\\/\\\/nikkaluokta.com\\\/de\\\/shop-galerie#primaryimage\"},\"thumbnailUrl\":\"http:\\\/\\\/nikkaluokta.com\\\/wp-content\\\/uploads\\\/2016\\\/04\\\/MG_0746-642x335.jpg\",\"datePublished\":\"2014-03-13T15:44:01+00:00\",\"dateModified\":\"2016-12-18T08:30:42+00:00\",\"breadcrumb\":{\"@id\":\"https:\\\/\\\/nikkaluokta.com\\\/de\\\/shop-galerie#breadcrumb\"},\"inLanguage\":\"de\",\"potentialAction\":[{\"@type\":\"ReadAction\",\"target\":[\"https:\\\/\\\/nikkaluokta.com\\\/de\\\/shop-galerie\"]}]},{\"@type\":\"ImageObject\",\"inLanguage\":\"de\",\"@id\":\"https:\\\/\\\/nikkaluokta.com\\\/de\\\/shop-galerie#primaryimage\",\"url\":\"http:\\\/\\\/nikkaluokta.com\\\/wp-content\\\/uploads\\\/2016\\\/04\\\/MG_0746-642x335.jpg\",\"contentUrl\":\"http:\\\/\\\/nikkaluokta.com\\\/wp-content\\\/uploads\\\/2016\\\/04\\\/MG_0746-642x335.jpg\"},{\"@type\":\"BreadcrumbList\",\"@id\":\"https:\\\/\\\/nikkaluokta.com\\\/de\\\/shop-galerie#breadcrumb\",\"itemListElement\":[{\"@type\":\"ListItem\",\"position\":1,\"name\":\"Home\",\"item\":\"https:\\\/\\\/nikkaluokta.com\\\/de\"},{\"@type\":\"ListItem\",\"position\":2,\"name\":\"Shop &#038; Galerie\"}]},{\"@type\":\"WebSite\",\"@id\":\"https:\\\/\\\/nikkaluokta.com\\\/de\\\/#website\",\"url\":\"https:\\\/\\\/nikkaluokta.com\\\/de\\\/\",\"name\":\"Nikkaluokta Sarri AB\",\"description\":\"Mitt i en storslagen natur\",\"publisher\":{\"@id\":\"https:\\\/\\\/nikkaluokta.com\\\/de\\\/#organization\"},\"potentialAction\":[{\"@type\":\"SearchAction\",\"target\":{\"@type\":\"EntryPoint\",\"urlTemplate\":\"https:\\\/\\\/nikkaluokta.com\\\/de\\\/?s={search_term_string}\"},\"query-input\":{\"@type\":\"PropertyValueSpecification\",\"valueRequired\":true,\"valueName\":\"search_term_string\"}}],\"inLanguage\":\"de\"},{\"@type\":\"Organization\",\"@id\":\"https:\\\/\\\/nikkaluokta.com\\\/de\\\/#organization\",\"name\":\"Nikkaluokta Sarri AB\",\"url\":\"https:\\\/\\\/nikkaluokta.com\\\/de\\\/\",\"logo\":{\"@type\":\"ImageObject\",\"inLanguage\":\"de\",\"@id\":\"https:\\\/\\\/nikkaluokta.com\\\/de\\\/#\\\/schema\\\/logo\\\/image\\\/\",\"url\":\"https:\\\/\\\/media.nikkaluokta.com\\\/2019\\\/01\\\/Nikkaluokta-transp-logo.png\",\"contentUrl\":\"https:\\\/\\\/media.nikkaluokta.com\\\/2019\\\/01\\\/Nikkaluokta-transp-logo.png\",\"width\":800,\"height\":149,\"caption\":\"Nikkaluokta Sarri AB\"},\"image\":{\"@id\":\"https:\\\/\\\/nikkaluokta.com\\\/de\\\/#\\\/schema\\\/logo\\\/image\\\/\"},\"sameAs\":[\"https:\\\/\\\/www.facebook.com\\\/Nikkaluoktasarri\\\/\",\"https:\\\/\\\/www.instagram.com\\\/nikkaluoktasarri\\\/\"]}]}<\/script>\n<!-- \/ Yoast SEO plugin. -->","yoast_head_json":{"title":"Shop & Galerie - Nikkaluokta Sarri AB","robots":{"index":"index","follow":"follow","max-snippet":"max-snippet:-1","max-image-preview":"max-image-preview:large","max-video-preview":"max-video-preview:-1"},"canonical":"https:\/\/nikkaluokta.com\/de\/shop-galerie","og_locale":"de_DE","og_type":"article","og_title":"Shop & Galerie - Nikkaluokta Sarri AB","og_description":"Shop und\u00a0Kunstgalerie Sk\u00e1idi In unserem Shop erhalten Sie viele praktische Produkte, die Sie f\u00fcr\u00a0ihre Wanderungen nutzen oder einfach als Erinnerung mit nach Hause nehmen k\u00f6nnen. Wir bieten Ihnen Original Samische Handwerkskunst aus Holz, Rentierhorn, Leder und Textilien an. Was in fr\u00fcheren Zeiten\u00a0als Werkzeug genutzt wurde, sind jetzt exklusive Produkte und Sammlerst\u00fccke. Falls Sie unterwegs sind","og_url":"https:\/\/nikkaluokta.com\/de\/shop-galerie","og_site_name":"Nikkaluokta Sarri AB","article_publisher":"https:\/\/www.facebook.com\/Nikkaluoktasarri\/","article_modified_time":"2016-12-18T08:30:42+00:00","og_image":[{"url":"http:\/\/nikkaluokta.com\/wp-content\/uploads\/2016\/04\/MG_0746-642x335.jpg","type":"","width":"","height":""}],"twitter_card":"summary_large_image","twitter_misc":{"Gesch\u00e4tzte Lesezeit":"1\u00a0Minute"},"schema":{"@context":"https:\/\/schema.org","@graph":[{"@type":"WebPage","@id":"https:\/\/nikkaluokta.com\/de\/shop-galerie","url":"https:\/\/nikkaluokta.com\/de\/shop-galerie","name":"Shop & Galerie - Nikkaluokta Sarri AB","isPartOf":{"@id":"https:\/\/nikkaluokta.com\/de\/#website"},"primaryImageOfPage":{"@id":"https:\/\/nikkaluokta.com\/de\/shop-galerie#primaryimage"},"image":{"@id":"https:\/\/nikkaluokta.com\/de\/shop-galerie#primaryimage"},"thumbnailUrl":"http:\/\/nikkaluokta.com\/wp-content\/uploads\/2016\/04\/MG_0746-642x335.jpg","datePublished":"2014-03-13T15:44:01+00:00","dateModified":"2016-12-18T08:30:42+00:00","breadcrumb":{"@id":"https:\/\/nikkaluokta.com\/de\/shop-galerie#breadcrumb"},"inLanguage":"de","potentialAction":[{"@type":"ReadAction","target":["https:\/\/nikkaluokta.com\/de\/shop-galerie"]}]},{"@type":"ImageObject","inLanguage":"de","@id":"https:\/\/nikkaluokta.com\/de\/shop-galerie#primaryimage","url":"http:\/\/nikkaluokta.com\/wp-content\/uploads\/2016\/04\/MG_0746-642x335.jpg","contentUrl":"http:\/\/nikkaluokta.com\/wp-content\/uploads\/2016\/04\/MG_0746-642x335.jpg"},{"@type":"BreadcrumbList","@id":"https:\/\/nikkaluokta.com\/de\/shop-galerie#breadcrumb","itemListElement":[{"@type":"ListItem","position":1,"name":"Home","item":"https:\/\/nikkaluokta.com\/de"},{"@type":"ListItem","position":2,"name":"Shop &#038; Galerie"}]},{"@type":"WebSite","@id":"https:\/\/nikkaluokta.com\/de\/#website","url":"https:\/\/nikkaluokta.com\/de\/","name":"Nikkaluokta Sarri AB","description":"Mitt i en storslagen natur","publisher":{"@id":"https:\/\/nikkaluokta.com\/de\/#organization"},"potentialAction":[{"@type":"SearchAction","target":{"@type":"EntryPoint","urlTemplate":"https:\/\/nikkaluokta.com\/de\/?s={search_term_string}"},"query-input":{"@type":"PropertyValueSpecification","valueRequired":true,"valueName":"search_term_string"}}],"inLanguage":"de"},{"@type":"Organization","@id":"https:\/\/nikkaluokta.com\/de\/#organization","name":"Nikkaluokta Sarri AB","url":"https:\/\/nikkaluokta.com\/de\/","logo":{"@type":"ImageObject","inLanguage":"de","@id":"https:\/\/nikkaluokta.com\/de\/#\/schema\/logo\/image\/","url":"https:\/\/media.nikkaluokta.com\/2019\/01\/Nikkaluokta-transp-logo.png","contentUrl":"https:\/\/media.nikkaluokta.com\/2019\/01\/Nikkaluokta-transp-logo.png","width":800,"height":149,"caption":"Nikkaluokta Sarri AB"},"image":{"@id":"https:\/\/nikkaluokta.com\/de\/#\/schema\/logo\/image\/"},"sameAs":["https:\/\/www.facebook.com\/Nikkaluoktasarri\/","https:\/\/www.instagram.com\/nikkaluoktasarri\/"]}]}},"_links":{"self":[{"href":"https:\/\/nikkaluokta.com\/de\/wp-json\/wp\/v2\/pages\/274","targetHints":{"allow":["GET"]}}],"collection":[{"href":"https:\/\/nikkaluokta.com\/de\/wp-json\/wp\/v2\/pages"}],"about":[{"href":"https:\/\/nikkaluokta.com\/de\/wp-json\/wp\/v2\/types\/page"}],"author":[{"embeddable":true,"href":"https:\/\/nikkaluokta.com\/de\/wp-json\/wp\/v2\/users\/1"}],"replies":[{"embeddable":true,"href":"https:\/\/nikkaluokta.com\/de\/wp-json\/wp\/v2\/comments?post=274"}],"version-history":[{"count":4,"href":"https:\/\/nikkaluokta.com\/de\/wp-json\/wp\/v2\/pages\/274\/revisions"}],"predecessor-version":[{"id":1285,"href":"https:\/\/nikkaluokta.com\/de\/wp-json\/wp\/v2\/pages\/274\/revisions\/1285"}],"wp:attachment":[{"href":"https:\/\/nikkaluokta.com\/de\/wp-json\/wp\/v2\/media?parent=274"}],"curies":[{"name":"wp","href":"https:\/\/api.w.org\/{rel}","templated":true}]}}