{"id":279,"date":"2014-03-13T15:53:17","date_gmt":"2014-03-13T14:53:17","guid":{"rendered":"http:\/\/nikkaluokta.com.loopiadns.com\/de\/transportation"},"modified":"2016-12-18T09:03:09","modified_gmt":"2016-12-18T08:03:09","slug":"transport","status":"publish","type":"page","link":"https:\/\/nikkaluokta.com\/de\/transport","title":{"rendered":"Transport in den Bergen"},"content":{"rendered":"<p><img loading=\"lazy\" decoding=\"async\" class=\"aligncenter size-st_medium wp-image-1128\" src=\"http:\/\/nikkaluokta.com\/wp-content\/uploads\/2016\/02\/transport-skoter-kebnekaise5-642x335.jpg\" alt=\"transport-skoter-kebnekaise5\" width=\"642\" height=\"335\" \/><\/p>\n<p>Nikkaluokta Alltransport bietet Ihnen Transporte und Transferfahrten im Sommer wie im Winter.<\/p>\n<p>Wir bringen Sie an Ihren Bestimmungsort in den Bergen \u2013 sicher, komfortabel und mit der lokalen Bergerfahrung mehrerer Generationen.<\/p>\n<p>Im Sommer betreiben wir einen Boottransport im Vistas-Tal, mit dem Sie einen Teil der Wanderstrecke in die Berge verk\u00fcrzen k\u00f6nnen.<\/p>\n<p>Im Winter fahren wir Sie mit Schneemobilen zur Kebnekaise Bergstation oder zu den Bergh\u00fctten der Region.<\/p>\n<p>Wir transportieren zus\u00e4tzlich Proviant, Holz und andere G\u00fcter zur Bergstation und den Bergh\u00fctten.<\/p>\n<p>Nikkaluokta Alltransport wird vom Eigent\u00fcmer Erik Sarri betrieben \u2013 geboren und aufgewachsen in Nikkaluokta. Die Fahrer unserer Schneemobile kommen fast ausschliesslich aus der Gegend und sind allesamt sehr erfahren. Wir freuen uns auf Ihre Buchung oder sonstige Anfragen.<\/p>\n<p>Wir sehen uns in Nikkaluokta!<\/p>\n<p>Mit besten Gr\u00fc\u00dfen aus den Bergen,<\/p>\n<p>Erik Sarri<\/p>\n","protected":false},"excerpt":{"rendered":"<p>Nikkaluokta Alltransport bietet Ihnen Transporte und Transferfahrten im Sommer wie im Winter. Wir bringen Sie an Ihren Bestimmungsort in den Bergen \u2013 sicher, komfortabel und mit der lokalen Bergerfahrung mehrerer Generationen. Im Sommer betreiben wir einen Boottransport im Vistas-Tal, mit dem Sie einen Teil der Wanderstrecke in die Berge verk\u00fcrzen k\u00f6nnen. Im Winter fahren wir<\/p>\n<a href=\"https:\/\/nikkaluokta.com\/de\/transport\" class=\"sohohotel-more-link\">Read More<i class=\"fa fa-angle-right\"><\/i><\/a>","protected":false},"author":1,"featured_media":0,"parent":0,"menu_order":0,"comment_status":"closed","ping_status":"closed","template":"","meta":{"footnotes":""},"class_list":["post-279","page","type-page","status-publish","hentry"],"yoast_head":"<!-- This site is optimized with the Yoast SEO plugin v27.5 - https:\/\/yoast.com\/product\/yoast-seo-wordpress\/ -->\n<title>Transport in den Bergen - Nikkaluokta Sarri AB<\/title>\n<meta name=\"robots\" content=\"index, follow, max-snippet:-1, max-image-preview:large, max-video-preview:-1\" \/>\n<link rel=\"canonical\" href=\"https:\/\/nikkaluokta.com\/de\/transport\" \/>\n<meta property=\"og:locale\" content=\"de_DE\" \/>\n<meta property=\"og:type\" content=\"article\" \/>\n<meta property=\"og:title\" content=\"Transport in den Bergen - Nikkaluokta Sarri AB\" \/>\n<meta property=\"og:description\" content=\"Nikkaluokta Alltransport bietet Ihnen Transporte und Transferfahrten im Sommer wie im Winter. Wir bringen Sie an Ihren Bestimmungsort in den Bergen \u2013 sicher, komfortabel und mit der lokalen Bergerfahrung mehrerer Generationen. Im Sommer betreiben wir einen Boottransport im Vistas-Tal, mit dem Sie einen Teil der Wanderstrecke in die Berge verk\u00fcrzen k\u00f6nnen. Im Winter fahren wir\" \/>\n<meta property=\"og:url\" content=\"https:\/\/nikkaluokta.com\/de\/transport\" \/>\n<meta property=\"og:site_name\" content=\"Nikkaluokta Sarri AB\" \/>\n<meta property=\"article:publisher\" content=\"https:\/\/www.facebook.com\/Nikkaluoktasarri\/\" \/>\n<meta property=\"article:modified_time\" content=\"2016-12-18T08:03:09+00:00\" \/>\n<meta property=\"og:image\" content=\"http:\/\/nikkaluokta.com\/wp-content\/uploads\/2016\/02\/transport-skoter-kebnekaise5-642x335.jpg\" \/>\n<meta name=\"twitter:card\" content=\"summary_large_image\" \/>\n<meta name=\"twitter:label1\" content=\"Gesch\u00e4tzte Lesezeit\" \/>\n\t<meta name=\"twitter:data1\" content=\"1\u00a0Minute\" \/>\n<script type=\"application\/ld+json\" class=\"yoast-schema-graph\">{\"@context\":\"https:\\\/\\\/schema.org\",\"@graph\":[{\"@type\":\"WebPage\",\"@id\":\"https:\\\/\\\/nikkaluokta.com\\\/de\\\/transport\",\"url\":\"https:\\\/\\\/nikkaluokta.com\\\/de\\\/transport\",\"name\":\"Transport in den Bergen - Nikkaluokta Sarri AB\",\"isPartOf\":{\"@id\":\"https:\\\/\\\/nikkaluokta.com\\\/de\\\/#website\"},\"primaryImageOfPage\":{\"@id\":\"https:\\\/\\\/nikkaluokta.com\\\/de\\\/transport#primaryimage\"},\"image\":{\"@id\":\"https:\\\/\\\/nikkaluokta.com\\\/de\\\/transport#primaryimage\"},\"thumbnailUrl\":\"http:\\\/\\\/nikkaluokta.com\\\/wp-content\\\/uploads\\\/2016\\\/02\\\/transport-skoter-kebnekaise5-642x335.jpg\",\"datePublished\":\"2014-03-13T14:53:17+00:00\",\"dateModified\":\"2016-12-18T08:03:09+00:00\",\"breadcrumb\":{\"@id\":\"https:\\\/\\\/nikkaluokta.com\\\/de\\\/transport#breadcrumb\"},\"inLanguage\":\"de\",\"potentialAction\":[{\"@type\":\"ReadAction\",\"target\":[\"https:\\\/\\\/nikkaluokta.com\\\/de\\\/transport\"]}]},{\"@type\":\"ImageObject\",\"inLanguage\":\"de\",\"@id\":\"https:\\\/\\\/nikkaluokta.com\\\/de\\\/transport#primaryimage\",\"url\":\"http:\\\/\\\/nikkaluokta.com\\\/wp-content\\\/uploads\\\/2016\\\/02\\\/transport-skoter-kebnekaise5-642x335.jpg\",\"contentUrl\":\"http:\\\/\\\/nikkaluokta.com\\\/wp-content\\\/uploads\\\/2016\\\/02\\\/transport-skoter-kebnekaise5-642x335.jpg\"},{\"@type\":\"BreadcrumbList\",\"@id\":\"https:\\\/\\\/nikkaluokta.com\\\/de\\\/transport#breadcrumb\",\"itemListElement\":[{\"@type\":\"ListItem\",\"position\":1,\"name\":\"Home\",\"item\":\"https:\\\/\\\/nikkaluokta.com\\\/de\"},{\"@type\":\"ListItem\",\"position\":2,\"name\":\"Transport in den Bergen\"}]},{\"@type\":\"WebSite\",\"@id\":\"https:\\\/\\\/nikkaluokta.com\\\/de\\\/#website\",\"url\":\"https:\\\/\\\/nikkaluokta.com\\\/de\\\/\",\"name\":\"Nikkaluokta Sarri AB\",\"description\":\"Mitt i en storslagen natur\",\"publisher\":{\"@id\":\"https:\\\/\\\/nikkaluokta.com\\\/de\\\/#organization\"},\"potentialAction\":[{\"@type\":\"SearchAction\",\"target\":{\"@type\":\"EntryPoint\",\"urlTemplate\":\"https:\\\/\\\/nikkaluokta.com\\\/de\\\/?s={search_term_string}\"},\"query-input\":{\"@type\":\"PropertyValueSpecification\",\"valueRequired\":true,\"valueName\":\"search_term_string\"}}],\"inLanguage\":\"de\"},{\"@type\":\"Organization\",\"@id\":\"https:\\\/\\\/nikkaluokta.com\\\/de\\\/#organization\",\"name\":\"Nikkaluokta Sarri AB\",\"url\":\"https:\\\/\\\/nikkaluokta.com\\\/de\\\/\",\"logo\":{\"@type\":\"ImageObject\",\"inLanguage\":\"de\",\"@id\":\"https:\\\/\\\/nikkaluokta.com\\\/de\\\/#\\\/schema\\\/logo\\\/image\\\/\",\"url\":\"https:\\\/\\\/media.nikkaluokta.com\\\/2019\\\/01\\\/Nikkaluokta-transp-logo.png\",\"contentUrl\":\"https:\\\/\\\/media.nikkaluokta.com\\\/2019\\\/01\\\/Nikkaluokta-transp-logo.png\",\"width\":800,\"height\":149,\"caption\":\"Nikkaluokta Sarri AB\"},\"image\":{\"@id\":\"https:\\\/\\\/nikkaluokta.com\\\/de\\\/#\\\/schema\\\/logo\\\/image\\\/\"},\"sameAs\":[\"https:\\\/\\\/www.facebook.com\\\/Nikkaluoktasarri\\\/\",\"https:\\\/\\\/www.instagram.com\\\/nikkaluoktasarri\\\/\"]}]}<\/script>\n<!-- \/ Yoast SEO plugin. -->","yoast_head_json":{"title":"Transport in den Bergen - Nikkaluokta Sarri AB","robots":{"index":"index","follow":"follow","max-snippet":"max-snippet:-1","max-image-preview":"max-image-preview:large","max-video-preview":"max-video-preview:-1"},"canonical":"https:\/\/nikkaluokta.com\/de\/transport","og_locale":"de_DE","og_type":"article","og_title":"Transport in den Bergen - Nikkaluokta Sarri AB","og_description":"Nikkaluokta Alltransport bietet Ihnen Transporte und Transferfahrten im Sommer wie im Winter. Wir bringen Sie an Ihren Bestimmungsort in den Bergen \u2013 sicher, komfortabel und mit der lokalen Bergerfahrung mehrerer Generationen. Im Sommer betreiben wir einen Boottransport im Vistas-Tal, mit dem Sie einen Teil der Wanderstrecke in die Berge verk\u00fcrzen k\u00f6nnen. Im Winter fahren wir","og_url":"https:\/\/nikkaluokta.com\/de\/transport","og_site_name":"Nikkaluokta Sarri AB","article_publisher":"https:\/\/www.facebook.com\/Nikkaluoktasarri\/","article_modified_time":"2016-12-18T08:03:09+00:00","og_image":[{"url":"http:\/\/nikkaluokta.com\/wp-content\/uploads\/2016\/02\/transport-skoter-kebnekaise5-642x335.jpg","type":"","width":"","height":""}],"twitter_card":"summary_large_image","twitter_misc":{"Gesch\u00e4tzte Lesezeit":"1\u00a0Minute"},"schema":{"@context":"https:\/\/schema.org","@graph":[{"@type":"WebPage","@id":"https:\/\/nikkaluokta.com\/de\/transport","url":"https:\/\/nikkaluokta.com\/de\/transport","name":"Transport in den Bergen - Nikkaluokta Sarri AB","isPartOf":{"@id":"https:\/\/nikkaluokta.com\/de\/#website"},"primaryImageOfPage":{"@id":"https:\/\/nikkaluokta.com\/de\/transport#primaryimage"},"image":{"@id":"https:\/\/nikkaluokta.com\/de\/transport#primaryimage"},"thumbnailUrl":"http:\/\/nikkaluokta.com\/wp-content\/uploads\/2016\/02\/transport-skoter-kebnekaise5-642x335.jpg","datePublished":"2014-03-13T14:53:17+00:00","dateModified":"2016-12-18T08:03:09+00:00","breadcrumb":{"@id":"https:\/\/nikkaluokta.com\/de\/transport#breadcrumb"},"inLanguage":"de","potentialAction":[{"@type":"ReadAction","target":["https:\/\/nikkaluokta.com\/de\/transport"]}]},{"@type":"ImageObject","inLanguage":"de","@id":"https:\/\/nikkaluokta.com\/de\/transport#primaryimage","url":"http:\/\/nikkaluokta.com\/wp-content\/uploads\/2016\/02\/transport-skoter-kebnekaise5-642x335.jpg","contentUrl":"http:\/\/nikkaluokta.com\/wp-content\/uploads\/2016\/02\/transport-skoter-kebnekaise5-642x335.jpg"},{"@type":"BreadcrumbList","@id":"https:\/\/nikkaluokta.com\/de\/transport#breadcrumb","itemListElement":[{"@type":"ListItem","position":1,"name":"Home","item":"https:\/\/nikkaluokta.com\/de"},{"@type":"ListItem","position":2,"name":"Transport in den Bergen"}]},{"@type":"WebSite","@id":"https:\/\/nikkaluokta.com\/de\/#website","url":"https:\/\/nikkaluokta.com\/de\/","name":"Nikkaluokta Sarri AB","description":"Mitt i en storslagen natur","publisher":{"@id":"https:\/\/nikkaluokta.com\/de\/#organization"},"potentialAction":[{"@type":"SearchAction","target":{"@type":"EntryPoint","urlTemplate":"https:\/\/nikkaluokta.com\/de\/?s={search_term_string}"},"query-input":{"@type":"PropertyValueSpecification","valueRequired":true,"valueName":"search_term_string"}}],"inLanguage":"de"},{"@type":"Organization","@id":"https:\/\/nikkaluokta.com\/de\/#organization","name":"Nikkaluokta Sarri AB","url":"https:\/\/nikkaluokta.com\/de\/","logo":{"@type":"ImageObject","inLanguage":"de","@id":"https:\/\/nikkaluokta.com\/de\/#\/schema\/logo\/image\/","url":"https:\/\/media.nikkaluokta.com\/2019\/01\/Nikkaluokta-transp-logo.png","contentUrl":"https:\/\/media.nikkaluokta.com\/2019\/01\/Nikkaluokta-transp-logo.png","width":800,"height":149,"caption":"Nikkaluokta Sarri AB"},"image":{"@id":"https:\/\/nikkaluokta.com\/de\/#\/schema\/logo\/image\/"},"sameAs":["https:\/\/www.facebook.com\/Nikkaluoktasarri\/","https:\/\/www.instagram.com\/nikkaluoktasarri\/"]}]}},"_links":{"self":[{"href":"https:\/\/nikkaluokta.com\/de\/wp-json\/wp\/v2\/pages\/279","targetHints":{"allow":["GET"]}}],"collection":[{"href":"https:\/\/nikkaluokta.com\/de\/wp-json\/wp\/v2\/pages"}],"about":[{"href":"https:\/\/nikkaluokta.com\/de\/wp-json\/wp\/v2\/types\/page"}],"author":[{"embeddable":true,"href":"https:\/\/nikkaluokta.com\/de\/wp-json\/wp\/v2\/users\/1"}],"replies":[{"embeddable":true,"href":"https:\/\/nikkaluokta.com\/de\/wp-json\/wp\/v2\/comments?post=279"}],"version-history":[{"count":4,"href":"https:\/\/nikkaluokta.com\/de\/wp-json\/wp\/v2\/pages\/279\/revisions"}],"predecessor-version":[{"id":1404,"href":"https:\/\/nikkaluokta.com\/de\/wp-json\/wp\/v2\/pages\/279\/revisions\/1404"}],"wp:attachment":[{"href":"https:\/\/nikkaluokta.com\/de\/wp-json\/wp\/v2\/media?parent=279"}],"curies":[{"name":"wp","href":"https:\/\/api.w.org\/{rel}","templated":true}]}}