{"id":281,"date":"2014-03-13T15:52:46","date_gmt":"2014-03-13T14:52:46","guid":{"rendered":"http:\/\/nikkaluokta.com.loopiadns.com\/de\/about-us"},"modified":"2016-12-18T09:16:34","modified_gmt":"2016-12-18T08:16:34","slug":"ueber-uns","status":"publish","type":"page","link":"https:\/\/nikkaluokta.com\/de\/ueber-uns","title":{"rendered":"\u00dcber uns"},"content":{"rendered":"<p><strong>Wir in Nikkaluokta<\/strong><\/p>\n<p>Sie finden uns inmitten einer gro\u00dfartigen Naturlandschaft, und alles was wir Ihnen anbieten harmoniert mit den umliegenden Bergen und T\u00e4lern<br \/>\nWir lieben es hier, und wir wollen dass es Ihnen genauso geht!<br \/>\nDie beschreibt in wenigen Worten sowohl unsere Gastfreundschaft als auch die Bewirtung in Nikkaluokta.<\/p>\n<p>Wir w\u00fcnschein, dass Ihr Aufenthalt bei uns zu einem sch\u00f6nen und unvergesslichen Erlebnis wird und stehen Ihnen dazu jederzeit helfend zur Verf\u00fcgung. Daf\u00fcr ist Nikkluokta bekannt!<\/p>\n<p>Das folgende Video gibt einen Einblick in das moderne Leben der Samen, mit Katarina Poggats Sarri und anderen Mitgliedern der Familie:<\/p>\n<p><iframe loading=\"lazy\" src=\"\/\/player.vimeo.com\/video\/13031959\" width=\"650\" height=\"393\" frameborder=\"0\" allowfullscreen=\"allowfullscreen\"><\/iframe><\/p>\n<p><a href=\"http:\/\/vimeo.com\/13031959\">BoazoNieida<\/a> from <a href=\"http:\/\/vimeo.com\/user4173207\">Carl-Johan Utsi<\/a> on <a href=\"https:\/\/vimeo.com\">Vimeo<\/a>.<\/p>\n","protected":false},"excerpt":{"rendered":"<p>Wir in Nikkaluokta Sie finden uns inmitten einer gro\u00dfartigen Naturlandschaft, und alles was wir Ihnen anbieten harmoniert mit den umliegenden Bergen und T\u00e4lern Wir lieben es hier, und wir wollen dass es Ihnen genauso geht! Die beschreibt in wenigen Worten sowohl unsere Gastfreundschaft als auch die Bewirtung in Nikkaluokta. Wir w\u00fcnschein, dass Ihr Aufenthalt bei<\/p>\n<a href=\"https:\/\/nikkaluokta.com\/de\/ueber-uns\" class=\"sohohotel-more-link\">Read More<i class=\"fa fa-angle-right\"><\/i><\/a>","protected":false},"author":1,"featured_media":0,"parent":0,"menu_order":0,"comment_status":"closed","ping_status":"open","template":"","meta":{"footnotes":""},"class_list":["post-281","page","type-page","status-publish","hentry"],"yoast_head":"<!-- This site is optimized with the Yoast SEO plugin v27.4 - https:\/\/yoast.com\/product\/yoast-seo-wordpress\/ -->\n<title>\u00dcber uns - Nikkaluokta Sarri AB<\/title>\n<meta name=\"robots\" content=\"index, follow, max-snippet:-1, max-image-preview:large, max-video-preview:-1\" \/>\n<link rel=\"canonical\" href=\"https:\/\/nikkaluokta.com\/de\/ueber-uns\" \/>\n<meta property=\"og:locale\" content=\"de_DE\" \/>\n<meta property=\"og:type\" content=\"article\" \/>\n<meta property=\"og:title\" content=\"\u00dcber uns - Nikkaluokta Sarri AB\" \/>\n<meta property=\"og:description\" content=\"Wir in Nikkaluokta Sie finden uns inmitten einer gro\u00dfartigen Naturlandschaft, und alles was wir Ihnen anbieten harmoniert mit den umliegenden Bergen und T\u00e4lern Wir lieben es hier, und wir wollen dass es Ihnen genauso geht! Die beschreibt in wenigen Worten sowohl unsere Gastfreundschaft als auch die Bewirtung in Nikkaluokta. Wir w\u00fcnschein, dass Ihr Aufenthalt bei\" \/>\n<meta property=\"og:url\" content=\"https:\/\/nikkaluokta.com\/de\/ueber-uns\" \/>\n<meta property=\"og:site_name\" content=\"Nikkaluokta Sarri AB\" \/>\n<meta property=\"article:publisher\" content=\"https:\/\/www.facebook.com\/Nikkaluoktasarri\/\" \/>\n<meta property=\"article:modified_time\" content=\"2016-12-18T08:16:34+00:00\" \/>\n<meta property=\"og:image\" content=\"https:\/\/media.nikkaluokta.com\/2016\/02\/MG_5672.jpg\" \/>\n\t<meta property=\"og:image:width\" content=\"1000\" \/>\n\t<meta property=\"og:image:height\" content=\"562\" \/>\n\t<meta property=\"og:image:type\" content=\"image\/jpeg\" \/>\n<meta name=\"twitter:card\" content=\"summary_large_image\" \/>\n<meta name=\"twitter:label1\" content=\"Gesch\u00e4tzte Lesezeit\" \/>\n\t<meta name=\"twitter:data1\" content=\"1\u00a0Minute\" \/>\n<script type=\"application\/ld+json\" class=\"yoast-schema-graph\">{\"@context\":\"https:\\\/\\\/schema.org\",\"@graph\":[{\"@type\":\"WebPage\",\"@id\":\"https:\\\/\\\/nikkaluokta.com\\\/de\\\/ueber-uns\",\"url\":\"https:\\\/\\\/nikkaluokta.com\\\/de\\\/ueber-uns\",\"name\":\"\u00dcber uns - Nikkaluokta Sarri AB\",\"isPartOf\":{\"@id\":\"https:\\\/\\\/nikkaluokta.com\\\/de\\\/#website\"},\"datePublished\":\"2014-03-13T14:52:46+00:00\",\"dateModified\":\"2016-12-18T08:16:34+00:00\",\"breadcrumb\":{\"@id\":\"https:\\\/\\\/nikkaluokta.com\\\/de\\\/ueber-uns#breadcrumb\"},\"inLanguage\":\"de\",\"potentialAction\":[{\"@type\":\"ReadAction\",\"target\":[\"https:\\\/\\\/nikkaluokta.com\\\/de\\\/ueber-uns\"]}]},{\"@type\":\"BreadcrumbList\",\"@id\":\"https:\\\/\\\/nikkaluokta.com\\\/de\\\/ueber-uns#breadcrumb\",\"itemListElement\":[{\"@type\":\"ListItem\",\"position\":1,\"name\":\"Home\",\"item\":\"https:\\\/\\\/nikkaluokta.com\\\/de\"},{\"@type\":\"ListItem\",\"position\":2,\"name\":\"\u00dcber uns\"}]},{\"@type\":\"WebSite\",\"@id\":\"https:\\\/\\\/nikkaluokta.com\\\/de\\\/#website\",\"url\":\"https:\\\/\\\/nikkaluokta.com\\\/de\\\/\",\"name\":\"Nikkaluokta Sarri AB\",\"description\":\"Mitt i en storslagen natur\",\"publisher\":{\"@id\":\"https:\\\/\\\/nikkaluokta.com\\\/de\\\/#organization\"},\"potentialAction\":[{\"@type\":\"SearchAction\",\"target\":{\"@type\":\"EntryPoint\",\"urlTemplate\":\"https:\\\/\\\/nikkaluokta.com\\\/de\\\/?s={search_term_string}\"},\"query-input\":{\"@type\":\"PropertyValueSpecification\",\"valueRequired\":true,\"valueName\":\"search_term_string\"}}],\"inLanguage\":\"de\"},{\"@type\":\"Organization\",\"@id\":\"https:\\\/\\\/nikkaluokta.com\\\/de\\\/#organization\",\"name\":\"Nikkaluokta Sarri AB\",\"url\":\"https:\\\/\\\/nikkaluokta.com\\\/de\\\/\",\"logo\":{\"@type\":\"ImageObject\",\"inLanguage\":\"de\",\"@id\":\"https:\\\/\\\/nikkaluokta.com\\\/de\\\/#\\\/schema\\\/logo\\\/image\\\/\",\"url\":\"https:\\\/\\\/media.nikkaluokta.com\\\/2019\\\/01\\\/Nikkaluokta-transp-logo.png\",\"contentUrl\":\"https:\\\/\\\/media.nikkaluokta.com\\\/2019\\\/01\\\/Nikkaluokta-transp-logo.png\",\"width\":800,\"height\":149,\"caption\":\"Nikkaluokta Sarri AB\"},\"image\":{\"@id\":\"https:\\\/\\\/nikkaluokta.com\\\/de\\\/#\\\/schema\\\/logo\\\/image\\\/\"},\"sameAs\":[\"https:\\\/\\\/www.facebook.com\\\/Nikkaluoktasarri\\\/\",\"https:\\\/\\\/www.instagram.com\\\/nikkaluoktasarri\\\/\"]}]}<\/script>\n<!-- \/ Yoast SEO plugin. -->","yoast_head_json":{"title":"\u00dcber uns - Nikkaluokta Sarri AB","robots":{"index":"index","follow":"follow","max-snippet":"max-snippet:-1","max-image-preview":"max-image-preview:large","max-video-preview":"max-video-preview:-1"},"canonical":"https:\/\/nikkaluokta.com\/de\/ueber-uns","og_locale":"de_DE","og_type":"article","og_title":"\u00dcber uns - Nikkaluokta Sarri AB","og_description":"Wir in Nikkaluokta Sie finden uns inmitten einer gro\u00dfartigen Naturlandschaft, und alles was wir Ihnen anbieten harmoniert mit den umliegenden Bergen und T\u00e4lern Wir lieben es hier, und wir wollen dass es Ihnen genauso geht! Die beschreibt in wenigen Worten sowohl unsere Gastfreundschaft als auch die Bewirtung in Nikkaluokta. Wir w\u00fcnschein, dass Ihr Aufenthalt bei","og_url":"https:\/\/nikkaluokta.com\/de\/ueber-uns","og_site_name":"Nikkaluokta Sarri AB","article_publisher":"https:\/\/www.facebook.com\/Nikkaluoktasarri\/","article_modified_time":"2016-12-18T08:16:34+00:00","og_image":[{"width":1000,"height":562,"url":"https:\/\/media.nikkaluokta.com\/2016\/02\/MG_5672.jpg","type":"image\/jpeg"}],"twitter_card":"summary_large_image","twitter_misc":{"Gesch\u00e4tzte Lesezeit":"1\u00a0Minute"},"schema":{"@context":"https:\/\/schema.org","@graph":[{"@type":"WebPage","@id":"https:\/\/nikkaluokta.com\/de\/ueber-uns","url":"https:\/\/nikkaluokta.com\/de\/ueber-uns","name":"\u00dcber uns - Nikkaluokta Sarri AB","isPartOf":{"@id":"https:\/\/nikkaluokta.com\/de\/#website"},"datePublished":"2014-03-13T14:52:46+00:00","dateModified":"2016-12-18T08:16:34+00:00","breadcrumb":{"@id":"https:\/\/nikkaluokta.com\/de\/ueber-uns#breadcrumb"},"inLanguage":"de","potentialAction":[{"@type":"ReadAction","target":["https:\/\/nikkaluokta.com\/de\/ueber-uns"]}]},{"@type":"BreadcrumbList","@id":"https:\/\/nikkaluokta.com\/de\/ueber-uns#breadcrumb","itemListElement":[{"@type":"ListItem","position":1,"name":"Home","item":"https:\/\/nikkaluokta.com\/de"},{"@type":"ListItem","position":2,"name":"\u00dcber uns"}]},{"@type":"WebSite","@id":"https:\/\/nikkaluokta.com\/de\/#website","url":"https:\/\/nikkaluokta.com\/de\/","name":"Nikkaluokta Sarri AB","description":"Mitt i en storslagen natur","publisher":{"@id":"https:\/\/nikkaluokta.com\/de\/#organization"},"potentialAction":[{"@type":"SearchAction","target":{"@type":"EntryPoint","urlTemplate":"https:\/\/nikkaluokta.com\/de\/?s={search_term_string}"},"query-input":{"@type":"PropertyValueSpecification","valueRequired":true,"valueName":"search_term_string"}}],"inLanguage":"de"},{"@type":"Organization","@id":"https:\/\/nikkaluokta.com\/de\/#organization","name":"Nikkaluokta Sarri AB","url":"https:\/\/nikkaluokta.com\/de\/","logo":{"@type":"ImageObject","inLanguage":"de","@id":"https:\/\/nikkaluokta.com\/de\/#\/schema\/logo\/image\/","url":"https:\/\/media.nikkaluokta.com\/2019\/01\/Nikkaluokta-transp-logo.png","contentUrl":"https:\/\/media.nikkaluokta.com\/2019\/01\/Nikkaluokta-transp-logo.png","width":800,"height":149,"caption":"Nikkaluokta Sarri AB"},"image":{"@id":"https:\/\/nikkaluokta.com\/de\/#\/schema\/logo\/image\/"},"sameAs":["https:\/\/www.facebook.com\/Nikkaluoktasarri\/","https:\/\/www.instagram.com\/nikkaluoktasarri\/"]}]}},"_links":{"self":[{"href":"https:\/\/nikkaluokta.com\/de\/wp-json\/wp\/v2\/pages\/281","targetHints":{"allow":["GET"]}}],"collection":[{"href":"https:\/\/nikkaluokta.com\/de\/wp-json\/wp\/v2\/pages"}],"about":[{"href":"https:\/\/nikkaluokta.com\/de\/wp-json\/wp\/v2\/types\/page"}],"author":[{"embeddable":true,"href":"https:\/\/nikkaluokta.com\/de\/wp-json\/wp\/v2\/users\/1"}],"replies":[{"embeddable":true,"href":"https:\/\/nikkaluokta.com\/de\/wp-json\/wp\/v2\/comments?post=281"}],"version-history":[{"count":6,"href":"https:\/\/nikkaluokta.com\/de\/wp-json\/wp\/v2\/pages\/281\/revisions"}],"predecessor-version":[{"id":1521,"href":"https:\/\/nikkaluokta.com\/de\/wp-json\/wp\/v2\/pages\/281\/revisions\/1521"}],"wp:attachment":[{"href":"https:\/\/nikkaluokta.com\/de\/wp-json\/wp\/v2\/media?parent=281"}],"curies":[{"name":"wp","href":"https:\/\/api.w.org\/{rel}","templated":true}]}}