{"id":283,"date":"2014-03-13T15:50:34","date_gmt":"2014-03-13T14:50:34","guid":{"rendered":"http:\/\/nikkaluokta.com.loopiadns.com\/de\/winter-activities"},"modified":"2019-01-13T10:37:17","modified_gmt":"2019-01-13T09:37:17","slug":"aktivitaeten-winter","status":"publish","type":"page","link":"https:\/\/nikkaluokta.com\/de\/aktivitaeten\/aktivitaeten-winter","title":{"rendered":"Winter"},"content":{"rendered":"<p><strong><a href=\"http:\/\/nikkaluokta.com\/de\/aktivitaeten\/aktivitaeten-winter\/kebnekaise\"><img loading=\"lazy\" decoding=\"async\" class=\"alignleft size-medium wp-image-1102\" src=\"http:\/\/nikkaluokta.com\/wp-content\/uploads\/2016\/02\/kebne-ladtjo-300x169.jpg\" alt=\"kebne-ladtjo\" width=\"300\" height=\"169\" srcset=\"http:\/\/media.nikkaluokta.com\/2016\/02\/kebne-ladtjo-300x169.jpg 300w, http:\/\/media.nikkaluokta.com\/2016\/02\/kebne-ladtjo-768x432.jpg 768w, http:\/\/media.nikkaluokta.com\/2016\/02\/kebne-ladtjo.jpg 1000w\" sizes=\"auto, (max-width: 300px) 100vw, 300px\" \/><\/a>Kebnekaise<\/strong><\/p>\n<p>Der h\u00f6chste Berg Schwedens lockt auch im Winter Reisende an. Erfahren Sie mehr \u00fcber Aktivit\u00e4ten am Kebnekaise:<\/p>\n<p><a href=\"http:\/\/nikkaluokta.com\/de\/aktivitaeten\/aktivitaeten-winter\/kebnekaise\">Mehr<\/a><\/p>\n<p>&nbsp;<\/p>\n<hr \/>\n<p><strong><a href=\"http:\/\/nikkaluokta.com\/de\/aktivitaeten\/aktivitaeten-winter\/kungsleden\"><img loading=\"lazy\" decoding=\"async\" class=\"alignleft size-medium wp-image-1114\" src=\"http:\/\/nikkaluokta.com\/wp-content\/uploads\/2016\/02\/skidtur-kungsleden8-300x200.jpg\" alt=\"skidtur-kungsleden8\" width=\"300\" height=\"200\" srcset=\"http:\/\/media.nikkaluokta.com\/2016\/02\/skidtur-kungsleden8-300x200.jpg 300w, http:\/\/media.nikkaluokta.com\/2016\/02\/skidtur-kungsleden8-768x512.jpg 768w, http:\/\/media.nikkaluokta.com\/2016\/02\/skidtur-kungsleden8.jpg 1000w\" sizes=\"auto, (max-width: 300px) 100vw, 300px\" \/><\/a>Kungsleden<\/strong><\/p>\n<p>Eine Skitour auf dem Fernwanderweg zwischen Nikkaluokta und Abisko wird zum unvergesslichen Erlebnis. Planen Sie zur Sicherheit einen Tag extra ein, f\u00fcr den Fall, dass das Wetter einmal umschl\u00e4gt oder Sie eine Tagestour an einer der H\u00fctten unternehmen wollen.<\/p>\n<p><a href=\"http:\/\/nikkaluokta.com\/de\/aktivitaeten\/aktivitaeten-winter\/kungsleden\">Mehr<\/a><\/p>\n<p>&nbsp;<\/p>\n<hr \/>\n<p><strong><a href=\"http:\/\/nikkaluokta.com\/se-goera\/vinter\/skidtur\"><img loading=\"lazy\" decoding=\"async\" class=\"alignleft wp-image-1119 size-medium\" src=\"http:\/\/nikkaluokta.com\/wp-content\/uploads\/2016\/02\/skidtur2-nikkaluokta-300x163.jpg\" alt=\"skidtur2-nikkaluokta\" width=\"300\" height=\"163\" srcset=\"http:\/\/media.nikkaluokta.com\/2016\/02\/skidtur2-nikkaluokta-300x163.jpg 300w, http:\/\/media.nikkaluokta.com\/2016\/02\/skidtur2-nikkaluokta-768x418.jpg 768w, http:\/\/media.nikkaluokta.com\/2016\/02\/skidtur2-nikkaluokta.jpg 1000w\" sizes=\"auto, (max-width: 300px) 100vw, 300px\" \/><\/a>Tagestouren auf Ski und eine pr\u00e4parierte Loipe<br \/>\n<\/strong><\/p>\n<p>Wir haben ein paar k\u00fcrzere Tagestouren auf Ski rund um Nikkaluokta f\u00fcr Sie zusammengestellt. Au\u00dferdem unterhalten wir w\u00e4hrend der Saison eine Loipe f\u00fcr klassischen Langlauf und Skate:<\/p>\n<p><a href=\"http:\/\/nikkaluokta.com\/de\/aktivitaeten\/aktivitaeten-winter\/skitouren\">Mehr<\/a><\/p>\n<p>&nbsp;<\/p>\n<hr \/>\n<p><strong><a href=\"http:\/\/nikkaluokta.com\/de\/transport\/winter\"><img loading=\"lazy\" decoding=\"async\" class=\"wp-image-1126 size-medium alignleft\" src=\"http:\/\/nikkaluokta.com\/wp-content\/uploads\/2016\/02\/transport-skoter-kebnekaise-300x169.jpg\" alt=\"transport-skoter-kebnekaise\" width=\"300\" height=\"169\" srcset=\"http:\/\/media.nikkaluokta.com\/2016\/02\/transport-skoter-kebnekaise-300x169.jpg 300w, http:\/\/media.nikkaluokta.com\/2016\/02\/transport-skoter-kebnekaise-768x432.jpg 768w, http:\/\/media.nikkaluokta.com\/2016\/02\/transport-skoter-kebnekaise.jpg 1000w\" sizes=\"auto, (max-width: 300px) 100vw, 300px\" \/><\/a>Schneemobil<br \/>\n<\/strong><\/p>\n<p>Das Schneemobil ist eines der wichtigsten Transportmittel in den Bergen. Wir bieten Ihnen Transferfahrten an \u2013 zum Beispiel zur Kebnekaise Bergstation. Erfahren Sie mehr \u00fcber dieses Thema hier:<\/p>\n<p><a href=\"http:\/\/nikkaluokta.com\/de\/transport\/winter\">Mehr<\/a><\/p>\n<p>&nbsp;<\/p>\n","protected":false},"excerpt":{"rendered":"<p>Kebnekaise Der h\u00f6chste Berg Schwedens lockt auch im Winter Reisende an. Erfahren Sie mehr \u00fcber Aktivit\u00e4ten am Kebnekaise: Mehr &nbsp; Kungsleden Eine Skitour auf dem Fernwanderweg zwischen Nikkaluokta und Abisko wird zum unvergesslichen Erlebnis. Planen Sie zur Sicherheit einen Tag extra ein, f\u00fcr den Fall, dass das Wetter einmal umschl\u00e4gt oder Sie eine Tagestour an<\/p>\n<a href=\"https:\/\/nikkaluokta.com\/de\/aktivitaeten\/aktivitaeten-winter\" class=\"sohohotel-more-link\">Read More<i class=\"fa fa-angle-right\"><\/i><\/a>","protected":false},"author":1,"featured_media":0,"parent":288,"menu_order":2,"comment_status":"closed","ping_status":"closed","template":"","meta":{"footnotes":""},"class_list":["post-283","page","type-page","status-publish","hentry"],"yoast_head":"<!-- This site is optimized with the Yoast SEO plugin v27.4 - https:\/\/yoast.com\/product\/yoast-seo-wordpress\/ -->\n<title>Winter - Nikkaluokta Sarri AB<\/title>\n<meta name=\"robots\" content=\"index, follow, max-snippet:-1, max-image-preview:large, max-video-preview:-1\" \/>\n<link rel=\"canonical\" href=\"https:\/\/nikkaluokta.com\/de\/aktivitaeten\/aktivitaeten-winter\" \/>\n<meta property=\"og:locale\" content=\"de_DE\" \/>\n<meta property=\"og:type\" content=\"article\" \/>\n<meta property=\"og:title\" content=\"Winter - Nikkaluokta Sarri AB\" \/>\n<meta property=\"og:description\" content=\"Kebnekaise Der h\u00f6chste Berg Schwedens lockt auch im Winter Reisende an. Erfahren Sie mehr \u00fcber Aktivit\u00e4ten am Kebnekaise: Mehr &nbsp; Kungsleden Eine Skitour auf dem Fernwanderweg zwischen Nikkaluokta und Abisko wird zum unvergesslichen Erlebnis. Planen Sie zur Sicherheit einen Tag extra ein, f\u00fcr den Fall, dass das Wetter einmal umschl\u00e4gt oder Sie eine Tagestour an\" \/>\n<meta property=\"og:url\" content=\"https:\/\/nikkaluokta.com\/de\/aktivitaeten\/aktivitaeten-winter\" \/>\n<meta property=\"og:site_name\" content=\"Nikkaluokta Sarri AB\" \/>\n<meta property=\"article:publisher\" content=\"https:\/\/www.facebook.com\/Nikkaluoktasarri\/\" \/>\n<meta property=\"article:modified_time\" content=\"2019-01-13T09:37:17+00:00\" \/>\n<meta property=\"og:image\" content=\"http:\/\/nikkaluokta.com\/wp-content\/uploads\/2016\/02\/kebne-ladtjo-300x169.jpg\" \/>\n<meta name=\"twitter:card\" content=\"summary_large_image\" \/>\n<meta name=\"twitter:label1\" content=\"Gesch\u00e4tzte Lesezeit\" \/>\n\t<meta name=\"twitter:data1\" content=\"1\u00a0Minute\" \/>\n<script type=\"application\/ld+json\" class=\"yoast-schema-graph\">{\"@context\":\"https:\\\/\\\/schema.org\",\"@graph\":[{\"@type\":\"WebPage\",\"@id\":\"https:\\\/\\\/nikkaluokta.com\\\/de\\\/aktivitaeten\\\/aktivitaeten-winter\",\"url\":\"https:\\\/\\\/nikkaluokta.com\\\/de\\\/aktivitaeten\\\/aktivitaeten-winter\",\"name\":\"Winter - Nikkaluokta Sarri AB\",\"isPartOf\":{\"@id\":\"https:\\\/\\\/nikkaluokta.com\\\/de\\\/#website\"},\"primaryImageOfPage\":{\"@id\":\"https:\\\/\\\/nikkaluokta.com\\\/de\\\/aktivitaeten\\\/aktivitaeten-winter#primaryimage\"},\"image\":{\"@id\":\"https:\\\/\\\/nikkaluokta.com\\\/de\\\/aktivitaeten\\\/aktivitaeten-winter#primaryimage\"},\"thumbnailUrl\":\"http:\\\/\\\/nikkaluokta.com\\\/wp-content\\\/uploads\\\/2016\\\/02\\\/kebne-ladtjo-300x169.jpg\",\"datePublished\":\"2014-03-13T14:50:34+00:00\",\"dateModified\":\"2019-01-13T09:37:17+00:00\",\"breadcrumb\":{\"@id\":\"https:\\\/\\\/nikkaluokta.com\\\/de\\\/aktivitaeten\\\/aktivitaeten-winter#breadcrumb\"},\"inLanguage\":\"de\",\"potentialAction\":[{\"@type\":\"ReadAction\",\"target\":[\"https:\\\/\\\/nikkaluokta.com\\\/de\\\/aktivitaeten\\\/aktivitaeten-winter\"]}]},{\"@type\":\"ImageObject\",\"inLanguage\":\"de\",\"@id\":\"https:\\\/\\\/nikkaluokta.com\\\/de\\\/aktivitaeten\\\/aktivitaeten-winter#primaryimage\",\"url\":\"http:\\\/\\\/nikkaluokta.com\\\/wp-content\\\/uploads\\\/2016\\\/02\\\/kebne-ladtjo-300x169.jpg\",\"contentUrl\":\"http:\\\/\\\/nikkaluokta.com\\\/wp-content\\\/uploads\\\/2016\\\/02\\\/kebne-ladtjo-300x169.jpg\"},{\"@type\":\"BreadcrumbList\",\"@id\":\"https:\\\/\\\/nikkaluokta.com\\\/de\\\/aktivitaeten\\\/aktivitaeten-winter#breadcrumb\",\"itemListElement\":[{\"@type\":\"ListItem\",\"position\":1,\"name\":\"Home\",\"item\":\"https:\\\/\\\/nikkaluokta.com\\\/de\"},{\"@type\":\"ListItem\",\"position\":2,\"name\":\"Aktivit\u00e4ten\",\"item\":\"https:\\\/\\\/nikkaluokta.com\\\/de\\\/aktivitaeten\"},{\"@type\":\"ListItem\",\"position\":3,\"name\":\"Winter\"}]},{\"@type\":\"WebSite\",\"@id\":\"https:\\\/\\\/nikkaluokta.com\\\/de\\\/#website\",\"url\":\"https:\\\/\\\/nikkaluokta.com\\\/de\\\/\",\"name\":\"Nikkaluokta Sarri AB\",\"description\":\"Mitt i en storslagen natur\",\"publisher\":{\"@id\":\"https:\\\/\\\/nikkaluokta.com\\\/de\\\/#organization\"},\"potentialAction\":[{\"@type\":\"SearchAction\",\"target\":{\"@type\":\"EntryPoint\",\"urlTemplate\":\"https:\\\/\\\/nikkaluokta.com\\\/de\\\/?s={search_term_string}\"},\"query-input\":{\"@type\":\"PropertyValueSpecification\",\"valueRequired\":true,\"valueName\":\"search_term_string\"}}],\"inLanguage\":\"de\"},{\"@type\":\"Organization\",\"@id\":\"https:\\\/\\\/nikkaluokta.com\\\/de\\\/#organization\",\"name\":\"Nikkaluokta Sarri AB\",\"url\":\"https:\\\/\\\/nikkaluokta.com\\\/de\\\/\",\"logo\":{\"@type\":\"ImageObject\",\"inLanguage\":\"de\",\"@id\":\"https:\\\/\\\/nikkaluokta.com\\\/de\\\/#\\\/schema\\\/logo\\\/image\\\/\",\"url\":\"https:\\\/\\\/media.nikkaluokta.com\\\/2019\\\/01\\\/Nikkaluokta-transp-logo.png\",\"contentUrl\":\"https:\\\/\\\/media.nikkaluokta.com\\\/2019\\\/01\\\/Nikkaluokta-transp-logo.png\",\"width\":800,\"height\":149,\"caption\":\"Nikkaluokta Sarri AB\"},\"image\":{\"@id\":\"https:\\\/\\\/nikkaluokta.com\\\/de\\\/#\\\/schema\\\/logo\\\/image\\\/\"},\"sameAs\":[\"https:\\\/\\\/www.facebook.com\\\/Nikkaluoktasarri\\\/\",\"https:\\\/\\\/www.instagram.com\\\/nikkaluoktasarri\\\/\"]}]}<\/script>\n<!-- \/ Yoast SEO plugin. -->","yoast_head_json":{"title":"Winter - Nikkaluokta Sarri AB","robots":{"index":"index","follow":"follow","max-snippet":"max-snippet:-1","max-image-preview":"max-image-preview:large","max-video-preview":"max-video-preview:-1"},"canonical":"https:\/\/nikkaluokta.com\/de\/aktivitaeten\/aktivitaeten-winter","og_locale":"de_DE","og_type":"article","og_title":"Winter - Nikkaluokta Sarri AB","og_description":"Kebnekaise Der h\u00f6chste Berg Schwedens lockt auch im Winter Reisende an. Erfahren Sie mehr \u00fcber Aktivit\u00e4ten am Kebnekaise: Mehr &nbsp; Kungsleden Eine Skitour auf dem Fernwanderweg zwischen Nikkaluokta und Abisko wird zum unvergesslichen Erlebnis. Planen Sie zur Sicherheit einen Tag extra ein, f\u00fcr den Fall, dass das Wetter einmal umschl\u00e4gt oder Sie eine Tagestour an","og_url":"https:\/\/nikkaluokta.com\/de\/aktivitaeten\/aktivitaeten-winter","og_site_name":"Nikkaluokta Sarri AB","article_publisher":"https:\/\/www.facebook.com\/Nikkaluoktasarri\/","article_modified_time":"2019-01-13T09:37:17+00:00","og_image":[{"url":"http:\/\/nikkaluokta.com\/wp-content\/uploads\/2016\/02\/kebne-ladtjo-300x169.jpg","type":"","width":"","height":""}],"twitter_card":"summary_large_image","twitter_misc":{"Gesch\u00e4tzte Lesezeit":"1\u00a0Minute"},"schema":{"@context":"https:\/\/schema.org","@graph":[{"@type":"WebPage","@id":"https:\/\/nikkaluokta.com\/de\/aktivitaeten\/aktivitaeten-winter","url":"https:\/\/nikkaluokta.com\/de\/aktivitaeten\/aktivitaeten-winter","name":"Winter - Nikkaluokta Sarri AB","isPartOf":{"@id":"https:\/\/nikkaluokta.com\/de\/#website"},"primaryImageOfPage":{"@id":"https:\/\/nikkaluokta.com\/de\/aktivitaeten\/aktivitaeten-winter#primaryimage"},"image":{"@id":"https:\/\/nikkaluokta.com\/de\/aktivitaeten\/aktivitaeten-winter#primaryimage"},"thumbnailUrl":"http:\/\/nikkaluokta.com\/wp-content\/uploads\/2016\/02\/kebne-ladtjo-300x169.jpg","datePublished":"2014-03-13T14:50:34+00:00","dateModified":"2019-01-13T09:37:17+00:00","breadcrumb":{"@id":"https:\/\/nikkaluokta.com\/de\/aktivitaeten\/aktivitaeten-winter#breadcrumb"},"inLanguage":"de","potentialAction":[{"@type":"ReadAction","target":["https:\/\/nikkaluokta.com\/de\/aktivitaeten\/aktivitaeten-winter"]}]},{"@type":"ImageObject","inLanguage":"de","@id":"https:\/\/nikkaluokta.com\/de\/aktivitaeten\/aktivitaeten-winter#primaryimage","url":"http:\/\/nikkaluokta.com\/wp-content\/uploads\/2016\/02\/kebne-ladtjo-300x169.jpg","contentUrl":"http:\/\/nikkaluokta.com\/wp-content\/uploads\/2016\/02\/kebne-ladtjo-300x169.jpg"},{"@type":"BreadcrumbList","@id":"https:\/\/nikkaluokta.com\/de\/aktivitaeten\/aktivitaeten-winter#breadcrumb","itemListElement":[{"@type":"ListItem","position":1,"name":"Home","item":"https:\/\/nikkaluokta.com\/de"},{"@type":"ListItem","position":2,"name":"Aktivit\u00e4ten","item":"https:\/\/nikkaluokta.com\/de\/aktivitaeten"},{"@type":"ListItem","position":3,"name":"Winter"}]},{"@type":"WebSite","@id":"https:\/\/nikkaluokta.com\/de\/#website","url":"https:\/\/nikkaluokta.com\/de\/","name":"Nikkaluokta Sarri AB","description":"Mitt i en storslagen natur","publisher":{"@id":"https:\/\/nikkaluokta.com\/de\/#organization"},"potentialAction":[{"@type":"SearchAction","target":{"@type":"EntryPoint","urlTemplate":"https:\/\/nikkaluokta.com\/de\/?s={search_term_string}"},"query-input":{"@type":"PropertyValueSpecification","valueRequired":true,"valueName":"search_term_string"}}],"inLanguage":"de"},{"@type":"Organization","@id":"https:\/\/nikkaluokta.com\/de\/#organization","name":"Nikkaluokta Sarri AB","url":"https:\/\/nikkaluokta.com\/de\/","logo":{"@type":"ImageObject","inLanguage":"de","@id":"https:\/\/nikkaluokta.com\/de\/#\/schema\/logo\/image\/","url":"https:\/\/media.nikkaluokta.com\/2019\/01\/Nikkaluokta-transp-logo.png","contentUrl":"https:\/\/media.nikkaluokta.com\/2019\/01\/Nikkaluokta-transp-logo.png","width":800,"height":149,"caption":"Nikkaluokta Sarri AB"},"image":{"@id":"https:\/\/nikkaluokta.com\/de\/#\/schema\/logo\/image\/"},"sameAs":["https:\/\/www.facebook.com\/Nikkaluoktasarri\/","https:\/\/www.instagram.com\/nikkaluoktasarri\/"]}]}},"_links":{"self":[{"href":"https:\/\/nikkaluokta.com\/de\/wp-json\/wp\/v2\/pages\/283","targetHints":{"allow":["GET"]}}],"collection":[{"href":"https:\/\/nikkaluokta.com\/de\/wp-json\/wp\/v2\/pages"}],"about":[{"href":"https:\/\/nikkaluokta.com\/de\/wp-json\/wp\/v2\/types\/page"}],"author":[{"embeddable":true,"href":"https:\/\/nikkaluokta.com\/de\/wp-json\/wp\/v2\/users\/1"}],"replies":[{"embeddable":true,"href":"https:\/\/nikkaluokta.com\/de\/wp-json\/wp\/v2\/comments?post=283"}],"version-history":[{"count":9,"href":"https:\/\/nikkaluokta.com\/de\/wp-json\/wp\/v2\/pages\/283\/revisions"}],"predecessor-version":[{"id":2063,"href":"https:\/\/nikkaluokta.com\/de\/wp-json\/wp\/v2\/pages\/283\/revisions\/2063"}],"up":[{"embeddable":true,"href":"https:\/\/nikkaluokta.com\/de\/wp-json\/wp\/v2\/pages\/288"}],"wp:attachment":[{"href":"https:\/\/nikkaluokta.com\/de\/wp-json\/wp\/v2\/media?parent=283"}],"curies":[{"name":"wp","href":"https:\/\/api.w.org\/{rel}","templated":true}]}}