{"id":286,"date":"2014-03-13T15:50:16","date_gmt":"2014-03-13T14:50:16","guid":{"rendered":"http:\/\/nikkaluokta.com.loopiadns.com\/de\/summer-activities"},"modified":"2025-07-01T13:47:15","modified_gmt":"2025-07-01T11:47:15","slug":"aktivitaeten-sommer","status":"publish","type":"page","link":"https:\/\/nikkaluokta.com\/de\/aktivitaeten\/aktivitaeten-sommer","title":{"rendered":"Sommer"},"content":{"rendered":"<p><a href=\"http:\/\/nikkaluokta.com\/de\/aktivitaeten\/aktivitaeten-sommer\/bergwandern\"><img loading=\"lazy\" decoding=\"async\" class=\"alignleft wp-image-1156 size-medium\" src=\"http:\/\/nikkaluokta.com\/wp-content\/uploads\/2016\/02\/nikkaluokta-mountains-summer-300x200.jpg\" alt=\"nikkaluokta-mountains-summer\" width=\"300\" height=\"200\" srcset=\"http:\/\/media.nikkaluokta.com\/2016\/02\/nikkaluokta-mountains-summer-300x200.jpg 300w, http:\/\/media.nikkaluokta.com\/2016\/02\/nikkaluokta-mountains-summer.jpg 400w\" sizes=\"auto, (max-width: 300px) 100vw, 300px\" \/><\/a><strong>Bergwandern &#8211; Tagestouren rund um Nikkaluokta<\/strong><\/p>\n<p>Rund um Nikkaluokta laden einige interessante und landschaftlich sch\u00f6ne Orte dazu ein, im Rahmen einer Tageswanderung besucht zu werden. Wir haben eine kleine Auswahl f\u00fcr Sie zusammengestellt:<\/p>\n<p><a href=\"http:\/\/nikkaluokta.com\/de\/aktivitaeten\/aktivitaeten-sommer\/bergwandern\">Mehr<\/a><\/p>\n<p>&nbsp;<\/p>\n<hr \/>\n<p><a href=\"http:\/\/nikkaluokta.com\/de\/aktivitaeten\/aktivitaeten-sommer\/kebnekaise\"><img loading=\"lazy\" decoding=\"async\" class=\"wp-image-1094 size-medium alignleft\" src=\"http:\/\/nikkaluokta.com\/wp-content\/uploads\/2016\/02\/fjaellvandra-kebnekaise11-300x200.jpg\" alt=\"fjaellvandra-kebnekaise11\" width=\"300\" height=\"200\" srcset=\"http:\/\/media.nikkaluokta.com\/2016\/02\/fjaellvandra-kebnekaise11-300x200.jpg 300w, http:\/\/media.nikkaluokta.com\/2016\/02\/fjaellvandra-kebnekaise11-768x512.jpg 768w, http:\/\/media.nikkaluokta.com\/2016\/02\/fjaellvandra-kebnekaise11.jpg 1000w\" sizes=\"auto, (max-width: 300px) 100vw, 300px\" \/><\/a> <strong>Kebnekaise<\/strong><\/p>\n<p>Der h\u00f6chste Berg Schwedens liegt direkt vor der Haust\u00fcr! Nutzen Sie Nikkaluokta als Basis und werden Sie zum Gipfelst\u00fcrmer: Auf einer 19km Tageswanderung erreichen sie die Bergstation am Kebnekaise. Keine Sorge, der Anweg kann mit einem Bootstransfer erheblich verk\u00fcrzt werden.<\/p>\n<p>Von der Bergstation k\u00f6nnen sie am n\u00e4chsten Tag auf eigene Faust, oder aber mit einem erfahrenen F\u00fchrer, Schwedens h\u00f6chsten Berg erklimmen und eine der sch\u00f6nsten Aussichten des Nordens genie\u00dfen.<\/p>\n<p><a href=\"http:\/\/nikkaluokta.com\/de\/aktivitaeten\/aktivitaeten-sommer\/kebnekaise\">Mehr<\/a><\/p>\n<p>&nbsp;<\/p>\n<hr \/>\n<p><a href=\"http:\/\/nikkaluokta.com\/de\/aktivitaeten\/aktivitaeten-sommer\/kungsleden\"><img loading=\"lazy\" decoding=\"async\" class=\"alignleft size-medium wp-image-1141\" src=\"http:\/\/nikkaluokta.com\/wp-content\/uploads\/2016\/02\/fjaellvandra-kungsleden-300x200.jpg\" alt=\"fjaellvandra-kungsleden\" width=\"300\" height=\"200\" srcset=\"http:\/\/media.nikkaluokta.com\/2016\/02\/fjaellvandra-kungsleden-300x200.jpg 300w, http:\/\/media.nikkaluokta.com\/2016\/02\/fjaellvandra-kungsleden-768x512.jpg 768w, http:\/\/media.nikkaluokta.com\/2016\/02\/fjaellvandra-kungsleden.jpg 1000w\" sizes=\"auto, (max-width: 300px) 100vw, 300px\" \/><\/a><br \/>\n<strong>Kungsleden<\/strong><\/p>\n<p>Nikkaluokta ist einer der Einstiegspunkte auf Schwedens ber\u00fchmtesten Fernwanderwegs &#8220;Kungsleden&#8221;, dem K\u00f6nigsweg. Entlang des Weges finden sich viele H\u00fctten, einige sogar mit Lebensmittelverkauf. Hier finden Sie weitere Informationen:<\/p>\n<p><a href=\"http:\/\/nikkaluokta.com\/de\/aktivitaeten\/aktivitaeten-sommer\/kungsleden\">Mehr<\/a><\/p>\n<p>&nbsp;<\/p>\n<p>&nbsp;<\/p>\n<hr \/>\n<p><strong><a href=\"http:\/\/nikkaluokta.com\/de\/aktivitaeten\/aktivitaeten-sommer\/paddeln-kanu\"><img loading=\"lazy\" decoding=\"async\" class=\"alignleft size-medium wp-image-1077\" src=\"http:\/\/nikkaluokta.com\/wp-content\/uploads\/2016\/02\/vistas1-300x200.jpg\" alt=\"vistas1\" width=\"300\" height=\"200\" srcset=\"http:\/\/media.nikkaluokta.com\/2016\/02\/vistas1-300x200.jpg 300w, http:\/\/media.nikkaluokta.com\/2016\/02\/vistas1-768x512.jpg 768w, http:\/\/media.nikkaluokta.com\/2016\/02\/vistas1.jpg 1000w\" sizes=\"auto, (max-width: 300px) 100vw, 300px\" \/><\/a>Kanu <\/strong><\/p>\n<p>Das verzweigte Flussdelta im Tal Vistasvaggi ist ein Paradies f\u00fcr Paddler. Leihen Sie sich ein Kanu und gehen Sie auf Entdeckungstour. Mit etwas Gl\u00fcck begegnen sie so einem der Elche, f\u00fcr die das Tal bekannt ist.<\/p>\n<p><a href=\"http:\/\/nikkaluokta.com\/de\/aktivitaeten\/aktivitaeten-sommer\/paddeln-kanu\">Mehr<\/a><\/p>\n<p>&nbsp;<\/p>\n<hr \/>\n<p><strong><a href=\"http:\/\/nikkaluokta.com\/de\/aktivitaeten\/aktivitaeten-sommer\/flusssafari-vistasdalen\"><img loading=\"lazy\" decoding=\"async\" class=\"alignleft size-medium wp-image-1024\" src=\"http:\/\/nikkaluokta.com\/wp-content\/uploads\/2016\/02\/vistasdalen-bat-300x169.jpg\" alt=\"vistasdalen-bat\" width=\"300\" height=\"169\" srcset=\"http:\/\/media.nikkaluokta.com\/2016\/02\/vistasdalen-bat-300x169.jpg 300w, http:\/\/media.nikkaluokta.com\/2016\/02\/vistasdalen-bat-768x432.jpg 768w, http:\/\/media.nikkaluokta.com\/2016\/02\/vistasdalen-bat.jpg 1000w\" sizes=\"auto, (max-width: 300px) 100vw, 300px\" \/><\/a>Flusssafari Vistasvaggi <\/strong><\/p>\n<p>Sie wollen nicht auf eigene Faust losziehen? Buchen Sie eine gef\u00fchrte Flusssafari und erfahren Sie mehr \u00fcber diese besondere Region, ihre Tier und Pflanzenwelt.<\/p>\n<p><a href=\"http:\/\/nikkaluokta.com\/de\/aktivitaeten\/aktivitaeten-sommer\/flusssafari-vistasdalen\">Mehr<\/a><\/p>\n<p>&nbsp;<\/p>\n","protected":false},"excerpt":{"rendered":"<p>Bergwandern &#8211; Tagestouren rund um Nikkaluokta Rund um Nikkaluokta laden einige interessante und landschaftlich sch\u00f6ne Orte dazu ein, im Rahmen einer Tageswanderung besucht zu werden. Wir haben eine kleine Auswahl f\u00fcr Sie zusammengestellt: Mehr &nbsp; Kebnekaise Der h\u00f6chste Berg Schwedens liegt direkt vor der Haust\u00fcr! Nutzen Sie Nikkaluokta als Basis und werden Sie zum Gipfelst\u00fcrmer:<\/p>\n<a href=\"https:\/\/nikkaluokta.com\/de\/aktivitaeten\/aktivitaeten-sommer\" class=\"sohohotel-more-link\">Read More<i class=\"fa fa-angle-right\"><\/i><\/a>","protected":false},"author":1,"featured_media":0,"parent":288,"menu_order":1,"comment_status":"closed","ping_status":"closed","template":"","meta":{"footnotes":""},"class_list":["post-286","page","type-page","status-publish","hentry"],"yoast_head":"<!-- This site is optimized with the Yoast SEO plugin v27.5 - https:\/\/yoast.com\/product\/yoast-seo-wordpress\/ -->\n<title>Sommer - Nikkaluokta Sarri AB<\/title>\n<meta name=\"robots\" content=\"index, follow, max-snippet:-1, max-image-preview:large, max-video-preview:-1\" \/>\n<link rel=\"canonical\" href=\"https:\/\/nikkaluokta.com\/de\/aktivitaeten\/aktivitaeten-sommer\" \/>\n<meta property=\"og:locale\" content=\"de_DE\" \/>\n<meta property=\"og:type\" content=\"article\" \/>\n<meta property=\"og:title\" content=\"Sommer - Nikkaluokta Sarri AB\" \/>\n<meta property=\"og:description\" content=\"Bergwandern &#8211; Tagestouren rund um Nikkaluokta Rund um Nikkaluokta laden einige interessante und landschaftlich sch\u00f6ne Orte dazu ein, im Rahmen einer Tageswanderung besucht zu werden. Wir haben eine kleine Auswahl f\u00fcr Sie zusammengestellt: Mehr &nbsp; Kebnekaise Der h\u00f6chste Berg Schwedens liegt direkt vor der Haust\u00fcr! Nutzen Sie Nikkaluokta als Basis und werden Sie zum Gipfelst\u00fcrmer:\" \/>\n<meta property=\"og:url\" content=\"https:\/\/nikkaluokta.com\/de\/aktivitaeten\/aktivitaeten-sommer\" \/>\n<meta property=\"og:site_name\" content=\"Nikkaluokta Sarri AB\" \/>\n<meta property=\"article:publisher\" content=\"https:\/\/www.facebook.com\/Nikkaluoktasarri\/\" \/>\n<meta property=\"article:modified_time\" content=\"2025-07-01T11:47:15+00:00\" \/>\n<meta property=\"og:image\" content=\"https:\/\/media.nikkaluokta.com\/2016\/02\/nikkaluokta-mountains-summer.jpg\" \/>\n\t<meta property=\"og:image:width\" content=\"400\" \/>\n\t<meta property=\"og:image:height\" content=\"267\" \/>\n\t<meta property=\"og:image:type\" content=\"image\/jpeg\" \/>\n<meta name=\"twitter:card\" content=\"summary_large_image\" \/>\n<meta name=\"twitter:label1\" content=\"Gesch\u00e4tzte Lesezeit\" \/>\n\t<meta name=\"twitter:data1\" content=\"2\u00a0Minuten\" \/>\n<script type=\"application\/ld+json\" class=\"yoast-schema-graph\">{\"@context\":\"https:\\\/\\\/schema.org\",\"@graph\":[{\"@type\":\"WebPage\",\"@id\":\"https:\\\/\\\/nikkaluokta.com\\\/de\\\/aktivitaeten\\\/aktivitaeten-sommer\",\"url\":\"https:\\\/\\\/nikkaluokta.com\\\/de\\\/aktivitaeten\\\/aktivitaeten-sommer\",\"name\":\"Sommer - Nikkaluokta Sarri AB\",\"isPartOf\":{\"@id\":\"https:\\\/\\\/nikkaluokta.com\\\/de\\\/#website\"},\"primaryImageOfPage\":{\"@id\":\"https:\\\/\\\/nikkaluokta.com\\\/de\\\/aktivitaeten\\\/aktivitaeten-sommer#primaryimage\"},\"image\":{\"@id\":\"https:\\\/\\\/nikkaluokta.com\\\/de\\\/aktivitaeten\\\/aktivitaeten-sommer#primaryimage\"},\"thumbnailUrl\":\"http:\\\/\\\/nikkaluokta.com\\\/wp-content\\\/uploads\\\/2016\\\/02\\\/nikkaluokta-mountains-summer-300x200.jpg\",\"datePublished\":\"2014-03-13T14:50:16+00:00\",\"dateModified\":\"2025-07-01T11:47:15+00:00\",\"breadcrumb\":{\"@id\":\"https:\\\/\\\/nikkaluokta.com\\\/de\\\/aktivitaeten\\\/aktivitaeten-sommer#breadcrumb\"},\"inLanguage\":\"de\",\"potentialAction\":[{\"@type\":\"ReadAction\",\"target\":[\"https:\\\/\\\/nikkaluokta.com\\\/de\\\/aktivitaeten\\\/aktivitaeten-sommer\"]}]},{\"@type\":\"ImageObject\",\"inLanguage\":\"de\",\"@id\":\"https:\\\/\\\/nikkaluokta.com\\\/de\\\/aktivitaeten\\\/aktivitaeten-sommer#primaryimage\",\"url\":\"http:\\\/\\\/nikkaluokta.com\\\/wp-content\\\/uploads\\\/2016\\\/02\\\/nikkaluokta-mountains-summer-300x200.jpg\",\"contentUrl\":\"http:\\\/\\\/nikkaluokta.com\\\/wp-content\\\/uploads\\\/2016\\\/02\\\/nikkaluokta-mountains-summer-300x200.jpg\"},{\"@type\":\"BreadcrumbList\",\"@id\":\"https:\\\/\\\/nikkaluokta.com\\\/de\\\/aktivitaeten\\\/aktivitaeten-sommer#breadcrumb\",\"itemListElement\":[{\"@type\":\"ListItem\",\"position\":1,\"name\":\"Home\",\"item\":\"https:\\\/\\\/nikkaluokta.com\\\/de\"},{\"@type\":\"ListItem\",\"position\":2,\"name\":\"Aktivit\u00e4ten\",\"item\":\"https:\\\/\\\/nikkaluokta.com\\\/de\\\/aktivitaeten\"},{\"@type\":\"ListItem\",\"position\":3,\"name\":\"Sommer\"}]},{\"@type\":\"WebSite\",\"@id\":\"https:\\\/\\\/nikkaluokta.com\\\/de\\\/#website\",\"url\":\"https:\\\/\\\/nikkaluokta.com\\\/de\\\/\",\"name\":\"Nikkaluokta Sarri AB\",\"description\":\"Mitt i en storslagen natur\",\"publisher\":{\"@id\":\"https:\\\/\\\/nikkaluokta.com\\\/de\\\/#organization\"},\"potentialAction\":[{\"@type\":\"SearchAction\",\"target\":{\"@type\":\"EntryPoint\",\"urlTemplate\":\"https:\\\/\\\/nikkaluokta.com\\\/de\\\/?s={search_term_string}\"},\"query-input\":{\"@type\":\"PropertyValueSpecification\",\"valueRequired\":true,\"valueName\":\"search_term_string\"}}],\"inLanguage\":\"de\"},{\"@type\":\"Organization\",\"@id\":\"https:\\\/\\\/nikkaluokta.com\\\/de\\\/#organization\",\"name\":\"Nikkaluokta Sarri AB\",\"url\":\"https:\\\/\\\/nikkaluokta.com\\\/de\\\/\",\"logo\":{\"@type\":\"ImageObject\",\"inLanguage\":\"de\",\"@id\":\"https:\\\/\\\/nikkaluokta.com\\\/de\\\/#\\\/schema\\\/logo\\\/image\\\/\",\"url\":\"https:\\\/\\\/media.nikkaluokta.com\\\/2019\\\/01\\\/Nikkaluokta-transp-logo.png\",\"contentUrl\":\"https:\\\/\\\/media.nikkaluokta.com\\\/2019\\\/01\\\/Nikkaluokta-transp-logo.png\",\"width\":800,\"height\":149,\"caption\":\"Nikkaluokta Sarri AB\"},\"image\":{\"@id\":\"https:\\\/\\\/nikkaluokta.com\\\/de\\\/#\\\/schema\\\/logo\\\/image\\\/\"},\"sameAs\":[\"https:\\\/\\\/www.facebook.com\\\/Nikkaluoktasarri\\\/\",\"https:\\\/\\\/www.instagram.com\\\/nikkaluoktasarri\\\/\"]}]}<\/script>\n<!-- \/ Yoast SEO plugin. -->","yoast_head_json":{"title":"Sommer - Nikkaluokta Sarri AB","robots":{"index":"index","follow":"follow","max-snippet":"max-snippet:-1","max-image-preview":"max-image-preview:large","max-video-preview":"max-video-preview:-1"},"canonical":"https:\/\/nikkaluokta.com\/de\/aktivitaeten\/aktivitaeten-sommer","og_locale":"de_DE","og_type":"article","og_title":"Sommer - Nikkaluokta Sarri AB","og_description":"Bergwandern &#8211; Tagestouren rund um Nikkaluokta Rund um Nikkaluokta laden einige interessante und landschaftlich sch\u00f6ne Orte dazu ein, im Rahmen einer Tageswanderung besucht zu werden. Wir haben eine kleine Auswahl f\u00fcr Sie zusammengestellt: Mehr &nbsp; Kebnekaise Der h\u00f6chste Berg Schwedens liegt direkt vor der Haust\u00fcr! Nutzen Sie Nikkaluokta als Basis und werden Sie zum Gipfelst\u00fcrmer:","og_url":"https:\/\/nikkaluokta.com\/de\/aktivitaeten\/aktivitaeten-sommer","og_site_name":"Nikkaluokta Sarri AB","article_publisher":"https:\/\/www.facebook.com\/Nikkaluoktasarri\/","article_modified_time":"2025-07-01T11:47:15+00:00","og_image":[{"width":400,"height":267,"url":"https:\/\/media.nikkaluokta.com\/2016\/02\/nikkaluokta-mountains-summer.jpg","type":"image\/jpeg"}],"twitter_card":"summary_large_image","twitter_misc":{"Gesch\u00e4tzte Lesezeit":"2\u00a0Minuten"},"schema":{"@context":"https:\/\/schema.org","@graph":[{"@type":"WebPage","@id":"https:\/\/nikkaluokta.com\/de\/aktivitaeten\/aktivitaeten-sommer","url":"https:\/\/nikkaluokta.com\/de\/aktivitaeten\/aktivitaeten-sommer","name":"Sommer - Nikkaluokta Sarri AB","isPartOf":{"@id":"https:\/\/nikkaluokta.com\/de\/#website"},"primaryImageOfPage":{"@id":"https:\/\/nikkaluokta.com\/de\/aktivitaeten\/aktivitaeten-sommer#primaryimage"},"image":{"@id":"https:\/\/nikkaluokta.com\/de\/aktivitaeten\/aktivitaeten-sommer#primaryimage"},"thumbnailUrl":"http:\/\/nikkaluokta.com\/wp-content\/uploads\/2016\/02\/nikkaluokta-mountains-summer-300x200.jpg","datePublished":"2014-03-13T14:50:16+00:00","dateModified":"2025-07-01T11:47:15+00:00","breadcrumb":{"@id":"https:\/\/nikkaluokta.com\/de\/aktivitaeten\/aktivitaeten-sommer#breadcrumb"},"inLanguage":"de","potentialAction":[{"@type":"ReadAction","target":["https:\/\/nikkaluokta.com\/de\/aktivitaeten\/aktivitaeten-sommer"]}]},{"@type":"ImageObject","inLanguage":"de","@id":"https:\/\/nikkaluokta.com\/de\/aktivitaeten\/aktivitaeten-sommer#primaryimage","url":"http:\/\/nikkaluokta.com\/wp-content\/uploads\/2016\/02\/nikkaluokta-mountains-summer-300x200.jpg","contentUrl":"http:\/\/nikkaluokta.com\/wp-content\/uploads\/2016\/02\/nikkaluokta-mountains-summer-300x200.jpg"},{"@type":"BreadcrumbList","@id":"https:\/\/nikkaluokta.com\/de\/aktivitaeten\/aktivitaeten-sommer#breadcrumb","itemListElement":[{"@type":"ListItem","position":1,"name":"Home","item":"https:\/\/nikkaluokta.com\/de"},{"@type":"ListItem","position":2,"name":"Aktivit\u00e4ten","item":"https:\/\/nikkaluokta.com\/de\/aktivitaeten"},{"@type":"ListItem","position":3,"name":"Sommer"}]},{"@type":"WebSite","@id":"https:\/\/nikkaluokta.com\/de\/#website","url":"https:\/\/nikkaluokta.com\/de\/","name":"Nikkaluokta Sarri AB","description":"Mitt i en storslagen natur","publisher":{"@id":"https:\/\/nikkaluokta.com\/de\/#organization"},"potentialAction":[{"@type":"SearchAction","target":{"@type":"EntryPoint","urlTemplate":"https:\/\/nikkaluokta.com\/de\/?s={search_term_string}"},"query-input":{"@type":"PropertyValueSpecification","valueRequired":true,"valueName":"search_term_string"}}],"inLanguage":"de"},{"@type":"Organization","@id":"https:\/\/nikkaluokta.com\/de\/#organization","name":"Nikkaluokta Sarri AB","url":"https:\/\/nikkaluokta.com\/de\/","logo":{"@type":"ImageObject","inLanguage":"de","@id":"https:\/\/nikkaluokta.com\/de\/#\/schema\/logo\/image\/","url":"https:\/\/media.nikkaluokta.com\/2019\/01\/Nikkaluokta-transp-logo.png","contentUrl":"https:\/\/media.nikkaluokta.com\/2019\/01\/Nikkaluokta-transp-logo.png","width":800,"height":149,"caption":"Nikkaluokta Sarri AB"},"image":{"@id":"https:\/\/nikkaluokta.com\/de\/#\/schema\/logo\/image\/"},"sameAs":["https:\/\/www.facebook.com\/Nikkaluoktasarri\/","https:\/\/www.instagram.com\/nikkaluoktasarri\/"]}]}},"_links":{"self":[{"href":"https:\/\/nikkaluokta.com\/de\/wp-json\/wp\/v2\/pages\/286","targetHints":{"allow":["GET"]}}],"collection":[{"href":"https:\/\/nikkaluokta.com\/de\/wp-json\/wp\/v2\/pages"}],"about":[{"href":"https:\/\/nikkaluokta.com\/de\/wp-json\/wp\/v2\/types\/page"}],"author":[{"embeddable":true,"href":"https:\/\/nikkaluokta.com\/de\/wp-json\/wp\/v2\/users\/1"}],"replies":[{"embeddable":true,"href":"https:\/\/nikkaluokta.com\/de\/wp-json\/wp\/v2\/comments?post=286"}],"version-history":[{"count":9,"href":"https:\/\/nikkaluokta.com\/de\/wp-json\/wp\/v2\/pages\/286\/revisions"}],"predecessor-version":[{"id":3914,"href":"https:\/\/nikkaluokta.com\/de\/wp-json\/wp\/v2\/pages\/286\/revisions\/3914"}],"up":[{"embeddable":true,"href":"https:\/\/nikkaluokta.com\/de\/wp-json\/wp\/v2\/pages\/288"}],"wp:attachment":[{"href":"https:\/\/nikkaluokta.com\/de\/wp-json\/wp\/v2\/media?parent=286"}],"curies":[{"name":"wp","href":"https:\/\/api.w.org\/{rel}","templated":true}]}}