{"id":288,"date":"2014-03-13T15:49:45","date_gmt":"2014-03-13T14:49:45","guid":{"rendered":"http:\/\/nikkaluokta.com.loopiadns.com\/de\/what-to-do"},"modified":"2019-01-13T10:20:52","modified_gmt":"2019-01-13T09:20:52","slug":"aktivitaeten","status":"publish","type":"page","link":"https:\/\/nikkaluokta.com\/de\/aktivitaeten","title":{"rendered":"Aktivit\u00e4ten"},"content":{"rendered":"<section class=\"wpb-content-wrapper\"><p>[vc_row][vc_column][vc_column_text]Halten Sie die Zeit f\u00fcr einen Moment an und bleiben Sie im Hier und Jetzt!<\/p>\n<p>Die Natur ist so nah und die herrlichen Ausblicke geh\u00f6ren ganz Ihnen: Kommen Sie zu uns, ganz in die N\u00e4he der Berge!<\/p>\n<p>In Nikkaluokta endet die Stra\u00dfe \u2013 und der Wanderweg zum Kebnekaise beginnt. Lassen Sie Ihren Alltag hinter und geben Sie sich ganz der Bergwelt hin.<\/p>\n<p>Im Winter k\u00f6nnen Sie schneewei\u00dfe Fl\u00e4chen, in Schnee geh\u00fcllte B\u00e4ume und die gro\u00dfartigen Nordlichter bewundern. Wie w\u00e4re es mit einem Ausflug auf Ski oder per Schneemobil? Es ist herrlich, einfach im Schnee zu sitzen und die Fr\u00fchlingssonne zu genie\u00dfen.<\/p>\n<p>Im Sommer erleben Sie dank der Mitternachtssonne Tageslicht rund um die Uhr. Ein ganz besonderes Licht, wenn die Sonne tief steht. Erleben Sie lichte Birkenw\u00e4lder, die sich im Herbst herrlich bunt f\u00e4rben und l\u00f6schen Sie Ihren Durst auf der Wanderung an B\u00e4chen mit frischem, klarem Wasser.<\/p>\n<p>Von Nikkaluokta aus K\u00f6nnen Sie Tagesausfl\u00fcge auf dem Weg zum Kebnekaise unternehmen oder eine Bootstour auf dem sich schl\u00e4ngelnden Fluss buchen.<\/p>\n<p>Schlie\u00dfen Sie sich unseren Guides an und erleben Sie mit uns Samische Kultur![\/vc_column_text][\/vc_column][\/vc_row][vc_row][vc_column width=&#8221;1\/2&#8243;][vc_column_text]<\/p>\n<h2 style=\"text-align: center;\">Sommer<\/h2>\n<p><a href=\"http:\/\/nikkaluokta.com\/de\/aktivitaeten\/aktivitaeten-sommer\"><img loading=\"lazy\" decoding=\"async\" class=\"wp-image-1156 size-medium alignnone\" src=\"http:\/\/nikkaluokta.com\/wp-content\/uploads\/2016\/02\/nikkaluokta-mountains-summer-300x200.jpg\" alt=\"nikkaluokta-mountains-summer\" width=\"300\" height=\"200\" srcset=\"http:\/\/media.nikkaluokta.com\/2016\/02\/nikkaluokta-mountains-summer-300x200.jpg 300w, http:\/\/media.nikkaluokta.com\/2016\/02\/nikkaluokta-mountains-summer.jpg 400w\" sizes=\"auto, (max-width: 300px) 100vw, 300px\" \/><\/a>[\/vc_column_text][\/vc_column][vc_column width=&#8221;1\/2&#8243;][vc_column_text]<\/p>\n<h2 style=\"text-align: center;\">Winter<\/h2>\n<p><a href=\"http:\/\/nikkaluokta.com\/de\/aktivitaeten\/aktivitaeten-winter\"><img loading=\"lazy\" decoding=\"async\" class=\"wp-image-1114 size-medium alignnone\" src=\"http:\/\/nikkaluokta.com\/wp-content\/uploads\/2016\/02\/skidtur-kungsleden8-300x200.jpg\" alt=\"skidtur-kungsleden8\" width=\"300\" height=\"200\" srcset=\"http:\/\/media.nikkaluokta.com\/2016\/02\/skidtur-kungsleden8-300x200.jpg 300w, http:\/\/media.nikkaluokta.com\/2016\/02\/skidtur-kungsleden8-768x512.jpg 768w, http:\/\/media.nikkaluokta.com\/2016\/02\/skidtur-kungsleden8.jpg 1000w\" sizes=\"auto, (max-width: 300px) 100vw, 300px\" \/><\/a>[\/vc_column_text][\/vc_column][\/vc_row]<\/p>\n<\/section>","protected":false},"excerpt":{"rendered":"<p>[vc_row][vc_column][vc_column_text]Halten Sie die Zeit f\u00fcr einen Moment an und bleiben Sie im Hier und Jetzt! Die Natur ist so nah und die herrlichen Ausblicke geh\u00f6ren ganz Ihnen: Kommen Sie zu uns, ganz in die N\u00e4he der Berge! In Nikkaluokta endet die Stra\u00dfe \u2013 und der Wanderweg zum Kebnekaise beginnt. Lassen Sie Ihren Alltag hinter und<\/p>\n<a href=\"https:\/\/nikkaluokta.com\/de\/aktivitaeten\" class=\"sohohotel-more-link\">Read More<i class=\"fa fa-angle-right\"><\/i><\/a>","protected":false},"author":1,"featured_media":0,"parent":0,"menu_order":0,"comment_status":"closed","ping_status":"closed","template":"","meta":{"footnotes":""},"class_list":["post-288","page","type-page","status-publish","hentry"],"yoast_head":"<!-- This site is optimized with the Yoast SEO plugin v27.5 - https:\/\/yoast.com\/product\/yoast-seo-wordpress\/ -->\n<title>Aktivit\u00e4ten - Nikkaluokta Sarri AB<\/title>\n<meta name=\"robots\" content=\"index, follow, max-snippet:-1, max-image-preview:large, max-video-preview:-1\" \/>\n<link rel=\"canonical\" href=\"https:\/\/nikkaluokta.com\/de\/aktivitaeten\" \/>\n<meta property=\"og:locale\" content=\"de_DE\" \/>\n<meta property=\"og:type\" content=\"article\" \/>\n<meta property=\"og:title\" content=\"Aktivit\u00e4ten - Nikkaluokta Sarri AB\" \/>\n<meta property=\"og:description\" content=\"[vc_row][vc_column][vc_column_text]Halten Sie die Zeit f\u00fcr einen Moment an und bleiben Sie im Hier und Jetzt! Die Natur ist so nah und die herrlichen Ausblicke geh\u00f6ren ganz Ihnen: Kommen Sie zu uns, ganz in die N\u00e4he der Berge! In Nikkaluokta endet die Stra\u00dfe \u2013 und der Wanderweg zum Kebnekaise beginnt. Lassen Sie Ihren Alltag hinter und\" \/>\n<meta property=\"og:url\" content=\"https:\/\/nikkaluokta.com\/de\/aktivitaeten\" \/>\n<meta property=\"og:site_name\" content=\"Nikkaluokta Sarri AB\" \/>\n<meta property=\"article:publisher\" content=\"https:\/\/www.facebook.com\/Nikkaluoktasarri\/\" \/>\n<meta property=\"article:modified_time\" content=\"2019-01-13T09:20:52+00:00\" \/>\n<meta property=\"og:image\" content=\"http:\/\/nikkaluokta.com\/wp-content\/uploads\/2016\/02\/nikkaluokta-mountains-summer-300x200.jpg\" \/>\n<meta name=\"twitter:card\" content=\"summary_large_image\" \/>\n<meta name=\"twitter:label1\" content=\"Gesch\u00e4tzte Lesezeit\" \/>\n\t<meta name=\"twitter:data1\" content=\"1\u00a0Minute\" \/>\n<script type=\"application\/ld+json\" class=\"yoast-schema-graph\">{\"@context\":\"https:\\\/\\\/schema.org\",\"@graph\":[{\"@type\":\"WebPage\",\"@id\":\"https:\\\/\\\/nikkaluokta.com\\\/de\\\/aktivitaeten\",\"url\":\"https:\\\/\\\/nikkaluokta.com\\\/de\\\/aktivitaeten\",\"name\":\"Aktivit\u00e4ten - Nikkaluokta Sarri AB\",\"isPartOf\":{\"@id\":\"https:\\\/\\\/nikkaluokta.com\\\/de\\\/#website\"},\"primaryImageOfPage\":{\"@id\":\"https:\\\/\\\/nikkaluokta.com\\\/de\\\/aktivitaeten#primaryimage\"},\"image\":{\"@id\":\"https:\\\/\\\/nikkaluokta.com\\\/de\\\/aktivitaeten#primaryimage\"},\"thumbnailUrl\":\"http:\\\/\\\/nikkaluokta.com\\\/wp-content\\\/uploads\\\/2016\\\/02\\\/nikkaluokta-mountains-summer-300x200.jpg\",\"datePublished\":\"2014-03-13T14:49:45+00:00\",\"dateModified\":\"2019-01-13T09:20:52+00:00\",\"breadcrumb\":{\"@id\":\"https:\\\/\\\/nikkaluokta.com\\\/de\\\/aktivitaeten#breadcrumb\"},\"inLanguage\":\"de\",\"potentialAction\":[{\"@type\":\"ReadAction\",\"target\":[\"https:\\\/\\\/nikkaluokta.com\\\/de\\\/aktivitaeten\"]}]},{\"@type\":\"ImageObject\",\"inLanguage\":\"de\",\"@id\":\"https:\\\/\\\/nikkaluokta.com\\\/de\\\/aktivitaeten#primaryimage\",\"url\":\"http:\\\/\\\/nikkaluokta.com\\\/wp-content\\\/uploads\\\/2016\\\/02\\\/nikkaluokta-mountains-summer-300x200.jpg\",\"contentUrl\":\"http:\\\/\\\/nikkaluokta.com\\\/wp-content\\\/uploads\\\/2016\\\/02\\\/nikkaluokta-mountains-summer-300x200.jpg\"},{\"@type\":\"BreadcrumbList\",\"@id\":\"https:\\\/\\\/nikkaluokta.com\\\/de\\\/aktivitaeten#breadcrumb\",\"itemListElement\":[{\"@type\":\"ListItem\",\"position\":1,\"name\":\"Home\",\"item\":\"https:\\\/\\\/nikkaluokta.com\\\/de\"},{\"@type\":\"ListItem\",\"position\":2,\"name\":\"Aktivit\u00e4ten\"}]},{\"@type\":\"WebSite\",\"@id\":\"https:\\\/\\\/nikkaluokta.com\\\/de\\\/#website\",\"url\":\"https:\\\/\\\/nikkaluokta.com\\\/de\\\/\",\"name\":\"Nikkaluokta Sarri AB\",\"description\":\"Mitt i en storslagen natur\",\"publisher\":{\"@id\":\"https:\\\/\\\/nikkaluokta.com\\\/de\\\/#organization\"},\"potentialAction\":[{\"@type\":\"SearchAction\",\"target\":{\"@type\":\"EntryPoint\",\"urlTemplate\":\"https:\\\/\\\/nikkaluokta.com\\\/de\\\/?s={search_term_string}\"},\"query-input\":{\"@type\":\"PropertyValueSpecification\",\"valueRequired\":true,\"valueName\":\"search_term_string\"}}],\"inLanguage\":\"de\"},{\"@type\":\"Organization\",\"@id\":\"https:\\\/\\\/nikkaluokta.com\\\/de\\\/#organization\",\"name\":\"Nikkaluokta Sarri AB\",\"url\":\"https:\\\/\\\/nikkaluokta.com\\\/de\\\/\",\"logo\":{\"@type\":\"ImageObject\",\"inLanguage\":\"de\",\"@id\":\"https:\\\/\\\/nikkaluokta.com\\\/de\\\/#\\\/schema\\\/logo\\\/image\\\/\",\"url\":\"https:\\\/\\\/media.nikkaluokta.com\\\/2019\\\/01\\\/Nikkaluokta-transp-logo.png\",\"contentUrl\":\"https:\\\/\\\/media.nikkaluokta.com\\\/2019\\\/01\\\/Nikkaluokta-transp-logo.png\",\"width\":800,\"height\":149,\"caption\":\"Nikkaluokta Sarri AB\"},\"image\":{\"@id\":\"https:\\\/\\\/nikkaluokta.com\\\/de\\\/#\\\/schema\\\/logo\\\/image\\\/\"},\"sameAs\":[\"https:\\\/\\\/www.facebook.com\\\/Nikkaluoktasarri\\\/\",\"https:\\\/\\\/www.instagram.com\\\/nikkaluoktasarri\\\/\"]}]}<\/script>\n<!-- \/ Yoast SEO plugin. -->","yoast_head_json":{"title":"Aktivit\u00e4ten - Nikkaluokta Sarri AB","robots":{"index":"index","follow":"follow","max-snippet":"max-snippet:-1","max-image-preview":"max-image-preview:large","max-video-preview":"max-video-preview:-1"},"canonical":"https:\/\/nikkaluokta.com\/de\/aktivitaeten","og_locale":"de_DE","og_type":"article","og_title":"Aktivit\u00e4ten - Nikkaluokta Sarri AB","og_description":"[vc_row][vc_column][vc_column_text]Halten Sie die Zeit f\u00fcr einen Moment an und bleiben Sie im Hier und Jetzt! Die Natur ist so nah und die herrlichen Ausblicke geh\u00f6ren ganz Ihnen: Kommen Sie zu uns, ganz in die N\u00e4he der Berge! In Nikkaluokta endet die Stra\u00dfe \u2013 und der Wanderweg zum Kebnekaise beginnt. Lassen Sie Ihren Alltag hinter und","og_url":"https:\/\/nikkaluokta.com\/de\/aktivitaeten","og_site_name":"Nikkaluokta Sarri AB","article_publisher":"https:\/\/www.facebook.com\/Nikkaluoktasarri\/","article_modified_time":"2019-01-13T09:20:52+00:00","og_image":[{"url":"http:\/\/nikkaluokta.com\/wp-content\/uploads\/2016\/02\/nikkaluokta-mountains-summer-300x200.jpg","type":"","width":"","height":""}],"twitter_card":"summary_large_image","twitter_misc":{"Gesch\u00e4tzte Lesezeit":"1\u00a0Minute"},"schema":{"@context":"https:\/\/schema.org","@graph":[{"@type":"WebPage","@id":"https:\/\/nikkaluokta.com\/de\/aktivitaeten","url":"https:\/\/nikkaluokta.com\/de\/aktivitaeten","name":"Aktivit\u00e4ten - Nikkaluokta Sarri AB","isPartOf":{"@id":"https:\/\/nikkaluokta.com\/de\/#website"},"primaryImageOfPage":{"@id":"https:\/\/nikkaluokta.com\/de\/aktivitaeten#primaryimage"},"image":{"@id":"https:\/\/nikkaluokta.com\/de\/aktivitaeten#primaryimage"},"thumbnailUrl":"http:\/\/nikkaluokta.com\/wp-content\/uploads\/2016\/02\/nikkaluokta-mountains-summer-300x200.jpg","datePublished":"2014-03-13T14:49:45+00:00","dateModified":"2019-01-13T09:20:52+00:00","breadcrumb":{"@id":"https:\/\/nikkaluokta.com\/de\/aktivitaeten#breadcrumb"},"inLanguage":"de","potentialAction":[{"@type":"ReadAction","target":["https:\/\/nikkaluokta.com\/de\/aktivitaeten"]}]},{"@type":"ImageObject","inLanguage":"de","@id":"https:\/\/nikkaluokta.com\/de\/aktivitaeten#primaryimage","url":"http:\/\/nikkaluokta.com\/wp-content\/uploads\/2016\/02\/nikkaluokta-mountains-summer-300x200.jpg","contentUrl":"http:\/\/nikkaluokta.com\/wp-content\/uploads\/2016\/02\/nikkaluokta-mountains-summer-300x200.jpg"},{"@type":"BreadcrumbList","@id":"https:\/\/nikkaluokta.com\/de\/aktivitaeten#breadcrumb","itemListElement":[{"@type":"ListItem","position":1,"name":"Home","item":"https:\/\/nikkaluokta.com\/de"},{"@type":"ListItem","position":2,"name":"Aktivit\u00e4ten"}]},{"@type":"WebSite","@id":"https:\/\/nikkaluokta.com\/de\/#website","url":"https:\/\/nikkaluokta.com\/de\/","name":"Nikkaluokta Sarri AB","description":"Mitt i en storslagen natur","publisher":{"@id":"https:\/\/nikkaluokta.com\/de\/#organization"},"potentialAction":[{"@type":"SearchAction","target":{"@type":"EntryPoint","urlTemplate":"https:\/\/nikkaluokta.com\/de\/?s={search_term_string}"},"query-input":{"@type":"PropertyValueSpecification","valueRequired":true,"valueName":"search_term_string"}}],"inLanguage":"de"},{"@type":"Organization","@id":"https:\/\/nikkaluokta.com\/de\/#organization","name":"Nikkaluokta Sarri AB","url":"https:\/\/nikkaluokta.com\/de\/","logo":{"@type":"ImageObject","inLanguage":"de","@id":"https:\/\/nikkaluokta.com\/de\/#\/schema\/logo\/image\/","url":"https:\/\/media.nikkaluokta.com\/2019\/01\/Nikkaluokta-transp-logo.png","contentUrl":"https:\/\/media.nikkaluokta.com\/2019\/01\/Nikkaluokta-transp-logo.png","width":800,"height":149,"caption":"Nikkaluokta Sarri AB"},"image":{"@id":"https:\/\/nikkaluokta.com\/de\/#\/schema\/logo\/image\/"},"sameAs":["https:\/\/www.facebook.com\/Nikkaluoktasarri\/","https:\/\/www.instagram.com\/nikkaluoktasarri\/"]}]}},"_links":{"self":[{"href":"https:\/\/nikkaluokta.com\/de\/wp-json\/wp\/v2\/pages\/288","targetHints":{"allow":["GET"]}}],"collection":[{"href":"https:\/\/nikkaluokta.com\/de\/wp-json\/wp\/v2\/pages"}],"about":[{"href":"https:\/\/nikkaluokta.com\/de\/wp-json\/wp\/v2\/types\/page"}],"author":[{"embeddable":true,"href":"https:\/\/nikkaluokta.com\/de\/wp-json\/wp\/v2\/users\/1"}],"replies":[{"embeddable":true,"href":"https:\/\/nikkaluokta.com\/de\/wp-json\/wp\/v2\/comments?post=288"}],"version-history":[{"count":7,"href":"https:\/\/nikkaluokta.com\/de\/wp-json\/wp\/v2\/pages\/288\/revisions"}],"predecessor-version":[{"id":2051,"href":"https:\/\/nikkaluokta.com\/de\/wp-json\/wp\/v2\/pages\/288\/revisions\/2051"}],"wp:attachment":[{"href":"https:\/\/nikkaluokta.com\/de\/wp-json\/wp\/v2\/media?parent=288"}],"curies":[{"name":"wp","href":"https:\/\/api.w.org\/{rel}","templated":true}]}}