{"id":291,"date":"2014-03-12T18:13:56","date_gmt":"2014-03-12T17:13:56","guid":{"rendered":"http:\/\/nikkaluokta.com.loopiadns.com\/de\/sami-cuisine"},"modified":"2016-12-18T09:14:18","modified_gmt":"2016-12-18T08:14:18","slug":"samische-kueche","status":"publish","type":"page","link":"https:\/\/nikkaluokta.com\/de\/essen-und-trinken\/samische-kueche","title":{"rendered":"Samische K\u00fcche"},"content":{"rendered":"<h2>Samische K\u00fcche im Herzen von S\u00e1pmi<\/h2>\n<p>Die Samische K\u00fcche blickt auf eine lange und individuelle Geschichte zur\u00fcck. Wir legen Wert auf traditionelle Zubereitungsmethoden und kreieren aus traditionellen Rezepten moderne Versionen.<\/p>\n<p>Probieren Sie ein paar unserer typisch Samischen Gerichte:<\/p>\n<p>&nbsp;<\/p>\n<p><strong>L\u00e1ibbi<\/strong> \u2013 ein Wei\u00dfbrot, das so hart ist, dass es nicht in Ihrem Rucksack zerkr\u00fcmelt<\/p>\n<p><strong>Guoike bierggu<\/strong> \u2013 gesalzenes, ger\u00e4uchertes und getrocknetes Rentierfleisch, das mit einem scharfen Messer geschnitten und gegessen wird<\/p>\n<p><strong>Suovas<\/strong> \u2013 gesalzenes und ger\u00e4uchertes Rentierfleisch, das kurz vor dem Servieren kurz angebraten wird<\/p>\n<p><strong>Renkok<\/strong> \u2013 Rentierfeleisch, das mit Blut und Markknochen gekocht wird<\/p>\n<p>Wir beteiligen uns intensiv an einem Projekt, das die Samische K\u00fcche wiederbeleben und erhalten soll. Wir legen Wert auf\u00a0qualitativ hochwertige Produkte vom Rentier, Elch usw. und unterst\u00fctzen Samische Produzenten, die sich der Qualit\u00e4t und den Traditionen verpflichtet f\u00fchlen.<\/p>\n<p>Probieren Sie S\u00e1pmi!<\/p>\n<p>&nbsp;<\/p>\n","protected":false},"excerpt":{"rendered":"<p>Samische K\u00fcche im Herzen von S\u00e1pmi Die Samische K\u00fcche blickt auf eine lange und individuelle Geschichte zur\u00fcck. Wir legen Wert auf traditionelle Zubereitungsmethoden und kreieren aus traditionellen Rezepten moderne Versionen. Probieren Sie ein paar unserer typisch Samischen Gerichte: &nbsp; L\u00e1ibbi \u2013 ein Wei\u00dfbrot, das so hart ist, dass es nicht in Ihrem Rucksack zerkr\u00fcmelt Guoike<\/p>\n<a href=\"https:\/\/nikkaluokta.com\/de\/essen-und-trinken\/samische-kueche\" class=\"sohohotel-more-link\">Read More<i class=\"fa fa-angle-right\"><\/i><\/a>","protected":false},"author":1,"featured_media":0,"parent":300,"menu_order":6,"comment_status":"closed","ping_status":"closed","template":"","meta":{"footnotes":""},"class_list":["post-291","page","type-page","status-publish","hentry"],"yoast_head":"<!-- This site is optimized with the Yoast SEO plugin v27.5 - https:\/\/yoast.com\/product\/yoast-seo-wordpress\/ -->\n<title>Samische K\u00fcche - Nikkaluokta Sarri AB<\/title>\n<meta name=\"robots\" content=\"index, follow, max-snippet:-1, max-image-preview:large, max-video-preview:-1\" \/>\n<link rel=\"canonical\" href=\"https:\/\/nikkaluokta.com\/de\/essen-und-trinken\/samische-kueche\" \/>\n<meta property=\"og:locale\" content=\"de_DE\" \/>\n<meta property=\"og:type\" content=\"article\" \/>\n<meta property=\"og:title\" content=\"Samische K\u00fcche - Nikkaluokta Sarri AB\" \/>\n<meta property=\"og:description\" content=\"Samische K\u00fcche im Herzen von S\u00e1pmi Die Samische K\u00fcche blickt auf eine lange und individuelle Geschichte zur\u00fcck. Wir legen Wert auf traditionelle Zubereitungsmethoden und kreieren aus traditionellen Rezepten moderne Versionen. Probieren Sie ein paar unserer typisch Samischen Gerichte: &nbsp; L\u00e1ibbi \u2013 ein Wei\u00dfbrot, das so hart ist, dass es nicht in Ihrem Rucksack zerkr\u00fcmelt Guoike\" \/>\n<meta property=\"og:url\" content=\"https:\/\/nikkaluokta.com\/de\/essen-und-trinken\/samische-kueche\" \/>\n<meta property=\"og:site_name\" content=\"Nikkaluokta Sarri AB\" \/>\n<meta property=\"article:publisher\" content=\"https:\/\/www.facebook.com\/Nikkaluoktasarri\/\" \/>\n<meta property=\"article:modified_time\" content=\"2016-12-18T08:14:18+00:00\" \/>\n<meta property=\"og:image\" content=\"https:\/\/media.nikkaluokta.com\/2016\/02\/MG_5672.jpg\" \/>\n\t<meta property=\"og:image:width\" content=\"1000\" \/>\n\t<meta property=\"og:image:height\" content=\"562\" \/>\n\t<meta property=\"og:image:type\" content=\"image\/jpeg\" \/>\n<meta name=\"twitter:card\" content=\"summary_large_image\" \/>\n<meta name=\"twitter:label1\" content=\"Gesch\u00e4tzte Lesezeit\" \/>\n\t<meta name=\"twitter:data1\" content=\"1\u00a0Minute\" \/>\n<script type=\"application\/ld+json\" class=\"yoast-schema-graph\">{\"@context\":\"https:\\\/\\\/schema.org\",\"@graph\":[{\"@type\":\"WebPage\",\"@id\":\"https:\\\/\\\/nikkaluokta.com\\\/de\\\/essen-und-trinken\\\/samische-kueche\",\"url\":\"https:\\\/\\\/nikkaluokta.com\\\/de\\\/essen-und-trinken\\\/samische-kueche\",\"name\":\"Samische K\u00fcche - Nikkaluokta Sarri AB\",\"isPartOf\":{\"@id\":\"https:\\\/\\\/nikkaluokta.com\\\/de\\\/#website\"},\"datePublished\":\"2014-03-12T17:13:56+00:00\",\"dateModified\":\"2016-12-18T08:14:18+00:00\",\"breadcrumb\":{\"@id\":\"https:\\\/\\\/nikkaluokta.com\\\/de\\\/essen-und-trinken\\\/samische-kueche#breadcrumb\"},\"inLanguage\":\"de\",\"potentialAction\":[{\"@type\":\"ReadAction\",\"target\":[\"https:\\\/\\\/nikkaluokta.com\\\/de\\\/essen-und-trinken\\\/samische-kueche\"]}]},{\"@type\":\"BreadcrumbList\",\"@id\":\"https:\\\/\\\/nikkaluokta.com\\\/de\\\/essen-und-trinken\\\/samische-kueche#breadcrumb\",\"itemListElement\":[{\"@type\":\"ListItem\",\"position\":1,\"name\":\"Home\",\"item\":\"https:\\\/\\\/nikkaluokta.com\\\/de\"},{\"@type\":\"ListItem\",\"position\":2,\"name\":\"Essen &#038; Trinken\",\"item\":\"https:\\\/\\\/nikkaluokta.com\\\/de\\\/essen-und-trinken\"},{\"@type\":\"ListItem\",\"position\":3,\"name\":\"Samische K\u00fcche\"}]},{\"@type\":\"WebSite\",\"@id\":\"https:\\\/\\\/nikkaluokta.com\\\/de\\\/#website\",\"url\":\"https:\\\/\\\/nikkaluokta.com\\\/de\\\/\",\"name\":\"Nikkaluokta Sarri AB\",\"description\":\"Mitt i en storslagen natur\",\"publisher\":{\"@id\":\"https:\\\/\\\/nikkaluokta.com\\\/de\\\/#organization\"},\"potentialAction\":[{\"@type\":\"SearchAction\",\"target\":{\"@type\":\"EntryPoint\",\"urlTemplate\":\"https:\\\/\\\/nikkaluokta.com\\\/de\\\/?s={search_term_string}\"},\"query-input\":{\"@type\":\"PropertyValueSpecification\",\"valueRequired\":true,\"valueName\":\"search_term_string\"}}],\"inLanguage\":\"de\"},{\"@type\":\"Organization\",\"@id\":\"https:\\\/\\\/nikkaluokta.com\\\/de\\\/#organization\",\"name\":\"Nikkaluokta Sarri AB\",\"url\":\"https:\\\/\\\/nikkaluokta.com\\\/de\\\/\",\"logo\":{\"@type\":\"ImageObject\",\"inLanguage\":\"de\",\"@id\":\"https:\\\/\\\/nikkaluokta.com\\\/de\\\/#\\\/schema\\\/logo\\\/image\\\/\",\"url\":\"https:\\\/\\\/media.nikkaluokta.com\\\/2019\\\/01\\\/Nikkaluokta-transp-logo.png\",\"contentUrl\":\"https:\\\/\\\/media.nikkaluokta.com\\\/2019\\\/01\\\/Nikkaluokta-transp-logo.png\",\"width\":800,\"height\":149,\"caption\":\"Nikkaluokta Sarri AB\"},\"image\":{\"@id\":\"https:\\\/\\\/nikkaluokta.com\\\/de\\\/#\\\/schema\\\/logo\\\/image\\\/\"},\"sameAs\":[\"https:\\\/\\\/www.facebook.com\\\/Nikkaluoktasarri\\\/\",\"https:\\\/\\\/www.instagram.com\\\/nikkaluoktasarri\\\/\"]}]}<\/script>\n<!-- \/ Yoast SEO plugin. -->","yoast_head_json":{"title":"Samische K\u00fcche - Nikkaluokta Sarri AB","robots":{"index":"index","follow":"follow","max-snippet":"max-snippet:-1","max-image-preview":"max-image-preview:large","max-video-preview":"max-video-preview:-1"},"canonical":"https:\/\/nikkaluokta.com\/de\/essen-und-trinken\/samische-kueche","og_locale":"de_DE","og_type":"article","og_title":"Samische K\u00fcche - Nikkaluokta Sarri AB","og_description":"Samische K\u00fcche im Herzen von S\u00e1pmi Die Samische K\u00fcche blickt auf eine lange und individuelle Geschichte zur\u00fcck. Wir legen Wert auf traditionelle Zubereitungsmethoden und kreieren aus traditionellen Rezepten moderne Versionen. Probieren Sie ein paar unserer typisch Samischen Gerichte: &nbsp; L\u00e1ibbi \u2013 ein Wei\u00dfbrot, das so hart ist, dass es nicht in Ihrem Rucksack zerkr\u00fcmelt Guoike","og_url":"https:\/\/nikkaluokta.com\/de\/essen-und-trinken\/samische-kueche","og_site_name":"Nikkaluokta Sarri AB","article_publisher":"https:\/\/www.facebook.com\/Nikkaluoktasarri\/","article_modified_time":"2016-12-18T08:14:18+00:00","og_image":[{"width":1000,"height":562,"url":"https:\/\/media.nikkaluokta.com\/2016\/02\/MG_5672.jpg","type":"image\/jpeg"}],"twitter_card":"summary_large_image","twitter_misc":{"Gesch\u00e4tzte Lesezeit":"1\u00a0Minute"},"schema":{"@context":"https:\/\/schema.org","@graph":[{"@type":"WebPage","@id":"https:\/\/nikkaluokta.com\/de\/essen-und-trinken\/samische-kueche","url":"https:\/\/nikkaluokta.com\/de\/essen-und-trinken\/samische-kueche","name":"Samische K\u00fcche - Nikkaluokta Sarri AB","isPartOf":{"@id":"https:\/\/nikkaluokta.com\/de\/#website"},"datePublished":"2014-03-12T17:13:56+00:00","dateModified":"2016-12-18T08:14:18+00:00","breadcrumb":{"@id":"https:\/\/nikkaluokta.com\/de\/essen-und-trinken\/samische-kueche#breadcrumb"},"inLanguage":"de","potentialAction":[{"@type":"ReadAction","target":["https:\/\/nikkaluokta.com\/de\/essen-und-trinken\/samische-kueche"]}]},{"@type":"BreadcrumbList","@id":"https:\/\/nikkaluokta.com\/de\/essen-und-trinken\/samische-kueche#breadcrumb","itemListElement":[{"@type":"ListItem","position":1,"name":"Home","item":"https:\/\/nikkaluokta.com\/de"},{"@type":"ListItem","position":2,"name":"Essen &#038; Trinken","item":"https:\/\/nikkaluokta.com\/de\/essen-und-trinken"},{"@type":"ListItem","position":3,"name":"Samische K\u00fcche"}]},{"@type":"WebSite","@id":"https:\/\/nikkaluokta.com\/de\/#website","url":"https:\/\/nikkaluokta.com\/de\/","name":"Nikkaluokta Sarri AB","description":"Mitt i en storslagen natur","publisher":{"@id":"https:\/\/nikkaluokta.com\/de\/#organization"},"potentialAction":[{"@type":"SearchAction","target":{"@type":"EntryPoint","urlTemplate":"https:\/\/nikkaluokta.com\/de\/?s={search_term_string}"},"query-input":{"@type":"PropertyValueSpecification","valueRequired":true,"valueName":"search_term_string"}}],"inLanguage":"de"},{"@type":"Organization","@id":"https:\/\/nikkaluokta.com\/de\/#organization","name":"Nikkaluokta Sarri AB","url":"https:\/\/nikkaluokta.com\/de\/","logo":{"@type":"ImageObject","inLanguage":"de","@id":"https:\/\/nikkaluokta.com\/de\/#\/schema\/logo\/image\/","url":"https:\/\/media.nikkaluokta.com\/2019\/01\/Nikkaluokta-transp-logo.png","contentUrl":"https:\/\/media.nikkaluokta.com\/2019\/01\/Nikkaluokta-transp-logo.png","width":800,"height":149,"caption":"Nikkaluokta Sarri AB"},"image":{"@id":"https:\/\/nikkaluokta.com\/de\/#\/schema\/logo\/image\/"},"sameAs":["https:\/\/www.facebook.com\/Nikkaluoktasarri\/","https:\/\/www.instagram.com\/nikkaluoktasarri\/"]}]}},"_links":{"self":[{"href":"https:\/\/nikkaluokta.com\/de\/wp-json\/wp\/v2\/pages\/291","targetHints":{"allow":["GET"]}}],"collection":[{"href":"https:\/\/nikkaluokta.com\/de\/wp-json\/wp\/v2\/pages"}],"about":[{"href":"https:\/\/nikkaluokta.com\/de\/wp-json\/wp\/v2\/types\/page"}],"author":[{"embeddable":true,"href":"https:\/\/nikkaluokta.com\/de\/wp-json\/wp\/v2\/users\/1"}],"replies":[{"embeddable":true,"href":"https:\/\/nikkaluokta.com\/de\/wp-json\/wp\/v2\/comments?post=291"}],"version-history":[{"count":3,"href":"https:\/\/nikkaluokta.com\/de\/wp-json\/wp\/v2\/pages\/291\/revisions"}],"predecessor-version":[{"id":856,"href":"https:\/\/nikkaluokta.com\/de\/wp-json\/wp\/v2\/pages\/291\/revisions\/856"}],"up":[{"embeddable":true,"href":"https:\/\/nikkaluokta.com\/de\/wp-json\/wp\/v2\/pages\/300"}],"wp:attachment":[{"href":"https:\/\/nikkaluokta.com\/de\/wp-json\/wp\/v2\/media?parent=291"}],"curies":[{"name":"wp","href":"https:\/\/api.w.org\/{rel}","templated":true}]}}