{"id":293,"date":"2014-03-12T18:10:04","date_gmt":"2014-03-12T17:10:04","guid":{"rendered":"http:\/\/nikkaluokta.com.loopiadns.com\/de\/cafe"},"modified":"2016-12-18T09:13:05","modified_gmt":"2016-12-18T08:13:05","slug":"cafe","status":"publish","type":"page","link":"https:\/\/nikkaluokta.com\/de\/essen-und-trinken\/cafe","title":{"rendered":"Caf\u00e9"},"content":{"rendered":"<h1><a href=\"http:\/\/nikkaluokta.com\/wp-content\/uploads\/2014\/03\/MG_0851.jpg\"><img loading=\"lazy\" decoding=\"async\" class=\"alignnone size-full wp-image-69\" src=\"http:\/\/nikkaluokta.com\/wp-content\/uploads\/2014\/03\/MG_0851.jpg\" alt=\"_MG_0851\" width=\"1000\" height=\"562\" srcset=\"http:\/\/media.nikkaluokta.com\/2014\/03\/MG_0851.jpg 1000w, http:\/\/media.nikkaluokta.com\/2014\/03\/MG_0851-300x168.jpg 300w\" sizes=\"auto, (max-width: 1000px) 100vw, 1000px\" \/><\/a><\/h1>\n<h2>Genie\u00dfen Sie warme und kalte Getr\u00e4nke mit Aussicht auf die Berge!<\/h2>\n<p>Suchen Sie sich ein Geb\u00e4ck von unserem Kaffeebuffet aus, bedienen Sie sich mit Tee und Bio-Kaffee und genie\u00dfen Sie ruhige\u00a0Momente in unserem h\u00fcbschen Restaurant.<\/p>\n<p>Saubereres Wasser werden Sie nirgends bekommen \u2013 egal ob aus dem Wasserhahn oder direkt aus dem Fluss.<\/p>\n<p>Wir empfehlen Ihnen\u00a0folgende typische\u00a0Snacks aus dem Caf\u00e9:<\/p>\n<ul>\n<li>Waffeln mit Moltebeeren und Sahne<\/li>\n<li>Baguette mit Rentier<\/li>\n<li>Baguette mit Lachs<\/li>\n<\/ul>\n<p>Oder wie w\u00e4re es mit einem typischen Dessert des Nordens: Vanilleeis mit warmen Moltebeeren ist einer der Favoriten unserer G\u00e4ste!<\/p>\n<p>Wir verf\u00fcgen \u00fcber eine Ausschanklizenz und servieren eine Vielzahl warmer und kalter Getr\u00e4nke.<\/p>\n","protected":false},"excerpt":{"rendered":"<p>Genie\u00dfen Sie warme und kalte Getr\u00e4nke mit Aussicht auf die Berge! Suchen Sie sich ein Geb\u00e4ck von unserem Kaffeebuffet aus, bedienen Sie sich mit Tee und Bio-Kaffee und genie\u00dfen Sie ruhige\u00a0Momente in unserem h\u00fcbschen Restaurant. Saubereres Wasser werden Sie nirgends bekommen \u2013 egal ob aus dem Wasserhahn oder direkt aus dem Fluss. Wir empfehlen Ihnen\u00a0folgende<\/p>\n<a href=\"https:\/\/nikkaluokta.com\/de\/essen-und-trinken\/cafe\" class=\"sohohotel-more-link\">Read More<i class=\"fa fa-angle-right\"><\/i><\/a>","protected":false},"author":1,"featured_media":0,"parent":300,"menu_order":4,"comment_status":"closed","ping_status":"closed","template":"","meta":{"footnotes":""},"class_list":["post-293","page","type-page","status-publish","hentry"],"yoast_head":"<!-- This site is optimized with the Yoast SEO plugin v27.5 - https:\/\/yoast.com\/product\/yoast-seo-wordpress\/ -->\n<title>Caf\u00e9 - Nikkaluokta Sarri AB<\/title>\n<meta name=\"robots\" content=\"index, follow, max-snippet:-1, max-image-preview:large, max-video-preview:-1\" \/>\n<link rel=\"canonical\" href=\"https:\/\/nikkaluokta.com\/de\/essen-und-trinken\/cafe\" \/>\n<meta property=\"og:locale\" content=\"de_DE\" \/>\n<meta property=\"og:type\" content=\"article\" \/>\n<meta property=\"og:title\" content=\"Caf\u00e9 - Nikkaluokta Sarri AB\" \/>\n<meta property=\"og:description\" content=\"Genie\u00dfen Sie warme und kalte Getr\u00e4nke mit Aussicht auf die Berge! Suchen Sie sich ein Geb\u00e4ck von unserem Kaffeebuffet aus, bedienen Sie sich mit Tee und Bio-Kaffee und genie\u00dfen Sie ruhige\u00a0Momente in unserem h\u00fcbschen Restaurant. Saubereres Wasser werden Sie nirgends bekommen \u2013 egal ob aus dem Wasserhahn oder direkt aus dem Fluss. Wir empfehlen Ihnen\u00a0folgende\" \/>\n<meta property=\"og:url\" content=\"https:\/\/nikkaluokta.com\/de\/essen-und-trinken\/cafe\" \/>\n<meta property=\"og:site_name\" content=\"Nikkaluokta Sarri AB\" \/>\n<meta property=\"article:publisher\" content=\"https:\/\/www.facebook.com\/Nikkaluoktasarri\/\" \/>\n<meta property=\"article:modified_time\" content=\"2016-12-18T08:13:05+00:00\" \/>\n<meta property=\"og:image\" content=\"http:\/\/nikkaluokta.com\/wp-content\/uploads\/2014\/03\/MG_0851.jpg\" \/>\n<meta name=\"twitter:card\" content=\"summary_large_image\" \/>\n<meta name=\"twitter:label1\" content=\"Gesch\u00e4tzte Lesezeit\" \/>\n\t<meta name=\"twitter:data1\" content=\"1\u00a0Minute\" \/>\n<script type=\"application\/ld+json\" class=\"yoast-schema-graph\">{\"@context\":\"https:\\\/\\\/schema.org\",\"@graph\":[{\"@type\":\"WebPage\",\"@id\":\"https:\\\/\\\/nikkaluokta.com\\\/de\\\/essen-und-trinken\\\/cafe\",\"url\":\"https:\\\/\\\/nikkaluokta.com\\\/de\\\/essen-und-trinken\\\/cafe\",\"name\":\"Caf\u00e9 - Nikkaluokta Sarri AB\",\"isPartOf\":{\"@id\":\"https:\\\/\\\/nikkaluokta.com\\\/de\\\/#website\"},\"primaryImageOfPage\":{\"@id\":\"https:\\\/\\\/nikkaluokta.com\\\/de\\\/essen-und-trinken\\\/cafe#primaryimage\"},\"image\":{\"@id\":\"https:\\\/\\\/nikkaluokta.com\\\/de\\\/essen-und-trinken\\\/cafe#primaryimage\"},\"thumbnailUrl\":\"http:\\\/\\\/nikkaluokta.com\\\/wp-content\\\/uploads\\\/2014\\\/03\\\/MG_0851.jpg\",\"datePublished\":\"2014-03-12T17:10:04+00:00\",\"dateModified\":\"2016-12-18T08:13:05+00:00\",\"breadcrumb\":{\"@id\":\"https:\\\/\\\/nikkaluokta.com\\\/de\\\/essen-und-trinken\\\/cafe#breadcrumb\"},\"inLanguage\":\"de\",\"potentialAction\":[{\"@type\":\"ReadAction\",\"target\":[\"https:\\\/\\\/nikkaluokta.com\\\/de\\\/essen-und-trinken\\\/cafe\"]}]},{\"@type\":\"ImageObject\",\"inLanguage\":\"de\",\"@id\":\"https:\\\/\\\/nikkaluokta.com\\\/de\\\/essen-und-trinken\\\/cafe#primaryimage\",\"url\":\"http:\\\/\\\/nikkaluokta.com\\\/wp-content\\\/uploads\\\/2014\\\/03\\\/MG_0851.jpg\",\"contentUrl\":\"http:\\\/\\\/nikkaluokta.com\\\/wp-content\\\/uploads\\\/2014\\\/03\\\/MG_0851.jpg\"},{\"@type\":\"BreadcrumbList\",\"@id\":\"https:\\\/\\\/nikkaluokta.com\\\/de\\\/essen-und-trinken\\\/cafe#breadcrumb\",\"itemListElement\":[{\"@type\":\"ListItem\",\"position\":1,\"name\":\"Home\",\"item\":\"https:\\\/\\\/nikkaluokta.com\\\/de\"},{\"@type\":\"ListItem\",\"position\":2,\"name\":\"Essen &#038; Trinken\",\"item\":\"https:\\\/\\\/nikkaluokta.com\\\/de\\\/essen-und-trinken\"},{\"@type\":\"ListItem\",\"position\":3,\"name\":\"Caf\u00e9\"}]},{\"@type\":\"WebSite\",\"@id\":\"https:\\\/\\\/nikkaluokta.com\\\/de\\\/#website\",\"url\":\"https:\\\/\\\/nikkaluokta.com\\\/de\\\/\",\"name\":\"Nikkaluokta Sarri AB\",\"description\":\"Mitt i en storslagen natur\",\"publisher\":{\"@id\":\"https:\\\/\\\/nikkaluokta.com\\\/de\\\/#organization\"},\"potentialAction\":[{\"@type\":\"SearchAction\",\"target\":{\"@type\":\"EntryPoint\",\"urlTemplate\":\"https:\\\/\\\/nikkaluokta.com\\\/de\\\/?s={search_term_string}\"},\"query-input\":{\"@type\":\"PropertyValueSpecification\",\"valueRequired\":true,\"valueName\":\"search_term_string\"}}],\"inLanguage\":\"de\"},{\"@type\":\"Organization\",\"@id\":\"https:\\\/\\\/nikkaluokta.com\\\/de\\\/#organization\",\"name\":\"Nikkaluokta Sarri AB\",\"url\":\"https:\\\/\\\/nikkaluokta.com\\\/de\\\/\",\"logo\":{\"@type\":\"ImageObject\",\"inLanguage\":\"de\",\"@id\":\"https:\\\/\\\/nikkaluokta.com\\\/de\\\/#\\\/schema\\\/logo\\\/image\\\/\",\"url\":\"https:\\\/\\\/media.nikkaluokta.com\\\/2019\\\/01\\\/Nikkaluokta-transp-logo.png\",\"contentUrl\":\"https:\\\/\\\/media.nikkaluokta.com\\\/2019\\\/01\\\/Nikkaluokta-transp-logo.png\",\"width\":800,\"height\":149,\"caption\":\"Nikkaluokta Sarri AB\"},\"image\":{\"@id\":\"https:\\\/\\\/nikkaluokta.com\\\/de\\\/#\\\/schema\\\/logo\\\/image\\\/\"},\"sameAs\":[\"https:\\\/\\\/www.facebook.com\\\/Nikkaluoktasarri\\\/\",\"https:\\\/\\\/www.instagram.com\\\/nikkaluoktasarri\\\/\"]}]}<\/script>\n<!-- \/ Yoast SEO plugin. -->","yoast_head_json":{"title":"Caf\u00e9 - Nikkaluokta Sarri AB","robots":{"index":"index","follow":"follow","max-snippet":"max-snippet:-1","max-image-preview":"max-image-preview:large","max-video-preview":"max-video-preview:-1"},"canonical":"https:\/\/nikkaluokta.com\/de\/essen-und-trinken\/cafe","og_locale":"de_DE","og_type":"article","og_title":"Caf\u00e9 - Nikkaluokta Sarri AB","og_description":"Genie\u00dfen Sie warme und kalte Getr\u00e4nke mit Aussicht auf die Berge! Suchen Sie sich ein Geb\u00e4ck von unserem Kaffeebuffet aus, bedienen Sie sich mit Tee und Bio-Kaffee und genie\u00dfen Sie ruhige\u00a0Momente in unserem h\u00fcbschen Restaurant. Saubereres Wasser werden Sie nirgends bekommen \u2013 egal ob aus dem Wasserhahn oder direkt aus dem Fluss. Wir empfehlen Ihnen\u00a0folgende","og_url":"https:\/\/nikkaluokta.com\/de\/essen-und-trinken\/cafe","og_site_name":"Nikkaluokta Sarri AB","article_publisher":"https:\/\/www.facebook.com\/Nikkaluoktasarri\/","article_modified_time":"2016-12-18T08:13:05+00:00","og_image":[{"url":"http:\/\/nikkaluokta.com\/wp-content\/uploads\/2014\/03\/MG_0851.jpg","type":"","width":"","height":""}],"twitter_card":"summary_large_image","twitter_misc":{"Gesch\u00e4tzte Lesezeit":"1\u00a0Minute"},"schema":{"@context":"https:\/\/schema.org","@graph":[{"@type":"WebPage","@id":"https:\/\/nikkaluokta.com\/de\/essen-und-trinken\/cafe","url":"https:\/\/nikkaluokta.com\/de\/essen-und-trinken\/cafe","name":"Caf\u00e9 - Nikkaluokta Sarri AB","isPartOf":{"@id":"https:\/\/nikkaluokta.com\/de\/#website"},"primaryImageOfPage":{"@id":"https:\/\/nikkaluokta.com\/de\/essen-und-trinken\/cafe#primaryimage"},"image":{"@id":"https:\/\/nikkaluokta.com\/de\/essen-und-trinken\/cafe#primaryimage"},"thumbnailUrl":"http:\/\/nikkaluokta.com\/wp-content\/uploads\/2014\/03\/MG_0851.jpg","datePublished":"2014-03-12T17:10:04+00:00","dateModified":"2016-12-18T08:13:05+00:00","breadcrumb":{"@id":"https:\/\/nikkaluokta.com\/de\/essen-und-trinken\/cafe#breadcrumb"},"inLanguage":"de","potentialAction":[{"@type":"ReadAction","target":["https:\/\/nikkaluokta.com\/de\/essen-und-trinken\/cafe"]}]},{"@type":"ImageObject","inLanguage":"de","@id":"https:\/\/nikkaluokta.com\/de\/essen-und-trinken\/cafe#primaryimage","url":"http:\/\/nikkaluokta.com\/wp-content\/uploads\/2014\/03\/MG_0851.jpg","contentUrl":"http:\/\/nikkaluokta.com\/wp-content\/uploads\/2014\/03\/MG_0851.jpg"},{"@type":"BreadcrumbList","@id":"https:\/\/nikkaluokta.com\/de\/essen-und-trinken\/cafe#breadcrumb","itemListElement":[{"@type":"ListItem","position":1,"name":"Home","item":"https:\/\/nikkaluokta.com\/de"},{"@type":"ListItem","position":2,"name":"Essen &#038; Trinken","item":"https:\/\/nikkaluokta.com\/de\/essen-und-trinken"},{"@type":"ListItem","position":3,"name":"Caf\u00e9"}]},{"@type":"WebSite","@id":"https:\/\/nikkaluokta.com\/de\/#website","url":"https:\/\/nikkaluokta.com\/de\/","name":"Nikkaluokta Sarri AB","description":"Mitt i en storslagen natur","publisher":{"@id":"https:\/\/nikkaluokta.com\/de\/#organization"},"potentialAction":[{"@type":"SearchAction","target":{"@type":"EntryPoint","urlTemplate":"https:\/\/nikkaluokta.com\/de\/?s={search_term_string}"},"query-input":{"@type":"PropertyValueSpecification","valueRequired":true,"valueName":"search_term_string"}}],"inLanguage":"de"},{"@type":"Organization","@id":"https:\/\/nikkaluokta.com\/de\/#organization","name":"Nikkaluokta Sarri AB","url":"https:\/\/nikkaluokta.com\/de\/","logo":{"@type":"ImageObject","inLanguage":"de","@id":"https:\/\/nikkaluokta.com\/de\/#\/schema\/logo\/image\/","url":"https:\/\/media.nikkaluokta.com\/2019\/01\/Nikkaluokta-transp-logo.png","contentUrl":"https:\/\/media.nikkaluokta.com\/2019\/01\/Nikkaluokta-transp-logo.png","width":800,"height":149,"caption":"Nikkaluokta Sarri AB"},"image":{"@id":"https:\/\/nikkaluokta.com\/de\/#\/schema\/logo\/image\/"},"sameAs":["https:\/\/www.facebook.com\/Nikkaluoktasarri\/","https:\/\/www.instagram.com\/nikkaluoktasarri\/"]}]}},"_links":{"self":[{"href":"https:\/\/nikkaluokta.com\/de\/wp-json\/wp\/v2\/pages\/293","targetHints":{"allow":["GET"]}}],"collection":[{"href":"https:\/\/nikkaluokta.com\/de\/wp-json\/wp\/v2\/pages"}],"about":[{"href":"https:\/\/nikkaluokta.com\/de\/wp-json\/wp\/v2\/types\/page"}],"author":[{"embeddable":true,"href":"https:\/\/nikkaluokta.com\/de\/wp-json\/wp\/v2\/users\/1"}],"replies":[{"embeddable":true,"href":"https:\/\/nikkaluokta.com\/de\/wp-json\/wp\/v2\/comments?post=293"}],"version-history":[{"count":2,"href":"https:\/\/nikkaluokta.com\/de\/wp-json\/wp\/v2\/pages\/293\/revisions"}],"predecessor-version":[{"id":850,"href":"https:\/\/nikkaluokta.com\/de\/wp-json\/wp\/v2\/pages\/293\/revisions\/850"}],"up":[{"embeddable":true,"href":"https:\/\/nikkaluokta.com\/de\/wp-json\/wp\/v2\/pages\/300"}],"wp:attachment":[{"href":"https:\/\/nikkaluokta.com\/de\/wp-json\/wp\/v2\/media?parent=293"}],"curies":[{"name":"wp","href":"https:\/\/api.w.org\/{rel}","templated":true}]}}