{"id":295,"date":"2014-03-12T18:09:47","date_gmt":"2014-03-12T17:09:47","guid":{"rendered":"http:\/\/nikkaluokta.com.loopiadns.com\/de\/breakfast"},"modified":"2021-06-28T10:31:10","modified_gmt":"2021-06-28T08:31:10","slug":"fruehstueck","status":"publish","type":"page","link":"https:\/\/nikkaluokta.com\/de\/essen-und-trinken\/fruehstueck","title":{"rendered":"Fr\u00fchst\u00fcck"},"content":{"rendered":"<h1><a href=\"http:\/\/nikkaluokta.com\/wp-content\/uploads\/2014\/03\/MG_0770.jpg\"><img loading=\"lazy\" decoding=\"async\" class=\"alignnone size-full wp-image-72\" src=\"http:\/\/nikkaluokta.com\/wp-content\/uploads\/2014\/03\/MG_0770.jpg\" alt=\"_MG_0770\" width=\"1000\" height=\"562\" srcset=\"http:\/\/media.nikkaluokta.com\/2014\/03\/MG_0770.jpg 1000w, http:\/\/media.nikkaluokta.com\/2014\/03\/MG_0770-300x168.jpg 300w\" sizes=\"auto, (max-width: 1000px) 100vw, 1000px\" \/><\/a><\/h1>\n<h1>Der perfekte Start in den Tag gelingt mit einem guten Fr\u00fchst\u00fcck!<\/h1>\n<p>Wer sich viel in den Bergen bewegt, sollte den Tag mit einem nahrhaften und schmackhaften Fr\u00fchst\u00fcck beginnen.<\/p>\n<p>Jeden Morgen servieren wir ein Fr\u00fchst\u00fccksbuffet im Restaurant Sk\u00e1idi. Bedienen sie sich aus einer reichhaltigen Auswahl aus \u00a0Kaffee, Tee, Fil, Joghurt, Brot.<\/p>\n<p>Guten Appetit!<\/p>\n<p>Buchen Sie das Fr\u00fchst\u00fcck sp\u00e4testens einen Abend zuvor an der Rezeption. F\u00fcr unterwegs bereiten wir Ihnen gern ein Picknick-Paket zu. Falls Sie fr\u00fch aufbrechen m\u00f6chten, stellen wir Ihnen ein Fr\u00fchst\u00fcckspaket zur Verf\u00fcgung.<\/p>\n<p>&nbsp;<\/p>\n","protected":false},"excerpt":{"rendered":"<p>Der perfekte Start in den Tag gelingt mit einem guten Fr\u00fchst\u00fcck! Wer sich viel in den Bergen bewegt, sollte den Tag mit einem nahrhaften und schmackhaften Fr\u00fchst\u00fcck beginnen. Jeden Morgen servieren wir ein Fr\u00fchst\u00fccksbuffet im Restaurant Sk\u00e1idi. Bedienen sie sich aus einer reichhaltigen Auswahl aus \u00a0Kaffee, Tee, Fil, Joghurt, Brot. Guten Appetit! Buchen Sie das<\/p>\n<a href=\"https:\/\/nikkaluokta.com\/de\/essen-und-trinken\/fruehstueck\" class=\"sohohotel-more-link\">Read More<i class=\"fa fa-angle-right\"><\/i><\/a>","protected":false},"author":1,"featured_media":0,"parent":300,"menu_order":1,"comment_status":"closed","ping_status":"closed","template":"","meta":{"footnotes":""},"class_list":["post-295","page","type-page","status-publish","hentry"],"yoast_head":"<!-- This site is optimized with the Yoast SEO plugin v27.5 - https:\/\/yoast.com\/product\/yoast-seo-wordpress\/ -->\n<title>Fr\u00fchst\u00fcck - Nikkaluokta Sarri AB<\/title>\n<meta name=\"robots\" content=\"index, follow, max-snippet:-1, max-image-preview:large, max-video-preview:-1\" \/>\n<link rel=\"canonical\" href=\"https:\/\/nikkaluokta.com\/de\/essen-und-trinken\/fruehstueck\" \/>\n<meta property=\"og:locale\" content=\"de_DE\" \/>\n<meta property=\"og:type\" content=\"article\" \/>\n<meta property=\"og:title\" content=\"Fr\u00fchst\u00fcck - Nikkaluokta Sarri AB\" \/>\n<meta property=\"og:description\" content=\"Der perfekte Start in den Tag gelingt mit einem guten Fr\u00fchst\u00fcck! Wer sich viel in den Bergen bewegt, sollte den Tag mit einem nahrhaften und schmackhaften Fr\u00fchst\u00fcck beginnen. Jeden Morgen servieren wir ein Fr\u00fchst\u00fccksbuffet im Restaurant Sk\u00e1idi. Bedienen sie sich aus einer reichhaltigen Auswahl aus \u00a0Kaffee, Tee, Fil, Joghurt, Brot. Guten Appetit! Buchen Sie das\" \/>\n<meta property=\"og:url\" content=\"https:\/\/nikkaluokta.com\/de\/essen-und-trinken\/fruehstueck\" \/>\n<meta property=\"og:site_name\" content=\"Nikkaluokta Sarri AB\" \/>\n<meta property=\"article:publisher\" content=\"https:\/\/www.facebook.com\/Nikkaluoktasarri\/\" \/>\n<meta property=\"article:modified_time\" content=\"2021-06-28T08:31:10+00:00\" \/>\n<meta property=\"og:image\" content=\"http:\/\/nikkaluokta.com\/wp-content\/uploads\/2014\/03\/MG_0770.jpg\" \/>\n<meta name=\"twitter:card\" content=\"summary_large_image\" \/>\n<meta name=\"twitter:label1\" content=\"Gesch\u00e4tzte Lesezeit\" \/>\n\t<meta name=\"twitter:data1\" content=\"1\u00a0Minute\" \/>\n<script type=\"application\/ld+json\" class=\"yoast-schema-graph\">{\"@context\":\"https:\\\/\\\/schema.org\",\"@graph\":[{\"@type\":\"WebPage\",\"@id\":\"https:\\\/\\\/nikkaluokta.com\\\/de\\\/essen-und-trinken\\\/fruehstueck\",\"url\":\"https:\\\/\\\/nikkaluokta.com\\\/de\\\/essen-und-trinken\\\/fruehstueck\",\"name\":\"Fr\u00fchst\u00fcck - Nikkaluokta Sarri AB\",\"isPartOf\":{\"@id\":\"https:\\\/\\\/nikkaluokta.com\\\/de\\\/#website\"},\"primaryImageOfPage\":{\"@id\":\"https:\\\/\\\/nikkaluokta.com\\\/de\\\/essen-und-trinken\\\/fruehstueck#primaryimage\"},\"image\":{\"@id\":\"https:\\\/\\\/nikkaluokta.com\\\/de\\\/essen-und-trinken\\\/fruehstueck#primaryimage\"},\"thumbnailUrl\":\"http:\\\/\\\/nikkaluokta.com\\\/wp-content\\\/uploads\\\/2014\\\/03\\\/MG_0770.jpg\",\"datePublished\":\"2014-03-12T17:09:47+00:00\",\"dateModified\":\"2021-06-28T08:31:10+00:00\",\"breadcrumb\":{\"@id\":\"https:\\\/\\\/nikkaluokta.com\\\/de\\\/essen-und-trinken\\\/fruehstueck#breadcrumb\"},\"inLanguage\":\"de\",\"potentialAction\":[{\"@type\":\"ReadAction\",\"target\":[\"https:\\\/\\\/nikkaluokta.com\\\/de\\\/essen-und-trinken\\\/fruehstueck\"]}]},{\"@type\":\"ImageObject\",\"inLanguage\":\"de\",\"@id\":\"https:\\\/\\\/nikkaluokta.com\\\/de\\\/essen-und-trinken\\\/fruehstueck#primaryimage\",\"url\":\"http:\\\/\\\/nikkaluokta.com\\\/wp-content\\\/uploads\\\/2014\\\/03\\\/MG_0770.jpg\",\"contentUrl\":\"http:\\\/\\\/nikkaluokta.com\\\/wp-content\\\/uploads\\\/2014\\\/03\\\/MG_0770.jpg\"},{\"@type\":\"BreadcrumbList\",\"@id\":\"https:\\\/\\\/nikkaluokta.com\\\/de\\\/essen-und-trinken\\\/fruehstueck#breadcrumb\",\"itemListElement\":[{\"@type\":\"ListItem\",\"position\":1,\"name\":\"Home\",\"item\":\"https:\\\/\\\/nikkaluokta.com\\\/de\"},{\"@type\":\"ListItem\",\"position\":2,\"name\":\"Essen &#038; Trinken\",\"item\":\"https:\\\/\\\/nikkaluokta.com\\\/de\\\/essen-und-trinken\"},{\"@type\":\"ListItem\",\"position\":3,\"name\":\"Fr\u00fchst\u00fcck\"}]},{\"@type\":\"WebSite\",\"@id\":\"https:\\\/\\\/nikkaluokta.com\\\/de\\\/#website\",\"url\":\"https:\\\/\\\/nikkaluokta.com\\\/de\\\/\",\"name\":\"Nikkaluokta Sarri AB\",\"description\":\"Mitt i en storslagen natur\",\"publisher\":{\"@id\":\"https:\\\/\\\/nikkaluokta.com\\\/de\\\/#organization\"},\"potentialAction\":[{\"@type\":\"SearchAction\",\"target\":{\"@type\":\"EntryPoint\",\"urlTemplate\":\"https:\\\/\\\/nikkaluokta.com\\\/de\\\/?s={search_term_string}\"},\"query-input\":{\"@type\":\"PropertyValueSpecification\",\"valueRequired\":true,\"valueName\":\"search_term_string\"}}],\"inLanguage\":\"de\"},{\"@type\":\"Organization\",\"@id\":\"https:\\\/\\\/nikkaluokta.com\\\/de\\\/#organization\",\"name\":\"Nikkaluokta Sarri AB\",\"url\":\"https:\\\/\\\/nikkaluokta.com\\\/de\\\/\",\"logo\":{\"@type\":\"ImageObject\",\"inLanguage\":\"de\",\"@id\":\"https:\\\/\\\/nikkaluokta.com\\\/de\\\/#\\\/schema\\\/logo\\\/image\\\/\",\"url\":\"https:\\\/\\\/media.nikkaluokta.com\\\/2019\\\/01\\\/Nikkaluokta-transp-logo.png\",\"contentUrl\":\"https:\\\/\\\/media.nikkaluokta.com\\\/2019\\\/01\\\/Nikkaluokta-transp-logo.png\",\"width\":800,\"height\":149,\"caption\":\"Nikkaluokta Sarri AB\"},\"image\":{\"@id\":\"https:\\\/\\\/nikkaluokta.com\\\/de\\\/#\\\/schema\\\/logo\\\/image\\\/\"},\"sameAs\":[\"https:\\\/\\\/www.facebook.com\\\/Nikkaluoktasarri\\\/\",\"https:\\\/\\\/www.instagram.com\\\/nikkaluoktasarri\\\/\"]}]}<\/script>\n<!-- \/ Yoast SEO plugin. -->","yoast_head_json":{"title":"Fr\u00fchst\u00fcck - Nikkaluokta Sarri AB","robots":{"index":"index","follow":"follow","max-snippet":"max-snippet:-1","max-image-preview":"max-image-preview:large","max-video-preview":"max-video-preview:-1"},"canonical":"https:\/\/nikkaluokta.com\/de\/essen-und-trinken\/fruehstueck","og_locale":"de_DE","og_type":"article","og_title":"Fr\u00fchst\u00fcck - Nikkaluokta Sarri AB","og_description":"Der perfekte Start in den Tag gelingt mit einem guten Fr\u00fchst\u00fcck! Wer sich viel in den Bergen bewegt, sollte den Tag mit einem nahrhaften und schmackhaften Fr\u00fchst\u00fcck beginnen. Jeden Morgen servieren wir ein Fr\u00fchst\u00fccksbuffet im Restaurant Sk\u00e1idi. Bedienen sie sich aus einer reichhaltigen Auswahl aus \u00a0Kaffee, Tee, Fil, Joghurt, Brot. Guten Appetit! Buchen Sie das","og_url":"https:\/\/nikkaluokta.com\/de\/essen-und-trinken\/fruehstueck","og_site_name":"Nikkaluokta Sarri AB","article_publisher":"https:\/\/www.facebook.com\/Nikkaluoktasarri\/","article_modified_time":"2021-06-28T08:31:10+00:00","og_image":[{"url":"http:\/\/nikkaluokta.com\/wp-content\/uploads\/2014\/03\/MG_0770.jpg","type":"","width":"","height":""}],"twitter_card":"summary_large_image","twitter_misc":{"Gesch\u00e4tzte Lesezeit":"1\u00a0Minute"},"schema":{"@context":"https:\/\/schema.org","@graph":[{"@type":"WebPage","@id":"https:\/\/nikkaluokta.com\/de\/essen-und-trinken\/fruehstueck","url":"https:\/\/nikkaluokta.com\/de\/essen-und-trinken\/fruehstueck","name":"Fr\u00fchst\u00fcck - Nikkaluokta Sarri AB","isPartOf":{"@id":"https:\/\/nikkaluokta.com\/de\/#website"},"primaryImageOfPage":{"@id":"https:\/\/nikkaluokta.com\/de\/essen-und-trinken\/fruehstueck#primaryimage"},"image":{"@id":"https:\/\/nikkaluokta.com\/de\/essen-und-trinken\/fruehstueck#primaryimage"},"thumbnailUrl":"http:\/\/nikkaluokta.com\/wp-content\/uploads\/2014\/03\/MG_0770.jpg","datePublished":"2014-03-12T17:09:47+00:00","dateModified":"2021-06-28T08:31:10+00:00","breadcrumb":{"@id":"https:\/\/nikkaluokta.com\/de\/essen-und-trinken\/fruehstueck#breadcrumb"},"inLanguage":"de","potentialAction":[{"@type":"ReadAction","target":["https:\/\/nikkaluokta.com\/de\/essen-und-trinken\/fruehstueck"]}]},{"@type":"ImageObject","inLanguage":"de","@id":"https:\/\/nikkaluokta.com\/de\/essen-und-trinken\/fruehstueck#primaryimage","url":"http:\/\/nikkaluokta.com\/wp-content\/uploads\/2014\/03\/MG_0770.jpg","contentUrl":"http:\/\/nikkaluokta.com\/wp-content\/uploads\/2014\/03\/MG_0770.jpg"},{"@type":"BreadcrumbList","@id":"https:\/\/nikkaluokta.com\/de\/essen-und-trinken\/fruehstueck#breadcrumb","itemListElement":[{"@type":"ListItem","position":1,"name":"Home","item":"https:\/\/nikkaluokta.com\/de"},{"@type":"ListItem","position":2,"name":"Essen &#038; Trinken","item":"https:\/\/nikkaluokta.com\/de\/essen-und-trinken"},{"@type":"ListItem","position":3,"name":"Fr\u00fchst\u00fcck"}]},{"@type":"WebSite","@id":"https:\/\/nikkaluokta.com\/de\/#website","url":"https:\/\/nikkaluokta.com\/de\/","name":"Nikkaluokta Sarri AB","description":"Mitt i en storslagen natur","publisher":{"@id":"https:\/\/nikkaluokta.com\/de\/#organization"},"potentialAction":[{"@type":"SearchAction","target":{"@type":"EntryPoint","urlTemplate":"https:\/\/nikkaluokta.com\/de\/?s={search_term_string}"},"query-input":{"@type":"PropertyValueSpecification","valueRequired":true,"valueName":"search_term_string"}}],"inLanguage":"de"},{"@type":"Organization","@id":"https:\/\/nikkaluokta.com\/de\/#organization","name":"Nikkaluokta Sarri AB","url":"https:\/\/nikkaluokta.com\/de\/","logo":{"@type":"ImageObject","inLanguage":"de","@id":"https:\/\/nikkaluokta.com\/de\/#\/schema\/logo\/image\/","url":"https:\/\/media.nikkaluokta.com\/2019\/01\/Nikkaluokta-transp-logo.png","contentUrl":"https:\/\/media.nikkaluokta.com\/2019\/01\/Nikkaluokta-transp-logo.png","width":800,"height":149,"caption":"Nikkaluokta Sarri AB"},"image":{"@id":"https:\/\/nikkaluokta.com\/de\/#\/schema\/logo\/image\/"},"sameAs":["https:\/\/www.facebook.com\/Nikkaluoktasarri\/","https:\/\/www.instagram.com\/nikkaluoktasarri\/"]}]}},"_links":{"self":[{"href":"https:\/\/nikkaluokta.com\/de\/wp-json\/wp\/v2\/pages\/295","targetHints":{"allow":["GET"]}}],"collection":[{"href":"https:\/\/nikkaluokta.com\/de\/wp-json\/wp\/v2\/pages"}],"about":[{"href":"https:\/\/nikkaluokta.com\/de\/wp-json\/wp\/v2\/types\/page"}],"author":[{"embeddable":true,"href":"https:\/\/nikkaluokta.com\/de\/wp-json\/wp\/v2\/users\/1"}],"replies":[{"embeddable":true,"href":"https:\/\/nikkaluokta.com\/de\/wp-json\/wp\/v2\/comments?post=295"}],"version-history":[{"count":6,"href":"https:\/\/nikkaluokta.com\/de\/wp-json\/wp\/v2\/pages\/295\/revisions"}],"predecessor-version":[{"id":2448,"href":"https:\/\/nikkaluokta.com\/de\/wp-json\/wp\/v2\/pages\/295\/revisions\/2448"}],"up":[{"embeddable":true,"href":"https:\/\/nikkaluokta.com\/de\/wp-json\/wp\/v2\/pages\/300"}],"wp:attachment":[{"href":"https:\/\/nikkaluokta.com\/de\/wp-json\/wp\/v2\/media?parent=295"}],"curies":[{"name":"wp","href":"https:\/\/api.w.org\/{rel}","templated":true}]}}