{"id":298,"date":"2014-03-12T18:09:12","date_gmt":"2014-03-12T17:09:12","guid":{"rendered":"http:\/\/nikkaluokta.com.loopiadns.com\/de\/a-la-carte"},"modified":"2016-12-18T09:11:46","modified_gmt":"2016-12-18T08:11:46","slug":"a-la-carte","status":"publish","type":"page","link":"https:\/\/nikkaluokta.com\/de\/essen-und-trinken\/a-la-carte","title":{"rendered":"\u00c1 la carte"},"content":{"rendered":"<h1><a href=\"http:\/\/nikkaluokta.com\/wp-content\/uploads\/2014\/03\/Unbenannt-4.jpg\"><img loading=\"lazy\" decoding=\"async\" class=\"alignnone size-full wp-image-74\" src=\"http:\/\/nikkaluokta.com\/wp-content\/uploads\/2014\/03\/Unbenannt-4.jpg\" alt=\"Unbenannt-4\" width=\"1000\" height=\"563\" srcset=\"http:\/\/media.nikkaluokta.com\/2014\/03\/Unbenannt-4.jpg 1000w, http:\/\/media.nikkaluokta.com\/2014\/03\/Unbenannt-4-300x168.jpg 300w\" sizes=\"auto, (max-width: 1000px) 100vw, 1000px\" \/><\/a><\/h1>\n<h2>Im Restaurant Sk\u00e1idi werden gute Speisen mit Liebe zubereitet<\/h2>\n<p>Unsere K\u00f6che bereiten Speisen nach traditionellen Rezepten zu und kombinieren sie mit internationalen und modernen Einfl\u00fcssen.<\/p>\n<p>Wir servieren Ihnen schmackhafte Gerichte aus der Speisekammer der Natur, die mit lokalen Zutaten zubereitet wurden. Die Grundlage vieler Gerichte sind lokale Spezialit\u00e4ten wie Rentier, Elch, Fisch und wilde Beeren. Genie\u00dfen Sie diese\u00a0Gerichte am besten mit dem\u00a0passenden Wein \u2013 Sie werden sich wunderbar f\u00fchlen!<\/p>\n<p>Neben Individualg\u00e4sten bewirkten wir gern auch\u00a0kleine und gro\u00dfe Gruppen bewirten.<\/p>\n<p>Besuchen Sie uns, genie\u00dfen Sie die lokalen Spezialit\u00e4ten und kombinieren Sie Ihren Besuch mit \u00a0Naturerlebnissen und Kultur in und um Nikkaluokta!<\/p>\n","protected":false},"excerpt":{"rendered":"<p>Im Restaurant Sk\u00e1idi werden gute Speisen mit Liebe zubereitet Unsere K\u00f6che bereiten Speisen nach traditionellen Rezepten zu und kombinieren sie mit internationalen und modernen Einfl\u00fcssen. Wir servieren Ihnen schmackhafte Gerichte aus der Speisekammer der Natur, die mit lokalen Zutaten zubereitet wurden. Die Grundlage vieler Gerichte sind lokale Spezialit\u00e4ten wie Rentier, Elch, Fisch und wilde Beeren.<\/p>\n<a href=\"https:\/\/nikkaluokta.com\/de\/essen-und-trinken\/a-la-carte\" class=\"sohohotel-more-link\">Read More<i class=\"fa fa-angle-right\"><\/i><\/a>","protected":false},"author":1,"featured_media":0,"parent":300,"menu_order":2,"comment_status":"closed","ping_status":"closed","template":"","meta":{"footnotes":""},"class_list":["post-298","page","type-page","status-publish","hentry"],"yoast_head":"<!-- This site is optimized with the Yoast SEO plugin v27.5 - https:\/\/yoast.com\/product\/yoast-seo-wordpress\/ -->\n<title>\u00c1 la carte - Nikkaluokta Sarri AB<\/title>\n<meta name=\"robots\" content=\"index, follow, max-snippet:-1, max-image-preview:large, max-video-preview:-1\" \/>\n<link rel=\"canonical\" href=\"https:\/\/nikkaluokta.com\/de\/essen-und-trinken\/a-la-carte\" \/>\n<meta property=\"og:locale\" content=\"de_DE\" \/>\n<meta property=\"og:type\" content=\"article\" \/>\n<meta property=\"og:title\" content=\"\u00c1 la carte - Nikkaluokta Sarri AB\" \/>\n<meta property=\"og:description\" content=\"Im Restaurant Sk\u00e1idi werden gute Speisen mit Liebe zubereitet Unsere K\u00f6che bereiten Speisen nach traditionellen Rezepten zu und kombinieren sie mit internationalen und modernen Einfl\u00fcssen. Wir servieren Ihnen schmackhafte Gerichte aus der Speisekammer der Natur, die mit lokalen Zutaten zubereitet wurden. Die Grundlage vieler Gerichte sind lokale Spezialit\u00e4ten wie Rentier, Elch, Fisch und wilde Beeren.\" \/>\n<meta property=\"og:url\" content=\"https:\/\/nikkaluokta.com\/de\/essen-und-trinken\/a-la-carte\" \/>\n<meta property=\"og:site_name\" content=\"Nikkaluokta Sarri AB\" \/>\n<meta property=\"article:publisher\" content=\"https:\/\/www.facebook.com\/Nikkaluoktasarri\/\" \/>\n<meta property=\"article:modified_time\" content=\"2016-12-18T08:11:46+00:00\" \/>\n<meta property=\"og:image\" content=\"http:\/\/nikkaluokta.com\/wp-content\/uploads\/2014\/03\/Unbenannt-4.jpg\" \/>\n<meta name=\"twitter:card\" content=\"summary_large_image\" \/>\n<meta name=\"twitter:label1\" content=\"Gesch\u00e4tzte Lesezeit\" \/>\n\t<meta name=\"twitter:data1\" content=\"1\u00a0Minute\" \/>\n<script type=\"application\/ld+json\" class=\"yoast-schema-graph\">{\"@context\":\"https:\\\/\\\/schema.org\",\"@graph\":[{\"@type\":\"WebPage\",\"@id\":\"https:\\\/\\\/nikkaluokta.com\\\/de\\\/essen-und-trinken\\\/a-la-carte\",\"url\":\"https:\\\/\\\/nikkaluokta.com\\\/de\\\/essen-und-trinken\\\/a-la-carte\",\"name\":\"\u00c1 la carte - Nikkaluokta Sarri AB\",\"isPartOf\":{\"@id\":\"https:\\\/\\\/nikkaluokta.com\\\/de\\\/#website\"},\"primaryImageOfPage\":{\"@id\":\"https:\\\/\\\/nikkaluokta.com\\\/de\\\/essen-und-trinken\\\/a-la-carte#primaryimage\"},\"image\":{\"@id\":\"https:\\\/\\\/nikkaluokta.com\\\/de\\\/essen-und-trinken\\\/a-la-carte#primaryimage\"},\"thumbnailUrl\":\"http:\\\/\\\/nikkaluokta.com\\\/wp-content\\\/uploads\\\/2014\\\/03\\\/Unbenannt-4.jpg\",\"datePublished\":\"2014-03-12T17:09:12+00:00\",\"dateModified\":\"2016-12-18T08:11:46+00:00\",\"breadcrumb\":{\"@id\":\"https:\\\/\\\/nikkaluokta.com\\\/de\\\/essen-und-trinken\\\/a-la-carte#breadcrumb\"},\"inLanguage\":\"de\",\"potentialAction\":[{\"@type\":\"ReadAction\",\"target\":[\"https:\\\/\\\/nikkaluokta.com\\\/de\\\/essen-und-trinken\\\/a-la-carte\"]}]},{\"@type\":\"ImageObject\",\"inLanguage\":\"de\",\"@id\":\"https:\\\/\\\/nikkaluokta.com\\\/de\\\/essen-und-trinken\\\/a-la-carte#primaryimage\",\"url\":\"http:\\\/\\\/nikkaluokta.com\\\/wp-content\\\/uploads\\\/2014\\\/03\\\/Unbenannt-4.jpg\",\"contentUrl\":\"http:\\\/\\\/nikkaluokta.com\\\/wp-content\\\/uploads\\\/2014\\\/03\\\/Unbenannt-4.jpg\"},{\"@type\":\"BreadcrumbList\",\"@id\":\"https:\\\/\\\/nikkaluokta.com\\\/de\\\/essen-und-trinken\\\/a-la-carte#breadcrumb\",\"itemListElement\":[{\"@type\":\"ListItem\",\"position\":1,\"name\":\"Home\",\"item\":\"https:\\\/\\\/nikkaluokta.com\\\/de\"},{\"@type\":\"ListItem\",\"position\":2,\"name\":\"Essen &#038; Trinken\",\"item\":\"https:\\\/\\\/nikkaluokta.com\\\/de\\\/essen-und-trinken\"},{\"@type\":\"ListItem\",\"position\":3,\"name\":\"\u00c1 la carte\"}]},{\"@type\":\"WebSite\",\"@id\":\"https:\\\/\\\/nikkaluokta.com\\\/de\\\/#website\",\"url\":\"https:\\\/\\\/nikkaluokta.com\\\/de\\\/\",\"name\":\"Nikkaluokta Sarri AB\",\"description\":\"Mitt i en storslagen natur\",\"publisher\":{\"@id\":\"https:\\\/\\\/nikkaluokta.com\\\/de\\\/#organization\"},\"potentialAction\":[{\"@type\":\"SearchAction\",\"target\":{\"@type\":\"EntryPoint\",\"urlTemplate\":\"https:\\\/\\\/nikkaluokta.com\\\/de\\\/?s={search_term_string}\"},\"query-input\":{\"@type\":\"PropertyValueSpecification\",\"valueRequired\":true,\"valueName\":\"search_term_string\"}}],\"inLanguage\":\"de\"},{\"@type\":\"Organization\",\"@id\":\"https:\\\/\\\/nikkaluokta.com\\\/de\\\/#organization\",\"name\":\"Nikkaluokta Sarri AB\",\"url\":\"https:\\\/\\\/nikkaluokta.com\\\/de\\\/\",\"logo\":{\"@type\":\"ImageObject\",\"inLanguage\":\"de\",\"@id\":\"https:\\\/\\\/nikkaluokta.com\\\/de\\\/#\\\/schema\\\/logo\\\/image\\\/\",\"url\":\"https:\\\/\\\/media.nikkaluokta.com\\\/2019\\\/01\\\/Nikkaluokta-transp-logo.png\",\"contentUrl\":\"https:\\\/\\\/media.nikkaluokta.com\\\/2019\\\/01\\\/Nikkaluokta-transp-logo.png\",\"width\":800,\"height\":149,\"caption\":\"Nikkaluokta Sarri AB\"},\"image\":{\"@id\":\"https:\\\/\\\/nikkaluokta.com\\\/de\\\/#\\\/schema\\\/logo\\\/image\\\/\"},\"sameAs\":[\"https:\\\/\\\/www.facebook.com\\\/Nikkaluoktasarri\\\/\",\"https:\\\/\\\/www.instagram.com\\\/nikkaluoktasarri\\\/\"]}]}<\/script>\n<!-- \/ Yoast SEO plugin. -->","yoast_head_json":{"title":"\u00c1 la carte - Nikkaluokta Sarri AB","robots":{"index":"index","follow":"follow","max-snippet":"max-snippet:-1","max-image-preview":"max-image-preview:large","max-video-preview":"max-video-preview:-1"},"canonical":"https:\/\/nikkaluokta.com\/de\/essen-und-trinken\/a-la-carte","og_locale":"de_DE","og_type":"article","og_title":"\u00c1 la carte - Nikkaluokta Sarri AB","og_description":"Im Restaurant Sk\u00e1idi werden gute Speisen mit Liebe zubereitet Unsere K\u00f6che bereiten Speisen nach traditionellen Rezepten zu und kombinieren sie mit internationalen und modernen Einfl\u00fcssen. Wir servieren Ihnen schmackhafte Gerichte aus der Speisekammer der Natur, die mit lokalen Zutaten zubereitet wurden. Die Grundlage vieler Gerichte sind lokale Spezialit\u00e4ten wie Rentier, Elch, Fisch und wilde Beeren.","og_url":"https:\/\/nikkaluokta.com\/de\/essen-und-trinken\/a-la-carte","og_site_name":"Nikkaluokta Sarri AB","article_publisher":"https:\/\/www.facebook.com\/Nikkaluoktasarri\/","article_modified_time":"2016-12-18T08:11:46+00:00","og_image":[{"url":"http:\/\/nikkaluokta.com\/wp-content\/uploads\/2014\/03\/Unbenannt-4.jpg","type":"","width":"","height":""}],"twitter_card":"summary_large_image","twitter_misc":{"Gesch\u00e4tzte Lesezeit":"1\u00a0Minute"},"schema":{"@context":"https:\/\/schema.org","@graph":[{"@type":"WebPage","@id":"https:\/\/nikkaluokta.com\/de\/essen-und-trinken\/a-la-carte","url":"https:\/\/nikkaluokta.com\/de\/essen-und-trinken\/a-la-carte","name":"\u00c1 la carte - Nikkaluokta Sarri AB","isPartOf":{"@id":"https:\/\/nikkaluokta.com\/de\/#website"},"primaryImageOfPage":{"@id":"https:\/\/nikkaluokta.com\/de\/essen-und-trinken\/a-la-carte#primaryimage"},"image":{"@id":"https:\/\/nikkaluokta.com\/de\/essen-und-trinken\/a-la-carte#primaryimage"},"thumbnailUrl":"http:\/\/nikkaluokta.com\/wp-content\/uploads\/2014\/03\/Unbenannt-4.jpg","datePublished":"2014-03-12T17:09:12+00:00","dateModified":"2016-12-18T08:11:46+00:00","breadcrumb":{"@id":"https:\/\/nikkaluokta.com\/de\/essen-und-trinken\/a-la-carte#breadcrumb"},"inLanguage":"de","potentialAction":[{"@type":"ReadAction","target":["https:\/\/nikkaluokta.com\/de\/essen-und-trinken\/a-la-carte"]}]},{"@type":"ImageObject","inLanguage":"de","@id":"https:\/\/nikkaluokta.com\/de\/essen-und-trinken\/a-la-carte#primaryimage","url":"http:\/\/nikkaluokta.com\/wp-content\/uploads\/2014\/03\/Unbenannt-4.jpg","contentUrl":"http:\/\/nikkaluokta.com\/wp-content\/uploads\/2014\/03\/Unbenannt-4.jpg"},{"@type":"BreadcrumbList","@id":"https:\/\/nikkaluokta.com\/de\/essen-und-trinken\/a-la-carte#breadcrumb","itemListElement":[{"@type":"ListItem","position":1,"name":"Home","item":"https:\/\/nikkaluokta.com\/de"},{"@type":"ListItem","position":2,"name":"Essen &#038; Trinken","item":"https:\/\/nikkaluokta.com\/de\/essen-und-trinken"},{"@type":"ListItem","position":3,"name":"\u00c1 la carte"}]},{"@type":"WebSite","@id":"https:\/\/nikkaluokta.com\/de\/#website","url":"https:\/\/nikkaluokta.com\/de\/","name":"Nikkaluokta Sarri AB","description":"Mitt i en storslagen natur","publisher":{"@id":"https:\/\/nikkaluokta.com\/de\/#organization"},"potentialAction":[{"@type":"SearchAction","target":{"@type":"EntryPoint","urlTemplate":"https:\/\/nikkaluokta.com\/de\/?s={search_term_string}"},"query-input":{"@type":"PropertyValueSpecification","valueRequired":true,"valueName":"search_term_string"}}],"inLanguage":"de"},{"@type":"Organization","@id":"https:\/\/nikkaluokta.com\/de\/#organization","name":"Nikkaluokta Sarri AB","url":"https:\/\/nikkaluokta.com\/de\/","logo":{"@type":"ImageObject","inLanguage":"de","@id":"https:\/\/nikkaluokta.com\/de\/#\/schema\/logo\/image\/","url":"https:\/\/media.nikkaluokta.com\/2019\/01\/Nikkaluokta-transp-logo.png","contentUrl":"https:\/\/media.nikkaluokta.com\/2019\/01\/Nikkaluokta-transp-logo.png","width":800,"height":149,"caption":"Nikkaluokta Sarri AB"},"image":{"@id":"https:\/\/nikkaluokta.com\/de\/#\/schema\/logo\/image\/"},"sameAs":["https:\/\/www.facebook.com\/Nikkaluoktasarri\/","https:\/\/www.instagram.com\/nikkaluoktasarri\/"]}]}},"_links":{"self":[{"href":"https:\/\/nikkaluokta.com\/de\/wp-json\/wp\/v2\/pages\/298","targetHints":{"allow":["GET"]}}],"collection":[{"href":"https:\/\/nikkaluokta.com\/de\/wp-json\/wp\/v2\/pages"}],"about":[{"href":"https:\/\/nikkaluokta.com\/de\/wp-json\/wp\/v2\/types\/page"}],"author":[{"embeddable":true,"href":"https:\/\/nikkaluokta.com\/de\/wp-json\/wp\/v2\/users\/1"}],"replies":[{"embeddable":true,"href":"https:\/\/nikkaluokta.com\/de\/wp-json\/wp\/v2\/comments?post=298"}],"version-history":[{"count":2,"href":"https:\/\/nikkaluokta.com\/de\/wp-json\/wp\/v2\/pages\/298\/revisions"}],"predecessor-version":[{"id":844,"href":"https:\/\/nikkaluokta.com\/de\/wp-json\/wp\/v2\/pages\/298\/revisions\/844"}],"up":[{"embeddable":true,"href":"https:\/\/nikkaluokta.com\/de\/wp-json\/wp\/v2\/pages\/300"}],"wp:attachment":[{"href":"https:\/\/nikkaluokta.com\/de\/wp-json\/wp\/v2\/media?parent=298"}],"curies":[{"name":"wp","href":"https:\/\/api.w.org\/{rel}","templated":true}]}}