{"id":300,"date":"2014-03-12T18:08:50","date_gmt":"2014-03-12T17:08:50","guid":{"rendered":"http:\/\/nikkaluokta.com.loopiadns.com\/de\/food-and-drink"},"modified":"2025-07-07T09:14:43","modified_gmt":"2025-07-07T07:14:43","slug":"essen-und-trinken","status":"publish","type":"page","link":"https:\/\/nikkaluokta.com\/de\/essen-und-trinken","title":{"rendered":"Essen &#038; Trinken"},"content":{"rendered":"<p>&nbsp;<\/p>\n<h1>Restaurant Sk\u00e1idi in Nikkaluokta<\/h1>\n<p>Im Restaurant Sk\u00e1idi wird die Speisekarte von der Natur gef\u00fcllt! Wir servieren Ihnen Speisen, die aus naturbelassenen Lebensmitteln hergestellt wurden in der angenehmen, typischen Atmosph\u00e4re von Nikkaluokta mit traumhaften Ausblicken.<\/p>\n<p>Probieren und genie\u00dfen Sie schmackhafte Speisen aus regionalen Zutaten: Fisch aus den umliegenden Fl\u00fcssen und Seen, Rentier, Elch und Beeren.<\/p>\n<p>Die herrliche Aussicht auf die Berge gibt es kostenlos dazu.<\/p>\n<p>W\u00e4hrend der Winter- und Sommersaison servieren wir Ihnen t\u00e4glich ein schmackhaftes Fr\u00fchst\u00fcck, Mittag- und Abendessen.<\/p>\n<p>Falls Sie in einer gr\u00f6\u00dferen\u00a0Gruppe anreisen oder jemandem ein ganz spezielles Geschenk machen wollen, k\u00f6nnen Sie vorab einen Tisch buchen und zwischen einem Ein-, Zwei- oder Drei-G\u00e4nge-Men\u00fc von der Saisonkarte w\u00e4hlen.<\/p>\n<p>Unser Restaurant verf\u00fcgt \u00fcber eine Ausschanklizenz und wir servieren verschiedene Getr\u00e4nke zu unseren Speisen.<\/p>\n<p>Machen Sie es sich einen Moment gem\u00fctlich, lassen Sie sich mit einer Tasse Kaffee und etwas Geb\u00e4ck verw\u00f6hnen und\u00a0genie\u00dfen Sie die wundersch\u00f6nen Aussichten direkt auf die Berge!<\/p>\n","protected":false},"excerpt":{"rendered":"<p>&nbsp; Restaurant Sk\u00e1idi in Nikkaluokta Im Restaurant Sk\u00e1idi wird die Speisekarte von der Natur gef\u00fcllt! Wir servieren Ihnen Speisen, die aus naturbelassenen Lebensmitteln hergestellt wurden in der angenehmen, typischen Atmosph\u00e4re von Nikkaluokta mit traumhaften Ausblicken. Probieren und genie\u00dfen Sie schmackhafte Speisen aus regionalen Zutaten: Fisch aus den umliegenden Fl\u00fcssen und Seen, Rentier, Elch und Beeren.<\/p>\n<a href=\"https:\/\/nikkaluokta.com\/de\/essen-und-trinken\" class=\"sohohotel-more-link\">Read More<i class=\"fa fa-angle-right\"><\/i><\/a>","protected":false},"author":1,"featured_media":0,"parent":0,"menu_order":0,"comment_status":"closed","ping_status":"closed","template":"","meta":{"footnotes":""},"class_list":["post-300","page","type-page","status-publish","hentry"],"yoast_head":"<!-- This site is optimized with the Yoast SEO plugin v27.4 - https:\/\/yoast.com\/product\/yoast-seo-wordpress\/ -->\n<title>Essen &amp; Trinken - Nikkaluokta Sarri AB<\/title>\n<meta name=\"robots\" content=\"index, follow, max-snippet:-1, max-image-preview:large, max-video-preview:-1\" \/>\n<link rel=\"canonical\" href=\"https:\/\/nikkaluokta.com\/de\/essen-und-trinken\" \/>\n<meta property=\"og:locale\" content=\"de_DE\" \/>\n<meta property=\"og:type\" content=\"article\" \/>\n<meta property=\"og:title\" content=\"Essen &amp; Trinken - Nikkaluokta Sarri AB\" \/>\n<meta property=\"og:description\" content=\"&nbsp; Restaurant Sk\u00e1idi in Nikkaluokta Im Restaurant Sk\u00e1idi wird die Speisekarte von der Natur gef\u00fcllt! Wir servieren Ihnen Speisen, die aus naturbelassenen Lebensmitteln hergestellt wurden in der angenehmen, typischen Atmosph\u00e4re von Nikkaluokta mit traumhaften Ausblicken. Probieren und genie\u00dfen Sie schmackhafte Speisen aus regionalen Zutaten: Fisch aus den umliegenden Fl\u00fcssen und Seen, Rentier, Elch und Beeren.\" \/>\n<meta property=\"og:url\" content=\"https:\/\/nikkaluokta.com\/de\/essen-und-trinken\" \/>\n<meta property=\"og:site_name\" content=\"Nikkaluokta Sarri AB\" \/>\n<meta property=\"article:publisher\" content=\"https:\/\/www.facebook.com\/Nikkaluoktasarri\/\" \/>\n<meta property=\"article:modified_time\" content=\"2025-07-07T07:14:43+00:00\" \/>\n<meta property=\"og:image\" content=\"https:\/\/media.nikkaluokta.com\/2016\/02\/MG_5672.jpg\" \/>\n\t<meta property=\"og:image:width\" content=\"1000\" \/>\n\t<meta property=\"og:image:height\" content=\"562\" \/>\n\t<meta property=\"og:image:type\" content=\"image\/jpeg\" \/>\n<meta name=\"twitter:card\" content=\"summary_large_image\" \/>\n<meta name=\"twitter:label1\" content=\"Gesch\u00e4tzte Lesezeit\" \/>\n\t<meta name=\"twitter:data1\" content=\"1\u00a0Minute\" \/>\n<script type=\"application\/ld+json\" class=\"yoast-schema-graph\">{\"@context\":\"https:\\\/\\\/schema.org\",\"@graph\":[{\"@type\":\"WebPage\",\"@id\":\"https:\\\/\\\/nikkaluokta.com\\\/de\\\/essen-und-trinken\",\"url\":\"https:\\\/\\\/nikkaluokta.com\\\/de\\\/essen-und-trinken\",\"name\":\"Essen & Trinken - Nikkaluokta Sarri AB\",\"isPartOf\":{\"@id\":\"https:\\\/\\\/nikkaluokta.com\\\/de\\\/#website\"},\"datePublished\":\"2014-03-12T17:08:50+00:00\",\"dateModified\":\"2025-07-07T07:14:43+00:00\",\"breadcrumb\":{\"@id\":\"https:\\\/\\\/nikkaluokta.com\\\/de\\\/essen-und-trinken#breadcrumb\"},\"inLanguage\":\"de\",\"potentialAction\":[{\"@type\":\"ReadAction\",\"target\":[\"https:\\\/\\\/nikkaluokta.com\\\/de\\\/essen-und-trinken\"]}]},{\"@type\":\"BreadcrumbList\",\"@id\":\"https:\\\/\\\/nikkaluokta.com\\\/de\\\/essen-und-trinken#breadcrumb\",\"itemListElement\":[{\"@type\":\"ListItem\",\"position\":1,\"name\":\"Home\",\"item\":\"https:\\\/\\\/nikkaluokta.com\\\/de\"},{\"@type\":\"ListItem\",\"position\":2,\"name\":\"Essen &#038; Trinken\"}]},{\"@type\":\"WebSite\",\"@id\":\"https:\\\/\\\/nikkaluokta.com\\\/de\\\/#website\",\"url\":\"https:\\\/\\\/nikkaluokta.com\\\/de\\\/\",\"name\":\"Nikkaluokta Sarri AB\",\"description\":\"Mitt i en storslagen natur\",\"publisher\":{\"@id\":\"https:\\\/\\\/nikkaluokta.com\\\/de\\\/#organization\"},\"potentialAction\":[{\"@type\":\"SearchAction\",\"target\":{\"@type\":\"EntryPoint\",\"urlTemplate\":\"https:\\\/\\\/nikkaluokta.com\\\/de\\\/?s={search_term_string}\"},\"query-input\":{\"@type\":\"PropertyValueSpecification\",\"valueRequired\":true,\"valueName\":\"search_term_string\"}}],\"inLanguage\":\"de\"},{\"@type\":\"Organization\",\"@id\":\"https:\\\/\\\/nikkaluokta.com\\\/de\\\/#organization\",\"name\":\"Nikkaluokta Sarri AB\",\"url\":\"https:\\\/\\\/nikkaluokta.com\\\/de\\\/\",\"logo\":{\"@type\":\"ImageObject\",\"inLanguage\":\"de\",\"@id\":\"https:\\\/\\\/nikkaluokta.com\\\/de\\\/#\\\/schema\\\/logo\\\/image\\\/\",\"url\":\"https:\\\/\\\/media.nikkaluokta.com\\\/2019\\\/01\\\/Nikkaluokta-transp-logo.png\",\"contentUrl\":\"https:\\\/\\\/media.nikkaluokta.com\\\/2019\\\/01\\\/Nikkaluokta-transp-logo.png\",\"width\":800,\"height\":149,\"caption\":\"Nikkaluokta Sarri AB\"},\"image\":{\"@id\":\"https:\\\/\\\/nikkaluokta.com\\\/de\\\/#\\\/schema\\\/logo\\\/image\\\/\"},\"sameAs\":[\"https:\\\/\\\/www.facebook.com\\\/Nikkaluoktasarri\\\/\",\"https:\\\/\\\/www.instagram.com\\\/nikkaluoktasarri\\\/\"]}]}<\/script>\n<!-- \/ Yoast SEO plugin. -->","yoast_head_json":{"title":"Essen & Trinken - Nikkaluokta Sarri AB","robots":{"index":"index","follow":"follow","max-snippet":"max-snippet:-1","max-image-preview":"max-image-preview:large","max-video-preview":"max-video-preview:-1"},"canonical":"https:\/\/nikkaluokta.com\/de\/essen-und-trinken","og_locale":"de_DE","og_type":"article","og_title":"Essen & Trinken - Nikkaluokta Sarri AB","og_description":"&nbsp; Restaurant Sk\u00e1idi in Nikkaluokta Im Restaurant Sk\u00e1idi wird die Speisekarte von der Natur gef\u00fcllt! Wir servieren Ihnen Speisen, die aus naturbelassenen Lebensmitteln hergestellt wurden in der angenehmen, typischen Atmosph\u00e4re von Nikkaluokta mit traumhaften Ausblicken. Probieren und genie\u00dfen Sie schmackhafte Speisen aus regionalen Zutaten: Fisch aus den umliegenden Fl\u00fcssen und Seen, Rentier, Elch und Beeren.","og_url":"https:\/\/nikkaluokta.com\/de\/essen-und-trinken","og_site_name":"Nikkaluokta Sarri AB","article_publisher":"https:\/\/www.facebook.com\/Nikkaluoktasarri\/","article_modified_time":"2025-07-07T07:14:43+00:00","og_image":[{"width":1000,"height":562,"url":"https:\/\/media.nikkaluokta.com\/2016\/02\/MG_5672.jpg","type":"image\/jpeg"}],"twitter_card":"summary_large_image","twitter_misc":{"Gesch\u00e4tzte Lesezeit":"1\u00a0Minute"},"schema":{"@context":"https:\/\/schema.org","@graph":[{"@type":"WebPage","@id":"https:\/\/nikkaluokta.com\/de\/essen-und-trinken","url":"https:\/\/nikkaluokta.com\/de\/essen-und-trinken","name":"Essen & Trinken - Nikkaluokta Sarri AB","isPartOf":{"@id":"https:\/\/nikkaluokta.com\/de\/#website"},"datePublished":"2014-03-12T17:08:50+00:00","dateModified":"2025-07-07T07:14:43+00:00","breadcrumb":{"@id":"https:\/\/nikkaluokta.com\/de\/essen-und-trinken#breadcrumb"},"inLanguage":"de","potentialAction":[{"@type":"ReadAction","target":["https:\/\/nikkaluokta.com\/de\/essen-und-trinken"]}]},{"@type":"BreadcrumbList","@id":"https:\/\/nikkaluokta.com\/de\/essen-und-trinken#breadcrumb","itemListElement":[{"@type":"ListItem","position":1,"name":"Home","item":"https:\/\/nikkaluokta.com\/de"},{"@type":"ListItem","position":2,"name":"Essen &#038; Trinken"}]},{"@type":"WebSite","@id":"https:\/\/nikkaluokta.com\/de\/#website","url":"https:\/\/nikkaluokta.com\/de\/","name":"Nikkaluokta Sarri AB","description":"Mitt i en storslagen natur","publisher":{"@id":"https:\/\/nikkaluokta.com\/de\/#organization"},"potentialAction":[{"@type":"SearchAction","target":{"@type":"EntryPoint","urlTemplate":"https:\/\/nikkaluokta.com\/de\/?s={search_term_string}"},"query-input":{"@type":"PropertyValueSpecification","valueRequired":true,"valueName":"search_term_string"}}],"inLanguage":"de"},{"@type":"Organization","@id":"https:\/\/nikkaluokta.com\/de\/#organization","name":"Nikkaluokta Sarri AB","url":"https:\/\/nikkaluokta.com\/de\/","logo":{"@type":"ImageObject","inLanguage":"de","@id":"https:\/\/nikkaluokta.com\/de\/#\/schema\/logo\/image\/","url":"https:\/\/media.nikkaluokta.com\/2019\/01\/Nikkaluokta-transp-logo.png","contentUrl":"https:\/\/media.nikkaluokta.com\/2019\/01\/Nikkaluokta-transp-logo.png","width":800,"height":149,"caption":"Nikkaluokta Sarri AB"},"image":{"@id":"https:\/\/nikkaluokta.com\/de\/#\/schema\/logo\/image\/"},"sameAs":["https:\/\/www.facebook.com\/Nikkaluoktasarri\/","https:\/\/www.instagram.com\/nikkaluoktasarri\/"]}]}},"_links":{"self":[{"href":"https:\/\/nikkaluokta.com\/de\/wp-json\/wp\/v2\/pages\/300","targetHints":{"allow":["GET"]}}],"collection":[{"href":"https:\/\/nikkaluokta.com\/de\/wp-json\/wp\/v2\/pages"}],"about":[{"href":"https:\/\/nikkaluokta.com\/de\/wp-json\/wp\/v2\/types\/page"}],"author":[{"embeddable":true,"href":"https:\/\/nikkaluokta.com\/de\/wp-json\/wp\/v2\/users\/1"}],"replies":[{"embeddable":true,"href":"https:\/\/nikkaluokta.com\/de\/wp-json\/wp\/v2\/comments?post=300"}],"version-history":[{"count":5,"href":"https:\/\/nikkaluokta.com\/de\/wp-json\/wp\/v2\/pages\/300\/revisions"}],"predecessor-version":[{"id":3939,"href":"https:\/\/nikkaluokta.com\/de\/wp-json\/wp\/v2\/pages\/300\/revisions\/3939"}],"wp:attachment":[{"href":"https:\/\/nikkaluokta.com\/de\/wp-json\/wp\/v2\/media?parent=300"}],"curies":[{"name":"wp","href":"https:\/\/api.w.org\/{rel}","templated":true}]}}