{"id":315,"date":"2014-03-12T18:04:36","date_gmt":"2014-03-12T17:04:36","guid":{"rendered":"http:\/\/nikkaluokta.com.loopiadns.com\/de\/home"},"modified":"2025-09-25T10:41:44","modified_gmt":"2025-09-25T08:41:44","slug":"home","status":"publish","type":"page","link":"https:\/\/nikkaluokta.com\/de","title":{"rendered":"Home"},"content":{"rendered":"<section class=\"wpb-content-wrapper\"><p>[vc_row][vc_column][rev_slider_vc alias=&#8221;winter-de&#8221;][\/vc_column][\/vc_row][vc_row][vc_column width=&#8221;1\/3&#8243;]<section class=\"sohohotel-clearfix sohohotel-call-to-action-2-section\" style=\"background:url(https:\/\/media.nikkaluokta.com\/2016\/02\/MG_6607.jpg) no-repeat center top;\">\n\n\t\t<div class=\"sohohotel-call-to-action-2-section-inner\">\n\n\t\t\t<h3>Unterk\u00fcnfte<\/h3>\n\t\t\t<p>Buchen Sie Ihre Unterkunft jetzt!<\/p>\n\t\t\t<a href=\"http:\/\/nikkaluokta.com\/de\/unterkunft\" class=\"sohohotel-button0\">Mehr erfahren<i class=\"fa fa-angle-right\"><\/i><\/a>\n\n\t\t<\/div>\n\t\t\n\t<\/section>[\/vc_column][vc_column width=&#8221;1\/3&#8243;]<section class=\"sohohotel-clearfix sohohotel-call-to-action-2-section\" style=\"background:url(https:\/\/media.nikkaluokta.com\/2014\/03\/MG_0857.jpg) no-repeat center top;\">\n\n\t\t<div class=\"sohohotel-call-to-action-2-section-inner\">\n\n\t\t\t<h3>Restaurant<\/h3>\n\t\t\t<p>Genie\u00dfen Sie S\u00e1pmi Slow Food!<\/p>\n\t\t\t<a href=\"http:\/\/nikkaluokta.com\/de\/essen-und-trinken\" class=\"sohohotel-button0\">Mehr erfahren<i class=\"fa fa-angle-right\"><\/i><\/a>\n\n\t\t<\/div>\n\t\t\n\t<\/section>[\/vc_column][vc_column width=&#8221;1\/3&#8243;]<section class=\"sohohotel-clearfix sohohotel-call-to-action-2-section\" style=\"background:url(https:\/\/media.nikkaluokta.com\/2019\/01\/16665040_10154924315500050_4367768856185432107_o.jpg) no-repeat center top;\">\n\n\t\t<div class=\"sohohotel-call-to-action-2-section-inner\">\n\n\t\t\t<h3>Aktivit\u00e4ten<\/h3>\n\t\t\t<p>Sommer und Winter in Nikkaluokta<\/p>\n\t\t\t<a href=\"http:\/\/nikkaluokta.com\/de\/aktivitaeten\" class=\"sohohotel-button0\">Mehr erfahren<i class=\"fa fa-angle-right\"><\/i><\/a>\n\n\t\t<\/div>\n\t\t\n\t<\/section>[\/vc_column][\/vc_row][vc_row][vc_column][vc_empty_space][vc_column_text]Wollen Sie uns ohne eigenes Auto besuchen? Ein neuer Expressbus bringt Sie aus Kiruna direkt zu uns: <a href=\"https:\/\/nikkaluoktaexpressen.se\/\">NIKKALUOKTAEXPRESSEN<\/a><\/p>\n<p><strong>Kommen Sie und besuchen Sie uns in Nikkaluokta, dem Tor zur Bergwelt um den Kebnekaise.\u00a0Nikkaluokta ist ein beliebter Einstiegspunkt in den ber\u00fchmten Fernwanderweg &#8220;Kungsleden&#8221;, dem K\u00f6nigsweg.<\/strong><br \/>\nMieten Sie eine komfortable H\u00fctte in Nikkaluokta und erkunden sie die umliegenden T\u00e4ler und Berge. Kehren Sie zur\u00fcck, so wartet schon unser Restaurant auf Sie, wo Sie bei einer gem\u00fctlichen und leckeren Mahlzeit schnell wieder zu Kr\u00e4ften kommen.<\/p>\n<p>Die Zeit des Winters ist in Nikkaluokta etwas ganz Besonderes: Kehrt im Februar die Sonne zur\u00fcck, so taucht sie unsere tief verschneite winterliche Bergwelt in die sch\u00f6nsten Farben von Pastellrosa bis Blau. Ist es kalt und klar, so bieten sich gute Chancen auf das wohl beeindruckendste Schauspiel des Nordens, Aurora Borealis. Lassen Sie sich einfangen vom Zauber eines tanzenden Nordlichts vor der dramatischen Bergkulisse. Besonders vom H\u00fcgel unserer kleinen Kapelle haben sie einen traumhaften Ausblick.<br \/>\nSchnell werden die Tage l\u00e4nger und viele unserer G\u00e4ste erwandern die umliegenden T\u00e4ler und H\u00fcgel per Schneeschuh oder auf Ski. Sie k\u00f6nnen auch unseren Schneemobil-Transfer nutzen, um tiefer in die stille und wundersch\u00f6ne Winterlandschaft vorzudringen.<\/p>\n<p><em>L<\/em><\/p>\n<p>Im Juni kommt schlie\u00dflich der Sommer zur\u00fcck nach Nikkaluokta. Im Juni und fr\u00fchen Juli leben wir im Land der Mitternachtssonne. Das Tageslicht verschwindet nie vollst\u00e4ndig und belohnt uns nachts mit endlosen Stunden gef\u00fcllt mit wunderbarerm Licht. Dies ist die Zeit, in der die Natur erwacht. Wo der Schnee schmilzt, bedecken bald Flecken von farbenfrohen Bergblumen die T\u00e4ler und Bergh\u00e4nge. Dieses Jahr er\u00f6ffnen wir die Sommersaison am 15. Juni.<br \/>\nSp\u00e4ter im August werden die N\u00e4chte langsam dunkler und schlie\u00dflich, im September, explodieren die Berge in kr\u00e4ftigen Farben von Goldgelb und allen Schattierungen von Rot. N\u00f6rdlich des Polarkreises m\u00f6gen Sommer und Herbst nur kurz sein, aber sie sind auch weitaus intensiver f\u00fcr alle Sinne.<\/p>\n<p>In unserem Dorf hat der Fremdenverkehr seit vielen Generationen eine lange Tradition. Wir hei\u00dfen Sie in Nikkaluokta willkommen. Neben Unterk\u00fcnften und Restaurant bieten wir auch Schneemobiltransporte, Boottransporte und Flusssafaris im Tal Vistasvaggi an.<\/p>\n<p>Wir freuen uns auf Ihren Besuch.<br \/>\n<strong>Anna &amp; Erik Sarri <\/strong>[\/vc_column_text][\/vc_column][\/vc_row]<\/p>\n<\/section>","protected":false},"excerpt":{"rendered":"<p>[vc_row][vc_column][rev_slider_vc alias=&#8221;winter-de&#8221;][\/vc_column][\/vc_row][vc_row][vc_column width=&#8221;1\/3&#8243;][\/vc_column][vc_column width=&#8221;1\/3&#8243;][\/vc_column][vc_column width=&#8221;1\/3&#8243;][\/vc_column][\/vc_row][vc_row][vc_column][vc_empty_space][vc_column_text]Wollen Sie uns ohne eigenes Auto besuchen? Ein neuer Expressbus bringt Sie aus Kiruna direkt zu uns: NIKKALUOKTAEXPRESSEN Kommen Sie und besuchen Sie uns in Nikkaluokta, dem Tor zur Bergwelt um den Kebnekaise.\u00a0Nikkaluokta ist ein beliebter Einstiegspunkt in den ber\u00fchmten Fernwanderweg &#8220;Kungsleden&#8221;, dem K\u00f6nigsweg. Mieten Sie eine komfortable H\u00fctte in Nikkaluokta<\/p>\n<a href=\"https:\/\/nikkaluokta.com\/de\" class=\"sohohotel-more-link\">Read More<i class=\"fa fa-angle-right\"><\/i><\/a>","protected":false},"author":1,"featured_media":0,"parent":0,"menu_order":0,"comment_status":"closed","ping_status":"closed","template":"","meta":{"footnotes":""},"class_list":["post-315","page","type-page","status-publish","hentry"],"yoast_head":"<!-- This site is optimized with the Yoast SEO plugin v27.4 - https:\/\/yoast.com\/product\/yoast-seo-wordpress\/ -->\n<title>Home - Nikkaluokta Sarri AB<\/title>\n<meta name=\"robots\" content=\"index, follow, max-snippet:-1, max-image-preview:large, max-video-preview:-1\" \/>\n<link rel=\"canonical\" href=\"https:\/\/nikkaluokta.com\/de\" \/>\n<meta property=\"og:locale\" content=\"de_DE\" \/>\n<meta property=\"og:type\" content=\"article\" \/>\n<meta property=\"og:title\" content=\"Home - Nikkaluokta Sarri AB\" \/>\n<meta property=\"og:description\" content=\"[vc_row][vc_column][rev_slider_vc alias=&#8221;winter-de&#8221;][\/vc_column][\/vc_row][vc_row][vc_column width=&#8221;1\/3&#8243;][\/vc_column][vc_column width=&#8221;1\/3&#8243;][\/vc_column][vc_column width=&#8221;1\/3&#8243;][\/vc_column][\/vc_row][vc_row][vc_column][vc_empty_space][vc_column_text]Wollen Sie uns ohne eigenes Auto besuchen? Ein neuer Expressbus bringt Sie aus Kiruna direkt zu uns: NIKKALUOKTAEXPRESSEN Kommen Sie und besuchen Sie uns in Nikkaluokta, dem Tor zur Bergwelt um den Kebnekaise.\u00a0Nikkaluokta ist ein beliebter Einstiegspunkt in den ber\u00fchmten Fernwanderweg &#8220;Kungsleden&#8221;, dem K\u00f6nigsweg. Mieten Sie eine komfortable H\u00fctte in Nikkaluokta\" \/>\n<meta property=\"og:url\" content=\"https:\/\/nikkaluokta.com\/de\" \/>\n<meta property=\"og:site_name\" content=\"Nikkaluokta Sarri AB\" \/>\n<meta property=\"article:publisher\" content=\"https:\/\/www.facebook.com\/Nikkaluoktasarri\/\" \/>\n<meta property=\"article:modified_time\" content=\"2025-09-25T08:41:44+00:00\" \/>\n<meta property=\"og:image\" content=\"https:\/\/media.nikkaluokta.com\/2016\/02\/MG_5672.jpg\" \/>\n\t<meta property=\"og:image:width\" content=\"1000\" \/>\n\t<meta property=\"og:image:height\" content=\"562\" \/>\n\t<meta property=\"og:image:type\" content=\"image\/jpeg\" \/>\n<meta name=\"twitter:card\" content=\"summary_large_image\" \/>\n<meta name=\"twitter:label1\" content=\"Gesch\u00e4tzte Lesezeit\" \/>\n\t<meta name=\"twitter:data1\" content=\"2\u00a0Minuten\" \/>\n<script type=\"application\/ld+json\" class=\"yoast-schema-graph\">{\"@context\":\"https:\\\/\\\/schema.org\",\"@graph\":[{\"@type\":\"WebPage\",\"@id\":\"https:\\\/\\\/nikkaluokta.com\\\/de\",\"url\":\"https:\\\/\\\/nikkaluokta.com\\\/de\",\"name\":\"Home - Nikkaluokta Sarri AB\",\"isPartOf\":{\"@id\":\"https:\\\/\\\/nikkaluokta.com\\\/de\\\/#website\"},\"datePublished\":\"2014-03-12T17:04:36+00:00\",\"dateModified\":\"2025-09-25T08:41:44+00:00\",\"breadcrumb\":{\"@id\":\"https:\\\/\\\/nikkaluokta.com\\\/de#breadcrumb\"},\"inLanguage\":\"de\",\"potentialAction\":[{\"@type\":\"ReadAction\",\"target\":[\"https:\\\/\\\/nikkaluokta.com\\\/de\"]}]},{\"@type\":\"BreadcrumbList\",\"@id\":\"https:\\\/\\\/nikkaluokta.com\\\/de#breadcrumb\",\"itemListElement\":[{\"@type\":\"ListItem\",\"position\":1,\"name\":\"Home\",\"item\":\"https:\\\/\\\/nikkaluokta.com\\\/de\"},{\"@type\":\"ListItem\",\"position\":2,\"name\":\"Home\"}]},{\"@type\":\"WebSite\",\"@id\":\"https:\\\/\\\/nikkaluokta.com\\\/de\\\/#website\",\"url\":\"https:\\\/\\\/nikkaluokta.com\\\/de\\\/\",\"name\":\"Nikkaluokta Sarri AB\",\"description\":\"Mitt i en storslagen natur\",\"publisher\":{\"@id\":\"https:\\\/\\\/nikkaluokta.com\\\/de\\\/#organization\"},\"potentialAction\":[{\"@type\":\"SearchAction\",\"target\":{\"@type\":\"EntryPoint\",\"urlTemplate\":\"https:\\\/\\\/nikkaluokta.com\\\/de\\\/?s={search_term_string}\"},\"query-input\":{\"@type\":\"PropertyValueSpecification\",\"valueRequired\":true,\"valueName\":\"search_term_string\"}}],\"inLanguage\":\"de\"},{\"@type\":\"Organization\",\"@id\":\"https:\\\/\\\/nikkaluokta.com\\\/de\\\/#organization\",\"name\":\"Nikkaluokta Sarri AB\",\"url\":\"https:\\\/\\\/nikkaluokta.com\\\/de\\\/\",\"logo\":{\"@type\":\"ImageObject\",\"inLanguage\":\"de\",\"@id\":\"https:\\\/\\\/nikkaluokta.com\\\/de\\\/#\\\/schema\\\/logo\\\/image\\\/\",\"url\":\"https:\\\/\\\/media.nikkaluokta.com\\\/2019\\\/01\\\/Nikkaluokta-transp-logo.png\",\"contentUrl\":\"https:\\\/\\\/media.nikkaluokta.com\\\/2019\\\/01\\\/Nikkaluokta-transp-logo.png\",\"width\":800,\"height\":149,\"caption\":\"Nikkaluokta Sarri AB\"},\"image\":{\"@id\":\"https:\\\/\\\/nikkaluokta.com\\\/de\\\/#\\\/schema\\\/logo\\\/image\\\/\"},\"sameAs\":[\"https:\\\/\\\/www.facebook.com\\\/Nikkaluoktasarri\\\/\",\"https:\\\/\\\/www.instagram.com\\\/nikkaluoktasarri\\\/\"]}]}<\/script>\n<!-- \/ Yoast SEO plugin. -->","yoast_head_json":{"title":"Home - Nikkaluokta Sarri AB","robots":{"index":"index","follow":"follow","max-snippet":"max-snippet:-1","max-image-preview":"max-image-preview:large","max-video-preview":"max-video-preview:-1"},"canonical":"https:\/\/nikkaluokta.com\/de","og_locale":"de_DE","og_type":"article","og_title":"Home - Nikkaluokta Sarri AB","og_description":"[vc_row][vc_column][rev_slider_vc alias=&#8221;winter-de&#8221;][\/vc_column][\/vc_row][vc_row][vc_column width=&#8221;1\/3&#8243;][\/vc_column][vc_column width=&#8221;1\/3&#8243;][\/vc_column][vc_column width=&#8221;1\/3&#8243;][\/vc_column][\/vc_row][vc_row][vc_column][vc_empty_space][vc_column_text]Wollen Sie uns ohne eigenes Auto besuchen? Ein neuer Expressbus bringt Sie aus Kiruna direkt zu uns: NIKKALUOKTAEXPRESSEN Kommen Sie und besuchen Sie uns in Nikkaluokta, dem Tor zur Bergwelt um den Kebnekaise.\u00a0Nikkaluokta ist ein beliebter Einstiegspunkt in den ber\u00fchmten Fernwanderweg &#8220;Kungsleden&#8221;, dem K\u00f6nigsweg. Mieten Sie eine komfortable H\u00fctte in Nikkaluokta","og_url":"https:\/\/nikkaluokta.com\/de","og_site_name":"Nikkaluokta Sarri AB","article_publisher":"https:\/\/www.facebook.com\/Nikkaluoktasarri\/","article_modified_time":"2025-09-25T08:41:44+00:00","og_image":[{"width":1000,"height":562,"url":"https:\/\/media.nikkaluokta.com\/2016\/02\/MG_5672.jpg","type":"image\/jpeg"}],"twitter_card":"summary_large_image","twitter_misc":{"Gesch\u00e4tzte Lesezeit":"2\u00a0Minuten"},"schema":{"@context":"https:\/\/schema.org","@graph":[{"@type":"WebPage","@id":"https:\/\/nikkaluokta.com\/de","url":"https:\/\/nikkaluokta.com\/de","name":"Home - Nikkaluokta Sarri AB","isPartOf":{"@id":"https:\/\/nikkaluokta.com\/de\/#website"},"datePublished":"2014-03-12T17:04:36+00:00","dateModified":"2025-09-25T08:41:44+00:00","breadcrumb":{"@id":"https:\/\/nikkaluokta.com\/de#breadcrumb"},"inLanguage":"de","potentialAction":[{"@type":"ReadAction","target":["https:\/\/nikkaluokta.com\/de"]}]},{"@type":"BreadcrumbList","@id":"https:\/\/nikkaluokta.com\/de#breadcrumb","itemListElement":[{"@type":"ListItem","position":1,"name":"Home","item":"https:\/\/nikkaluokta.com\/de"},{"@type":"ListItem","position":2,"name":"Home"}]},{"@type":"WebSite","@id":"https:\/\/nikkaluokta.com\/de\/#website","url":"https:\/\/nikkaluokta.com\/de\/","name":"Nikkaluokta Sarri AB","description":"Mitt i en storslagen natur","publisher":{"@id":"https:\/\/nikkaluokta.com\/de\/#organization"},"potentialAction":[{"@type":"SearchAction","target":{"@type":"EntryPoint","urlTemplate":"https:\/\/nikkaluokta.com\/de\/?s={search_term_string}"},"query-input":{"@type":"PropertyValueSpecification","valueRequired":true,"valueName":"search_term_string"}}],"inLanguage":"de"},{"@type":"Organization","@id":"https:\/\/nikkaluokta.com\/de\/#organization","name":"Nikkaluokta Sarri AB","url":"https:\/\/nikkaluokta.com\/de\/","logo":{"@type":"ImageObject","inLanguage":"de","@id":"https:\/\/nikkaluokta.com\/de\/#\/schema\/logo\/image\/","url":"https:\/\/media.nikkaluokta.com\/2019\/01\/Nikkaluokta-transp-logo.png","contentUrl":"https:\/\/media.nikkaluokta.com\/2019\/01\/Nikkaluokta-transp-logo.png","width":800,"height":149,"caption":"Nikkaluokta Sarri AB"},"image":{"@id":"https:\/\/nikkaluokta.com\/de\/#\/schema\/logo\/image\/"},"sameAs":["https:\/\/www.facebook.com\/Nikkaluoktasarri\/","https:\/\/www.instagram.com\/nikkaluoktasarri\/"]}]}},"_links":{"self":[{"href":"https:\/\/nikkaluokta.com\/de\/wp-json\/wp\/v2\/pages\/315","targetHints":{"allow":["GET"]}}],"collection":[{"href":"https:\/\/nikkaluokta.com\/de\/wp-json\/wp\/v2\/pages"}],"about":[{"href":"https:\/\/nikkaluokta.com\/de\/wp-json\/wp\/v2\/types\/page"}],"author":[{"embeddable":true,"href":"https:\/\/nikkaluokta.com\/de\/wp-json\/wp\/v2\/users\/1"}],"replies":[{"embeddable":true,"href":"https:\/\/nikkaluokta.com\/de\/wp-json\/wp\/v2\/comments?post=315"}],"version-history":[{"count":42,"href":"https:\/\/nikkaluokta.com\/de\/wp-json\/wp\/v2\/pages\/315\/revisions"}],"predecessor-version":[{"id":4026,"href":"https:\/\/nikkaluokta.com\/de\/wp-json\/wp\/v2\/pages\/315\/revisions\/4026"}],"wp:attachment":[{"href":"https:\/\/nikkaluokta.com\/de\/wp-json\/wp\/v2\/media?parent=315"}],"curies":[{"name":"wp","href":"https:\/\/api.w.org\/{rel}","templated":true}]}}