{"id":753,"date":"2016-02-06T11:31:10","date_gmt":"2016-02-06T10:31:10","guid":{"rendered":"http:\/\/nikkaluokta.com.loopiadns.com\/de\/?page_id=753"},"modified":"2024-11-22T17:08:36","modified_gmt":"2024-11-22T16:08:36","slug":"winter","status":"publish","type":"page","link":"https:\/\/nikkaluokta.com\/de\/transport\/winter","title":{"rendered":"Winter"},"content":{"rendered":"<section class=\"wpb-content-wrapper\"><p>[vc_row][vc_column][vc_column_text]<img loading=\"lazy\" decoding=\"async\" class=\"aligncenter size-full wp-image-1130\" src=\"http:\/\/nikkaluokta.com\/wp-content\/uploads\/2016\/02\/transport-skoter-nikkaluokta.jpg\" alt=\"transport-skoter-nikkaluokta\" width=\"1000\" height=\"563\" srcset=\"http:\/\/media.nikkaluokta.com\/2016\/02\/transport-skoter-nikkaluokta.jpg 1000w, http:\/\/media.nikkaluokta.com\/2016\/02\/transport-skoter-nikkaluokta-300x169.jpg 300w, http:\/\/media.nikkaluokta.com\/2016\/02\/transport-skoter-nikkaluokta-768x432.jpg 768w\" sizes=\"auto, (max-width: 1000px) 100vw, 1000px\" \/><\/p>\n<p><strong>F\u00fcr uns in den Bergen ist das Schneemobil das wichtigste Transportmittel, und es kann auch f\u00fcr Sie eine gro\u00dfe Hilfe sein, wenn Sie die Berge besuchen.<\/strong><\/p>\n<p>Mit uns gebuchte Schneemobil-Transfers erm\u00f6glichen Ihnen eine sichere Reise.<\/p>\n<p>Sie k\u00f6nnen entweder \u00fcber unsere Webseite online eine <a href=\"\/de\/transport\/buchungsanfrage-transport\">Buchungsanfrage<\/a> stellen, oder rufen Sie uns einfach an, schicken Sie uns eine e-Mail, oder fragen Sie an der Rezeption.<\/p>\n<hr \/>\n<h2>Schneemobil-Transfer Nikkaluokta &#8211; Kebnekaise<\/h2>\n<p>Abfahrten t\u00e4glich. Fragen Sie an der Rezeption nach eventuellen Aktualisierungen.<\/p>\n<p>Abfahrt in Nikkaluokta ist am Haupteingang.<\/p>\n<p>Bitte beachten Sie: Unter extremen Wetterbedingungen kann es passieren, dass Fahrten ausfallen bzw. verschoben werden m\u00fcssen.<\/p>\n<p>Sie k\u00f6nnen entweder \u00fcber unsere Webseite online eine <a href=\"\/de\/transport\/buchungsanfrage-transport\">Buchungsanfrage<\/a> stellen, oder rufen Sie uns einfach an, schicken Sie uns eine e-Mail, oder fragen Sie an der Rezeption.<\/p>\n<hr \/>\n<h2>Kebnekaise \u2013 ein Abenteuer mit dem Schneemobil<\/h2>\n<p>Kommen Sie mit auf eine Tagestour mit dem Schneemobil zur Kebnekaise-Bergstation am Fusse des Kebnekaise-Massivs.<\/p>\n<p>F\u00fcr die Fahrt im offenen Schlitten stellen wir warme und komfortable Decken zur Verf\u00fcgung. Zus\u00e4tzlich k\u00f6nnen Sie sich von uns auch einen Thermo-Overall leihen.<\/p>\n<p>Nach einer Stunde Fahrt im offenen Gel\u00e4nde erreichen wir die Station. Diese 100-Jahre-alte Bergstation mit ihrer ganz eigenen Atmosph\u00e4re ist ein beliebtes Ziel. K\u00f6nnen Sie sich dort etwas in der Cafeteria oder besuchen Sie das Restaurant bevor es zur\u00fcck nach Nikkaluokta geht.<\/p>\n<p>Minimum: 2 Personen<\/p>\n<p>Sie k\u00f6nnen entweder \u00fcber unsere Webseite online eine <a href=\"\/de\/transport\/buchungsanfrage-transport\">Buchungsanfrage<\/a> stellen, oder rufen Sie uns einfach an, schicken Sie uns eine e-Mail, oder fragen Sie an der Rezeption.<br \/>\n<img loading=\"lazy\" decoding=\"async\" class=\"aligncenter size-st_medium wp-image-1127\" src=\"http:\/\/nikkaluokta.com\/wp-content\/uploads\/2016\/02\/transport-skoter-kebnekaise4-642x335.jpg\" alt=\"transport-skoter-kebnekaise4\" width=\"642\" height=\"335\" \/><\/p>\n<hr \/>\n<h2>Transport zu den Bergh\u00fctten per Schneemobil<\/h2>\n<p>Nikkaluokta Alltransport bef\u00f6rdert Menschen und G\u00fcter sicher zu den Bergh\u00fctten der Region<\/p>\n<p>Es k\u00f6nnen Transporte und Transfers zu \u201cLisas stuga\u201d und zu den STF-H\u00fctten (open to hikers) in Vistas (drop off 6 km before Vistasstugan), Singi, S\u00e4lka and Kaitum gebucht werden. Wir k\u00f6nnen Sie dort hinbringen und auch wieder abholen.<\/p>\n<p>F\u00fcr unsere gro\u00dfen Transportschlitten sind Gep\u00e4ck aund Skiausr\u00fcstung kein Problem. Sie selbst sitzen gepolstert und in eine warme Decke gewickelt. Fahrten zu den Bergh\u00fctten m\u00fcssen im voraus gebucht werden. Wir versuchen, verschiedene Transport- und Transferfahrten so zu kombinieren, dass wir allen W\u00fcnschen gerecht werden k\u00f6nnen.<\/p>\n<p>Weitere Informationen erhalten Sie an der Rezeption, per e-Mail oder per Telefon.<\/p>\n<p>Bitte beachten Sie: Unter extremen Wetterbedingungen kann es passieren, dass Fahrten ausfallen bzw. verschoben werden m\u00fcssen.<\/p>\n<p>Sie k\u00f6nnen entweder \u00fcber unsere Webseite online eine <a href=\"\/de\/transport\/buchungsanfrage-transport\">Buchungsanfrage<\/a> stellen, oder rufen Sie uns einfach an, schicken Sie uns eine e-Mail, oder fragen Sie an der Rezeption.<br \/>\n<img loading=\"lazy\" decoding=\"async\" class=\"aligncenter size-st_medium wp-image-1129\" src=\"http:\/\/nikkaluokta.com\/wp-content\/uploads\/2016\/02\/transport-skoter-kebnekaise6-642x335.jpg\" alt=\"transport-skoter-kebnekaise6\" width=\"642\" height=\"335\" \/><\/p>\n<\/section>","protected":false},"excerpt":{"rendered":"<p>[vc_row][vc_column][vc_column_text] F\u00fcr uns in den Bergen ist das Schneemobil das wichtigste Transportmittel, und es kann auch f\u00fcr Sie eine gro\u00dfe Hilfe sein, wenn Sie die Berge besuchen. Mit uns gebuchte Schneemobil-Transfers erm\u00f6glichen Ihnen eine sichere Reise. Sie k\u00f6nnen entweder \u00fcber unsere Webseite online eine Buchungsanfrage stellen, oder rufen Sie uns einfach an, schicken Sie uns<\/p>\n<a href=\"https:\/\/nikkaluokta.com\/de\/transport\/winter\" class=\"sohohotel-more-link\">Read More<i class=\"fa fa-angle-right\"><\/i><\/a>","protected":false},"author":1,"featured_media":0,"parent":279,"menu_order":3,"comment_status":"closed","ping_status":"closed","template":"","meta":{"footnotes":""},"class_list":["post-753","page","type-page","status-publish","hentry"],"yoast_head":"<!-- This site is optimized with the Yoast SEO plugin v27.5 - https:\/\/yoast.com\/product\/yoast-seo-wordpress\/ -->\n<title>Winter - Nikkaluokta Sarri AB<\/title>\n<meta name=\"robots\" content=\"index, follow, max-snippet:-1, max-image-preview:large, max-video-preview:-1\" \/>\n<link rel=\"canonical\" href=\"https:\/\/nikkaluokta.com\/de\/transport\/winter\" \/>\n<meta property=\"og:locale\" content=\"de_DE\" \/>\n<meta property=\"og:type\" content=\"article\" \/>\n<meta property=\"og:title\" content=\"Winter - Nikkaluokta Sarri AB\" \/>\n<meta property=\"og:description\" content=\"[vc_row][vc_column][vc_column_text] F\u00fcr uns in den Bergen ist das Schneemobil das wichtigste Transportmittel, und es kann auch f\u00fcr Sie eine gro\u00dfe Hilfe sein, wenn Sie die Berge besuchen. Mit uns gebuchte Schneemobil-Transfers erm\u00f6glichen Ihnen eine sichere Reise. Sie k\u00f6nnen entweder \u00fcber unsere Webseite online eine Buchungsanfrage stellen, oder rufen Sie uns einfach an, schicken Sie uns\" \/>\n<meta property=\"og:url\" content=\"https:\/\/nikkaluokta.com\/de\/transport\/winter\" \/>\n<meta property=\"og:site_name\" content=\"Nikkaluokta Sarri AB\" \/>\n<meta property=\"article:publisher\" content=\"https:\/\/www.facebook.com\/Nikkaluoktasarri\/\" \/>\n<meta property=\"article:modified_time\" content=\"2024-11-22T16:08:36+00:00\" \/>\n<meta property=\"og:image\" content=\"https:\/\/media.nikkaluokta.com\/2016\/02\/transport-skoter-nikkaluokta.jpg\" \/>\n\t<meta property=\"og:image:width\" content=\"1000\" \/>\n\t<meta property=\"og:image:height\" content=\"563\" \/>\n\t<meta property=\"og:image:type\" content=\"image\/jpeg\" \/>\n<meta name=\"twitter:card\" content=\"summary_large_image\" \/>\n<meta name=\"twitter:label1\" content=\"Gesch\u00e4tzte Lesezeit\" \/>\n\t<meta name=\"twitter:data1\" content=\"3\u00a0Minuten\" \/>\n<script type=\"application\/ld+json\" class=\"yoast-schema-graph\">{\"@context\":\"https:\\\/\\\/schema.org\",\"@graph\":[{\"@type\":\"WebPage\",\"@id\":\"https:\\\/\\\/nikkaluokta.com\\\/de\\\/transport\\\/winter\",\"url\":\"https:\\\/\\\/nikkaluokta.com\\\/de\\\/transport\\\/winter\",\"name\":\"Winter - Nikkaluokta Sarri AB\",\"isPartOf\":{\"@id\":\"https:\\\/\\\/nikkaluokta.com\\\/de\\\/#website\"},\"primaryImageOfPage\":{\"@id\":\"https:\\\/\\\/nikkaluokta.com\\\/de\\\/transport\\\/winter#primaryimage\"},\"image\":{\"@id\":\"https:\\\/\\\/nikkaluokta.com\\\/de\\\/transport\\\/winter#primaryimage\"},\"thumbnailUrl\":\"http:\\\/\\\/nikkaluokta.com\\\/wp-content\\\/uploads\\\/2016\\\/02\\\/transport-skoter-nikkaluokta.jpg\",\"datePublished\":\"2016-02-06T10:31:10+00:00\",\"dateModified\":\"2024-11-22T16:08:36+00:00\",\"breadcrumb\":{\"@id\":\"https:\\\/\\\/nikkaluokta.com\\\/de\\\/transport\\\/winter#breadcrumb\"},\"inLanguage\":\"de\",\"potentialAction\":[{\"@type\":\"ReadAction\",\"target\":[\"https:\\\/\\\/nikkaluokta.com\\\/de\\\/transport\\\/winter\"]}]},{\"@type\":\"ImageObject\",\"inLanguage\":\"de\",\"@id\":\"https:\\\/\\\/nikkaluokta.com\\\/de\\\/transport\\\/winter#primaryimage\",\"url\":\"http:\\\/\\\/nikkaluokta.com\\\/wp-content\\\/uploads\\\/2016\\\/02\\\/transport-skoter-nikkaluokta.jpg\",\"contentUrl\":\"http:\\\/\\\/nikkaluokta.com\\\/wp-content\\\/uploads\\\/2016\\\/02\\\/transport-skoter-nikkaluokta.jpg\"},{\"@type\":\"BreadcrumbList\",\"@id\":\"https:\\\/\\\/nikkaluokta.com\\\/de\\\/transport\\\/winter#breadcrumb\",\"itemListElement\":[{\"@type\":\"ListItem\",\"position\":1,\"name\":\"Home\",\"item\":\"https:\\\/\\\/nikkaluokta.com\\\/de\"},{\"@type\":\"ListItem\",\"position\":2,\"name\":\"Transport in den Bergen\",\"item\":\"https:\\\/\\\/nikkaluokta.com\\\/de\\\/transport\"},{\"@type\":\"ListItem\",\"position\":3,\"name\":\"Winter\"}]},{\"@type\":\"WebSite\",\"@id\":\"https:\\\/\\\/nikkaluokta.com\\\/de\\\/#website\",\"url\":\"https:\\\/\\\/nikkaluokta.com\\\/de\\\/\",\"name\":\"Nikkaluokta Sarri AB\",\"description\":\"Mitt i en storslagen natur\",\"publisher\":{\"@id\":\"https:\\\/\\\/nikkaluokta.com\\\/de\\\/#organization\"},\"potentialAction\":[{\"@type\":\"SearchAction\",\"target\":{\"@type\":\"EntryPoint\",\"urlTemplate\":\"https:\\\/\\\/nikkaluokta.com\\\/de\\\/?s={search_term_string}\"},\"query-input\":{\"@type\":\"PropertyValueSpecification\",\"valueRequired\":true,\"valueName\":\"search_term_string\"}}],\"inLanguage\":\"de\"},{\"@type\":\"Organization\",\"@id\":\"https:\\\/\\\/nikkaluokta.com\\\/de\\\/#organization\",\"name\":\"Nikkaluokta Sarri AB\",\"url\":\"https:\\\/\\\/nikkaluokta.com\\\/de\\\/\",\"logo\":{\"@type\":\"ImageObject\",\"inLanguage\":\"de\",\"@id\":\"https:\\\/\\\/nikkaluokta.com\\\/de\\\/#\\\/schema\\\/logo\\\/image\\\/\",\"url\":\"https:\\\/\\\/media.nikkaluokta.com\\\/2019\\\/01\\\/Nikkaluokta-transp-logo.png\",\"contentUrl\":\"https:\\\/\\\/media.nikkaluokta.com\\\/2019\\\/01\\\/Nikkaluokta-transp-logo.png\",\"width\":800,\"height\":149,\"caption\":\"Nikkaluokta Sarri AB\"},\"image\":{\"@id\":\"https:\\\/\\\/nikkaluokta.com\\\/de\\\/#\\\/schema\\\/logo\\\/image\\\/\"},\"sameAs\":[\"https:\\\/\\\/www.facebook.com\\\/Nikkaluoktasarri\\\/\",\"https:\\\/\\\/www.instagram.com\\\/nikkaluoktasarri\\\/\"]}]}<\/script>\n<!-- \/ Yoast SEO plugin. -->","yoast_head_json":{"title":"Winter - Nikkaluokta Sarri AB","robots":{"index":"index","follow":"follow","max-snippet":"max-snippet:-1","max-image-preview":"max-image-preview:large","max-video-preview":"max-video-preview:-1"},"canonical":"https:\/\/nikkaluokta.com\/de\/transport\/winter","og_locale":"de_DE","og_type":"article","og_title":"Winter - Nikkaluokta Sarri AB","og_description":"[vc_row][vc_column][vc_column_text] F\u00fcr uns in den Bergen ist das Schneemobil das wichtigste Transportmittel, und es kann auch f\u00fcr Sie eine gro\u00dfe Hilfe sein, wenn Sie die Berge besuchen. Mit uns gebuchte Schneemobil-Transfers erm\u00f6glichen Ihnen eine sichere Reise. Sie k\u00f6nnen entweder \u00fcber unsere Webseite online eine Buchungsanfrage stellen, oder rufen Sie uns einfach an, schicken Sie uns","og_url":"https:\/\/nikkaluokta.com\/de\/transport\/winter","og_site_name":"Nikkaluokta Sarri AB","article_publisher":"https:\/\/www.facebook.com\/Nikkaluoktasarri\/","article_modified_time":"2024-11-22T16:08:36+00:00","og_image":[{"width":1000,"height":563,"url":"https:\/\/media.nikkaluokta.com\/2016\/02\/transport-skoter-nikkaluokta.jpg","type":"image\/jpeg"}],"twitter_card":"summary_large_image","twitter_misc":{"Gesch\u00e4tzte Lesezeit":"3\u00a0Minuten"},"schema":{"@context":"https:\/\/schema.org","@graph":[{"@type":"WebPage","@id":"https:\/\/nikkaluokta.com\/de\/transport\/winter","url":"https:\/\/nikkaluokta.com\/de\/transport\/winter","name":"Winter - Nikkaluokta Sarri AB","isPartOf":{"@id":"https:\/\/nikkaluokta.com\/de\/#website"},"primaryImageOfPage":{"@id":"https:\/\/nikkaluokta.com\/de\/transport\/winter#primaryimage"},"image":{"@id":"https:\/\/nikkaluokta.com\/de\/transport\/winter#primaryimage"},"thumbnailUrl":"http:\/\/nikkaluokta.com\/wp-content\/uploads\/2016\/02\/transport-skoter-nikkaluokta.jpg","datePublished":"2016-02-06T10:31:10+00:00","dateModified":"2024-11-22T16:08:36+00:00","breadcrumb":{"@id":"https:\/\/nikkaluokta.com\/de\/transport\/winter#breadcrumb"},"inLanguage":"de","potentialAction":[{"@type":"ReadAction","target":["https:\/\/nikkaluokta.com\/de\/transport\/winter"]}]},{"@type":"ImageObject","inLanguage":"de","@id":"https:\/\/nikkaluokta.com\/de\/transport\/winter#primaryimage","url":"http:\/\/nikkaluokta.com\/wp-content\/uploads\/2016\/02\/transport-skoter-nikkaluokta.jpg","contentUrl":"http:\/\/nikkaluokta.com\/wp-content\/uploads\/2016\/02\/transport-skoter-nikkaluokta.jpg"},{"@type":"BreadcrumbList","@id":"https:\/\/nikkaluokta.com\/de\/transport\/winter#breadcrumb","itemListElement":[{"@type":"ListItem","position":1,"name":"Home","item":"https:\/\/nikkaluokta.com\/de"},{"@type":"ListItem","position":2,"name":"Transport in den Bergen","item":"https:\/\/nikkaluokta.com\/de\/transport"},{"@type":"ListItem","position":3,"name":"Winter"}]},{"@type":"WebSite","@id":"https:\/\/nikkaluokta.com\/de\/#website","url":"https:\/\/nikkaluokta.com\/de\/","name":"Nikkaluokta Sarri AB","description":"Mitt i en storslagen natur","publisher":{"@id":"https:\/\/nikkaluokta.com\/de\/#organization"},"potentialAction":[{"@type":"SearchAction","target":{"@type":"EntryPoint","urlTemplate":"https:\/\/nikkaluokta.com\/de\/?s={search_term_string}"},"query-input":{"@type":"PropertyValueSpecification","valueRequired":true,"valueName":"search_term_string"}}],"inLanguage":"de"},{"@type":"Organization","@id":"https:\/\/nikkaluokta.com\/de\/#organization","name":"Nikkaluokta Sarri AB","url":"https:\/\/nikkaluokta.com\/de\/","logo":{"@type":"ImageObject","inLanguage":"de","@id":"https:\/\/nikkaluokta.com\/de\/#\/schema\/logo\/image\/","url":"https:\/\/media.nikkaluokta.com\/2019\/01\/Nikkaluokta-transp-logo.png","contentUrl":"https:\/\/media.nikkaluokta.com\/2019\/01\/Nikkaluokta-transp-logo.png","width":800,"height":149,"caption":"Nikkaluokta Sarri AB"},"image":{"@id":"https:\/\/nikkaluokta.com\/de\/#\/schema\/logo\/image\/"},"sameAs":["https:\/\/www.facebook.com\/Nikkaluoktasarri\/","https:\/\/www.instagram.com\/nikkaluoktasarri\/"]}]}},"_links":{"self":[{"href":"https:\/\/nikkaluokta.com\/de\/wp-json\/wp\/v2\/pages\/753","targetHints":{"allow":["GET"]}}],"collection":[{"href":"https:\/\/nikkaluokta.com\/de\/wp-json\/wp\/v2\/pages"}],"about":[{"href":"https:\/\/nikkaluokta.com\/de\/wp-json\/wp\/v2\/types\/page"}],"author":[{"embeddable":true,"href":"https:\/\/nikkaluokta.com\/de\/wp-json\/wp\/v2\/users\/1"}],"replies":[{"embeddable":true,"href":"https:\/\/nikkaluokta.com\/de\/wp-json\/wp\/v2\/comments?post=753"}],"version-history":[{"count":24,"href":"https:\/\/nikkaluokta.com\/de\/wp-json\/wp\/v2\/pages\/753\/revisions"}],"predecessor-version":[{"id":3784,"href":"https:\/\/nikkaluokta.com\/de\/wp-json\/wp\/v2\/pages\/753\/revisions\/3784"}],"up":[{"embeddable":true,"href":"https:\/\/nikkaluokta.com\/de\/wp-json\/wp\/v2\/pages\/279"}],"wp:attachment":[{"href":"https:\/\/nikkaluokta.com\/de\/wp-json\/wp\/v2\/media?parent=753"}],"curies":[{"name":"wp","href":"https:\/\/api.w.org\/{rel}","templated":true}]}}