{"id":845,"date":"2016-02-11T18:51:18","date_gmt":"2016-02-11T17:51:18","guid":{"rendered":"http:\/\/nikkaluokta.com.loopiadns.com\/de\/?page_id=845"},"modified":"2016-12-18T09:12:24","modified_gmt":"2016-12-18T08:12:24","slug":"besondere-anlaesse","status":"publish","type":"page","link":"https:\/\/nikkaluokta.com\/de\/essen-und-trinken\/besondere-anlaesse","title":{"rendered":"Besondere Anl\u00e4sse"},"content":{"rendered":"<p><img loading=\"lazy\" decoding=\"async\" class=\"aligncenter size-st_medium wp-image-1225\" src=\"http:\/\/nikkaluokta.com\/wp-content\/uploads\/2016\/04\/MG_0806-642x335.jpg\" alt=\"_MG_0806\" width=\"642\" height=\"335\" \/><\/p>\n<p>Was gibt es sch\u00f6neres, als gutes Essen mit Freunden zu genie\u00dfen? Buchen Sie einen Tisch und ein Men\u00fc f\u00fcr Ihre Gruppe! Wir servieren Ihnen Gerichte, die optimal auf Ihre Anspr\u00fcche und Ihren Geschmack zugeschnitten sind. W\u00e4hlen Sie zwischen einem Buffet oder einem\u00a0Men\u00fc mit mehreren G\u00e4ngen.<\/p>\n<p>Im\u00a0Restaurant Sk\u00e1idi erleben Sie exklusive kulinarische Gen\u00fcsse in der\u00a0spektakul\u00e4ren Umgebung der Berge.<\/p>\n<p>Falls Sie ein spezielles Men\u00fc f\u00fcr eine Gruppe bestellen, empfehlen wir, f\u00fcr alle G\u00e4ste die gleichen Gerichte zu bestellen \u2013 ausgenommen selbstverst\u00e4ndlich f\u00fcr G\u00e4ste mit Allergien oder Vegetarier.<\/p>\n<p>Falls Sie mit einer Gruppe mit mehr als zehn Personen anreisen, w\u00fcrden wir Sie gern mit einem typisch Samischen Buffet verw\u00f6hnen mit allem, was der Norden zu bieten hat.\u00a0Wir bieten Ihnen\u00a0ein\u00a0Geschmackserlebnis, das Sie nicht vergessen werden!<\/p>\n","protected":false},"excerpt":{"rendered":"<p>Was gibt es sch\u00f6neres, als gutes Essen mit Freunden zu genie\u00dfen? Buchen Sie einen Tisch und ein Men\u00fc f\u00fcr Ihre Gruppe! Wir servieren Ihnen Gerichte, die optimal auf Ihre Anspr\u00fcche und Ihren Geschmack zugeschnitten sind. W\u00e4hlen Sie zwischen einem Buffet oder einem\u00a0Men\u00fc mit mehreren G\u00e4ngen. Im\u00a0Restaurant Sk\u00e1idi erleben Sie exklusive kulinarische Gen\u00fcsse in der\u00a0spektakul\u00e4ren Umgebung<\/p>\n<a href=\"https:\/\/nikkaluokta.com\/de\/essen-und-trinken\/besondere-anlaesse\" class=\"sohohotel-more-link\">Read More<i class=\"fa fa-angle-right\"><\/i><\/a>","protected":false},"author":1,"featured_media":0,"parent":300,"menu_order":3,"comment_status":"closed","ping_status":"closed","template":"","meta":{"footnotes":""},"class_list":["post-845","page","type-page","status-publish","hentry"],"yoast_head":"<!-- This site is optimized with the Yoast SEO plugin v27.5 - https:\/\/yoast.com\/product\/yoast-seo-wordpress\/ -->\n<title>Besondere Anl\u00e4sse - Nikkaluokta Sarri AB<\/title>\n<meta name=\"robots\" content=\"index, follow, max-snippet:-1, max-image-preview:large, max-video-preview:-1\" \/>\n<link rel=\"canonical\" href=\"https:\/\/nikkaluokta.com\/de\/essen-und-trinken\/besondere-anlaesse\" \/>\n<meta property=\"og:locale\" content=\"de_DE\" \/>\n<meta property=\"og:type\" content=\"article\" \/>\n<meta property=\"og:title\" content=\"Besondere Anl\u00e4sse - Nikkaluokta Sarri AB\" \/>\n<meta property=\"og:description\" content=\"Was gibt es sch\u00f6neres, als gutes Essen mit Freunden zu genie\u00dfen? Buchen Sie einen Tisch und ein Men\u00fc f\u00fcr Ihre Gruppe! Wir servieren Ihnen Gerichte, die optimal auf Ihre Anspr\u00fcche und Ihren Geschmack zugeschnitten sind. W\u00e4hlen Sie zwischen einem Buffet oder einem\u00a0Men\u00fc mit mehreren G\u00e4ngen. Im\u00a0Restaurant Sk\u00e1idi erleben Sie exklusive kulinarische Gen\u00fcsse in der\u00a0spektakul\u00e4ren Umgebung\" \/>\n<meta property=\"og:url\" content=\"https:\/\/nikkaluokta.com\/de\/essen-und-trinken\/besondere-anlaesse\" \/>\n<meta property=\"og:site_name\" content=\"Nikkaluokta Sarri AB\" \/>\n<meta property=\"article:publisher\" content=\"https:\/\/www.facebook.com\/Nikkaluoktasarri\/\" \/>\n<meta property=\"article:modified_time\" content=\"2016-12-18T08:12:24+00:00\" \/>\n<meta property=\"og:image\" content=\"http:\/\/nikkaluokta.com\/wp-content\/uploads\/2016\/04\/MG_0806-642x335.jpg\" \/>\n<meta name=\"twitter:card\" content=\"summary_large_image\" \/>\n<meta name=\"twitter:label1\" content=\"Gesch\u00e4tzte Lesezeit\" \/>\n\t<meta name=\"twitter:data1\" content=\"1\u00a0Minute\" \/>\n<script type=\"application\/ld+json\" class=\"yoast-schema-graph\">{\"@context\":\"https:\\\/\\\/schema.org\",\"@graph\":[{\"@type\":\"WebPage\",\"@id\":\"https:\\\/\\\/nikkaluokta.com\\\/de\\\/essen-und-trinken\\\/besondere-anlaesse\",\"url\":\"https:\\\/\\\/nikkaluokta.com\\\/de\\\/essen-und-trinken\\\/besondere-anlaesse\",\"name\":\"Besondere Anl\u00e4sse - Nikkaluokta Sarri AB\",\"isPartOf\":{\"@id\":\"https:\\\/\\\/nikkaluokta.com\\\/de\\\/#website\"},\"primaryImageOfPage\":{\"@id\":\"https:\\\/\\\/nikkaluokta.com\\\/de\\\/essen-und-trinken\\\/besondere-anlaesse#primaryimage\"},\"image\":{\"@id\":\"https:\\\/\\\/nikkaluokta.com\\\/de\\\/essen-und-trinken\\\/besondere-anlaesse#primaryimage\"},\"thumbnailUrl\":\"http:\\\/\\\/nikkaluokta.com\\\/wp-content\\\/uploads\\\/2016\\\/04\\\/MG_0806-642x335.jpg\",\"datePublished\":\"2016-02-11T17:51:18+00:00\",\"dateModified\":\"2016-12-18T08:12:24+00:00\",\"breadcrumb\":{\"@id\":\"https:\\\/\\\/nikkaluokta.com\\\/de\\\/essen-und-trinken\\\/besondere-anlaesse#breadcrumb\"},\"inLanguage\":\"de\",\"potentialAction\":[{\"@type\":\"ReadAction\",\"target\":[\"https:\\\/\\\/nikkaluokta.com\\\/de\\\/essen-und-trinken\\\/besondere-anlaesse\"]}]},{\"@type\":\"ImageObject\",\"inLanguage\":\"de\",\"@id\":\"https:\\\/\\\/nikkaluokta.com\\\/de\\\/essen-und-trinken\\\/besondere-anlaesse#primaryimage\",\"url\":\"http:\\\/\\\/nikkaluokta.com\\\/wp-content\\\/uploads\\\/2016\\\/04\\\/MG_0806-642x335.jpg\",\"contentUrl\":\"http:\\\/\\\/nikkaluokta.com\\\/wp-content\\\/uploads\\\/2016\\\/04\\\/MG_0806-642x335.jpg\"},{\"@type\":\"BreadcrumbList\",\"@id\":\"https:\\\/\\\/nikkaluokta.com\\\/de\\\/essen-und-trinken\\\/besondere-anlaesse#breadcrumb\",\"itemListElement\":[{\"@type\":\"ListItem\",\"position\":1,\"name\":\"Home\",\"item\":\"https:\\\/\\\/nikkaluokta.com\\\/de\"},{\"@type\":\"ListItem\",\"position\":2,\"name\":\"Essen &#038; Trinken\",\"item\":\"https:\\\/\\\/nikkaluokta.com\\\/de\\\/essen-und-trinken\"},{\"@type\":\"ListItem\",\"position\":3,\"name\":\"Besondere Anl\u00e4sse\"}]},{\"@type\":\"WebSite\",\"@id\":\"https:\\\/\\\/nikkaluokta.com\\\/de\\\/#website\",\"url\":\"https:\\\/\\\/nikkaluokta.com\\\/de\\\/\",\"name\":\"Nikkaluokta Sarri AB\",\"description\":\"Mitt i en storslagen natur\",\"publisher\":{\"@id\":\"https:\\\/\\\/nikkaluokta.com\\\/de\\\/#organization\"},\"potentialAction\":[{\"@type\":\"SearchAction\",\"target\":{\"@type\":\"EntryPoint\",\"urlTemplate\":\"https:\\\/\\\/nikkaluokta.com\\\/de\\\/?s={search_term_string}\"},\"query-input\":{\"@type\":\"PropertyValueSpecification\",\"valueRequired\":true,\"valueName\":\"search_term_string\"}}],\"inLanguage\":\"de\"},{\"@type\":\"Organization\",\"@id\":\"https:\\\/\\\/nikkaluokta.com\\\/de\\\/#organization\",\"name\":\"Nikkaluokta Sarri AB\",\"url\":\"https:\\\/\\\/nikkaluokta.com\\\/de\\\/\",\"logo\":{\"@type\":\"ImageObject\",\"inLanguage\":\"de\",\"@id\":\"https:\\\/\\\/nikkaluokta.com\\\/de\\\/#\\\/schema\\\/logo\\\/image\\\/\",\"url\":\"https:\\\/\\\/media.nikkaluokta.com\\\/2019\\\/01\\\/Nikkaluokta-transp-logo.png\",\"contentUrl\":\"https:\\\/\\\/media.nikkaluokta.com\\\/2019\\\/01\\\/Nikkaluokta-transp-logo.png\",\"width\":800,\"height\":149,\"caption\":\"Nikkaluokta Sarri AB\"},\"image\":{\"@id\":\"https:\\\/\\\/nikkaluokta.com\\\/de\\\/#\\\/schema\\\/logo\\\/image\\\/\"},\"sameAs\":[\"https:\\\/\\\/www.facebook.com\\\/Nikkaluoktasarri\\\/\",\"https:\\\/\\\/www.instagram.com\\\/nikkaluoktasarri\\\/\"]}]}<\/script>\n<!-- \/ Yoast SEO plugin. -->","yoast_head_json":{"title":"Besondere Anl\u00e4sse - Nikkaluokta Sarri AB","robots":{"index":"index","follow":"follow","max-snippet":"max-snippet:-1","max-image-preview":"max-image-preview:large","max-video-preview":"max-video-preview:-1"},"canonical":"https:\/\/nikkaluokta.com\/de\/essen-und-trinken\/besondere-anlaesse","og_locale":"de_DE","og_type":"article","og_title":"Besondere Anl\u00e4sse - Nikkaluokta Sarri AB","og_description":"Was gibt es sch\u00f6neres, als gutes Essen mit Freunden zu genie\u00dfen? Buchen Sie einen Tisch und ein Men\u00fc f\u00fcr Ihre Gruppe! Wir servieren Ihnen Gerichte, die optimal auf Ihre Anspr\u00fcche und Ihren Geschmack zugeschnitten sind. W\u00e4hlen Sie zwischen einem Buffet oder einem\u00a0Men\u00fc mit mehreren G\u00e4ngen. Im\u00a0Restaurant Sk\u00e1idi erleben Sie exklusive kulinarische Gen\u00fcsse in der\u00a0spektakul\u00e4ren Umgebung","og_url":"https:\/\/nikkaluokta.com\/de\/essen-und-trinken\/besondere-anlaesse","og_site_name":"Nikkaluokta Sarri AB","article_publisher":"https:\/\/www.facebook.com\/Nikkaluoktasarri\/","article_modified_time":"2016-12-18T08:12:24+00:00","og_image":[{"url":"http:\/\/nikkaluokta.com\/wp-content\/uploads\/2016\/04\/MG_0806-642x335.jpg","type":"","width":"","height":""}],"twitter_card":"summary_large_image","twitter_misc":{"Gesch\u00e4tzte Lesezeit":"1\u00a0Minute"},"schema":{"@context":"https:\/\/schema.org","@graph":[{"@type":"WebPage","@id":"https:\/\/nikkaluokta.com\/de\/essen-und-trinken\/besondere-anlaesse","url":"https:\/\/nikkaluokta.com\/de\/essen-und-trinken\/besondere-anlaesse","name":"Besondere Anl\u00e4sse - Nikkaluokta Sarri AB","isPartOf":{"@id":"https:\/\/nikkaluokta.com\/de\/#website"},"primaryImageOfPage":{"@id":"https:\/\/nikkaluokta.com\/de\/essen-und-trinken\/besondere-anlaesse#primaryimage"},"image":{"@id":"https:\/\/nikkaluokta.com\/de\/essen-und-trinken\/besondere-anlaesse#primaryimage"},"thumbnailUrl":"http:\/\/nikkaluokta.com\/wp-content\/uploads\/2016\/04\/MG_0806-642x335.jpg","datePublished":"2016-02-11T17:51:18+00:00","dateModified":"2016-12-18T08:12:24+00:00","breadcrumb":{"@id":"https:\/\/nikkaluokta.com\/de\/essen-und-trinken\/besondere-anlaesse#breadcrumb"},"inLanguage":"de","potentialAction":[{"@type":"ReadAction","target":["https:\/\/nikkaluokta.com\/de\/essen-und-trinken\/besondere-anlaesse"]}]},{"@type":"ImageObject","inLanguage":"de","@id":"https:\/\/nikkaluokta.com\/de\/essen-und-trinken\/besondere-anlaesse#primaryimage","url":"http:\/\/nikkaluokta.com\/wp-content\/uploads\/2016\/04\/MG_0806-642x335.jpg","contentUrl":"http:\/\/nikkaluokta.com\/wp-content\/uploads\/2016\/04\/MG_0806-642x335.jpg"},{"@type":"BreadcrumbList","@id":"https:\/\/nikkaluokta.com\/de\/essen-und-trinken\/besondere-anlaesse#breadcrumb","itemListElement":[{"@type":"ListItem","position":1,"name":"Home","item":"https:\/\/nikkaluokta.com\/de"},{"@type":"ListItem","position":2,"name":"Essen &#038; Trinken","item":"https:\/\/nikkaluokta.com\/de\/essen-und-trinken"},{"@type":"ListItem","position":3,"name":"Besondere Anl\u00e4sse"}]},{"@type":"WebSite","@id":"https:\/\/nikkaluokta.com\/de\/#website","url":"https:\/\/nikkaluokta.com\/de\/","name":"Nikkaluokta Sarri AB","description":"Mitt i en storslagen natur","publisher":{"@id":"https:\/\/nikkaluokta.com\/de\/#organization"},"potentialAction":[{"@type":"SearchAction","target":{"@type":"EntryPoint","urlTemplate":"https:\/\/nikkaluokta.com\/de\/?s={search_term_string}"},"query-input":{"@type":"PropertyValueSpecification","valueRequired":true,"valueName":"search_term_string"}}],"inLanguage":"de"},{"@type":"Organization","@id":"https:\/\/nikkaluokta.com\/de\/#organization","name":"Nikkaluokta Sarri AB","url":"https:\/\/nikkaluokta.com\/de\/","logo":{"@type":"ImageObject","inLanguage":"de","@id":"https:\/\/nikkaluokta.com\/de\/#\/schema\/logo\/image\/","url":"https:\/\/media.nikkaluokta.com\/2019\/01\/Nikkaluokta-transp-logo.png","contentUrl":"https:\/\/media.nikkaluokta.com\/2019\/01\/Nikkaluokta-transp-logo.png","width":800,"height":149,"caption":"Nikkaluokta Sarri AB"},"image":{"@id":"https:\/\/nikkaluokta.com\/de\/#\/schema\/logo\/image\/"},"sameAs":["https:\/\/www.facebook.com\/Nikkaluoktasarri\/","https:\/\/www.instagram.com\/nikkaluoktasarri\/"]}]}},"_links":{"self":[{"href":"https:\/\/nikkaluokta.com\/de\/wp-json\/wp\/v2\/pages\/845","targetHints":{"allow":["GET"]}}],"collection":[{"href":"https:\/\/nikkaluokta.com\/de\/wp-json\/wp\/v2\/pages"}],"about":[{"href":"https:\/\/nikkaluokta.com\/de\/wp-json\/wp\/v2\/types\/page"}],"author":[{"embeddable":true,"href":"https:\/\/nikkaluokta.com\/de\/wp-json\/wp\/v2\/users\/1"}],"replies":[{"embeddable":true,"href":"https:\/\/nikkaluokta.com\/de\/wp-json\/wp\/v2\/comments?post=845"}],"version-history":[{"count":4,"href":"https:\/\/nikkaluokta.com\/de\/wp-json\/wp\/v2\/pages\/845\/revisions"}],"predecessor-version":[{"id":1228,"href":"https:\/\/nikkaluokta.com\/de\/wp-json\/wp\/v2\/pages\/845\/revisions\/1228"}],"up":[{"embeddable":true,"href":"https:\/\/nikkaluokta.com\/de\/wp-json\/wp\/v2\/pages\/300"}],"wp:attachment":[{"href":"https:\/\/nikkaluokta.com\/de\/wp-json\/wp\/v2\/media?parent=845"}],"curies":[{"name":"wp","href":"https:\/\/api.w.org\/{rel}","templated":true}]}}