{"id":851,"date":"2016-02-11T19:00:50","date_gmt":"2016-02-11T18:00:50","guid":{"rendered":"http:\/\/nikkaluokta.com.loopiadns.com\/de\/?page_id=851"},"modified":"2016-12-18T09:13:40","modified_gmt":"2016-12-18T08:13:40","slug":"rezept","status":"publish","type":"page","link":"https:\/\/nikkaluokta.com\/de\/essen-und-trinken\/rezept","title":{"rendered":"Rezept"},"content":{"rendered":"<p>Direkt aus dem Nikkaluokta Kochbuch:<\/p>\n<h2>Nikkaluoktas hausgemachter Preiselbeerenkuchen<\/h2>\n<p>Heizen Sie den Backofen auf 200 Grad vor.<\/p>\n<p><strong>Zutaten 1:<\/strong><\/p>\n<ul>\n<li>2 Eier<\/li>\n<li>180g Puderzucker<\/li>\n<li>150 ml Milch<\/li>\n<li>200g Weizenmehl<\/li>\n<li>3 TL Backpulver<\/li>\n<li>2 TL Vanillezucker<\/li>\n<li>150g Butter<\/li>\n<li>Preiselbeeren oder Preiselbeermarmelade<\/li>\n<\/ul>\n<p>Schlagen Sie den Puderzucker und Eier schaumig. F\u00fcgen Sie geschmolzene Butter, Vanillezucker, Backpulver und Mehl hinzu. Verr\u00fchren Sie alle Zutaten gut und geben Sie den Teig ein eine eingefettete Form. Backen Sie ihn f\u00fcr etwa 20 Minuten.<\/p>\n<p>Bedecken Sie den ausgek\u00fchlten Teig mit reichlich Preiselbeeren.<\/p>\n<p><strong>Zutaten 2:<\/strong><\/p>\n<ul>\n<li>100g Butter<\/li>\n<li>60g Puderzucker<\/li>\n<li>40g Kokosraspeln<\/li>\n<\/ul>\n<p>Erw\u00e4rmen Sie unter R\u00fchren alle Zutaten in einen Topf, bis sich eine cremige Masse ergibt. Streichen Sie diese \u00fcber die\u00a0Preiselbeeren.<\/p>\n<p>Backen Sie den Kuchen anschlie\u00dfend f\u00fcr weitere 10 Minuten.<\/p>\n<p>Servieren Sie den abgek\u00fchlten Kuchen mit leicht geschlagener Sahne.<\/p>\n<p>Wir w\u00fcnschen guten Appetit!<\/p>\n<p>Die B\u00e4ckerei von Nikkaluokta<\/p>\n<p>&nbsp;<\/p>\n","protected":false},"excerpt":{"rendered":"<p>Direkt aus dem Nikkaluokta Kochbuch: Nikkaluoktas hausgemachter Preiselbeerenkuchen Heizen Sie den Backofen auf 200 Grad vor. Zutaten 1: 2 Eier 180g Puderzucker 150 ml Milch 200g Weizenmehl 3 TL Backpulver 2 TL Vanillezucker 150g Butter Preiselbeeren oder Preiselbeermarmelade Schlagen Sie den Puderzucker und Eier schaumig. F\u00fcgen Sie geschmolzene Butter, Vanillezucker, Backpulver und Mehl hinzu. Verr\u00fchren<\/p>\n<a href=\"https:\/\/nikkaluokta.com\/de\/essen-und-trinken\/rezept\" class=\"sohohotel-more-link\">Read More<i class=\"fa fa-angle-right\"><\/i><\/a>","protected":false},"author":1,"featured_media":0,"parent":300,"menu_order":5,"comment_status":"closed","ping_status":"closed","template":"","meta":{"footnotes":""},"class_list":["post-851","page","type-page","status-publish","hentry"],"yoast_head":"<!-- This site is optimized with the Yoast SEO plugin v27.5 - https:\/\/yoast.com\/product\/yoast-seo-wordpress\/ -->\n<title>Rezept - Nikkaluokta Sarri AB<\/title>\n<meta name=\"robots\" content=\"index, follow, max-snippet:-1, max-image-preview:large, max-video-preview:-1\" \/>\n<link rel=\"canonical\" href=\"https:\/\/nikkaluokta.com\/de\/essen-und-trinken\/rezept\" \/>\n<meta property=\"og:locale\" content=\"de_DE\" \/>\n<meta property=\"og:type\" content=\"article\" \/>\n<meta property=\"og:title\" content=\"Rezept - Nikkaluokta Sarri AB\" \/>\n<meta property=\"og:description\" content=\"Direkt aus dem Nikkaluokta Kochbuch: Nikkaluoktas hausgemachter Preiselbeerenkuchen Heizen Sie den Backofen auf 200 Grad vor. Zutaten 1: 2 Eier 180g Puderzucker 150 ml Milch 200g Weizenmehl 3 TL Backpulver 2 TL Vanillezucker 150g Butter Preiselbeeren oder Preiselbeermarmelade Schlagen Sie den Puderzucker und Eier schaumig. F\u00fcgen Sie geschmolzene Butter, Vanillezucker, Backpulver und Mehl hinzu. Verr\u00fchren\" \/>\n<meta property=\"og:url\" content=\"https:\/\/nikkaluokta.com\/de\/essen-und-trinken\/rezept\" \/>\n<meta property=\"og:site_name\" content=\"Nikkaluokta Sarri AB\" \/>\n<meta property=\"article:publisher\" content=\"https:\/\/www.facebook.com\/Nikkaluoktasarri\/\" \/>\n<meta property=\"article:modified_time\" content=\"2016-12-18T08:13:40+00:00\" \/>\n<meta property=\"og:image\" content=\"https:\/\/media.nikkaluokta.com\/2016\/02\/MG_5672.jpg\" \/>\n\t<meta property=\"og:image:width\" content=\"1000\" \/>\n\t<meta property=\"og:image:height\" content=\"562\" \/>\n\t<meta property=\"og:image:type\" content=\"image\/jpeg\" \/>\n<meta name=\"twitter:card\" content=\"summary_large_image\" \/>\n<meta name=\"twitter:label1\" content=\"Gesch\u00e4tzte Lesezeit\" \/>\n\t<meta name=\"twitter:data1\" content=\"1\u00a0Minute\" \/>\n<script type=\"application\/ld+json\" class=\"yoast-schema-graph\">{\"@context\":\"https:\\\/\\\/schema.org\",\"@graph\":[{\"@type\":\"WebPage\",\"@id\":\"https:\\\/\\\/nikkaluokta.com\\\/de\\\/essen-und-trinken\\\/rezept\",\"url\":\"https:\\\/\\\/nikkaluokta.com\\\/de\\\/essen-und-trinken\\\/rezept\",\"name\":\"Rezept - Nikkaluokta Sarri AB\",\"isPartOf\":{\"@id\":\"https:\\\/\\\/nikkaluokta.com\\\/de\\\/#website\"},\"datePublished\":\"2016-02-11T18:00:50+00:00\",\"dateModified\":\"2016-12-18T08:13:40+00:00\",\"breadcrumb\":{\"@id\":\"https:\\\/\\\/nikkaluokta.com\\\/de\\\/essen-und-trinken\\\/rezept#breadcrumb\"},\"inLanguage\":\"de\",\"potentialAction\":[{\"@type\":\"ReadAction\",\"target\":[\"https:\\\/\\\/nikkaluokta.com\\\/de\\\/essen-und-trinken\\\/rezept\"]}]},{\"@type\":\"BreadcrumbList\",\"@id\":\"https:\\\/\\\/nikkaluokta.com\\\/de\\\/essen-und-trinken\\\/rezept#breadcrumb\",\"itemListElement\":[{\"@type\":\"ListItem\",\"position\":1,\"name\":\"Home\",\"item\":\"https:\\\/\\\/nikkaluokta.com\\\/de\"},{\"@type\":\"ListItem\",\"position\":2,\"name\":\"Essen &#038; Trinken\",\"item\":\"https:\\\/\\\/nikkaluokta.com\\\/de\\\/essen-und-trinken\"},{\"@type\":\"ListItem\",\"position\":3,\"name\":\"Rezept\"}]},{\"@type\":\"WebSite\",\"@id\":\"https:\\\/\\\/nikkaluokta.com\\\/de\\\/#website\",\"url\":\"https:\\\/\\\/nikkaluokta.com\\\/de\\\/\",\"name\":\"Nikkaluokta Sarri AB\",\"description\":\"Mitt i en storslagen natur\",\"publisher\":{\"@id\":\"https:\\\/\\\/nikkaluokta.com\\\/de\\\/#organization\"},\"potentialAction\":[{\"@type\":\"SearchAction\",\"target\":{\"@type\":\"EntryPoint\",\"urlTemplate\":\"https:\\\/\\\/nikkaluokta.com\\\/de\\\/?s={search_term_string}\"},\"query-input\":{\"@type\":\"PropertyValueSpecification\",\"valueRequired\":true,\"valueName\":\"search_term_string\"}}],\"inLanguage\":\"de\"},{\"@type\":\"Organization\",\"@id\":\"https:\\\/\\\/nikkaluokta.com\\\/de\\\/#organization\",\"name\":\"Nikkaluokta Sarri AB\",\"url\":\"https:\\\/\\\/nikkaluokta.com\\\/de\\\/\",\"logo\":{\"@type\":\"ImageObject\",\"inLanguage\":\"de\",\"@id\":\"https:\\\/\\\/nikkaluokta.com\\\/de\\\/#\\\/schema\\\/logo\\\/image\\\/\",\"url\":\"https:\\\/\\\/media.nikkaluokta.com\\\/2019\\\/01\\\/Nikkaluokta-transp-logo.png\",\"contentUrl\":\"https:\\\/\\\/media.nikkaluokta.com\\\/2019\\\/01\\\/Nikkaluokta-transp-logo.png\",\"width\":800,\"height\":149,\"caption\":\"Nikkaluokta Sarri AB\"},\"image\":{\"@id\":\"https:\\\/\\\/nikkaluokta.com\\\/de\\\/#\\\/schema\\\/logo\\\/image\\\/\"},\"sameAs\":[\"https:\\\/\\\/www.facebook.com\\\/Nikkaluoktasarri\\\/\",\"https:\\\/\\\/www.instagram.com\\\/nikkaluoktasarri\\\/\"]}]}<\/script>\n<!-- \/ Yoast SEO plugin. -->","yoast_head_json":{"title":"Rezept - Nikkaluokta Sarri AB","robots":{"index":"index","follow":"follow","max-snippet":"max-snippet:-1","max-image-preview":"max-image-preview:large","max-video-preview":"max-video-preview:-1"},"canonical":"https:\/\/nikkaluokta.com\/de\/essen-und-trinken\/rezept","og_locale":"de_DE","og_type":"article","og_title":"Rezept - Nikkaluokta Sarri AB","og_description":"Direkt aus dem Nikkaluokta Kochbuch: Nikkaluoktas hausgemachter Preiselbeerenkuchen Heizen Sie den Backofen auf 200 Grad vor. Zutaten 1: 2 Eier 180g Puderzucker 150 ml Milch 200g Weizenmehl 3 TL Backpulver 2 TL Vanillezucker 150g Butter Preiselbeeren oder Preiselbeermarmelade Schlagen Sie den Puderzucker und Eier schaumig. F\u00fcgen Sie geschmolzene Butter, Vanillezucker, Backpulver und Mehl hinzu. Verr\u00fchren","og_url":"https:\/\/nikkaluokta.com\/de\/essen-und-trinken\/rezept","og_site_name":"Nikkaluokta Sarri AB","article_publisher":"https:\/\/www.facebook.com\/Nikkaluoktasarri\/","article_modified_time":"2016-12-18T08:13:40+00:00","og_image":[{"width":1000,"height":562,"url":"https:\/\/media.nikkaluokta.com\/2016\/02\/MG_5672.jpg","type":"image\/jpeg"}],"twitter_card":"summary_large_image","twitter_misc":{"Gesch\u00e4tzte Lesezeit":"1\u00a0Minute"},"schema":{"@context":"https:\/\/schema.org","@graph":[{"@type":"WebPage","@id":"https:\/\/nikkaluokta.com\/de\/essen-und-trinken\/rezept","url":"https:\/\/nikkaluokta.com\/de\/essen-und-trinken\/rezept","name":"Rezept - Nikkaluokta Sarri AB","isPartOf":{"@id":"https:\/\/nikkaluokta.com\/de\/#website"},"datePublished":"2016-02-11T18:00:50+00:00","dateModified":"2016-12-18T08:13:40+00:00","breadcrumb":{"@id":"https:\/\/nikkaluokta.com\/de\/essen-und-trinken\/rezept#breadcrumb"},"inLanguage":"de","potentialAction":[{"@type":"ReadAction","target":["https:\/\/nikkaluokta.com\/de\/essen-und-trinken\/rezept"]}]},{"@type":"BreadcrumbList","@id":"https:\/\/nikkaluokta.com\/de\/essen-und-trinken\/rezept#breadcrumb","itemListElement":[{"@type":"ListItem","position":1,"name":"Home","item":"https:\/\/nikkaluokta.com\/de"},{"@type":"ListItem","position":2,"name":"Essen &#038; Trinken","item":"https:\/\/nikkaluokta.com\/de\/essen-und-trinken"},{"@type":"ListItem","position":3,"name":"Rezept"}]},{"@type":"WebSite","@id":"https:\/\/nikkaluokta.com\/de\/#website","url":"https:\/\/nikkaluokta.com\/de\/","name":"Nikkaluokta Sarri AB","description":"Mitt i en storslagen natur","publisher":{"@id":"https:\/\/nikkaluokta.com\/de\/#organization"},"potentialAction":[{"@type":"SearchAction","target":{"@type":"EntryPoint","urlTemplate":"https:\/\/nikkaluokta.com\/de\/?s={search_term_string}"},"query-input":{"@type":"PropertyValueSpecification","valueRequired":true,"valueName":"search_term_string"}}],"inLanguage":"de"},{"@type":"Organization","@id":"https:\/\/nikkaluokta.com\/de\/#organization","name":"Nikkaluokta Sarri AB","url":"https:\/\/nikkaluokta.com\/de\/","logo":{"@type":"ImageObject","inLanguage":"de","@id":"https:\/\/nikkaluokta.com\/de\/#\/schema\/logo\/image\/","url":"https:\/\/media.nikkaluokta.com\/2019\/01\/Nikkaluokta-transp-logo.png","contentUrl":"https:\/\/media.nikkaluokta.com\/2019\/01\/Nikkaluokta-transp-logo.png","width":800,"height":149,"caption":"Nikkaluokta Sarri AB"},"image":{"@id":"https:\/\/nikkaluokta.com\/de\/#\/schema\/logo\/image\/"},"sameAs":["https:\/\/www.facebook.com\/Nikkaluoktasarri\/","https:\/\/www.instagram.com\/nikkaluoktasarri\/"]}]}},"_links":{"self":[{"href":"https:\/\/nikkaluokta.com\/de\/wp-json\/wp\/v2\/pages\/851","targetHints":{"allow":["GET"]}}],"collection":[{"href":"https:\/\/nikkaluokta.com\/de\/wp-json\/wp\/v2\/pages"}],"about":[{"href":"https:\/\/nikkaluokta.com\/de\/wp-json\/wp\/v2\/types\/page"}],"author":[{"embeddable":true,"href":"https:\/\/nikkaluokta.com\/de\/wp-json\/wp\/v2\/users\/1"}],"replies":[{"embeddable":true,"href":"https:\/\/nikkaluokta.com\/de\/wp-json\/wp\/v2\/comments?post=851"}],"version-history":[{"count":3,"href":"https:\/\/nikkaluokta.com\/de\/wp-json\/wp\/v2\/pages\/851\/revisions"}],"predecessor-version":[{"id":854,"href":"https:\/\/nikkaluokta.com\/de\/wp-json\/wp\/v2\/pages\/851\/revisions\/854"}],"up":[{"embeddable":true,"href":"https:\/\/nikkaluokta.com\/de\/wp-json\/wp\/v2\/pages\/300"}],"wp:attachment":[{"href":"https:\/\/nikkaluokta.com\/de\/wp-json\/wp\/v2\/media?parent=851"}],"curies":[{"name":"wp","href":"https:\/\/api.w.org\/{rel}","templated":true}]}}