{"id":879,"date":"2016-02-11T20:27:36","date_gmt":"2016-02-11T19:27:36","guid":{"rendered":"http:\/\/nikkaluokta.com.loopiadns.com\/de\/?page_id=879"},"modified":"2022-06-01T11:59:24","modified_gmt":"2022-06-01T09:59:24","slug":"flusssafari-vistasdalen","status":"publish","type":"page","link":"https:\/\/nikkaluokta.com\/de\/aktivitaeten\/aktivitaeten-sommer\/flusssafari-vistasdalen","title":{"rendered":"Flusssafari Vistasdalen"},"content":{"rendered":"<p><img loading=\"lazy\" decoding=\"async\" class=\"aligncenter size-st_medium wp-image-1027\" src=\"http:\/\/nikkaluokta.com\/wp-content\/uploads\/2016\/02\/vistasdalen-safari-642x335.jpg\" alt=\"vistasdalen-safari\" width=\"642\" height=\"335\" \/><\/p>\n<h2>Einer der Favoriten im Sommer: Die Flusssafari!<\/h2>\n<p><strong>Erleben Sie eine gef\u00fchrte Flusssafari im wundersch\u00f6nen und unber\u00fchrten Vistasdalen. Per Boot gleiten Sie \u00fcber das Wasser der umliegenden Gletscher und erleben die wundersch\u00f6ne Natur dieses Tals ganz nah.<\/strong><\/p>\n<p>Unser Guide ist\u00a0mit der Umgebung vertraut und wird Ihnen viele Informationen \u00fcber die Berge und seine Bewohner vermitteln.<\/p>\n<p>Sie k\u00f6nnen eine Buchungsanfrage stellen: <a href=\"\/de\/transport\/buchungsanfrage-transport\">Buchungsanfrage Flusssafari<\/a><\/p>\n<p><a href=\"http:\/\/media.nikkaluokta.com\/2022\/06\/20210702_134520-scaled.jpg\"><img loading=\"lazy\" decoding=\"async\" class=\"size-medium wp-image-2736 aligncenter\" src=\"http:\/\/media.nikkaluokta.com\/2022\/06\/20210702_134520-225x300.jpg\" alt=\"\" width=\"225\" height=\"300\" srcset=\"http:\/\/media.nikkaluokta.com\/2022\/06\/20210702_134520-225x300.jpg 225w, http:\/\/media.nikkaluokta.com\/2022\/06\/20210702_134520-768x1024.jpg 768w, http:\/\/media.nikkaluokta.com\/2022\/06\/20210702_134520-1152x1536.jpg 1152w, http:\/\/media.nikkaluokta.com\/2022\/06\/20210702_134520-1536x2048.jpg 1536w, http:\/\/media.nikkaluokta.com\/2022\/06\/20210702_134520-75x100.jpg 75w, http:\/\/media.nikkaluokta.com\/2022\/06\/20210702_134520-scaled.jpg 1920w\" sizes=\"auto, (max-width: 225px) 100vw, 225px\" \/><\/a><\/p>\n<p><a href=\"http:\/\/media.nikkaluokta.com\/2022\/06\/20210709_211528-scaled.jpg\"><img loading=\"lazy\" decoding=\"async\" class=\"size-medium wp-image-2751 aligncenter\" src=\"http:\/\/media.nikkaluokta.com\/2022\/06\/20210709_211528-225x300.jpg\" alt=\"\" width=\"225\" height=\"300\" srcset=\"http:\/\/media.nikkaluokta.com\/2022\/06\/20210709_211528-225x300.jpg 225w, http:\/\/media.nikkaluokta.com\/2022\/06\/20210709_211528-768x1024.jpg 768w, http:\/\/media.nikkaluokta.com\/2022\/06\/20210709_211528-1152x1536.jpg 1152w, http:\/\/media.nikkaluokta.com\/2022\/06\/20210709_211528-1536x2048.jpg 1536w, http:\/\/media.nikkaluokta.com\/2022\/06\/20210709_211528-75x100.jpg 75w, http:\/\/media.nikkaluokta.com\/2022\/06\/20210709_211528-scaled.jpg 1920w\" sizes=\"auto, (max-width: 225px) 100vw, 225px\" \/><\/a><img loading=\"lazy\" decoding=\"async\" class=\"aligncenter size-st_medium wp-image-1026\" src=\"http:\/\/nikkaluokta.com\/wp-content\/uploads\/2016\/02\/vistasdalen-aelg-642x335.jpg\" alt=\"vistasdalen-aelg\" width=\"642\" height=\"335\" \/><\/p>\n","protected":false},"excerpt":{"rendered":"<p>Einer der Favoriten im Sommer: Die Flusssafari! Erleben Sie eine gef\u00fchrte Flusssafari im wundersch\u00f6nen und unber\u00fchrten Vistasdalen. Per Boot gleiten Sie \u00fcber das Wasser der umliegenden Gletscher und erleben die wundersch\u00f6ne Natur dieses Tals ganz nah. Unser Guide ist\u00a0mit der Umgebung vertraut und wird Ihnen viele Informationen \u00fcber die Berge und seine Bewohner vermitteln. Sie<\/p>\n<a href=\"https:\/\/nikkaluokta.com\/de\/aktivitaeten\/aktivitaeten-sommer\/flusssafari-vistasdalen\" class=\"sohohotel-more-link\">Read More<i class=\"fa fa-angle-right\"><\/i><\/a>","protected":false},"author":1,"featured_media":0,"parent":286,"menu_order":5,"comment_status":"closed","ping_status":"closed","template":"","meta":{"footnotes":""},"class_list":["post-879","page","type-page","status-publish","hentry"],"yoast_head":"<!-- This site is optimized with the Yoast SEO plugin v27.4 - https:\/\/yoast.com\/product\/yoast-seo-wordpress\/ -->\n<title>Flusssafari Vistasdalen - Nikkaluokta Sarri AB<\/title>\n<meta name=\"robots\" content=\"index, follow, max-snippet:-1, max-image-preview:large, max-video-preview:-1\" \/>\n<link rel=\"canonical\" href=\"https:\/\/nikkaluokta.com\/de\/aktivitaeten\/aktivitaeten-sommer\/flusssafari-vistasdalen\" \/>\n<meta property=\"og:locale\" content=\"de_DE\" \/>\n<meta property=\"og:type\" content=\"article\" \/>\n<meta property=\"og:title\" content=\"Flusssafari Vistasdalen - Nikkaluokta Sarri AB\" \/>\n<meta property=\"og:description\" content=\"Einer der Favoriten im Sommer: Die Flusssafari! Erleben Sie eine gef\u00fchrte Flusssafari im wundersch\u00f6nen und unber\u00fchrten Vistasdalen. Per Boot gleiten Sie \u00fcber das Wasser der umliegenden Gletscher und erleben die wundersch\u00f6ne Natur dieses Tals ganz nah. Unser Guide ist\u00a0mit der Umgebung vertraut und wird Ihnen viele Informationen \u00fcber die Berge und seine Bewohner vermitteln. Sie\" \/>\n<meta property=\"og:url\" content=\"https:\/\/nikkaluokta.com\/de\/aktivitaeten\/aktivitaeten-sommer\/flusssafari-vistasdalen\" \/>\n<meta property=\"og:site_name\" content=\"Nikkaluokta Sarri AB\" \/>\n<meta property=\"article:publisher\" content=\"https:\/\/www.facebook.com\/Nikkaluoktasarri\/\" \/>\n<meta property=\"article:modified_time\" content=\"2022-06-01T09:59:24+00:00\" \/>\n<meta property=\"og:image\" content=\"http:\/\/nikkaluokta.com\/wp-content\/uploads\/2016\/02\/vistasdalen-safari-642x335.jpg\" \/>\n<meta name=\"twitter:card\" content=\"summary_large_image\" \/>\n<meta name=\"twitter:label1\" content=\"Gesch\u00e4tzte Lesezeit\" \/>\n\t<meta name=\"twitter:data1\" content=\"2\u00a0Minuten\" \/>\n<script type=\"application\/ld+json\" class=\"yoast-schema-graph\">{\"@context\":\"https:\\\/\\\/schema.org\",\"@graph\":[{\"@type\":\"WebPage\",\"@id\":\"https:\\\/\\\/nikkaluokta.com\\\/de\\\/aktivitaeten\\\/aktivitaeten-sommer\\\/flusssafari-vistasdalen\",\"url\":\"https:\\\/\\\/nikkaluokta.com\\\/de\\\/aktivitaeten\\\/aktivitaeten-sommer\\\/flusssafari-vistasdalen\",\"name\":\"Flusssafari Vistasdalen - Nikkaluokta Sarri AB\",\"isPartOf\":{\"@id\":\"https:\\\/\\\/nikkaluokta.com\\\/de\\\/#website\"},\"primaryImageOfPage\":{\"@id\":\"https:\\\/\\\/nikkaluokta.com\\\/de\\\/aktivitaeten\\\/aktivitaeten-sommer\\\/flusssafari-vistasdalen#primaryimage\"},\"image\":{\"@id\":\"https:\\\/\\\/nikkaluokta.com\\\/de\\\/aktivitaeten\\\/aktivitaeten-sommer\\\/flusssafari-vistasdalen#primaryimage\"},\"thumbnailUrl\":\"http:\\\/\\\/nikkaluokta.com\\\/wp-content\\\/uploads\\\/2016\\\/02\\\/vistasdalen-safari-642x335.jpg\",\"datePublished\":\"2016-02-11T19:27:36+00:00\",\"dateModified\":\"2022-06-01T09:59:24+00:00\",\"breadcrumb\":{\"@id\":\"https:\\\/\\\/nikkaluokta.com\\\/de\\\/aktivitaeten\\\/aktivitaeten-sommer\\\/flusssafari-vistasdalen#breadcrumb\"},\"inLanguage\":\"de\",\"potentialAction\":[{\"@type\":\"ReadAction\",\"target\":[\"https:\\\/\\\/nikkaluokta.com\\\/de\\\/aktivitaeten\\\/aktivitaeten-sommer\\\/flusssafari-vistasdalen\"]}]},{\"@type\":\"ImageObject\",\"inLanguage\":\"de\",\"@id\":\"https:\\\/\\\/nikkaluokta.com\\\/de\\\/aktivitaeten\\\/aktivitaeten-sommer\\\/flusssafari-vistasdalen#primaryimage\",\"url\":\"http:\\\/\\\/nikkaluokta.com\\\/wp-content\\\/uploads\\\/2016\\\/02\\\/vistasdalen-safari-642x335.jpg\",\"contentUrl\":\"http:\\\/\\\/nikkaluokta.com\\\/wp-content\\\/uploads\\\/2016\\\/02\\\/vistasdalen-safari-642x335.jpg\"},{\"@type\":\"BreadcrumbList\",\"@id\":\"https:\\\/\\\/nikkaluokta.com\\\/de\\\/aktivitaeten\\\/aktivitaeten-sommer\\\/flusssafari-vistasdalen#breadcrumb\",\"itemListElement\":[{\"@type\":\"ListItem\",\"position\":1,\"name\":\"Home\",\"item\":\"https:\\\/\\\/nikkaluokta.com\\\/de\"},{\"@type\":\"ListItem\",\"position\":2,\"name\":\"Aktivit\u00e4ten\",\"item\":\"https:\\\/\\\/nikkaluokta.com\\\/de\\\/aktivitaeten\"},{\"@type\":\"ListItem\",\"position\":3,\"name\":\"Sommer\",\"item\":\"https:\\\/\\\/nikkaluokta.com\\\/de\\\/aktivitaeten\\\/aktivitaeten-sommer\"},{\"@type\":\"ListItem\",\"position\":4,\"name\":\"Flusssafari Vistasdalen\"}]},{\"@type\":\"WebSite\",\"@id\":\"https:\\\/\\\/nikkaluokta.com\\\/de\\\/#website\",\"url\":\"https:\\\/\\\/nikkaluokta.com\\\/de\\\/\",\"name\":\"Nikkaluokta Sarri AB\",\"description\":\"Mitt i en storslagen natur\",\"publisher\":{\"@id\":\"https:\\\/\\\/nikkaluokta.com\\\/de\\\/#organization\"},\"potentialAction\":[{\"@type\":\"SearchAction\",\"target\":{\"@type\":\"EntryPoint\",\"urlTemplate\":\"https:\\\/\\\/nikkaluokta.com\\\/de\\\/?s={search_term_string}\"},\"query-input\":{\"@type\":\"PropertyValueSpecification\",\"valueRequired\":true,\"valueName\":\"search_term_string\"}}],\"inLanguage\":\"de\"},{\"@type\":\"Organization\",\"@id\":\"https:\\\/\\\/nikkaluokta.com\\\/de\\\/#organization\",\"name\":\"Nikkaluokta Sarri AB\",\"url\":\"https:\\\/\\\/nikkaluokta.com\\\/de\\\/\",\"logo\":{\"@type\":\"ImageObject\",\"inLanguage\":\"de\",\"@id\":\"https:\\\/\\\/nikkaluokta.com\\\/de\\\/#\\\/schema\\\/logo\\\/image\\\/\",\"url\":\"https:\\\/\\\/media.nikkaluokta.com\\\/2019\\\/01\\\/Nikkaluokta-transp-logo.png\",\"contentUrl\":\"https:\\\/\\\/media.nikkaluokta.com\\\/2019\\\/01\\\/Nikkaluokta-transp-logo.png\",\"width\":800,\"height\":149,\"caption\":\"Nikkaluokta Sarri AB\"},\"image\":{\"@id\":\"https:\\\/\\\/nikkaluokta.com\\\/de\\\/#\\\/schema\\\/logo\\\/image\\\/\"},\"sameAs\":[\"https:\\\/\\\/www.facebook.com\\\/Nikkaluoktasarri\\\/\",\"https:\\\/\\\/www.instagram.com\\\/nikkaluoktasarri\\\/\"]}]}<\/script>\n<!-- \/ Yoast SEO plugin. -->","yoast_head_json":{"title":"Flusssafari Vistasdalen - Nikkaluokta Sarri AB","robots":{"index":"index","follow":"follow","max-snippet":"max-snippet:-1","max-image-preview":"max-image-preview:large","max-video-preview":"max-video-preview:-1"},"canonical":"https:\/\/nikkaluokta.com\/de\/aktivitaeten\/aktivitaeten-sommer\/flusssafari-vistasdalen","og_locale":"de_DE","og_type":"article","og_title":"Flusssafari Vistasdalen - Nikkaluokta Sarri AB","og_description":"Einer der Favoriten im Sommer: Die Flusssafari! Erleben Sie eine gef\u00fchrte Flusssafari im wundersch\u00f6nen und unber\u00fchrten Vistasdalen. Per Boot gleiten Sie \u00fcber das Wasser der umliegenden Gletscher und erleben die wundersch\u00f6ne Natur dieses Tals ganz nah. Unser Guide ist\u00a0mit der Umgebung vertraut und wird Ihnen viele Informationen \u00fcber die Berge und seine Bewohner vermitteln. Sie","og_url":"https:\/\/nikkaluokta.com\/de\/aktivitaeten\/aktivitaeten-sommer\/flusssafari-vistasdalen","og_site_name":"Nikkaluokta Sarri AB","article_publisher":"https:\/\/www.facebook.com\/Nikkaluoktasarri\/","article_modified_time":"2022-06-01T09:59:24+00:00","og_image":[{"url":"http:\/\/nikkaluokta.com\/wp-content\/uploads\/2016\/02\/vistasdalen-safari-642x335.jpg","type":"","width":"","height":""}],"twitter_card":"summary_large_image","twitter_misc":{"Gesch\u00e4tzte Lesezeit":"2\u00a0Minuten"},"schema":{"@context":"https:\/\/schema.org","@graph":[{"@type":"WebPage","@id":"https:\/\/nikkaluokta.com\/de\/aktivitaeten\/aktivitaeten-sommer\/flusssafari-vistasdalen","url":"https:\/\/nikkaluokta.com\/de\/aktivitaeten\/aktivitaeten-sommer\/flusssafari-vistasdalen","name":"Flusssafari Vistasdalen - Nikkaluokta Sarri AB","isPartOf":{"@id":"https:\/\/nikkaluokta.com\/de\/#website"},"primaryImageOfPage":{"@id":"https:\/\/nikkaluokta.com\/de\/aktivitaeten\/aktivitaeten-sommer\/flusssafari-vistasdalen#primaryimage"},"image":{"@id":"https:\/\/nikkaluokta.com\/de\/aktivitaeten\/aktivitaeten-sommer\/flusssafari-vistasdalen#primaryimage"},"thumbnailUrl":"http:\/\/nikkaluokta.com\/wp-content\/uploads\/2016\/02\/vistasdalen-safari-642x335.jpg","datePublished":"2016-02-11T19:27:36+00:00","dateModified":"2022-06-01T09:59:24+00:00","breadcrumb":{"@id":"https:\/\/nikkaluokta.com\/de\/aktivitaeten\/aktivitaeten-sommer\/flusssafari-vistasdalen#breadcrumb"},"inLanguage":"de","potentialAction":[{"@type":"ReadAction","target":["https:\/\/nikkaluokta.com\/de\/aktivitaeten\/aktivitaeten-sommer\/flusssafari-vistasdalen"]}]},{"@type":"ImageObject","inLanguage":"de","@id":"https:\/\/nikkaluokta.com\/de\/aktivitaeten\/aktivitaeten-sommer\/flusssafari-vistasdalen#primaryimage","url":"http:\/\/nikkaluokta.com\/wp-content\/uploads\/2016\/02\/vistasdalen-safari-642x335.jpg","contentUrl":"http:\/\/nikkaluokta.com\/wp-content\/uploads\/2016\/02\/vistasdalen-safari-642x335.jpg"},{"@type":"BreadcrumbList","@id":"https:\/\/nikkaluokta.com\/de\/aktivitaeten\/aktivitaeten-sommer\/flusssafari-vistasdalen#breadcrumb","itemListElement":[{"@type":"ListItem","position":1,"name":"Home","item":"https:\/\/nikkaluokta.com\/de"},{"@type":"ListItem","position":2,"name":"Aktivit\u00e4ten","item":"https:\/\/nikkaluokta.com\/de\/aktivitaeten"},{"@type":"ListItem","position":3,"name":"Sommer","item":"https:\/\/nikkaluokta.com\/de\/aktivitaeten\/aktivitaeten-sommer"},{"@type":"ListItem","position":4,"name":"Flusssafari Vistasdalen"}]},{"@type":"WebSite","@id":"https:\/\/nikkaluokta.com\/de\/#website","url":"https:\/\/nikkaluokta.com\/de\/","name":"Nikkaluokta Sarri AB","description":"Mitt i en storslagen natur","publisher":{"@id":"https:\/\/nikkaluokta.com\/de\/#organization"},"potentialAction":[{"@type":"SearchAction","target":{"@type":"EntryPoint","urlTemplate":"https:\/\/nikkaluokta.com\/de\/?s={search_term_string}"},"query-input":{"@type":"PropertyValueSpecification","valueRequired":true,"valueName":"search_term_string"}}],"inLanguage":"de"},{"@type":"Organization","@id":"https:\/\/nikkaluokta.com\/de\/#organization","name":"Nikkaluokta Sarri AB","url":"https:\/\/nikkaluokta.com\/de\/","logo":{"@type":"ImageObject","inLanguage":"de","@id":"https:\/\/nikkaluokta.com\/de\/#\/schema\/logo\/image\/","url":"https:\/\/media.nikkaluokta.com\/2019\/01\/Nikkaluokta-transp-logo.png","contentUrl":"https:\/\/media.nikkaluokta.com\/2019\/01\/Nikkaluokta-transp-logo.png","width":800,"height":149,"caption":"Nikkaluokta Sarri AB"},"image":{"@id":"https:\/\/nikkaluokta.com\/de\/#\/schema\/logo\/image\/"},"sameAs":["https:\/\/www.facebook.com\/Nikkaluoktasarri\/","https:\/\/www.instagram.com\/nikkaluoktasarri\/"]}]}},"_links":{"self":[{"href":"https:\/\/nikkaluokta.com\/de\/wp-json\/wp\/v2\/pages\/879","targetHints":{"allow":["GET"]}}],"collection":[{"href":"https:\/\/nikkaluokta.com\/de\/wp-json\/wp\/v2\/pages"}],"about":[{"href":"https:\/\/nikkaluokta.com\/de\/wp-json\/wp\/v2\/types\/page"}],"author":[{"embeddable":true,"href":"https:\/\/nikkaluokta.com\/de\/wp-json\/wp\/v2\/users\/1"}],"replies":[{"embeddable":true,"href":"https:\/\/nikkaluokta.com\/de\/wp-json\/wp\/v2\/comments?post=879"}],"version-history":[{"count":10,"href":"https:\/\/nikkaluokta.com\/de\/wp-json\/wp\/v2\/pages\/879\/revisions"}],"predecessor-version":[{"id":2757,"href":"https:\/\/nikkaluokta.com\/de\/wp-json\/wp\/v2\/pages\/879\/revisions\/2757"}],"up":[{"embeddable":true,"href":"https:\/\/nikkaluokta.com\/de\/wp-json\/wp\/v2\/pages\/286"}],"wp:attachment":[{"href":"https:\/\/nikkaluokta.com\/de\/wp-json\/wp\/v2\/media?parent=879"}],"curies":[{"name":"wp","href":"https:\/\/api.w.org\/{rel}","templated":true}]}}