{"id":881,"date":"2016-02-12T18:57:31","date_gmt":"2016-02-12T17:57:31","guid":{"rendered":"http:\/\/nikkaluokta.com.loopiadns.com\/de\/?page_id=881"},"modified":"2026-04-04T11:08:49","modified_gmt":"2026-04-04T09:08:49","slug":"skitouren","status":"publish","type":"page","link":"https:\/\/nikkaluokta.com\/de\/aktivitaeten\/aktivitaeten-winter\/skitouren","title":{"rendered":"Skitouren"},"content":{"rendered":"<h2><img loading=\"lazy\" decoding=\"async\" class=\"aligncenter size-st_medium wp-image-1117\" src=\"http:\/\/nikkaluokta.com\/wp-content\/uploads\/2016\/02\/skidtur-nikkaluokta-642x335.jpg\" alt=\"skidtur-nikkaluokta\" width=\"642\" height=\"335\" \/><\/h2>\n<h2>Langlauf in Nikkaluokta<\/h2>\n<p><strong>Ihr Langlaufabenteuer k\u00f6nnen Sie in Nikkalutokta direkt vor der T\u00fcr Ihrer H\u00fctte beginnen! Schnallen Sie die Ski an, setzen Sie den Rucksack auf \u2013 und los geht&#8217;s!<\/strong><\/p>\n<p>Eine Skitour entlang des\u00a0Ladtjo-Tales ist im Fr\u00fchling eine wahre Freude. Folgen Sie den Schnemobil-Spuren gen Westen \u2013 durch lichte Birkenw\u00e4lder w\u00e4hrend der ersten Kilometer.\u00a0Sobald Sie\u00a0offeneres Gel\u00e4nde erreichen, breiten sich mit Schnee bedeckte Sumpflandschaften und zugefrorene Seen vor Ihnen aus. Im Hintergrund erheben sich die m\u00e4chtigen Gipfel des Kebnekaise-Massivs.<\/p>\n<p>Auch im\u00a0Vistasdalen k\u00f6nnen Sie Langlauf betreiben: Nach 12 Kilometern erreichen Sie eine kleine H\u00fctte, &#8220;Lisas Stugan&#8221;, wo Sie eine verdiente Pause einlegen k\u00f6nnen. Sie wollen nicht ganz so lang unterwegs sein? Jeder sanfte Schneeh\u00fcgel bietet eine sch\u00f6ne M\u00f6glichkeit, sich kurz auszuruhen.<\/p>\n<p>Langlaufen beschr\u00e4nkt sich nicht nur auf die beiden T\u00e4ler: Auch ein Aufstieg hinauf auf die Bergh\u00e4nge ist an einem freundlichen Tag sehr empfehlenswert. Die Aussichten sind besonders an sonnigen Tagen spektakul\u00e4r. Achtung: Sonnenbrille nicht vergessen!<\/p>\n<p><img loading=\"lazy\" decoding=\"async\" class=\"aligncenter size-st_medium wp-image-1116\" src=\"http:\/\/nikkaluokta.com\/wp-content\/uploads\/2016\/02\/skidtur-mot-vistas-642x335.jpg\" alt=\"skidtur-mot-vistas\" width=\"642\" height=\"335\" \/><\/p>\n<p>&nbsp;<\/p>\n","protected":false},"excerpt":{"rendered":"<p>Langlauf in Nikkaluokta Ihr Langlaufabenteuer k\u00f6nnen Sie in Nikkalutokta direkt vor der T\u00fcr Ihrer H\u00fctte beginnen! Schnallen Sie die Ski an, setzen Sie den Rucksack auf \u2013 und los geht&#8217;s! Eine Skitour entlang des\u00a0Ladtjo-Tales ist im Fr\u00fchling eine wahre Freude. Folgen Sie den Schnemobil-Spuren gen Westen \u2013 durch lichte Birkenw\u00e4lder w\u00e4hrend der ersten Kilometer.\u00a0Sobald Sie\u00a0offeneres<\/p>\n<a href=\"https:\/\/nikkaluokta.com\/de\/aktivitaeten\/aktivitaeten-winter\/skitouren\" class=\"sohohotel-more-link\">Read More<i class=\"fa fa-angle-right\"><\/i><\/a>","protected":false},"author":1,"featured_media":0,"parent":283,"menu_order":1,"comment_status":"closed","ping_status":"closed","template":"","meta":{"footnotes":""},"class_list":["post-881","page","type-page","status-publish","hentry"],"yoast_head":"<!-- This site is optimized with the Yoast SEO plugin v27.5 - https:\/\/yoast.com\/product\/yoast-seo-wordpress\/ -->\n<title>Skitouren - Nikkaluokta Sarri AB<\/title>\n<meta name=\"robots\" content=\"index, follow, max-snippet:-1, max-image-preview:large, max-video-preview:-1\" \/>\n<link rel=\"canonical\" href=\"https:\/\/nikkaluokta.com\/de\/aktivitaeten\/aktivitaeten-winter\/skitouren\" \/>\n<meta property=\"og:locale\" content=\"de_DE\" \/>\n<meta property=\"og:type\" content=\"article\" \/>\n<meta property=\"og:title\" content=\"Skitouren - Nikkaluokta Sarri AB\" \/>\n<meta property=\"og:description\" content=\"Langlauf in Nikkaluokta Ihr Langlaufabenteuer k\u00f6nnen Sie in Nikkalutokta direkt vor der T\u00fcr Ihrer H\u00fctte beginnen! Schnallen Sie die Ski an, setzen Sie den Rucksack auf \u2013 und los geht&#8217;s! Eine Skitour entlang des\u00a0Ladtjo-Tales ist im Fr\u00fchling eine wahre Freude. Folgen Sie den Schnemobil-Spuren gen Westen \u2013 durch lichte Birkenw\u00e4lder w\u00e4hrend der ersten Kilometer.\u00a0Sobald Sie\u00a0offeneres\" \/>\n<meta property=\"og:url\" content=\"https:\/\/nikkaluokta.com\/de\/aktivitaeten\/aktivitaeten-winter\/skitouren\" \/>\n<meta property=\"og:site_name\" content=\"Nikkaluokta Sarri AB\" \/>\n<meta property=\"article:publisher\" content=\"https:\/\/www.facebook.com\/Nikkaluoktasarri\/\" \/>\n<meta property=\"article:modified_time\" content=\"2026-04-04T09:08:49+00:00\" \/>\n<meta property=\"og:image\" content=\"https:\/\/media.nikkaluokta.com\/2016\/02\/skidtur-nikkaluokta.jpg\" \/>\n\t<meta property=\"og:image:width\" content=\"1000\" \/>\n\t<meta property=\"og:image:height\" content=\"667\" \/>\n\t<meta property=\"og:image:type\" content=\"image\/jpeg\" \/>\n<meta name=\"twitter:card\" content=\"summary_large_image\" \/>\n<meta name=\"twitter:label1\" content=\"Gesch\u00e4tzte Lesezeit\" \/>\n\t<meta name=\"twitter:data1\" content=\"2\u00a0Minuten\" \/>\n<script type=\"application\/ld+json\" class=\"yoast-schema-graph\">{\"@context\":\"https:\\\/\\\/schema.org\",\"@graph\":[{\"@type\":\"WebPage\",\"@id\":\"https:\\\/\\\/nikkaluokta.com\\\/de\\\/aktivitaeten\\\/aktivitaeten-winter\\\/skitouren\",\"url\":\"https:\\\/\\\/nikkaluokta.com\\\/de\\\/aktivitaeten\\\/aktivitaeten-winter\\\/skitouren\",\"name\":\"Skitouren - Nikkaluokta Sarri AB\",\"isPartOf\":{\"@id\":\"https:\\\/\\\/nikkaluokta.com\\\/de\\\/#website\"},\"primaryImageOfPage\":{\"@id\":\"https:\\\/\\\/nikkaluokta.com\\\/de\\\/aktivitaeten\\\/aktivitaeten-winter\\\/skitouren#primaryimage\"},\"image\":{\"@id\":\"https:\\\/\\\/nikkaluokta.com\\\/de\\\/aktivitaeten\\\/aktivitaeten-winter\\\/skitouren#primaryimage\"},\"thumbnailUrl\":\"http:\\\/\\\/nikkaluokta.com\\\/wp-content\\\/uploads\\\/2016\\\/02\\\/skidtur-nikkaluokta-642x335.jpg\",\"datePublished\":\"2016-02-12T17:57:31+00:00\",\"dateModified\":\"2026-04-04T09:08:49+00:00\",\"breadcrumb\":{\"@id\":\"https:\\\/\\\/nikkaluokta.com\\\/de\\\/aktivitaeten\\\/aktivitaeten-winter\\\/skitouren#breadcrumb\"},\"inLanguage\":\"de\",\"potentialAction\":[{\"@type\":\"ReadAction\",\"target\":[\"https:\\\/\\\/nikkaluokta.com\\\/de\\\/aktivitaeten\\\/aktivitaeten-winter\\\/skitouren\"]}]},{\"@type\":\"ImageObject\",\"inLanguage\":\"de\",\"@id\":\"https:\\\/\\\/nikkaluokta.com\\\/de\\\/aktivitaeten\\\/aktivitaeten-winter\\\/skitouren#primaryimage\",\"url\":\"http:\\\/\\\/nikkaluokta.com\\\/wp-content\\\/uploads\\\/2016\\\/02\\\/skidtur-nikkaluokta-642x335.jpg\",\"contentUrl\":\"http:\\\/\\\/nikkaluokta.com\\\/wp-content\\\/uploads\\\/2016\\\/02\\\/skidtur-nikkaluokta-642x335.jpg\"},{\"@type\":\"BreadcrumbList\",\"@id\":\"https:\\\/\\\/nikkaluokta.com\\\/de\\\/aktivitaeten\\\/aktivitaeten-winter\\\/skitouren#breadcrumb\",\"itemListElement\":[{\"@type\":\"ListItem\",\"position\":1,\"name\":\"Home\",\"item\":\"https:\\\/\\\/nikkaluokta.com\\\/de\"},{\"@type\":\"ListItem\",\"position\":2,\"name\":\"Aktivit\u00e4ten\",\"item\":\"https:\\\/\\\/nikkaluokta.com\\\/de\\\/aktivitaeten\"},{\"@type\":\"ListItem\",\"position\":3,\"name\":\"Winter\",\"item\":\"https:\\\/\\\/nikkaluokta.com\\\/de\\\/aktivitaeten\\\/aktivitaeten-winter\"},{\"@type\":\"ListItem\",\"position\":4,\"name\":\"Skitouren\"}]},{\"@type\":\"WebSite\",\"@id\":\"https:\\\/\\\/nikkaluokta.com\\\/de\\\/#website\",\"url\":\"https:\\\/\\\/nikkaluokta.com\\\/de\\\/\",\"name\":\"Nikkaluokta Sarri AB\",\"description\":\"Mitt i en storslagen natur\",\"publisher\":{\"@id\":\"https:\\\/\\\/nikkaluokta.com\\\/de\\\/#organization\"},\"potentialAction\":[{\"@type\":\"SearchAction\",\"target\":{\"@type\":\"EntryPoint\",\"urlTemplate\":\"https:\\\/\\\/nikkaluokta.com\\\/de\\\/?s={search_term_string}\"},\"query-input\":{\"@type\":\"PropertyValueSpecification\",\"valueRequired\":true,\"valueName\":\"search_term_string\"}}],\"inLanguage\":\"de\"},{\"@type\":\"Organization\",\"@id\":\"https:\\\/\\\/nikkaluokta.com\\\/de\\\/#organization\",\"name\":\"Nikkaluokta Sarri AB\",\"url\":\"https:\\\/\\\/nikkaluokta.com\\\/de\\\/\",\"logo\":{\"@type\":\"ImageObject\",\"inLanguage\":\"de\",\"@id\":\"https:\\\/\\\/nikkaluokta.com\\\/de\\\/#\\\/schema\\\/logo\\\/image\\\/\",\"url\":\"https:\\\/\\\/media.nikkaluokta.com\\\/2019\\\/01\\\/Nikkaluokta-transp-logo.png\",\"contentUrl\":\"https:\\\/\\\/media.nikkaluokta.com\\\/2019\\\/01\\\/Nikkaluokta-transp-logo.png\",\"width\":800,\"height\":149,\"caption\":\"Nikkaluokta Sarri AB\"},\"image\":{\"@id\":\"https:\\\/\\\/nikkaluokta.com\\\/de\\\/#\\\/schema\\\/logo\\\/image\\\/\"},\"sameAs\":[\"https:\\\/\\\/www.facebook.com\\\/Nikkaluoktasarri\\\/\",\"https:\\\/\\\/www.instagram.com\\\/nikkaluoktasarri\\\/\"]}]}<\/script>\n<!-- \/ Yoast SEO plugin. -->","yoast_head_json":{"title":"Skitouren - Nikkaluokta Sarri AB","robots":{"index":"index","follow":"follow","max-snippet":"max-snippet:-1","max-image-preview":"max-image-preview:large","max-video-preview":"max-video-preview:-1"},"canonical":"https:\/\/nikkaluokta.com\/de\/aktivitaeten\/aktivitaeten-winter\/skitouren","og_locale":"de_DE","og_type":"article","og_title":"Skitouren - Nikkaluokta Sarri AB","og_description":"Langlauf in Nikkaluokta Ihr Langlaufabenteuer k\u00f6nnen Sie in Nikkalutokta direkt vor der T\u00fcr Ihrer H\u00fctte beginnen! Schnallen Sie die Ski an, setzen Sie den Rucksack auf \u2013 und los geht&#8217;s! Eine Skitour entlang des\u00a0Ladtjo-Tales ist im Fr\u00fchling eine wahre Freude. Folgen Sie den Schnemobil-Spuren gen Westen \u2013 durch lichte Birkenw\u00e4lder w\u00e4hrend der ersten Kilometer.\u00a0Sobald Sie\u00a0offeneres","og_url":"https:\/\/nikkaluokta.com\/de\/aktivitaeten\/aktivitaeten-winter\/skitouren","og_site_name":"Nikkaluokta Sarri AB","article_publisher":"https:\/\/www.facebook.com\/Nikkaluoktasarri\/","article_modified_time":"2026-04-04T09:08:49+00:00","og_image":[{"width":1000,"height":667,"url":"https:\/\/media.nikkaluokta.com\/2016\/02\/skidtur-nikkaluokta.jpg","type":"image\/jpeg"}],"twitter_card":"summary_large_image","twitter_misc":{"Gesch\u00e4tzte Lesezeit":"2\u00a0Minuten"},"schema":{"@context":"https:\/\/schema.org","@graph":[{"@type":"WebPage","@id":"https:\/\/nikkaluokta.com\/de\/aktivitaeten\/aktivitaeten-winter\/skitouren","url":"https:\/\/nikkaluokta.com\/de\/aktivitaeten\/aktivitaeten-winter\/skitouren","name":"Skitouren - Nikkaluokta Sarri AB","isPartOf":{"@id":"https:\/\/nikkaluokta.com\/de\/#website"},"primaryImageOfPage":{"@id":"https:\/\/nikkaluokta.com\/de\/aktivitaeten\/aktivitaeten-winter\/skitouren#primaryimage"},"image":{"@id":"https:\/\/nikkaluokta.com\/de\/aktivitaeten\/aktivitaeten-winter\/skitouren#primaryimage"},"thumbnailUrl":"http:\/\/nikkaluokta.com\/wp-content\/uploads\/2016\/02\/skidtur-nikkaluokta-642x335.jpg","datePublished":"2016-02-12T17:57:31+00:00","dateModified":"2026-04-04T09:08:49+00:00","breadcrumb":{"@id":"https:\/\/nikkaluokta.com\/de\/aktivitaeten\/aktivitaeten-winter\/skitouren#breadcrumb"},"inLanguage":"de","potentialAction":[{"@type":"ReadAction","target":["https:\/\/nikkaluokta.com\/de\/aktivitaeten\/aktivitaeten-winter\/skitouren"]}]},{"@type":"ImageObject","inLanguage":"de","@id":"https:\/\/nikkaluokta.com\/de\/aktivitaeten\/aktivitaeten-winter\/skitouren#primaryimage","url":"http:\/\/nikkaluokta.com\/wp-content\/uploads\/2016\/02\/skidtur-nikkaluokta-642x335.jpg","contentUrl":"http:\/\/nikkaluokta.com\/wp-content\/uploads\/2016\/02\/skidtur-nikkaluokta-642x335.jpg"},{"@type":"BreadcrumbList","@id":"https:\/\/nikkaluokta.com\/de\/aktivitaeten\/aktivitaeten-winter\/skitouren#breadcrumb","itemListElement":[{"@type":"ListItem","position":1,"name":"Home","item":"https:\/\/nikkaluokta.com\/de"},{"@type":"ListItem","position":2,"name":"Aktivit\u00e4ten","item":"https:\/\/nikkaluokta.com\/de\/aktivitaeten"},{"@type":"ListItem","position":3,"name":"Winter","item":"https:\/\/nikkaluokta.com\/de\/aktivitaeten\/aktivitaeten-winter"},{"@type":"ListItem","position":4,"name":"Skitouren"}]},{"@type":"WebSite","@id":"https:\/\/nikkaluokta.com\/de\/#website","url":"https:\/\/nikkaluokta.com\/de\/","name":"Nikkaluokta Sarri AB","description":"Mitt i en storslagen natur","publisher":{"@id":"https:\/\/nikkaluokta.com\/de\/#organization"},"potentialAction":[{"@type":"SearchAction","target":{"@type":"EntryPoint","urlTemplate":"https:\/\/nikkaluokta.com\/de\/?s={search_term_string}"},"query-input":{"@type":"PropertyValueSpecification","valueRequired":true,"valueName":"search_term_string"}}],"inLanguage":"de"},{"@type":"Organization","@id":"https:\/\/nikkaluokta.com\/de\/#organization","name":"Nikkaluokta Sarri AB","url":"https:\/\/nikkaluokta.com\/de\/","logo":{"@type":"ImageObject","inLanguage":"de","@id":"https:\/\/nikkaluokta.com\/de\/#\/schema\/logo\/image\/","url":"https:\/\/media.nikkaluokta.com\/2019\/01\/Nikkaluokta-transp-logo.png","contentUrl":"https:\/\/media.nikkaluokta.com\/2019\/01\/Nikkaluokta-transp-logo.png","width":800,"height":149,"caption":"Nikkaluokta Sarri AB"},"image":{"@id":"https:\/\/nikkaluokta.com\/de\/#\/schema\/logo\/image\/"},"sameAs":["https:\/\/www.facebook.com\/Nikkaluoktasarri\/","https:\/\/www.instagram.com\/nikkaluoktasarri\/"]}]}},"_links":{"self":[{"href":"https:\/\/nikkaluokta.com\/de\/wp-json\/wp\/v2\/pages\/881","targetHints":{"allow":["GET"]}}],"collection":[{"href":"https:\/\/nikkaluokta.com\/de\/wp-json\/wp\/v2\/pages"}],"about":[{"href":"https:\/\/nikkaluokta.com\/de\/wp-json\/wp\/v2\/types\/page"}],"author":[{"embeddable":true,"href":"https:\/\/nikkaluokta.com\/de\/wp-json\/wp\/v2\/users\/1"}],"replies":[{"embeddable":true,"href":"https:\/\/nikkaluokta.com\/de\/wp-json\/wp\/v2\/comments?post=881"}],"version-history":[{"count":6,"href":"https:\/\/nikkaluokta.com\/de\/wp-json\/wp\/v2\/pages\/881\/revisions"}],"predecessor-version":[{"id":4050,"href":"https:\/\/nikkaluokta.com\/de\/wp-json\/wp\/v2\/pages\/881\/revisions\/4050"}],"up":[{"embeddable":true,"href":"https:\/\/nikkaluokta.com\/de\/wp-json\/wp\/v2\/pages\/283"}],"wp:attachment":[{"href":"https:\/\/nikkaluokta.com\/de\/wp-json\/wp\/v2\/media?parent=881"}],"curies":[{"name":"wp","href":"https:\/\/api.w.org\/{rel}","templated":true}]}}