{"id":883,"date":"2016-02-12T19:01:02","date_gmt":"2016-02-12T18:01:02","guid":{"rendered":"http:\/\/nikkaluokta.com.loopiadns.com\/de\/?page_id=883"},"modified":"2016-12-18T09:30:04","modified_gmt":"2016-12-18T08:30:04","slug":"schneemobil-touren","status":"publish","type":"page","link":"https:\/\/nikkaluokta.com\/de\/aktivitaeten\/aktivitaeten-winter\/schneemobil-touren","title":{"rendered":"Schneemobil-Touren"},"content":{"rendered":"<h2><img loading=\"lazy\" decoding=\"async\" class=\"aligncenter size-full wp-image-1122\" src=\"http:\/\/nikkaluokta.com\/wp-content\/uploads\/2016\/02\/skoter-nikkaluokta.jpg\" alt=\"skoter-nikkaluokta\" width=\"1000\" height=\"667\" srcset=\"http:\/\/media.nikkaluokta.com\/2016\/02\/skoter-nikkaluokta.jpg 1000w, http:\/\/media.nikkaluokta.com\/2016\/02\/skoter-nikkaluokta-300x200.jpg 300w, http:\/\/media.nikkaluokta.com\/2016\/02\/skoter-nikkaluokta-768x512.jpg 768w\" sizes=\"auto, (max-width: 1000px) 100vw, 1000px\" \/><\/h2>\n<h2>Schneemobile in Nikkaluokta<\/h2>\n<p><strong>Nikkaluokta kann als perfekter\u00a0Ausgangspunkt f\u00fcr Schneemobiltouren dienen.<\/strong><\/p>\n<p>Eine M\u00f6glichkeit ist eine Fahrt zur Kebnekaise Bergstation und weiter in Richtung Singi. In der\u00a0Gegend n\u00f6rdlich von Nikkaluokta ist hingegen\u00a0das Fahren von Schneemobilen nur mit einer Sondererlaubnis zul\u00e4ssig.<\/p>\n<p>Eine weitere Strecke f\u00fchrt in Richtung Osten entlang der gro\u00dfen Seen nach Tjuonajokk, Abisko und Kiruna. Jedes Jahr besuchen uns G\u00e4ste, die \u00a0Langstreckentouren mit jeder Menge Kilometern pro Tag auf ihrer Reise zur\u00fccklegen.<\/p>\n<p>Im sp\u00e4ten Winter gibt es einige Stellen westlich von Nikkaluokta, an denen besondere Vorsicht geboten ist. W\u00e4hrend dieser Zeiten grasen dort oft Rentierherden mit tr\u00e4chtigen weiblichen Tieren (honrenarna). Von Schneemobilfahrern wird \u00e4u\u00dferste Vorsicht und Respekt vor den Tieren erwartet. Die Herden d\u00fcrfen unter keinen Umst\u00e4nden gest\u00f6rt werden.<\/p>\n<p>Abgesehen davon gelten\u00a0die allgemeinen Richtlinien zum Schneemobilfahren.\u00a0Bitte achten Sie auf Skifahrer sowie\u00a0wilde Tiere und hinterlassen Sie keinen Abfall in der Natur.<\/p>\n<p>Bitte beachten Sie, dass wir in Nikkaluokta \u00fcber keine Tankstelle verf\u00fcgen.<\/p>\n","protected":false},"excerpt":{"rendered":"<p>Schneemobile in Nikkaluokta Nikkaluokta kann als perfekter\u00a0Ausgangspunkt f\u00fcr Schneemobiltouren dienen. Eine M\u00f6glichkeit ist eine Fahrt zur Kebnekaise Bergstation und weiter in Richtung Singi. In der\u00a0Gegend n\u00f6rdlich von Nikkaluokta ist hingegen\u00a0das Fahren von Schneemobilen nur mit einer Sondererlaubnis zul\u00e4ssig. Eine weitere Strecke f\u00fchrt in Richtung Osten entlang der gro\u00dfen Seen nach Tjuonajokk, Abisko und Kiruna. Jedes<\/p>\n<a href=\"https:\/\/nikkaluokta.com\/de\/aktivitaeten\/aktivitaeten-winter\/schneemobil-touren\" class=\"sohohotel-more-link\">Read More<i class=\"fa fa-angle-right\"><\/i><\/a>","protected":false},"author":1,"featured_media":0,"parent":283,"menu_order":2,"comment_status":"closed","ping_status":"closed","template":"","meta":{"footnotes":""},"class_list":["post-883","page","type-page","status-publish","hentry"],"yoast_head":"<!-- This site is optimized with the Yoast SEO plugin v27.4 - https:\/\/yoast.com\/product\/yoast-seo-wordpress\/ -->\n<title>Schneemobil-Touren - Nikkaluokta Sarri AB<\/title>\n<meta name=\"robots\" content=\"index, follow, max-snippet:-1, max-image-preview:large, max-video-preview:-1\" \/>\n<link rel=\"canonical\" href=\"https:\/\/nikkaluokta.com\/de\/aktivitaeten\/aktivitaeten-winter\/schneemobil-touren\" \/>\n<meta property=\"og:locale\" content=\"de_DE\" \/>\n<meta property=\"og:type\" content=\"article\" \/>\n<meta property=\"og:title\" content=\"Schneemobil-Touren - Nikkaluokta Sarri AB\" \/>\n<meta property=\"og:description\" content=\"Schneemobile in Nikkaluokta Nikkaluokta kann als perfekter\u00a0Ausgangspunkt f\u00fcr Schneemobiltouren dienen. Eine M\u00f6glichkeit ist eine Fahrt zur Kebnekaise Bergstation und weiter in Richtung Singi. In der\u00a0Gegend n\u00f6rdlich von Nikkaluokta ist hingegen\u00a0das Fahren von Schneemobilen nur mit einer Sondererlaubnis zul\u00e4ssig. Eine weitere Strecke f\u00fchrt in Richtung Osten entlang der gro\u00dfen Seen nach Tjuonajokk, Abisko und Kiruna. Jedes\" \/>\n<meta property=\"og:url\" content=\"https:\/\/nikkaluokta.com\/de\/aktivitaeten\/aktivitaeten-winter\/schneemobil-touren\" \/>\n<meta property=\"og:site_name\" content=\"Nikkaluokta Sarri AB\" \/>\n<meta property=\"article:publisher\" content=\"https:\/\/www.facebook.com\/Nikkaluoktasarri\/\" \/>\n<meta property=\"article:modified_time\" content=\"2016-12-18T08:30:04+00:00\" \/>\n<meta property=\"og:image\" content=\"http:\/\/nikkaluokta.com\/wp-content\/uploads\/2016\/02\/skoter-nikkaluokta.jpg\" \/>\n<meta name=\"twitter:card\" content=\"summary_large_image\" \/>\n<meta name=\"twitter:label1\" content=\"Gesch\u00e4tzte Lesezeit\" \/>\n\t<meta name=\"twitter:data1\" content=\"1\u00a0Minute\" \/>\n<script type=\"application\/ld+json\" class=\"yoast-schema-graph\">{\"@context\":\"https:\\\/\\\/schema.org\",\"@graph\":[{\"@type\":\"WebPage\",\"@id\":\"https:\\\/\\\/nikkaluokta.com\\\/de\\\/aktivitaeten\\\/aktivitaeten-winter\\\/schneemobil-touren\",\"url\":\"https:\\\/\\\/nikkaluokta.com\\\/de\\\/aktivitaeten\\\/aktivitaeten-winter\\\/schneemobil-touren\",\"name\":\"Schneemobil-Touren - Nikkaluokta Sarri AB\",\"isPartOf\":{\"@id\":\"https:\\\/\\\/nikkaluokta.com\\\/de\\\/#website\"},\"primaryImageOfPage\":{\"@id\":\"https:\\\/\\\/nikkaluokta.com\\\/de\\\/aktivitaeten\\\/aktivitaeten-winter\\\/schneemobil-touren#primaryimage\"},\"image\":{\"@id\":\"https:\\\/\\\/nikkaluokta.com\\\/de\\\/aktivitaeten\\\/aktivitaeten-winter\\\/schneemobil-touren#primaryimage\"},\"thumbnailUrl\":\"http:\\\/\\\/nikkaluokta.com\\\/wp-content\\\/uploads\\\/2016\\\/02\\\/skoter-nikkaluokta.jpg\",\"datePublished\":\"2016-02-12T18:01:02+00:00\",\"dateModified\":\"2016-12-18T08:30:04+00:00\",\"breadcrumb\":{\"@id\":\"https:\\\/\\\/nikkaluokta.com\\\/de\\\/aktivitaeten\\\/aktivitaeten-winter\\\/schneemobil-touren#breadcrumb\"},\"inLanguage\":\"de\",\"potentialAction\":[{\"@type\":\"ReadAction\",\"target\":[\"https:\\\/\\\/nikkaluokta.com\\\/de\\\/aktivitaeten\\\/aktivitaeten-winter\\\/schneemobil-touren\"]}]},{\"@type\":\"ImageObject\",\"inLanguage\":\"de\",\"@id\":\"https:\\\/\\\/nikkaluokta.com\\\/de\\\/aktivitaeten\\\/aktivitaeten-winter\\\/schneemobil-touren#primaryimage\",\"url\":\"http:\\\/\\\/nikkaluokta.com\\\/wp-content\\\/uploads\\\/2016\\\/02\\\/skoter-nikkaluokta.jpg\",\"contentUrl\":\"http:\\\/\\\/nikkaluokta.com\\\/wp-content\\\/uploads\\\/2016\\\/02\\\/skoter-nikkaluokta.jpg\"},{\"@type\":\"BreadcrumbList\",\"@id\":\"https:\\\/\\\/nikkaluokta.com\\\/de\\\/aktivitaeten\\\/aktivitaeten-winter\\\/schneemobil-touren#breadcrumb\",\"itemListElement\":[{\"@type\":\"ListItem\",\"position\":1,\"name\":\"Home\",\"item\":\"https:\\\/\\\/nikkaluokta.com\\\/de\"},{\"@type\":\"ListItem\",\"position\":2,\"name\":\"Aktivit\u00e4ten\",\"item\":\"https:\\\/\\\/nikkaluokta.com\\\/de\\\/aktivitaeten\"},{\"@type\":\"ListItem\",\"position\":3,\"name\":\"Winter\",\"item\":\"https:\\\/\\\/nikkaluokta.com\\\/de\\\/aktivitaeten\\\/aktivitaeten-winter\"},{\"@type\":\"ListItem\",\"position\":4,\"name\":\"Schneemobil-Touren\"}]},{\"@type\":\"WebSite\",\"@id\":\"https:\\\/\\\/nikkaluokta.com\\\/de\\\/#website\",\"url\":\"https:\\\/\\\/nikkaluokta.com\\\/de\\\/\",\"name\":\"Nikkaluokta Sarri AB\",\"description\":\"Mitt i en storslagen natur\",\"publisher\":{\"@id\":\"https:\\\/\\\/nikkaluokta.com\\\/de\\\/#organization\"},\"potentialAction\":[{\"@type\":\"SearchAction\",\"target\":{\"@type\":\"EntryPoint\",\"urlTemplate\":\"https:\\\/\\\/nikkaluokta.com\\\/de\\\/?s={search_term_string}\"},\"query-input\":{\"@type\":\"PropertyValueSpecification\",\"valueRequired\":true,\"valueName\":\"search_term_string\"}}],\"inLanguage\":\"de\"},{\"@type\":\"Organization\",\"@id\":\"https:\\\/\\\/nikkaluokta.com\\\/de\\\/#organization\",\"name\":\"Nikkaluokta Sarri AB\",\"url\":\"https:\\\/\\\/nikkaluokta.com\\\/de\\\/\",\"logo\":{\"@type\":\"ImageObject\",\"inLanguage\":\"de\",\"@id\":\"https:\\\/\\\/nikkaluokta.com\\\/de\\\/#\\\/schema\\\/logo\\\/image\\\/\",\"url\":\"https:\\\/\\\/media.nikkaluokta.com\\\/2019\\\/01\\\/Nikkaluokta-transp-logo.png\",\"contentUrl\":\"https:\\\/\\\/media.nikkaluokta.com\\\/2019\\\/01\\\/Nikkaluokta-transp-logo.png\",\"width\":800,\"height\":149,\"caption\":\"Nikkaluokta Sarri AB\"},\"image\":{\"@id\":\"https:\\\/\\\/nikkaluokta.com\\\/de\\\/#\\\/schema\\\/logo\\\/image\\\/\"},\"sameAs\":[\"https:\\\/\\\/www.facebook.com\\\/Nikkaluoktasarri\\\/\",\"https:\\\/\\\/www.instagram.com\\\/nikkaluoktasarri\\\/\"]}]}<\/script>\n<!-- \/ Yoast SEO plugin. -->","yoast_head_json":{"title":"Schneemobil-Touren - Nikkaluokta Sarri AB","robots":{"index":"index","follow":"follow","max-snippet":"max-snippet:-1","max-image-preview":"max-image-preview:large","max-video-preview":"max-video-preview:-1"},"canonical":"https:\/\/nikkaluokta.com\/de\/aktivitaeten\/aktivitaeten-winter\/schneemobil-touren","og_locale":"de_DE","og_type":"article","og_title":"Schneemobil-Touren - Nikkaluokta Sarri AB","og_description":"Schneemobile in Nikkaluokta Nikkaluokta kann als perfekter\u00a0Ausgangspunkt f\u00fcr Schneemobiltouren dienen. Eine M\u00f6glichkeit ist eine Fahrt zur Kebnekaise Bergstation und weiter in Richtung Singi. In der\u00a0Gegend n\u00f6rdlich von Nikkaluokta ist hingegen\u00a0das Fahren von Schneemobilen nur mit einer Sondererlaubnis zul\u00e4ssig. Eine weitere Strecke f\u00fchrt in Richtung Osten entlang der gro\u00dfen Seen nach Tjuonajokk, Abisko und Kiruna. Jedes","og_url":"https:\/\/nikkaluokta.com\/de\/aktivitaeten\/aktivitaeten-winter\/schneemobil-touren","og_site_name":"Nikkaluokta Sarri AB","article_publisher":"https:\/\/www.facebook.com\/Nikkaluoktasarri\/","article_modified_time":"2016-12-18T08:30:04+00:00","og_image":[{"url":"http:\/\/nikkaluokta.com\/wp-content\/uploads\/2016\/02\/skoter-nikkaluokta.jpg","type":"","width":"","height":""}],"twitter_card":"summary_large_image","twitter_misc":{"Gesch\u00e4tzte Lesezeit":"1\u00a0Minute"},"schema":{"@context":"https:\/\/schema.org","@graph":[{"@type":"WebPage","@id":"https:\/\/nikkaluokta.com\/de\/aktivitaeten\/aktivitaeten-winter\/schneemobil-touren","url":"https:\/\/nikkaluokta.com\/de\/aktivitaeten\/aktivitaeten-winter\/schneemobil-touren","name":"Schneemobil-Touren - Nikkaluokta Sarri AB","isPartOf":{"@id":"https:\/\/nikkaluokta.com\/de\/#website"},"primaryImageOfPage":{"@id":"https:\/\/nikkaluokta.com\/de\/aktivitaeten\/aktivitaeten-winter\/schneemobil-touren#primaryimage"},"image":{"@id":"https:\/\/nikkaluokta.com\/de\/aktivitaeten\/aktivitaeten-winter\/schneemobil-touren#primaryimage"},"thumbnailUrl":"http:\/\/nikkaluokta.com\/wp-content\/uploads\/2016\/02\/skoter-nikkaluokta.jpg","datePublished":"2016-02-12T18:01:02+00:00","dateModified":"2016-12-18T08:30:04+00:00","breadcrumb":{"@id":"https:\/\/nikkaluokta.com\/de\/aktivitaeten\/aktivitaeten-winter\/schneemobil-touren#breadcrumb"},"inLanguage":"de","potentialAction":[{"@type":"ReadAction","target":["https:\/\/nikkaluokta.com\/de\/aktivitaeten\/aktivitaeten-winter\/schneemobil-touren"]}]},{"@type":"ImageObject","inLanguage":"de","@id":"https:\/\/nikkaluokta.com\/de\/aktivitaeten\/aktivitaeten-winter\/schneemobil-touren#primaryimage","url":"http:\/\/nikkaluokta.com\/wp-content\/uploads\/2016\/02\/skoter-nikkaluokta.jpg","contentUrl":"http:\/\/nikkaluokta.com\/wp-content\/uploads\/2016\/02\/skoter-nikkaluokta.jpg"},{"@type":"BreadcrumbList","@id":"https:\/\/nikkaluokta.com\/de\/aktivitaeten\/aktivitaeten-winter\/schneemobil-touren#breadcrumb","itemListElement":[{"@type":"ListItem","position":1,"name":"Home","item":"https:\/\/nikkaluokta.com\/de"},{"@type":"ListItem","position":2,"name":"Aktivit\u00e4ten","item":"https:\/\/nikkaluokta.com\/de\/aktivitaeten"},{"@type":"ListItem","position":3,"name":"Winter","item":"https:\/\/nikkaluokta.com\/de\/aktivitaeten\/aktivitaeten-winter"},{"@type":"ListItem","position":4,"name":"Schneemobil-Touren"}]},{"@type":"WebSite","@id":"https:\/\/nikkaluokta.com\/de\/#website","url":"https:\/\/nikkaluokta.com\/de\/","name":"Nikkaluokta Sarri AB","description":"Mitt i en storslagen natur","publisher":{"@id":"https:\/\/nikkaluokta.com\/de\/#organization"},"potentialAction":[{"@type":"SearchAction","target":{"@type":"EntryPoint","urlTemplate":"https:\/\/nikkaluokta.com\/de\/?s={search_term_string}"},"query-input":{"@type":"PropertyValueSpecification","valueRequired":true,"valueName":"search_term_string"}}],"inLanguage":"de"},{"@type":"Organization","@id":"https:\/\/nikkaluokta.com\/de\/#organization","name":"Nikkaluokta Sarri AB","url":"https:\/\/nikkaluokta.com\/de\/","logo":{"@type":"ImageObject","inLanguage":"de","@id":"https:\/\/nikkaluokta.com\/de\/#\/schema\/logo\/image\/","url":"https:\/\/media.nikkaluokta.com\/2019\/01\/Nikkaluokta-transp-logo.png","contentUrl":"https:\/\/media.nikkaluokta.com\/2019\/01\/Nikkaluokta-transp-logo.png","width":800,"height":149,"caption":"Nikkaluokta Sarri AB"},"image":{"@id":"https:\/\/nikkaluokta.com\/de\/#\/schema\/logo\/image\/"},"sameAs":["https:\/\/www.facebook.com\/Nikkaluoktasarri\/","https:\/\/www.instagram.com\/nikkaluoktasarri\/"]}]}},"_links":{"self":[{"href":"https:\/\/nikkaluokta.com\/de\/wp-json\/wp\/v2\/pages\/883","targetHints":{"allow":["GET"]}}],"collection":[{"href":"https:\/\/nikkaluokta.com\/de\/wp-json\/wp\/v2\/pages"}],"about":[{"href":"https:\/\/nikkaluokta.com\/de\/wp-json\/wp\/v2\/types\/page"}],"author":[{"embeddable":true,"href":"https:\/\/nikkaluokta.com\/de\/wp-json\/wp\/v2\/users\/1"}],"replies":[{"embeddable":true,"href":"https:\/\/nikkaluokta.com\/de\/wp-json\/wp\/v2\/comments?post=883"}],"version-history":[{"count":7,"href":"https:\/\/nikkaluokta.com\/de\/wp-json\/wp\/v2\/pages\/883\/revisions"}],"predecessor-version":[{"id":1402,"href":"https:\/\/nikkaluokta.com\/de\/wp-json\/wp\/v2\/pages\/883\/revisions\/1402"}],"up":[{"embeddable":true,"href":"https:\/\/nikkaluokta.com\/de\/wp-json\/wp\/v2\/pages\/283"}],"wp:attachment":[{"href":"https:\/\/nikkaluokta.com\/de\/wp-json\/wp\/v2\/media?parent=883"}],"curies":[{"name":"wp","href":"https:\/\/api.w.org\/{rel}","templated":true}]}}