{"id":890,"date":"2016-02-12T19:13:17","date_gmt":"2016-02-12T18:13:17","guid":{"rendered":"http:\/\/nikkaluokta.com.loopiadns.com\/de\/?page_id=890"},"modified":"2016-12-18T09:31:57","modified_gmt":"2016-12-18T08:31:57","slug":"galerie-skaidi","status":"publish","type":"page","link":"https:\/\/nikkaluokta.com\/de\/shop-galerie\/galerie-skaidi","title":{"rendered":"Galerie Sk\u00e1idi"},"content":{"rendered":"<p><img loading=\"lazy\" decoding=\"async\" class=\"aligncenter size-st_medium wp-image-1282\" src=\"http:\/\/nikkaluokta.com\/wp-content\/uploads\/2016\/04\/MG_0760-642x335.jpg\" alt=\"_MG_0760\" width=\"642\" height=\"335\" \/><\/p>\n<h2>&#8220;Sk\u00e1idi eatnamat&#8221; ist Samisch und bedeutet &#8220;Land zwischen Fl\u00fcssen.&#8221;<\/h2>\n<p>In der Samischen Kultur hat das Land eine besondere Bedeutung und Wichtigkeit, weshalb wir unsere Kunstgalerie &#8220;Sk\u00e1idi eatnamat&#8221; genannt haben.<\/p>\n<p>Fotografie, Kunst oder Design \u2013 verschiedene k\u00fcnstlerische Richtungen schaffen f\u00fcr Sie unerwartete Begegnungen mit der Seele dieses Landes. Unsere K\u00fcnstler sind oft Samen, Schweden oder internationale Aussteller.<\/p>\n<p>In der Samischen Kunst und im Bereich des Kunsthandwerks gibt es viele\u00a0bedeutende K\u00fcnstler, auf die wir stolz sind. Die Werke von einigen\u00a0durften wir bereits in unserer Galerie ausstellen, z.B.\u00a0Lars Pirak, Perlsak Juuso, Ulrika Tapio, Barbro Poggats, HansRagnar Mathisen and Lena Stenberg.<\/p>\n<p>Wir organisieren auch kulturelle Veranstaltungen mit Theater, Musik und Poesie. Neben vielen anderen waren folgende K\u00fcnstler bei uns zu Gast:<\/p>\n<p>\u00c0illohas Nils Aslak Walkeap\u00e4\u00e4 \u2013 Samische Poesie<br \/>\nAnna Maria Blind \u2013\u00a0Samische Geschichtenerz\u00e4hlerin<br \/>\n\u00c5sa Simma-Charles \u2013\u00a0Samisches Theater<br \/>\nLars Ante Kuhmunen \u2013\u00a0Joik (traditioneller Samischer Gesang)<\/p>\n","protected":false},"excerpt":{"rendered":"<p>&#8220;Sk\u00e1idi eatnamat&#8221; ist Samisch und bedeutet &#8220;Land zwischen Fl\u00fcssen.&#8221; In der Samischen Kultur hat das Land eine besondere Bedeutung und Wichtigkeit, weshalb wir unsere Kunstgalerie &#8220;Sk\u00e1idi eatnamat&#8221; genannt haben. Fotografie, Kunst oder Design \u2013 verschiedene k\u00fcnstlerische Richtungen schaffen f\u00fcr Sie unerwartete Begegnungen mit der Seele dieses Landes. Unsere K\u00fcnstler sind oft Samen, Schweden oder internationale<\/p>\n<a href=\"https:\/\/nikkaluokta.com\/de\/shop-galerie\/galerie-skaidi\" class=\"sohohotel-more-link\">Read More<i class=\"fa fa-angle-right\"><\/i><\/a>","protected":false},"author":1,"featured_media":0,"parent":274,"menu_order":0,"comment_status":"closed","ping_status":"closed","template":"","meta":{"footnotes":""},"class_list":["post-890","page","type-page","status-publish","hentry"],"yoast_head":"<!-- This site is optimized with the Yoast SEO plugin v27.5 - https:\/\/yoast.com\/product\/yoast-seo-wordpress\/ -->\n<title>Galerie Sk\u00e1idi - Nikkaluokta Sarri AB<\/title>\n<meta name=\"robots\" content=\"index, follow, max-snippet:-1, max-image-preview:large, max-video-preview:-1\" \/>\n<link rel=\"canonical\" href=\"https:\/\/nikkaluokta.com\/de\/shop-galerie\/galerie-skaidi\" \/>\n<meta property=\"og:locale\" content=\"de_DE\" \/>\n<meta property=\"og:type\" content=\"article\" \/>\n<meta property=\"og:title\" content=\"Galerie Sk\u00e1idi - Nikkaluokta Sarri AB\" \/>\n<meta property=\"og:description\" content=\"&#8220;Sk\u00e1idi eatnamat&#8221; ist Samisch und bedeutet &#8220;Land zwischen Fl\u00fcssen.&#8221; In der Samischen Kultur hat das Land eine besondere Bedeutung und Wichtigkeit, weshalb wir unsere Kunstgalerie &#8220;Sk\u00e1idi eatnamat&#8221; genannt haben. Fotografie, Kunst oder Design \u2013 verschiedene k\u00fcnstlerische Richtungen schaffen f\u00fcr Sie unerwartete Begegnungen mit der Seele dieses Landes. Unsere K\u00fcnstler sind oft Samen, Schweden oder internationale\" \/>\n<meta property=\"og:url\" content=\"https:\/\/nikkaluokta.com\/de\/shop-galerie\/galerie-skaidi\" \/>\n<meta property=\"og:site_name\" content=\"Nikkaluokta Sarri AB\" \/>\n<meta property=\"article:publisher\" content=\"https:\/\/www.facebook.com\/Nikkaluoktasarri\/\" \/>\n<meta property=\"article:modified_time\" content=\"2016-12-18T08:31:57+00:00\" \/>\n<meta property=\"og:image\" content=\"http:\/\/nikkaluokta.com\/wp-content\/uploads\/2016\/04\/MG_0760-642x335.jpg\" \/>\n<meta name=\"twitter:card\" content=\"summary_large_image\" \/>\n<meta name=\"twitter:label1\" content=\"Gesch\u00e4tzte Lesezeit\" \/>\n\t<meta name=\"twitter:data1\" content=\"1\u00a0Minute\" \/>\n<script type=\"application\/ld+json\" class=\"yoast-schema-graph\">{\"@context\":\"https:\\\/\\\/schema.org\",\"@graph\":[{\"@type\":\"WebPage\",\"@id\":\"https:\\\/\\\/nikkaluokta.com\\\/de\\\/shop-galerie\\\/galerie-skaidi\",\"url\":\"https:\\\/\\\/nikkaluokta.com\\\/de\\\/shop-galerie\\\/galerie-skaidi\",\"name\":\"Galerie Sk\u00e1idi - Nikkaluokta Sarri AB\",\"isPartOf\":{\"@id\":\"https:\\\/\\\/nikkaluokta.com\\\/de\\\/#website\"},\"primaryImageOfPage\":{\"@id\":\"https:\\\/\\\/nikkaluokta.com\\\/de\\\/shop-galerie\\\/galerie-skaidi#primaryimage\"},\"image\":{\"@id\":\"https:\\\/\\\/nikkaluokta.com\\\/de\\\/shop-galerie\\\/galerie-skaidi#primaryimage\"},\"thumbnailUrl\":\"http:\\\/\\\/nikkaluokta.com\\\/wp-content\\\/uploads\\\/2016\\\/04\\\/MG_0760-642x335.jpg\",\"datePublished\":\"2016-02-12T18:13:17+00:00\",\"dateModified\":\"2016-12-18T08:31:57+00:00\",\"breadcrumb\":{\"@id\":\"https:\\\/\\\/nikkaluokta.com\\\/de\\\/shop-galerie\\\/galerie-skaidi#breadcrumb\"},\"inLanguage\":\"de\",\"potentialAction\":[{\"@type\":\"ReadAction\",\"target\":[\"https:\\\/\\\/nikkaluokta.com\\\/de\\\/shop-galerie\\\/galerie-skaidi\"]}]},{\"@type\":\"ImageObject\",\"inLanguage\":\"de\",\"@id\":\"https:\\\/\\\/nikkaluokta.com\\\/de\\\/shop-galerie\\\/galerie-skaidi#primaryimage\",\"url\":\"http:\\\/\\\/nikkaluokta.com\\\/wp-content\\\/uploads\\\/2016\\\/04\\\/MG_0760-642x335.jpg\",\"contentUrl\":\"http:\\\/\\\/nikkaluokta.com\\\/wp-content\\\/uploads\\\/2016\\\/04\\\/MG_0760-642x335.jpg\"},{\"@type\":\"BreadcrumbList\",\"@id\":\"https:\\\/\\\/nikkaluokta.com\\\/de\\\/shop-galerie\\\/galerie-skaidi#breadcrumb\",\"itemListElement\":[{\"@type\":\"ListItem\",\"position\":1,\"name\":\"Home\",\"item\":\"https:\\\/\\\/nikkaluokta.com\\\/de\"},{\"@type\":\"ListItem\",\"position\":2,\"name\":\"Shop &#038; Galerie\",\"item\":\"https:\\\/\\\/nikkaluokta.com\\\/de\\\/shop-galerie\"},{\"@type\":\"ListItem\",\"position\":3,\"name\":\"Galerie Sk\u00e1idi\"}]},{\"@type\":\"WebSite\",\"@id\":\"https:\\\/\\\/nikkaluokta.com\\\/de\\\/#website\",\"url\":\"https:\\\/\\\/nikkaluokta.com\\\/de\\\/\",\"name\":\"Nikkaluokta Sarri AB\",\"description\":\"Mitt i en storslagen natur\",\"publisher\":{\"@id\":\"https:\\\/\\\/nikkaluokta.com\\\/de\\\/#organization\"},\"potentialAction\":[{\"@type\":\"SearchAction\",\"target\":{\"@type\":\"EntryPoint\",\"urlTemplate\":\"https:\\\/\\\/nikkaluokta.com\\\/de\\\/?s={search_term_string}\"},\"query-input\":{\"@type\":\"PropertyValueSpecification\",\"valueRequired\":true,\"valueName\":\"search_term_string\"}}],\"inLanguage\":\"de\"},{\"@type\":\"Organization\",\"@id\":\"https:\\\/\\\/nikkaluokta.com\\\/de\\\/#organization\",\"name\":\"Nikkaluokta Sarri AB\",\"url\":\"https:\\\/\\\/nikkaluokta.com\\\/de\\\/\",\"logo\":{\"@type\":\"ImageObject\",\"inLanguage\":\"de\",\"@id\":\"https:\\\/\\\/nikkaluokta.com\\\/de\\\/#\\\/schema\\\/logo\\\/image\\\/\",\"url\":\"https:\\\/\\\/media.nikkaluokta.com\\\/2019\\\/01\\\/Nikkaluokta-transp-logo.png\",\"contentUrl\":\"https:\\\/\\\/media.nikkaluokta.com\\\/2019\\\/01\\\/Nikkaluokta-transp-logo.png\",\"width\":800,\"height\":149,\"caption\":\"Nikkaluokta Sarri AB\"},\"image\":{\"@id\":\"https:\\\/\\\/nikkaluokta.com\\\/de\\\/#\\\/schema\\\/logo\\\/image\\\/\"},\"sameAs\":[\"https:\\\/\\\/www.facebook.com\\\/Nikkaluoktasarri\\\/\",\"https:\\\/\\\/www.instagram.com\\\/nikkaluoktasarri\\\/\"]}]}<\/script>\n<!-- \/ Yoast SEO plugin. -->","yoast_head_json":{"title":"Galerie Sk\u00e1idi - Nikkaluokta Sarri AB","robots":{"index":"index","follow":"follow","max-snippet":"max-snippet:-1","max-image-preview":"max-image-preview:large","max-video-preview":"max-video-preview:-1"},"canonical":"https:\/\/nikkaluokta.com\/de\/shop-galerie\/galerie-skaidi","og_locale":"de_DE","og_type":"article","og_title":"Galerie Sk\u00e1idi - Nikkaluokta Sarri AB","og_description":"&#8220;Sk\u00e1idi eatnamat&#8221; ist Samisch und bedeutet &#8220;Land zwischen Fl\u00fcssen.&#8221; In der Samischen Kultur hat das Land eine besondere Bedeutung und Wichtigkeit, weshalb wir unsere Kunstgalerie &#8220;Sk\u00e1idi eatnamat&#8221; genannt haben. Fotografie, Kunst oder Design \u2013 verschiedene k\u00fcnstlerische Richtungen schaffen f\u00fcr Sie unerwartete Begegnungen mit der Seele dieses Landes. Unsere K\u00fcnstler sind oft Samen, Schweden oder internationale","og_url":"https:\/\/nikkaluokta.com\/de\/shop-galerie\/galerie-skaidi","og_site_name":"Nikkaluokta Sarri AB","article_publisher":"https:\/\/www.facebook.com\/Nikkaluoktasarri\/","article_modified_time":"2016-12-18T08:31:57+00:00","og_image":[{"url":"http:\/\/nikkaluokta.com\/wp-content\/uploads\/2016\/04\/MG_0760-642x335.jpg","type":"","width":"","height":""}],"twitter_card":"summary_large_image","twitter_misc":{"Gesch\u00e4tzte Lesezeit":"1\u00a0Minute"},"schema":{"@context":"https:\/\/schema.org","@graph":[{"@type":"WebPage","@id":"https:\/\/nikkaluokta.com\/de\/shop-galerie\/galerie-skaidi","url":"https:\/\/nikkaluokta.com\/de\/shop-galerie\/galerie-skaidi","name":"Galerie Sk\u00e1idi - Nikkaluokta Sarri AB","isPartOf":{"@id":"https:\/\/nikkaluokta.com\/de\/#website"},"primaryImageOfPage":{"@id":"https:\/\/nikkaluokta.com\/de\/shop-galerie\/galerie-skaidi#primaryimage"},"image":{"@id":"https:\/\/nikkaluokta.com\/de\/shop-galerie\/galerie-skaidi#primaryimage"},"thumbnailUrl":"http:\/\/nikkaluokta.com\/wp-content\/uploads\/2016\/04\/MG_0760-642x335.jpg","datePublished":"2016-02-12T18:13:17+00:00","dateModified":"2016-12-18T08:31:57+00:00","breadcrumb":{"@id":"https:\/\/nikkaluokta.com\/de\/shop-galerie\/galerie-skaidi#breadcrumb"},"inLanguage":"de","potentialAction":[{"@type":"ReadAction","target":["https:\/\/nikkaluokta.com\/de\/shop-galerie\/galerie-skaidi"]}]},{"@type":"ImageObject","inLanguage":"de","@id":"https:\/\/nikkaluokta.com\/de\/shop-galerie\/galerie-skaidi#primaryimage","url":"http:\/\/nikkaluokta.com\/wp-content\/uploads\/2016\/04\/MG_0760-642x335.jpg","contentUrl":"http:\/\/nikkaluokta.com\/wp-content\/uploads\/2016\/04\/MG_0760-642x335.jpg"},{"@type":"BreadcrumbList","@id":"https:\/\/nikkaluokta.com\/de\/shop-galerie\/galerie-skaidi#breadcrumb","itemListElement":[{"@type":"ListItem","position":1,"name":"Home","item":"https:\/\/nikkaluokta.com\/de"},{"@type":"ListItem","position":2,"name":"Shop &#038; Galerie","item":"https:\/\/nikkaluokta.com\/de\/shop-galerie"},{"@type":"ListItem","position":3,"name":"Galerie Sk\u00e1idi"}]},{"@type":"WebSite","@id":"https:\/\/nikkaluokta.com\/de\/#website","url":"https:\/\/nikkaluokta.com\/de\/","name":"Nikkaluokta Sarri AB","description":"Mitt i en storslagen natur","publisher":{"@id":"https:\/\/nikkaluokta.com\/de\/#organization"},"potentialAction":[{"@type":"SearchAction","target":{"@type":"EntryPoint","urlTemplate":"https:\/\/nikkaluokta.com\/de\/?s={search_term_string}"},"query-input":{"@type":"PropertyValueSpecification","valueRequired":true,"valueName":"search_term_string"}}],"inLanguage":"de"},{"@type":"Organization","@id":"https:\/\/nikkaluokta.com\/de\/#organization","name":"Nikkaluokta Sarri AB","url":"https:\/\/nikkaluokta.com\/de\/","logo":{"@type":"ImageObject","inLanguage":"de","@id":"https:\/\/nikkaluokta.com\/de\/#\/schema\/logo\/image\/","url":"https:\/\/media.nikkaluokta.com\/2019\/01\/Nikkaluokta-transp-logo.png","contentUrl":"https:\/\/media.nikkaluokta.com\/2019\/01\/Nikkaluokta-transp-logo.png","width":800,"height":149,"caption":"Nikkaluokta Sarri AB"},"image":{"@id":"https:\/\/nikkaluokta.com\/de\/#\/schema\/logo\/image\/"},"sameAs":["https:\/\/www.facebook.com\/Nikkaluoktasarri\/","https:\/\/www.instagram.com\/nikkaluoktasarri\/"]}]}},"_links":{"self":[{"href":"https:\/\/nikkaluokta.com\/de\/wp-json\/wp\/v2\/pages\/890","targetHints":{"allow":["GET"]}}],"collection":[{"href":"https:\/\/nikkaluokta.com\/de\/wp-json\/wp\/v2\/pages"}],"about":[{"href":"https:\/\/nikkaluokta.com\/de\/wp-json\/wp\/v2\/types\/page"}],"author":[{"embeddable":true,"href":"https:\/\/nikkaluokta.com\/de\/wp-json\/wp\/v2\/users\/1"}],"replies":[{"embeddable":true,"href":"https:\/\/nikkaluokta.com\/de\/wp-json\/wp\/v2\/comments?post=890"}],"version-history":[{"count":5,"href":"https:\/\/nikkaluokta.com\/de\/wp-json\/wp\/v2\/pages\/890\/revisions"}],"predecessor-version":[{"id":1289,"href":"https:\/\/nikkaluokta.com\/de\/wp-json\/wp\/v2\/pages\/890\/revisions\/1289"}],"up":[{"embeddable":true,"href":"https:\/\/nikkaluokta.com\/de\/wp-json\/wp\/v2\/pages\/274"}],"wp:attachment":[{"href":"https:\/\/nikkaluokta.com\/de\/wp-json\/wp\/v2\/media?parent=890"}],"curies":[{"name":"wp","href":"https:\/\/api.w.org\/{rel}","templated":true}]}}