{"id":894,"date":"2016-02-12T19:20:35","date_gmt":"2016-02-12T18:20:35","guid":{"rendered":"http:\/\/nikkaluokta.com.loopiadns.com\/de\/?page_id=894"},"modified":"2016-12-18T09:32:30","modified_gmt":"2016-12-18T08:32:30","slug":"shop","status":"publish","type":"page","link":"https:\/\/nikkaluokta.com\/de\/shop-galerie\/shop","title":{"rendered":"Shop"},"content":{"rendered":"<p><img loading=\"lazy\" decoding=\"async\" class=\"aligncenter size-st_medium wp-image-1290\" src=\"http:\/\/nikkaluokta.com\/wp-content\/uploads\/2016\/04\/MG_0821-642x335.jpg\" alt=\"_MG_0821\" width=\"642\" height=\"335\" \/><\/p>\n<p>In unserem Shop finden Sie eine Mischung aus praktischen Dingen und sch\u00f6nen Erinnerungsst\u00fccken. Samisches Kunsthandwerk bieten wir ebenso an wie Wanderkarten, Outdoor-Ausr\u00fcstung, Verpflegung und Brennstoff f\u00fcr Wanderungen.<\/p>\n<p><b>Samisches Design<\/b><\/p>\n<p>Als Samen sch\u00e4tzen wir Samisches Kunsthandwerk und Design sehr. Wir bieten traditionelle St\u00fccke eben so an wie modernere Versionen von Samischer Handwerkskunst, Design und Mode.<\/p>\n<p>Die Original Samischen Artikel stammen \u00fcberwiegend aus der unmittelbaren Umgebung, doch wir bieten auch Kunsthandwerk aus anderen Teilen S\u00e1pmis an.<\/p>\n<p><b>Outdoor-Ausr\u00fcstung und -Verpflegung<\/b><\/p>\n<p>Auf Wanderungen im Gebirge sollten Sie immer eine gute Wanderkarte mit sich f\u00fchren. In unserer Region nutzen wir die Karten BD6, BD8 und die Schwedische Gebirgskarte (H\u00f6gfj\u00e4llskartan).<\/p>\n<p>Wir\u00a0verf\u00fcgen \u00fcber ein kleines Sortiment an Verpflegung, sodass Sie sich mit Lebensmitteln vor Ihrer Tour ausstatten k\u00f6nnen.<\/p>\n<p>Weiterhin verkaufen wir verschiedene Ausr\u00fcstungsgegenst\u00e4nde wie Primus-Gaskartuschen und Kleidung von hochwertigen Outdoor-Herstellen wie Hagl\u00f6fs, Fj\u00e4llr\u00e4ven und Hestra.<\/p>\n<p>Auch einige Hygieneartikel und eine Auswahl kleinerer Gegenst\u00e4nde f\u00fcr Wanderer finden Sie in unserem\u00a0Sortiment.<\/p>\n<p><strong>Kunsthandwerk, Literatur und Musik<\/strong><\/p>\n<p>Sie suchen nach einem besonderen Geschenk? Wir bieten Ihnen eine gro\u00dfe Auswahl an Schmuck und traditionellen Handarbeiten aus Holz, Rentierhorn, Rentierleder, Silber und Zinn.<\/p>\n<p>In unserer B\u00fccherecke finden Sie Literatur \u00fcber die Samische Kultur und die Bergregion, in der wir leben.<\/p>\n<p>Die Samische Musik entwickelt sich st\u00e4ndig weiter. Im Shop finden Sie CDs mit traditionellem Samischen Joik, aber auch modernde Werke von Samischen K\u00fcnstlern wie Sofia Jannok und Simon Marainen.<\/p>\n","protected":false},"excerpt":{"rendered":"<p>In unserem Shop finden Sie eine Mischung aus praktischen Dingen und sch\u00f6nen Erinnerungsst\u00fccken. Samisches Kunsthandwerk bieten wir ebenso an wie Wanderkarten, Outdoor-Ausr\u00fcstung, Verpflegung und Brennstoff f\u00fcr Wanderungen. Samisches Design Als Samen sch\u00e4tzen wir Samisches Kunsthandwerk und Design sehr. Wir bieten traditionelle St\u00fccke eben so an wie modernere Versionen von Samischer Handwerkskunst, Design und Mode. Die<\/p>\n<a href=\"https:\/\/nikkaluokta.com\/de\/shop-galerie\/shop\" class=\"sohohotel-more-link\">Read More<i class=\"fa fa-angle-right\"><\/i><\/a>","protected":false},"author":1,"featured_media":0,"parent":274,"menu_order":0,"comment_status":"closed","ping_status":"closed","template":"","meta":{"footnotes":""},"class_list":["post-894","page","type-page","status-publish","hentry"],"yoast_head":"<!-- This site is optimized with the Yoast SEO plugin v27.5 - https:\/\/yoast.com\/product\/yoast-seo-wordpress\/ -->\n<title>Shop - Nikkaluokta Sarri AB<\/title>\n<meta name=\"robots\" content=\"index, follow, max-snippet:-1, max-image-preview:large, max-video-preview:-1\" \/>\n<link rel=\"canonical\" href=\"https:\/\/nikkaluokta.com\/de\/shop-galerie\/shop\" \/>\n<meta property=\"og:locale\" content=\"de_DE\" \/>\n<meta property=\"og:type\" content=\"article\" \/>\n<meta property=\"og:title\" content=\"Shop - Nikkaluokta Sarri AB\" \/>\n<meta property=\"og:description\" content=\"In unserem Shop finden Sie eine Mischung aus praktischen Dingen und sch\u00f6nen Erinnerungsst\u00fccken. Samisches Kunsthandwerk bieten wir ebenso an wie Wanderkarten, Outdoor-Ausr\u00fcstung, Verpflegung und Brennstoff f\u00fcr Wanderungen. Samisches Design Als Samen sch\u00e4tzen wir Samisches Kunsthandwerk und Design sehr. Wir bieten traditionelle St\u00fccke eben so an wie modernere Versionen von Samischer Handwerkskunst, Design und Mode. Die\" \/>\n<meta property=\"og:url\" content=\"https:\/\/nikkaluokta.com\/de\/shop-galerie\/shop\" \/>\n<meta property=\"og:site_name\" content=\"Nikkaluokta Sarri AB\" \/>\n<meta property=\"article:publisher\" content=\"https:\/\/www.facebook.com\/Nikkaluoktasarri\/\" \/>\n<meta property=\"article:modified_time\" content=\"2016-12-18T08:32:30+00:00\" \/>\n<meta property=\"og:image\" content=\"http:\/\/nikkaluokta.com\/wp-content\/uploads\/2016\/04\/MG_0821-642x335.jpg\" \/>\n<meta name=\"twitter:card\" content=\"summary_large_image\" \/>\n<meta name=\"twitter:label1\" content=\"Gesch\u00e4tzte Lesezeit\" \/>\n\t<meta name=\"twitter:data1\" content=\"1\u00a0Minute\" \/>\n<script type=\"application\/ld+json\" class=\"yoast-schema-graph\">{\"@context\":\"https:\\\/\\\/schema.org\",\"@graph\":[{\"@type\":\"WebPage\",\"@id\":\"https:\\\/\\\/nikkaluokta.com\\\/de\\\/shop-galerie\\\/shop\",\"url\":\"https:\\\/\\\/nikkaluokta.com\\\/de\\\/shop-galerie\\\/shop\",\"name\":\"Shop - Nikkaluokta Sarri AB\",\"isPartOf\":{\"@id\":\"https:\\\/\\\/nikkaluokta.com\\\/de\\\/#website\"},\"primaryImageOfPage\":{\"@id\":\"https:\\\/\\\/nikkaluokta.com\\\/de\\\/shop-galerie\\\/shop#primaryimage\"},\"image\":{\"@id\":\"https:\\\/\\\/nikkaluokta.com\\\/de\\\/shop-galerie\\\/shop#primaryimage\"},\"thumbnailUrl\":\"http:\\\/\\\/nikkaluokta.com\\\/wp-content\\\/uploads\\\/2016\\\/04\\\/MG_0821-642x335.jpg\",\"datePublished\":\"2016-02-12T18:20:35+00:00\",\"dateModified\":\"2016-12-18T08:32:30+00:00\",\"breadcrumb\":{\"@id\":\"https:\\\/\\\/nikkaluokta.com\\\/de\\\/shop-galerie\\\/shop#breadcrumb\"},\"inLanguage\":\"de\",\"potentialAction\":[{\"@type\":\"ReadAction\",\"target\":[\"https:\\\/\\\/nikkaluokta.com\\\/de\\\/shop-galerie\\\/shop\"]}]},{\"@type\":\"ImageObject\",\"inLanguage\":\"de\",\"@id\":\"https:\\\/\\\/nikkaluokta.com\\\/de\\\/shop-galerie\\\/shop#primaryimage\",\"url\":\"http:\\\/\\\/nikkaluokta.com\\\/wp-content\\\/uploads\\\/2016\\\/04\\\/MG_0821-642x335.jpg\",\"contentUrl\":\"http:\\\/\\\/nikkaluokta.com\\\/wp-content\\\/uploads\\\/2016\\\/04\\\/MG_0821-642x335.jpg\"},{\"@type\":\"BreadcrumbList\",\"@id\":\"https:\\\/\\\/nikkaluokta.com\\\/de\\\/shop-galerie\\\/shop#breadcrumb\",\"itemListElement\":[{\"@type\":\"ListItem\",\"position\":1,\"name\":\"Home\",\"item\":\"https:\\\/\\\/nikkaluokta.com\\\/de\"},{\"@type\":\"ListItem\",\"position\":2,\"name\":\"Shop &#038; Galerie\",\"item\":\"https:\\\/\\\/nikkaluokta.com\\\/de\\\/shop-galerie\"},{\"@type\":\"ListItem\",\"position\":3,\"name\":\"Shop\"}]},{\"@type\":\"WebSite\",\"@id\":\"https:\\\/\\\/nikkaluokta.com\\\/de\\\/#website\",\"url\":\"https:\\\/\\\/nikkaluokta.com\\\/de\\\/\",\"name\":\"Nikkaluokta Sarri AB\",\"description\":\"Mitt i en storslagen natur\",\"publisher\":{\"@id\":\"https:\\\/\\\/nikkaluokta.com\\\/de\\\/#organization\"},\"potentialAction\":[{\"@type\":\"SearchAction\",\"target\":{\"@type\":\"EntryPoint\",\"urlTemplate\":\"https:\\\/\\\/nikkaluokta.com\\\/de\\\/?s={search_term_string}\"},\"query-input\":{\"@type\":\"PropertyValueSpecification\",\"valueRequired\":true,\"valueName\":\"search_term_string\"}}],\"inLanguage\":\"de\"},{\"@type\":\"Organization\",\"@id\":\"https:\\\/\\\/nikkaluokta.com\\\/de\\\/#organization\",\"name\":\"Nikkaluokta Sarri AB\",\"url\":\"https:\\\/\\\/nikkaluokta.com\\\/de\\\/\",\"logo\":{\"@type\":\"ImageObject\",\"inLanguage\":\"de\",\"@id\":\"https:\\\/\\\/nikkaluokta.com\\\/de\\\/#\\\/schema\\\/logo\\\/image\\\/\",\"url\":\"https:\\\/\\\/media.nikkaluokta.com\\\/2019\\\/01\\\/Nikkaluokta-transp-logo.png\",\"contentUrl\":\"https:\\\/\\\/media.nikkaluokta.com\\\/2019\\\/01\\\/Nikkaluokta-transp-logo.png\",\"width\":800,\"height\":149,\"caption\":\"Nikkaluokta Sarri AB\"},\"image\":{\"@id\":\"https:\\\/\\\/nikkaluokta.com\\\/de\\\/#\\\/schema\\\/logo\\\/image\\\/\"},\"sameAs\":[\"https:\\\/\\\/www.facebook.com\\\/Nikkaluoktasarri\\\/\",\"https:\\\/\\\/www.instagram.com\\\/nikkaluoktasarri\\\/\"]}]}<\/script>\n<!-- \/ Yoast SEO plugin. -->","yoast_head_json":{"title":"Shop - Nikkaluokta Sarri AB","robots":{"index":"index","follow":"follow","max-snippet":"max-snippet:-1","max-image-preview":"max-image-preview:large","max-video-preview":"max-video-preview:-1"},"canonical":"https:\/\/nikkaluokta.com\/de\/shop-galerie\/shop","og_locale":"de_DE","og_type":"article","og_title":"Shop - Nikkaluokta Sarri AB","og_description":"In unserem Shop finden Sie eine Mischung aus praktischen Dingen und sch\u00f6nen Erinnerungsst\u00fccken. Samisches Kunsthandwerk bieten wir ebenso an wie Wanderkarten, Outdoor-Ausr\u00fcstung, Verpflegung und Brennstoff f\u00fcr Wanderungen. Samisches Design Als Samen sch\u00e4tzen wir Samisches Kunsthandwerk und Design sehr. Wir bieten traditionelle St\u00fccke eben so an wie modernere Versionen von Samischer Handwerkskunst, Design und Mode. Die","og_url":"https:\/\/nikkaluokta.com\/de\/shop-galerie\/shop","og_site_name":"Nikkaluokta Sarri AB","article_publisher":"https:\/\/www.facebook.com\/Nikkaluoktasarri\/","article_modified_time":"2016-12-18T08:32:30+00:00","og_image":[{"url":"http:\/\/nikkaluokta.com\/wp-content\/uploads\/2016\/04\/MG_0821-642x335.jpg","type":"","width":"","height":""}],"twitter_card":"summary_large_image","twitter_misc":{"Gesch\u00e4tzte Lesezeit":"1\u00a0Minute"},"schema":{"@context":"https:\/\/schema.org","@graph":[{"@type":"WebPage","@id":"https:\/\/nikkaluokta.com\/de\/shop-galerie\/shop","url":"https:\/\/nikkaluokta.com\/de\/shop-galerie\/shop","name":"Shop - Nikkaluokta Sarri AB","isPartOf":{"@id":"https:\/\/nikkaluokta.com\/de\/#website"},"primaryImageOfPage":{"@id":"https:\/\/nikkaluokta.com\/de\/shop-galerie\/shop#primaryimage"},"image":{"@id":"https:\/\/nikkaluokta.com\/de\/shop-galerie\/shop#primaryimage"},"thumbnailUrl":"http:\/\/nikkaluokta.com\/wp-content\/uploads\/2016\/04\/MG_0821-642x335.jpg","datePublished":"2016-02-12T18:20:35+00:00","dateModified":"2016-12-18T08:32:30+00:00","breadcrumb":{"@id":"https:\/\/nikkaluokta.com\/de\/shop-galerie\/shop#breadcrumb"},"inLanguage":"de","potentialAction":[{"@type":"ReadAction","target":["https:\/\/nikkaluokta.com\/de\/shop-galerie\/shop"]}]},{"@type":"ImageObject","inLanguage":"de","@id":"https:\/\/nikkaluokta.com\/de\/shop-galerie\/shop#primaryimage","url":"http:\/\/nikkaluokta.com\/wp-content\/uploads\/2016\/04\/MG_0821-642x335.jpg","contentUrl":"http:\/\/nikkaluokta.com\/wp-content\/uploads\/2016\/04\/MG_0821-642x335.jpg"},{"@type":"BreadcrumbList","@id":"https:\/\/nikkaluokta.com\/de\/shop-galerie\/shop#breadcrumb","itemListElement":[{"@type":"ListItem","position":1,"name":"Home","item":"https:\/\/nikkaluokta.com\/de"},{"@type":"ListItem","position":2,"name":"Shop &#038; Galerie","item":"https:\/\/nikkaluokta.com\/de\/shop-galerie"},{"@type":"ListItem","position":3,"name":"Shop"}]},{"@type":"WebSite","@id":"https:\/\/nikkaluokta.com\/de\/#website","url":"https:\/\/nikkaluokta.com\/de\/","name":"Nikkaluokta Sarri AB","description":"Mitt i en storslagen natur","publisher":{"@id":"https:\/\/nikkaluokta.com\/de\/#organization"},"potentialAction":[{"@type":"SearchAction","target":{"@type":"EntryPoint","urlTemplate":"https:\/\/nikkaluokta.com\/de\/?s={search_term_string}"},"query-input":{"@type":"PropertyValueSpecification","valueRequired":true,"valueName":"search_term_string"}}],"inLanguage":"de"},{"@type":"Organization","@id":"https:\/\/nikkaluokta.com\/de\/#organization","name":"Nikkaluokta Sarri AB","url":"https:\/\/nikkaluokta.com\/de\/","logo":{"@type":"ImageObject","inLanguage":"de","@id":"https:\/\/nikkaluokta.com\/de\/#\/schema\/logo\/image\/","url":"https:\/\/media.nikkaluokta.com\/2019\/01\/Nikkaluokta-transp-logo.png","contentUrl":"https:\/\/media.nikkaluokta.com\/2019\/01\/Nikkaluokta-transp-logo.png","width":800,"height":149,"caption":"Nikkaluokta Sarri AB"},"image":{"@id":"https:\/\/nikkaluokta.com\/de\/#\/schema\/logo\/image\/"},"sameAs":["https:\/\/www.facebook.com\/Nikkaluoktasarri\/","https:\/\/www.instagram.com\/nikkaluoktasarri\/"]}]}},"_links":{"self":[{"href":"https:\/\/nikkaluokta.com\/de\/wp-json\/wp\/v2\/pages\/894","targetHints":{"allow":["GET"]}}],"collection":[{"href":"https:\/\/nikkaluokta.com\/de\/wp-json\/wp\/v2\/pages"}],"about":[{"href":"https:\/\/nikkaluokta.com\/de\/wp-json\/wp\/v2\/types\/page"}],"author":[{"embeddable":true,"href":"https:\/\/nikkaluokta.com\/de\/wp-json\/wp\/v2\/users\/1"}],"replies":[{"embeddable":true,"href":"https:\/\/nikkaluokta.com\/de\/wp-json\/wp\/v2\/comments?post=894"}],"version-history":[{"count":6,"href":"https:\/\/nikkaluokta.com\/de\/wp-json\/wp\/v2\/pages\/894\/revisions"}],"predecessor-version":[{"id":1293,"href":"https:\/\/nikkaluokta.com\/de\/wp-json\/wp\/v2\/pages\/894\/revisions\/1293"}],"up":[{"embeddable":true,"href":"https:\/\/nikkaluokta.com\/de\/wp-json\/wp\/v2\/pages\/274"}],"wp:attachment":[{"href":"https:\/\/nikkaluokta.com\/de\/wp-json\/wp\/v2\/media?parent=894"}],"curies":[{"name":"wp","href":"https:\/\/api.w.org\/{rel}","templated":true}]}}