{"id":907,"date":"2016-02-12T19:55:45","date_gmt":"2016-02-12T18:55:45","guid":{"rendered":"http:\/\/nikkaluokta.com.loopiadns.com\/de\/?page_id=907"},"modified":"2016-12-18T09:22:14","modified_gmt":"2016-12-18T08:22:14","slug":"nikkaluoktas-kapelle","status":"publish","type":"page","link":"https:\/\/nikkaluokta.com\/de\/aktivitaeten\/nikkaluoktas-kapelle","title":{"rendered":"Nikkaluoktas Kapelle"},"content":{"rendered":"<p><img loading=\"lazy\" decoding=\"async\" class=\"aligncenter size-full wp-image-1108\" src=\"http:\/\/nikkaluokta.com\/wp-content\/uploads\/2016\/02\/nikkaluokta-kapell.jpg\" alt=\"nikkaluokta-kapell\" width=\"1000\" height=\"667\" srcset=\"http:\/\/media.nikkaluokta.com\/2016\/02\/nikkaluokta-kapell.jpg 1000w, http:\/\/media.nikkaluokta.com\/2016\/02\/nikkaluokta-kapell-300x200.jpg 300w, http:\/\/media.nikkaluokta.com\/2016\/02\/nikkaluokta-kapell-768x512.jpg 768w\" sizes=\"auto, (max-width: 1000px) 100vw, 1000px\" \/><\/p>\n<p>Auf dem h\u00f6chsten H\u00fcgel in unserem Tal finden Sie die kleine, rote Bergkapelle von Nikkaluokta. Sie wurde auf Initiative des &#8220;lappl\u00e4ndska fj\u00e4llkarlarnas klubb&#8221; (ein Bergsportverein Lapplands f\u00fcr M\u00e4nner) erbaut, um durch die Kapelle die Berge und die Einwohner der Region zu w\u00fcrdigen.<\/p>\n<p>Cyrillus Johansson wurde als Architekt engagiert. Er entwarf ein Geb\u00e4ude mit besonderen samischen Eigenarten, das den harten St\u00fcrmen im Winter standhalten kann. Die Kapelle wurde am 16. August 1942 er\u00f6ffnet.<\/p>\n<p>Die Kapelle ist sehr beliebt f\u00fcr Predigten, Taufen und Hochzeiten. Wir organisieren regelm\u00e4\u00dfig Konfirmationen in Nikkaluokta, wenn die Kapelle genutzt wird.<\/p>\n<p>Weitere Informationen \u00fcber die Kapelle erhalten Sie an der Rezeption, wo Sie auch den Schl\u00fcssel ausleihen k\u00f6nnen.<\/p>\n","protected":false},"excerpt":{"rendered":"<p>Auf dem h\u00f6chsten H\u00fcgel in unserem Tal finden Sie die kleine, rote Bergkapelle von Nikkaluokta. Sie wurde auf Initiative des &#8220;lappl\u00e4ndska fj\u00e4llkarlarnas klubb&#8221; (ein Bergsportverein Lapplands f\u00fcr M\u00e4nner) erbaut, um durch die Kapelle die Berge und die Einwohner der Region zu w\u00fcrdigen. Cyrillus Johansson wurde als Architekt engagiert. Er entwarf ein Geb\u00e4ude mit besonderen samischen<\/p>\n<a href=\"https:\/\/nikkaluokta.com\/de\/aktivitaeten\/nikkaluoktas-kapelle\" class=\"sohohotel-more-link\">Read More<i class=\"fa fa-angle-right\"><\/i><\/a>","protected":false},"author":1,"featured_media":0,"parent":288,"menu_order":0,"comment_status":"closed","ping_status":"closed","template":"","meta":{"footnotes":""},"class_list":["post-907","page","type-page","status-publish","hentry"],"yoast_head":"<!-- This site is optimized with the Yoast SEO plugin v27.5 - https:\/\/yoast.com\/product\/yoast-seo-wordpress\/ -->\n<title>Nikkaluoktas Kapelle - Nikkaluokta Sarri AB<\/title>\n<meta name=\"robots\" content=\"index, follow, max-snippet:-1, max-image-preview:large, max-video-preview:-1\" \/>\n<link rel=\"canonical\" href=\"https:\/\/nikkaluokta.com\/de\/aktivitaeten\/nikkaluoktas-kapelle\" \/>\n<meta property=\"og:locale\" content=\"de_DE\" \/>\n<meta property=\"og:type\" content=\"article\" \/>\n<meta property=\"og:title\" content=\"Nikkaluoktas Kapelle - Nikkaluokta Sarri AB\" \/>\n<meta property=\"og:description\" content=\"Auf dem h\u00f6chsten H\u00fcgel in unserem Tal finden Sie die kleine, rote Bergkapelle von Nikkaluokta. Sie wurde auf Initiative des &#8220;lappl\u00e4ndska fj\u00e4llkarlarnas klubb&#8221; (ein Bergsportverein Lapplands f\u00fcr M\u00e4nner) erbaut, um durch die Kapelle die Berge und die Einwohner der Region zu w\u00fcrdigen. Cyrillus Johansson wurde als Architekt engagiert. Er entwarf ein Geb\u00e4ude mit besonderen samischen\" \/>\n<meta property=\"og:url\" content=\"https:\/\/nikkaluokta.com\/de\/aktivitaeten\/nikkaluoktas-kapelle\" \/>\n<meta property=\"og:site_name\" content=\"Nikkaluokta Sarri AB\" \/>\n<meta property=\"article:publisher\" content=\"https:\/\/www.facebook.com\/Nikkaluoktasarri\/\" \/>\n<meta property=\"article:modified_time\" content=\"2016-12-18T08:22:14+00:00\" \/>\n<meta property=\"og:image\" content=\"http:\/\/nikkaluokta.com\/wp-content\/uploads\/2016\/02\/nikkaluokta-kapell.jpg\" \/>\n<meta name=\"twitter:card\" content=\"summary_large_image\" \/>\n<meta name=\"twitter:label1\" content=\"Gesch\u00e4tzte Lesezeit\" \/>\n\t<meta name=\"twitter:data1\" content=\"1\u00a0Minute\" \/>\n<script type=\"application\/ld+json\" class=\"yoast-schema-graph\">{\"@context\":\"https:\\\/\\\/schema.org\",\"@graph\":[{\"@type\":\"WebPage\",\"@id\":\"https:\\\/\\\/nikkaluokta.com\\\/de\\\/aktivitaeten\\\/nikkaluoktas-kapelle\",\"url\":\"https:\\\/\\\/nikkaluokta.com\\\/de\\\/aktivitaeten\\\/nikkaluoktas-kapelle\",\"name\":\"Nikkaluoktas Kapelle - Nikkaluokta Sarri AB\",\"isPartOf\":{\"@id\":\"https:\\\/\\\/nikkaluokta.com\\\/de\\\/#website\"},\"primaryImageOfPage\":{\"@id\":\"https:\\\/\\\/nikkaluokta.com\\\/de\\\/aktivitaeten\\\/nikkaluoktas-kapelle#primaryimage\"},\"image\":{\"@id\":\"https:\\\/\\\/nikkaluokta.com\\\/de\\\/aktivitaeten\\\/nikkaluoktas-kapelle#primaryimage\"},\"thumbnailUrl\":\"http:\\\/\\\/nikkaluokta.com\\\/wp-content\\\/uploads\\\/2016\\\/02\\\/nikkaluokta-kapell.jpg\",\"datePublished\":\"2016-02-12T18:55:45+00:00\",\"dateModified\":\"2016-12-18T08:22:14+00:00\",\"breadcrumb\":{\"@id\":\"https:\\\/\\\/nikkaluokta.com\\\/de\\\/aktivitaeten\\\/nikkaluoktas-kapelle#breadcrumb\"},\"inLanguage\":\"de\",\"potentialAction\":[{\"@type\":\"ReadAction\",\"target\":[\"https:\\\/\\\/nikkaluokta.com\\\/de\\\/aktivitaeten\\\/nikkaluoktas-kapelle\"]}]},{\"@type\":\"ImageObject\",\"inLanguage\":\"de\",\"@id\":\"https:\\\/\\\/nikkaluokta.com\\\/de\\\/aktivitaeten\\\/nikkaluoktas-kapelle#primaryimage\",\"url\":\"http:\\\/\\\/nikkaluokta.com\\\/wp-content\\\/uploads\\\/2016\\\/02\\\/nikkaluokta-kapell.jpg\",\"contentUrl\":\"http:\\\/\\\/nikkaluokta.com\\\/wp-content\\\/uploads\\\/2016\\\/02\\\/nikkaluokta-kapell.jpg\"},{\"@type\":\"BreadcrumbList\",\"@id\":\"https:\\\/\\\/nikkaluokta.com\\\/de\\\/aktivitaeten\\\/nikkaluoktas-kapelle#breadcrumb\",\"itemListElement\":[{\"@type\":\"ListItem\",\"position\":1,\"name\":\"Home\",\"item\":\"https:\\\/\\\/nikkaluokta.com\\\/de\"},{\"@type\":\"ListItem\",\"position\":2,\"name\":\"Aktivit\u00e4ten\",\"item\":\"https:\\\/\\\/nikkaluokta.com\\\/de\\\/aktivitaeten\"},{\"@type\":\"ListItem\",\"position\":3,\"name\":\"Nikkaluoktas Kapelle\"}]},{\"@type\":\"WebSite\",\"@id\":\"https:\\\/\\\/nikkaluokta.com\\\/de\\\/#website\",\"url\":\"https:\\\/\\\/nikkaluokta.com\\\/de\\\/\",\"name\":\"Nikkaluokta Sarri AB\",\"description\":\"Mitt i en storslagen natur\",\"publisher\":{\"@id\":\"https:\\\/\\\/nikkaluokta.com\\\/de\\\/#organization\"},\"potentialAction\":[{\"@type\":\"SearchAction\",\"target\":{\"@type\":\"EntryPoint\",\"urlTemplate\":\"https:\\\/\\\/nikkaluokta.com\\\/de\\\/?s={search_term_string}\"},\"query-input\":{\"@type\":\"PropertyValueSpecification\",\"valueRequired\":true,\"valueName\":\"search_term_string\"}}],\"inLanguage\":\"de\"},{\"@type\":\"Organization\",\"@id\":\"https:\\\/\\\/nikkaluokta.com\\\/de\\\/#organization\",\"name\":\"Nikkaluokta Sarri AB\",\"url\":\"https:\\\/\\\/nikkaluokta.com\\\/de\\\/\",\"logo\":{\"@type\":\"ImageObject\",\"inLanguage\":\"de\",\"@id\":\"https:\\\/\\\/nikkaluokta.com\\\/de\\\/#\\\/schema\\\/logo\\\/image\\\/\",\"url\":\"https:\\\/\\\/media.nikkaluokta.com\\\/2019\\\/01\\\/Nikkaluokta-transp-logo.png\",\"contentUrl\":\"https:\\\/\\\/media.nikkaluokta.com\\\/2019\\\/01\\\/Nikkaluokta-transp-logo.png\",\"width\":800,\"height\":149,\"caption\":\"Nikkaluokta Sarri AB\"},\"image\":{\"@id\":\"https:\\\/\\\/nikkaluokta.com\\\/de\\\/#\\\/schema\\\/logo\\\/image\\\/\"},\"sameAs\":[\"https:\\\/\\\/www.facebook.com\\\/Nikkaluoktasarri\\\/\",\"https:\\\/\\\/www.instagram.com\\\/nikkaluoktasarri\\\/\"]}]}<\/script>\n<!-- \/ Yoast SEO plugin. -->","yoast_head_json":{"title":"Nikkaluoktas Kapelle - Nikkaluokta Sarri AB","robots":{"index":"index","follow":"follow","max-snippet":"max-snippet:-1","max-image-preview":"max-image-preview:large","max-video-preview":"max-video-preview:-1"},"canonical":"https:\/\/nikkaluokta.com\/de\/aktivitaeten\/nikkaluoktas-kapelle","og_locale":"de_DE","og_type":"article","og_title":"Nikkaluoktas Kapelle - Nikkaluokta Sarri AB","og_description":"Auf dem h\u00f6chsten H\u00fcgel in unserem Tal finden Sie die kleine, rote Bergkapelle von Nikkaluokta. Sie wurde auf Initiative des &#8220;lappl\u00e4ndska fj\u00e4llkarlarnas klubb&#8221; (ein Bergsportverein Lapplands f\u00fcr M\u00e4nner) erbaut, um durch die Kapelle die Berge und die Einwohner der Region zu w\u00fcrdigen. Cyrillus Johansson wurde als Architekt engagiert. Er entwarf ein Geb\u00e4ude mit besonderen samischen","og_url":"https:\/\/nikkaluokta.com\/de\/aktivitaeten\/nikkaluoktas-kapelle","og_site_name":"Nikkaluokta Sarri AB","article_publisher":"https:\/\/www.facebook.com\/Nikkaluoktasarri\/","article_modified_time":"2016-12-18T08:22:14+00:00","og_image":[{"url":"http:\/\/nikkaluokta.com\/wp-content\/uploads\/2016\/02\/nikkaluokta-kapell.jpg","type":"","width":"","height":""}],"twitter_card":"summary_large_image","twitter_misc":{"Gesch\u00e4tzte Lesezeit":"1\u00a0Minute"},"schema":{"@context":"https:\/\/schema.org","@graph":[{"@type":"WebPage","@id":"https:\/\/nikkaluokta.com\/de\/aktivitaeten\/nikkaluoktas-kapelle","url":"https:\/\/nikkaluokta.com\/de\/aktivitaeten\/nikkaluoktas-kapelle","name":"Nikkaluoktas Kapelle - Nikkaluokta Sarri AB","isPartOf":{"@id":"https:\/\/nikkaluokta.com\/de\/#website"},"primaryImageOfPage":{"@id":"https:\/\/nikkaluokta.com\/de\/aktivitaeten\/nikkaluoktas-kapelle#primaryimage"},"image":{"@id":"https:\/\/nikkaluokta.com\/de\/aktivitaeten\/nikkaluoktas-kapelle#primaryimage"},"thumbnailUrl":"http:\/\/nikkaluokta.com\/wp-content\/uploads\/2016\/02\/nikkaluokta-kapell.jpg","datePublished":"2016-02-12T18:55:45+00:00","dateModified":"2016-12-18T08:22:14+00:00","breadcrumb":{"@id":"https:\/\/nikkaluokta.com\/de\/aktivitaeten\/nikkaluoktas-kapelle#breadcrumb"},"inLanguage":"de","potentialAction":[{"@type":"ReadAction","target":["https:\/\/nikkaluokta.com\/de\/aktivitaeten\/nikkaluoktas-kapelle"]}]},{"@type":"ImageObject","inLanguage":"de","@id":"https:\/\/nikkaluokta.com\/de\/aktivitaeten\/nikkaluoktas-kapelle#primaryimage","url":"http:\/\/nikkaluokta.com\/wp-content\/uploads\/2016\/02\/nikkaluokta-kapell.jpg","contentUrl":"http:\/\/nikkaluokta.com\/wp-content\/uploads\/2016\/02\/nikkaluokta-kapell.jpg"},{"@type":"BreadcrumbList","@id":"https:\/\/nikkaluokta.com\/de\/aktivitaeten\/nikkaluoktas-kapelle#breadcrumb","itemListElement":[{"@type":"ListItem","position":1,"name":"Home","item":"https:\/\/nikkaluokta.com\/de"},{"@type":"ListItem","position":2,"name":"Aktivit\u00e4ten","item":"https:\/\/nikkaluokta.com\/de\/aktivitaeten"},{"@type":"ListItem","position":3,"name":"Nikkaluoktas Kapelle"}]},{"@type":"WebSite","@id":"https:\/\/nikkaluokta.com\/de\/#website","url":"https:\/\/nikkaluokta.com\/de\/","name":"Nikkaluokta Sarri AB","description":"Mitt i en storslagen natur","publisher":{"@id":"https:\/\/nikkaluokta.com\/de\/#organization"},"potentialAction":[{"@type":"SearchAction","target":{"@type":"EntryPoint","urlTemplate":"https:\/\/nikkaluokta.com\/de\/?s={search_term_string}"},"query-input":{"@type":"PropertyValueSpecification","valueRequired":true,"valueName":"search_term_string"}}],"inLanguage":"de"},{"@type":"Organization","@id":"https:\/\/nikkaluokta.com\/de\/#organization","name":"Nikkaluokta Sarri AB","url":"https:\/\/nikkaluokta.com\/de\/","logo":{"@type":"ImageObject","inLanguage":"de","@id":"https:\/\/nikkaluokta.com\/de\/#\/schema\/logo\/image\/","url":"https:\/\/media.nikkaluokta.com\/2019\/01\/Nikkaluokta-transp-logo.png","contentUrl":"https:\/\/media.nikkaluokta.com\/2019\/01\/Nikkaluokta-transp-logo.png","width":800,"height":149,"caption":"Nikkaluokta Sarri AB"},"image":{"@id":"https:\/\/nikkaluokta.com\/de\/#\/schema\/logo\/image\/"},"sameAs":["https:\/\/www.facebook.com\/Nikkaluoktasarri\/","https:\/\/www.instagram.com\/nikkaluoktasarri\/"]}]}},"_links":{"self":[{"href":"https:\/\/nikkaluokta.com\/de\/wp-json\/wp\/v2\/pages\/907","targetHints":{"allow":["GET"]}}],"collection":[{"href":"https:\/\/nikkaluokta.com\/de\/wp-json\/wp\/v2\/pages"}],"about":[{"href":"https:\/\/nikkaluokta.com\/de\/wp-json\/wp\/v2\/types\/page"}],"author":[{"embeddable":true,"href":"https:\/\/nikkaluokta.com\/de\/wp-json\/wp\/v2\/users\/1"}],"replies":[{"embeddable":true,"href":"https:\/\/nikkaluokta.com\/de\/wp-json\/wp\/v2\/comments?post=907"}],"version-history":[{"count":3,"href":"https:\/\/nikkaluokta.com\/de\/wp-json\/wp\/v2\/pages\/907\/revisions"}],"predecessor-version":[{"id":1403,"href":"https:\/\/nikkaluokta.com\/de\/wp-json\/wp\/v2\/pages\/907\/revisions\/1403"}],"up":[{"embeddable":true,"href":"https:\/\/nikkaluokta.com\/de\/wp-json\/wp\/v2\/pages\/288"}],"wp:attachment":[{"href":"https:\/\/nikkaluokta.com\/de\/wp-json\/wp\/v2\/media?parent=907"}],"curies":[{"name":"wp","href":"https:\/\/api.w.org\/{rel}","templated":true}]}}