{"id":290,"date":"2014-03-12T18:13:56","date_gmt":"2014-03-12T17:13:56","guid":{"rendered":"http:\/\/nikkaluokta.com.loopiadns.com\/en\/sami-cuisine"},"modified":"2016-12-18T09:14:08","modified_gmt":"2016-12-18T08:14:08","slug":"sami-cuisine","status":"publish","type":"page","link":"https:\/\/nikkaluokta.com\/en\/food-and-drink\/sami-cuisine","title":{"rendered":"S\u00e1mi cuisine"},"content":{"rendered":"<h1>S\u00e1mi cuisine in the heart of S\u00e1pmi<\/h1>\n<p>The S\u00e1mi food culture is very old and distinct. We care for the traditional cooking methods and traditional recipes and make a modern version.<\/p>\n<p>Here are some of our classical S\u00e1mi dishes<\/p>\n<p><strong>L\u00e1ibbi<\/strong> \u2013 a white bread, made to be tough so it won\u2019t crumble in your back pack.<\/p>\n<p><strong>Guoike bierggu<\/strong> \u2013 salted, smoked and dried reindeer meat carved and eaten with the knife.<\/p>\n<p><strong>Suovas<\/strong> \u2013 salted and smoked reindeer meat, quickly fried before served.<\/p>\n<p><strong>Renkok<\/strong> \u2013 reindeer meat cooked with blood and marrows.<\/p>\n<p>We are deeply involved in a project to revive and preserve S\u00e1mi cuisine. We are all for high quality products from reindeer, wild meat etc. and support S\u00e1mi producers that commit to quality and traditions.<\/p>\n<p>Taste S\u00e1pmi!<\/p>\n","protected":false},"excerpt":{"rendered":"<p>S\u00e1mi cuisine in the heart of S\u00e1pmi The S\u00e1mi food culture is very old and distinct. We care for the traditional cooking methods and traditional recipes and make a modern version. Here are some of our classical S\u00e1mi dishes L\u00e1ibbi \u2013 a white bread, made to be tough so it won\u2019t crumble in your back<\/p>\n<a href=\"https:\/\/nikkaluokta.com\/en\/food-and-drink\/sami-cuisine\" class=\"sohohotel-more-link\">Read More<i class=\"fa fa-angle-right\"><\/i><\/a>","protected":false},"author":1,"featured_media":0,"parent":301,"menu_order":6,"comment_status":"closed","ping_status":"closed","template":"","meta":{"footnotes":""},"class_list":["post-290","page","type-page","status-publish","hentry"],"yoast_head":"<!-- This site is optimized with the Yoast SEO plugin v27.5 - https:\/\/yoast.com\/product\/yoast-seo-wordpress\/ -->\n<title>S\u00e1mi cuisine - Nikkaluokta.com<\/title>\n<meta name=\"robots\" content=\"index, follow, max-snippet:-1, max-image-preview:large, max-video-preview:-1\" \/>\n<link rel=\"canonical\" href=\"https:\/\/nikkaluokta.com\/en\/food-and-drink\/sami-cuisine\" \/>\n<meta property=\"og:locale\" content=\"en_US\" \/>\n<meta property=\"og:type\" content=\"article\" \/>\n<meta property=\"og:title\" content=\"S\u00e1mi cuisine - Nikkaluokta.com\" \/>\n<meta property=\"og:description\" content=\"S\u00e1mi cuisine in the heart of S\u00e1pmi The S\u00e1mi food culture is very old and distinct. We care for the traditional cooking methods and traditional recipes and make a modern version. Here are some of our classical S\u00e1mi dishes L\u00e1ibbi \u2013 a white bread, made to be tough so it won\u2019t crumble in your back\" \/>\n<meta property=\"og:url\" content=\"https:\/\/nikkaluokta.com\/en\/food-and-drink\/sami-cuisine\" \/>\n<meta property=\"og:site_name\" content=\"Nikkaluokta.com\" \/>\n<meta property=\"article:publisher\" content=\"https:\/\/www.facebook.com\/Nikkaluoktasarri\/\" \/>\n<meta property=\"article:modified_time\" content=\"2016-12-18T08:14:08+00:00\" \/>\n<meta property=\"og:image\" content=\"https:\/\/media.nikkaluokta.com\/2016\/02\/MG_5672.jpg\" \/>\n\t<meta property=\"og:image:width\" content=\"1000\" \/>\n\t<meta property=\"og:image:height\" content=\"562\" \/>\n\t<meta property=\"og:image:type\" content=\"image\/jpeg\" \/>\n<meta name=\"twitter:card\" content=\"summary_large_image\" \/>\n<meta name=\"twitter:label1\" content=\"Est. reading time\" \/>\n\t<meta name=\"twitter:data1\" content=\"1 minute\" \/>\n<script type=\"application\/ld+json\" class=\"yoast-schema-graph\">{\"@context\":\"https:\\\/\\\/schema.org\",\"@graph\":[{\"@type\":\"WebPage\",\"@id\":\"https:\\\/\\\/nikkaluokta.com\\\/en\\\/food-and-drink\\\/sami-cuisine\",\"url\":\"https:\\\/\\\/nikkaluokta.com\\\/en\\\/food-and-drink\\\/sami-cuisine\",\"name\":\"S\u00e1mi cuisine - Nikkaluokta.com\",\"isPartOf\":{\"@id\":\"https:\\\/\\\/nikkaluokta.com\\\/de\\\/#website\"},\"datePublished\":\"2014-03-12T17:13:56+00:00\",\"dateModified\":\"2016-12-18T08:14:08+00:00\",\"breadcrumb\":{\"@id\":\"https:\\\/\\\/nikkaluokta.com\\\/en\\\/food-and-drink\\\/sami-cuisine#breadcrumb\"},\"inLanguage\":\"en-US\",\"potentialAction\":[{\"@type\":\"ReadAction\",\"target\":[\"https:\\\/\\\/nikkaluokta.com\\\/en\\\/food-and-drink\\\/sami-cuisine\"]}]},{\"@type\":\"BreadcrumbList\",\"@id\":\"https:\\\/\\\/nikkaluokta.com\\\/en\\\/food-and-drink\\\/sami-cuisine#breadcrumb\",\"itemListElement\":[{\"@type\":\"ListItem\",\"position\":1,\"name\":\"Home\",\"item\":\"https:\\\/\\\/nikkaluokta.com\\\/en\"},{\"@type\":\"ListItem\",\"position\":2,\"name\":\"Food and Drink\",\"item\":\"https:\\\/\\\/nikkaluokta.com\\\/en\\\/food-and-drink\"},{\"@type\":\"ListItem\",\"position\":3,\"name\":\"S\u00e1mi cuisine\"}]},{\"@type\":\"WebSite\",\"@id\":\"https:\\\/\\\/nikkaluokta.com\\\/de\\\/#website\",\"url\":\"https:\\\/\\\/nikkaluokta.com\\\/de\\\/\",\"name\":\"Nikkaluokta.com\",\"description\":\"Gateway to the mountains\",\"publisher\":{\"@id\":\"https:\\\/\\\/nikkaluokta.com\\\/de\\\/#organization\"},\"potentialAction\":[{\"@type\":\"SearchAction\",\"target\":{\"@type\":\"EntryPoint\",\"urlTemplate\":\"https:\\\/\\\/nikkaluokta.com\\\/de\\\/?s={search_term_string}\"},\"query-input\":{\"@type\":\"PropertyValueSpecification\",\"valueRequired\":true,\"valueName\":\"search_term_string\"}}],\"inLanguage\":\"en-US\"},{\"@type\":\"Organization\",\"@id\":\"https:\\\/\\\/nikkaluokta.com\\\/de\\\/#organization\",\"name\":\"Nikkaluokta Sarri AB\",\"url\":\"https:\\\/\\\/nikkaluokta.com\\\/de\\\/\",\"logo\":{\"@type\":\"ImageObject\",\"inLanguage\":\"en-US\",\"@id\":\"https:\\\/\\\/nikkaluokta.com\\\/de\\\/#\\\/schema\\\/logo\\\/image\\\/\",\"url\":\"https:\\\/\\\/media.nikkaluokta.com\\\/2019\\\/01\\\/Nikkaluokta-transp-logo.png\",\"contentUrl\":\"https:\\\/\\\/media.nikkaluokta.com\\\/2019\\\/01\\\/Nikkaluokta-transp-logo.png\",\"width\":800,\"height\":149,\"caption\":\"Nikkaluokta Sarri AB\"},\"image\":{\"@id\":\"https:\\\/\\\/nikkaluokta.com\\\/de\\\/#\\\/schema\\\/logo\\\/image\\\/\"},\"sameAs\":[\"https:\\\/\\\/www.facebook.com\\\/Nikkaluoktasarri\\\/\",\"https:\\\/\\\/www.instagram.com\\\/nikkaluoktasarri\\\/\"]}]}<\/script>\n<!-- \/ Yoast SEO plugin. -->","yoast_head_json":{"title":"S\u00e1mi cuisine - Nikkaluokta.com","robots":{"index":"index","follow":"follow","max-snippet":"max-snippet:-1","max-image-preview":"max-image-preview:large","max-video-preview":"max-video-preview:-1"},"canonical":"https:\/\/nikkaluokta.com\/en\/food-and-drink\/sami-cuisine","og_locale":"en_US","og_type":"article","og_title":"S\u00e1mi cuisine - Nikkaluokta.com","og_description":"S\u00e1mi cuisine in the heart of S\u00e1pmi The S\u00e1mi food culture is very old and distinct. We care for the traditional cooking methods and traditional recipes and make a modern version. Here are some of our classical S\u00e1mi dishes L\u00e1ibbi \u2013 a white bread, made to be tough so it won\u2019t crumble in your back","og_url":"https:\/\/nikkaluokta.com\/en\/food-and-drink\/sami-cuisine","og_site_name":"Nikkaluokta.com","article_publisher":"https:\/\/www.facebook.com\/Nikkaluoktasarri\/","article_modified_time":"2016-12-18T08:14:08+00:00","og_image":[{"width":1000,"height":562,"url":"https:\/\/media.nikkaluokta.com\/2016\/02\/MG_5672.jpg","type":"image\/jpeg"}],"twitter_card":"summary_large_image","twitter_misc":{"Est. reading time":"1 minute"},"schema":{"@context":"https:\/\/schema.org","@graph":[{"@type":"WebPage","@id":"https:\/\/nikkaluokta.com\/en\/food-and-drink\/sami-cuisine","url":"https:\/\/nikkaluokta.com\/en\/food-and-drink\/sami-cuisine","name":"S\u00e1mi cuisine - Nikkaluokta.com","isPartOf":{"@id":"https:\/\/nikkaluokta.com\/de\/#website"},"datePublished":"2014-03-12T17:13:56+00:00","dateModified":"2016-12-18T08:14:08+00:00","breadcrumb":{"@id":"https:\/\/nikkaluokta.com\/en\/food-and-drink\/sami-cuisine#breadcrumb"},"inLanguage":"en-US","potentialAction":[{"@type":"ReadAction","target":["https:\/\/nikkaluokta.com\/en\/food-and-drink\/sami-cuisine"]}]},{"@type":"BreadcrumbList","@id":"https:\/\/nikkaluokta.com\/en\/food-and-drink\/sami-cuisine#breadcrumb","itemListElement":[{"@type":"ListItem","position":1,"name":"Home","item":"https:\/\/nikkaluokta.com\/en"},{"@type":"ListItem","position":2,"name":"Food and Drink","item":"https:\/\/nikkaluokta.com\/en\/food-and-drink"},{"@type":"ListItem","position":3,"name":"S\u00e1mi cuisine"}]},{"@type":"WebSite","@id":"https:\/\/nikkaluokta.com\/de\/#website","url":"https:\/\/nikkaluokta.com\/de\/","name":"Nikkaluokta.com","description":"Gateway to the mountains","publisher":{"@id":"https:\/\/nikkaluokta.com\/de\/#organization"},"potentialAction":[{"@type":"SearchAction","target":{"@type":"EntryPoint","urlTemplate":"https:\/\/nikkaluokta.com\/de\/?s={search_term_string}"},"query-input":{"@type":"PropertyValueSpecification","valueRequired":true,"valueName":"search_term_string"}}],"inLanguage":"en-US"},{"@type":"Organization","@id":"https:\/\/nikkaluokta.com\/de\/#organization","name":"Nikkaluokta Sarri AB","url":"https:\/\/nikkaluokta.com\/de\/","logo":{"@type":"ImageObject","inLanguage":"en-US","@id":"https:\/\/nikkaluokta.com\/de\/#\/schema\/logo\/image\/","url":"https:\/\/media.nikkaluokta.com\/2019\/01\/Nikkaluokta-transp-logo.png","contentUrl":"https:\/\/media.nikkaluokta.com\/2019\/01\/Nikkaluokta-transp-logo.png","width":800,"height":149,"caption":"Nikkaluokta Sarri AB"},"image":{"@id":"https:\/\/nikkaluokta.com\/de\/#\/schema\/logo\/image\/"},"sameAs":["https:\/\/www.facebook.com\/Nikkaluoktasarri\/","https:\/\/www.instagram.com\/nikkaluoktasarri\/"]}]}},"_links":{"self":[{"href":"https:\/\/nikkaluokta.com\/en\/wp-json\/wp\/v2\/pages\/290","targetHints":{"allow":["GET"]}}],"collection":[{"href":"https:\/\/nikkaluokta.com\/en\/wp-json\/wp\/v2\/pages"}],"about":[{"href":"https:\/\/nikkaluokta.com\/en\/wp-json\/wp\/v2\/types\/page"}],"author":[{"embeddable":true,"href":"https:\/\/nikkaluokta.com\/en\/wp-json\/wp\/v2\/users\/1"}],"replies":[{"embeddable":true,"href":"https:\/\/nikkaluokta.com\/en\/wp-json\/wp\/v2\/comments?post=290"}],"version-history":[{"count":1,"href":"https:\/\/nikkaluokta.com\/en\/wp-json\/wp\/v2\/pages\/290\/revisions"}],"predecessor-version":[{"id":770,"href":"https:\/\/nikkaluokta.com\/en\/wp-json\/wp\/v2\/pages\/290\/revisions\/770"}],"up":[{"embeddable":true,"href":"https:\/\/nikkaluokta.com\/en\/wp-json\/wp\/v2\/pages\/301"}],"wp:attachment":[{"href":"https:\/\/nikkaluokta.com\/en\/wp-json\/wp\/v2\/media?parent=290"}],"curies":[{"name":"wp","href":"https:\/\/api.w.org\/{rel}","templated":true}]}}