{"id":651,"date":"2016-02-02T19:27:19","date_gmt":"2016-02-02T18:27:19","guid":{"rendered":"http:\/\/nikkaluokta.com.loopiadns.com\/en\/?page_id=651"},"modified":"2018-07-05T18:06:25","modified_gmt":"2018-07-05T16:06:25","slug":"gallery-skaidi","status":"publish","type":"page","link":"https:\/\/nikkaluokta.com\/en\/shop-gallery\/gallery-skaidi","title":{"rendered":"Gallery Sk\u00e1idi"},"content":{"rendered":"<h2><img loading=\"lazy\" decoding=\"async\" class=\"aligncenter size-st_medium wp-image-1282\" src=\"http:\/\/nikkaluokta.com\/wp-content\/uploads\/2016\/04\/MG_0760-642x335.jpg\" alt=\"_MG_0760\" width=\"642\" height=\"335\" \/><\/h2>\n<h2>Sk\u00e1idi eatnamat \u2013 is S\u00e1mi and means land between rivers.<\/h2>\n<p>In the S\u00e1mi culture the land has a special meaning and importance. Therefore we have named our art gallery Sk\u00e1idi eatnamat.<\/p>\n<p>Photography, art or design \u2013 every art form can give you an unexpected encounter with the soul of the land. Artists can be S\u00e1mi, Swedish or from all over the world.<\/p>\n<p>S\u00e1mi art and handicraft have quite a few distinguished practitioners that we are proud of. Some exhibit with us like Lars Pirak, Perlsak Juuso, Ulrika Tapio, Barbro Poggats, HansRagnar Mathisen and Lena Stenberg.<\/p>\n<p>We also arrange cultural events within theater, music and poetry. Among others we have had<\/p>\n<p>\u00c0illohas NilsAslak Walkeap\u00e4\u00e4 \u2013 S\u00e1mi poetry<br \/>\nAnnaMaria Blind \u2013 S\u00e1mi story teller<br \/>\n\u00c5sa Simma-Charles \u2013 S\u00e1mi theater<br \/>\nLarsAnte Kuhmunen &#8211; joik (traditional S\u00e1mi singing) .<\/p>\n<p>Exhibitions 2018<\/p>\n<p>1\/4 &#8211; 6\/5 Ulf Jonsson Photography The Sky, Aurora &amp; Starscape<\/p>\n","protected":false},"excerpt":{"rendered":"<p>Sk\u00e1idi eatnamat \u2013 is S\u00e1mi and means land between rivers. In the S\u00e1mi culture the land has a special meaning and importance. Therefore we have named our art gallery Sk\u00e1idi eatnamat. Photography, art or design \u2013 every art form can give you an unexpected encounter with the soul of the land. Artists can be S\u00e1mi,<\/p>\n<a href=\"https:\/\/nikkaluokta.com\/en\/shop-gallery\/gallery-skaidi\" class=\"sohohotel-more-link\">Read More<i class=\"fa fa-angle-right\"><\/i><\/a>","protected":false},"author":1,"featured_media":0,"parent":275,"menu_order":0,"comment_status":"closed","ping_status":"closed","template":"","meta":{"footnotes":""},"class_list":["post-651","page","type-page","status-publish","hentry"],"yoast_head":"<!-- This site is optimized with the Yoast SEO plugin v27.4 - https:\/\/yoast.com\/product\/yoast-seo-wordpress\/ -->\n<title>Gallery Sk\u00e1idi - Nikkaluokta.com<\/title>\n<meta name=\"robots\" content=\"index, follow, max-snippet:-1, max-image-preview:large, max-video-preview:-1\" \/>\n<link rel=\"canonical\" href=\"https:\/\/nikkaluokta.com\/en\/shop-gallery\/gallery-skaidi\" \/>\n<meta property=\"og:locale\" content=\"en_US\" \/>\n<meta property=\"og:type\" content=\"article\" \/>\n<meta property=\"og:title\" content=\"Gallery Sk\u00e1idi - Nikkaluokta.com\" \/>\n<meta property=\"og:description\" content=\"Sk\u00e1idi eatnamat \u2013 is S\u00e1mi and means land between rivers. In the S\u00e1mi culture the land has a special meaning and importance. Therefore we have named our art gallery Sk\u00e1idi eatnamat. Photography, art or design \u2013 every art form can give you an unexpected encounter with the soul of the land. Artists can be S\u00e1mi,\" \/>\n<meta property=\"og:url\" content=\"https:\/\/nikkaluokta.com\/en\/shop-gallery\/gallery-skaidi\" \/>\n<meta property=\"og:site_name\" content=\"Nikkaluokta.com\" \/>\n<meta property=\"article:publisher\" content=\"https:\/\/www.facebook.com\/Nikkaluoktasarri\/\" \/>\n<meta property=\"article:modified_time\" content=\"2018-07-05T16:06:25+00:00\" \/>\n<meta property=\"og:image\" content=\"http:\/\/nikkaluokta.com\/wp-content\/uploads\/2016\/04\/MG_0760-642x335.jpg\" \/>\n<meta name=\"twitter:card\" content=\"summary_large_image\" \/>\n<meta name=\"twitter:label1\" content=\"Est. reading time\" \/>\n\t<meta name=\"twitter:data1\" content=\"1 minute\" \/>\n<script type=\"application\/ld+json\" class=\"yoast-schema-graph\">{\"@context\":\"https:\\\/\\\/schema.org\",\"@graph\":[{\"@type\":\"WebPage\",\"@id\":\"https:\\\/\\\/nikkaluokta.com\\\/en\\\/shop-gallery\\\/gallery-skaidi\",\"url\":\"https:\\\/\\\/nikkaluokta.com\\\/en\\\/shop-gallery\\\/gallery-skaidi\",\"name\":\"Gallery Sk\u00e1idi - Nikkaluokta.com\",\"isPartOf\":{\"@id\":\"https:\\\/\\\/nikkaluokta.com\\\/de\\\/#website\"},\"primaryImageOfPage\":{\"@id\":\"https:\\\/\\\/nikkaluokta.com\\\/en\\\/shop-gallery\\\/gallery-skaidi#primaryimage\"},\"image\":{\"@id\":\"https:\\\/\\\/nikkaluokta.com\\\/en\\\/shop-gallery\\\/gallery-skaidi#primaryimage\"},\"thumbnailUrl\":\"http:\\\/\\\/nikkaluokta.com\\\/wp-content\\\/uploads\\\/2016\\\/04\\\/MG_0760-642x335.jpg\",\"datePublished\":\"2016-02-02T18:27:19+00:00\",\"dateModified\":\"2018-07-05T16:06:25+00:00\",\"breadcrumb\":{\"@id\":\"https:\\\/\\\/nikkaluokta.com\\\/en\\\/shop-gallery\\\/gallery-skaidi#breadcrumb\"},\"inLanguage\":\"en-US\",\"potentialAction\":[{\"@type\":\"ReadAction\",\"target\":[\"https:\\\/\\\/nikkaluokta.com\\\/en\\\/shop-gallery\\\/gallery-skaidi\"]}]},{\"@type\":\"ImageObject\",\"inLanguage\":\"en-US\",\"@id\":\"https:\\\/\\\/nikkaluokta.com\\\/en\\\/shop-gallery\\\/gallery-skaidi#primaryimage\",\"url\":\"http:\\\/\\\/nikkaluokta.com\\\/wp-content\\\/uploads\\\/2016\\\/04\\\/MG_0760-642x335.jpg\",\"contentUrl\":\"http:\\\/\\\/nikkaluokta.com\\\/wp-content\\\/uploads\\\/2016\\\/04\\\/MG_0760-642x335.jpg\"},{\"@type\":\"BreadcrumbList\",\"@id\":\"https:\\\/\\\/nikkaluokta.com\\\/en\\\/shop-gallery\\\/gallery-skaidi#breadcrumb\",\"itemListElement\":[{\"@type\":\"ListItem\",\"position\":1,\"name\":\"Home\",\"item\":\"https:\\\/\\\/nikkaluokta.com\\\/en\"},{\"@type\":\"ListItem\",\"position\":2,\"name\":\"Shop &#038; Gallery\",\"item\":\"https:\\\/\\\/nikkaluokta.com\\\/en\\\/shop-gallery\"},{\"@type\":\"ListItem\",\"position\":3,\"name\":\"Gallery Sk\u00e1idi\"}]},{\"@type\":\"WebSite\",\"@id\":\"https:\\\/\\\/nikkaluokta.com\\\/de\\\/#website\",\"url\":\"https:\\\/\\\/nikkaluokta.com\\\/de\\\/\",\"name\":\"Nikkaluokta.com\",\"description\":\"Gateway to the mountains\",\"publisher\":{\"@id\":\"https:\\\/\\\/nikkaluokta.com\\\/de\\\/#organization\"},\"potentialAction\":[{\"@type\":\"SearchAction\",\"target\":{\"@type\":\"EntryPoint\",\"urlTemplate\":\"https:\\\/\\\/nikkaluokta.com\\\/de\\\/?s={search_term_string}\"},\"query-input\":{\"@type\":\"PropertyValueSpecification\",\"valueRequired\":true,\"valueName\":\"search_term_string\"}}],\"inLanguage\":\"en-US\"},{\"@type\":\"Organization\",\"@id\":\"https:\\\/\\\/nikkaluokta.com\\\/de\\\/#organization\",\"name\":\"Nikkaluokta Sarri AB\",\"url\":\"https:\\\/\\\/nikkaluokta.com\\\/de\\\/\",\"logo\":{\"@type\":\"ImageObject\",\"inLanguage\":\"en-US\",\"@id\":\"https:\\\/\\\/nikkaluokta.com\\\/de\\\/#\\\/schema\\\/logo\\\/image\\\/\",\"url\":\"https:\\\/\\\/media.nikkaluokta.com\\\/2019\\\/01\\\/Nikkaluokta-transp-logo.png\",\"contentUrl\":\"https:\\\/\\\/media.nikkaluokta.com\\\/2019\\\/01\\\/Nikkaluokta-transp-logo.png\",\"width\":800,\"height\":149,\"caption\":\"Nikkaluokta Sarri AB\"},\"image\":{\"@id\":\"https:\\\/\\\/nikkaluokta.com\\\/de\\\/#\\\/schema\\\/logo\\\/image\\\/\"},\"sameAs\":[\"https:\\\/\\\/www.facebook.com\\\/Nikkaluoktasarri\\\/\",\"https:\\\/\\\/www.instagram.com\\\/nikkaluoktasarri\\\/\"]}]}<\/script>\n<!-- \/ Yoast SEO plugin. -->","yoast_head_json":{"title":"Gallery Sk\u00e1idi - Nikkaluokta.com","robots":{"index":"index","follow":"follow","max-snippet":"max-snippet:-1","max-image-preview":"max-image-preview:large","max-video-preview":"max-video-preview:-1"},"canonical":"https:\/\/nikkaluokta.com\/en\/shop-gallery\/gallery-skaidi","og_locale":"en_US","og_type":"article","og_title":"Gallery Sk\u00e1idi - Nikkaluokta.com","og_description":"Sk\u00e1idi eatnamat \u2013 is S\u00e1mi and means land between rivers. In the S\u00e1mi culture the land has a special meaning and importance. Therefore we have named our art gallery Sk\u00e1idi eatnamat. Photography, art or design \u2013 every art form can give you an unexpected encounter with the soul of the land. Artists can be S\u00e1mi,","og_url":"https:\/\/nikkaluokta.com\/en\/shop-gallery\/gallery-skaidi","og_site_name":"Nikkaluokta.com","article_publisher":"https:\/\/www.facebook.com\/Nikkaluoktasarri\/","article_modified_time":"2018-07-05T16:06:25+00:00","og_image":[{"url":"http:\/\/nikkaluokta.com\/wp-content\/uploads\/2016\/04\/MG_0760-642x335.jpg","type":"","width":"","height":""}],"twitter_card":"summary_large_image","twitter_misc":{"Est. reading time":"1 minute"},"schema":{"@context":"https:\/\/schema.org","@graph":[{"@type":"WebPage","@id":"https:\/\/nikkaluokta.com\/en\/shop-gallery\/gallery-skaidi","url":"https:\/\/nikkaluokta.com\/en\/shop-gallery\/gallery-skaidi","name":"Gallery Sk\u00e1idi - Nikkaluokta.com","isPartOf":{"@id":"https:\/\/nikkaluokta.com\/de\/#website"},"primaryImageOfPage":{"@id":"https:\/\/nikkaluokta.com\/en\/shop-gallery\/gallery-skaidi#primaryimage"},"image":{"@id":"https:\/\/nikkaluokta.com\/en\/shop-gallery\/gallery-skaidi#primaryimage"},"thumbnailUrl":"http:\/\/nikkaluokta.com\/wp-content\/uploads\/2016\/04\/MG_0760-642x335.jpg","datePublished":"2016-02-02T18:27:19+00:00","dateModified":"2018-07-05T16:06:25+00:00","breadcrumb":{"@id":"https:\/\/nikkaluokta.com\/en\/shop-gallery\/gallery-skaidi#breadcrumb"},"inLanguage":"en-US","potentialAction":[{"@type":"ReadAction","target":["https:\/\/nikkaluokta.com\/en\/shop-gallery\/gallery-skaidi"]}]},{"@type":"ImageObject","inLanguage":"en-US","@id":"https:\/\/nikkaluokta.com\/en\/shop-gallery\/gallery-skaidi#primaryimage","url":"http:\/\/nikkaluokta.com\/wp-content\/uploads\/2016\/04\/MG_0760-642x335.jpg","contentUrl":"http:\/\/nikkaluokta.com\/wp-content\/uploads\/2016\/04\/MG_0760-642x335.jpg"},{"@type":"BreadcrumbList","@id":"https:\/\/nikkaluokta.com\/en\/shop-gallery\/gallery-skaidi#breadcrumb","itemListElement":[{"@type":"ListItem","position":1,"name":"Home","item":"https:\/\/nikkaluokta.com\/en"},{"@type":"ListItem","position":2,"name":"Shop &#038; Gallery","item":"https:\/\/nikkaluokta.com\/en\/shop-gallery"},{"@type":"ListItem","position":3,"name":"Gallery Sk\u00e1idi"}]},{"@type":"WebSite","@id":"https:\/\/nikkaluokta.com\/de\/#website","url":"https:\/\/nikkaluokta.com\/de\/","name":"Nikkaluokta.com","description":"Gateway to the mountains","publisher":{"@id":"https:\/\/nikkaluokta.com\/de\/#organization"},"potentialAction":[{"@type":"SearchAction","target":{"@type":"EntryPoint","urlTemplate":"https:\/\/nikkaluokta.com\/de\/?s={search_term_string}"},"query-input":{"@type":"PropertyValueSpecification","valueRequired":true,"valueName":"search_term_string"}}],"inLanguage":"en-US"},{"@type":"Organization","@id":"https:\/\/nikkaluokta.com\/de\/#organization","name":"Nikkaluokta Sarri AB","url":"https:\/\/nikkaluokta.com\/de\/","logo":{"@type":"ImageObject","inLanguage":"en-US","@id":"https:\/\/nikkaluokta.com\/de\/#\/schema\/logo\/image\/","url":"https:\/\/media.nikkaluokta.com\/2019\/01\/Nikkaluokta-transp-logo.png","contentUrl":"https:\/\/media.nikkaluokta.com\/2019\/01\/Nikkaluokta-transp-logo.png","width":800,"height":149,"caption":"Nikkaluokta Sarri AB"},"image":{"@id":"https:\/\/nikkaluokta.com\/de\/#\/schema\/logo\/image\/"},"sameAs":["https:\/\/www.facebook.com\/Nikkaluoktasarri\/","https:\/\/www.instagram.com\/nikkaluoktasarri\/"]}]}},"_links":{"self":[{"href":"https:\/\/nikkaluokta.com\/en\/wp-json\/wp\/v2\/pages\/651","targetHints":{"allow":["GET"]}}],"collection":[{"href":"https:\/\/nikkaluokta.com\/en\/wp-json\/wp\/v2\/pages"}],"about":[{"href":"https:\/\/nikkaluokta.com\/en\/wp-json\/wp\/v2\/types\/page"}],"author":[{"embeddable":true,"href":"https:\/\/nikkaluokta.com\/en\/wp-json\/wp\/v2\/users\/1"}],"replies":[{"embeddable":true,"href":"https:\/\/nikkaluokta.com\/en\/wp-json\/wp\/v2\/comments?post=651"}],"version-history":[{"count":7,"href":"https:\/\/nikkaluokta.com\/en\/wp-json\/wp\/v2\/pages\/651\/revisions"}],"predecessor-version":[{"id":1823,"href":"https:\/\/nikkaluokta.com\/en\/wp-json\/wp\/v2\/pages\/651\/revisions\/1823"}],"up":[{"embeddable":true,"href":"https:\/\/nikkaluokta.com\/en\/wp-json\/wp\/v2\/pages\/275"}],"wp:attachment":[{"href":"https:\/\/nikkaluokta.com\/en\/wp-json\/wp\/v2\/media?parent=651"}],"curies":[{"name":"wp","href":"https:\/\/api.w.org\/{rel}","templated":true}]}}