{"id":653,"date":"2016-02-02T19:28:08","date_gmt":"2016-02-02T18:28:08","guid":{"rendered":"http:\/\/nikkaluokta.com.loopiadns.com\/en\/?page_id=653"},"modified":"2016-12-18T09:32:22","modified_gmt":"2016-12-18T08:32:22","slug":"shop","status":"publish","type":"page","link":"https:\/\/nikkaluokta.com\/en\/shop-gallery\/shop","title":{"rendered":"Shop"},"content":{"rendered":"<p><img loading=\"lazy\" decoding=\"async\" class=\"aligncenter size-st_medium wp-image-1290\" src=\"http:\/\/nikkaluokta.com\/wp-content\/uploads\/2016\/04\/MG_0821-642x335.jpg\" alt=\"_MG_0821\" width=\"642\" height=\"335\" \/><\/p>\n<p>In our shop there is a mix of practical and beautiful things. S\u00e1mi handicraft, art and design. For your hike we have maps, equipment for the outdoors, some provisions and fuel for cookers etc.<\/p>\n<p><strong>S\u00e1mi design<\/strong><br \/>\nBeing S\u00e1mi we value S\u00e1mi handicraft and design. We keep updated on trends in S\u00e1mi handicraft, design and fashion.<\/p>\n<p>The S\u00e1mi handicraft that we have are mostly in the local area, but we also have handicrafts from other parts of S\u00e1pmi.<\/p>\n<p><strong>Outdoors equipment and food<\/strong><br \/>\nAlways have the proper mountain map when you are heading into the mountains. Here we use BD6, BD8 and the Swedish alpine map.<\/p>\n<p>We have a small range of provisions so you can complement or buy essential food before your mountain tour.<\/p>\n<p>We also sell outdoors equipment like Primus gas, clothes from top class outdoors cloth manufacturers like Hagl\u00f6fs, Fj\u00e4llr\u00e4ven and, Hestra.<\/p>\n<p>There are some hygiene articles and a number of smaller things we have seen hikers need.<\/p>\n<p><strong>Handicraft, literature and music<\/strong><br \/>\nWe have a large selection of jewelry and traditional handicraft made from wood, reindeer antlers, reindeer skins, silver and tins.<\/p>\n<p>The literature we sell is about S\u00e1mi culture and the mountains we live in.<\/p>\n<p>S\u00e1mi music is constantly evolving. We have CD: s with traditional S\u00e1mi joik as well as the latest from S\u00e1mi artists like Sofia Jannok and Simon Marainen.<\/p>\n","protected":false},"excerpt":{"rendered":"<p>In our shop there is a mix of practical and beautiful things. S\u00e1mi handicraft, art and design. For your hike we have maps, equipment for the outdoors, some provisions and fuel for cookers etc. S\u00e1mi design Being S\u00e1mi we value S\u00e1mi handicraft and design. We keep updated on trends in S\u00e1mi handicraft, design and fashion.<\/p>\n<a href=\"https:\/\/nikkaluokta.com\/en\/shop-gallery\/shop\" class=\"sohohotel-more-link\">Read More<i class=\"fa fa-angle-right\"><\/i><\/a>","protected":false},"author":1,"featured_media":0,"parent":275,"menu_order":0,"comment_status":"closed","ping_status":"closed","template":"","meta":{"footnotes":""},"class_list":["post-653","page","type-page","status-publish","hentry"],"yoast_head":"<!-- This site is optimized with the Yoast SEO plugin v27.5 - https:\/\/yoast.com\/product\/yoast-seo-wordpress\/ -->\n<title>Shop - Nikkaluokta.com<\/title>\n<meta name=\"robots\" content=\"index, follow, max-snippet:-1, max-image-preview:large, max-video-preview:-1\" \/>\n<link rel=\"canonical\" href=\"https:\/\/nikkaluokta.com\/en\/shop-gallery\/shop\" \/>\n<meta property=\"og:locale\" content=\"en_US\" \/>\n<meta property=\"og:type\" content=\"article\" \/>\n<meta property=\"og:title\" content=\"Shop - Nikkaluokta.com\" \/>\n<meta property=\"og:description\" content=\"In our shop there is a mix of practical and beautiful things. S\u00e1mi handicraft, art and design. For your hike we have maps, equipment for the outdoors, some provisions and fuel for cookers etc. S\u00e1mi design Being S\u00e1mi we value S\u00e1mi handicraft and design. We keep updated on trends in S\u00e1mi handicraft, design and fashion.\" \/>\n<meta property=\"og:url\" content=\"https:\/\/nikkaluokta.com\/en\/shop-gallery\/shop\" \/>\n<meta property=\"og:site_name\" content=\"Nikkaluokta.com\" \/>\n<meta property=\"article:publisher\" content=\"https:\/\/www.facebook.com\/Nikkaluoktasarri\/\" \/>\n<meta property=\"article:modified_time\" content=\"2016-12-18T08:32:22+00:00\" \/>\n<meta property=\"og:image\" content=\"http:\/\/nikkaluokta.com\/wp-content\/uploads\/2016\/04\/MG_0821-642x335.jpg\" \/>\n<meta name=\"twitter:card\" content=\"summary_large_image\" \/>\n<meta name=\"twitter:label1\" content=\"Est. reading time\" \/>\n\t<meta name=\"twitter:data1\" content=\"1 minute\" \/>\n<script type=\"application\/ld+json\" class=\"yoast-schema-graph\">{\"@context\":\"https:\\\/\\\/schema.org\",\"@graph\":[{\"@type\":\"WebPage\",\"@id\":\"https:\\\/\\\/nikkaluokta.com\\\/en\\\/shop-gallery\\\/shop\",\"url\":\"https:\\\/\\\/nikkaluokta.com\\\/en\\\/shop-gallery\\\/shop\",\"name\":\"Shop - Nikkaluokta.com\",\"isPartOf\":{\"@id\":\"https:\\\/\\\/nikkaluokta.com\\\/de\\\/#website\"},\"primaryImageOfPage\":{\"@id\":\"https:\\\/\\\/nikkaluokta.com\\\/en\\\/shop-gallery\\\/shop#primaryimage\"},\"image\":{\"@id\":\"https:\\\/\\\/nikkaluokta.com\\\/en\\\/shop-gallery\\\/shop#primaryimage\"},\"thumbnailUrl\":\"http:\\\/\\\/nikkaluokta.com\\\/wp-content\\\/uploads\\\/2016\\\/04\\\/MG_0821-642x335.jpg\",\"datePublished\":\"2016-02-02T18:28:08+00:00\",\"dateModified\":\"2016-12-18T08:32:22+00:00\",\"breadcrumb\":{\"@id\":\"https:\\\/\\\/nikkaluokta.com\\\/en\\\/shop-gallery\\\/shop#breadcrumb\"},\"inLanguage\":\"en-US\",\"potentialAction\":[{\"@type\":\"ReadAction\",\"target\":[\"https:\\\/\\\/nikkaluokta.com\\\/en\\\/shop-gallery\\\/shop\"]}]},{\"@type\":\"ImageObject\",\"inLanguage\":\"en-US\",\"@id\":\"https:\\\/\\\/nikkaluokta.com\\\/en\\\/shop-gallery\\\/shop#primaryimage\",\"url\":\"http:\\\/\\\/nikkaluokta.com\\\/wp-content\\\/uploads\\\/2016\\\/04\\\/MG_0821-642x335.jpg\",\"contentUrl\":\"http:\\\/\\\/nikkaluokta.com\\\/wp-content\\\/uploads\\\/2016\\\/04\\\/MG_0821-642x335.jpg\"},{\"@type\":\"BreadcrumbList\",\"@id\":\"https:\\\/\\\/nikkaluokta.com\\\/en\\\/shop-gallery\\\/shop#breadcrumb\",\"itemListElement\":[{\"@type\":\"ListItem\",\"position\":1,\"name\":\"Home\",\"item\":\"https:\\\/\\\/nikkaluokta.com\\\/en\"},{\"@type\":\"ListItem\",\"position\":2,\"name\":\"Shop &#038; Gallery\",\"item\":\"https:\\\/\\\/nikkaluokta.com\\\/en\\\/shop-gallery\"},{\"@type\":\"ListItem\",\"position\":3,\"name\":\"Shop\"}]},{\"@type\":\"WebSite\",\"@id\":\"https:\\\/\\\/nikkaluokta.com\\\/de\\\/#website\",\"url\":\"https:\\\/\\\/nikkaluokta.com\\\/de\\\/\",\"name\":\"Nikkaluokta.com\",\"description\":\"Gateway to the mountains\",\"publisher\":{\"@id\":\"https:\\\/\\\/nikkaluokta.com\\\/de\\\/#organization\"},\"potentialAction\":[{\"@type\":\"SearchAction\",\"target\":{\"@type\":\"EntryPoint\",\"urlTemplate\":\"https:\\\/\\\/nikkaluokta.com\\\/de\\\/?s={search_term_string}\"},\"query-input\":{\"@type\":\"PropertyValueSpecification\",\"valueRequired\":true,\"valueName\":\"search_term_string\"}}],\"inLanguage\":\"en-US\"},{\"@type\":\"Organization\",\"@id\":\"https:\\\/\\\/nikkaluokta.com\\\/de\\\/#organization\",\"name\":\"Nikkaluokta Sarri AB\",\"url\":\"https:\\\/\\\/nikkaluokta.com\\\/de\\\/\",\"logo\":{\"@type\":\"ImageObject\",\"inLanguage\":\"en-US\",\"@id\":\"https:\\\/\\\/nikkaluokta.com\\\/de\\\/#\\\/schema\\\/logo\\\/image\\\/\",\"url\":\"https:\\\/\\\/media.nikkaluokta.com\\\/2019\\\/01\\\/Nikkaluokta-transp-logo.png\",\"contentUrl\":\"https:\\\/\\\/media.nikkaluokta.com\\\/2019\\\/01\\\/Nikkaluokta-transp-logo.png\",\"width\":800,\"height\":149,\"caption\":\"Nikkaluokta Sarri AB\"},\"image\":{\"@id\":\"https:\\\/\\\/nikkaluokta.com\\\/de\\\/#\\\/schema\\\/logo\\\/image\\\/\"},\"sameAs\":[\"https:\\\/\\\/www.facebook.com\\\/Nikkaluoktasarri\\\/\",\"https:\\\/\\\/www.instagram.com\\\/nikkaluoktasarri\\\/\"]}]}<\/script>\n<!-- \/ Yoast SEO plugin. -->","yoast_head_json":{"title":"Shop - Nikkaluokta.com","robots":{"index":"index","follow":"follow","max-snippet":"max-snippet:-1","max-image-preview":"max-image-preview:large","max-video-preview":"max-video-preview:-1"},"canonical":"https:\/\/nikkaluokta.com\/en\/shop-gallery\/shop","og_locale":"en_US","og_type":"article","og_title":"Shop - Nikkaluokta.com","og_description":"In our shop there is a mix of practical and beautiful things. S\u00e1mi handicraft, art and design. For your hike we have maps, equipment for the outdoors, some provisions and fuel for cookers etc. S\u00e1mi design Being S\u00e1mi we value S\u00e1mi handicraft and design. We keep updated on trends in S\u00e1mi handicraft, design and fashion.","og_url":"https:\/\/nikkaluokta.com\/en\/shop-gallery\/shop","og_site_name":"Nikkaluokta.com","article_publisher":"https:\/\/www.facebook.com\/Nikkaluoktasarri\/","article_modified_time":"2016-12-18T08:32:22+00:00","og_image":[{"url":"http:\/\/nikkaluokta.com\/wp-content\/uploads\/2016\/04\/MG_0821-642x335.jpg","type":"","width":"","height":""}],"twitter_card":"summary_large_image","twitter_misc":{"Est. reading time":"1 minute"},"schema":{"@context":"https:\/\/schema.org","@graph":[{"@type":"WebPage","@id":"https:\/\/nikkaluokta.com\/en\/shop-gallery\/shop","url":"https:\/\/nikkaluokta.com\/en\/shop-gallery\/shop","name":"Shop - Nikkaluokta.com","isPartOf":{"@id":"https:\/\/nikkaluokta.com\/de\/#website"},"primaryImageOfPage":{"@id":"https:\/\/nikkaluokta.com\/en\/shop-gallery\/shop#primaryimage"},"image":{"@id":"https:\/\/nikkaluokta.com\/en\/shop-gallery\/shop#primaryimage"},"thumbnailUrl":"http:\/\/nikkaluokta.com\/wp-content\/uploads\/2016\/04\/MG_0821-642x335.jpg","datePublished":"2016-02-02T18:28:08+00:00","dateModified":"2016-12-18T08:32:22+00:00","breadcrumb":{"@id":"https:\/\/nikkaluokta.com\/en\/shop-gallery\/shop#breadcrumb"},"inLanguage":"en-US","potentialAction":[{"@type":"ReadAction","target":["https:\/\/nikkaluokta.com\/en\/shop-gallery\/shop"]}]},{"@type":"ImageObject","inLanguage":"en-US","@id":"https:\/\/nikkaluokta.com\/en\/shop-gallery\/shop#primaryimage","url":"http:\/\/nikkaluokta.com\/wp-content\/uploads\/2016\/04\/MG_0821-642x335.jpg","contentUrl":"http:\/\/nikkaluokta.com\/wp-content\/uploads\/2016\/04\/MG_0821-642x335.jpg"},{"@type":"BreadcrumbList","@id":"https:\/\/nikkaluokta.com\/en\/shop-gallery\/shop#breadcrumb","itemListElement":[{"@type":"ListItem","position":1,"name":"Home","item":"https:\/\/nikkaluokta.com\/en"},{"@type":"ListItem","position":2,"name":"Shop &#038; Gallery","item":"https:\/\/nikkaluokta.com\/en\/shop-gallery"},{"@type":"ListItem","position":3,"name":"Shop"}]},{"@type":"WebSite","@id":"https:\/\/nikkaluokta.com\/de\/#website","url":"https:\/\/nikkaluokta.com\/de\/","name":"Nikkaluokta.com","description":"Gateway to the mountains","publisher":{"@id":"https:\/\/nikkaluokta.com\/de\/#organization"},"potentialAction":[{"@type":"SearchAction","target":{"@type":"EntryPoint","urlTemplate":"https:\/\/nikkaluokta.com\/de\/?s={search_term_string}"},"query-input":{"@type":"PropertyValueSpecification","valueRequired":true,"valueName":"search_term_string"}}],"inLanguage":"en-US"},{"@type":"Organization","@id":"https:\/\/nikkaluokta.com\/de\/#organization","name":"Nikkaluokta Sarri AB","url":"https:\/\/nikkaluokta.com\/de\/","logo":{"@type":"ImageObject","inLanguage":"en-US","@id":"https:\/\/nikkaluokta.com\/de\/#\/schema\/logo\/image\/","url":"https:\/\/media.nikkaluokta.com\/2019\/01\/Nikkaluokta-transp-logo.png","contentUrl":"https:\/\/media.nikkaluokta.com\/2019\/01\/Nikkaluokta-transp-logo.png","width":800,"height":149,"caption":"Nikkaluokta Sarri AB"},"image":{"@id":"https:\/\/nikkaluokta.com\/de\/#\/schema\/logo\/image\/"},"sameAs":["https:\/\/www.facebook.com\/Nikkaluoktasarri\/","https:\/\/www.instagram.com\/nikkaluoktasarri\/"]}]}},"_links":{"self":[{"href":"https:\/\/nikkaluokta.com\/en\/wp-json\/wp\/v2\/pages\/653","targetHints":{"allow":["GET"]}}],"collection":[{"href":"https:\/\/nikkaluokta.com\/en\/wp-json\/wp\/v2\/pages"}],"about":[{"href":"https:\/\/nikkaluokta.com\/en\/wp-json\/wp\/v2\/types\/page"}],"author":[{"embeddable":true,"href":"https:\/\/nikkaluokta.com\/en\/wp-json\/wp\/v2\/users\/1"}],"replies":[{"embeddable":true,"href":"https:\/\/nikkaluokta.com\/en\/wp-json\/wp\/v2\/comments?post=653"}],"version-history":[{"count":2,"href":"https:\/\/nikkaluokta.com\/en\/wp-json\/wp\/v2\/pages\/653\/revisions"}],"predecessor-version":[{"id":1292,"href":"https:\/\/nikkaluokta.com\/en\/wp-json\/wp\/v2\/pages\/653\/revisions\/1292"}],"up":[{"embeddable":true,"href":"https:\/\/nikkaluokta.com\/en\/wp-json\/wp\/v2\/pages\/275"}],"wp:attachment":[{"href":"https:\/\/nikkaluokta.com\/en\/wp-json\/wp\/v2\/media?parent=653"}],"curies":[{"name":"wp","href":"https:\/\/api.w.org\/{rel}","templated":true}]}}