{"id":780,"date":"2016-02-07T09:47:00","date_gmt":"2016-02-07T08:47:00","guid":{"rendered":"http:\/\/nikkaluokta.com.loopiadns.com\/en\/?page_id=780"},"modified":"2016-05-04T11:02:57","modified_gmt":"2016-05-04T09:02:57","slug":"privacy-policy","status":"publish","type":"page","link":"https:\/\/nikkaluokta.com\/en\/privacy-policy","title":{"rendered":"Privacy Policy"},"content":{"rendered":"<p><strong>Personuppgifter<\/strong><\/p>\n<p>Nikkaluokta Sarri AB kommer inte att samla in n\u00e5gon personligt identifierbar information om dig via den h\u00e4r webbplatsen, till exempel namn, adress, telefonnummer eller e-postadresser, om du inte har l\u00e4mnat informationen till oss frivilligt. F\u00f6r att kunna besvara dina fr\u00e5gor eller uppfylla en beg\u00e4ran fr\u00e5n dig kan det vara n\u00f6dv\u00e4ndigt att fr\u00e5ga efter personlig information, till exempel namn, adress, e-postadress och telefonnummer. Nikkaluokta Sarri AB\u00a0kan anv\u00e4nda den h\u00e4r informationen f\u00f6r att svara p\u00e5 en beg\u00e4ran fr\u00e5n dig, eller f\u00f6r att kontakta dig via brev, e-post eller telefon i syfte att uppfylla din beg\u00e4ran. Semcon har inte f\u00f6r avsikt att nu eller i framtiden s\u00e4lja, hyra ut eller marknadsf\u00f6ra din personliga information till tredje part.<\/p>\n<p><strong>Cookies<\/strong><\/p>\n<p>N\u00e4r du visar nikkaluokta.com kan vi lagra information p\u00e5 din dator i form av en &#8220;cookie&#8221;. Med hj\u00e4lp av den h\u00e4r informationen kan vi m\u00e4ta webbplatsens aktivitet. Cookies kan visa tid och varaktighet f\u00f6r bes\u00f6ket, vilka sidor du bes\u00f6ker p\u00e5 v\u00e5ra webbplatser samt vilken webbplats som refererade dig till v\u00e5r webbplats.En cookie \u00e4r en liten textfil som sparas p\u00e5 din dator av webbplatsen du bes\u00f6ker. Cookies anv\u00e4nds av m\u00e5nga webbplatser f\u00f6r att ge bes\u00f6karen \u00e5tkomst till olika funktioner. Informationen i en cookie kan anv\u00e4ndas f\u00f6r att \u00f6vervaka anv\u00e4ndarens beteende p\u00e5 n\u00e4tet. Det finns tv\u00e5 typer av cookies. En typ av cookie sparar en fil under en l\u00e4ngre tid p\u00e5 din dator och anv\u00e4nds till exempel tillsammans med funktioner som beskriver vilken information som \u00e4r ny sedan du bes\u00f6kte just den sidan. Den andra typen av cookie, som \u00e4ven kallas f\u00f6r \u201dsessionscookie\u201d, sparas tillf\u00e4lligt i datorns minne under tiden som du bes\u00f6ker webbplatsen. En sessionscookie kan till exempel h\u00e5lla reda p\u00e5 vilket spr\u00e5k du har valt p\u00e5 webbplatsen. Sessionscookies sparas inte n\u00e5gon l\u00e4ngre tid, utan f\u00f6rsvinner n\u00e4r du st\u00e4nger webbl\u00e4saren.<\/p>\n<p>Nikkaluokta.com anv\u00e4nder cookies f\u00f6r att till exempel spara bes\u00f6ksstatistik.<\/p>\n<p><strong>Information om Licensierad Design<\/strong><\/p>\n<p>Icons used\u00a0by <a title=\"Freepik\" href=\"http:\/\/www.freepik.com\">Freepik<\/a> from <a title=\"Flaticon\" href=\"http:\/\/www.flaticon.com\">www.flaticon.com<\/a> are licensed by <a title=\"Creative Commons BY 3.0\" href=\"http:\/\/creativecommons.org\/licenses\/by\/3.0\/\">CC BY 3.0<\/a>.<\/p>\n","protected":false},"excerpt":{"rendered":"<p>Personuppgifter Nikkaluokta Sarri AB kommer inte att samla in n\u00e5gon personligt identifierbar information om dig via den h\u00e4r webbplatsen, till exempel namn, adress, telefonnummer eller e-postadresser, om du inte har l\u00e4mnat informationen till oss frivilligt. F\u00f6r att kunna besvara dina fr\u00e5gor eller uppfylla en beg\u00e4ran fr\u00e5n dig kan det vara n\u00f6dv\u00e4ndigt att fr\u00e5ga efter personlig<\/p>\n<a href=\"https:\/\/nikkaluokta.com\/en\/privacy-policy\" class=\"sohohotel-more-link\">Read More<i class=\"fa fa-angle-right\"><\/i><\/a>","protected":false},"author":1,"featured_media":0,"parent":0,"menu_order":0,"comment_status":"closed","ping_status":"closed","template":"","meta":{"footnotes":""},"class_list":["post-780","page","type-page","status-publish","hentry"],"yoast_head":"<!-- This site is optimized with the Yoast SEO plugin v27.5 - https:\/\/yoast.com\/product\/yoast-seo-wordpress\/ -->\n<title>Privacy Policy - Nikkaluokta.com<\/title>\n<meta name=\"robots\" content=\"index, follow, max-snippet:-1, max-image-preview:large, max-video-preview:-1\" \/>\n<link rel=\"canonical\" href=\"https:\/\/nikkaluokta.com\/en\/privacy-policy\" \/>\n<meta property=\"og:locale\" content=\"en_US\" \/>\n<meta property=\"og:type\" content=\"article\" \/>\n<meta property=\"og:title\" content=\"Privacy Policy - Nikkaluokta.com\" \/>\n<meta property=\"og:description\" content=\"Personuppgifter Nikkaluokta Sarri AB kommer inte att samla in n\u00e5gon personligt identifierbar information om dig via den h\u00e4r webbplatsen, till exempel namn, adress, telefonnummer eller e-postadresser, om du inte har l\u00e4mnat informationen till oss frivilligt. F\u00f6r att kunna besvara dina fr\u00e5gor eller uppfylla en beg\u00e4ran fr\u00e5n dig kan det vara n\u00f6dv\u00e4ndigt att fr\u00e5ga efter personlig\" \/>\n<meta property=\"og:url\" content=\"https:\/\/nikkaluokta.com\/en\/privacy-policy\" \/>\n<meta property=\"og:site_name\" content=\"Nikkaluokta.com\" \/>\n<meta property=\"article:publisher\" content=\"https:\/\/www.facebook.com\/Nikkaluoktasarri\/\" \/>\n<meta property=\"article:modified_time\" content=\"2016-05-04T09:02:57+00:00\" \/>\n<meta property=\"og:image\" content=\"https:\/\/media.nikkaluokta.com\/2016\/02\/MG_5672.jpg\" \/>\n\t<meta property=\"og:image:width\" content=\"1000\" \/>\n\t<meta property=\"og:image:height\" content=\"562\" \/>\n\t<meta property=\"og:image:type\" content=\"image\/jpeg\" \/>\n<meta name=\"twitter:card\" content=\"summary_large_image\" \/>\n<meta name=\"twitter:label1\" content=\"Est. reading time\" \/>\n\t<meta name=\"twitter:data1\" content=\"2 minutes\" \/>\n<script type=\"application\/ld+json\" class=\"yoast-schema-graph\">{\"@context\":\"https:\\\/\\\/schema.org\",\"@graph\":[{\"@type\":\"WebPage\",\"@id\":\"https:\\\/\\\/nikkaluokta.com\\\/en\\\/privacy-policy\",\"url\":\"https:\\\/\\\/nikkaluokta.com\\\/en\\\/privacy-policy\",\"name\":\"Privacy Policy - Nikkaluokta.com\",\"isPartOf\":{\"@id\":\"https:\\\/\\\/nikkaluokta.com\\\/de\\\/#website\"},\"datePublished\":\"2016-02-07T08:47:00+00:00\",\"dateModified\":\"2016-05-04T09:02:57+00:00\",\"breadcrumb\":{\"@id\":\"https:\\\/\\\/nikkaluokta.com\\\/en\\\/privacy-policy#breadcrumb\"},\"inLanguage\":\"en-US\",\"potentialAction\":[{\"@type\":\"ReadAction\",\"target\":[\"https:\\\/\\\/nikkaluokta.com\\\/en\\\/privacy-policy\"]}]},{\"@type\":\"BreadcrumbList\",\"@id\":\"https:\\\/\\\/nikkaluokta.com\\\/en\\\/privacy-policy#breadcrumb\",\"itemListElement\":[{\"@type\":\"ListItem\",\"position\":1,\"name\":\"Home\",\"item\":\"https:\\\/\\\/nikkaluokta.com\\\/en\"},{\"@type\":\"ListItem\",\"position\":2,\"name\":\"Privacy Policy\"}]},{\"@type\":\"WebSite\",\"@id\":\"https:\\\/\\\/nikkaluokta.com\\\/de\\\/#website\",\"url\":\"https:\\\/\\\/nikkaluokta.com\\\/de\\\/\",\"name\":\"Nikkaluokta.com\",\"description\":\"Gateway to the mountains\",\"publisher\":{\"@id\":\"https:\\\/\\\/nikkaluokta.com\\\/de\\\/#organization\"},\"potentialAction\":[{\"@type\":\"SearchAction\",\"target\":{\"@type\":\"EntryPoint\",\"urlTemplate\":\"https:\\\/\\\/nikkaluokta.com\\\/de\\\/?s={search_term_string}\"},\"query-input\":{\"@type\":\"PropertyValueSpecification\",\"valueRequired\":true,\"valueName\":\"search_term_string\"}}],\"inLanguage\":\"en-US\"},{\"@type\":\"Organization\",\"@id\":\"https:\\\/\\\/nikkaluokta.com\\\/de\\\/#organization\",\"name\":\"Nikkaluokta Sarri AB\",\"url\":\"https:\\\/\\\/nikkaluokta.com\\\/de\\\/\",\"logo\":{\"@type\":\"ImageObject\",\"inLanguage\":\"en-US\",\"@id\":\"https:\\\/\\\/nikkaluokta.com\\\/de\\\/#\\\/schema\\\/logo\\\/image\\\/\",\"url\":\"https:\\\/\\\/media.nikkaluokta.com\\\/2019\\\/01\\\/Nikkaluokta-transp-logo.png\",\"contentUrl\":\"https:\\\/\\\/media.nikkaluokta.com\\\/2019\\\/01\\\/Nikkaluokta-transp-logo.png\",\"width\":800,\"height\":149,\"caption\":\"Nikkaluokta Sarri AB\"},\"image\":{\"@id\":\"https:\\\/\\\/nikkaluokta.com\\\/de\\\/#\\\/schema\\\/logo\\\/image\\\/\"},\"sameAs\":[\"https:\\\/\\\/www.facebook.com\\\/Nikkaluoktasarri\\\/\",\"https:\\\/\\\/www.instagram.com\\\/nikkaluoktasarri\\\/\"]}]}<\/script>\n<!-- \/ Yoast SEO plugin. -->","yoast_head_json":{"title":"Privacy Policy - Nikkaluokta.com","robots":{"index":"index","follow":"follow","max-snippet":"max-snippet:-1","max-image-preview":"max-image-preview:large","max-video-preview":"max-video-preview:-1"},"canonical":"https:\/\/nikkaluokta.com\/en\/privacy-policy","og_locale":"en_US","og_type":"article","og_title":"Privacy Policy - Nikkaluokta.com","og_description":"Personuppgifter Nikkaluokta Sarri AB kommer inte att samla in n\u00e5gon personligt identifierbar information om dig via den h\u00e4r webbplatsen, till exempel namn, adress, telefonnummer eller e-postadresser, om du inte har l\u00e4mnat informationen till oss frivilligt. F\u00f6r att kunna besvara dina fr\u00e5gor eller uppfylla en beg\u00e4ran fr\u00e5n dig kan det vara n\u00f6dv\u00e4ndigt att fr\u00e5ga efter personlig","og_url":"https:\/\/nikkaluokta.com\/en\/privacy-policy","og_site_name":"Nikkaluokta.com","article_publisher":"https:\/\/www.facebook.com\/Nikkaluoktasarri\/","article_modified_time":"2016-05-04T09:02:57+00:00","og_image":[{"width":1000,"height":562,"url":"https:\/\/media.nikkaluokta.com\/2016\/02\/MG_5672.jpg","type":"image\/jpeg"}],"twitter_card":"summary_large_image","twitter_misc":{"Est. reading time":"2 minutes"},"schema":{"@context":"https:\/\/schema.org","@graph":[{"@type":"WebPage","@id":"https:\/\/nikkaluokta.com\/en\/privacy-policy","url":"https:\/\/nikkaluokta.com\/en\/privacy-policy","name":"Privacy Policy - Nikkaluokta.com","isPartOf":{"@id":"https:\/\/nikkaluokta.com\/de\/#website"},"datePublished":"2016-02-07T08:47:00+00:00","dateModified":"2016-05-04T09:02:57+00:00","breadcrumb":{"@id":"https:\/\/nikkaluokta.com\/en\/privacy-policy#breadcrumb"},"inLanguage":"en-US","potentialAction":[{"@type":"ReadAction","target":["https:\/\/nikkaluokta.com\/en\/privacy-policy"]}]},{"@type":"BreadcrumbList","@id":"https:\/\/nikkaluokta.com\/en\/privacy-policy#breadcrumb","itemListElement":[{"@type":"ListItem","position":1,"name":"Home","item":"https:\/\/nikkaluokta.com\/en"},{"@type":"ListItem","position":2,"name":"Privacy Policy"}]},{"@type":"WebSite","@id":"https:\/\/nikkaluokta.com\/de\/#website","url":"https:\/\/nikkaluokta.com\/de\/","name":"Nikkaluokta.com","description":"Gateway to the mountains","publisher":{"@id":"https:\/\/nikkaluokta.com\/de\/#organization"},"potentialAction":[{"@type":"SearchAction","target":{"@type":"EntryPoint","urlTemplate":"https:\/\/nikkaluokta.com\/de\/?s={search_term_string}"},"query-input":{"@type":"PropertyValueSpecification","valueRequired":true,"valueName":"search_term_string"}}],"inLanguage":"en-US"},{"@type":"Organization","@id":"https:\/\/nikkaluokta.com\/de\/#organization","name":"Nikkaluokta Sarri AB","url":"https:\/\/nikkaluokta.com\/de\/","logo":{"@type":"ImageObject","inLanguage":"en-US","@id":"https:\/\/nikkaluokta.com\/de\/#\/schema\/logo\/image\/","url":"https:\/\/media.nikkaluokta.com\/2019\/01\/Nikkaluokta-transp-logo.png","contentUrl":"https:\/\/media.nikkaluokta.com\/2019\/01\/Nikkaluokta-transp-logo.png","width":800,"height":149,"caption":"Nikkaluokta Sarri AB"},"image":{"@id":"https:\/\/nikkaluokta.com\/de\/#\/schema\/logo\/image\/"},"sameAs":["https:\/\/www.facebook.com\/Nikkaluoktasarri\/","https:\/\/www.instagram.com\/nikkaluoktasarri\/"]}]}},"_links":{"self":[{"href":"https:\/\/nikkaluokta.com\/en\/wp-json\/wp\/v2\/pages\/780","targetHints":{"allow":["GET"]}}],"collection":[{"href":"https:\/\/nikkaluokta.com\/en\/wp-json\/wp\/v2\/pages"}],"about":[{"href":"https:\/\/nikkaluokta.com\/en\/wp-json\/wp\/v2\/types\/page"}],"author":[{"embeddable":true,"href":"https:\/\/nikkaluokta.com\/en\/wp-json\/wp\/v2\/users\/1"}],"replies":[{"embeddable":true,"href":"https:\/\/nikkaluokta.com\/en\/wp-json\/wp\/v2\/comments?post=780"}],"version-history":[{"count":2,"href":"https:\/\/nikkaluokta.com\/en\/wp-json\/wp\/v2\/pages\/780\/revisions"}],"predecessor-version":[{"id":1325,"href":"https:\/\/nikkaluokta.com\/en\/wp-json\/wp\/v2\/pages\/780\/revisions\/1325"}],"wp:attachment":[{"href":"https:\/\/nikkaluokta.com\/en\/wp-json\/wp\/v2\/media?parent=780"}],"curies":[{"name":"wp","href":"https:\/\/api.w.org\/{rel}","templated":true}]}}