{"id":909,"date":"2016-02-12T19:59:00","date_gmt":"2016-02-12T18:59:00","guid":{"rendered":"http:\/\/nikkaluokta.com.loopiadns.com\/en\/?page_id=909"},"modified":"2016-12-18T09:18:16","modified_gmt":"2016-12-18T08:18:16","slug":"links","status":"publish","type":"page","link":"https:\/\/nikkaluokta.com\/en\/about-us\/links","title":{"rendered":"Links"},"content":{"rendered":"<h2><strong>Neighbours and good friends or companies we like to work with:<\/strong><\/h2>\n<p><a href=\"http:\/\/www.svenskaturistforeningen.se\/sv\/upptack\/Omraden\/Lappland\/Fjallstationer\/STF-Kebnekaise-Fjallstation\/?gclid=CLnJ3K3tqMkCFeQGcwodyLEMow\" target=\"_blank\">STF Kebnekaise Fj\u00e4llstation<\/a><\/p>\n<p><a href=\"http:\/\/www.kirunalapland.se\/se\/Om-Kiruna-Lappland\/Kiruna-Lappland-Ek-For\/Turistbyran\/\" target=\"_blank\">Kiruna Lappland <\/a>(Tourist informationen)<\/p>\n<p><a href=\"http:\/\/www.ofelas.se\/\" target=\"_blank\">Ofel\u00e1s<\/a> (horse riding and guided tours)<\/p>\n<p><a href=\"http:\/\/www.kallaxflyg.se\/\" target=\"_blank\">Kallax flyg<\/a>\u00a0(helicopter flights)<\/p>\n<p><a href=\"http:\/\/www.topoflappland.se\/\" target=\"_blank\">Ladtjojaure B\u00e5ttrafik HB<\/a>\u00a0(boat tours on lake Ladtjojaure)<\/p>\n<p><a href=\"http:\/\/www.alg-forskning.se\/\" target=\"_blank\">\u00c4lgforskning<\/a> (follow moose near Nikkaluokta)<\/p>\n<p><a href=\"http:\/\/www.nutti.se\/\" target=\"_blank\">Nutti S\u00e1mi Siida<\/a><\/p>\n<p><a href=\"http:\/\/www.girontravel.se\/\" target=\"_blank\">Giron Travel<\/a><\/p>\n<p><a href=\"http:\/\/gavpi.se\/\" target=\"_blank\">G\u00e1vpi<\/a><\/p>\n","protected":false},"excerpt":{"rendered":"<p>Neighbours and good friends or companies we like to work with: STF Kebnekaise Fj\u00e4llstation Kiruna Lappland (Tourist informationen) Ofel\u00e1s (horse riding and guided tours) Kallax flyg\u00a0(helicopter flights) Ladtjojaure B\u00e5ttrafik HB\u00a0(boat tours on lake Ladtjojaure) \u00c4lgforskning (follow moose near Nikkaluokta) Nutti S\u00e1mi Siida Giron Travel G\u00e1vpi<\/p>\n<a href=\"https:\/\/nikkaluokta.com\/en\/about-us\/links\" class=\"sohohotel-more-link\">Read More<i class=\"fa fa-angle-right\"><\/i><\/a>","protected":false},"author":1,"featured_media":0,"parent":280,"menu_order":3,"comment_status":"closed","ping_status":"closed","template":"","meta":{"footnotes":""},"class_list":["post-909","page","type-page","status-publish","hentry"],"yoast_head":"<!-- This site is optimized with the Yoast SEO plugin v27.4 - https:\/\/yoast.com\/product\/yoast-seo-wordpress\/ -->\n<title>Links - Nikkaluokta.com<\/title>\n<meta name=\"robots\" content=\"index, follow, max-snippet:-1, max-image-preview:large, max-video-preview:-1\" \/>\n<link rel=\"canonical\" href=\"https:\/\/nikkaluokta.com\/en\/about-us\/links\" \/>\n<meta property=\"og:locale\" content=\"en_US\" \/>\n<meta property=\"og:type\" content=\"article\" \/>\n<meta property=\"og:title\" content=\"Links - Nikkaluokta.com\" \/>\n<meta property=\"og:description\" content=\"Neighbours and good friends or companies we like to work with: STF Kebnekaise Fj\u00e4llstation Kiruna Lappland (Tourist informationen) Ofel\u00e1s (horse riding and guided tours) Kallax flyg\u00a0(helicopter flights) Ladtjojaure B\u00e5ttrafik HB\u00a0(boat tours on lake Ladtjojaure) \u00c4lgforskning (follow moose near Nikkaluokta) Nutti S\u00e1mi Siida Giron Travel G\u00e1vpi\" \/>\n<meta property=\"og:url\" content=\"https:\/\/nikkaluokta.com\/en\/about-us\/links\" \/>\n<meta property=\"og:site_name\" content=\"Nikkaluokta.com\" \/>\n<meta property=\"article:publisher\" content=\"https:\/\/www.facebook.com\/Nikkaluoktasarri\/\" \/>\n<meta property=\"article:modified_time\" content=\"2016-12-18T08:18:16+00:00\" \/>\n<meta property=\"og:image\" content=\"https:\/\/media.nikkaluokta.com\/2016\/02\/MG_5672.jpg\" \/>\n\t<meta property=\"og:image:width\" content=\"1000\" \/>\n\t<meta property=\"og:image:height\" content=\"562\" \/>\n\t<meta property=\"og:image:type\" content=\"image\/jpeg\" \/>\n<meta name=\"twitter:card\" content=\"summary_large_image\" \/>\n<script type=\"application\/ld+json\" class=\"yoast-schema-graph\">{\"@context\":\"https:\\\/\\\/schema.org\",\"@graph\":[{\"@type\":\"WebPage\",\"@id\":\"https:\\\/\\\/nikkaluokta.com\\\/en\\\/about-us\\\/links\",\"url\":\"https:\\\/\\\/nikkaluokta.com\\\/en\\\/about-us\\\/links\",\"name\":\"Links - Nikkaluokta.com\",\"isPartOf\":{\"@id\":\"https:\\\/\\\/nikkaluokta.com\\\/de\\\/#website\"},\"datePublished\":\"2016-02-12T18:59:00+00:00\",\"dateModified\":\"2016-12-18T08:18:16+00:00\",\"breadcrumb\":{\"@id\":\"https:\\\/\\\/nikkaluokta.com\\\/en\\\/about-us\\\/links#breadcrumb\"},\"inLanguage\":\"en-US\",\"potentialAction\":[{\"@type\":\"ReadAction\",\"target\":[\"https:\\\/\\\/nikkaluokta.com\\\/en\\\/about-us\\\/links\"]}]},{\"@type\":\"BreadcrumbList\",\"@id\":\"https:\\\/\\\/nikkaluokta.com\\\/en\\\/about-us\\\/links#breadcrumb\",\"itemListElement\":[{\"@type\":\"ListItem\",\"position\":1,\"name\":\"Home\",\"item\":\"https:\\\/\\\/nikkaluokta.com\\\/en\"},{\"@type\":\"ListItem\",\"position\":2,\"name\":\"About us\",\"item\":\"https:\\\/\\\/nikkaluokta.com\\\/en\\\/about-us\"},{\"@type\":\"ListItem\",\"position\":3,\"name\":\"Links\"}]},{\"@type\":\"WebSite\",\"@id\":\"https:\\\/\\\/nikkaluokta.com\\\/de\\\/#website\",\"url\":\"https:\\\/\\\/nikkaluokta.com\\\/de\\\/\",\"name\":\"Nikkaluokta.com\",\"description\":\"Gateway to the mountains\",\"publisher\":{\"@id\":\"https:\\\/\\\/nikkaluokta.com\\\/de\\\/#organization\"},\"potentialAction\":[{\"@type\":\"SearchAction\",\"target\":{\"@type\":\"EntryPoint\",\"urlTemplate\":\"https:\\\/\\\/nikkaluokta.com\\\/de\\\/?s={search_term_string}\"},\"query-input\":{\"@type\":\"PropertyValueSpecification\",\"valueRequired\":true,\"valueName\":\"search_term_string\"}}],\"inLanguage\":\"en-US\"},{\"@type\":\"Organization\",\"@id\":\"https:\\\/\\\/nikkaluokta.com\\\/de\\\/#organization\",\"name\":\"Nikkaluokta Sarri AB\",\"url\":\"https:\\\/\\\/nikkaluokta.com\\\/de\\\/\",\"logo\":{\"@type\":\"ImageObject\",\"inLanguage\":\"en-US\",\"@id\":\"https:\\\/\\\/nikkaluokta.com\\\/de\\\/#\\\/schema\\\/logo\\\/image\\\/\",\"url\":\"https:\\\/\\\/media.nikkaluokta.com\\\/2019\\\/01\\\/Nikkaluokta-transp-logo.png\",\"contentUrl\":\"https:\\\/\\\/media.nikkaluokta.com\\\/2019\\\/01\\\/Nikkaluokta-transp-logo.png\",\"width\":800,\"height\":149,\"caption\":\"Nikkaluokta Sarri AB\"},\"image\":{\"@id\":\"https:\\\/\\\/nikkaluokta.com\\\/de\\\/#\\\/schema\\\/logo\\\/image\\\/\"},\"sameAs\":[\"https:\\\/\\\/www.facebook.com\\\/Nikkaluoktasarri\\\/\",\"https:\\\/\\\/www.instagram.com\\\/nikkaluoktasarri\\\/\"]}]}<\/script>\n<!-- \/ Yoast SEO plugin. -->","yoast_head_json":{"title":"Links - Nikkaluokta.com","robots":{"index":"index","follow":"follow","max-snippet":"max-snippet:-1","max-image-preview":"max-image-preview:large","max-video-preview":"max-video-preview:-1"},"canonical":"https:\/\/nikkaluokta.com\/en\/about-us\/links","og_locale":"en_US","og_type":"article","og_title":"Links - Nikkaluokta.com","og_description":"Neighbours and good friends or companies we like to work with: STF Kebnekaise Fj\u00e4llstation Kiruna Lappland (Tourist informationen) Ofel\u00e1s (horse riding and guided tours) Kallax flyg\u00a0(helicopter flights) Ladtjojaure B\u00e5ttrafik HB\u00a0(boat tours on lake Ladtjojaure) \u00c4lgforskning (follow moose near Nikkaluokta) Nutti S\u00e1mi Siida Giron Travel G\u00e1vpi","og_url":"https:\/\/nikkaluokta.com\/en\/about-us\/links","og_site_name":"Nikkaluokta.com","article_publisher":"https:\/\/www.facebook.com\/Nikkaluoktasarri\/","article_modified_time":"2016-12-18T08:18:16+00:00","og_image":[{"width":1000,"height":562,"url":"https:\/\/media.nikkaluokta.com\/2016\/02\/MG_5672.jpg","type":"image\/jpeg"}],"twitter_card":"summary_large_image","schema":{"@context":"https:\/\/schema.org","@graph":[{"@type":"WebPage","@id":"https:\/\/nikkaluokta.com\/en\/about-us\/links","url":"https:\/\/nikkaluokta.com\/en\/about-us\/links","name":"Links - Nikkaluokta.com","isPartOf":{"@id":"https:\/\/nikkaluokta.com\/de\/#website"},"datePublished":"2016-02-12T18:59:00+00:00","dateModified":"2016-12-18T08:18:16+00:00","breadcrumb":{"@id":"https:\/\/nikkaluokta.com\/en\/about-us\/links#breadcrumb"},"inLanguage":"en-US","potentialAction":[{"@type":"ReadAction","target":["https:\/\/nikkaluokta.com\/en\/about-us\/links"]}]},{"@type":"BreadcrumbList","@id":"https:\/\/nikkaluokta.com\/en\/about-us\/links#breadcrumb","itemListElement":[{"@type":"ListItem","position":1,"name":"Home","item":"https:\/\/nikkaluokta.com\/en"},{"@type":"ListItem","position":2,"name":"About us","item":"https:\/\/nikkaluokta.com\/en\/about-us"},{"@type":"ListItem","position":3,"name":"Links"}]},{"@type":"WebSite","@id":"https:\/\/nikkaluokta.com\/de\/#website","url":"https:\/\/nikkaluokta.com\/de\/","name":"Nikkaluokta.com","description":"Gateway to the mountains","publisher":{"@id":"https:\/\/nikkaluokta.com\/de\/#organization"},"potentialAction":[{"@type":"SearchAction","target":{"@type":"EntryPoint","urlTemplate":"https:\/\/nikkaluokta.com\/de\/?s={search_term_string}"},"query-input":{"@type":"PropertyValueSpecification","valueRequired":true,"valueName":"search_term_string"}}],"inLanguage":"en-US"},{"@type":"Organization","@id":"https:\/\/nikkaluokta.com\/de\/#organization","name":"Nikkaluokta Sarri AB","url":"https:\/\/nikkaluokta.com\/de\/","logo":{"@type":"ImageObject","inLanguage":"en-US","@id":"https:\/\/nikkaluokta.com\/de\/#\/schema\/logo\/image\/","url":"https:\/\/media.nikkaluokta.com\/2019\/01\/Nikkaluokta-transp-logo.png","contentUrl":"https:\/\/media.nikkaluokta.com\/2019\/01\/Nikkaluokta-transp-logo.png","width":800,"height":149,"caption":"Nikkaluokta Sarri AB"},"image":{"@id":"https:\/\/nikkaluokta.com\/de\/#\/schema\/logo\/image\/"},"sameAs":["https:\/\/www.facebook.com\/Nikkaluoktasarri\/","https:\/\/www.instagram.com\/nikkaluoktasarri\/"]}]}},"_links":{"self":[{"href":"https:\/\/nikkaluokta.com\/en\/wp-json\/wp\/v2\/pages\/909","targetHints":{"allow":["GET"]}}],"collection":[{"href":"https:\/\/nikkaluokta.com\/en\/wp-json\/wp\/v2\/pages"}],"about":[{"href":"https:\/\/nikkaluokta.com\/en\/wp-json\/wp\/v2\/types\/page"}],"author":[{"embeddable":true,"href":"https:\/\/nikkaluokta.com\/en\/wp-json\/wp\/v2\/users\/1"}],"replies":[{"embeddable":true,"href":"https:\/\/nikkaluokta.com\/en\/wp-json\/wp\/v2\/comments?post=909"}],"version-history":[{"count":4,"href":"https:\/\/nikkaluokta.com\/en\/wp-json\/wp\/v2\/pages\/909\/revisions"}],"predecessor-version":[{"id":1312,"href":"https:\/\/nikkaluokta.com\/en\/wp-json\/wp\/v2\/pages\/909\/revisions\/1312"}],"up":[{"embeddable":true,"href":"https:\/\/nikkaluokta.com\/en\/wp-json\/wp\/v2\/pages\/280"}],"wp:attachment":[{"href":"https:\/\/nikkaluokta.com\/en\/wp-json\/wp\/v2\/media?parent=909"}],"curies":[{"name":"wp","href":"https:\/\/api.w.org\/{rel}","templated":true}]}}